{"id":8757,"date":"2024-10-21T10:54:53","date_gmt":"2024-10-21T10:54:53","guid":{"rendered":"https:\/\/store.myst.gr\/?post_type=product&#038;p=8757"},"modified":"2026-03-26T07:24:47","modified_gmt":"2026-03-26T07:24:47","slug":"steaks-ribs","status":"publish","type":"product","link":"https:\/\/store.myst.gr\/de\/product\/steaks-ribs\/","title":{"rendered":"Steaks &amp; Ribs | Kaffee-Gew\u00fcrzmischung von D. Kotsivos"},"content":{"rendered":"<p>Die<strong> Steaks &amp; Ribs Gew\u00fcrzmischun<\/strong> von Chefkoch <strong>D. Kotsivos<\/strong> zeichnet sich durch ihr innovatives Rezept aus, das Espresso-Kaffee enth\u00e4lt. Die Verwendung von Kaffee in Marinaden und Gew\u00fcrzmischungen ist ungew\u00f6hnlich, verleiht dem Fleisch jedoch eine einzigartige Geschmacksnote und aromatische Intensit\u00e4t.<\/p>\n<p>Espresso-Kaffee tr\u00e4gt zu einem reichhaltigen, erdigen Geschmack mit leichten Rauchnoten bei und verst\u00e4rkt gleichzeitig den nat\u00fcrlichen Fleischgeschmack. In Kombination mit braunem Zucker, ger\u00e4uchertem Paprika und Gew\u00fcrzen verleiht der Kaffee Tiefe und eine bitters\u00fc\u00dfe Note, die die anderen Zutaten ausgleicht.<\/p>\n<p>Dieser innovative Ansatz macht die Mischung ideal f\u00fcr Fleisch, das bei hohen Temperaturen gegart wird, da sie hilft, eine knusprige Kruste und ein reiches Aroma zu erzeugen.<\/p>\n<p><strong>Zutaten :<\/strong> Espresso-Kaffee <strong>(20%<\/strong>), Salz <strong>(20%)<\/strong>, brauner Zucker<strong> (18%)<\/strong>, Zedernholz, Sumach, s\u00fc\u00dfer &amp; ger\u00e4ucherter Paprika, Piment, Senfpulver.<\/p>\n<p><strong>Anweisungen: <\/strong>Reiben oder streuen Sie die Mischung \u00fcber Ihr Fleisch, verwenden Sie 1 Essl\u00f6ffel (10g) pro 1 kg Fleisch. Lassen Sie es mindestens 15 Minuten einwirken, bevor Sie es garen.<\/p>\n<p><strong>Deklaration von Allergenen<\/strong><\/p>\n<p>Wir verstehen die Bedeutung von Nahrungsmittelallergien und Nahrungs-empfindlichkeiten und werden diese Zutaten immer auf unserem Etikett in den Angaben aller Zutaten bekanntgeben - sie werden niemals unter den Worten \"Gew\u00fcrze\" oder \"nat\u00fcrliche Aromen\" versteckt:<\/p>\n<p>F\u00fcr die aktuellsten Informationen zu Allergenen und N\u00e4hrstoffen ist es wichtig, beim Kauf die Inhaltsstoffangabe auf der Verpackung zu lesen.<\/p>","protected":false},"excerpt":{"rendered":"<p>Verleihen Sie Ihren Fleischgerichten einen intensiven Geschmack mit der einzigartigen Steaks &amp; Ribs Gew\u00fcrzmischung von Chefkoch D. Kotsivos. Speziell f\u00fcr gegrilltes Fleisch entwickelt, liefert sie ein reiches Aroma und einen vollen Geschmack, egal ob Sie in der Pfanne oder auf dem Grill kochen.<\/p>\n<p><strong>Kapazit\u00e4t : e 100g<\/strong><\/p>\n<p>Perfekt, um jedem Fleisch Tiefe und K\u00f6stlichkeit zu verleihen!<\/p>\n<p><strong>Die besten Produkte aus Griechenland direkt auf Ihren Tisch geliefert und kostenloser Versand bei Bestellungen \u00fcber 120 \u20ac innerhalb Europas.<\/strong><\/p>","protected":false},"featured_media":11683,"template":"","meta":{"_acf_changed":false,"inline_featured_image":false},"product_cat":[626,539,15],"product_tag":[323,651,613],"class_list":{"0":"post-8757","1":"product","2":"type-product","3":"status-publish","4":"has-post-thumbnail","6":"product_cat-seasonings","7":"product_cat-mixedherbs","8":"product_cat-vall","9":"product_tag-cataloguejuly","10":"product_tag-retail","11":"product_tag-spices","13":"first","14":"instock","15":"taxable","16":"shipping-taxable","17":"purchasable","18":"product-type-simple"},"acf":[],"yoast_head":"<!-- This site is optimized with the Yoast SEO plugin v27.4 - https:\/\/yoast.com\/product\/yoast-seo-wordpress\/ -->\n<title>Steaks &amp; Ribs | \u039c\u03b5\u03af\u03b3\u03bc\u03b1 \u03b3\u03b9\u03b1 \u039a\u03c1\u03ad\u03b1\u03c4\u03b1 \u03b1\u03c0\u03bf \u03c4\u03bf\u03bd \u0394. \u039a\u03bf\u03c4\u03c3\u03b9\u03b2\u03cc<\/title>\n<meta name=\"description\" content=\"\u0391\u03bd\u03b1\u03b2\u03b1\u03b8\u03bc\u03af\u03c3\u03c4\u03b5 \u03c4\u03b7 \u03b3\u03b5\u03cd\u03c3\u03b7 \u03c4\u03c9\u03bd \u03ba\u03c1\u03b5\u03ac\u03c4\u03c9\u03bd \u03c3\u03b1\u03c2 \u03bc\u03b5 \u03c4\u03bf \u03bc\u03bf\u03bd\u03b1\u03b4\u03b9\u03ba\u03cc \u03bc\u03b5\u03af\u03b3\u03bc\u03b1 \u03bc\u03c0\u03b1\u03c7\u03b1\u03c1\u03b9\u03ba\u03ce\u03bd Steaks &amp; Ribs \u03b1\u03c0\u03cc \u03c4\u03bf\u03bd \u03c3\u03b5\u03c6 \u0394. \u039a\u03bf\u03c4\u03c3\u03b9\u03b2\u03cc. \u0395\u03b9\u03b4\u03b9\u03ba\u03ac \u03c3\u03c7\u03b5\u03b4\u03b9\u03b1\u03c3\u03bc\u03ad\u03bd\u03bf \u03b3\u03b9\u03b1 \u03c8\u03b7\u03c4\u03ac \u03ba\u03c1\u03ad\u03b1\u03c4\u03b1, \u03c0\u03c1\u03bf\u03c3\u03b4\u03af\u03b4\u03b5\u03b9\" \/>\n<meta name=\"robots\" content=\"index, follow, max-snippet:-1, max-image-preview:large, max-video-preview:-1\" \/>\n<link rel=\"canonical\" href=\"https:\/\/store.myst.gr\/de\/produkt\/steaks-ribs\/\" \/>\n<meta property=\"og:locale\" content=\"de_DE\" \/>\n<meta property=\"og:type\" content=\"article\" \/>\n<meta property=\"og:title\" content=\"Steaks &amp; Ribs | \u039c\u03b5\u03af\u03b3\u03bc\u03b1 \u03b3\u03b9\u03b1 \u039a\u03c1\u03ad\u03b1\u03c4\u03b1 \u03b1\u03c0\u03bf \u03c4\u03bf\u03bd \u0394. \u039a\u03bf\u03c4\u03c3\u03b9\u03b2\u03cc\" \/>\n<meta property=\"og:description\" content=\"\u0391\u03bd\u03b1\u03b2\u03b1\u03b8\u03bc\u03af\u03c3\u03c4\u03b5 \u03c4\u03b7 \u03b3\u03b5\u03cd\u03c3\u03b7 \u03c4\u03c9\u03bd \u03ba\u03c1\u03b5\u03ac\u03c4\u03c9\u03bd \u03c3\u03b1\u03c2 \u03bc\u03b5 \u03c4\u03bf \u03bc\u03bf\u03bd\u03b1\u03b4\u03b9\u03ba\u03cc \u03bc\u03b5\u03af\u03b3\u03bc\u03b1 \u03bc\u03c0\u03b1\u03c7\u03b1\u03c1\u03b9\u03ba\u03ce\u03bd Steaks &amp; Ribs \u03b1\u03c0\u03cc \u03c4\u03bf\u03bd \u03c3\u03b5\u03c6 \u0394. \u039a\u03bf\u03c4\u03c3\u03b9\u03b2\u03cc. \u0395\u03b9\u03b4\u03b9\u03ba\u03ac \u03c3\u03c7\u03b5\u03b4\u03b9\u03b1\u03c3\u03bc\u03ad\u03bd\u03bf \u03b3\u03b9\u03b1 \u03c8\u03b7\u03c4\u03ac \u03ba\u03c1\u03ad\u03b1\u03c4\u03b1, \u03c0\u03c1\u03bf\u03c3\u03b4\u03af\u03b4\u03b5\u03b9\" \/>\n<meta property=\"og:url\" content=\"https:\/\/store.myst.gr\/de\/produkt\/steaks-ribs\/\" \/>\n<meta property=\"og:site_name\" content=\"MYST\" \/>\n<meta property=\"article:publisher\" content=\"https:\/\/www.facebook.com\/mystfood\" \/>\n<meta property=\"article:modified_time\" content=\"2026-03-26T07:24:47+00:00\" \/>\n<meta property=\"og:image\" content=\"https:\/\/store.myst.gr\/wp-content\/uploads\/2021\/08\/Steak-and-Ribs-Spice.webp\" \/>\n\t<meta property=\"og:image:width\" content=\"1000\" \/>\n\t<meta property=\"og:image:height\" content=\"1000\" \/>\n\t<meta property=\"og:image:type\" content=\"image\/webp\" \/>\n<meta name=\"twitter:card\" content=\"summary_large_image\" \/>\n<meta name=\"twitter:label1\" content=\"Gesch\u00e4tzte Lesezeit\" \/>\n\t<meta name=\"twitter:data1\" content=\"2\u00a0Minuten\" \/>\n<script type=\"application\/ld+json\" class=\"yoast-schema-graph\">{\"@context\":\"https:\\\/\\\/schema.org\",\"@graph\":[{\"@type\":\"WebPage\",\"@id\":\"https:\\\/\\\/store.myst.gr\\\/product\\\/steaks-ribs\\\/\",\"url\":\"https:\\\/\\\/store.myst.gr\\\/product\\\/steaks-ribs\\\/\",\"name\":\"Steaks & Ribs | \u039c\u03b5\u03af\u03b3\u03bc\u03b1 \u03b3\u03b9\u03b1 \u039a\u03c1\u03ad\u03b1\u03c4\u03b1 \u03b1\u03c0\u03bf \u03c4\u03bf\u03bd \u0394. \u039a\u03bf\u03c4\u03c3\u03b9\u03b2\u03cc\",\"isPartOf\":{\"@id\":\"https:\\\/\\\/store.myst.gr\\\/#website\"},\"primaryImageOfPage\":{\"@id\":\"https:\\\/\\\/store.myst.gr\\\/product\\\/steaks-ribs\\\/#primaryimage\"},\"image\":{\"@id\":\"https:\\\/\\\/store.myst.gr\\\/product\\\/steaks-ribs\\\/#primaryimage\"},\"thumbnailUrl\":\"https:\\\/\\\/store.myst.gr\\\/wp-content\\\/uploads\\\/2021\\\/08\\\/Steak-and-Ribs-Spice.webp\",\"datePublished\":\"2024-10-21T10:54:53+00:00\",\"dateModified\":\"2026-03-26T07:24:47+00:00\",\"description\":\"\u0391\u03bd\u03b1\u03b2\u03b1\u03b8\u03bc\u03af\u03c3\u03c4\u03b5 \u03c4\u03b7 \u03b3\u03b5\u03cd\u03c3\u03b7 \u03c4\u03c9\u03bd \u03ba\u03c1\u03b5\u03ac\u03c4\u03c9\u03bd \u03c3\u03b1\u03c2 \u03bc\u03b5 \u03c4\u03bf \u03bc\u03bf\u03bd\u03b1\u03b4\u03b9\u03ba\u03cc \u03bc\u03b5\u03af\u03b3\u03bc\u03b1 \u03bc\u03c0\u03b1\u03c7\u03b1\u03c1\u03b9\u03ba\u03ce\u03bd Steaks & Ribs \u03b1\u03c0\u03cc \u03c4\u03bf\u03bd \u03c3\u03b5\u03c6 \u0394. \u039a\u03bf\u03c4\u03c3\u03b9\u03b2\u03cc. \u0395\u03b9\u03b4\u03b9\u03ba\u03ac \u03c3\u03c7\u03b5\u03b4\u03b9\u03b1\u03c3\u03bc\u03ad\u03bd\u03bf \u03b3\u03b9\u03b1 \u03c8\u03b7\u03c4\u03ac \u03ba\u03c1\u03ad\u03b1\u03c4\u03b1, \u03c0\u03c1\u03bf\u03c3\u03b4\u03af\u03b4\u03b5\u03b9\",\"breadcrumb\":{\"@id\":\"https:\\\/\\\/store.myst.gr\\\/product\\\/steaks-ribs\\\/#breadcrumb\"},\"inLanguage\":\"de\",\"potentialAction\":[{\"@type\":\"ReadAction\",\"target\":[\"https:\\\/\\\/store.myst.gr\\\/product\\\/steaks-ribs\\\/\"]}]},{\"@type\":\"ImageObject\",\"inLanguage\":\"de\",\"@id\":\"https:\\\/\\\/store.myst.gr\\\/product\\\/steaks-ribs\\\/#primaryimage\",\"url\":\"https:\\\/\\\/store.myst.gr\\\/wp-content\\\/uploads\\\/2021\\\/08\\\/Steak-and-Ribs-Spice.webp\",\"contentUrl\":\"https:\\\/\\\/store.myst.gr\\\/wp-content\\\/uploads\\\/2021\\\/08\\\/Steak-and-Ribs-Spice.webp\",\"width\":1000,\"height\":1000},{\"@type\":\"BreadcrumbList\",\"@id\":\"https:\\\/\\\/store.myst.gr\\\/product\\\/steaks-ribs\\\/#breadcrumb\",\"itemListElement\":[{\"@type\":\"ListItem\",\"position\":1,\"name\":\"Home\",\"item\":\"https:\\\/\\\/store.myst.gr\\\/\"},{\"@type\":\"ListItem\",\"position\":2,\"name\":\"Shop\",\"item\":\"https:\\\/\\\/store.myst.gr\\\/\"},{\"@type\":\"ListItem\",\"position\":3,\"name\":\"Steaks &#038; Ribs | \u039c\u03b5\u03af\u03b3\u03bc\u03b1 \u03b3\u03b9\u03b1 \u039a\u03c1\u03ad\u03b1\u03c4\u03b1 \u03b1\u03c0\u03bf \u03c4\u03bf\u03bd \u0394. \u039a\u03bf\u03c4\u03c3\u03b9\u03b2\u03cc\"}]},{\"@type\":\"WebSite\",\"@id\":\"https:\\\/\\\/store.myst.gr\\\/#website\",\"url\":\"https:\\\/\\\/store.myst.gr\\\/\",\"name\":\"Myst\",\"description\":\"\u0391\u03bd\u03b1\u03ba\u03b1\u03bb\u03cd\u03c8\u03c4\u03b5 \u03c4\u03b9\u03c2 \u03b3\u03b5\u03cd\u03c3\u03b5\u03b9\u03c2 \u03c4\u03b7\u03c2 \u0395\u03bb\u03bb\u03ac\u03b4\u03b1\u03c2\",\"publisher\":{\"@id\":\"https:\\\/\\\/store.myst.gr\\\/#organization\"},\"potentialAction\":[{\"@type\":\"SearchAction\",\"target\":{\"@type\":\"EntryPoint\",\"urlTemplate\":\"https:\\\/\\\/store.myst.gr\\\/?s={search_term_string}\"},\"query-input\":{\"@type\":\"PropertyValueSpecification\",\"valueRequired\":true,\"valueName\":\"search_term_string\"}}],\"inLanguage\":\"de\"},{\"@type\":\"Organization\",\"@id\":\"https:\\\/\\\/store.myst.gr\\\/#organization\",\"name\":\"MYST\",\"url\":\"https:\\\/\\\/store.myst.gr\\\/\",\"logo\":{\"@type\":\"ImageObject\",\"inLanguage\":\"de\",\"@id\":\"https:\\\/\\\/store.myst.gr\\\/#\\\/schema\\\/logo\\\/image\\\/\",\"url\":\"https:\\\/\\\/store.myst.gr\\\/wp-content\\\/uploads\\\/2024\\\/12\\\/myst-logo-str.svg\",\"contentUrl\":\"https:\\\/\\\/store.myst.gr\\\/wp-content\\\/uploads\\\/2024\\\/12\\\/myst-logo-str.svg\",\"width\":193,\"height\":53,\"caption\":\"MYST\"},\"image\":{\"@id\":\"https:\\\/\\\/store.myst.gr\\\/#\\\/schema\\\/logo\\\/image\\\/\"},\"sameAs\":[\"https:\\\/\\\/www.facebook.com\\\/mystfood\",\"https:\\\/\\\/www.instagram.com\\\/mystcompany\\\/\"]}]}<\/script>\n<!-- \/ Yoast SEO plugin. -->","yoast_head_json":{"title":"Steaks & Ribs | \u039c\u03b5\u03af\u03b3\u03bc\u03b1 \u03b3\u03b9\u03b1 \u039a\u03c1\u03ad\u03b1\u03c4\u03b1 \u03b1\u03c0\u03bf \u03c4\u03bf\u03bd \u0394. \u039a\u03bf\u03c4\u03c3\u03b9\u03b2\u03cc","description":"\u0391\u03bd\u03b1\u03b2\u03b1\u03b8\u03bc\u03af\u03c3\u03c4\u03b5 \u03c4\u03b7 \u03b3\u03b5\u03cd\u03c3\u03b7 \u03c4\u03c9\u03bd \u03ba\u03c1\u03b5\u03ac\u03c4\u03c9\u03bd \u03c3\u03b1\u03c2 \u03bc\u03b5 \u03c4\u03bf \u03bc\u03bf\u03bd\u03b1\u03b4\u03b9\u03ba\u03cc \u03bc\u03b5\u03af\u03b3\u03bc\u03b1 \u03bc\u03c0\u03b1\u03c7\u03b1\u03c1\u03b9\u03ba\u03ce\u03bd Steaks & Ribs \u03b1\u03c0\u03cc \u03c4\u03bf\u03bd \u03c3\u03b5\u03c6 \u0394. \u039a\u03bf\u03c4\u03c3\u03b9\u03b2\u03cc. \u0395\u03b9\u03b4\u03b9\u03ba\u03ac \u03c3\u03c7\u03b5\u03b4\u03b9\u03b1\u03c3\u03bc\u03ad\u03bd\u03bf \u03b3\u03b9\u03b1 \u03c8\u03b7\u03c4\u03ac \u03ba\u03c1\u03ad\u03b1\u03c4\u03b1, \u03c0\u03c1\u03bf\u03c3\u03b4\u03af\u03b4\u03b5\u03b9","robots":{"index":"index","follow":"follow","max-snippet":"max-snippet:-1","max-image-preview":"max-image-preview:large","max-video-preview":"max-video-preview:-1"},"canonical":"https:\/\/store.myst.gr\/de\/produkt\/steaks-ribs\/","og_locale":"de_DE","og_type":"article","og_title":"Steaks & Ribs | \u039c\u03b5\u03af\u03b3\u03bc\u03b1 \u03b3\u03b9\u03b1 \u039a\u03c1\u03ad\u03b1\u03c4\u03b1 \u03b1\u03c0\u03bf \u03c4\u03bf\u03bd \u0394. \u039a\u03bf\u03c4\u03c3\u03b9\u03b2\u03cc","og_description":"\u0391\u03bd\u03b1\u03b2\u03b1\u03b8\u03bc\u03af\u03c3\u03c4\u03b5 \u03c4\u03b7 \u03b3\u03b5\u03cd\u03c3\u03b7 \u03c4\u03c9\u03bd \u03ba\u03c1\u03b5\u03ac\u03c4\u03c9\u03bd \u03c3\u03b1\u03c2 \u03bc\u03b5 \u03c4\u03bf \u03bc\u03bf\u03bd\u03b1\u03b4\u03b9\u03ba\u03cc \u03bc\u03b5\u03af\u03b3\u03bc\u03b1 \u03bc\u03c0\u03b1\u03c7\u03b1\u03c1\u03b9\u03ba\u03ce\u03bd Steaks & Ribs \u03b1\u03c0\u03cc \u03c4\u03bf\u03bd \u03c3\u03b5\u03c6 \u0394. \u039a\u03bf\u03c4\u03c3\u03b9\u03b2\u03cc. \u0395\u03b9\u03b4\u03b9\u03ba\u03ac \u03c3\u03c7\u03b5\u03b4\u03b9\u03b1\u03c3\u03bc\u03ad\u03bd\u03bf \u03b3\u03b9\u03b1 \u03c8\u03b7\u03c4\u03ac \u03ba\u03c1\u03ad\u03b1\u03c4\u03b1, \u03c0\u03c1\u03bf\u03c3\u03b4\u03af\u03b4\u03b5\u03b9","og_url":"https:\/\/store.myst.gr\/de\/produkt\/steaks-ribs\/","og_site_name":"MYST","article_publisher":"https:\/\/www.facebook.com\/mystfood","article_modified_time":"2026-03-26T07:24:47+00:00","og_image":[{"width":1000,"height":1000,"url":"https:\/\/store.myst.gr\/wp-content\/uploads\/2021\/08\/Steak-and-Ribs-Spice.webp","type":"image\/webp"}],"twitter_card":"summary_large_image","twitter_misc":{"Gesch\u00e4tzte Lesezeit":"2\u00a0Minuten"},"schema":{"@context":"https:\/\/schema.org","@graph":[{"@type":"WebPage","@id":"https:\/\/store.myst.gr\/product\/steaks-ribs\/","url":"https:\/\/store.myst.gr\/product\/steaks-ribs\/","name":"Steaks & Ribs | \u039c\u03b5\u03af\u03b3\u03bc\u03b1 \u03b3\u03b9\u03b1 \u039a\u03c1\u03ad\u03b1\u03c4\u03b1 \u03b1\u03c0\u03bf \u03c4\u03bf\u03bd \u0394. \u039a\u03bf\u03c4\u03c3\u03b9\u03b2\u03cc","isPartOf":{"@id":"https:\/\/store.myst.gr\/#website"},"primaryImageOfPage":{"@id":"https:\/\/store.myst.gr\/product\/steaks-ribs\/#primaryimage"},"image":{"@id":"https:\/\/store.myst.gr\/product\/steaks-ribs\/#primaryimage"},"thumbnailUrl":"https:\/\/store.myst.gr\/wp-content\/uploads\/2021\/08\/Steak-and-Ribs-Spice.webp","datePublished":"2024-10-21T10:54:53+00:00","dateModified":"2026-03-26T07:24:47+00:00","description":"\u0391\u03bd\u03b1\u03b2\u03b1\u03b8\u03bc\u03af\u03c3\u03c4\u03b5 \u03c4\u03b7 \u03b3\u03b5\u03cd\u03c3\u03b7 \u03c4\u03c9\u03bd \u03ba\u03c1\u03b5\u03ac\u03c4\u03c9\u03bd \u03c3\u03b1\u03c2 \u03bc\u03b5 \u03c4\u03bf \u03bc\u03bf\u03bd\u03b1\u03b4\u03b9\u03ba\u03cc \u03bc\u03b5\u03af\u03b3\u03bc\u03b1 \u03bc\u03c0\u03b1\u03c7\u03b1\u03c1\u03b9\u03ba\u03ce\u03bd Steaks & Ribs \u03b1\u03c0\u03cc \u03c4\u03bf\u03bd \u03c3\u03b5\u03c6 \u0394. \u039a\u03bf\u03c4\u03c3\u03b9\u03b2\u03cc. \u0395\u03b9\u03b4\u03b9\u03ba\u03ac \u03c3\u03c7\u03b5\u03b4\u03b9\u03b1\u03c3\u03bc\u03ad\u03bd\u03bf \u03b3\u03b9\u03b1 \u03c8\u03b7\u03c4\u03ac \u03ba\u03c1\u03ad\u03b1\u03c4\u03b1, \u03c0\u03c1\u03bf\u03c3\u03b4\u03af\u03b4\u03b5\u03b9","breadcrumb":{"@id":"https:\/\/store.myst.gr\/product\/steaks-ribs\/#breadcrumb"},"inLanguage":"de","potentialAction":[{"@type":"ReadAction","target":["https:\/\/store.myst.gr\/product\/steaks-ribs\/"]}]},{"@type":"ImageObject","inLanguage":"de","@id":"https:\/\/store.myst.gr\/product\/steaks-ribs\/#primaryimage","url":"https:\/\/store.myst.gr\/wp-content\/uploads\/2021\/08\/Steak-and-Ribs-Spice.webp","contentUrl":"https:\/\/store.myst.gr\/wp-content\/uploads\/2021\/08\/Steak-and-Ribs-Spice.webp","width":1000,"height":1000},{"@type":"BreadcrumbList","@id":"https:\/\/store.myst.gr\/product\/steaks-ribs\/#breadcrumb","itemListElement":[{"@type":"ListItem","position":1,"name":"Home","item":"https:\/\/store.myst.gr\/"},{"@type":"ListItem","position":2,"name":"Shop","item":"https:\/\/store.myst.gr\/"},{"@type":"ListItem","position":3,"name":"Steaks &#038; Ribs | \u039c\u03b5\u03af\u03b3\u03bc\u03b1 \u03b3\u03b9\u03b1 \u039a\u03c1\u03ad\u03b1\u03c4\u03b1 \u03b1\u03c0\u03bf \u03c4\u03bf\u03bd \u0394. \u039a\u03bf\u03c4\u03c3\u03b9\u03b2\u03cc"}]},{"@type":"WebSite","@id":"https:\/\/store.myst.gr\/#website","url":"https:\/\/store.myst.gr\/","name":"Myst","description":"\u0391\u03bd\u03b1\u03ba\u03b1\u03bb\u03cd\u03c8\u03c4\u03b5 \u03c4\u03b9\u03c2 \u03b3\u03b5\u03cd\u03c3\u03b5\u03b9\u03c2 \u03c4\u03b7\u03c2 \u0395\u03bb\u03bb\u03ac\u03b4\u03b1\u03c2","publisher":{"@id":"https:\/\/store.myst.gr\/#organization"},"potentialAction":[{"@type":"SearchAction","target":{"@type":"EntryPoint","urlTemplate":"https:\/\/store.myst.gr\/?s={search_term_string}"},"query-input":{"@type":"PropertyValueSpecification","valueRequired":true,"valueName":"search_term_string"}}],"inLanguage":"de"},{"@type":"Organization","@id":"https:\/\/store.myst.gr\/#organization","name":"MYST","url":"https:\/\/store.myst.gr\/","logo":{"@type":"ImageObject","inLanguage":"de","@id":"https:\/\/store.myst.gr\/#\/schema\/logo\/image\/","url":"https:\/\/store.myst.gr\/wp-content\/uploads\/2024\/12\/myst-logo-str.svg","contentUrl":"https:\/\/store.myst.gr\/wp-content\/uploads\/2024\/12\/myst-logo-str.svg","width":193,"height":53,"caption":"MYST"},"image":{"@id":"https:\/\/store.myst.gr\/#\/schema\/logo\/image\/"},"sameAs":["https:\/\/www.facebook.com\/mystfood","https:\/\/www.instagram.com\/mystcompany\/"]}]}},"_links":{"self":[{"href":"https:\/\/store.myst.gr\/de\/wp-json\/wp\/v2\/product\/8757","targetHints":{"allow":["GET"]}}],"collection":[{"href":"https:\/\/store.myst.gr\/de\/wp-json\/wp\/v2\/product"}],"about":[{"href":"https:\/\/store.myst.gr\/de\/wp-json\/wp\/v2\/types\/product"}],"wp:featuredmedia":[{"embeddable":true,"href":"https:\/\/store.myst.gr\/de\/wp-json\/wp\/v2\/media\/11683"}],"wp:attachment":[{"href":"https:\/\/store.myst.gr\/de\/wp-json\/wp\/v2\/media?parent=8757"}],"wp:term":[{"taxonomy":"product_cat","embeddable":true,"href":"https:\/\/store.myst.gr\/de\/wp-json\/wp\/v2\/product_cat?post=8757"},{"taxonomy":"product_tag","embeddable":true,"href":"https:\/\/store.myst.gr\/de\/wp-json\/wp\/v2\/product_tag?post=8757"}],"curies":[{"name":"wp","href":"https:\/\/api.w.org\/{rel}","templated":true}]}}