{"id":8105,"date":"2024-07-17T08:59:35","date_gmt":"2024-07-17T08:59:35","guid":{"rendered":"https:\/\/store.myst.gr\/?post_type=product&#038;p=8105"},"modified":"2026-02-24T07:47:38","modified_gmt":"2026-02-24T07:47:38","slug":"greek-rosemary","status":"publish","type":"product","link":"https:\/\/store.myst.gr\/de\/product\/greek-rosemary\/","title":{"rendered":"Griechischer Rosmarin"},"content":{"rendered":"<p>Rosmarin war im antiken Griechenland der G\u00f6ttin Aphrodite geweiht, da er sich um sie wickelte, wenn sie aus dem Meer kam. Rosmarin ist einer der Hauptzutaten der griechischen und mediterranen K\u00fcche.<\/p>\n<p><img decoding=\"async\" class=\"alignnone wp-image-5164\" src=\"https:\/\/store.myst.gr\/wp-content\/uploads\/2021\/08\/isoFoo-1.svg\" alt=\"\" width=\"66\" height=\"66\" \/><\/p>","protected":false},"excerpt":{"rendered":"<div class=\"page\" title=\"Page 5\">\n<div class=\"section\">\n<div class=\"layoutArea\">\n<div class=\"column\">\n<div class=\"page\" title=\"Page 6\">\n<div class=\"section\">\n<div class=\"layoutArea\">\n<div class=\"column\">\n<div class=\"page\" title=\"Page 7\">\n<div class=\"section\">\n<div class=\"layoutArea\">\n<div class=\"column\">\n<div class=\"page\" title=\"Page 5\">\n<div class=\"section\">\n<div class=\"layoutArea\">\n<div class=\"column\">\n<div class=\"page\" title=\"Page 6\">\n<div class=\"section\">\n<div class=\"layoutArea\">\n<div class=\"column\">\n<div class=\"page\" title=\"Page 7\">\n<div class=\"section\">\n<div class=\"layoutArea\">\n<div class=\"column\">\n<div class=\"page\" title=\"Page 5\">\n<div class=\"section\">\n<div class=\"layoutArea\">\n<div class=\"column\">\n<div class=\"page\" title=\"Page 5\">\n<div class=\"section\">\n<div class=\"layoutArea\">\n<div class=\"column\">\n<div class=\"page\" title=\"Page 6\">\n<div class=\"section\">\n<div class=\"layoutArea\">\n<div class=\"column\">\n<div class=\"page\" title=\"Page 5\">\n<div class=\"section\">\n<div class=\"layoutArea\">\n<div class=\"column\">\n<div class=\"page\" title=\"Page 6\">\n<div class=\"section\">\n<div class=\"layoutArea\">\n<div class=\"column\">\n<div class=\"page\" title=\"Page 5\">\n<div class=\"section\">\n<div class=\"layoutArea\">\n<div class=\"column\">\n<div class=\"page\" title=\"Page 6\">\n<div class=\"section\">\n<div class=\"layoutArea\">\n<div class=\"column\">\n<div class=\"page\" title=\"Page 5\">\n<div class=\"section\">\n<div class=\"layoutArea\">\n<div class=\"column\">\n<div class=\"page\" title=\"Page 6\">\n<div class=\"section\">\n<div class=\"layoutArea\">\n<div class=\"column\">\n<div class=\"page\" title=\"Page 5\">\n<div class=\"section\">\n<div class=\"layoutArea\">\n<div class=\"column\">\n<div class=\"page\" title=\"Page 6\">\n<div class=\"section\">\n<div class=\"layoutArea\">\n<div class=\"column\">\n<div class=\"page\" title=\"Page 5\">\n<div class=\"section\">\n<div class=\"layoutArea\">\n<div class=\"column\">\n<div class=\"page\" title=\"Page 6\">\n<div class=\"section\">\n<div class=\"layoutArea\">\n<div class=\"column\">\n<div class=\"page\" title=\"Page 5\">\n<div class=\"section\">\n<div class=\"layoutArea\">\n<div class=\"column\">\n<div class=\"page\" title=\"Page 6\">\n<div class=\"section\">\n<div class=\"layoutArea\">\n<div class=\"column\">\n<div class=\"page\" title=\"Page 5\">\n<div class=\"section\">\n<div class=\"layoutArea\">\n<div class=\"column\">\n<div class=\"page\" title=\"Page 6\">\n<div class=\"section\">\n<div class=\"layoutArea\">\n<div class=\"column\">\n<div class=\"page\" title=\"Page 5\">\n<div class=\"section\">\n<div class=\"layoutArea\">\n<div class=\"column\">\n<div class=\"page\" title=\"Page 6\">\n<div class=\"section\">\n<div class=\"layoutArea\">\n<div class=\"column\">\n<div class=\"page\" title=\"Page 7\">\n<div class=\"section\">\n<div class=\"layoutArea\">\n<div class=\"column\">\n<div class=\"page\" title=\"Page 5\">\n<div class=\"section\">\n<div class=\"layoutArea\">\n<div class=\"column\">\n<div class=\"page\" title=\"Page 6\">\n<div class=\"section\">\n<div class=\"layoutArea\">\n<div class=\"column\">\n<div class=\"page\" title=\"Page 7\">\n<div class=\"section\">\n<div class=\"layoutArea\">\n<div class=\"column\">\n<div class=\"page\" title=\"Page 5\">\n<div class=\"section\">\n<div class=\"layoutArea\">\n<div class=\"column\">\n<div class=\"page\" title=\"Page 5\">\n<div class=\"section\">\n<div class=\"layoutArea\">\n<div class=\"column\">\n<div class=\"page\" title=\"Page 6\">\n<div class=\"section\">\n<div class=\"layoutArea\">\n<div class=\"column\">\n<div class=\"page\" title=\"Page 5\">\n<div class=\"section\">\n<div class=\"layoutArea\">\n<div class=\"column\">\n<div class=\"page\" title=\"Page 6\">\n<div class=\"section\">\n<div class=\"layoutArea\">\n<div class=\"column\">\n<div class=\"page\" title=\"Page 5\">\n<div class=\"section\">\n<div class=\"layoutArea\">\n<div class=\"column\">\n<div class=\"page\" title=\"Page 6\">\n<div class=\"section\">\n<div class=\"layoutArea\">\n<div class=\"column\">\n<div class=\"page\" title=\"Page 5\">\n<div class=\"section\">\n<div class=\"layoutArea\">\n<div class=\"column\">\n<div class=\"page\" title=\"Page 6\">\n<div class=\"section\">\n<div class=\"layoutArea\">\n<div class=\"column\">\n<div class=\"page\" title=\"Page 5\">\n<div class=\"section\">\n<div class=\"layoutArea\">\n<div class=\"column\">\n<div class=\"page\" title=\"Page 6\">\n<div class=\"section\">\n<div class=\"layoutArea\">\n<div class=\"column\">\n<div class=\"page\" title=\"Page 5\">\n<div class=\"section\">\n<div class=\"layoutArea\">\n<div class=\"column\">\n<div class=\"page\" title=\"Page 6\">\n<div class=\"section\">\n<div class=\"layoutArea\">\n<div class=\"column\">\n<div class=\"page\" title=\"Page 5\">\n<div class=\"section\">\n<div class=\"layoutArea\">\n<div class=\"column\">\n<div class=\"page\" title=\"Page 6\">\n<div class=\"section\">\n<div class=\"layoutArea\">\n<div class=\"column\">\n<div class=\"page\" title=\"Page 5\">\n<div class=\"section\">\n<div class=\"layoutArea\">\n<div class=\"column\">\n<div class=\"page\" title=\"Page 6\">\n<div class=\"section\">\n<div class=\"layoutArea\">\n<div class=\"column\">\n<p class=\"p1\"><span class=\"s1\">Rosmarin ist einer der Hauptzutaten der griechischen und mediterranen K\u00fcche. Er kann in einer Vielzahl von Gerichten verwendet werden, da man damit Gegrilltes wie Fisch, Lamm, Gefl\u00fcgel, Kaninchen, Schwein, Rind und Kartoffeln w\u00fcrzen k\u00f6nnen. Rosmarin sollte aufgrund seiner nadelartigen Bl\u00e4tter fein gehackt oder unter Verwendung von M\u00f6rser und St\u00f6\u00dfel zerbrochen werden, um beim Essen nicht zu st\u00f6ren. Rosmarin sollte von Beginn des Kochvorgangs verwendet werden, insbesondere bei Braten, damit er gen\u00fcgend Zeit hat, sein Aroma freizusetzen.<\/span><\/p>\n<div class=\"page\" title=\"Page 5\">\n<div class=\"section\">\n<div class=\"layoutArea\">\n<div class=\"column\">\n<div class=\"page\" title=\"Page 6\">\n<div class=\"section\">\n<div class=\"layoutArea\">\n<div class=\"column\">\n<div class=\"page\" title=\"Page 5\">\n<div class=\"section\">\n<div class=\"layoutArea\">\n<div class=\"column\">\n<p><strong>inhalt:  e 40g<\/strong><\/p>\n<\/div>\n<\/div>\n<\/div>\n<\/div>\n<\/div>\n<\/div>\n<\/div>\n<\/div>\n<\/div>\n<\/div>\n<\/div>\n<\/div>\n<\/div>\n<\/div>\n<\/div>\n<\/div>\n<\/div>\n<\/div>\n<\/div>\n<\/div>\n<\/div>\n<\/div>\n<\/div>\n<\/div>\n<\/div>\n<\/div>\n<\/div>\n<\/div>\n<div class=\"page\" title=\"Page 5\">\n<div class=\"section\">\n<div class=\"layoutArea\">\n<div class=\"column\">\n<div class=\"woocommerce-product-details__short-description\">\n<div class=\"page\" title=\"Page 5\">\n<div class=\"section\">\n<div class=\"layoutArea\">\n<div class=\"column\">\n<div class=\"page\" title=\"Page 5\">\n<div class=\"section\">\n<div class=\"layoutArea\">\n<div class=\"column\">\n<p><strong>Die besten Produkte aus Griechenland direkt auf Ihren Tisch geliefert und kostenloser Versand bei Bestellungen \u00fcber 120 \u20ac innerhalb Europas.<\/strong><\/p>\n<\/div>\n<\/div>\n<\/div>\n<\/div>\n<\/div>\n<\/div>\n<\/div>\n<\/div>\n<\/div>\n<\/div>\n<\/div>\n<\/div>\n<\/div>\n<\/div>\n<\/div>\n<\/div>\n<\/div>\n<\/div>\n<\/div>\n<\/div>\n<\/div>\n<\/div>\n<\/div>\n<\/div>\n<\/div>\n<\/div>\n<\/div>\n<\/div>\n<\/div>\n<\/div>\n<\/div>\n<\/div>\n<\/div>\n<\/div>\n<\/div>\n<\/div>\n<\/div>\n<\/div>\n<\/div>\n<\/div>\n<\/div>\n<\/div>\n<\/div>\n<\/div>\n<\/div>\n<\/div>\n<\/div>\n<\/div>\n<\/div>\n<\/div>\n<\/div>\n<\/div>\n<\/div>\n<\/div>\n<\/div>\n<\/div>\n<\/div>\n<\/div>\n<\/div>\n<\/div>\n<\/div>\n<\/div>\n<\/div>\n<\/div>\n<\/div>\n<\/div>\n<\/div>\n<\/div>\n<\/div>\n<\/div>\n<\/div>\n<\/div>\n<\/div>\n<\/div>\n<\/div>\n<\/div>\n<\/div>\n<\/div>\n<\/div>\n<\/div>\n<\/div>\n<\/div>\n<\/div>\n<\/div>\n<\/div>\n<\/div>\n<\/div>\n<\/div>\n<\/div>\n<\/div>\n<\/div>\n<\/div>\n<\/div>\n<\/div>\n<\/div>\n<\/div>\n<\/div>\n<\/div>\n<\/div>\n<\/div>\n<\/div>\n<\/div>\n<\/div>\n<\/div>\n<\/div>\n<\/div>\n<\/div>\n<\/div>\n<\/div>\n<\/div>\n<\/div>\n<\/div>\n<\/div>\n<\/div>\n<\/div>\n<\/div>\n<\/div>\n<\/div>\n<\/div>\n<\/div>\n<\/div>\n<\/div>\n<\/div>\n<\/div>\n<\/div>\n<\/div>\n<\/div>\n<\/div>\n<\/div>\n<\/div>\n<\/div>\n<\/div>\n<\/div>\n<\/div>\n<\/div>\n<\/div>\n<\/div>\n<\/div>\n<\/div>\n<\/div>\n<\/div>\n<\/div>\n<\/div>\n<\/div>\n<\/div>\n<\/div>\n<\/div>\n<\/div>\n<\/div>\n<\/div>\n<\/div>\n<\/div>\n<\/div>\n<\/div>\n<\/div>\n<\/div>\n<\/div>\n<\/div>\n<\/div>\n<\/div>\n<\/div>\n<\/div>\n<\/div>\n<\/div>\n<\/div>\n<\/div>\n<\/div>\n<\/div>\n<\/div>\n<\/div>\n<\/div>\n<\/div>\n<\/div>\n<\/div>\n<\/div>\n<\/div>\n<\/div>\n<\/div>\n<\/div>\n<\/div>\n<\/div>","protected":false},"featured_media":11732,"template":"","meta":{"_acf_changed":false,"inline_featured_image":false},"product_cat":[537,572,15],"product_tag":[323,651],"class_list":{"0":"post-8105","1":"product","2":"type-product","3":"status-publish","4":"has-post-thumbnail","6":"product_cat-organic-herbs","7":"product_cat-herbs-tea","8":"product_cat-vall","9":"product_tag-cataloguejuly","10":"product_tag-retail","12":"first","13":"instock","14":"taxable","15":"shipping-taxable","16":"purchasable","17":"product-type-simple"},"acf":[],"yoast_head":"<!-- This site is optimized with the Yoast SEO plugin v27.5 - https:\/\/yoast.com\/product\/yoast-seo-wordpress\/ -->\n<title>\u0395\u03bb\u03bb\u03b7\u03bd\u03b9\u03ba\u03cc \u0394\u03b5\u03bd\u03b4\u03c1\u03bf\u03bb\u03af\u03b2\u03b1\u03bd\u03bf - MYST<\/title>\n<meta name=\"description\" content=\"\u03a4\u03bf \u03b4\u03b5\u03bd\u03c4\u03c1\u03bf\u03bb\u03af\u03b2\u03b1\u03bd\u03bf \u03b5\u03af\u03bd\u03b1\u03b9 \u03ad\u03bd\u03b1 \u03b1\u03c0\u03cc \u03c4\u03b1 \u03b2\u03b1\u03c3\u03b9\u03ba\u03ac \u03c3\u03c5\u03c3\u03c4\u03b1\u03c4\u03b9\u03ba\u03ac \u03c4\u03b7\u03c2 \u03b5\u03bb\u03bb\u03b7\u03bd\u03b9\u03ba\u03ae\u03c2 \u03ba\u03b1\u03b9 \u03bc\u03b5\u03c3\u03bf\u03b3\u03b5\u03b9\u03b1\u03ba\u03ae\u03c2 \u03ba\u03bf\u03c5\u03b6\u03af\u03bd\u03b1\u03c2. \u039c\u03c0\u03bf\u03c1\u03b5\u03af \u03bd\u03b1 \u03c7\u03c1\u03b7\u03c3\u03b9\u03bc\u03bf\u03c0\u03bf\u03b9\u03b7\u03b8\u03b5\u03af \u03c3\u03b5 \u03bc\u03b5\u03b3\u03ac\u03bb\u03b7 \u03c0\u03bf\u03b9\u03ba\u03b9\u03bb\u03af\u03b1 \u03c0\u03b9\u03ac\u03c4\u03c9\u03bd \u03b1\u03c6\u03bf\u03cd \u03bc\u03c0\u03bf\u03c1\u03bf\u03cd\u03bc\u03b5 \u03bd\" \/>\n<meta name=\"robots\" content=\"index, follow, max-snippet:-1, max-image-preview:large, max-video-preview:-1\" \/>\n<link rel=\"canonical\" href=\"https:\/\/store.myst.gr\/de\/produkt\/greek-rosemary\/\" \/>\n<meta property=\"og:locale\" content=\"de_DE\" \/>\n<meta property=\"og:type\" content=\"article\" \/>\n<meta property=\"og:title\" content=\"\u0395\u03bb\u03bb\u03b7\u03bd\u03b9\u03ba\u03cc \u0394\u03b5\u03bd\u03b4\u03c1\u03bf\u03bb\u03af\u03b2\u03b1\u03bd\u03bf - MYST\" \/>\n<meta property=\"og:description\" content=\"\u03a4\u03bf \u03b4\u03b5\u03bd\u03c4\u03c1\u03bf\u03bb\u03af\u03b2\u03b1\u03bd\u03bf \u03b5\u03af\u03bd\u03b1\u03b9 \u03ad\u03bd\u03b1 \u03b1\u03c0\u03cc \u03c4\u03b1 \u03b2\u03b1\u03c3\u03b9\u03ba\u03ac \u03c3\u03c5\u03c3\u03c4\u03b1\u03c4\u03b9\u03ba\u03ac \u03c4\u03b7\u03c2 \u03b5\u03bb\u03bb\u03b7\u03bd\u03b9\u03ba\u03ae\u03c2 \u03ba\u03b1\u03b9 \u03bc\u03b5\u03c3\u03bf\u03b3\u03b5\u03b9\u03b1\u03ba\u03ae\u03c2 \u03ba\u03bf\u03c5\u03b6\u03af\u03bd\u03b1\u03c2. \u039c\u03c0\u03bf\u03c1\u03b5\u03af \u03bd\u03b1 \u03c7\u03c1\u03b7\u03c3\u03b9\u03bc\u03bf\u03c0\u03bf\u03b9\u03b7\u03b8\u03b5\u03af \u03c3\u03b5 \u03bc\u03b5\u03b3\u03ac\u03bb\u03b7 \u03c0\u03bf\u03b9\u03ba\u03b9\u03bb\u03af\u03b1 \u03c0\u03b9\u03ac\u03c4\u03c9\u03bd \u03b1\u03c6\u03bf\u03cd \u03bc\u03c0\u03bf\u03c1\u03bf\u03cd\u03bc\u03b5 \u03bd\" \/>\n<meta property=\"og:url\" content=\"https:\/\/store.myst.gr\/de\/produkt\/greek-rosemary\/\" \/>\n<meta property=\"og:site_name\" content=\"MYST\" \/>\n<meta property=\"article:publisher\" content=\"https:\/\/www.facebook.com\/mystfood\" \/>\n<meta property=\"article:modified_time\" content=\"2026-02-24T07:47:38+00:00\" \/>\n<meta property=\"og:image\" content=\"https:\/\/store.myst.gr\/wp-content\/uploads\/2021\/08\/Greek-Rosemary.webp\" \/>\n\t<meta property=\"og:image:width\" content=\"1000\" \/>\n\t<meta property=\"og:image:height\" content=\"1000\" \/>\n\t<meta property=\"og:image:type\" content=\"image\/webp\" \/>\n<meta name=\"twitter:card\" content=\"summary_large_image\" \/>\n<meta name=\"twitter:label1\" content=\"Gesch\u00e4tzte Lesezeit\" \/>\n\t<meta name=\"twitter:data1\" content=\"1\u00a0Minute\" \/>\n<script type=\"application\/ld+json\" class=\"yoast-schema-graph\">{\"@context\":\"https:\\\/\\\/schema.org\",\"@graph\":[{\"@type\":\"WebPage\",\"@id\":\"https:\\\/\\\/store.myst.gr\\\/product\\\/greek-rosemary\\\/\",\"url\":\"https:\\\/\\\/store.myst.gr\\\/product\\\/greek-rosemary\\\/\",\"name\":\"\u0395\u03bb\u03bb\u03b7\u03bd\u03b9\u03ba\u03cc \u0394\u03b5\u03bd\u03b4\u03c1\u03bf\u03bb\u03af\u03b2\u03b1\u03bd\u03bf - MYST\",\"isPartOf\":{\"@id\":\"https:\\\/\\\/store.myst.gr\\\/#website\"},\"primaryImageOfPage\":{\"@id\":\"https:\\\/\\\/store.myst.gr\\\/product\\\/greek-rosemary\\\/#primaryimage\"},\"image\":{\"@id\":\"https:\\\/\\\/store.myst.gr\\\/product\\\/greek-rosemary\\\/#primaryimage\"},\"thumbnailUrl\":\"https:\\\/\\\/store.myst.gr\\\/wp-content\\\/uploads\\\/2021\\\/08\\\/Greek-Rosemary.webp\",\"datePublished\":\"2024-07-17T08:59:35+00:00\",\"dateModified\":\"2026-02-24T07:47:38+00:00\",\"description\":\"\u03a4\u03bf \u03b4\u03b5\u03bd\u03c4\u03c1\u03bf\u03bb\u03af\u03b2\u03b1\u03bd\u03bf \u03b5\u03af\u03bd\u03b1\u03b9 \u03ad\u03bd\u03b1 \u03b1\u03c0\u03cc \u03c4\u03b1 \u03b2\u03b1\u03c3\u03b9\u03ba\u03ac \u03c3\u03c5\u03c3\u03c4\u03b1\u03c4\u03b9\u03ba\u03ac \u03c4\u03b7\u03c2 \u03b5\u03bb\u03bb\u03b7\u03bd\u03b9\u03ba\u03ae\u03c2 \u03ba\u03b1\u03b9 \u03bc\u03b5\u03c3\u03bf\u03b3\u03b5\u03b9\u03b1\u03ba\u03ae\u03c2 \u03ba\u03bf\u03c5\u03b6\u03af\u03bd\u03b1\u03c2. \u039c\u03c0\u03bf\u03c1\u03b5\u03af \u03bd\u03b1 \u03c7\u03c1\u03b7\u03c3\u03b9\u03bc\u03bf\u03c0\u03bf\u03b9\u03b7\u03b8\u03b5\u03af \u03c3\u03b5 \u03bc\u03b5\u03b3\u03ac\u03bb\u03b7 \u03c0\u03bf\u03b9\u03ba\u03b9\u03bb\u03af\u03b1 \u03c0\u03b9\u03ac\u03c4\u03c9\u03bd \u03b1\u03c6\u03bf\u03cd \u03bc\u03c0\u03bf\u03c1\u03bf\u03cd\u03bc\u03b5 \u03bd\",\"breadcrumb\":{\"@id\":\"https:\\\/\\\/store.myst.gr\\\/product\\\/greek-rosemary\\\/#breadcrumb\"},\"inLanguage\":\"de\",\"potentialAction\":[{\"@type\":\"ReadAction\",\"target\":[\"https:\\\/\\\/store.myst.gr\\\/product\\\/greek-rosemary\\\/\"]}]},{\"@type\":\"ImageObject\",\"inLanguage\":\"de\",\"@id\":\"https:\\\/\\\/store.myst.gr\\\/product\\\/greek-rosemary\\\/#primaryimage\",\"url\":\"https:\\\/\\\/store.myst.gr\\\/wp-content\\\/uploads\\\/2021\\\/08\\\/Greek-Rosemary.webp\",\"contentUrl\":\"https:\\\/\\\/store.myst.gr\\\/wp-content\\\/uploads\\\/2021\\\/08\\\/Greek-Rosemary.webp\",\"width\":1000,\"height\":1000},{\"@type\":\"BreadcrumbList\",\"@id\":\"https:\\\/\\\/store.myst.gr\\\/product\\\/greek-rosemary\\\/#breadcrumb\",\"itemListElement\":[{\"@type\":\"ListItem\",\"position\":1,\"name\":\"Home\",\"item\":\"https:\\\/\\\/store.myst.gr\\\/\"},{\"@type\":\"ListItem\",\"position\":2,\"name\":\"Shop\",\"item\":\"https:\\\/\\\/store.myst.gr\\\/\"},{\"@type\":\"ListItem\",\"position\":3,\"name\":\"\u0395\u03bb\u03bb\u03b7\u03bd\u03b9\u03ba\u03cc \u0394\u03b5\u03bd\u03b4\u03c1\u03bf\u03bb\u03af\u03b2\u03b1\u03bd\u03bf\"}]},{\"@type\":\"WebSite\",\"@id\":\"https:\\\/\\\/store.myst.gr\\\/#website\",\"url\":\"https:\\\/\\\/store.myst.gr\\\/\",\"name\":\"Myst\",\"description\":\"\u0391\u03bd\u03b1\u03ba\u03b1\u03bb\u03cd\u03c8\u03c4\u03b5 \u03c4\u03b9\u03c2 \u03b3\u03b5\u03cd\u03c3\u03b5\u03b9\u03c2 \u03c4\u03b7\u03c2 \u0395\u03bb\u03bb\u03ac\u03b4\u03b1\u03c2\",\"publisher\":{\"@id\":\"https:\\\/\\\/store.myst.gr\\\/#organization\"},\"potentialAction\":[{\"@type\":\"SearchAction\",\"target\":{\"@type\":\"EntryPoint\",\"urlTemplate\":\"https:\\\/\\\/store.myst.gr\\\/?s={search_term_string}\"},\"query-input\":{\"@type\":\"PropertyValueSpecification\",\"valueRequired\":true,\"valueName\":\"search_term_string\"}}],\"inLanguage\":\"de\"},{\"@type\":\"Organization\",\"@id\":\"https:\\\/\\\/store.myst.gr\\\/#organization\",\"name\":\"MYST\",\"url\":\"https:\\\/\\\/store.myst.gr\\\/\",\"logo\":{\"@type\":\"ImageObject\",\"inLanguage\":\"de\",\"@id\":\"https:\\\/\\\/store.myst.gr\\\/#\\\/schema\\\/logo\\\/image\\\/\",\"url\":\"https:\\\/\\\/store.myst.gr\\\/wp-content\\\/uploads\\\/2024\\\/12\\\/myst-logo-str.svg\",\"contentUrl\":\"https:\\\/\\\/store.myst.gr\\\/wp-content\\\/uploads\\\/2024\\\/12\\\/myst-logo-str.svg\",\"width\":193,\"height\":53,\"caption\":\"MYST\"},\"image\":{\"@id\":\"https:\\\/\\\/store.myst.gr\\\/#\\\/schema\\\/logo\\\/image\\\/\"},\"sameAs\":[\"https:\\\/\\\/www.facebook.com\\\/mystfood\",\"https:\\\/\\\/www.instagram.com\\\/mystcompany\\\/\"]}]}<\/script>\n<!-- \/ Yoast SEO plugin. -->","yoast_head_json":{"title":"\u0395\u03bb\u03bb\u03b7\u03bd\u03b9\u03ba\u03cc \u0394\u03b5\u03bd\u03b4\u03c1\u03bf\u03bb\u03af\u03b2\u03b1\u03bd\u03bf - MYST","description":"\u03a4\u03bf \u03b4\u03b5\u03bd\u03c4\u03c1\u03bf\u03bb\u03af\u03b2\u03b1\u03bd\u03bf \u03b5\u03af\u03bd\u03b1\u03b9 \u03ad\u03bd\u03b1 \u03b1\u03c0\u03cc \u03c4\u03b1 \u03b2\u03b1\u03c3\u03b9\u03ba\u03ac \u03c3\u03c5\u03c3\u03c4\u03b1\u03c4\u03b9\u03ba\u03ac \u03c4\u03b7\u03c2 \u03b5\u03bb\u03bb\u03b7\u03bd\u03b9\u03ba\u03ae\u03c2 \u03ba\u03b1\u03b9 \u03bc\u03b5\u03c3\u03bf\u03b3\u03b5\u03b9\u03b1\u03ba\u03ae\u03c2 \u03ba\u03bf\u03c5\u03b6\u03af\u03bd\u03b1\u03c2. \u039c\u03c0\u03bf\u03c1\u03b5\u03af \u03bd\u03b1 \u03c7\u03c1\u03b7\u03c3\u03b9\u03bc\u03bf\u03c0\u03bf\u03b9\u03b7\u03b8\u03b5\u03af \u03c3\u03b5 \u03bc\u03b5\u03b3\u03ac\u03bb\u03b7 \u03c0\u03bf\u03b9\u03ba\u03b9\u03bb\u03af\u03b1 \u03c0\u03b9\u03ac\u03c4\u03c9\u03bd \u03b1\u03c6\u03bf\u03cd \u03bc\u03c0\u03bf\u03c1\u03bf\u03cd\u03bc\u03b5 \u03bd","robots":{"index":"index","follow":"follow","max-snippet":"max-snippet:-1","max-image-preview":"max-image-preview:large","max-video-preview":"max-video-preview:-1"},"canonical":"https:\/\/store.myst.gr\/de\/produkt\/greek-rosemary\/","og_locale":"de_DE","og_type":"article","og_title":"\u0395\u03bb\u03bb\u03b7\u03bd\u03b9\u03ba\u03cc \u0394\u03b5\u03bd\u03b4\u03c1\u03bf\u03bb\u03af\u03b2\u03b1\u03bd\u03bf - MYST","og_description":"\u03a4\u03bf \u03b4\u03b5\u03bd\u03c4\u03c1\u03bf\u03bb\u03af\u03b2\u03b1\u03bd\u03bf \u03b5\u03af\u03bd\u03b1\u03b9 \u03ad\u03bd\u03b1 \u03b1\u03c0\u03cc \u03c4\u03b1 \u03b2\u03b1\u03c3\u03b9\u03ba\u03ac \u03c3\u03c5\u03c3\u03c4\u03b1\u03c4\u03b9\u03ba\u03ac \u03c4\u03b7\u03c2 \u03b5\u03bb\u03bb\u03b7\u03bd\u03b9\u03ba\u03ae\u03c2 \u03ba\u03b1\u03b9 \u03bc\u03b5\u03c3\u03bf\u03b3\u03b5\u03b9\u03b1\u03ba\u03ae\u03c2 \u03ba\u03bf\u03c5\u03b6\u03af\u03bd\u03b1\u03c2. \u039c\u03c0\u03bf\u03c1\u03b5\u03af \u03bd\u03b1 \u03c7\u03c1\u03b7\u03c3\u03b9\u03bc\u03bf\u03c0\u03bf\u03b9\u03b7\u03b8\u03b5\u03af \u03c3\u03b5 \u03bc\u03b5\u03b3\u03ac\u03bb\u03b7 \u03c0\u03bf\u03b9\u03ba\u03b9\u03bb\u03af\u03b1 \u03c0\u03b9\u03ac\u03c4\u03c9\u03bd \u03b1\u03c6\u03bf\u03cd \u03bc\u03c0\u03bf\u03c1\u03bf\u03cd\u03bc\u03b5 \u03bd","og_url":"https:\/\/store.myst.gr\/de\/produkt\/greek-rosemary\/","og_site_name":"MYST","article_publisher":"https:\/\/www.facebook.com\/mystfood","article_modified_time":"2026-02-24T07:47:38+00:00","og_image":[{"width":1000,"height":1000,"url":"https:\/\/store.myst.gr\/wp-content\/uploads\/2021\/08\/Greek-Rosemary.webp","type":"image\/webp"}],"twitter_card":"summary_large_image","twitter_misc":{"Gesch\u00e4tzte Lesezeit":"1\u00a0Minute"},"schema":{"@context":"https:\/\/schema.org","@graph":[{"@type":"WebPage","@id":"https:\/\/store.myst.gr\/product\/greek-rosemary\/","url":"https:\/\/store.myst.gr\/product\/greek-rosemary\/","name":"\u0395\u03bb\u03bb\u03b7\u03bd\u03b9\u03ba\u03cc \u0394\u03b5\u03bd\u03b4\u03c1\u03bf\u03bb\u03af\u03b2\u03b1\u03bd\u03bf - MYST","isPartOf":{"@id":"https:\/\/store.myst.gr\/#website"},"primaryImageOfPage":{"@id":"https:\/\/store.myst.gr\/product\/greek-rosemary\/#primaryimage"},"image":{"@id":"https:\/\/store.myst.gr\/product\/greek-rosemary\/#primaryimage"},"thumbnailUrl":"https:\/\/store.myst.gr\/wp-content\/uploads\/2021\/08\/Greek-Rosemary.webp","datePublished":"2024-07-17T08:59:35+00:00","dateModified":"2026-02-24T07:47:38+00:00","description":"\u03a4\u03bf \u03b4\u03b5\u03bd\u03c4\u03c1\u03bf\u03bb\u03af\u03b2\u03b1\u03bd\u03bf \u03b5\u03af\u03bd\u03b1\u03b9 \u03ad\u03bd\u03b1 \u03b1\u03c0\u03cc \u03c4\u03b1 \u03b2\u03b1\u03c3\u03b9\u03ba\u03ac \u03c3\u03c5\u03c3\u03c4\u03b1\u03c4\u03b9\u03ba\u03ac \u03c4\u03b7\u03c2 \u03b5\u03bb\u03bb\u03b7\u03bd\u03b9\u03ba\u03ae\u03c2 \u03ba\u03b1\u03b9 \u03bc\u03b5\u03c3\u03bf\u03b3\u03b5\u03b9\u03b1\u03ba\u03ae\u03c2 \u03ba\u03bf\u03c5\u03b6\u03af\u03bd\u03b1\u03c2. \u039c\u03c0\u03bf\u03c1\u03b5\u03af \u03bd\u03b1 \u03c7\u03c1\u03b7\u03c3\u03b9\u03bc\u03bf\u03c0\u03bf\u03b9\u03b7\u03b8\u03b5\u03af \u03c3\u03b5 \u03bc\u03b5\u03b3\u03ac\u03bb\u03b7 \u03c0\u03bf\u03b9\u03ba\u03b9\u03bb\u03af\u03b1 \u03c0\u03b9\u03ac\u03c4\u03c9\u03bd \u03b1\u03c6\u03bf\u03cd \u03bc\u03c0\u03bf\u03c1\u03bf\u03cd\u03bc\u03b5 \u03bd","breadcrumb":{"@id":"https:\/\/store.myst.gr\/product\/greek-rosemary\/#breadcrumb"},"inLanguage":"de","potentialAction":[{"@type":"ReadAction","target":["https:\/\/store.myst.gr\/product\/greek-rosemary\/"]}]},{"@type":"ImageObject","inLanguage":"de","@id":"https:\/\/store.myst.gr\/product\/greek-rosemary\/#primaryimage","url":"https:\/\/store.myst.gr\/wp-content\/uploads\/2021\/08\/Greek-Rosemary.webp","contentUrl":"https:\/\/store.myst.gr\/wp-content\/uploads\/2021\/08\/Greek-Rosemary.webp","width":1000,"height":1000},{"@type":"BreadcrumbList","@id":"https:\/\/store.myst.gr\/product\/greek-rosemary\/#breadcrumb","itemListElement":[{"@type":"ListItem","position":1,"name":"Home","item":"https:\/\/store.myst.gr\/"},{"@type":"ListItem","position":2,"name":"Shop","item":"https:\/\/store.myst.gr\/"},{"@type":"ListItem","position":3,"name":"\u0395\u03bb\u03bb\u03b7\u03bd\u03b9\u03ba\u03cc \u0394\u03b5\u03bd\u03b4\u03c1\u03bf\u03bb\u03af\u03b2\u03b1\u03bd\u03bf"}]},{"@type":"WebSite","@id":"https:\/\/store.myst.gr\/#website","url":"https:\/\/store.myst.gr\/","name":"Myst","description":"\u0391\u03bd\u03b1\u03ba\u03b1\u03bb\u03cd\u03c8\u03c4\u03b5 \u03c4\u03b9\u03c2 \u03b3\u03b5\u03cd\u03c3\u03b5\u03b9\u03c2 \u03c4\u03b7\u03c2 \u0395\u03bb\u03bb\u03ac\u03b4\u03b1\u03c2","publisher":{"@id":"https:\/\/store.myst.gr\/#organization"},"potentialAction":[{"@type":"SearchAction","target":{"@type":"EntryPoint","urlTemplate":"https:\/\/store.myst.gr\/?s={search_term_string}"},"query-input":{"@type":"PropertyValueSpecification","valueRequired":true,"valueName":"search_term_string"}}],"inLanguage":"de"},{"@type":"Organization","@id":"https:\/\/store.myst.gr\/#organization","name":"MYST","url":"https:\/\/store.myst.gr\/","logo":{"@type":"ImageObject","inLanguage":"de","@id":"https:\/\/store.myst.gr\/#\/schema\/logo\/image\/","url":"https:\/\/store.myst.gr\/wp-content\/uploads\/2024\/12\/myst-logo-str.svg","contentUrl":"https:\/\/store.myst.gr\/wp-content\/uploads\/2024\/12\/myst-logo-str.svg","width":193,"height":53,"caption":"MYST"},"image":{"@id":"https:\/\/store.myst.gr\/#\/schema\/logo\/image\/"},"sameAs":["https:\/\/www.facebook.com\/mystfood","https:\/\/www.instagram.com\/mystcompany\/"]}]}},"_links":{"self":[{"href":"https:\/\/store.myst.gr\/de\/wp-json\/wp\/v2\/product\/8105","targetHints":{"allow":["GET"]}}],"collection":[{"href":"https:\/\/store.myst.gr\/de\/wp-json\/wp\/v2\/product"}],"about":[{"href":"https:\/\/store.myst.gr\/de\/wp-json\/wp\/v2\/types\/product"}],"wp:featuredmedia":[{"embeddable":true,"href":"https:\/\/store.myst.gr\/de\/wp-json\/wp\/v2\/media\/11732"}],"wp:attachment":[{"href":"https:\/\/store.myst.gr\/de\/wp-json\/wp\/v2\/media?parent=8105"}],"wp:term":[{"taxonomy":"product_cat","embeddable":true,"href":"https:\/\/store.myst.gr\/de\/wp-json\/wp\/v2\/product_cat?post=8105"},{"taxonomy":"product_tag","embeddable":true,"href":"https:\/\/store.myst.gr\/de\/wp-json\/wp\/v2\/product_tag?post=8105"}],"curies":[{"name":"wp","href":"https:\/\/api.w.org\/{rel}","templated":true}]}}