{"id":6894,"date":"2024-03-15T07:40:11","date_gmt":"2024-03-15T07:40:11","guid":{"rendered":"https:\/\/store.myst.gr\/?post_type=product&#038;p=6894"},"modified":"2026-02-25T11:55:21","modified_gmt":"2026-02-25T11:55:21","slug":"rock-samphire-in-brine-sea-fennel-200g","status":"publish","type":"product","link":"https:\/\/store.myst.gr\/de\/product\/rock-samphire-in-brine-sea-fennel-200g\/","title":{"rendered":"Meerfenchel in Salzlake (Sea Fennel)"},"content":{"rendered":"<p><strong>Zutaten :<\/strong>\u00a0Meerfenchel (40%), Wasser, Salz, Essig, Oliven\u00f6l<\/p>\n<p>Meerfenchel (Crithmum maritimum) ist reich an N\u00e4hrstoffen wie Jod, Vitaminen E, C und K. Dar\u00fcber hinaus enth\u00e4lt es wertvolle Mineralien und Omega-3-Fetts\u00e4uren. Seine harmonische Zusammensetzung passt ideal zu Oliven\u00f6l und Zitrone und macht es zum perfekten Begleiter f\u00fcr Meeresfr\u00fcchte und Salate. Somit bietet es eine schmackhafte und nahrhafte Erg\u00e4nzung zu verschiedenen kulinarischen Erlebnissen.<\/p>\n<p data-start=\"409\" data-end=\"896\">Meerfenchel (Kritamo) geh\u00f6rt zu den n\u00e4hrstoffreichsten und au\u00dfergew\u00f6hnlichsten K\u00fcstenkr\u00e4utern der Mittelmeerregion. Er zeichnet sich durch seinen frischen, leicht salzigen Geschmack und sein intensives Aroma aus. Sorgf\u00e4ltig an der K\u00fcste gesammelt und in nat\u00fcrlicher Salzlake eingelegt, bleibt er knackig, aromatisch und vollkommen frei von Konservierungsstoffen oder k\u00fcnstlicher Verarbeitung. Reich an Jod, Antioxidantien und Mineralstoffen ist Meerfenchel ein echtes griechisches Superfood und eine hervorragende Wahl f\u00fcr eine nat\u00fcrliche, gesunde Ern\u00e4hrung.<\/p>\n<p data-start=\"898\" data-end=\"1204\">Ideal f\u00fcr Salate, Fisch, Meeresfr\u00fcchte, Mezze, Dakos, Brot, Omeletts oder kreative Gourmetgerichte. Er verleiht jedem Teller eine frische, zitronige und belebende Note. Ein Premiumprodukt aus Griechenland, das sich durch Reinheit, Authentizit\u00e4t und hohen N\u00e4hrwert auszeichnet.<\/p>","protected":false},"excerpt":{"rendered":"<p>Eine nat\u00fcrliche salzige Pflanze, die an felsigen K\u00fcsten w\u00e4chst, hat einen einzigartigen, leicht holzigen Geschmack und ist sehr nahrhaft. Sie passt perfekt zu Oliven\u00f6l und Zitrone und ist somit eine ideale Erg\u00e4nzung zu Meeresfr\u00fcchten und Salaten.<\/p>\n<p><strong>Inhalt : e 200g<\/strong><\/p>\n<p><strong>Die besten Produkte aus Griechenland direkt auf Ihren Tisch geliefert und kostenloser Versand bei Bestellungen \u00fcber 120 \u20ac innerhalb Europas.<\/strong><\/p>","protected":false},"featured_media":11699,"template":"","meta":{"_acf_changed":false,"inline_featured_image":false},"product_cat":[478,504,476,15],"product_tag":[323,651],"class_list":{"0":"post-6894","1":"product","2":"type-product","3":"status-publish","4":"has-post-thumbnail","6":"product_cat-oliveoilproducts","7":"product_cat-oliveproducts","8":"product_cat-olives","9":"product_cat-vall","10":"product_tag-cataloguejuly","11":"product_tag-retail","13":"first","14":"instock","15":"taxable","16":"shipping-taxable","17":"purchasable","18":"product-type-simple"},"acf":[],"yoast_head":"<!-- This site is optimized with the Yoast SEO plugin v27.4 - https:\/\/yoast.com\/product\/yoast-seo-wordpress\/ -->\n<title>\u039a\u03c1\u03af\u03c4\u03b1\u03bc\u03bf\u03c2 \u03c3\u03b5 \u0386\u03bb\u03bc\u03b7 - MYST<\/title>\n<meta name=\"description\" content=\"\u03a6\u03c5\u03c3\u03b9\u03ba\u03ac \u03b1\u03bb\u03bc\u03c5\u03c1\u03cc \u03c0\u03bf\u03c5 \u03b1\u03bd\u03b1\u03c0\u03c4\u03cd\u03c3\u03c3\u03b5\u03c4\u03b1\u03b9 \u03c3\u03b5 \u03b2\u03c1\u03b1\u03c7\u03ce\u03b4\u03b5\u03b9\u03c2 \u03b1\u03ba\u03c4\u03ad\u03c2, \u03ad\u03c7\u03b5\u03b9 \u03ad\u03bd\u03b1 \u03bc\u03bf\u03bd\u03b1\u03b4\u03b9\u03ba\u03cc, \u03b5\u03bb\u03b1\u03c6\u03c1\u03ce\u03c2 \u03be\u03c5\u03bb\u03ce\u03b4\u03b5\u03c2 \u03ac\u03c1\u03c9\u03bc\u03b1 \u03ba\u03b1\u03b9 \u03b5\u03af\u03bd\u03b1\u03b9 \u03c5\u03c8\u03b7\u03bb\u03ac \u03b8\u03c1\u03b5\u03c0\u03c4\u03b9\u03ba\u03cc. \u03a4\u03b1\u03b9\u03c1\u03b9\u03ac\u03b6\u03b5\u03b9 \u03c4\u03ad\u03bb\u03b5\u03b9\u03b1 \u03bc\u03b5 \u03b5\u03bb\u03b1\u03b9\u03cc\u03bb\u03b1\u03b4\u03bf \u03ba\u03b1\u03b9 \u03bb\u03b5\u03bc\u03cc\" \/>\n<meta name=\"robots\" content=\"index, follow, max-snippet:-1, max-image-preview:large, max-video-preview:-1\" \/>\n<link rel=\"canonical\" href=\"https:\/\/store.myst.gr\/de\/produkt\/rock-samphire-in-brine-sea-fennel-200g\/\" \/>\n<meta property=\"og:locale\" content=\"de_DE\" \/>\n<meta property=\"og:type\" content=\"article\" \/>\n<meta property=\"og:title\" content=\"\u039a\u03c1\u03af\u03c4\u03b1\u03bc\u03bf\u03c2 \u03c3\u03b5 \u0386\u03bb\u03bc\u03b7 - MYST\" \/>\n<meta property=\"og:description\" content=\"\u03a6\u03c5\u03c3\u03b9\u03ba\u03ac \u03b1\u03bb\u03bc\u03c5\u03c1\u03cc \u03c0\u03bf\u03c5 \u03b1\u03bd\u03b1\u03c0\u03c4\u03cd\u03c3\u03c3\u03b5\u03c4\u03b1\u03b9 \u03c3\u03b5 \u03b2\u03c1\u03b1\u03c7\u03ce\u03b4\u03b5\u03b9\u03c2 \u03b1\u03ba\u03c4\u03ad\u03c2, \u03ad\u03c7\u03b5\u03b9 \u03ad\u03bd\u03b1 \u03bc\u03bf\u03bd\u03b1\u03b4\u03b9\u03ba\u03cc, \u03b5\u03bb\u03b1\u03c6\u03c1\u03ce\u03c2 \u03be\u03c5\u03bb\u03ce\u03b4\u03b5\u03c2 \u03ac\u03c1\u03c9\u03bc\u03b1 \u03ba\u03b1\u03b9 \u03b5\u03af\u03bd\u03b1\u03b9 \u03c5\u03c8\u03b7\u03bb\u03ac \u03b8\u03c1\u03b5\u03c0\u03c4\u03b9\u03ba\u03cc. \u03a4\u03b1\u03b9\u03c1\u03b9\u03ac\u03b6\u03b5\u03b9 \u03c4\u03ad\u03bb\u03b5\u03b9\u03b1 \u03bc\u03b5 \u03b5\u03bb\u03b1\u03b9\u03cc\u03bb\u03b1\u03b4\u03bf \u03ba\u03b1\u03b9 \u03bb\u03b5\u03bc\u03cc\" \/>\n<meta property=\"og:url\" content=\"https:\/\/store.myst.gr\/de\/produkt\/rock-samphire-in-brine-sea-fennel-200g\/\" \/>\n<meta property=\"og:site_name\" content=\"MYST\" \/>\n<meta property=\"article:publisher\" content=\"https:\/\/www.facebook.com\/mystfood\" \/>\n<meta property=\"article:modified_time\" content=\"2026-02-25T11:55:21+00:00\" \/>\n<meta property=\"og:image\" content=\"https:\/\/store.myst.gr\/wp-content\/uploads\/2021\/08\/Rock-Saphire-in-brine.webp\" \/>\n\t<meta property=\"og:image:width\" content=\"1000\" \/>\n\t<meta property=\"og:image:height\" content=\"1000\" \/>\n\t<meta property=\"og:image:type\" content=\"image\/webp\" \/>\n<meta name=\"twitter:card\" content=\"summary_large_image\" \/>\n<meta name=\"twitter:label1\" content=\"Gesch\u00e4tzte Lesezeit\" \/>\n\t<meta name=\"twitter:data1\" content=\"2\u00a0Minuten\" \/>\n<script type=\"application\/ld+json\" class=\"yoast-schema-graph\">{\"@context\":\"https:\\\/\\\/schema.org\",\"@graph\":[{\"@type\":\"WebPage\",\"@id\":\"https:\\\/\\\/store.myst.gr\\\/product\\\/rock-samphire-in-brine-sea-fennel-200g\\\/\",\"url\":\"https:\\\/\\\/store.myst.gr\\\/product\\\/rock-samphire-in-brine-sea-fennel-200g\\\/\",\"name\":\"\u039a\u03c1\u03af\u03c4\u03b1\u03bc\u03bf\u03c2 \u03c3\u03b5 \u0386\u03bb\u03bc\u03b7 - MYST\",\"isPartOf\":{\"@id\":\"https:\\\/\\\/store.myst.gr\\\/#website\"},\"primaryImageOfPage\":{\"@id\":\"https:\\\/\\\/store.myst.gr\\\/product\\\/rock-samphire-in-brine-sea-fennel-200g\\\/#primaryimage\"},\"image\":{\"@id\":\"https:\\\/\\\/store.myst.gr\\\/product\\\/rock-samphire-in-brine-sea-fennel-200g\\\/#primaryimage\"},\"thumbnailUrl\":\"https:\\\/\\\/store.myst.gr\\\/wp-content\\\/uploads\\\/2021\\\/08\\\/Rock-Saphire-in-brine.webp\",\"datePublished\":\"2024-03-15T07:40:11+00:00\",\"dateModified\":\"2026-02-25T11:55:21+00:00\",\"description\":\"\u03a6\u03c5\u03c3\u03b9\u03ba\u03ac \u03b1\u03bb\u03bc\u03c5\u03c1\u03cc \u03c0\u03bf\u03c5 \u03b1\u03bd\u03b1\u03c0\u03c4\u03cd\u03c3\u03c3\u03b5\u03c4\u03b1\u03b9 \u03c3\u03b5 \u03b2\u03c1\u03b1\u03c7\u03ce\u03b4\u03b5\u03b9\u03c2 \u03b1\u03ba\u03c4\u03ad\u03c2, \u03ad\u03c7\u03b5\u03b9 \u03ad\u03bd\u03b1 \u03bc\u03bf\u03bd\u03b1\u03b4\u03b9\u03ba\u03cc, \u03b5\u03bb\u03b1\u03c6\u03c1\u03ce\u03c2 \u03be\u03c5\u03bb\u03ce\u03b4\u03b5\u03c2 \u03ac\u03c1\u03c9\u03bc\u03b1 \u03ba\u03b1\u03b9 \u03b5\u03af\u03bd\u03b1\u03b9 \u03c5\u03c8\u03b7\u03bb\u03ac \u03b8\u03c1\u03b5\u03c0\u03c4\u03b9\u03ba\u03cc. \u03a4\u03b1\u03b9\u03c1\u03b9\u03ac\u03b6\u03b5\u03b9 \u03c4\u03ad\u03bb\u03b5\u03b9\u03b1 \u03bc\u03b5 \u03b5\u03bb\u03b1\u03b9\u03cc\u03bb\u03b1\u03b4\u03bf \u03ba\u03b1\u03b9 \u03bb\u03b5\u03bc\u03cc\",\"breadcrumb\":{\"@id\":\"https:\\\/\\\/store.myst.gr\\\/product\\\/rock-samphire-in-brine-sea-fennel-200g\\\/#breadcrumb\"},\"inLanguage\":\"de\",\"potentialAction\":[{\"@type\":\"ReadAction\",\"target\":[\"https:\\\/\\\/store.myst.gr\\\/product\\\/rock-samphire-in-brine-sea-fennel-200g\\\/\"]}]},{\"@type\":\"ImageObject\",\"inLanguage\":\"de\",\"@id\":\"https:\\\/\\\/store.myst.gr\\\/product\\\/rock-samphire-in-brine-sea-fennel-200g\\\/#primaryimage\",\"url\":\"https:\\\/\\\/store.myst.gr\\\/wp-content\\\/uploads\\\/2021\\\/08\\\/Rock-Saphire-in-brine.webp\",\"contentUrl\":\"https:\\\/\\\/store.myst.gr\\\/wp-content\\\/uploads\\\/2021\\\/08\\\/Rock-Saphire-in-brine.webp\",\"width\":1000,\"height\":1000},{\"@type\":\"BreadcrumbList\",\"@id\":\"https:\\\/\\\/store.myst.gr\\\/product\\\/rock-samphire-in-brine-sea-fennel-200g\\\/#breadcrumb\",\"itemListElement\":[{\"@type\":\"ListItem\",\"position\":1,\"name\":\"Home\",\"item\":\"https:\\\/\\\/store.myst.gr\\\/\"},{\"@type\":\"ListItem\",\"position\":2,\"name\":\"Shop\",\"item\":\"https:\\\/\\\/store.myst.gr\\\/\"},{\"@type\":\"ListItem\",\"position\":3,\"name\":\"\u039a\u03c1\u03af\u03c4\u03b1\u03bc\u03bf\u03c2 \u03c3\u03b5 \u0386\u03bb\u03bc\u03b7\"}]},{\"@type\":\"WebSite\",\"@id\":\"https:\\\/\\\/store.myst.gr\\\/#website\",\"url\":\"https:\\\/\\\/store.myst.gr\\\/\",\"name\":\"Myst\",\"description\":\"\u0391\u03bd\u03b1\u03ba\u03b1\u03bb\u03cd\u03c8\u03c4\u03b5 \u03c4\u03b9\u03c2 \u03b3\u03b5\u03cd\u03c3\u03b5\u03b9\u03c2 \u03c4\u03b7\u03c2 \u0395\u03bb\u03bb\u03ac\u03b4\u03b1\u03c2\",\"publisher\":{\"@id\":\"https:\\\/\\\/store.myst.gr\\\/#organization\"},\"potentialAction\":[{\"@type\":\"SearchAction\",\"target\":{\"@type\":\"EntryPoint\",\"urlTemplate\":\"https:\\\/\\\/store.myst.gr\\\/?s={search_term_string}\"},\"query-input\":{\"@type\":\"PropertyValueSpecification\",\"valueRequired\":true,\"valueName\":\"search_term_string\"}}],\"inLanguage\":\"de\"},{\"@type\":\"Organization\",\"@id\":\"https:\\\/\\\/store.myst.gr\\\/#organization\",\"name\":\"MYST\",\"url\":\"https:\\\/\\\/store.myst.gr\\\/\",\"logo\":{\"@type\":\"ImageObject\",\"inLanguage\":\"de\",\"@id\":\"https:\\\/\\\/store.myst.gr\\\/#\\\/schema\\\/logo\\\/image\\\/\",\"url\":\"https:\\\/\\\/store.myst.gr\\\/wp-content\\\/uploads\\\/2024\\\/12\\\/myst-logo-str.svg\",\"contentUrl\":\"https:\\\/\\\/store.myst.gr\\\/wp-content\\\/uploads\\\/2024\\\/12\\\/myst-logo-str.svg\",\"width\":193,\"height\":53,\"caption\":\"MYST\"},\"image\":{\"@id\":\"https:\\\/\\\/store.myst.gr\\\/#\\\/schema\\\/logo\\\/image\\\/\"},\"sameAs\":[\"https:\\\/\\\/www.facebook.com\\\/mystfood\",\"https:\\\/\\\/www.instagram.com\\\/mystcompany\\\/\"]}]}<\/script>\n<!-- \/ Yoast SEO plugin. -->","yoast_head_json":{"title":"\u039a\u03c1\u03af\u03c4\u03b1\u03bc\u03bf\u03c2 \u03c3\u03b5 \u0386\u03bb\u03bc\u03b7 - MYST","description":"\u03a6\u03c5\u03c3\u03b9\u03ba\u03ac \u03b1\u03bb\u03bc\u03c5\u03c1\u03cc \u03c0\u03bf\u03c5 \u03b1\u03bd\u03b1\u03c0\u03c4\u03cd\u03c3\u03c3\u03b5\u03c4\u03b1\u03b9 \u03c3\u03b5 \u03b2\u03c1\u03b1\u03c7\u03ce\u03b4\u03b5\u03b9\u03c2 \u03b1\u03ba\u03c4\u03ad\u03c2, \u03ad\u03c7\u03b5\u03b9 \u03ad\u03bd\u03b1 \u03bc\u03bf\u03bd\u03b1\u03b4\u03b9\u03ba\u03cc, \u03b5\u03bb\u03b1\u03c6\u03c1\u03ce\u03c2 \u03be\u03c5\u03bb\u03ce\u03b4\u03b5\u03c2 \u03ac\u03c1\u03c9\u03bc\u03b1 \u03ba\u03b1\u03b9 \u03b5\u03af\u03bd\u03b1\u03b9 \u03c5\u03c8\u03b7\u03bb\u03ac \u03b8\u03c1\u03b5\u03c0\u03c4\u03b9\u03ba\u03cc. \u03a4\u03b1\u03b9\u03c1\u03b9\u03ac\u03b6\u03b5\u03b9 \u03c4\u03ad\u03bb\u03b5\u03b9\u03b1 \u03bc\u03b5 \u03b5\u03bb\u03b1\u03b9\u03cc\u03bb\u03b1\u03b4\u03bf \u03ba\u03b1\u03b9 \u03bb\u03b5\u03bc\u03cc","robots":{"index":"index","follow":"follow","max-snippet":"max-snippet:-1","max-image-preview":"max-image-preview:large","max-video-preview":"max-video-preview:-1"},"canonical":"https:\/\/store.myst.gr\/de\/produkt\/rock-samphire-in-brine-sea-fennel-200g\/","og_locale":"de_DE","og_type":"article","og_title":"\u039a\u03c1\u03af\u03c4\u03b1\u03bc\u03bf\u03c2 \u03c3\u03b5 \u0386\u03bb\u03bc\u03b7 - MYST","og_description":"\u03a6\u03c5\u03c3\u03b9\u03ba\u03ac \u03b1\u03bb\u03bc\u03c5\u03c1\u03cc \u03c0\u03bf\u03c5 \u03b1\u03bd\u03b1\u03c0\u03c4\u03cd\u03c3\u03c3\u03b5\u03c4\u03b1\u03b9 \u03c3\u03b5 \u03b2\u03c1\u03b1\u03c7\u03ce\u03b4\u03b5\u03b9\u03c2 \u03b1\u03ba\u03c4\u03ad\u03c2, \u03ad\u03c7\u03b5\u03b9 \u03ad\u03bd\u03b1 \u03bc\u03bf\u03bd\u03b1\u03b4\u03b9\u03ba\u03cc, \u03b5\u03bb\u03b1\u03c6\u03c1\u03ce\u03c2 \u03be\u03c5\u03bb\u03ce\u03b4\u03b5\u03c2 \u03ac\u03c1\u03c9\u03bc\u03b1 \u03ba\u03b1\u03b9 \u03b5\u03af\u03bd\u03b1\u03b9 \u03c5\u03c8\u03b7\u03bb\u03ac \u03b8\u03c1\u03b5\u03c0\u03c4\u03b9\u03ba\u03cc. \u03a4\u03b1\u03b9\u03c1\u03b9\u03ac\u03b6\u03b5\u03b9 \u03c4\u03ad\u03bb\u03b5\u03b9\u03b1 \u03bc\u03b5 \u03b5\u03bb\u03b1\u03b9\u03cc\u03bb\u03b1\u03b4\u03bf \u03ba\u03b1\u03b9 \u03bb\u03b5\u03bc\u03cc","og_url":"https:\/\/store.myst.gr\/de\/produkt\/rock-samphire-in-brine-sea-fennel-200g\/","og_site_name":"MYST","article_publisher":"https:\/\/www.facebook.com\/mystfood","article_modified_time":"2026-02-25T11:55:21+00:00","og_image":[{"width":1000,"height":1000,"url":"https:\/\/store.myst.gr\/wp-content\/uploads\/2021\/08\/Rock-Saphire-in-brine.webp","type":"image\/webp"}],"twitter_card":"summary_large_image","twitter_misc":{"Gesch\u00e4tzte Lesezeit":"2\u00a0Minuten"},"schema":{"@context":"https:\/\/schema.org","@graph":[{"@type":"WebPage","@id":"https:\/\/store.myst.gr\/product\/rock-samphire-in-brine-sea-fennel-200g\/","url":"https:\/\/store.myst.gr\/product\/rock-samphire-in-brine-sea-fennel-200g\/","name":"\u039a\u03c1\u03af\u03c4\u03b1\u03bc\u03bf\u03c2 \u03c3\u03b5 \u0386\u03bb\u03bc\u03b7 - MYST","isPartOf":{"@id":"https:\/\/store.myst.gr\/#website"},"primaryImageOfPage":{"@id":"https:\/\/store.myst.gr\/product\/rock-samphire-in-brine-sea-fennel-200g\/#primaryimage"},"image":{"@id":"https:\/\/store.myst.gr\/product\/rock-samphire-in-brine-sea-fennel-200g\/#primaryimage"},"thumbnailUrl":"https:\/\/store.myst.gr\/wp-content\/uploads\/2021\/08\/Rock-Saphire-in-brine.webp","datePublished":"2024-03-15T07:40:11+00:00","dateModified":"2026-02-25T11:55:21+00:00","description":"\u03a6\u03c5\u03c3\u03b9\u03ba\u03ac \u03b1\u03bb\u03bc\u03c5\u03c1\u03cc \u03c0\u03bf\u03c5 \u03b1\u03bd\u03b1\u03c0\u03c4\u03cd\u03c3\u03c3\u03b5\u03c4\u03b1\u03b9 \u03c3\u03b5 \u03b2\u03c1\u03b1\u03c7\u03ce\u03b4\u03b5\u03b9\u03c2 \u03b1\u03ba\u03c4\u03ad\u03c2, \u03ad\u03c7\u03b5\u03b9 \u03ad\u03bd\u03b1 \u03bc\u03bf\u03bd\u03b1\u03b4\u03b9\u03ba\u03cc, \u03b5\u03bb\u03b1\u03c6\u03c1\u03ce\u03c2 \u03be\u03c5\u03bb\u03ce\u03b4\u03b5\u03c2 \u03ac\u03c1\u03c9\u03bc\u03b1 \u03ba\u03b1\u03b9 \u03b5\u03af\u03bd\u03b1\u03b9 \u03c5\u03c8\u03b7\u03bb\u03ac \u03b8\u03c1\u03b5\u03c0\u03c4\u03b9\u03ba\u03cc. \u03a4\u03b1\u03b9\u03c1\u03b9\u03ac\u03b6\u03b5\u03b9 \u03c4\u03ad\u03bb\u03b5\u03b9\u03b1 \u03bc\u03b5 \u03b5\u03bb\u03b1\u03b9\u03cc\u03bb\u03b1\u03b4\u03bf \u03ba\u03b1\u03b9 \u03bb\u03b5\u03bc\u03cc","breadcrumb":{"@id":"https:\/\/store.myst.gr\/product\/rock-samphire-in-brine-sea-fennel-200g\/#breadcrumb"},"inLanguage":"de","potentialAction":[{"@type":"ReadAction","target":["https:\/\/store.myst.gr\/product\/rock-samphire-in-brine-sea-fennel-200g\/"]}]},{"@type":"ImageObject","inLanguage":"de","@id":"https:\/\/store.myst.gr\/product\/rock-samphire-in-brine-sea-fennel-200g\/#primaryimage","url":"https:\/\/store.myst.gr\/wp-content\/uploads\/2021\/08\/Rock-Saphire-in-brine.webp","contentUrl":"https:\/\/store.myst.gr\/wp-content\/uploads\/2021\/08\/Rock-Saphire-in-brine.webp","width":1000,"height":1000},{"@type":"BreadcrumbList","@id":"https:\/\/store.myst.gr\/product\/rock-samphire-in-brine-sea-fennel-200g\/#breadcrumb","itemListElement":[{"@type":"ListItem","position":1,"name":"Home","item":"https:\/\/store.myst.gr\/"},{"@type":"ListItem","position":2,"name":"Shop","item":"https:\/\/store.myst.gr\/"},{"@type":"ListItem","position":3,"name":"\u039a\u03c1\u03af\u03c4\u03b1\u03bc\u03bf\u03c2 \u03c3\u03b5 \u0386\u03bb\u03bc\u03b7"}]},{"@type":"WebSite","@id":"https:\/\/store.myst.gr\/#website","url":"https:\/\/store.myst.gr\/","name":"Myst","description":"\u0391\u03bd\u03b1\u03ba\u03b1\u03bb\u03cd\u03c8\u03c4\u03b5 \u03c4\u03b9\u03c2 \u03b3\u03b5\u03cd\u03c3\u03b5\u03b9\u03c2 \u03c4\u03b7\u03c2 \u0395\u03bb\u03bb\u03ac\u03b4\u03b1\u03c2","publisher":{"@id":"https:\/\/store.myst.gr\/#organization"},"potentialAction":[{"@type":"SearchAction","target":{"@type":"EntryPoint","urlTemplate":"https:\/\/store.myst.gr\/?s={search_term_string}"},"query-input":{"@type":"PropertyValueSpecification","valueRequired":true,"valueName":"search_term_string"}}],"inLanguage":"de"},{"@type":"Organization","@id":"https:\/\/store.myst.gr\/#organization","name":"MYST","url":"https:\/\/store.myst.gr\/","logo":{"@type":"ImageObject","inLanguage":"de","@id":"https:\/\/store.myst.gr\/#\/schema\/logo\/image\/","url":"https:\/\/store.myst.gr\/wp-content\/uploads\/2024\/12\/myst-logo-str.svg","contentUrl":"https:\/\/store.myst.gr\/wp-content\/uploads\/2024\/12\/myst-logo-str.svg","width":193,"height":53,"caption":"MYST"},"image":{"@id":"https:\/\/store.myst.gr\/#\/schema\/logo\/image\/"},"sameAs":["https:\/\/www.facebook.com\/mystfood","https:\/\/www.instagram.com\/mystcompany\/"]}]}},"_links":{"self":[{"href":"https:\/\/store.myst.gr\/de\/wp-json\/wp\/v2\/product\/6894","targetHints":{"allow":["GET"]}}],"collection":[{"href":"https:\/\/store.myst.gr\/de\/wp-json\/wp\/v2\/product"}],"about":[{"href":"https:\/\/store.myst.gr\/de\/wp-json\/wp\/v2\/types\/product"}],"wp:featuredmedia":[{"embeddable":true,"href":"https:\/\/store.myst.gr\/de\/wp-json\/wp\/v2\/media\/11699"}],"wp:attachment":[{"href":"https:\/\/store.myst.gr\/de\/wp-json\/wp\/v2\/media?parent=6894"}],"wp:term":[{"taxonomy":"product_cat","embeddable":true,"href":"https:\/\/store.myst.gr\/de\/wp-json\/wp\/v2\/product_cat?post=6894"},{"taxonomy":"product_tag","embeddable":true,"href":"https:\/\/store.myst.gr\/de\/wp-json\/wp\/v2\/product_tag?post=6894"}],"curies":[{"name":"wp","href":"https:\/\/api.w.org\/{rel}","templated":true}]}}