{"id":6337,"date":"2023-05-08T15:26:19","date_gmt":"2023-05-08T15:26:19","guid":{"rendered":"https:\/\/store.myst.gr\/?post_type=product&#038;p=6337"},"modified":"2026-02-25T11:01:20","modified_gmt":"2026-02-25T11:01:20","slug":"honey-soap","status":"publish","type":"product","link":"https:\/\/store.myst.gr\/de\/product\/honey-soap\/","title":{"rendered":"Oliven\u00f6lseife | Honig"},"content":{"rendered":"<p><strong>Dermatologisch getestet.<\/strong><\/p>\n<p>ENTH\u00c4LT NICHT: Parabene, Mineral\u00f6l, synthetische Farbstoffe und Inhaltsstoffe tierischen Ursprungs.<\/p>\n<p><strong>Komponenten :<\/strong>\u00a0Verseifte Pflanzenfette, Oliven\u00f6l, Honig, Meersalz<\/p>\n<p><img decoding=\"async\" class=\"alignnone wp-image-6335\" src=\"https:\/\/store.myst.gr\/wp-content\/uploads\/2023\/05\/Untitlesddsd-2-300x102.png\" alt=\"\" width=\"194\" height=\"66\" srcset=\"https:\/\/store.myst.gr\/wp-content\/uploads\/2023\/05\/Untitlesddsd-2-300x102.png 300w, https:\/\/store.myst.gr\/wp-content\/uploads\/2023\/05\/Untitlesddsd-2-768x261.png 768w, https:\/\/store.myst.gr\/wp-content\/uploads\/2023\/05\/Untitlesddsd-2-18x6.png 18w, https:\/\/store.myst.gr\/wp-content\/uploads\/2023\/05\/Untitlesddsd-2-800x272.png 800w, https:\/\/store.myst.gr\/wp-content\/uploads\/2023\/05\/Untitlesddsd-2.png 815w\" sizes=\"(max-width: 194px) 100vw, 194px\" \/><\/p>","protected":false},"excerpt":{"rendered":"<div class=\"page\" title=\"Page 5\">\n<div class=\"section\">\n<div class=\"layoutArea\">\n<div class=\"column\">\n<div class=\"page\" title=\"Page 6\">\n<div class=\"section\">\n<div class=\"layoutArea\">\n<div class=\"column\">\n<div class=\"page\" title=\"Page 6\">\n<div class=\"layoutArea\">\n<div class=\"column\">\n<div class=\"page\" title=\"Page 5\">\n<div class=\"section\">\n<div class=\"layoutArea\">\n<div class=\"column\">\n<div class=\"page\" title=\"Page 6\">\n<div class=\"section\">\n<div class=\"layoutArea\">\n<div class=\"column\">\n<div class=\"page\" title=\"Page 6\">\n<div class=\"layoutArea\">\n<div class=\"column\">\n<div class=\"page\" title=\"Page 5\">\n<div class=\"section\">\n<div class=\"layoutArea\">\n<div class=\"column\">\n<div class=\"page\" title=\"Page 6\">\n<div class=\"section\">\n<div class=\"layoutArea\">\n<div class=\"column\">\n<div class=\"page\" title=\"Page 6\">\n<div class=\"layoutArea\">\n<div class=\"column\">\n<div class=\"page\" title=\"Page 5\">\n<div class=\"section\">\n<div class=\"layoutArea\">\n<div class=\"column\">\n<div class=\"page\" title=\"Page 6\">\n<div class=\"section\">\n<div class=\"layoutArea\">\n<div class=\"column\">\n<div class=\"page\" title=\"Page 6\">\n<div class=\"layoutArea\">\n<div class=\"column\">\n<div class=\"page\" title=\"Page 5\">\n<div class=\"section\">\n<div class=\"layoutArea\">\n<div class=\"column\">\n<div class=\"page\" title=\"Page 6\">\n<div class=\"section\">\n<div class=\"layoutArea\">\n<div class=\"column\">\n<div class=\"page\" title=\"Page 6\">\n<div class=\"layoutArea\">\n<div class=\"column\">\n<div class=\"page\" title=\"Page 5\">\n<div class=\"section\">\n<div class=\"layoutArea\">\n<div class=\"column\">\n<div class=\"page\" title=\"Page 6\">\n<div class=\"section\">\n<div class=\"layoutArea\">\n<div class=\"column\">\n<p class=\"p1\">Diese Oliven\u00f6lseife mit Honig besteht zu 100 % aus nat\u00fcrlichen Inhaltsstoffen. So rein wie das Oliven\u00f6l, aus dem sie hergestellt wird, pflegt die traditionelle griechische Oliven\u00f6lseife von MYST Gesichtshaut und K\u00f6rper.<\/p>\n<\/div>\n<\/div>\n<\/div>\n<\/div>\n<\/div>\n<\/div>\n<\/div>\n<\/div>\n<div class=\"page\" title=\"Page 5\">\n<div class=\"section\">\n<div class=\"layoutArea\">\n<div class=\"column\">\n<p><strong>Nettogewicht: 100g<\/strong><\/p>\n<p><strong>Die besten Produkte aus Griechenland direkt auf Ihren Tisch geliefert und kostenloser Versand bei Bestellungen \u00fcber 120 \u20ac innerhalb Europas.<\/strong><\/p>\n<\/div>\n<\/div>\n<\/div>\n<\/div>\n<\/div>\n<\/div>\n<\/div>\n<\/div>\n<\/div>\n<\/div>\n<\/div>\n<\/div>\n<\/div>\n<\/div>\n<\/div>\n<\/div>\n<\/div>\n<\/div>\n<\/div>\n<\/div>\n<\/div>\n<\/div>\n<\/div>\n<\/div>\n<\/div>\n<\/div>\n<\/div>\n<\/div>\n<\/div>\n<\/div>\n<\/div>\n<\/div>\n<\/div>\n<\/div>\n<\/div>\n<\/div>\n<\/div>\n<\/div>\n<\/div>\n<\/div>\n<\/div>\n<\/div>\n<\/div>\n<\/div>\n<\/div>\n<\/div>\n<\/div>\n<\/div>\n<\/div>\n<\/div>\n<\/div>\n<\/div>\n<\/div>\n<\/div>\n<\/div>\n<\/div>\n<\/div>\n<\/div>\n<\/div>","protected":false},"featured_media":6298,"template":"","meta":{"_acf_changed":false,"inline_featured_image":false},"product_cat":[478,15,484],"product_tag":[323,651],"class_list":{"0":"post-6337","1":"product","2":"type-product","3":"status-publish","4":"has-post-thumbnail","6":"product_cat-oliveoilproducts","7":"product_cat-vall","8":"product_cat-oliveoilsoap","9":"product_tag-cataloguejuly","10":"product_tag-retail","12":"first","13":"instock","14":"taxable","15":"shipping-taxable","16":"purchasable","17":"product-type-simple"},"acf":[],"yoast_head":"<!-- This site is optimized with the Yoast SEO plugin v27.4 - https:\/\/yoast.com\/product\/yoast-seo-wordpress\/ -->\n<title>\u03a3\u03b1\u03c0\u03bf\u03cd\u03bd\u03b9 \u0395\u03bb\u03b1\u03b9\u03bf\u03bb\u03ac\u03b4\u03bf\u03c5 \u03bc\u03b5 \u039c\u03ad\u03bb\u03b9 - Unique Products from Greece<\/title>\n<meta name=\"description\" content=\"\u0391\u03c5\u03c4\u03cc \u03c4\u03bf \u03c3\u03b1\u03c0\u03bf\u03cd\u03bd\u03b9 \u03b5\u03bb\u03b1\u03b9\u03cc\u03bb\u03b1\u03b4\u03bf\u03c5 \u03bc\u03b5 \u03bc\u03ad\u03bb\u03b9 \u03b4\u03b7\u03bc\u03b9\u03bf\u03c5\u03c1\u03b3\u03ae\u03b8\u03b7\u03ba\u03b5 \u03bc\u03b5 100% \u03c6\u03c5\u03c3\u03b9\u03ba\u03ac \u03c3\u03c5\u03c3\u03c4\u03b1\u03c4\u03b9\u03ba\u03ac. \u03a4\u03cc\u03c3\u03bf \u03b1\u03b3\u03bd\u03cc \u03cc\u03c3\u03bf \u03ba\u03b1\u03b9 \u03c4\u03bf \u03b5\u03bb\u03b1\u03b9\u03cc\u03bb\u03b1\u03b4\u03bf \u03b1\u03c0\u03cc \u03c4\u03bf \u03bf\u03c0\u03bf\u03af\u03bf \u03b5\u03af\u03bd\u03b1\u03b9 \u03c6\u03c4\u03b9\u03b1\u03b3\u03bc\u03ad\u03bd\u03bf, \u03c4\u03bf \u03a0\u03b1\u03c1\u03b1\u03b4\u03bf\u03c3\u03b9\u03b1\u03ba\u03cc\" \/>\n<meta name=\"robots\" content=\"index, follow, max-snippet:-1, max-image-preview:large, max-video-preview:-1\" \/>\n<link rel=\"canonical\" href=\"https:\/\/store.myst.gr\/de\/produkt\/honey-soap\/\" \/>\n<meta property=\"og:locale\" content=\"de_DE\" \/>\n<meta property=\"og:type\" content=\"article\" \/>\n<meta property=\"og:title\" content=\"\u03a3\u03b1\u03c0\u03bf\u03cd\u03bd\u03b9 \u0395\u03bb\u03b1\u03b9\u03bf\u03bb\u03ac\u03b4\u03bf\u03c5 \u03bc\u03b5 \u039c\u03ad\u03bb\u03b9 - Unique Products from Greece\" \/>\n<meta property=\"og:description\" content=\"\u0391\u03c5\u03c4\u03cc \u03c4\u03bf \u03c3\u03b1\u03c0\u03bf\u03cd\u03bd\u03b9 \u03b5\u03bb\u03b1\u03b9\u03cc\u03bb\u03b1\u03b4\u03bf\u03c5 \u03bc\u03b5 \u03bc\u03ad\u03bb\u03b9 \u03b4\u03b7\u03bc\u03b9\u03bf\u03c5\u03c1\u03b3\u03ae\u03b8\u03b7\u03ba\u03b5 \u03bc\u03b5 100% \u03c6\u03c5\u03c3\u03b9\u03ba\u03ac \u03c3\u03c5\u03c3\u03c4\u03b1\u03c4\u03b9\u03ba\u03ac. \u03a4\u03cc\u03c3\u03bf \u03b1\u03b3\u03bd\u03cc \u03cc\u03c3\u03bf \u03ba\u03b1\u03b9 \u03c4\u03bf \u03b5\u03bb\u03b1\u03b9\u03cc\u03bb\u03b1\u03b4\u03bf \u03b1\u03c0\u03cc \u03c4\u03bf \u03bf\u03c0\u03bf\u03af\u03bf \u03b5\u03af\u03bd\u03b1\u03b9 \u03c6\u03c4\u03b9\u03b1\u03b3\u03bc\u03ad\u03bd\u03bf, \u03c4\u03bf \u03a0\u03b1\u03c1\u03b1\u03b4\u03bf\u03c3\u03b9\u03b1\u03ba\u03cc\" \/>\n<meta property=\"og:url\" content=\"https:\/\/store.myst.gr\/de\/produkt\/honey-soap\/\" \/>\n<meta property=\"og:site_name\" content=\"MYST\" \/>\n<meta property=\"article:publisher\" content=\"https:\/\/www.facebook.com\/mystfood\" \/>\n<meta property=\"article:modified_time\" content=\"2026-02-25T11:01:20+00:00\" \/>\n<meta property=\"og:image\" content=\"https:\/\/store.myst.gr\/wp-content\/uploads\/2021\/12\/soap-honey-1.jpg\" \/>\n\t<meta property=\"og:image:width\" content=\"1000\" \/>\n\t<meta property=\"og:image:height\" content=\"1000\" \/>\n\t<meta property=\"og:image:type\" content=\"image\/jpeg\" \/>\n<meta name=\"twitter:card\" content=\"summary_large_image\" \/>\n<meta name=\"twitter:label1\" content=\"Gesch\u00e4tzte Lesezeit\" \/>\n\t<meta name=\"twitter:data1\" content=\"1\u00a0Minute\" \/>\n<script type=\"application\/ld+json\" class=\"yoast-schema-graph\">{\"@context\":\"https:\\\/\\\/schema.org\",\"@graph\":[{\"@type\":\"WebPage\",\"@id\":\"https:\\\/\\\/store.myst.gr\\\/product\\\/honey-soap\\\/\",\"url\":\"https:\\\/\\\/store.myst.gr\\\/product\\\/honey-soap\\\/\",\"name\":\"\u03a3\u03b1\u03c0\u03bf\u03cd\u03bd\u03b9 \u0395\u03bb\u03b1\u03b9\u03bf\u03bb\u03ac\u03b4\u03bf\u03c5 \u03bc\u03b5 \u039c\u03ad\u03bb\u03b9 - Unique Products from Greece\",\"isPartOf\":{\"@id\":\"https:\\\/\\\/store.myst.gr\\\/#website\"},\"primaryImageOfPage\":{\"@id\":\"https:\\\/\\\/store.myst.gr\\\/product\\\/honey-soap\\\/#primaryimage\"},\"image\":{\"@id\":\"https:\\\/\\\/store.myst.gr\\\/product\\\/honey-soap\\\/#primaryimage\"},\"thumbnailUrl\":\"https:\\\/\\\/store.myst.gr\\\/wp-content\\\/uploads\\\/2021\\\/12\\\/soap-honey-1.jpg\",\"datePublished\":\"2023-05-08T15:26:19+00:00\",\"dateModified\":\"2026-02-25T11:01:20+00:00\",\"description\":\"\u0391\u03c5\u03c4\u03cc \u03c4\u03bf \u03c3\u03b1\u03c0\u03bf\u03cd\u03bd\u03b9 \u03b5\u03bb\u03b1\u03b9\u03cc\u03bb\u03b1\u03b4\u03bf\u03c5 \u03bc\u03b5 \u03bc\u03ad\u03bb\u03b9 \u03b4\u03b7\u03bc\u03b9\u03bf\u03c5\u03c1\u03b3\u03ae\u03b8\u03b7\u03ba\u03b5 \u03bc\u03b5 100% \u03c6\u03c5\u03c3\u03b9\u03ba\u03ac \u03c3\u03c5\u03c3\u03c4\u03b1\u03c4\u03b9\u03ba\u03ac. \u03a4\u03cc\u03c3\u03bf \u03b1\u03b3\u03bd\u03cc \u03cc\u03c3\u03bf \u03ba\u03b1\u03b9 \u03c4\u03bf \u03b5\u03bb\u03b1\u03b9\u03cc\u03bb\u03b1\u03b4\u03bf \u03b1\u03c0\u03cc \u03c4\u03bf \u03bf\u03c0\u03bf\u03af\u03bf \u03b5\u03af\u03bd\u03b1\u03b9 \u03c6\u03c4\u03b9\u03b1\u03b3\u03bc\u03ad\u03bd\u03bf, \u03c4\u03bf \u03a0\u03b1\u03c1\u03b1\u03b4\u03bf\u03c3\u03b9\u03b1\u03ba\u03cc\",\"breadcrumb\":{\"@id\":\"https:\\\/\\\/store.myst.gr\\\/product\\\/honey-soap\\\/#breadcrumb\"},\"inLanguage\":\"de\",\"potentialAction\":[{\"@type\":\"ReadAction\",\"target\":[\"https:\\\/\\\/store.myst.gr\\\/product\\\/honey-soap\\\/\"]}]},{\"@type\":\"ImageObject\",\"inLanguage\":\"de\",\"@id\":\"https:\\\/\\\/store.myst.gr\\\/product\\\/honey-soap\\\/#primaryimage\",\"url\":\"https:\\\/\\\/store.myst.gr\\\/wp-content\\\/uploads\\\/2021\\\/12\\\/soap-honey-1.jpg\",\"contentUrl\":\"https:\\\/\\\/store.myst.gr\\\/wp-content\\\/uploads\\\/2021\\\/12\\\/soap-honey-1.jpg\",\"width\":1000,\"height\":1000},{\"@type\":\"BreadcrumbList\",\"@id\":\"https:\\\/\\\/store.myst.gr\\\/product\\\/honey-soap\\\/#breadcrumb\",\"itemListElement\":[{\"@type\":\"ListItem\",\"position\":1,\"name\":\"Home\",\"item\":\"https:\\\/\\\/store.myst.gr\\\/\"},{\"@type\":\"ListItem\",\"position\":2,\"name\":\"Shop\",\"item\":\"https:\\\/\\\/store.myst.gr\\\/\"},{\"@type\":\"ListItem\",\"position\":3,\"name\":\"\u03a3\u03b1\u03c0\u03bf\u03cd\u03bd\u03b9 \u0395\u03bb\u03b1\u03b9\u03bf\u03bb\u03ac\u03b4\u03bf\u03c5 \u03bc\u03b5 \u039c\u03ad\u03bb\u03b9\"}]},{\"@type\":\"WebSite\",\"@id\":\"https:\\\/\\\/store.myst.gr\\\/#website\",\"url\":\"https:\\\/\\\/store.myst.gr\\\/\",\"name\":\"Myst\",\"description\":\"\u0391\u03bd\u03b1\u03ba\u03b1\u03bb\u03cd\u03c8\u03c4\u03b5 \u03c4\u03b9\u03c2 \u03b3\u03b5\u03cd\u03c3\u03b5\u03b9\u03c2 \u03c4\u03b7\u03c2 \u0395\u03bb\u03bb\u03ac\u03b4\u03b1\u03c2\",\"publisher\":{\"@id\":\"https:\\\/\\\/store.myst.gr\\\/#organization\"},\"potentialAction\":[{\"@type\":\"SearchAction\",\"target\":{\"@type\":\"EntryPoint\",\"urlTemplate\":\"https:\\\/\\\/store.myst.gr\\\/?s={search_term_string}\"},\"query-input\":{\"@type\":\"PropertyValueSpecification\",\"valueRequired\":true,\"valueName\":\"search_term_string\"}}],\"inLanguage\":\"de\"},{\"@type\":\"Organization\",\"@id\":\"https:\\\/\\\/store.myst.gr\\\/#organization\",\"name\":\"MYST\",\"url\":\"https:\\\/\\\/store.myst.gr\\\/\",\"logo\":{\"@type\":\"ImageObject\",\"inLanguage\":\"de\",\"@id\":\"https:\\\/\\\/store.myst.gr\\\/#\\\/schema\\\/logo\\\/image\\\/\",\"url\":\"https:\\\/\\\/store.myst.gr\\\/wp-content\\\/uploads\\\/2024\\\/12\\\/myst-logo-str.svg\",\"contentUrl\":\"https:\\\/\\\/store.myst.gr\\\/wp-content\\\/uploads\\\/2024\\\/12\\\/myst-logo-str.svg\",\"width\":193,\"height\":53,\"caption\":\"MYST\"},\"image\":{\"@id\":\"https:\\\/\\\/store.myst.gr\\\/#\\\/schema\\\/logo\\\/image\\\/\"},\"sameAs\":[\"https:\\\/\\\/www.facebook.com\\\/mystfood\",\"https:\\\/\\\/www.instagram.com\\\/mystcompany\\\/\"]}]}<\/script>\n<!-- \/ Yoast SEO plugin. -->","yoast_head_json":{"title":"\u03a3\u03b1\u03c0\u03bf\u03cd\u03bd\u03b9 \u0395\u03bb\u03b1\u03b9\u03bf\u03bb\u03ac\u03b4\u03bf\u03c5 \u03bc\u03b5 \u039c\u03ad\u03bb\u03b9 - Unique Products from Greece","description":"\u0391\u03c5\u03c4\u03cc \u03c4\u03bf \u03c3\u03b1\u03c0\u03bf\u03cd\u03bd\u03b9 \u03b5\u03bb\u03b1\u03b9\u03cc\u03bb\u03b1\u03b4\u03bf\u03c5 \u03bc\u03b5 \u03bc\u03ad\u03bb\u03b9 \u03b4\u03b7\u03bc\u03b9\u03bf\u03c5\u03c1\u03b3\u03ae\u03b8\u03b7\u03ba\u03b5 \u03bc\u03b5 100% \u03c6\u03c5\u03c3\u03b9\u03ba\u03ac \u03c3\u03c5\u03c3\u03c4\u03b1\u03c4\u03b9\u03ba\u03ac. \u03a4\u03cc\u03c3\u03bf \u03b1\u03b3\u03bd\u03cc \u03cc\u03c3\u03bf \u03ba\u03b1\u03b9 \u03c4\u03bf \u03b5\u03bb\u03b1\u03b9\u03cc\u03bb\u03b1\u03b4\u03bf \u03b1\u03c0\u03cc \u03c4\u03bf \u03bf\u03c0\u03bf\u03af\u03bf \u03b5\u03af\u03bd\u03b1\u03b9 \u03c6\u03c4\u03b9\u03b1\u03b3\u03bc\u03ad\u03bd\u03bf, \u03c4\u03bf \u03a0\u03b1\u03c1\u03b1\u03b4\u03bf\u03c3\u03b9\u03b1\u03ba\u03cc","robots":{"index":"index","follow":"follow","max-snippet":"max-snippet:-1","max-image-preview":"max-image-preview:large","max-video-preview":"max-video-preview:-1"},"canonical":"https:\/\/store.myst.gr\/de\/produkt\/honey-soap\/","og_locale":"de_DE","og_type":"article","og_title":"\u03a3\u03b1\u03c0\u03bf\u03cd\u03bd\u03b9 \u0395\u03bb\u03b1\u03b9\u03bf\u03bb\u03ac\u03b4\u03bf\u03c5 \u03bc\u03b5 \u039c\u03ad\u03bb\u03b9 - Unique Products from Greece","og_description":"\u0391\u03c5\u03c4\u03cc \u03c4\u03bf \u03c3\u03b1\u03c0\u03bf\u03cd\u03bd\u03b9 \u03b5\u03bb\u03b1\u03b9\u03cc\u03bb\u03b1\u03b4\u03bf\u03c5 \u03bc\u03b5 \u03bc\u03ad\u03bb\u03b9 \u03b4\u03b7\u03bc\u03b9\u03bf\u03c5\u03c1\u03b3\u03ae\u03b8\u03b7\u03ba\u03b5 \u03bc\u03b5 100% \u03c6\u03c5\u03c3\u03b9\u03ba\u03ac \u03c3\u03c5\u03c3\u03c4\u03b1\u03c4\u03b9\u03ba\u03ac. \u03a4\u03cc\u03c3\u03bf \u03b1\u03b3\u03bd\u03cc \u03cc\u03c3\u03bf \u03ba\u03b1\u03b9 \u03c4\u03bf \u03b5\u03bb\u03b1\u03b9\u03cc\u03bb\u03b1\u03b4\u03bf \u03b1\u03c0\u03cc \u03c4\u03bf \u03bf\u03c0\u03bf\u03af\u03bf \u03b5\u03af\u03bd\u03b1\u03b9 \u03c6\u03c4\u03b9\u03b1\u03b3\u03bc\u03ad\u03bd\u03bf, \u03c4\u03bf \u03a0\u03b1\u03c1\u03b1\u03b4\u03bf\u03c3\u03b9\u03b1\u03ba\u03cc","og_url":"https:\/\/store.myst.gr\/de\/produkt\/honey-soap\/","og_site_name":"MYST","article_publisher":"https:\/\/www.facebook.com\/mystfood","article_modified_time":"2026-02-25T11:01:20+00:00","og_image":[{"width":1000,"height":1000,"url":"https:\/\/store.myst.gr\/wp-content\/uploads\/2021\/12\/soap-honey-1.jpg","type":"image\/jpeg"}],"twitter_card":"summary_large_image","twitter_misc":{"Gesch\u00e4tzte Lesezeit":"1\u00a0Minute"},"schema":{"@context":"https:\/\/schema.org","@graph":[{"@type":"WebPage","@id":"https:\/\/store.myst.gr\/product\/honey-soap\/","url":"https:\/\/store.myst.gr\/product\/honey-soap\/","name":"\u03a3\u03b1\u03c0\u03bf\u03cd\u03bd\u03b9 \u0395\u03bb\u03b1\u03b9\u03bf\u03bb\u03ac\u03b4\u03bf\u03c5 \u03bc\u03b5 \u039c\u03ad\u03bb\u03b9 - Unique Products from Greece","isPartOf":{"@id":"https:\/\/store.myst.gr\/#website"},"primaryImageOfPage":{"@id":"https:\/\/store.myst.gr\/product\/honey-soap\/#primaryimage"},"image":{"@id":"https:\/\/store.myst.gr\/product\/honey-soap\/#primaryimage"},"thumbnailUrl":"https:\/\/store.myst.gr\/wp-content\/uploads\/2021\/12\/soap-honey-1.jpg","datePublished":"2023-05-08T15:26:19+00:00","dateModified":"2026-02-25T11:01:20+00:00","description":"\u0391\u03c5\u03c4\u03cc \u03c4\u03bf \u03c3\u03b1\u03c0\u03bf\u03cd\u03bd\u03b9 \u03b5\u03bb\u03b1\u03b9\u03cc\u03bb\u03b1\u03b4\u03bf\u03c5 \u03bc\u03b5 \u03bc\u03ad\u03bb\u03b9 \u03b4\u03b7\u03bc\u03b9\u03bf\u03c5\u03c1\u03b3\u03ae\u03b8\u03b7\u03ba\u03b5 \u03bc\u03b5 100% \u03c6\u03c5\u03c3\u03b9\u03ba\u03ac \u03c3\u03c5\u03c3\u03c4\u03b1\u03c4\u03b9\u03ba\u03ac. \u03a4\u03cc\u03c3\u03bf \u03b1\u03b3\u03bd\u03cc \u03cc\u03c3\u03bf \u03ba\u03b1\u03b9 \u03c4\u03bf \u03b5\u03bb\u03b1\u03b9\u03cc\u03bb\u03b1\u03b4\u03bf \u03b1\u03c0\u03cc \u03c4\u03bf \u03bf\u03c0\u03bf\u03af\u03bf \u03b5\u03af\u03bd\u03b1\u03b9 \u03c6\u03c4\u03b9\u03b1\u03b3\u03bc\u03ad\u03bd\u03bf, \u03c4\u03bf \u03a0\u03b1\u03c1\u03b1\u03b4\u03bf\u03c3\u03b9\u03b1\u03ba\u03cc","breadcrumb":{"@id":"https:\/\/store.myst.gr\/product\/honey-soap\/#breadcrumb"},"inLanguage":"de","potentialAction":[{"@type":"ReadAction","target":["https:\/\/store.myst.gr\/product\/honey-soap\/"]}]},{"@type":"ImageObject","inLanguage":"de","@id":"https:\/\/store.myst.gr\/product\/honey-soap\/#primaryimage","url":"https:\/\/store.myst.gr\/wp-content\/uploads\/2021\/12\/soap-honey-1.jpg","contentUrl":"https:\/\/store.myst.gr\/wp-content\/uploads\/2021\/12\/soap-honey-1.jpg","width":1000,"height":1000},{"@type":"BreadcrumbList","@id":"https:\/\/store.myst.gr\/product\/honey-soap\/#breadcrumb","itemListElement":[{"@type":"ListItem","position":1,"name":"Home","item":"https:\/\/store.myst.gr\/"},{"@type":"ListItem","position":2,"name":"Shop","item":"https:\/\/store.myst.gr\/"},{"@type":"ListItem","position":3,"name":"\u03a3\u03b1\u03c0\u03bf\u03cd\u03bd\u03b9 \u0395\u03bb\u03b1\u03b9\u03bf\u03bb\u03ac\u03b4\u03bf\u03c5 \u03bc\u03b5 \u039c\u03ad\u03bb\u03b9"}]},{"@type":"WebSite","@id":"https:\/\/store.myst.gr\/#website","url":"https:\/\/store.myst.gr\/","name":"Myst","description":"\u0391\u03bd\u03b1\u03ba\u03b1\u03bb\u03cd\u03c8\u03c4\u03b5 \u03c4\u03b9\u03c2 \u03b3\u03b5\u03cd\u03c3\u03b5\u03b9\u03c2 \u03c4\u03b7\u03c2 \u0395\u03bb\u03bb\u03ac\u03b4\u03b1\u03c2","publisher":{"@id":"https:\/\/store.myst.gr\/#organization"},"potentialAction":[{"@type":"SearchAction","target":{"@type":"EntryPoint","urlTemplate":"https:\/\/store.myst.gr\/?s={search_term_string}"},"query-input":{"@type":"PropertyValueSpecification","valueRequired":true,"valueName":"search_term_string"}}],"inLanguage":"de"},{"@type":"Organization","@id":"https:\/\/store.myst.gr\/#organization","name":"MYST","url":"https:\/\/store.myst.gr\/","logo":{"@type":"ImageObject","inLanguage":"de","@id":"https:\/\/store.myst.gr\/#\/schema\/logo\/image\/","url":"https:\/\/store.myst.gr\/wp-content\/uploads\/2024\/12\/myst-logo-str.svg","contentUrl":"https:\/\/store.myst.gr\/wp-content\/uploads\/2024\/12\/myst-logo-str.svg","width":193,"height":53,"caption":"MYST"},"image":{"@id":"https:\/\/store.myst.gr\/#\/schema\/logo\/image\/"},"sameAs":["https:\/\/www.facebook.com\/mystfood","https:\/\/www.instagram.com\/mystcompany\/"]}]}},"_links":{"self":[{"href":"https:\/\/store.myst.gr\/de\/wp-json\/wp\/v2\/product\/6337","targetHints":{"allow":["GET"]}}],"collection":[{"href":"https:\/\/store.myst.gr\/de\/wp-json\/wp\/v2\/product"}],"about":[{"href":"https:\/\/store.myst.gr\/de\/wp-json\/wp\/v2\/types\/product"}],"wp:featuredmedia":[{"embeddable":true,"href":"https:\/\/store.myst.gr\/de\/wp-json\/wp\/v2\/media\/6298"}],"wp:attachment":[{"href":"https:\/\/store.myst.gr\/de\/wp-json\/wp\/v2\/media?parent=6337"}],"wp:term":[{"taxonomy":"product_cat","embeddable":true,"href":"https:\/\/store.myst.gr\/de\/wp-json\/wp\/v2\/product_cat?post=6337"},{"taxonomy":"product_tag","embeddable":true,"href":"https:\/\/store.myst.gr\/de\/wp-json\/wp\/v2\/product_tag?post=6337"}],"curies":[{"name":"wp","href":"https:\/\/api.w.org\/{rel}","templated":true}]}}