{"id":5127,"date":"2021-08-29T11:50:20","date_gmt":"2021-08-29T11:50:20","guid":{"rendered":"https:\/\/store.myst.gr\/?post_type=product&#038;p=5127"},"modified":"2026-02-24T07:48:43","modified_gmt":"2026-02-24T07:48:43","slug":"gourmet-organic-thyme","status":"publish","type":"product","link":"https:\/\/store.myst.gr\/de\/product\/gourmet-organic-thyme\/","title":{"rendered":"Biologisches Griechisches Getrocknetes Thymian"},"content":{"rendered":"<p>Thymian ist eine w\u00fcrzige Kr\u00e4uterpflanze, eine aromatische, mehrj\u00e4hrige immergr\u00fcne Pflanze mit medizinischen, kulinarischen und die Ern\u00e4hrung betreffenden Vorteilen. Thymian wird ebenfalls als Zierstrauch verwendet, da er einen nat\u00fcrlichen, beruhigenden Duft verstr\u00f6mt. Sein botanischer Name ist Thymus Vulgaris und er geh\u00f6rt zur Thymus-Familie, einer Unterart der Minz-Familie (Lamiaceae). Er ist auch mit dem Oregano, einem weiteren Vertreter der Minz- Familie, verwandt.<\/p>\n<p>In der griechischen Antike verwendete Hippocrates (460-370), der Vater der Medizin, Kr\u00e4uter aus der griechischen Natur, welche die Grundlage der Medizinwissenschaft bildeten. Die exzellente Qualit\u00e4t der griechischen Kr\u00e4uter und Gew\u00fcrze steht in direktem Zusammenhang mit der intensiven Sonneneinwirkung, der sie ausgesetzt sind.<\/p>\n<h3><b>BIO 100%<\/b><\/h3>\n<p>\u201eBiologisch\u201c ist das Wort, das uns definiert. Alles, was wir tun, angefangen bei den Feldern bis hin zum Regal, wird nach biologischen Prinzipien \u00fcberwacht und unterliegt strengen Richtlinien.<\/p>\n<p><img decoding=\"async\" class=\"alignnone wp-image-5164\" src=\"https:\/\/store.myst.gr\/wp-content\/uploads\/2021\/08\/isoFoo-1.svg\" alt=\"\" width=\"60\" height=\"60\" \/> <img decoding=\"async\" class=\"alignnone wp-image-6240\" src=\"https:\/\/store.myst.gr\/wp-content\/uploads\/2021\/12\/leaf2-Converted.svg\" alt=\"\" width=\"60\" \/><img decoding=\"async\" class=\"alignnone wp-image-6241\" src=\"https:\/\/store.myst.gr\/wp-content\/uploads\/2021\/12\/BIO-2-Converted.svg\" alt=\"\" width=\"66\" \/><img decoding=\"async\" class=\"alignnone wp-image-6189\" src=\"https:\/\/store.myst.gr\/wp-content\/uploads\/2023\/03\/Untitled-1-300x168.png\" alt=\"\" width=\"100\" height=\"56\" srcset=\"https:\/\/store.myst.gr\/wp-content\/uploads\/2023\/03\/Untitled-1-300x168.png 300w, https:\/\/store.myst.gr\/wp-content\/uploads\/2023\/03\/Untitled-1-1024x575.png 1024w, https:\/\/store.myst.gr\/wp-content\/uploads\/2023\/03\/Untitled-1-768x431.png 768w, https:\/\/store.myst.gr\/wp-content\/uploads\/2023\/03\/Untitled-1-18x10.png 18w, https:\/\/store.myst.gr\/wp-content\/uploads\/2023\/03\/Untitled-1-800x449.png 800w, https:\/\/store.myst.gr\/wp-content\/uploads\/2023\/03\/Untitled-1.png 1067w\" sizes=\"(max-width: 100px) 100vw, 100px\" \/><\/p>","protected":false},"excerpt":{"rendered":"<div class=\"page\" title=\"Page 5\">\n<div class=\"section\">\n<div class=\"layoutArea\">\n<div class=\"column\">\n<div class=\"page\" title=\"Page 6\">\n<div class=\"section\">\n<div class=\"layoutArea\">\n<div class=\"column\">\n<div class=\"page\" title=\"Page 7\">\n<div class=\"section\">\n<div class=\"layoutArea\">\n<div class=\"column\">\n<div class=\"page\" title=\"Page 5\">\n<div class=\"section\">\n<div class=\"layoutArea\">\n<div class=\"column\">\n<div class=\"page\" title=\"Page 6\">\n<div class=\"section\">\n<div class=\"layoutArea\">\n<div class=\"column\">\n<div class=\"page\" title=\"Page 7\">\n<div class=\"section\">\n<div class=\"layoutArea\">\n<div class=\"column\">\n<div class=\"page\" title=\"Page 5\">\n<div class=\"section\">\n<div class=\"layoutArea\">\n<div class=\"column\">\n<div class=\"page\" title=\"Page 5\">\n<div class=\"section\">\n<div class=\"layoutArea\">\n<div class=\"column\">\n<div class=\"page\" title=\"Page 6\">\n<div class=\"section\">\n<div class=\"layoutArea\">\n<div class=\"column\">\n<div class=\"page\" title=\"Page 5\">\n<div class=\"section\">\n<div class=\"layoutArea\">\n<div class=\"column\">\n<div class=\"page\" title=\"Page 6\">\n<div class=\"section\">\n<div class=\"layoutArea\">\n<div class=\"column\">\n<div class=\"page\" title=\"Page 5\">\n<div class=\"section\">\n<div class=\"layoutArea\">\n<div class=\"column\">\n<div class=\"page\" title=\"Page 6\">\n<div class=\"section\">\n<div class=\"layoutArea\">\n<div class=\"column\">\n<div class=\"page\" title=\"Page 5\">\n<div class=\"section\">\n<div class=\"layoutArea\">\n<div class=\"column\">\n<div class=\"page\" title=\"Page 6\">\n<div class=\"section\">\n<div class=\"layoutArea\">\n<div class=\"column\">\n<div class=\"page\" title=\"Page 5\">\n<div class=\"section\">\n<div class=\"layoutArea\">\n<div class=\"column\">\n<div class=\"page\" title=\"Page 6\">\n<div class=\"section\">\n<div class=\"layoutArea\">\n<div class=\"column\">\n<div class=\"page\" title=\"Page 5\">\n<div class=\"section\">\n<div class=\"layoutArea\">\n<div class=\"column\">\n<div class=\"page\" title=\"Page 6\">\n<div class=\"section\">\n<div class=\"layoutArea\">\n<div class=\"column\">\n<div class=\"page\" title=\"Page 5\">\n<div class=\"section\">\n<div class=\"layoutArea\">\n<div class=\"column\">\n<div class=\"page\" title=\"Page 6\">\n<div class=\"section\">\n<div class=\"layoutArea\">\n<div class=\"column\">\n<div class=\"page\" title=\"Page 7\">\n<div class=\"section\">\n<div class=\"layoutArea\">\n<div class=\"column\">\n<div class=\"page\" title=\"Page 5\">\n<div class=\"section\">\n<div class=\"layoutArea\">\n<div class=\"column\">\n<div class=\"page\" title=\"Page 6\">\n<div class=\"section\">\n<div class=\"layoutArea\">\n<div class=\"column\">\n<div class=\"page\" title=\"Page 7\">\n<div class=\"section\">\n<div class=\"layoutArea\">\n<div class=\"column\">\n<div class=\"page\" title=\"Page 5\">\n<div class=\"section\">\n<div class=\"layoutArea\">\n<div class=\"column\">\n<div class=\"page\" title=\"Page 5\">\n<div class=\"section\">\n<div class=\"layoutArea\">\n<div class=\"column\">\n<div class=\"page\" title=\"Page 6\">\n<div class=\"section\">\n<div class=\"layoutArea\">\n<div class=\"column\">\n<div class=\"page\" title=\"Page 5\">\n<div class=\"section\">\n<div class=\"layoutArea\">\n<div class=\"column\">\n<div class=\"page\" title=\"Page 6\">\n<div class=\"section\">\n<div class=\"layoutArea\">\n<div class=\"column\">\n<div class=\"page\" title=\"Page 5\">\n<div class=\"section\">\n<div class=\"layoutArea\">\n<div class=\"column\">\n<div class=\"page\" title=\"Page 6\">\n<div class=\"section\">\n<div class=\"layoutArea\">\n<div class=\"column\">\n<div class=\"page\" title=\"Page 5\">\n<div class=\"section\">\n<div class=\"layoutArea\">\n<div class=\"column\">\n<div class=\"page\" title=\"Page 6\">\n<div class=\"section\">\n<div class=\"layoutArea\">\n<div class=\"column\">\n<div class=\"page\" title=\"Page 5\">\n<div class=\"section\">\n<div class=\"layoutArea\">\n<div class=\"column\">\n<div class=\"page\" title=\"Page 6\">\n<div class=\"section\">\n<div class=\"layoutArea\">\n<div class=\"column\">\n<div class=\"page\" title=\"Page 5\">\n<div class=\"section\">\n<div class=\"layoutArea\">\n<div class=\"column\">\n<div class=\"page\" title=\"Page 6\">\n<div class=\"section\">\n<div class=\"layoutArea\">\n<div class=\"column\">\n<p>Thymian hat einen starken, leicht w\u00fcrzigen Geschmack, daher m\u00fcssen wir bei der Verwendung vorsichtig sein. Er kann Fleisch, Gefl\u00fcgel, Fisch, Saucen, H\u00fclsenfr\u00fcchte und K\u00e4se begleiten. Es ist ein Kraut, das zu Beginn des Kochens verwendet werden muss, damit es Zeit hat, sein Aroma freizusetzen. Es eignet sich auch sehr gut zum Marinieren und kann besonders zu gegrillten Gerichten und gegrilltem Fleisch mit Basilikum und Rosmarin kombiniert werden.<\/p>\n<p><strong>inhalt : e 30g<\/strong><\/p>\n<div class=\"woocommerce-product-details__short-description\">\n<div class=\"page\" title=\"Page 5\">\n<div class=\"section\">\n<div class=\"layoutArea\">\n<div class=\"column\">\n<div class=\"page\" title=\"Page 5\">\n<div class=\"section\">\n<div class=\"layoutArea\">\n<div class=\"column\">\n<p><strong>Die besten Produkte aus Griechenland direkt auf Ihren Tisch geliefert und kostenloser Versand bei Bestellungen \u00fcber 120 \u20ac innerhalb Europas.<\/strong><\/p>\n<\/div>\n<\/div>\n<\/div>\n<\/div>\n<\/div>\n<\/div>\n<\/div>\n<\/div>\n<\/div>\n<\/div>\n<\/div>\n<\/div>\n<\/div>\n<\/div>\n<\/div>\n<\/div>\n<\/div>\n<\/div>\n<\/div>\n<\/div>\n<\/div>\n<\/div>\n<\/div>\n<\/div>\n<\/div>\n<\/div>\n<\/div>\n<\/div>\n<\/div>\n<\/div>\n<\/div>\n<\/div>\n<\/div>\n<\/div>\n<\/div>\n<\/div>\n<\/div>\n<\/div>\n<\/div>\n<\/div>\n<\/div>\n<\/div>\n<\/div>\n<\/div>\n<\/div>\n<\/div>\n<\/div>\n<\/div>\n<\/div>\n<\/div>\n<\/div>\n<\/div>\n<\/div>\n<\/div>\n<\/div>\n<\/div>\n<\/div>\n<\/div>\n<\/div>\n<\/div>\n<\/div>\n<\/div>\n<\/div>\n<\/div>\n<\/div>\n<\/div>\n<\/div>\n<\/div>\n<\/div>\n<\/div>\n<\/div>\n<\/div>\n<\/div>\n<\/div>\n<\/div>\n<\/div>\n<\/div>\n<\/div>\n<\/div>\n<\/div>\n<\/div>\n<\/div>\n<\/div>\n<\/div>\n<\/div>\n<\/div>\n<\/div>\n<\/div>\n<\/div>\n<\/div>\n<\/div>\n<\/div>\n<\/div>\n<\/div>\n<\/div>\n<\/div>\n<\/div>\n<\/div>\n<\/div>\n<\/div>\n<\/div>\n<\/div>\n<\/div>\n<\/div>\n<\/div>\n<\/div>\n<\/div>\n<\/div>\n<\/div>\n<\/div>\n<\/div>\n<\/div>\n<\/div>\n<\/div>\n<\/div>\n<\/div>\n<\/div>\n<\/div>\n<\/div>\n<\/div>\n<\/div>\n<\/div>\n<\/div>\n<\/div>\n<\/div>\n<\/div>\n<\/div>\n<\/div>\n<\/div>\n<\/div>\n<\/div>\n<\/div>\n<\/div>\n<\/div>\n<\/div>\n<\/div>\n<\/div>\n<\/div>\n<\/div>\n<\/div>\n<\/div>\n<\/div>\n<\/div>\n<\/div>\n<\/div>\n<\/div>\n<\/div>\n<\/div>\n<\/div>\n<\/div>\n<\/div>\n<\/div>\n<\/div>\n<\/div>\n<\/div>\n<\/div>\n<\/div>\n<\/div>\n<\/div>\n<\/div>\n<\/div>","protected":false},"featured_media":11707,"template":"","meta":{"_acf_changed":false,"inline_featured_image":false},"product_cat":[537,572,15],"product_tag":[323,651],"class_list":{"0":"post-5127","1":"product","2":"type-product","3":"status-publish","4":"has-post-thumbnail","6":"product_cat-organic-herbs","7":"product_cat-herbs-tea","8":"product_cat-vall","9":"product_tag-cataloguejuly","10":"product_tag-retail","12":"first","13":"instock","14":"taxable","15":"shipping-taxable","16":"purchasable","17":"product-type-simple"},"acf":[],"yoast_head":"<!-- This site is optimized with the Yoast SEO plugin v27.4 - https:\/\/yoast.com\/product\/yoast-seo-wordpress\/ -->\n<title>\u0392\u03b9\u03bf\u03bb\u03bf\u03b3\u03b9\u03ba\u03cc \u0398\u03c5\u03bc\u03ac\u03c1\u03b9 \u039f\u03bb\u03cd\u03bc\u03c0\u03bf\u03c5 - MYST<\/title>\n<meta name=\"description\" content=\"\u03a4\u03bf \u03b8\u03c5\u03bc\u03ac\u03c1\u03b9 \u03ad\u03c7\u03b5\u03b9 \u03ad\u03bd\u03c4\u03bf\u03bd\u03b7 \u03b5\u03bb\u03b1\u03c6\u03c1\u03ce\u03c2 \u03c0\u03b9\u03ba\u03ac\u03bd\u03c4\u03b9\u03ba\u03b7 \u03b3\u03b5\u03cd\u03c3\u03b7 \u03b3\u03b9&#039; \u03b1\u03c5\u03c4\u03cc \u03b8\u03b1 \u03c0\u03c1\u03ad\u03c0\u03b5\u03b9 \u03bd\u03b1 \u03b5\u03af\u03bc\u03b1\u03c3\u03c4\u03b5 \u03c0\u03c1\u03bf\u03c3\u03b5\u03ba\u03c4\u03b9\u03ba\u03bf\u03af \u03c3\u03c4\u03b7 \u03c7\u03c1\u03ae\u03c3\u03b7 \u03c4\u03bf\u03c5. \u039c\u03c0\u03bf\u03c1\u03b5\u03af \u03bd\u03b1 \u03c3\u03c5\u03bd\u03bf\u03b4\u03b5\u03cd\u03c3\u03b5\u03b9 \u03ba\u03c1\u03ad\u03b1\u03c4\u03b1, \u03c0\u03bf\u03c5\u03bb\u03b5\u03c1\u03b9\u03ba\u03ac, \u03c8\u03ac\u03c1\u03b9\u03b1,\" \/>\n<meta name=\"robots\" content=\"index, follow, max-snippet:-1, max-image-preview:large, max-video-preview:-1\" \/>\n<link rel=\"canonical\" href=\"https:\/\/store.myst.gr\/de\/produkt\/gourmet-organic-thyme\/\" \/>\n<meta property=\"og:locale\" content=\"de_DE\" \/>\n<meta property=\"og:type\" content=\"article\" \/>\n<meta property=\"og:title\" content=\"\u0392\u03b9\u03bf\u03bb\u03bf\u03b3\u03b9\u03ba\u03cc \u0398\u03c5\u03bc\u03ac\u03c1\u03b9 \u039f\u03bb\u03cd\u03bc\u03c0\u03bf\u03c5 - MYST\" \/>\n<meta property=\"og:description\" content=\"\u03a4\u03bf \u03b8\u03c5\u03bc\u03ac\u03c1\u03b9 \u03ad\u03c7\u03b5\u03b9 \u03ad\u03bd\u03c4\u03bf\u03bd\u03b7 \u03b5\u03bb\u03b1\u03c6\u03c1\u03ce\u03c2 \u03c0\u03b9\u03ba\u03ac\u03bd\u03c4\u03b9\u03ba\u03b7 \u03b3\u03b5\u03cd\u03c3\u03b7 \u03b3\u03b9&#039; \u03b1\u03c5\u03c4\u03cc \u03b8\u03b1 \u03c0\u03c1\u03ad\u03c0\u03b5\u03b9 \u03bd\u03b1 \u03b5\u03af\u03bc\u03b1\u03c3\u03c4\u03b5 \u03c0\u03c1\u03bf\u03c3\u03b5\u03ba\u03c4\u03b9\u03ba\u03bf\u03af \u03c3\u03c4\u03b7 \u03c7\u03c1\u03ae\u03c3\u03b7 \u03c4\u03bf\u03c5. \u039c\u03c0\u03bf\u03c1\u03b5\u03af \u03bd\u03b1 \u03c3\u03c5\u03bd\u03bf\u03b4\u03b5\u03cd\u03c3\u03b5\u03b9 \u03ba\u03c1\u03ad\u03b1\u03c4\u03b1, \u03c0\u03bf\u03c5\u03bb\u03b5\u03c1\u03b9\u03ba\u03ac, \u03c8\u03ac\u03c1\u03b9\u03b1,\" \/>\n<meta property=\"og:url\" content=\"https:\/\/store.myst.gr\/de\/produkt\/gourmet-organic-thyme\/\" \/>\n<meta property=\"og:site_name\" content=\"MYST\" \/>\n<meta property=\"article:publisher\" content=\"https:\/\/www.facebook.com\/mystfood\" \/>\n<meta property=\"article:modified_time\" content=\"2026-02-24T07:48:43+00:00\" \/>\n<meta property=\"og:image\" content=\"https:\/\/store.myst.gr\/wp-content\/uploads\/2021\/08\/Organic-Thyme.webp\" \/>\n\t<meta property=\"og:image:width\" content=\"1000\" \/>\n\t<meta property=\"og:image:height\" content=\"1000\" \/>\n\t<meta property=\"og:image:type\" content=\"image\/webp\" \/>\n<meta name=\"twitter:card\" content=\"summary_large_image\" \/>\n<meta name=\"twitter:label1\" content=\"Gesch\u00e4tzte Lesezeit\" \/>\n\t<meta name=\"twitter:data1\" content=\"2\u00a0Minuten\" \/>\n<script type=\"application\/ld+json\" class=\"yoast-schema-graph\">{\"@context\":\"https:\\\/\\\/schema.org\",\"@graph\":[{\"@type\":\"WebPage\",\"@id\":\"https:\\\/\\\/store.myst.gr\\\/product\\\/gourmet-organic-thyme\\\/\",\"url\":\"https:\\\/\\\/store.myst.gr\\\/product\\\/gourmet-organic-thyme\\\/\",\"name\":\"\u0392\u03b9\u03bf\u03bb\u03bf\u03b3\u03b9\u03ba\u03cc \u0398\u03c5\u03bc\u03ac\u03c1\u03b9 \u039f\u03bb\u03cd\u03bc\u03c0\u03bf\u03c5 - MYST\",\"isPartOf\":{\"@id\":\"https:\\\/\\\/store.myst.gr\\\/#website\"},\"primaryImageOfPage\":{\"@id\":\"https:\\\/\\\/store.myst.gr\\\/product\\\/gourmet-organic-thyme\\\/#primaryimage\"},\"image\":{\"@id\":\"https:\\\/\\\/store.myst.gr\\\/product\\\/gourmet-organic-thyme\\\/#primaryimage\"},\"thumbnailUrl\":\"https:\\\/\\\/store.myst.gr\\\/wp-content\\\/uploads\\\/2021\\\/08\\\/Organic-Thyme.webp\",\"datePublished\":\"2021-08-29T11:50:20+00:00\",\"dateModified\":\"2026-02-24T07:48:43+00:00\",\"description\":\"\u03a4\u03bf \u03b8\u03c5\u03bc\u03ac\u03c1\u03b9 \u03ad\u03c7\u03b5\u03b9 \u03ad\u03bd\u03c4\u03bf\u03bd\u03b7 \u03b5\u03bb\u03b1\u03c6\u03c1\u03ce\u03c2 \u03c0\u03b9\u03ba\u03ac\u03bd\u03c4\u03b9\u03ba\u03b7 \u03b3\u03b5\u03cd\u03c3\u03b7 \u03b3\u03b9' \u03b1\u03c5\u03c4\u03cc \u03b8\u03b1 \u03c0\u03c1\u03ad\u03c0\u03b5\u03b9 \u03bd\u03b1 \u03b5\u03af\u03bc\u03b1\u03c3\u03c4\u03b5 \u03c0\u03c1\u03bf\u03c3\u03b5\u03ba\u03c4\u03b9\u03ba\u03bf\u03af \u03c3\u03c4\u03b7 \u03c7\u03c1\u03ae\u03c3\u03b7 \u03c4\u03bf\u03c5. \u039c\u03c0\u03bf\u03c1\u03b5\u03af \u03bd\u03b1 \u03c3\u03c5\u03bd\u03bf\u03b4\u03b5\u03cd\u03c3\u03b5\u03b9 \u03ba\u03c1\u03ad\u03b1\u03c4\u03b1, \u03c0\u03bf\u03c5\u03bb\u03b5\u03c1\u03b9\u03ba\u03ac, \u03c8\u03ac\u03c1\u03b9\u03b1,\",\"breadcrumb\":{\"@id\":\"https:\\\/\\\/store.myst.gr\\\/product\\\/gourmet-organic-thyme\\\/#breadcrumb\"},\"inLanguage\":\"de\",\"potentialAction\":[{\"@type\":\"ReadAction\",\"target\":[\"https:\\\/\\\/store.myst.gr\\\/product\\\/gourmet-organic-thyme\\\/\"]}]},{\"@type\":\"ImageObject\",\"inLanguage\":\"de\",\"@id\":\"https:\\\/\\\/store.myst.gr\\\/product\\\/gourmet-organic-thyme\\\/#primaryimage\",\"url\":\"https:\\\/\\\/store.myst.gr\\\/wp-content\\\/uploads\\\/2021\\\/08\\\/Organic-Thyme.webp\",\"contentUrl\":\"https:\\\/\\\/store.myst.gr\\\/wp-content\\\/uploads\\\/2021\\\/08\\\/Organic-Thyme.webp\",\"width\":1000,\"height\":1000},{\"@type\":\"BreadcrumbList\",\"@id\":\"https:\\\/\\\/store.myst.gr\\\/product\\\/gourmet-organic-thyme\\\/#breadcrumb\",\"itemListElement\":[{\"@type\":\"ListItem\",\"position\":1,\"name\":\"Home\",\"item\":\"https:\\\/\\\/store.myst.gr\\\/\"},{\"@type\":\"ListItem\",\"position\":2,\"name\":\"Shop\",\"item\":\"https:\\\/\\\/store.myst.gr\\\/\"},{\"@type\":\"ListItem\",\"position\":3,\"name\":\"\u0392\u03b9\u03bf\u03bb\u03bf\u03b3\u03b9\u03ba\u03cc \u0398\u03c5\u03bc\u03ac\u03c1\u03b9 \u039f\u03bb\u03cd\u03bc\u03c0\u03bf\u03c5\"}]},{\"@type\":\"WebSite\",\"@id\":\"https:\\\/\\\/store.myst.gr\\\/#website\",\"url\":\"https:\\\/\\\/store.myst.gr\\\/\",\"name\":\"Myst\",\"description\":\"\u0391\u03bd\u03b1\u03ba\u03b1\u03bb\u03cd\u03c8\u03c4\u03b5 \u03c4\u03b9\u03c2 \u03b3\u03b5\u03cd\u03c3\u03b5\u03b9\u03c2 \u03c4\u03b7\u03c2 \u0395\u03bb\u03bb\u03ac\u03b4\u03b1\u03c2\",\"publisher\":{\"@id\":\"https:\\\/\\\/store.myst.gr\\\/#organization\"},\"potentialAction\":[{\"@type\":\"SearchAction\",\"target\":{\"@type\":\"EntryPoint\",\"urlTemplate\":\"https:\\\/\\\/store.myst.gr\\\/?s={search_term_string}\"},\"query-input\":{\"@type\":\"PropertyValueSpecification\",\"valueRequired\":true,\"valueName\":\"search_term_string\"}}],\"inLanguage\":\"de\"},{\"@type\":\"Organization\",\"@id\":\"https:\\\/\\\/store.myst.gr\\\/#organization\",\"name\":\"MYST\",\"url\":\"https:\\\/\\\/store.myst.gr\\\/\",\"logo\":{\"@type\":\"ImageObject\",\"inLanguage\":\"de\",\"@id\":\"https:\\\/\\\/store.myst.gr\\\/#\\\/schema\\\/logo\\\/image\\\/\",\"url\":\"https:\\\/\\\/store.myst.gr\\\/wp-content\\\/uploads\\\/2024\\\/12\\\/myst-logo-str.svg\",\"contentUrl\":\"https:\\\/\\\/store.myst.gr\\\/wp-content\\\/uploads\\\/2024\\\/12\\\/myst-logo-str.svg\",\"width\":193,\"height\":53,\"caption\":\"MYST\"},\"image\":{\"@id\":\"https:\\\/\\\/store.myst.gr\\\/#\\\/schema\\\/logo\\\/image\\\/\"},\"sameAs\":[\"https:\\\/\\\/www.facebook.com\\\/mystfood\",\"https:\\\/\\\/www.instagram.com\\\/mystcompany\\\/\"]}]}<\/script>\n<!-- \/ Yoast SEO plugin. -->","yoast_head_json":{"title":"\u0392\u03b9\u03bf\u03bb\u03bf\u03b3\u03b9\u03ba\u03cc \u0398\u03c5\u03bc\u03ac\u03c1\u03b9 \u039f\u03bb\u03cd\u03bc\u03c0\u03bf\u03c5 - MYST","description":"\u03a4\u03bf \u03b8\u03c5\u03bc\u03ac\u03c1\u03b9 \u03ad\u03c7\u03b5\u03b9 \u03ad\u03bd\u03c4\u03bf\u03bd\u03b7 \u03b5\u03bb\u03b1\u03c6\u03c1\u03ce\u03c2 \u03c0\u03b9\u03ba\u03ac\u03bd\u03c4\u03b9\u03ba\u03b7 \u03b3\u03b5\u03cd\u03c3\u03b7 \u03b3\u03b9' \u03b1\u03c5\u03c4\u03cc \u03b8\u03b1 \u03c0\u03c1\u03ad\u03c0\u03b5\u03b9 \u03bd\u03b1 \u03b5\u03af\u03bc\u03b1\u03c3\u03c4\u03b5 \u03c0\u03c1\u03bf\u03c3\u03b5\u03ba\u03c4\u03b9\u03ba\u03bf\u03af \u03c3\u03c4\u03b7 \u03c7\u03c1\u03ae\u03c3\u03b7 \u03c4\u03bf\u03c5. \u039c\u03c0\u03bf\u03c1\u03b5\u03af \u03bd\u03b1 \u03c3\u03c5\u03bd\u03bf\u03b4\u03b5\u03cd\u03c3\u03b5\u03b9 \u03ba\u03c1\u03ad\u03b1\u03c4\u03b1, \u03c0\u03bf\u03c5\u03bb\u03b5\u03c1\u03b9\u03ba\u03ac, \u03c8\u03ac\u03c1\u03b9\u03b1,","robots":{"index":"index","follow":"follow","max-snippet":"max-snippet:-1","max-image-preview":"max-image-preview:large","max-video-preview":"max-video-preview:-1"},"canonical":"https:\/\/store.myst.gr\/de\/produkt\/gourmet-organic-thyme\/","og_locale":"de_DE","og_type":"article","og_title":"\u0392\u03b9\u03bf\u03bb\u03bf\u03b3\u03b9\u03ba\u03cc \u0398\u03c5\u03bc\u03ac\u03c1\u03b9 \u039f\u03bb\u03cd\u03bc\u03c0\u03bf\u03c5 - MYST","og_description":"\u03a4\u03bf \u03b8\u03c5\u03bc\u03ac\u03c1\u03b9 \u03ad\u03c7\u03b5\u03b9 \u03ad\u03bd\u03c4\u03bf\u03bd\u03b7 \u03b5\u03bb\u03b1\u03c6\u03c1\u03ce\u03c2 \u03c0\u03b9\u03ba\u03ac\u03bd\u03c4\u03b9\u03ba\u03b7 \u03b3\u03b5\u03cd\u03c3\u03b7 \u03b3\u03b9' \u03b1\u03c5\u03c4\u03cc \u03b8\u03b1 \u03c0\u03c1\u03ad\u03c0\u03b5\u03b9 \u03bd\u03b1 \u03b5\u03af\u03bc\u03b1\u03c3\u03c4\u03b5 \u03c0\u03c1\u03bf\u03c3\u03b5\u03ba\u03c4\u03b9\u03ba\u03bf\u03af \u03c3\u03c4\u03b7 \u03c7\u03c1\u03ae\u03c3\u03b7 \u03c4\u03bf\u03c5. \u039c\u03c0\u03bf\u03c1\u03b5\u03af \u03bd\u03b1 \u03c3\u03c5\u03bd\u03bf\u03b4\u03b5\u03cd\u03c3\u03b5\u03b9 \u03ba\u03c1\u03ad\u03b1\u03c4\u03b1, \u03c0\u03bf\u03c5\u03bb\u03b5\u03c1\u03b9\u03ba\u03ac, \u03c8\u03ac\u03c1\u03b9\u03b1,","og_url":"https:\/\/store.myst.gr\/de\/produkt\/gourmet-organic-thyme\/","og_site_name":"MYST","article_publisher":"https:\/\/www.facebook.com\/mystfood","article_modified_time":"2026-02-24T07:48:43+00:00","og_image":[{"width":1000,"height":1000,"url":"https:\/\/store.myst.gr\/wp-content\/uploads\/2021\/08\/Organic-Thyme.webp","type":"image\/webp"}],"twitter_card":"summary_large_image","twitter_misc":{"Gesch\u00e4tzte Lesezeit":"2\u00a0Minuten"},"schema":{"@context":"https:\/\/schema.org","@graph":[{"@type":"WebPage","@id":"https:\/\/store.myst.gr\/product\/gourmet-organic-thyme\/","url":"https:\/\/store.myst.gr\/product\/gourmet-organic-thyme\/","name":"\u0392\u03b9\u03bf\u03bb\u03bf\u03b3\u03b9\u03ba\u03cc \u0398\u03c5\u03bc\u03ac\u03c1\u03b9 \u039f\u03bb\u03cd\u03bc\u03c0\u03bf\u03c5 - MYST","isPartOf":{"@id":"https:\/\/store.myst.gr\/#website"},"primaryImageOfPage":{"@id":"https:\/\/store.myst.gr\/product\/gourmet-organic-thyme\/#primaryimage"},"image":{"@id":"https:\/\/store.myst.gr\/product\/gourmet-organic-thyme\/#primaryimage"},"thumbnailUrl":"https:\/\/store.myst.gr\/wp-content\/uploads\/2021\/08\/Organic-Thyme.webp","datePublished":"2021-08-29T11:50:20+00:00","dateModified":"2026-02-24T07:48:43+00:00","description":"\u03a4\u03bf \u03b8\u03c5\u03bc\u03ac\u03c1\u03b9 \u03ad\u03c7\u03b5\u03b9 \u03ad\u03bd\u03c4\u03bf\u03bd\u03b7 \u03b5\u03bb\u03b1\u03c6\u03c1\u03ce\u03c2 \u03c0\u03b9\u03ba\u03ac\u03bd\u03c4\u03b9\u03ba\u03b7 \u03b3\u03b5\u03cd\u03c3\u03b7 \u03b3\u03b9' \u03b1\u03c5\u03c4\u03cc \u03b8\u03b1 \u03c0\u03c1\u03ad\u03c0\u03b5\u03b9 \u03bd\u03b1 \u03b5\u03af\u03bc\u03b1\u03c3\u03c4\u03b5 \u03c0\u03c1\u03bf\u03c3\u03b5\u03ba\u03c4\u03b9\u03ba\u03bf\u03af \u03c3\u03c4\u03b7 \u03c7\u03c1\u03ae\u03c3\u03b7 \u03c4\u03bf\u03c5. \u039c\u03c0\u03bf\u03c1\u03b5\u03af \u03bd\u03b1 \u03c3\u03c5\u03bd\u03bf\u03b4\u03b5\u03cd\u03c3\u03b5\u03b9 \u03ba\u03c1\u03ad\u03b1\u03c4\u03b1, \u03c0\u03bf\u03c5\u03bb\u03b5\u03c1\u03b9\u03ba\u03ac, \u03c8\u03ac\u03c1\u03b9\u03b1,","breadcrumb":{"@id":"https:\/\/store.myst.gr\/product\/gourmet-organic-thyme\/#breadcrumb"},"inLanguage":"de","potentialAction":[{"@type":"ReadAction","target":["https:\/\/store.myst.gr\/product\/gourmet-organic-thyme\/"]}]},{"@type":"ImageObject","inLanguage":"de","@id":"https:\/\/store.myst.gr\/product\/gourmet-organic-thyme\/#primaryimage","url":"https:\/\/store.myst.gr\/wp-content\/uploads\/2021\/08\/Organic-Thyme.webp","contentUrl":"https:\/\/store.myst.gr\/wp-content\/uploads\/2021\/08\/Organic-Thyme.webp","width":1000,"height":1000},{"@type":"BreadcrumbList","@id":"https:\/\/store.myst.gr\/product\/gourmet-organic-thyme\/#breadcrumb","itemListElement":[{"@type":"ListItem","position":1,"name":"Home","item":"https:\/\/store.myst.gr\/"},{"@type":"ListItem","position":2,"name":"Shop","item":"https:\/\/store.myst.gr\/"},{"@type":"ListItem","position":3,"name":"\u0392\u03b9\u03bf\u03bb\u03bf\u03b3\u03b9\u03ba\u03cc \u0398\u03c5\u03bc\u03ac\u03c1\u03b9 \u039f\u03bb\u03cd\u03bc\u03c0\u03bf\u03c5"}]},{"@type":"WebSite","@id":"https:\/\/store.myst.gr\/#website","url":"https:\/\/store.myst.gr\/","name":"Myst","description":"\u0391\u03bd\u03b1\u03ba\u03b1\u03bb\u03cd\u03c8\u03c4\u03b5 \u03c4\u03b9\u03c2 \u03b3\u03b5\u03cd\u03c3\u03b5\u03b9\u03c2 \u03c4\u03b7\u03c2 \u0395\u03bb\u03bb\u03ac\u03b4\u03b1\u03c2","publisher":{"@id":"https:\/\/store.myst.gr\/#organization"},"potentialAction":[{"@type":"SearchAction","target":{"@type":"EntryPoint","urlTemplate":"https:\/\/store.myst.gr\/?s={search_term_string}"},"query-input":{"@type":"PropertyValueSpecification","valueRequired":true,"valueName":"search_term_string"}}],"inLanguage":"de"},{"@type":"Organization","@id":"https:\/\/store.myst.gr\/#organization","name":"MYST","url":"https:\/\/store.myst.gr\/","logo":{"@type":"ImageObject","inLanguage":"de","@id":"https:\/\/store.myst.gr\/#\/schema\/logo\/image\/","url":"https:\/\/store.myst.gr\/wp-content\/uploads\/2024\/12\/myst-logo-str.svg","contentUrl":"https:\/\/store.myst.gr\/wp-content\/uploads\/2024\/12\/myst-logo-str.svg","width":193,"height":53,"caption":"MYST"},"image":{"@id":"https:\/\/store.myst.gr\/#\/schema\/logo\/image\/"},"sameAs":["https:\/\/www.facebook.com\/mystfood","https:\/\/www.instagram.com\/mystcompany\/"]}]}},"_links":{"self":[{"href":"https:\/\/store.myst.gr\/de\/wp-json\/wp\/v2\/product\/5127","targetHints":{"allow":["GET"]}}],"collection":[{"href":"https:\/\/store.myst.gr\/de\/wp-json\/wp\/v2\/product"}],"about":[{"href":"https:\/\/store.myst.gr\/de\/wp-json\/wp\/v2\/types\/product"}],"wp:featuredmedia":[{"embeddable":true,"href":"https:\/\/store.myst.gr\/de\/wp-json\/wp\/v2\/media\/11707"}],"wp:attachment":[{"href":"https:\/\/store.myst.gr\/de\/wp-json\/wp\/v2\/media?parent=5127"}],"wp:term":[{"taxonomy":"product_cat","embeddable":true,"href":"https:\/\/store.myst.gr\/de\/wp-json\/wp\/v2\/product_cat?post=5127"},{"taxonomy":"product_tag","embeddable":true,"href":"https:\/\/store.myst.gr\/de\/wp-json\/wp\/v2\/product_tag?post=5127"}],"curies":[{"name":"wp","href":"https:\/\/api.w.org\/{rel}","templated":true}]}}