{"id":5066,"date":"2021-08-29T09:20:41","date_gmt":"2021-08-29T09:20:41","guid":{"rendered":"https:\/\/store.myst.gr\/?post_type=product&#038;p=5066"},"modified":"2026-02-24T07:49:14","modified_gmt":"2026-02-24T07:49:14","slug":"extra-virgin-olive-oil-pure","status":"publish","type":"product","link":"https:\/\/store.myst.gr\/de\/product\/extra-virgin-olive-oil-pure\/","title":{"rendered":"Extra Natives Oliven\u00f6l - MYST PURE"},"content":{"rendered":"<h3>Gesammelt von den H\u00fcgeln am fuss des Olymps<\/h3>\n<p>MYST\u00ae Extra Natives Oliven\u00f6l beinhaltet aromatische Noten von Kr\u00e4utern, Zitrusfr\u00fcchten und einen Hauch von Blumen mit betr\u00e4chtlicher L\u00e4nge und au\u00dfergew\u00f6hnlicher Ausgewogenheit.<br \/>\nEs wird direkt von den H\u00fcgeln am Fu\u00df des Olymps gewonnen. Es wird mit der Methode der ersten Kaltpressung bei niedrigen Temperaturen unter kontrollierten hygienischen Bedingungen produziert. In keiner der Produktionsstufen werden chemische D\u00fcnger oder Pestizide eingesetzt.<\/p>\n<h3>Einzelheiten :<\/h3>\n<p>Griechisches Erzeugnis - EL40678<br \/>\nBewahren Sie ihn an einem k\u00fchlen, trockenen Ort auf.<\/p>\n<p><img decoding=\"async\" class=\"alignnone wp-image-5164\" src=\"https:\/\/store.myst.gr\/wp-content\/uploads\/2021\/08\/isoFoo-1.svg\" alt=\"\" width=\"66\" height=\"66\" \/><\/p>","protected":false},"excerpt":{"rendered":"<h2>Ein erstaunlicher Geschmack<\/h2>\n<p>MYST\u00ae PURE beinhaltet 500 ml griechisches Gourmet extra-natives Oliven\u00f6l, angebaut in den historischen Olivenhainen des Olymps.<\/p>\n<p><strong>Die besten Produkte aus Griechenland direkt auf Ihren Tisch geliefert und kostenloser Versand bei Bestellungen \u00fcber 120 \u20ac innerhalb Europas.<\/strong><\/p>","protected":false},"featured_media":5071,"template":"","meta":{"_acf_changed":false,"inline_featured_image":false},"product_cat":[611,478,15,552],"product_tag":[323,651],"class_list":{"0":"post-5066","1":"product","2":"type-product","3":"status-publish","4":"has-post-thumbnail","6":"product_cat-mystoliveoil","7":"product_cat-oliveoilproducts","8":"product_cat-vall","9":"product_cat-gifts","10":"product_tag-cataloguejuly","11":"product_tag-retail","13":"first","14":"instock","15":"sale","16":"taxable","17":"shipping-taxable","18":"purchasable","19":"product-type-variable","20":"has-default-attributes"},"acf":[],"yoast_head":"<!-- This site is optimized with the Yoast SEO plugin v27.4 - https:\/\/yoast.com\/product\/yoast-seo-wordpress\/ -->\n<title>\u0388\u03be\u03c4\u03c1\u03b1 \u03a0\u03b1\u03c1\u03b8\u03ad\u03bd\u03bf \u0395\u03bb\u03b1\u03b9\u03cc\u03bb\u03b1\u03b4\u03bf - PURE - MYST<\/title>\n<meta name=\"description\" content=\"\u03a4\u03bf MYST\u00ae PURE \u03c0\u03b5\u03c1\u03b9\u03ad\u03c7\u03b5\u03b9 500 ml \u03b5\u03be\u03b1\u03b9\u03c1\u03b5\u03c4\u03b9\u03ba\u03cc \u03b5\u03bb\u03bb\u03b7\u03bd\u03b9\u03ba\u03cc \u03c0\u03b1\u03c1\u03b8\u03ad\u03bd\u03bf \u03b5\u03bb\u03b1\u03b9\u03cc\u03bb\u03b1\u03b4\u03bf, \u03c0\u03bf\u03c5 \u03ba\u03b1\u03bb\u03bb\u03b9\u03b5\u03c1\u03b3\u03b5\u03af\u03c4\u03b1\u03b9 \u03c3\u03c4\u03bf\u03c5\u03c2 \u03b9\u03c3\u03c4\u03bf\u03c1\u03b9\u03ba\u03bf\u03cd\u03c2 \u03b5\u03bb\u03b1\u03b9\u03ce\u03bd\u03b5\u03c2 \u03c4\u03bf\u03c5 \u039f\u03bb\u03cd\u03bc\u03c0\u03bf\u03c5.\" \/>\n<meta name=\"robots\" content=\"index, follow, max-snippet:-1, max-image-preview:large, max-video-preview:-1\" \/>\n<link rel=\"canonical\" href=\"https:\/\/store.myst.gr\/de\/produkt\/extra-virgin-olive-oil-pure\/\" \/>\n<meta property=\"og:locale\" content=\"de_DE\" \/>\n<meta property=\"og:type\" content=\"article\" \/>\n<meta property=\"og:title\" content=\"\u0388\u03be\u03c4\u03c1\u03b1 \u03a0\u03b1\u03c1\u03b8\u03ad\u03bd\u03bf \u0395\u03bb\u03b1\u03b9\u03cc\u03bb\u03b1\u03b4\u03bf - PURE - MYST\" \/>\n<meta property=\"og:description\" content=\"\u03a4\u03bf MYST\u00ae PURE \u03c0\u03b5\u03c1\u03b9\u03ad\u03c7\u03b5\u03b9 500 ml \u03b5\u03be\u03b1\u03b9\u03c1\u03b5\u03c4\u03b9\u03ba\u03cc \u03b5\u03bb\u03bb\u03b7\u03bd\u03b9\u03ba\u03cc \u03c0\u03b1\u03c1\u03b8\u03ad\u03bd\u03bf \u03b5\u03bb\u03b1\u03b9\u03cc\u03bb\u03b1\u03b4\u03bf, \u03c0\u03bf\u03c5 \u03ba\u03b1\u03bb\u03bb\u03b9\u03b5\u03c1\u03b3\u03b5\u03af\u03c4\u03b1\u03b9 \u03c3\u03c4\u03bf\u03c5\u03c2 \u03b9\u03c3\u03c4\u03bf\u03c1\u03b9\u03ba\u03bf\u03cd\u03c2 \u03b5\u03bb\u03b1\u03b9\u03ce\u03bd\u03b5\u03c2 \u03c4\u03bf\u03c5 \u039f\u03bb\u03cd\u03bc\u03c0\u03bf\u03c5.\" \/>\n<meta property=\"og:url\" content=\"https:\/\/store.myst.gr\/de\/produkt\/extra-virgin-olive-oil-pure\/\" \/>\n<meta property=\"og:site_name\" content=\"MYST\" \/>\n<meta property=\"article:publisher\" content=\"https:\/\/www.facebook.com\/mystfood\" \/>\n<meta property=\"article:modified_time\" content=\"2026-02-24T07:49:14+00:00\" \/>\n<meta property=\"og:image\" content=\"https:\/\/store.myst.gr\/wp-content\/uploads\/2021\/08\/1-1485x1536-1.jpg\" \/>\n\t<meta property=\"og:image:width\" content=\"1485\" \/>\n\t<meta property=\"og:image:height\" content=\"1536\" \/>\n\t<meta property=\"og:image:type\" content=\"image\/jpeg\" \/>\n<meta name=\"twitter:card\" content=\"summary_large_image\" \/>\n<meta name=\"twitter:label1\" content=\"Gesch\u00e4tzte Lesezeit\" \/>\n\t<meta name=\"twitter:data1\" content=\"1\u00a0Minute\" \/>\n<script type=\"application\/ld+json\" class=\"yoast-schema-graph\">{\"@context\":\"https:\\\/\\\/schema.org\",\"@graph\":[{\"@type\":\"WebPage\",\"@id\":\"https:\\\/\\\/store.myst.gr\\\/product\\\/extra-virgin-olive-oil-pure\\\/\",\"url\":\"https:\\\/\\\/store.myst.gr\\\/product\\\/extra-virgin-olive-oil-pure\\\/\",\"name\":\"\u0388\u03be\u03c4\u03c1\u03b1 \u03a0\u03b1\u03c1\u03b8\u03ad\u03bd\u03bf \u0395\u03bb\u03b1\u03b9\u03cc\u03bb\u03b1\u03b4\u03bf - PURE - MYST\",\"isPartOf\":{\"@id\":\"https:\\\/\\\/store.myst.gr\\\/#website\"},\"primaryImageOfPage\":{\"@id\":\"https:\\\/\\\/store.myst.gr\\\/product\\\/extra-virgin-olive-oil-pure\\\/#primaryimage\"},\"image\":{\"@id\":\"https:\\\/\\\/store.myst.gr\\\/product\\\/extra-virgin-olive-oil-pure\\\/#primaryimage\"},\"thumbnailUrl\":\"https:\\\/\\\/store.myst.gr\\\/wp-content\\\/uploads\\\/2021\\\/08\\\/1-1485x1536-1.jpg\",\"datePublished\":\"2021-08-29T09:20:41+00:00\",\"dateModified\":\"2026-02-24T07:49:14+00:00\",\"description\":\"\u03a4\u03bf MYST\u00ae PURE \u03c0\u03b5\u03c1\u03b9\u03ad\u03c7\u03b5\u03b9 500 ml \u03b5\u03be\u03b1\u03b9\u03c1\u03b5\u03c4\u03b9\u03ba\u03cc \u03b5\u03bb\u03bb\u03b7\u03bd\u03b9\u03ba\u03cc \u03c0\u03b1\u03c1\u03b8\u03ad\u03bd\u03bf \u03b5\u03bb\u03b1\u03b9\u03cc\u03bb\u03b1\u03b4\u03bf, \u03c0\u03bf\u03c5 \u03ba\u03b1\u03bb\u03bb\u03b9\u03b5\u03c1\u03b3\u03b5\u03af\u03c4\u03b1\u03b9 \u03c3\u03c4\u03bf\u03c5\u03c2 \u03b9\u03c3\u03c4\u03bf\u03c1\u03b9\u03ba\u03bf\u03cd\u03c2 \u03b5\u03bb\u03b1\u03b9\u03ce\u03bd\u03b5\u03c2 \u03c4\u03bf\u03c5 \u039f\u03bb\u03cd\u03bc\u03c0\u03bf\u03c5.\",\"breadcrumb\":{\"@id\":\"https:\\\/\\\/store.myst.gr\\\/product\\\/extra-virgin-olive-oil-pure\\\/#breadcrumb\"},\"inLanguage\":\"de\",\"potentialAction\":[{\"@type\":\"ReadAction\",\"target\":[\"https:\\\/\\\/store.myst.gr\\\/product\\\/extra-virgin-olive-oil-pure\\\/\"]}]},{\"@type\":\"ImageObject\",\"inLanguage\":\"de\",\"@id\":\"https:\\\/\\\/store.myst.gr\\\/product\\\/extra-virgin-olive-oil-pure\\\/#primaryimage\",\"url\":\"https:\\\/\\\/store.myst.gr\\\/wp-content\\\/uploads\\\/2021\\\/08\\\/1-1485x1536-1.jpg\",\"contentUrl\":\"https:\\\/\\\/store.myst.gr\\\/wp-content\\\/uploads\\\/2021\\\/08\\\/1-1485x1536-1.jpg\",\"width\":1485,\"height\":1536},{\"@type\":\"BreadcrumbList\",\"@id\":\"https:\\\/\\\/store.myst.gr\\\/product\\\/extra-virgin-olive-oil-pure\\\/#breadcrumb\",\"itemListElement\":[{\"@type\":\"ListItem\",\"position\":1,\"name\":\"Home\",\"item\":\"https:\\\/\\\/store.myst.gr\\\/\"},{\"@type\":\"ListItem\",\"position\":2,\"name\":\"Shop\",\"item\":\"https:\\\/\\\/store.myst.gr\\\/\"},{\"@type\":\"ListItem\",\"position\":3,\"name\":\"\u0388\u03be\u03c4\u03c1\u03b1 \u03a0\u03b1\u03c1\u03b8\u03ad\u03bd\u03bf \u0395\u03bb\u03b1\u03b9\u03cc\u03bb\u03b1\u03b4\u03bf &#8211; PURE\"}]},{\"@type\":\"WebSite\",\"@id\":\"https:\\\/\\\/store.myst.gr\\\/#website\",\"url\":\"https:\\\/\\\/store.myst.gr\\\/\",\"name\":\"Myst\",\"description\":\"\u0391\u03bd\u03b1\u03ba\u03b1\u03bb\u03cd\u03c8\u03c4\u03b5 \u03c4\u03b9\u03c2 \u03b3\u03b5\u03cd\u03c3\u03b5\u03b9\u03c2 \u03c4\u03b7\u03c2 \u0395\u03bb\u03bb\u03ac\u03b4\u03b1\u03c2\",\"publisher\":{\"@id\":\"https:\\\/\\\/store.myst.gr\\\/#organization\"},\"potentialAction\":[{\"@type\":\"SearchAction\",\"target\":{\"@type\":\"EntryPoint\",\"urlTemplate\":\"https:\\\/\\\/store.myst.gr\\\/?s={search_term_string}\"},\"query-input\":{\"@type\":\"PropertyValueSpecification\",\"valueRequired\":true,\"valueName\":\"search_term_string\"}}],\"inLanguage\":\"de\"},{\"@type\":\"Organization\",\"@id\":\"https:\\\/\\\/store.myst.gr\\\/#organization\",\"name\":\"MYST\",\"url\":\"https:\\\/\\\/store.myst.gr\\\/\",\"logo\":{\"@type\":\"ImageObject\",\"inLanguage\":\"de\",\"@id\":\"https:\\\/\\\/store.myst.gr\\\/#\\\/schema\\\/logo\\\/image\\\/\",\"url\":\"https:\\\/\\\/store.myst.gr\\\/wp-content\\\/uploads\\\/2024\\\/12\\\/myst-logo-str.svg\",\"contentUrl\":\"https:\\\/\\\/store.myst.gr\\\/wp-content\\\/uploads\\\/2024\\\/12\\\/myst-logo-str.svg\",\"width\":193,\"height\":53,\"caption\":\"MYST\"},\"image\":{\"@id\":\"https:\\\/\\\/store.myst.gr\\\/#\\\/schema\\\/logo\\\/image\\\/\"},\"sameAs\":[\"https:\\\/\\\/www.facebook.com\\\/mystfood\",\"https:\\\/\\\/www.instagram.com\\\/mystcompany\\\/\"]}]}<\/script>\n<!-- \/ Yoast SEO plugin. -->","yoast_head_json":{"title":"\u0388\u03be\u03c4\u03c1\u03b1 \u03a0\u03b1\u03c1\u03b8\u03ad\u03bd\u03bf \u0395\u03bb\u03b1\u03b9\u03cc\u03bb\u03b1\u03b4\u03bf - PURE - MYST","description":"MYST\u00ae PURE beinhaltet 500 ml griechisches Gourmet extra-natives Oliven\u00f6l, angebaut in den historischen Olivenhainen des Olymps.","robots":{"index":"index","follow":"follow","max-snippet":"max-snippet:-1","max-image-preview":"max-image-preview:large","max-video-preview":"max-video-preview:-1"},"canonical":"https:\/\/store.myst.gr\/de\/produkt\/extra-virgin-olive-oil-pure\/","og_locale":"de_DE","og_type":"article","og_title":"\u0388\u03be\u03c4\u03c1\u03b1 \u03a0\u03b1\u03c1\u03b8\u03ad\u03bd\u03bf \u0395\u03bb\u03b1\u03b9\u03cc\u03bb\u03b1\u03b4\u03bf - PURE - MYST","og_description":"\u03a4\u03bf MYST\u00ae PURE \u03c0\u03b5\u03c1\u03b9\u03ad\u03c7\u03b5\u03b9 500 ml \u03b5\u03be\u03b1\u03b9\u03c1\u03b5\u03c4\u03b9\u03ba\u03cc \u03b5\u03bb\u03bb\u03b7\u03bd\u03b9\u03ba\u03cc \u03c0\u03b1\u03c1\u03b8\u03ad\u03bd\u03bf \u03b5\u03bb\u03b1\u03b9\u03cc\u03bb\u03b1\u03b4\u03bf, \u03c0\u03bf\u03c5 \u03ba\u03b1\u03bb\u03bb\u03b9\u03b5\u03c1\u03b3\u03b5\u03af\u03c4\u03b1\u03b9 \u03c3\u03c4\u03bf\u03c5\u03c2 \u03b9\u03c3\u03c4\u03bf\u03c1\u03b9\u03ba\u03bf\u03cd\u03c2 \u03b5\u03bb\u03b1\u03b9\u03ce\u03bd\u03b5\u03c2 \u03c4\u03bf\u03c5 \u039f\u03bb\u03cd\u03bc\u03c0\u03bf\u03c5.","og_url":"https:\/\/store.myst.gr\/de\/produkt\/extra-virgin-olive-oil-pure\/","og_site_name":"MYST","article_publisher":"https:\/\/www.facebook.com\/mystfood","article_modified_time":"2026-02-24T07:49:14+00:00","og_image":[{"width":1485,"height":1536,"url":"https:\/\/store.myst.gr\/wp-content\/uploads\/2021\/08\/1-1485x1536-1.jpg","type":"image\/jpeg"}],"twitter_card":"summary_large_image","twitter_misc":{"Gesch\u00e4tzte Lesezeit":"1\u00a0Minute"},"schema":{"@context":"https:\/\/schema.org","@graph":[{"@type":"WebPage","@id":"https:\/\/store.myst.gr\/product\/extra-virgin-olive-oil-pure\/","url":"https:\/\/store.myst.gr\/product\/extra-virgin-olive-oil-pure\/","name":"\u0388\u03be\u03c4\u03c1\u03b1 \u03a0\u03b1\u03c1\u03b8\u03ad\u03bd\u03bf \u0395\u03bb\u03b1\u03b9\u03cc\u03bb\u03b1\u03b4\u03bf - PURE - MYST","isPartOf":{"@id":"https:\/\/store.myst.gr\/#website"},"primaryImageOfPage":{"@id":"https:\/\/store.myst.gr\/product\/extra-virgin-olive-oil-pure\/#primaryimage"},"image":{"@id":"https:\/\/store.myst.gr\/product\/extra-virgin-olive-oil-pure\/#primaryimage"},"thumbnailUrl":"https:\/\/store.myst.gr\/wp-content\/uploads\/2021\/08\/1-1485x1536-1.jpg","datePublished":"2021-08-29T09:20:41+00:00","dateModified":"2026-02-24T07:49:14+00:00","description":"MYST\u00ae PURE beinhaltet 500 ml griechisches Gourmet extra-natives Oliven\u00f6l, angebaut in den historischen Olivenhainen des Olymps.","breadcrumb":{"@id":"https:\/\/store.myst.gr\/product\/extra-virgin-olive-oil-pure\/#breadcrumb"},"inLanguage":"de","potentialAction":[{"@type":"ReadAction","target":["https:\/\/store.myst.gr\/product\/extra-virgin-olive-oil-pure\/"]}]},{"@type":"ImageObject","inLanguage":"de","@id":"https:\/\/store.myst.gr\/product\/extra-virgin-olive-oil-pure\/#primaryimage","url":"https:\/\/store.myst.gr\/wp-content\/uploads\/2021\/08\/1-1485x1536-1.jpg","contentUrl":"https:\/\/store.myst.gr\/wp-content\/uploads\/2021\/08\/1-1485x1536-1.jpg","width":1485,"height":1536},{"@type":"BreadcrumbList","@id":"https:\/\/store.myst.gr\/product\/extra-virgin-olive-oil-pure\/#breadcrumb","itemListElement":[{"@type":"ListItem","position":1,"name":"Home","item":"https:\/\/store.myst.gr\/"},{"@type":"ListItem","position":2,"name":"Shop","item":"https:\/\/store.myst.gr\/"},{"@type":"ListItem","position":3,"name":"\u0388\u03be\u03c4\u03c1\u03b1 \u03a0\u03b1\u03c1\u03b8\u03ad\u03bd\u03bf \u0395\u03bb\u03b1\u03b9\u03cc\u03bb\u03b1\u03b4\u03bf &#8211; PURE"}]},{"@type":"WebSite","@id":"https:\/\/store.myst.gr\/#website","url":"https:\/\/store.myst.gr\/","name":"Myst","description":"\u0391\u03bd\u03b1\u03ba\u03b1\u03bb\u03cd\u03c8\u03c4\u03b5 \u03c4\u03b9\u03c2 \u03b3\u03b5\u03cd\u03c3\u03b5\u03b9\u03c2 \u03c4\u03b7\u03c2 \u0395\u03bb\u03bb\u03ac\u03b4\u03b1\u03c2","publisher":{"@id":"https:\/\/store.myst.gr\/#organization"},"potentialAction":[{"@type":"SearchAction","target":{"@type":"EntryPoint","urlTemplate":"https:\/\/store.myst.gr\/?s={search_term_string}"},"query-input":{"@type":"PropertyValueSpecification","valueRequired":true,"valueName":"search_term_string"}}],"inLanguage":"de"},{"@type":"Organization","@id":"https:\/\/store.myst.gr\/#organization","name":"MYST","url":"https:\/\/store.myst.gr\/","logo":{"@type":"ImageObject","inLanguage":"de","@id":"https:\/\/store.myst.gr\/#\/schema\/logo\/image\/","url":"https:\/\/store.myst.gr\/wp-content\/uploads\/2024\/12\/myst-logo-str.svg","contentUrl":"https:\/\/store.myst.gr\/wp-content\/uploads\/2024\/12\/myst-logo-str.svg","width":193,"height":53,"caption":"MYST"},"image":{"@id":"https:\/\/store.myst.gr\/#\/schema\/logo\/image\/"},"sameAs":["https:\/\/www.facebook.com\/mystfood","https:\/\/www.instagram.com\/mystcompany\/"]}]}},"_links":{"self":[{"href":"https:\/\/store.myst.gr\/de\/wp-json\/wp\/v2\/product\/5066","targetHints":{"allow":["GET"]}}],"collection":[{"href":"https:\/\/store.myst.gr\/de\/wp-json\/wp\/v2\/product"}],"about":[{"href":"https:\/\/store.myst.gr\/de\/wp-json\/wp\/v2\/types\/product"}],"wp:featuredmedia":[{"embeddable":true,"href":"https:\/\/store.myst.gr\/de\/wp-json\/wp\/v2\/media\/5071"}],"wp:attachment":[{"href":"https:\/\/store.myst.gr\/de\/wp-json\/wp\/v2\/media?parent=5066"}],"wp:term":[{"taxonomy":"product_cat","embeddable":true,"href":"https:\/\/store.myst.gr\/de\/wp-json\/wp\/v2\/product_cat?post=5066"},{"taxonomy":"product_tag","embeddable":true,"href":"https:\/\/store.myst.gr\/de\/wp-json\/wp\/v2\/product_tag?post=5066"}],"curies":[{"name":"wp","href":"https:\/\/api.w.org\/{rel}","templated":true}]}}