{"id":19845,"date":"2026-05-06T07:19:18","date_gmt":"2026-05-06T07:19:18","guid":{"rendered":"https:\/\/store.myst.gr\/?post_type=product&#038;p=19845"},"modified":"2026-05-06T08:13:13","modified_gmt":"2026-05-06T08:13:13","slug":"risotoo-lemon-thyme","status":"publish","type":"product","link":"https:\/\/store.myst.gr\/de\/product\/risotoo-lemon-thyme\/","title":{"rendered":"Risotto mit Zitrone &amp; Thymian"},"content":{"rendered":"<p data-start=\"748\" data-end=\"1006\">Erleben Sie ein lebendiges und erfrischendes Risotto, inspiriert von den frischen Aromen des Mittelmeers. Die spritzigen Zitronennoten verbinden sich harmonisch mit ausgew\u00e4hltem Thymian und schaffen ein leichtes, aromatisches Gericht, das die Sinne belebt.<\/p>\n<p data-start=\"379\" data-end=\"607\">Hergestellt aus hochwertigem griechischem Carolina-Reis aus Chalastra, bietet dieses Risotto eine cremige, geschmeidige Textur und bewahrt gleichzeitig seinen frischen Charakter. Perfekt f\u00fcr alle, die leichte und ausgewogene Mahlzeiten genie\u00dfen m\u00f6chten, ohne auf Geschmack zu verzichten.<\/p>\n<p><strong>Komponenten :<\/strong>\u00a0Griechischer Carolina-Reis aus Chalastra, Zitrone, Zwiebel, Knoblauch, Reismehl, Thymian.<\/p>\n<p><strong>Zubereitung (F\u00fcr 2 Portionen)<\/strong><\/p>\n<p><strong>1.<\/strong>\u00a02\u20133 Essl\u00f6ffel Oliven\u00f6l in einer Pfanne erhitzen.<br \/>\n<strong>2.<\/strong>\u00a0Die H\u00e4lfte des Produkts hinzuf\u00fcgen und 1 Minute umr\u00fchren.<br \/>\n<strong>3.<\/strong>\u00a01200ml hei\u00dfes Wasser oder Br\u00fche hinzuf\u00fcgen.<br \/>\n<strong>4.<\/strong>\u00a0Bei mittlerer Hitze 15\u201318 Minuten kochen und gelegentlich umr\u00fchren.<br \/>\n<strong>5.<\/strong>\u00a0Bei Bedarf etwas mehr Fl\u00fcssigkeit hinzuf\u00fcgen.<br \/>\n<strong>6.<\/strong>\u00a0Mit Butter oder geriebenem K\u00e4se verfeinern, gut umr\u00fchren und 2\u20133 Minuten ruhen lassen.<\/p>\n<p><em><strong>Nach Geschmack salzen.<\/strong><\/em><\/p>\n<p><strong>\ud83e\ude7a Hinweis:<\/strong><\/p>\n<p>Die bereitgestellten Informationen dienen nur zu Informationszwecken und stellen keine medizinische Beratung dar.<br \/>\nBei gesundheitlichen Fragen wenden Sie sich bitte an Ihren Arzt oder Ern\u00e4hrungsberater.<\/p>","protected":false},"excerpt":{"rendered":"<p data-start=\"1189\" data-end=\"1312\">Ideal sowohl als Hauptgericht als auch als elegante Beilage \u2013 passt hervorragend zu Fisch, H\u00e4hnchen oder frischem saisonalem Gem\u00fcse.<\/p>\n<p class=\"p1\">Ohne Konservierungsstoffe oder Zus\u00e4tze. 100 % nat\u00fcrliches Produkt.<\/p>\n<p data-start=\"1369\" data-end=\"1522\"><strong>4 Portionen | Fertig in 15 Minuten<\/strong><\/p>\n<p><strong>Nettogewicht: 420g<\/strong><\/p>\n<p><strong>Die besten Produkte aus Griechenland direkt auf Ihren Tisch geliefert und kostenloser Versand bei Bestellungen \u00fcber 120 \u20ac innerhalb Europas.<\/strong><\/p>\n<p><img decoding=\"async\" class=\"alignnone wp-image-19258\" src=\"https:\/\/store.myst.gr\/wp-content\/uploads\/2026\/03\/gluten-free.svg\" alt=\"\" width=\"70\" \/> \u00a0<img decoding=\"async\" class=\"alignnone wp-image-19256\" src=\"https:\/\/store.myst.gr\/wp-content\/uploads\/2026\/03\/vegan2.svg\" alt=\"\" width=\"70\" \/> \u00a0 <img decoding=\"async\" class=\"alignnone wp-image-19257\" src=\"https:\/\/store.myst.gr\/wp-content\/uploads\/2026\/03\/new-natural-2-new-2-new.svg\" alt=\"\" width=\"70\" \/><\/p>","protected":false},"featured_media":19847,"template":"","meta":{"_acf_changed":false,"inline_featured_image":false},"product_cat":[15,653],"product_tag":[323,651,655],"class_list":{"0":"post-19845","1":"product","2":"type-product","3":"status-publish","4":"has-post-thumbnail","6":"product_cat-vall","7":"product_cat-risotto","8":"product_tag-cataloguejuly","9":"product_tag-retail","10":"product_tag-risotto","12":"first","13":"instock","14":"taxable","15":"shipping-taxable","16":"purchasable","17":"product-type-simple"},"acf":[],"yoast_head":"<!-- This site is optimized with the Yoast SEO plugin v27.5 - https:\/\/yoast.com\/product\/yoast-seo-wordpress\/ -->\n<title>\u03a1\u03b9\u03b6\u03cc\u03c4\u03bf \u03bc\u03b5 \u039b\u03b5\u03bc\u03cc\u03bd\u03b9 &amp; \u0398\u03c5\u03bc\u03ac\u03c1\u03b9<\/title>\n<meta name=\"description\" content=\"\u0399\u03b4\u03b1\u03bd\u03b9\u03ba\u03cc \u03c4\u03cc\u03c3\u03bf \u03c9\u03c2 \u03ba\u03c5\u03c1\u03af\u03c9\u03c2 \u03c0\u03b9\u03ac\u03c4\u03bf \u03cc\u03c3\u03bf \u03ba\u03b1\u03b9 \u03c9\u03c2 \u03b5\u03ba\u03bb\u03b5\u03c0\u03c4\u03c5\u03c3\u03bc\u03ad\u03bd\u03bf \u03c3\u03c5\u03bd\u03bf\u03b4\u03b5\u03c5\u03c4\u03b9\u03ba\u03cc, \u03c4\u03b1\u03b9\u03c1\u03b9\u03ac\u03b6\u03b5\u03b9 \u03c5\u03c0\u03ad\u03c1\u03bf\u03c7\u03b1 \u03bc\u03b5 \u03c8\u03ac\u03c1\u03b9, \u03ba\u03bf\u03c4\u03cc\u03c0\u03bf\u03c5\u03bb\u03bf \u03ae \u03c6\u03c1\u03ad\u03c3\u03ba\u03b1 \u03b5\u03c0\u03bf\u03c7\u03b9\u03b1\u03ba\u03ac \u03bb\u03b1\u03c7\u03b1\u03bd\u03b9\u03ba\u03ac.\" \/>\n<meta name=\"robots\" content=\"index, follow, max-snippet:-1, max-image-preview:large, max-video-preview:-1\" \/>\n<link rel=\"canonical\" href=\"https:\/\/store.myst.gr\/de\/produkt\/risotoo-lemon-thyme\/\" \/>\n<meta property=\"og:locale\" content=\"de_DE\" \/>\n<meta property=\"og:type\" content=\"article\" \/>\n<meta property=\"og:title\" content=\"\u03a1\u03b9\u03b6\u03cc\u03c4\u03bf \u03bc\u03b5 \u039b\u03b5\u03bc\u03cc\u03bd\u03b9 &amp; \u0398\u03c5\u03bc\u03ac\u03c1\u03b9\" \/>\n<meta property=\"og:description\" content=\"\u0399\u03b4\u03b1\u03bd\u03b9\u03ba\u03cc \u03c4\u03cc\u03c3\u03bf \u03c9\u03c2 \u03ba\u03c5\u03c1\u03af\u03c9\u03c2 \u03c0\u03b9\u03ac\u03c4\u03bf \u03cc\u03c3\u03bf \u03ba\u03b1\u03b9 \u03c9\u03c2 \u03b5\u03ba\u03bb\u03b5\u03c0\u03c4\u03c5\u03c3\u03bc\u03ad\u03bd\u03bf \u03c3\u03c5\u03bd\u03bf\u03b4\u03b5\u03c5\u03c4\u03b9\u03ba\u03cc, \u03c4\u03b1\u03b9\u03c1\u03b9\u03ac\u03b6\u03b5\u03b9 \u03c5\u03c0\u03ad\u03c1\u03bf\u03c7\u03b1 \u03bc\u03b5 \u03c8\u03ac\u03c1\u03b9, \u03ba\u03bf\u03c4\u03cc\u03c0\u03bf\u03c5\u03bb\u03bf \u03ae \u03c6\u03c1\u03ad\u03c3\u03ba\u03b1 \u03b5\u03c0\u03bf\u03c7\u03b9\u03b1\u03ba\u03ac \u03bb\u03b1\u03c7\u03b1\u03bd\u03b9\u03ba\u03ac.\" \/>\n<meta property=\"og:url\" content=\"https:\/\/store.myst.gr\/de\/produkt\/risotoo-lemon-thyme\/\" \/>\n<meta property=\"og:site_name\" content=\"MYST\" \/>\n<meta property=\"article:publisher\" content=\"https:\/\/www.facebook.com\/mystfood\" \/>\n<meta property=\"article:modified_time\" content=\"2026-05-06T08:13:13+00:00\" \/>\n<meta property=\"og:image\" content=\"https:\/\/store.myst.gr\/wp-content\/uploads\/2026\/05\/RISSOTO-LEMON.jpg\" \/>\n\t<meta property=\"og:image:width\" content=\"1000\" \/>\n\t<meta property=\"og:image:height\" content=\"1000\" \/>\n\t<meta property=\"og:image:type\" content=\"image\/jpeg\" \/>\n<meta name=\"twitter:card\" content=\"summary_large_image\" \/>\n<meta name=\"twitter:label1\" content=\"Gesch\u00e4tzte Lesezeit\" \/>\n\t<meta name=\"twitter:data1\" content=\"2\u00a0Minuten\" \/>\n<script type=\"application\/ld+json\" class=\"yoast-schema-graph\">{\"@context\":\"https:\\\/\\\/schema.org\",\"@graph\":[{\"@type\":\"WebPage\",\"@id\":\"https:\\\/\\\/store.myst.gr\\\/product\\\/risotoo-lemon-thyme\\\/\",\"url\":\"https:\\\/\\\/store.myst.gr\\\/product\\\/risotoo-lemon-thyme\\\/\",\"name\":\"\u03a1\u03b9\u03b6\u03cc\u03c4\u03bf \u03bc\u03b5 \u039b\u03b5\u03bc\u03cc\u03bd\u03b9 & \u0398\u03c5\u03bc\u03ac\u03c1\u03b9\",\"isPartOf\":{\"@id\":\"https:\\\/\\\/store.myst.gr\\\/#website\"},\"primaryImageOfPage\":{\"@id\":\"https:\\\/\\\/store.myst.gr\\\/product\\\/risotoo-lemon-thyme\\\/#primaryimage\"},\"image\":{\"@id\":\"https:\\\/\\\/store.myst.gr\\\/product\\\/risotoo-lemon-thyme\\\/#primaryimage\"},\"thumbnailUrl\":\"https:\\\/\\\/store.myst.gr\\\/wp-content\\\/uploads\\\/2026\\\/05\\\/RISSOTO-LEMON.jpg\",\"datePublished\":\"2026-05-06T07:19:18+00:00\",\"dateModified\":\"2026-05-06T08:13:13+00:00\",\"description\":\"\u0399\u03b4\u03b1\u03bd\u03b9\u03ba\u03cc \u03c4\u03cc\u03c3\u03bf \u03c9\u03c2 \u03ba\u03c5\u03c1\u03af\u03c9\u03c2 \u03c0\u03b9\u03ac\u03c4\u03bf \u03cc\u03c3\u03bf \u03ba\u03b1\u03b9 \u03c9\u03c2 \u03b5\u03ba\u03bb\u03b5\u03c0\u03c4\u03c5\u03c3\u03bc\u03ad\u03bd\u03bf \u03c3\u03c5\u03bd\u03bf\u03b4\u03b5\u03c5\u03c4\u03b9\u03ba\u03cc, \u03c4\u03b1\u03b9\u03c1\u03b9\u03ac\u03b6\u03b5\u03b9 \u03c5\u03c0\u03ad\u03c1\u03bf\u03c7\u03b1 \u03bc\u03b5 \u03c8\u03ac\u03c1\u03b9, \u03ba\u03bf\u03c4\u03cc\u03c0\u03bf\u03c5\u03bb\u03bf \u03ae \u03c6\u03c1\u03ad\u03c3\u03ba\u03b1 \u03b5\u03c0\u03bf\u03c7\u03b9\u03b1\u03ba\u03ac \u03bb\u03b1\u03c7\u03b1\u03bd\u03b9\u03ba\u03ac.\",\"breadcrumb\":{\"@id\":\"https:\\\/\\\/store.myst.gr\\\/product\\\/risotoo-lemon-thyme\\\/#breadcrumb\"},\"inLanguage\":\"de\",\"potentialAction\":[{\"@type\":\"ReadAction\",\"target\":[\"https:\\\/\\\/store.myst.gr\\\/product\\\/risotoo-lemon-thyme\\\/\"]}]},{\"@type\":\"ImageObject\",\"inLanguage\":\"de\",\"@id\":\"https:\\\/\\\/store.myst.gr\\\/product\\\/risotoo-lemon-thyme\\\/#primaryimage\",\"url\":\"https:\\\/\\\/store.myst.gr\\\/wp-content\\\/uploads\\\/2026\\\/05\\\/RISSOTO-LEMON.jpg\",\"contentUrl\":\"https:\\\/\\\/store.myst.gr\\\/wp-content\\\/uploads\\\/2026\\\/05\\\/RISSOTO-LEMON.jpg\",\"width\":1000,\"height\":1000},{\"@type\":\"BreadcrumbList\",\"@id\":\"https:\\\/\\\/store.myst.gr\\\/product\\\/risotoo-lemon-thyme\\\/#breadcrumb\",\"itemListElement\":[{\"@type\":\"ListItem\",\"position\":1,\"name\":\"Home\",\"item\":\"https:\\\/\\\/store.myst.gr\\\/\"},{\"@type\":\"ListItem\",\"position\":2,\"name\":\"Shop\",\"item\":\"https:\\\/\\\/store.myst.gr\\\/\"},{\"@type\":\"ListItem\",\"position\":3,\"name\":\"\u03a1\u03b9\u03b6\u03cc\u03c4\u03bf \u03bc\u03b5 \u039b\u03b5\u03bc\u03cc\u03bd\u03b9 &#038; \u0398\u03c5\u03bc\u03ac\u03c1\u03b9\"}]},{\"@type\":\"WebSite\",\"@id\":\"https:\\\/\\\/store.myst.gr\\\/#website\",\"url\":\"https:\\\/\\\/store.myst.gr\\\/\",\"name\":\"Myst\",\"description\":\"\u0391\u03bd\u03b1\u03ba\u03b1\u03bb\u03cd\u03c8\u03c4\u03b5 \u03c4\u03b9\u03c2 \u03b3\u03b5\u03cd\u03c3\u03b5\u03b9\u03c2 \u03c4\u03b7\u03c2 \u0395\u03bb\u03bb\u03ac\u03b4\u03b1\u03c2\",\"publisher\":{\"@id\":\"https:\\\/\\\/store.myst.gr\\\/#organization\"},\"potentialAction\":[{\"@type\":\"SearchAction\",\"target\":{\"@type\":\"EntryPoint\",\"urlTemplate\":\"https:\\\/\\\/store.myst.gr\\\/?s={search_term_string}\"},\"query-input\":{\"@type\":\"PropertyValueSpecification\",\"valueRequired\":true,\"valueName\":\"search_term_string\"}}],\"inLanguage\":\"de\"},{\"@type\":\"Organization\",\"@id\":\"https:\\\/\\\/store.myst.gr\\\/#organization\",\"name\":\"MYST\",\"url\":\"https:\\\/\\\/store.myst.gr\\\/\",\"logo\":{\"@type\":\"ImageObject\",\"inLanguage\":\"de\",\"@id\":\"https:\\\/\\\/store.myst.gr\\\/#\\\/schema\\\/logo\\\/image\\\/\",\"url\":\"https:\\\/\\\/store.myst.gr\\\/wp-content\\\/uploads\\\/2024\\\/12\\\/myst-logo-str.svg\",\"contentUrl\":\"https:\\\/\\\/store.myst.gr\\\/wp-content\\\/uploads\\\/2024\\\/12\\\/myst-logo-str.svg\",\"width\":193,\"height\":53,\"caption\":\"MYST\"},\"image\":{\"@id\":\"https:\\\/\\\/store.myst.gr\\\/#\\\/schema\\\/logo\\\/image\\\/\"},\"sameAs\":[\"https:\\\/\\\/www.facebook.com\\\/mystfood\",\"https:\\\/\\\/www.instagram.com\\\/mystcompany\\\/\"]}]}<\/script>\n<!-- \/ Yoast SEO plugin. -->","yoast_head_json":{"title":"\u03a1\u03b9\u03b6\u03cc\u03c4\u03bf \u03bc\u03b5 \u039b\u03b5\u03bc\u03cc\u03bd\u03b9 & \u0398\u03c5\u03bc\u03ac\u03c1\u03b9","description":"Ideal sowohl als Hauptgericht als auch als elegante Beilage \u2013 passt hervorragend zu Fisch, H\u00e4hnchen oder frischem saisonalem Gem\u00fcse.","robots":{"index":"index","follow":"follow","max-snippet":"max-snippet:-1","max-image-preview":"max-image-preview:large","max-video-preview":"max-video-preview:-1"},"canonical":"https:\/\/store.myst.gr\/de\/produkt\/risotoo-lemon-thyme\/","og_locale":"de_DE","og_type":"article","og_title":"\u03a1\u03b9\u03b6\u03cc\u03c4\u03bf \u03bc\u03b5 \u039b\u03b5\u03bc\u03cc\u03bd\u03b9 & \u0398\u03c5\u03bc\u03ac\u03c1\u03b9","og_description":"\u0399\u03b4\u03b1\u03bd\u03b9\u03ba\u03cc \u03c4\u03cc\u03c3\u03bf \u03c9\u03c2 \u03ba\u03c5\u03c1\u03af\u03c9\u03c2 \u03c0\u03b9\u03ac\u03c4\u03bf \u03cc\u03c3\u03bf \u03ba\u03b1\u03b9 \u03c9\u03c2 \u03b5\u03ba\u03bb\u03b5\u03c0\u03c4\u03c5\u03c3\u03bc\u03ad\u03bd\u03bf \u03c3\u03c5\u03bd\u03bf\u03b4\u03b5\u03c5\u03c4\u03b9\u03ba\u03cc, \u03c4\u03b1\u03b9\u03c1\u03b9\u03ac\u03b6\u03b5\u03b9 \u03c5\u03c0\u03ad\u03c1\u03bf\u03c7\u03b1 \u03bc\u03b5 \u03c8\u03ac\u03c1\u03b9, \u03ba\u03bf\u03c4\u03cc\u03c0\u03bf\u03c5\u03bb\u03bf \u03ae \u03c6\u03c1\u03ad\u03c3\u03ba\u03b1 \u03b5\u03c0\u03bf\u03c7\u03b9\u03b1\u03ba\u03ac \u03bb\u03b1\u03c7\u03b1\u03bd\u03b9\u03ba\u03ac.","og_url":"https:\/\/store.myst.gr\/de\/produkt\/risotoo-lemon-thyme\/","og_site_name":"MYST","article_publisher":"https:\/\/www.facebook.com\/mystfood","article_modified_time":"2026-05-06T08:13:13+00:00","og_image":[{"width":1000,"height":1000,"url":"https:\/\/store.myst.gr\/wp-content\/uploads\/2026\/05\/RISSOTO-LEMON.jpg","type":"image\/jpeg"}],"twitter_card":"summary_large_image","twitter_misc":{"Gesch\u00e4tzte Lesezeit":"2\u00a0Minuten"},"schema":{"@context":"https:\/\/schema.org","@graph":[{"@type":"WebPage","@id":"https:\/\/store.myst.gr\/product\/risotoo-lemon-thyme\/","url":"https:\/\/store.myst.gr\/product\/risotoo-lemon-thyme\/","name":"\u03a1\u03b9\u03b6\u03cc\u03c4\u03bf \u03bc\u03b5 \u039b\u03b5\u03bc\u03cc\u03bd\u03b9 & \u0398\u03c5\u03bc\u03ac\u03c1\u03b9","isPartOf":{"@id":"https:\/\/store.myst.gr\/#website"},"primaryImageOfPage":{"@id":"https:\/\/store.myst.gr\/product\/risotoo-lemon-thyme\/#primaryimage"},"image":{"@id":"https:\/\/store.myst.gr\/product\/risotoo-lemon-thyme\/#primaryimage"},"thumbnailUrl":"https:\/\/store.myst.gr\/wp-content\/uploads\/2026\/05\/RISSOTO-LEMON.jpg","datePublished":"2026-05-06T07:19:18+00:00","dateModified":"2026-05-06T08:13:13+00:00","description":"Ideal sowohl als Hauptgericht als auch als elegante Beilage \u2013 passt hervorragend zu Fisch, H\u00e4hnchen oder frischem saisonalem Gem\u00fcse.","breadcrumb":{"@id":"https:\/\/store.myst.gr\/product\/risotoo-lemon-thyme\/#breadcrumb"},"inLanguage":"de","potentialAction":[{"@type":"ReadAction","target":["https:\/\/store.myst.gr\/product\/risotoo-lemon-thyme\/"]}]},{"@type":"ImageObject","inLanguage":"de","@id":"https:\/\/store.myst.gr\/product\/risotoo-lemon-thyme\/#primaryimage","url":"https:\/\/store.myst.gr\/wp-content\/uploads\/2026\/05\/RISSOTO-LEMON.jpg","contentUrl":"https:\/\/store.myst.gr\/wp-content\/uploads\/2026\/05\/RISSOTO-LEMON.jpg","width":1000,"height":1000},{"@type":"BreadcrumbList","@id":"https:\/\/store.myst.gr\/product\/risotoo-lemon-thyme\/#breadcrumb","itemListElement":[{"@type":"ListItem","position":1,"name":"Home","item":"https:\/\/store.myst.gr\/"},{"@type":"ListItem","position":2,"name":"Shop","item":"https:\/\/store.myst.gr\/"},{"@type":"ListItem","position":3,"name":"\u03a1\u03b9\u03b6\u03cc\u03c4\u03bf \u03bc\u03b5 \u039b\u03b5\u03bc\u03cc\u03bd\u03b9 &#038; \u0398\u03c5\u03bc\u03ac\u03c1\u03b9"}]},{"@type":"WebSite","@id":"https:\/\/store.myst.gr\/#website","url":"https:\/\/store.myst.gr\/","name":"Myst","description":"\u0391\u03bd\u03b1\u03ba\u03b1\u03bb\u03cd\u03c8\u03c4\u03b5 \u03c4\u03b9\u03c2 \u03b3\u03b5\u03cd\u03c3\u03b5\u03b9\u03c2 \u03c4\u03b7\u03c2 \u0395\u03bb\u03bb\u03ac\u03b4\u03b1\u03c2","publisher":{"@id":"https:\/\/store.myst.gr\/#organization"},"potentialAction":[{"@type":"SearchAction","target":{"@type":"EntryPoint","urlTemplate":"https:\/\/store.myst.gr\/?s={search_term_string}"},"query-input":{"@type":"PropertyValueSpecification","valueRequired":true,"valueName":"search_term_string"}}],"inLanguage":"de"},{"@type":"Organization","@id":"https:\/\/store.myst.gr\/#organization","name":"MYST","url":"https:\/\/store.myst.gr\/","logo":{"@type":"ImageObject","inLanguage":"de","@id":"https:\/\/store.myst.gr\/#\/schema\/logo\/image\/","url":"https:\/\/store.myst.gr\/wp-content\/uploads\/2024\/12\/myst-logo-str.svg","contentUrl":"https:\/\/store.myst.gr\/wp-content\/uploads\/2024\/12\/myst-logo-str.svg","width":193,"height":53,"caption":"MYST"},"image":{"@id":"https:\/\/store.myst.gr\/#\/schema\/logo\/image\/"},"sameAs":["https:\/\/www.facebook.com\/mystfood","https:\/\/www.instagram.com\/mystcompany\/"]}]}},"_links":{"self":[{"href":"https:\/\/store.myst.gr\/de\/wp-json\/wp\/v2\/product\/19845","targetHints":{"allow":["GET"]}}],"collection":[{"href":"https:\/\/store.myst.gr\/de\/wp-json\/wp\/v2\/product"}],"about":[{"href":"https:\/\/store.myst.gr\/de\/wp-json\/wp\/v2\/types\/product"}],"wp:featuredmedia":[{"embeddable":true,"href":"https:\/\/store.myst.gr\/de\/wp-json\/wp\/v2\/media\/19847"}],"wp:attachment":[{"href":"https:\/\/store.myst.gr\/de\/wp-json\/wp\/v2\/media?parent=19845"}],"wp:term":[{"taxonomy":"product_cat","embeddable":true,"href":"https:\/\/store.myst.gr\/de\/wp-json\/wp\/v2\/product_cat?post=19845"},{"taxonomy":"product_tag","embeddable":true,"href":"https:\/\/store.myst.gr\/de\/wp-json\/wp\/v2\/product_tag?post=19845"}],"curies":[{"name":"wp","href":"https:\/\/api.w.org\/{rel}","templated":true}]}}