{"id":19451,"date":"2026-04-14T10:26:18","date_gmt":"2026-04-14T10:26:18","guid":{"rendered":"https:\/\/store.myst.gr\/?post_type=product&#038;p=19451"},"modified":"2026-04-14T12:55:36","modified_gmt":"2026-04-14T12:55:36","slug":"nutmeg-whole","status":"publish","type":"product","link":"https:\/\/store.myst.gr\/de\/product\/nutmeg-whole\/","title":{"rendered":"Ganze Muskatnuss"},"content":{"rendered":"<p>Ganze Muskatnuss ist ein aromatisches Gew\u00fcrz mit einem warmen, leicht s\u00fc\u00dflichen und w\u00fcrzigen Geschmack. Mit ihrer intensiven Duftnote verleiht sie vielen Gerichten Tiefe und Eleganz.<\/p>\n<p>Sie stammt aus dem Samen des Myristica fragrans-Baumes und wird in der mediterranen, europ\u00e4ischen und internationalen K\u00fcche \u0448\u0438\u0440\u043e\u043a\u043e verwendet. In ganzer Form bleiben die \u00e4therischen \u00d6le l\u00e4nger erhalten und sorgen f\u00fcr maximale Frische.<\/p>\n<h3><b>\ud83c\udf3f Verwendung von Muskatnuss in der K\u00fcche<\/b><\/h3>\n<p class=\"p1\">Am besten entfaltet sie ihr Aroma, wenn sie frisch gerieben wird, wodurch sie ein intensiveres und raffinierteres Ergebnis liefert. Sie passt hervorragend zu Saucen, cremigen Gerichten, Gem\u00fcse, Fleisch, Suppen und Pasta sowie zu Desserts und Getr\u00e4nken.<\/p>\n<p>\ud83e\ude7a Hinweis:<\/p>\n<p>Die bereitgestellten Informationen dienen nur zu Informationszwecken und stellen keine medizinische Beratung dar.<br \/>\nBei gesundheitlichen Fragen wenden Sie sich bitte an Ihren Arzt oder Ern\u00e4hrungsberater.<\/p>","protected":false},"excerpt":{"rendered":"<p data-start=\"1350\" data-end=\"1458\"><strong data-start=\"1350\" data-end=\"1458\">Hochwertige ganze Muskatnuss mit warmem, intensivem Aroma. Ideal frisch gerieben.<\/strong><\/p>\n<p class=\"p1\">Ohne Konservierungsstoffe oder Zus\u00e4tze. 100 % nat\u00fcrliches Produkt.<\/p>\n<p><strong>Muskatnuss gemahlen : \u212e 100g<\/strong><br \/>\n<strong>Muskatnuss ganz : \u212e 100g<\/strong><\/p>\n<p><strong>Die besten Produkte aus Griechenland direkt auf Ihren Tisch geliefert und kostenloser Versand bei Bestellungen \u00fcber 120 \u20ac innerhalb Europas.<\/strong><\/p>","protected":false},"featured_media":19400,"template":"","meta":{"_acf_changed":false,"inline_featured_image":false},"product_cat":[624,625,539,15],"product_tag":[323,651,613],"class_list":{"0":"post-19451","1":"product","2":"type-product","3":"status-publish","4":"has-post-thumbnail","6":"product_cat-pastry-confectionery","7":"product_cat-spices","8":"product_cat-mixedherbs","9":"product_cat-vall","10":"product_tag-cataloguejuly","11":"product_tag-retail","12":"product_tag-spices","14":"first","15":"instock","16":"taxable","17":"shipping-taxable","18":"purchasable","19":"product-type-variable","20":"has-default-attributes"},"acf":[],"yoast_head":"<!-- This site is optimized with the Yoast SEO plugin v27.4 - https:\/\/yoast.com\/product\/yoast-seo-wordpress\/ -->\n<title>\u039c\u03bf\u03c3\u03c7\u03bf\u03ba\u03ac\u03c1\u03c5\u03b4\u03bf \u039f\u03bb\u03cc\u03ba\u03bb\u03b7\u03c1\u03bf<\/title>\n<meta name=\"description\" content=\"\u039f\u03bb\u03cc\u03ba\u03bb\u03b7\u03c1\u03bf \u03bc\u03bf\u03c3\u03c7\u03bf\u03ba\u03ac\u03c1\u03c5\u03b4\u03bf \u03c5\u03c8\u03b7\u03bb\u03ae\u03c2 \u03c0\u03bf\u03b9\u03cc\u03c4\u03b7\u03c4\u03b1\u03c2 \u03bc\u03b5 \u03c0\u03bb\u03bf\u03cd\u03c3\u03b9\u03bf \u03ba\u03b1\u03b9 \u03b6\u03b5\u03c3\u03c4\u03cc \u03ac\u03c1\u03c9\u03bc\u03b1. \u0399\u03b4\u03b1\u03bd\u03b9\u03ba\u03cc \u03b3\u03b9\u03b1 \u03c6\u03c1\u03ad\u03c3\u03ba\u03bf \u03c4\u03c1\u03af\u03c8\u03b9\u03bc\u03bf \u03ba\u03b1\u03b9 \u03bc\u03ad\u03b3\u03b9\u03c3\u03c4\u03b7 \u03b3\u03b5\u03cd\u03c3\u03b7.\u03a7\u03c9\u03c1\u03af\u03c2 \u03c3\u03c5\u03bd\u03c4\u03b7\u03c1\u03b7\u03c4\u03b9\u03ba\u03ac \u03ae \u03c0\u03c1\u03cc\u03c3\u03b8\u03b5\u03c4\u03b1. 100% \u03c6\u03c5\u03c3\u03b9\u03ba\u03cc\" \/>\n<meta name=\"robots\" content=\"index, follow, max-snippet:-1, max-image-preview:large, max-video-preview:-1\" \/>\n<link rel=\"canonical\" href=\"https:\/\/store.myst.gr\/de\/produkt\/nutmeg-whole\/\" \/>\n<meta property=\"og:locale\" content=\"de_DE\" \/>\n<meta property=\"og:type\" content=\"article\" \/>\n<meta property=\"og:title\" content=\"\u039c\u03bf\u03c3\u03c7\u03bf\u03ba\u03ac\u03c1\u03c5\u03b4\u03bf \u039f\u03bb\u03cc\u03ba\u03bb\u03b7\u03c1\u03bf\" \/>\n<meta property=\"og:description\" content=\"\u039f\u03bb\u03cc\u03ba\u03bb\u03b7\u03c1\u03bf \u03bc\u03bf\u03c3\u03c7\u03bf\u03ba\u03ac\u03c1\u03c5\u03b4\u03bf \u03c5\u03c8\u03b7\u03bb\u03ae\u03c2 \u03c0\u03bf\u03b9\u03cc\u03c4\u03b7\u03c4\u03b1\u03c2 \u03bc\u03b5 \u03c0\u03bb\u03bf\u03cd\u03c3\u03b9\u03bf \u03ba\u03b1\u03b9 \u03b6\u03b5\u03c3\u03c4\u03cc \u03ac\u03c1\u03c9\u03bc\u03b1. \u0399\u03b4\u03b1\u03bd\u03b9\u03ba\u03cc \u03b3\u03b9\u03b1 \u03c6\u03c1\u03ad\u03c3\u03ba\u03bf \u03c4\u03c1\u03af\u03c8\u03b9\u03bc\u03bf \u03ba\u03b1\u03b9 \u03bc\u03ad\u03b3\u03b9\u03c3\u03c4\u03b7 \u03b3\u03b5\u03cd\u03c3\u03b7.\u03a7\u03c9\u03c1\u03af\u03c2 \u03c3\u03c5\u03bd\u03c4\u03b7\u03c1\u03b7\u03c4\u03b9\u03ba\u03ac \u03ae \u03c0\u03c1\u03cc\u03c3\u03b8\u03b5\u03c4\u03b1. 100% \u03c6\u03c5\u03c3\u03b9\u03ba\u03cc\" \/>\n<meta property=\"og:url\" content=\"https:\/\/store.myst.gr\/de\/produkt\/nutmeg-whole\/\" \/>\n<meta property=\"og:site_name\" content=\"MYST\" \/>\n<meta property=\"article:publisher\" content=\"https:\/\/www.facebook.com\/mystfood\" \/>\n<meta property=\"article:modified_time\" content=\"2026-04-14T12:55:36+00:00\" \/>\n<meta property=\"og:image\" content=\"https:\/\/store.myst.gr\/wp-content\/uploads\/2026\/04\/Nutmeg-Whole-1.jpg\" \/>\n\t<meta property=\"og:image:width\" content=\"1000\" \/>\n\t<meta property=\"og:image:height\" content=\"1000\" \/>\n\t<meta property=\"og:image:type\" content=\"image\/jpeg\" \/>\n<meta name=\"twitter:card\" content=\"summary_large_image\" \/>\n<meta name=\"twitter:label1\" content=\"Gesch\u00e4tzte Lesezeit\" \/>\n\t<meta name=\"twitter:data1\" content=\"2\u00a0Minuten\" \/>\n<script type=\"application\/ld+json\" class=\"yoast-schema-graph\">{\"@context\":\"https:\\\/\\\/schema.org\",\"@graph\":[{\"@type\":\"WebPage\",\"@id\":\"https:\\\/\\\/store.myst.gr\\\/product\\\/nutmeg-whole\\\/\",\"url\":\"https:\\\/\\\/store.myst.gr\\\/product\\\/nutmeg-whole\\\/\",\"name\":\"\u039c\u03bf\u03c3\u03c7\u03bf\u03ba\u03ac\u03c1\u03c5\u03b4\u03bf \u039f\u03bb\u03cc\u03ba\u03bb\u03b7\u03c1\u03bf\",\"isPartOf\":{\"@id\":\"https:\\\/\\\/store.myst.gr\\\/#website\"},\"primaryImageOfPage\":{\"@id\":\"https:\\\/\\\/store.myst.gr\\\/product\\\/nutmeg-whole\\\/#primaryimage\"},\"image\":{\"@id\":\"https:\\\/\\\/store.myst.gr\\\/product\\\/nutmeg-whole\\\/#primaryimage\"},\"thumbnailUrl\":\"https:\\\/\\\/store.myst.gr\\\/wp-content\\\/uploads\\\/2026\\\/04\\\/Nutmeg-Whole-1.jpg\",\"datePublished\":\"2026-04-14T10:26:18+00:00\",\"dateModified\":\"2026-04-14T12:55:36+00:00\",\"description\":\"\u039f\u03bb\u03cc\u03ba\u03bb\u03b7\u03c1\u03bf \u03bc\u03bf\u03c3\u03c7\u03bf\u03ba\u03ac\u03c1\u03c5\u03b4\u03bf \u03c5\u03c8\u03b7\u03bb\u03ae\u03c2 \u03c0\u03bf\u03b9\u03cc\u03c4\u03b7\u03c4\u03b1\u03c2 \u03bc\u03b5 \u03c0\u03bb\u03bf\u03cd\u03c3\u03b9\u03bf \u03ba\u03b1\u03b9 \u03b6\u03b5\u03c3\u03c4\u03cc \u03ac\u03c1\u03c9\u03bc\u03b1. \u0399\u03b4\u03b1\u03bd\u03b9\u03ba\u03cc \u03b3\u03b9\u03b1 \u03c6\u03c1\u03ad\u03c3\u03ba\u03bf \u03c4\u03c1\u03af\u03c8\u03b9\u03bc\u03bf \u03ba\u03b1\u03b9 \u03bc\u03ad\u03b3\u03b9\u03c3\u03c4\u03b7 \u03b3\u03b5\u03cd\u03c3\u03b7.\u03a7\u03c9\u03c1\u03af\u03c2 \u03c3\u03c5\u03bd\u03c4\u03b7\u03c1\u03b7\u03c4\u03b9\u03ba\u03ac \u03ae \u03c0\u03c1\u03cc\u03c3\u03b8\u03b5\u03c4\u03b1. 100% \u03c6\u03c5\u03c3\u03b9\u03ba\u03cc\",\"breadcrumb\":{\"@id\":\"https:\\\/\\\/store.myst.gr\\\/product\\\/nutmeg-whole\\\/#breadcrumb\"},\"inLanguage\":\"de\",\"potentialAction\":[{\"@type\":\"ReadAction\",\"target\":[\"https:\\\/\\\/store.myst.gr\\\/product\\\/nutmeg-whole\\\/\"]}]},{\"@type\":\"ImageObject\",\"inLanguage\":\"de\",\"@id\":\"https:\\\/\\\/store.myst.gr\\\/product\\\/nutmeg-whole\\\/#primaryimage\",\"url\":\"https:\\\/\\\/store.myst.gr\\\/wp-content\\\/uploads\\\/2026\\\/04\\\/Nutmeg-Whole-1.jpg\",\"contentUrl\":\"https:\\\/\\\/store.myst.gr\\\/wp-content\\\/uploads\\\/2026\\\/04\\\/Nutmeg-Whole-1.jpg\",\"width\":1000,\"height\":1000},{\"@type\":\"BreadcrumbList\",\"@id\":\"https:\\\/\\\/store.myst.gr\\\/product\\\/nutmeg-whole\\\/#breadcrumb\",\"itemListElement\":[{\"@type\":\"ListItem\",\"position\":1,\"name\":\"Home\",\"item\":\"https:\\\/\\\/store.myst.gr\\\/\"},{\"@type\":\"ListItem\",\"position\":2,\"name\":\"Shop\",\"item\":\"https:\\\/\\\/store.myst.gr\\\/\"},{\"@type\":\"ListItem\",\"position\":3,\"name\":\"\u039c\u03bf\u03c3\u03c7\u03bf\u03ba\u03ac\u03c1\u03c5\u03b4\u03bf \u039f\u03bb\u03cc\u03ba\u03bb\u03b7\u03c1\u03bf\"}]},{\"@type\":\"WebSite\",\"@id\":\"https:\\\/\\\/store.myst.gr\\\/#website\",\"url\":\"https:\\\/\\\/store.myst.gr\\\/\",\"name\":\"Myst\",\"description\":\"\u0391\u03bd\u03b1\u03ba\u03b1\u03bb\u03cd\u03c8\u03c4\u03b5 \u03c4\u03b9\u03c2 \u03b3\u03b5\u03cd\u03c3\u03b5\u03b9\u03c2 \u03c4\u03b7\u03c2 \u0395\u03bb\u03bb\u03ac\u03b4\u03b1\u03c2\",\"publisher\":{\"@id\":\"https:\\\/\\\/store.myst.gr\\\/#organization\"},\"potentialAction\":[{\"@type\":\"SearchAction\",\"target\":{\"@type\":\"EntryPoint\",\"urlTemplate\":\"https:\\\/\\\/store.myst.gr\\\/?s={search_term_string}\"},\"query-input\":{\"@type\":\"PropertyValueSpecification\",\"valueRequired\":true,\"valueName\":\"search_term_string\"}}],\"inLanguage\":\"de\"},{\"@type\":\"Organization\",\"@id\":\"https:\\\/\\\/store.myst.gr\\\/#organization\",\"name\":\"MYST\",\"url\":\"https:\\\/\\\/store.myst.gr\\\/\",\"logo\":{\"@type\":\"ImageObject\",\"inLanguage\":\"de\",\"@id\":\"https:\\\/\\\/store.myst.gr\\\/#\\\/schema\\\/logo\\\/image\\\/\",\"url\":\"https:\\\/\\\/store.myst.gr\\\/wp-content\\\/uploads\\\/2024\\\/12\\\/myst-logo-str.svg\",\"contentUrl\":\"https:\\\/\\\/store.myst.gr\\\/wp-content\\\/uploads\\\/2024\\\/12\\\/myst-logo-str.svg\",\"width\":193,\"height\":53,\"caption\":\"MYST\"},\"image\":{\"@id\":\"https:\\\/\\\/store.myst.gr\\\/#\\\/schema\\\/logo\\\/image\\\/\"},\"sameAs\":[\"https:\\\/\\\/www.facebook.com\\\/mystfood\",\"https:\\\/\\\/www.instagram.com\\\/mystcompany\\\/\"]}]}<\/script>\n<!-- \/ Yoast SEO plugin. -->","yoast_head_json":{"title":"Ganze Muskatnuss","description":"\u039f\u03bb\u03cc\u03ba\u03bb\u03b7\u03c1\u03bf \u03bc\u03bf\u03c3\u03c7\u03bf\u03ba\u03ac\u03c1\u03c5\u03b4\u03bf \u03c5\u03c8\u03b7\u03bb\u03ae\u03c2 \u03c0\u03bf\u03b9\u03cc\u03c4\u03b7\u03c4\u03b1\u03c2 \u03bc\u03b5 \u03c0\u03bb\u03bf\u03cd\u03c3\u03b9\u03bf \u03ba\u03b1\u03b9 \u03b6\u03b5\u03c3\u03c4\u03cc \u03ac\u03c1\u03c9\u03bc\u03b1. \u0399\u03b4\u03b1\u03bd\u03b9\u03ba\u03cc \u03b3\u03b9\u03b1 \u03c6\u03c1\u03ad\u03c3\u03ba\u03bf \u03c4\u03c1\u03af\u03c8\u03b9\u03bc\u03bf \u03ba\u03b1\u03b9 \u03bc\u03ad\u03b3\u03b9\u03c3\u03c4\u03b7 \u03b3\u03b5\u03cd\u03c3\u03b7.\u03a7\u03c9\u03c1\u03af\u03c2 \u03c3\u03c5\u03bd\u03c4\u03b7\u03c1\u03b7\u03c4\u03b9\u03ba\u03ac \u03ae \u03c0\u03c1\u03cc\u03c3\u03b8\u03b5\u03c4\u03b1. 100% \u03c6\u03c5\u03c3\u03b9\u03ba\u03cc","robots":{"index":"index","follow":"follow","max-snippet":"max-snippet:-1","max-image-preview":"max-image-preview:large","max-video-preview":"max-video-preview:-1"},"canonical":"https:\/\/store.myst.gr\/de\/produkt\/nutmeg-whole\/","og_locale":"de_DE","og_type":"article","og_title":"\u039c\u03bf\u03c3\u03c7\u03bf\u03ba\u03ac\u03c1\u03c5\u03b4\u03bf \u039f\u03bb\u03cc\u03ba\u03bb\u03b7\u03c1\u03bf","og_description":"\u039f\u03bb\u03cc\u03ba\u03bb\u03b7\u03c1\u03bf \u03bc\u03bf\u03c3\u03c7\u03bf\u03ba\u03ac\u03c1\u03c5\u03b4\u03bf \u03c5\u03c8\u03b7\u03bb\u03ae\u03c2 \u03c0\u03bf\u03b9\u03cc\u03c4\u03b7\u03c4\u03b1\u03c2 \u03bc\u03b5 \u03c0\u03bb\u03bf\u03cd\u03c3\u03b9\u03bf \u03ba\u03b1\u03b9 \u03b6\u03b5\u03c3\u03c4\u03cc \u03ac\u03c1\u03c9\u03bc\u03b1. \u0399\u03b4\u03b1\u03bd\u03b9\u03ba\u03cc \u03b3\u03b9\u03b1 \u03c6\u03c1\u03ad\u03c3\u03ba\u03bf \u03c4\u03c1\u03af\u03c8\u03b9\u03bc\u03bf \u03ba\u03b1\u03b9 \u03bc\u03ad\u03b3\u03b9\u03c3\u03c4\u03b7 \u03b3\u03b5\u03cd\u03c3\u03b7.\u03a7\u03c9\u03c1\u03af\u03c2 \u03c3\u03c5\u03bd\u03c4\u03b7\u03c1\u03b7\u03c4\u03b9\u03ba\u03ac \u03ae \u03c0\u03c1\u03cc\u03c3\u03b8\u03b5\u03c4\u03b1. 100% \u03c6\u03c5\u03c3\u03b9\u03ba\u03cc","og_url":"https:\/\/store.myst.gr\/de\/produkt\/nutmeg-whole\/","og_site_name":"MYST","article_publisher":"https:\/\/www.facebook.com\/mystfood","article_modified_time":"2026-04-14T12:55:36+00:00","og_image":[{"width":1000,"height":1000,"url":"https:\/\/store.myst.gr\/wp-content\/uploads\/2026\/04\/Nutmeg-Whole-1.jpg","type":"image\/jpeg"}],"twitter_card":"summary_large_image","twitter_misc":{"Gesch\u00e4tzte Lesezeit":"2\u00a0Minuten"},"schema":{"@context":"https:\/\/schema.org","@graph":[{"@type":"WebPage","@id":"https:\/\/store.myst.gr\/product\/nutmeg-whole\/","url":"https:\/\/store.myst.gr\/product\/nutmeg-whole\/","name":"Ganze Muskatnuss","isPartOf":{"@id":"https:\/\/store.myst.gr\/#website"},"primaryImageOfPage":{"@id":"https:\/\/store.myst.gr\/product\/nutmeg-whole\/#primaryimage"},"image":{"@id":"https:\/\/store.myst.gr\/product\/nutmeg-whole\/#primaryimage"},"thumbnailUrl":"https:\/\/store.myst.gr\/wp-content\/uploads\/2026\/04\/Nutmeg-Whole-1.jpg","datePublished":"2026-04-14T10:26:18+00:00","dateModified":"2026-04-14T12:55:36+00:00","description":"\u039f\u03bb\u03cc\u03ba\u03bb\u03b7\u03c1\u03bf \u03bc\u03bf\u03c3\u03c7\u03bf\u03ba\u03ac\u03c1\u03c5\u03b4\u03bf \u03c5\u03c8\u03b7\u03bb\u03ae\u03c2 \u03c0\u03bf\u03b9\u03cc\u03c4\u03b7\u03c4\u03b1\u03c2 \u03bc\u03b5 \u03c0\u03bb\u03bf\u03cd\u03c3\u03b9\u03bf \u03ba\u03b1\u03b9 \u03b6\u03b5\u03c3\u03c4\u03cc \u03ac\u03c1\u03c9\u03bc\u03b1. \u0399\u03b4\u03b1\u03bd\u03b9\u03ba\u03cc \u03b3\u03b9\u03b1 \u03c6\u03c1\u03ad\u03c3\u03ba\u03bf \u03c4\u03c1\u03af\u03c8\u03b9\u03bc\u03bf \u03ba\u03b1\u03b9 \u03bc\u03ad\u03b3\u03b9\u03c3\u03c4\u03b7 \u03b3\u03b5\u03cd\u03c3\u03b7.\u03a7\u03c9\u03c1\u03af\u03c2 \u03c3\u03c5\u03bd\u03c4\u03b7\u03c1\u03b7\u03c4\u03b9\u03ba\u03ac \u03ae \u03c0\u03c1\u03cc\u03c3\u03b8\u03b5\u03c4\u03b1. 100% \u03c6\u03c5\u03c3\u03b9\u03ba\u03cc","breadcrumb":{"@id":"https:\/\/store.myst.gr\/product\/nutmeg-whole\/#breadcrumb"},"inLanguage":"de","potentialAction":[{"@type":"ReadAction","target":["https:\/\/store.myst.gr\/product\/nutmeg-whole\/"]}]},{"@type":"ImageObject","inLanguage":"de","@id":"https:\/\/store.myst.gr\/product\/nutmeg-whole\/#primaryimage","url":"https:\/\/store.myst.gr\/wp-content\/uploads\/2026\/04\/Nutmeg-Whole-1.jpg","contentUrl":"https:\/\/store.myst.gr\/wp-content\/uploads\/2026\/04\/Nutmeg-Whole-1.jpg","width":1000,"height":1000},{"@type":"BreadcrumbList","@id":"https:\/\/store.myst.gr\/product\/nutmeg-whole\/#breadcrumb","itemListElement":[{"@type":"ListItem","position":1,"name":"Home","item":"https:\/\/store.myst.gr\/"},{"@type":"ListItem","position":2,"name":"Shop","item":"https:\/\/store.myst.gr\/"},{"@type":"ListItem","position":3,"name":"\u039c\u03bf\u03c3\u03c7\u03bf\u03ba\u03ac\u03c1\u03c5\u03b4\u03bf \u039f\u03bb\u03cc\u03ba\u03bb\u03b7\u03c1\u03bf"}]},{"@type":"WebSite","@id":"https:\/\/store.myst.gr\/#website","url":"https:\/\/store.myst.gr\/","name":"Myst","description":"\u0391\u03bd\u03b1\u03ba\u03b1\u03bb\u03cd\u03c8\u03c4\u03b5 \u03c4\u03b9\u03c2 \u03b3\u03b5\u03cd\u03c3\u03b5\u03b9\u03c2 \u03c4\u03b7\u03c2 \u0395\u03bb\u03bb\u03ac\u03b4\u03b1\u03c2","publisher":{"@id":"https:\/\/store.myst.gr\/#organization"},"potentialAction":[{"@type":"SearchAction","target":{"@type":"EntryPoint","urlTemplate":"https:\/\/store.myst.gr\/?s={search_term_string}"},"query-input":{"@type":"PropertyValueSpecification","valueRequired":true,"valueName":"search_term_string"}}],"inLanguage":"de"},{"@type":"Organization","@id":"https:\/\/store.myst.gr\/#organization","name":"MYST","url":"https:\/\/store.myst.gr\/","logo":{"@type":"ImageObject","inLanguage":"de","@id":"https:\/\/store.myst.gr\/#\/schema\/logo\/image\/","url":"https:\/\/store.myst.gr\/wp-content\/uploads\/2024\/12\/myst-logo-str.svg","contentUrl":"https:\/\/store.myst.gr\/wp-content\/uploads\/2024\/12\/myst-logo-str.svg","width":193,"height":53,"caption":"MYST"},"image":{"@id":"https:\/\/store.myst.gr\/#\/schema\/logo\/image\/"},"sameAs":["https:\/\/www.facebook.com\/mystfood","https:\/\/www.instagram.com\/mystcompany\/"]}]}},"_links":{"self":[{"href":"https:\/\/store.myst.gr\/de\/wp-json\/wp\/v2\/product\/19451","targetHints":{"allow":["GET"]}}],"collection":[{"href":"https:\/\/store.myst.gr\/de\/wp-json\/wp\/v2\/product"}],"about":[{"href":"https:\/\/store.myst.gr\/de\/wp-json\/wp\/v2\/types\/product"}],"wp:featuredmedia":[{"embeddable":true,"href":"https:\/\/store.myst.gr\/de\/wp-json\/wp\/v2\/media\/19400"}],"wp:attachment":[{"href":"https:\/\/store.myst.gr\/de\/wp-json\/wp\/v2\/media?parent=19451"}],"wp:term":[{"taxonomy":"product_cat","embeddable":true,"href":"https:\/\/store.myst.gr\/de\/wp-json\/wp\/v2\/product_cat?post=19451"},{"taxonomy":"product_tag","embeddable":true,"href":"https:\/\/store.myst.gr\/de\/wp-json\/wp\/v2\/product_tag?post=19451"}],"curies":[{"name":"wp","href":"https:\/\/api.w.org\/{rel}","templated":true}]}}