{"id":19431,"date":"2026-04-14T08:51:07","date_gmt":"2026-04-14T08:51:07","guid":{"rendered":"https:\/\/store.myst.gr\/?post_type=product&#038;p=19431"},"modified":"2026-04-15T04:47:39","modified_gmt":"2026-04-15T04:47:39","slug":"cumin-seeds","status":"publish","type":"product","link":"https:\/\/store.myst.gr\/de\/product\/cumin-seeds\/","title":{"rendered":"Ganze Kreuzk\u00fcmmelsamen"},"content":{"rendered":"<p>Ganze Kreuzk\u00fcmmelsamen sind ein besonders aromatisches Gew\u00fcrz mit einem warmen, erdigen und leicht nussigen, w\u00fcrzigen Geschmack. Mit ihrer goldbraunen Farbe und ihrem intensiven Duft verleihen sie zahlreichen Gerichten Tiefe und Authentizit\u00e4t.\n<\/p>\n<p>Sie stammen aus der Pflanze Cuminum cyminum und sind ein Grundbestandteil der mediterranen, orientalischen, asiatischen und lateinamerikanischen K\u00fcche. In ganzer Form behalten sie ihre \u00e4therischen \u00d6le l\u00e4nger und sorgen so f\u00fcr ein intensiveres Aroma.\n<\/p>\n<h3><b>\ud83c\udf3f Verwendung von Kreuzk\u00fcmmel<\/b><\/h3>\n<\/p>\n<p class=\"p1\">Ihr volles Aroma entfalten sie am besten, wenn sie leicht anger\u00f6stet oder zu Beginn des Kochens in \u00d6l erhitzt werden, wodurch sie ihre Duftstoffe freisetzen und sich optimal mit den Zutaten verbinden. Sie passen hervorragend zu Fleisch, Gem\u00fcse, H\u00fclsenfr\u00fcchten, Reis und Saucen und sind auch ein wichtiger Bestandteil vieler Gew\u00fcrzmischungen. F\u00fcr ein noch intensiveres Ergebnis k\u00f6nnen sie vor der Verwendung leicht zersto\u00dfen oder frisch gemahlen werden.<\/p>\n<p>\ud83e\ude7a Hinweis:\n<\/p>\n<p>Die bereitgestellten Informationen dienen nur zu Informationszwecken und stellen keine medizinische Beratung dar.<br \/>\nBei gesundheitlichen Fragen wenden Sie sich bitte an Ihren Arzt oder Ern\u00e4hrungsberater.<\/p>","protected":false},"excerpt":{"rendered":"<p class=\"p1\">Ganze Kreuzk\u00fcmmelsamen \u2013 Warmes Aroma und intensiver Geschmack<\/p>\n<p data-start=\"1430\" data-end=\"1550\"><strong data-start=\"1430\" data-end=\"1550\">Hochwertige ganze Kreuzk\u00fcmmelsamen mit warmem, intensivem Aroma. Ideal f\u00fcr authentische Gerichte und Gew\u00fcrzmischungen.<\/strong><\/p>\n<p class=\"p1\">Ohne Konservierungsstoffe oder Zus\u00e4tze. 100 % nat\u00fcrliches Produkt.<\/p>\n<p><strong>Kreuzk\u00fcmmel gemahlen : \u212e 100g<\/strong><br \/>\n<strong>Kreuzk\u00fcmmelsamen : \u212e 90g<\/strong><\/p>\n<p><strong>Die besten Produkte aus Griechenland direkt auf Ihren Tisch geliefert und kostenloser Versand bei Bestellungen \u00fcber 120 \u20ac innerhalb Europas.<\/strong><\/p>","protected":false},"featured_media":19387,"template":"","meta":{"_acf_changed":false,"inline_featured_image":false},"product_cat":[625,539,15],"product_tag":[323,651,613],"class_list":{"0":"post-19431","1":"product","2":"type-product","3":"status-publish","4":"has-post-thumbnail","6":"product_cat-spices","7":"product_cat-mixedherbs","8":"product_cat-vall","9":"product_tag-cataloguejuly","10":"product_tag-retail","11":"product_tag-spices","13":"first","14":"instock","15":"taxable","16":"shipping-taxable","17":"purchasable","18":"product-type-variable","19":"has-default-attributes"},"acf":[],"yoast_head":"<!-- This site is optimized with the Yoast SEO plugin v27.4 - https:\/\/yoast.com\/product\/yoast-seo-wordpress\/ -->\n<title>\u039a\u03cd\u03bc\u03b9\u03bd\u03bf \u039f\u03bb\u03cc\u03ba\u03bb\u03b7\u03c1\u03bf<\/title>\n<meta name=\"description\" content=\"\u0396\u03b5\u03c3\u03c4\u03cc \u03ac\u03c1\u03c9\u03bc\u03b1 \u03ba\u03b1\u03b9 \u03c0\u03bb\u03bf\u03cd\u03c3\u03b9\u03b1, \u03b1\u03c5\u03b8\u03b5\u03bd\u03c4\u03b9\u03ba\u03ae \u03b3\u03b5\u03cd\u03c3\u03b7 \u03c3\u03c0\u03cc\u03c1\u03bf\u03b9 \u03ba\u03cd\u03bc\u03b9\u03bd\u03bf \u03c5\u03c8\u03b7\u03bb\u03ae\u03c2 \u03c0\u03bf\u03b9\u03cc\u03c4\u03b7\u03c4\u03b1\u03c2 \u03bc\u03b5 \u03c0\u03bb\u03bf\u03cd\u03c3\u03b9\u03bf \u03ba\u03b1\u03b9 \u03b6\u03b5\u03c3\u03c4\u03cc \u03ac\u03c1\u03c9\u03bc\u03b1. \u0399\u03b4\u03b1\u03bd\u03b9\u03ba\u03cc \u03b3\u03b9\u03b1 \u03b1\u03c5\u03b8\u03b5\u03bd\u03c4\u03b9\u03ba\u03ae \u03bc\u03b1\u03b3\u03b5\u03b9\u03c1\u03b9\u03ba\u03ae \u03ba\u03b1\u03b9 \u03bc\u03b5\u03af\u03b3\u03bc\u03b1\u03c4\u03b1 \u03bc\u03c0\u03b1\u03c7\u03b1\u03c1\u03b9\u03ba\u03ce\u03bd\" \/>\n<meta name=\"robots\" content=\"index, follow, max-snippet:-1, max-image-preview:large, max-video-preview:-1\" \/>\n<link rel=\"canonical\" href=\"https:\/\/store.myst.gr\/de\/produkt\/cumin-seeds\/\" \/>\n<meta property=\"og:locale\" content=\"de_DE\" \/>\n<meta property=\"og:type\" content=\"article\" \/>\n<meta property=\"og:title\" content=\"\u039a\u03cd\u03bc\u03b9\u03bd\u03bf \u039f\u03bb\u03cc\u03ba\u03bb\u03b7\u03c1\u03bf\" \/>\n<meta property=\"og:description\" content=\"\u0396\u03b5\u03c3\u03c4\u03cc \u03ac\u03c1\u03c9\u03bc\u03b1 \u03ba\u03b1\u03b9 \u03c0\u03bb\u03bf\u03cd\u03c3\u03b9\u03b1, \u03b1\u03c5\u03b8\u03b5\u03bd\u03c4\u03b9\u03ba\u03ae \u03b3\u03b5\u03cd\u03c3\u03b7 \u03c3\u03c0\u03cc\u03c1\u03bf\u03b9 \u03ba\u03cd\u03bc\u03b9\u03bd\u03bf \u03c5\u03c8\u03b7\u03bb\u03ae\u03c2 \u03c0\u03bf\u03b9\u03cc\u03c4\u03b7\u03c4\u03b1\u03c2 \u03bc\u03b5 \u03c0\u03bb\u03bf\u03cd\u03c3\u03b9\u03bf \u03ba\u03b1\u03b9 \u03b6\u03b5\u03c3\u03c4\u03cc \u03ac\u03c1\u03c9\u03bc\u03b1. \u0399\u03b4\u03b1\u03bd\u03b9\u03ba\u03cc \u03b3\u03b9\u03b1 \u03b1\u03c5\u03b8\u03b5\u03bd\u03c4\u03b9\u03ba\u03ae \u03bc\u03b1\u03b3\u03b5\u03b9\u03c1\u03b9\u03ba\u03ae \u03ba\u03b1\u03b9 \u03bc\u03b5\u03af\u03b3\u03bc\u03b1\u03c4\u03b1 \u03bc\u03c0\u03b1\u03c7\u03b1\u03c1\u03b9\u03ba\u03ce\u03bd\" \/>\n<meta property=\"og:url\" content=\"https:\/\/store.myst.gr\/de\/produkt\/cumin-seeds\/\" \/>\n<meta property=\"og:site_name\" content=\"MYST\" \/>\n<meta property=\"article:publisher\" content=\"https:\/\/www.facebook.com\/mystfood\" \/>\n<meta property=\"article:modified_time\" content=\"2026-04-15T04:47:39+00:00\" \/>\n<meta property=\"og:image\" content=\"https:\/\/store.myst.gr\/wp-content\/uploads\/2026\/04\/Cumin-Seed-1.jpg\" \/>\n\t<meta property=\"og:image:width\" content=\"800\" \/>\n\t<meta property=\"og:image:height\" content=\"800\" \/>\n\t<meta property=\"og:image:type\" content=\"image\/jpeg\" \/>\n<meta name=\"twitter:card\" content=\"summary_large_image\" \/>\n<meta name=\"twitter:label1\" content=\"Gesch\u00e4tzte Lesezeit\" \/>\n\t<meta name=\"twitter:data1\" content=\"2\u00a0Minuten\" \/>\n<script type=\"application\/ld+json\" class=\"yoast-schema-graph\">{\"@context\":\"https:\\\/\\\/schema.org\",\"@graph\":[{\"@type\":\"WebPage\",\"@id\":\"https:\\\/\\\/store.myst.gr\\\/product\\\/cumin-seeds\\\/\",\"url\":\"https:\\\/\\\/store.myst.gr\\\/product\\\/cumin-seeds\\\/\",\"name\":\"\u039a\u03cd\u03bc\u03b9\u03bd\u03bf \u039f\u03bb\u03cc\u03ba\u03bb\u03b7\u03c1\u03bf\",\"isPartOf\":{\"@id\":\"https:\\\/\\\/store.myst.gr\\\/#website\"},\"primaryImageOfPage\":{\"@id\":\"https:\\\/\\\/store.myst.gr\\\/product\\\/cumin-seeds\\\/#primaryimage\"},\"image\":{\"@id\":\"https:\\\/\\\/store.myst.gr\\\/product\\\/cumin-seeds\\\/#primaryimage\"},\"thumbnailUrl\":\"https:\\\/\\\/store.myst.gr\\\/wp-content\\\/uploads\\\/2026\\\/04\\\/Cumin-Seed-1.jpg\",\"datePublished\":\"2026-04-14T08:51:07+00:00\",\"dateModified\":\"2026-04-15T04:47:39+00:00\",\"description\":\"\u0396\u03b5\u03c3\u03c4\u03cc \u03ac\u03c1\u03c9\u03bc\u03b1 \u03ba\u03b1\u03b9 \u03c0\u03bb\u03bf\u03cd\u03c3\u03b9\u03b1, \u03b1\u03c5\u03b8\u03b5\u03bd\u03c4\u03b9\u03ba\u03ae \u03b3\u03b5\u03cd\u03c3\u03b7 \u03c3\u03c0\u03cc\u03c1\u03bf\u03b9 \u03ba\u03cd\u03bc\u03b9\u03bd\u03bf \u03c5\u03c8\u03b7\u03bb\u03ae\u03c2 \u03c0\u03bf\u03b9\u03cc\u03c4\u03b7\u03c4\u03b1\u03c2 \u03bc\u03b5 \u03c0\u03bb\u03bf\u03cd\u03c3\u03b9\u03bf \u03ba\u03b1\u03b9 \u03b6\u03b5\u03c3\u03c4\u03cc \u03ac\u03c1\u03c9\u03bc\u03b1. \u0399\u03b4\u03b1\u03bd\u03b9\u03ba\u03cc \u03b3\u03b9\u03b1 \u03b1\u03c5\u03b8\u03b5\u03bd\u03c4\u03b9\u03ba\u03ae \u03bc\u03b1\u03b3\u03b5\u03b9\u03c1\u03b9\u03ba\u03ae \u03ba\u03b1\u03b9 \u03bc\u03b5\u03af\u03b3\u03bc\u03b1\u03c4\u03b1 \u03bc\u03c0\u03b1\u03c7\u03b1\u03c1\u03b9\u03ba\u03ce\u03bd\",\"breadcrumb\":{\"@id\":\"https:\\\/\\\/store.myst.gr\\\/product\\\/cumin-seeds\\\/#breadcrumb\"},\"inLanguage\":\"de\",\"potentialAction\":[{\"@type\":\"ReadAction\",\"target\":[\"https:\\\/\\\/store.myst.gr\\\/product\\\/cumin-seeds\\\/\"]}]},{\"@type\":\"ImageObject\",\"inLanguage\":\"de\",\"@id\":\"https:\\\/\\\/store.myst.gr\\\/product\\\/cumin-seeds\\\/#primaryimage\",\"url\":\"https:\\\/\\\/store.myst.gr\\\/wp-content\\\/uploads\\\/2026\\\/04\\\/Cumin-Seed-1.jpg\",\"contentUrl\":\"https:\\\/\\\/store.myst.gr\\\/wp-content\\\/uploads\\\/2026\\\/04\\\/Cumin-Seed-1.jpg\",\"width\":800,\"height\":800},{\"@type\":\"BreadcrumbList\",\"@id\":\"https:\\\/\\\/store.myst.gr\\\/product\\\/cumin-seeds\\\/#breadcrumb\",\"itemListElement\":[{\"@type\":\"ListItem\",\"position\":1,\"name\":\"Home\",\"item\":\"https:\\\/\\\/store.myst.gr\\\/\"},{\"@type\":\"ListItem\",\"position\":2,\"name\":\"Shop\",\"item\":\"https:\\\/\\\/store.myst.gr\\\/\"},{\"@type\":\"ListItem\",\"position\":3,\"name\":\"\u039a\u03cd\u03bc\u03b9\u03bd\u03bf \u039f\u03bb\u03cc\u03ba\u03bb\u03b7\u03c1\u03bf\"}]},{\"@type\":\"WebSite\",\"@id\":\"https:\\\/\\\/store.myst.gr\\\/#website\",\"url\":\"https:\\\/\\\/store.myst.gr\\\/\",\"name\":\"Myst\",\"description\":\"\u0391\u03bd\u03b1\u03ba\u03b1\u03bb\u03cd\u03c8\u03c4\u03b5 \u03c4\u03b9\u03c2 \u03b3\u03b5\u03cd\u03c3\u03b5\u03b9\u03c2 \u03c4\u03b7\u03c2 \u0395\u03bb\u03bb\u03ac\u03b4\u03b1\u03c2\",\"publisher\":{\"@id\":\"https:\\\/\\\/store.myst.gr\\\/#organization\"},\"potentialAction\":[{\"@type\":\"SearchAction\",\"target\":{\"@type\":\"EntryPoint\",\"urlTemplate\":\"https:\\\/\\\/store.myst.gr\\\/?s={search_term_string}\"},\"query-input\":{\"@type\":\"PropertyValueSpecification\",\"valueRequired\":true,\"valueName\":\"search_term_string\"}}],\"inLanguage\":\"de\"},{\"@type\":\"Organization\",\"@id\":\"https:\\\/\\\/store.myst.gr\\\/#organization\",\"name\":\"MYST\",\"url\":\"https:\\\/\\\/store.myst.gr\\\/\",\"logo\":{\"@type\":\"ImageObject\",\"inLanguage\":\"de\",\"@id\":\"https:\\\/\\\/store.myst.gr\\\/#\\\/schema\\\/logo\\\/image\\\/\",\"url\":\"https:\\\/\\\/store.myst.gr\\\/wp-content\\\/uploads\\\/2024\\\/12\\\/myst-logo-str.svg\",\"contentUrl\":\"https:\\\/\\\/store.myst.gr\\\/wp-content\\\/uploads\\\/2024\\\/12\\\/myst-logo-str.svg\",\"width\":193,\"height\":53,\"caption\":\"MYST\"},\"image\":{\"@id\":\"https:\\\/\\\/store.myst.gr\\\/#\\\/schema\\\/logo\\\/image\\\/\"},\"sameAs\":[\"https:\\\/\\\/www.facebook.com\\\/mystfood\",\"https:\\\/\\\/www.instagram.com\\\/mystcompany\\\/\"]}]}<\/script>\n<!-- \/ Yoast SEO plugin. -->","yoast_head_json":{"title":"Ganze Kreuzk\u00fcmmelsamen","description":"\u0396\u03b5\u03c3\u03c4\u03cc \u03ac\u03c1\u03c9\u03bc\u03b1 \u03ba\u03b1\u03b9 \u03c0\u03bb\u03bf\u03cd\u03c3\u03b9\u03b1, \u03b1\u03c5\u03b8\u03b5\u03bd\u03c4\u03b9\u03ba\u03ae \u03b3\u03b5\u03cd\u03c3\u03b7 \u03c3\u03c0\u03cc\u03c1\u03bf\u03b9 \u03ba\u03cd\u03bc\u03b9\u03bd\u03bf \u03c5\u03c8\u03b7\u03bb\u03ae\u03c2 \u03c0\u03bf\u03b9\u03cc\u03c4\u03b7\u03c4\u03b1\u03c2 \u03bc\u03b5 \u03c0\u03bb\u03bf\u03cd\u03c3\u03b9\u03bf \u03ba\u03b1\u03b9 \u03b6\u03b5\u03c3\u03c4\u03cc \u03ac\u03c1\u03c9\u03bc\u03b1. \u0399\u03b4\u03b1\u03bd\u03b9\u03ba\u03cc \u03b3\u03b9\u03b1 \u03b1\u03c5\u03b8\u03b5\u03bd\u03c4\u03b9\u03ba\u03ae \u03bc\u03b1\u03b3\u03b5\u03b9\u03c1\u03b9\u03ba\u03ae \u03ba\u03b1\u03b9 \u03bc\u03b5\u03af\u03b3\u03bc\u03b1\u03c4\u03b1 \u03bc\u03c0\u03b1\u03c7\u03b1\u03c1\u03b9\u03ba\u03ce\u03bd","robots":{"index":"index","follow":"follow","max-snippet":"max-snippet:-1","max-image-preview":"max-image-preview:large","max-video-preview":"max-video-preview:-1"},"canonical":"https:\/\/store.myst.gr\/de\/produkt\/cumin-seeds\/","og_locale":"de_DE","og_type":"article","og_title":"\u039a\u03cd\u03bc\u03b9\u03bd\u03bf \u039f\u03bb\u03cc\u03ba\u03bb\u03b7\u03c1\u03bf","og_description":"\u0396\u03b5\u03c3\u03c4\u03cc \u03ac\u03c1\u03c9\u03bc\u03b1 \u03ba\u03b1\u03b9 \u03c0\u03bb\u03bf\u03cd\u03c3\u03b9\u03b1, \u03b1\u03c5\u03b8\u03b5\u03bd\u03c4\u03b9\u03ba\u03ae \u03b3\u03b5\u03cd\u03c3\u03b7 \u03c3\u03c0\u03cc\u03c1\u03bf\u03b9 \u03ba\u03cd\u03bc\u03b9\u03bd\u03bf \u03c5\u03c8\u03b7\u03bb\u03ae\u03c2 \u03c0\u03bf\u03b9\u03cc\u03c4\u03b7\u03c4\u03b1\u03c2 \u03bc\u03b5 \u03c0\u03bb\u03bf\u03cd\u03c3\u03b9\u03bf \u03ba\u03b1\u03b9 \u03b6\u03b5\u03c3\u03c4\u03cc \u03ac\u03c1\u03c9\u03bc\u03b1. \u0399\u03b4\u03b1\u03bd\u03b9\u03ba\u03cc \u03b3\u03b9\u03b1 \u03b1\u03c5\u03b8\u03b5\u03bd\u03c4\u03b9\u03ba\u03ae \u03bc\u03b1\u03b3\u03b5\u03b9\u03c1\u03b9\u03ba\u03ae \u03ba\u03b1\u03b9 \u03bc\u03b5\u03af\u03b3\u03bc\u03b1\u03c4\u03b1 \u03bc\u03c0\u03b1\u03c7\u03b1\u03c1\u03b9\u03ba\u03ce\u03bd","og_url":"https:\/\/store.myst.gr\/de\/produkt\/cumin-seeds\/","og_site_name":"MYST","article_publisher":"https:\/\/www.facebook.com\/mystfood","article_modified_time":"2026-04-15T04:47:39+00:00","og_image":[{"width":800,"height":800,"url":"https:\/\/store.myst.gr\/wp-content\/uploads\/2026\/04\/Cumin-Seed-1.jpg","type":"image\/jpeg"}],"twitter_card":"summary_large_image","twitter_misc":{"Gesch\u00e4tzte Lesezeit":"2\u00a0Minuten"},"schema":{"@context":"https:\/\/schema.org","@graph":[{"@type":"WebPage","@id":"https:\/\/store.myst.gr\/product\/cumin-seeds\/","url":"https:\/\/store.myst.gr\/product\/cumin-seeds\/","name":"Ganze Kreuzk\u00fcmmelsamen","isPartOf":{"@id":"https:\/\/store.myst.gr\/#website"},"primaryImageOfPage":{"@id":"https:\/\/store.myst.gr\/product\/cumin-seeds\/#primaryimage"},"image":{"@id":"https:\/\/store.myst.gr\/product\/cumin-seeds\/#primaryimage"},"thumbnailUrl":"https:\/\/store.myst.gr\/wp-content\/uploads\/2026\/04\/Cumin-Seed-1.jpg","datePublished":"2026-04-14T08:51:07+00:00","dateModified":"2026-04-15T04:47:39+00:00","description":"\u0396\u03b5\u03c3\u03c4\u03cc \u03ac\u03c1\u03c9\u03bc\u03b1 \u03ba\u03b1\u03b9 \u03c0\u03bb\u03bf\u03cd\u03c3\u03b9\u03b1, \u03b1\u03c5\u03b8\u03b5\u03bd\u03c4\u03b9\u03ba\u03ae \u03b3\u03b5\u03cd\u03c3\u03b7 \u03c3\u03c0\u03cc\u03c1\u03bf\u03b9 \u03ba\u03cd\u03bc\u03b9\u03bd\u03bf \u03c5\u03c8\u03b7\u03bb\u03ae\u03c2 \u03c0\u03bf\u03b9\u03cc\u03c4\u03b7\u03c4\u03b1\u03c2 \u03bc\u03b5 \u03c0\u03bb\u03bf\u03cd\u03c3\u03b9\u03bf \u03ba\u03b1\u03b9 \u03b6\u03b5\u03c3\u03c4\u03cc \u03ac\u03c1\u03c9\u03bc\u03b1. \u0399\u03b4\u03b1\u03bd\u03b9\u03ba\u03cc \u03b3\u03b9\u03b1 \u03b1\u03c5\u03b8\u03b5\u03bd\u03c4\u03b9\u03ba\u03ae \u03bc\u03b1\u03b3\u03b5\u03b9\u03c1\u03b9\u03ba\u03ae \u03ba\u03b1\u03b9 \u03bc\u03b5\u03af\u03b3\u03bc\u03b1\u03c4\u03b1 \u03bc\u03c0\u03b1\u03c7\u03b1\u03c1\u03b9\u03ba\u03ce\u03bd","breadcrumb":{"@id":"https:\/\/store.myst.gr\/product\/cumin-seeds\/#breadcrumb"},"inLanguage":"de","potentialAction":[{"@type":"ReadAction","target":["https:\/\/store.myst.gr\/product\/cumin-seeds\/"]}]},{"@type":"ImageObject","inLanguage":"de","@id":"https:\/\/store.myst.gr\/product\/cumin-seeds\/#primaryimage","url":"https:\/\/store.myst.gr\/wp-content\/uploads\/2026\/04\/Cumin-Seed-1.jpg","contentUrl":"https:\/\/store.myst.gr\/wp-content\/uploads\/2026\/04\/Cumin-Seed-1.jpg","width":800,"height":800},{"@type":"BreadcrumbList","@id":"https:\/\/store.myst.gr\/product\/cumin-seeds\/#breadcrumb","itemListElement":[{"@type":"ListItem","position":1,"name":"Home","item":"https:\/\/store.myst.gr\/"},{"@type":"ListItem","position":2,"name":"Shop","item":"https:\/\/store.myst.gr\/"},{"@type":"ListItem","position":3,"name":"\u039a\u03cd\u03bc\u03b9\u03bd\u03bf \u039f\u03bb\u03cc\u03ba\u03bb\u03b7\u03c1\u03bf"}]},{"@type":"WebSite","@id":"https:\/\/store.myst.gr\/#website","url":"https:\/\/store.myst.gr\/","name":"Myst","description":"\u0391\u03bd\u03b1\u03ba\u03b1\u03bb\u03cd\u03c8\u03c4\u03b5 \u03c4\u03b9\u03c2 \u03b3\u03b5\u03cd\u03c3\u03b5\u03b9\u03c2 \u03c4\u03b7\u03c2 \u0395\u03bb\u03bb\u03ac\u03b4\u03b1\u03c2","publisher":{"@id":"https:\/\/store.myst.gr\/#organization"},"potentialAction":[{"@type":"SearchAction","target":{"@type":"EntryPoint","urlTemplate":"https:\/\/store.myst.gr\/?s={search_term_string}"},"query-input":{"@type":"PropertyValueSpecification","valueRequired":true,"valueName":"search_term_string"}}],"inLanguage":"de"},{"@type":"Organization","@id":"https:\/\/store.myst.gr\/#organization","name":"MYST","url":"https:\/\/store.myst.gr\/","logo":{"@type":"ImageObject","inLanguage":"de","@id":"https:\/\/store.myst.gr\/#\/schema\/logo\/image\/","url":"https:\/\/store.myst.gr\/wp-content\/uploads\/2024\/12\/myst-logo-str.svg","contentUrl":"https:\/\/store.myst.gr\/wp-content\/uploads\/2024\/12\/myst-logo-str.svg","width":193,"height":53,"caption":"MYST"},"image":{"@id":"https:\/\/store.myst.gr\/#\/schema\/logo\/image\/"},"sameAs":["https:\/\/www.facebook.com\/mystfood","https:\/\/www.instagram.com\/mystcompany\/"]}]}},"_links":{"self":[{"href":"https:\/\/store.myst.gr\/de\/wp-json\/wp\/v2\/product\/19431","targetHints":{"allow":["GET"]}}],"collection":[{"href":"https:\/\/store.myst.gr\/de\/wp-json\/wp\/v2\/product"}],"about":[{"href":"https:\/\/store.myst.gr\/de\/wp-json\/wp\/v2\/types\/product"}],"wp:featuredmedia":[{"embeddable":true,"href":"https:\/\/store.myst.gr\/de\/wp-json\/wp\/v2\/media\/19387"}],"wp:attachment":[{"href":"https:\/\/store.myst.gr\/de\/wp-json\/wp\/v2\/media?parent=19431"}],"wp:term":[{"taxonomy":"product_cat","embeddable":true,"href":"https:\/\/store.myst.gr\/de\/wp-json\/wp\/v2\/product_cat?post=19431"},{"taxonomy":"product_tag","embeddable":true,"href":"https:\/\/store.myst.gr\/de\/wp-json\/wp\/v2\/product_tag?post=19431"}],"curies":[{"name":"wp","href":"https:\/\/api.w.org\/{rel}","templated":true}]}}