{"id":19378,"date":"2026-04-14T07:53:09","date_gmt":"2026-04-14T07:53:09","guid":{"rendered":"https:\/\/store.myst.gr\/?post_type=product&#038;p=19378"},"modified":"2026-04-14T12:55:50","modified_gmt":"2026-04-14T12:55:50","slug":"black-pepper-grounded-jar","status":"publish","type":"product","link":"https:\/\/store.myst.gr\/de\/product\/black-pepper-grounded-jar\/","title":{"rendered":"Gemahlener Schwarzer Pfeffer"},"content":{"rendered":"<p>Frisch gemahlen, kr\u00e4ftig und aromatisch. Ein Muss in jeder K\u00fcche.<\/p>\n<p>Frisch gemahlener schwarzer Pfeffer ist ein essentielles Gew\u00fcrz in jeder K\u00fcche und verleiht jedem Gericht ein intensives Aroma und einen kr\u00e4ftigen Geschmack. Sorgf\u00e4ltig ausgew\u00e4hlte schwarze Pfefferk\u00f6rner von hoher Qualit\u00e4t werden schonend gemahlen, um ihre nat\u00fcrlichen \u00d6le zu bewahren und einen w\u00fcrzigen, aromatischen Charakter zu entfalten.<\/p>\n<p>Gebrauchsfertig l\u00e4sst sich dieser fein gemahlene Pfeffer m\u00fchelos in Saucen, Marinaden und Dressings einarbeiten und verleiht Fleisch, Gem\u00fcse, Pasta, Suppen und Salaten eine besondere Tiefe und W\u00e4rme. Seine praktische Form spart Zeit, ohne Kompromisse bei Qualit\u00e4t oder Geschmack einzugehen.<\/p>\n<p>Schwarzer Pfeffer z\u00e4hlt zu den weltweit meistverwendeten Gew\u00fcrzen und wird seit Jahrhunderten f\u00fcr seine Vielseitigkeit gesch\u00e4tzt. In einem Glas aufbewahrt, beh\u00e4lt er sein intensives Aroma und seinen vollen Geschmack \u00fcber einen l\u00e4ngeren Zeitraum.<\/p>\n<p data-start=\"439\" data-end=\"516\"><strong data-start=\"465\" data-end=\"516\">100\u202f% Naturprodukt | Ohne Zusatzstoffe | Premium-Qualit\u00e4t<\/strong><\/p>","protected":false},"excerpt":{"rendered":"<div class=\"page\" title=\"Page 5\">\n<div class=\"section\">\n<div class=\"layoutArea\">\n<div class=\"column\">\n<div class=\"page\" title=\"Page 6\">\n<div class=\"section\">\n<div class=\"layoutArea\">\n<div class=\"column\">\n<div class=\"page\" title=\"Page 5\">\n<div class=\"section\">\n<div class=\"layoutArea\">\n<div class=\"column\">\n<div class=\"page\" title=\"Page 6\">\n<div class=\"section\">\n<div class=\"layoutArea\">\n<div class=\"column\">\n<div class=\"page\" title=\"Page 5\">\n<div class=\"section\">\n<div class=\"layoutArea\">\n<div class=\"column\">\n<div class=\"page\" title=\"Page 6\">\n<div class=\"section\">\n<div class=\"layoutArea\">\n<div class=\"column\">\n<p data-start=\"303\" data-end=\"526\">Frisch gemahlener schwarzer Pfeffer von h\u00f6chster Qualit\u00e4t mit intensivem, aromatischem Duft. Sofort gebrauchsfertig verleiht er jedem Gericht Tiefe und Charakter. Perfekt f\u00fcr Fleisch, Salate, Saucen und Pasta.<\/p>\n<\/div>\n<\/div>\n<\/div>\n<\/div>\n<\/div>\n<\/div>\n<\/div>\n<\/div>\n<\/div>\n<\/div>\n<\/div>\n<\/div>\n<\/div>\n<\/div>\n<\/div>\n<\/div>\n<\/div>\n<\/div>\n<\/div>\n<\/div>\n<\/div>\n<\/div>\n<\/div>\n<\/div>\n<p><strong>Kapazit\u00e4t : e 100g<\/strong><\/p>\n<p><strong>Die besten Produkte aus Griechenland direkt auf Ihren Tisch geliefert und kostenloser Versand bei Bestellungen \u00fcber 120 \u20ac innerhalb Europas.<\/strong><\/p>","protected":false},"featured_media":19396,"template":"","meta":{"_acf_changed":false,"inline_featured_image":false},"product_cat":[625,539,15],"product_tag":[323,651,613],"class_list":{"0":"post-19378","1":"product","2":"type-product","3":"status-publish","4":"has-post-thumbnail","6":"product_cat-spices","7":"product_cat-mixedherbs","8":"product_cat-vall","9":"product_tag-cataloguejuly","10":"product_tag-retail","11":"product_tag-spices","13":"first","14":"instock","15":"taxable","16":"shipping-taxable","17":"purchasable","18":"product-type-simple"},"acf":[],"yoast_head":"<!-- This site is optimized with the Yoast SEO plugin v27.4 - https:\/\/yoast.com\/product\/yoast-seo-wordpress\/ -->\n<title>\u039c\u03b1\u03cd\u03c1\u03bf \u03a0\u03b9\u03c0\u03ad\u03c1\u03b9 \u03a4\u03c1\u03b9\u03bc\u03bc\u03ad\u03bd\u03bf<\/title>\n<meta name=\"description\" content=\"\u03a6\u03c1\u03b5\u03c3\u03ba\u03bf\u03c4\u03c1\u03b9\u03bc\u03bc\u03ad\u03bd\u03bf \u03bc\u03b1\u03cd\u03c1\u03bf \u03c0\u03b9\u03c0\u03ad\u03c1\u03b9 \u03b5\u03be\u03b1\u03b9\u03c1\u03b5\u03c4\u03b9\u03ba\u03ae\u03c2 \u03c0\u03bf\u03b9\u03cc\u03c4\u03b7\u03c4\u03b1\u03c2, \u03bc\u03b5 \u03ad\u03bd\u03c4\u03bf\u03bd\u03bf \u03ba\u03b1\u03b9 \u03c0\u03bb\u03bf\u03cd\u03c3\u03b9\u03bf \u03ac\u03c1\u03c9\u03bc\u03b1. \u0388\u03c4\u03bf\u03b9\u03bc\u03bf \u03c0\u03c1\u03bf\u03c2 \u03c7\u03c1\u03ae\u03c3\u03b7, \u03c0\u03c1\u03bf\u03c3\u03c6\u03ad\u03c1\u03b5\u03b9 \u03ad\u03bd\u03c4\u03b1\u03c3\u03b7 \u03ba\u03b1\u03b9 \u03c7\u03b1\u03c1\u03b1\u03ba\u03c4\u03ae\u03c1\u03b1 \u03c3\u03b5 \u03ba\u03ac\u03b8\u03b5 \u03c0\u03b9\u03ac\u03c4\u03bf. \u0399\u03b4\u03b1\u03bd\u03b9\u03ba\u03cc \u03b3\u03b9\u03b1\" \/>\n<meta name=\"robots\" content=\"index, follow, max-snippet:-1, max-image-preview:large, max-video-preview:-1\" \/>\n<link rel=\"canonical\" href=\"https:\/\/store.myst.gr\/de\/produkt\/black-pepper-grounded-jar\/\" \/>\n<meta property=\"og:locale\" content=\"de_DE\" \/>\n<meta property=\"og:type\" content=\"article\" \/>\n<meta property=\"og:title\" content=\"\u039c\u03b1\u03cd\u03c1\u03bf \u03a0\u03b9\u03c0\u03ad\u03c1\u03b9 \u03a4\u03c1\u03b9\u03bc\u03bc\u03ad\u03bd\u03bf\" \/>\n<meta property=\"og:description\" content=\"\u03a6\u03c1\u03b5\u03c3\u03ba\u03bf\u03c4\u03c1\u03b9\u03bc\u03bc\u03ad\u03bd\u03bf \u03bc\u03b1\u03cd\u03c1\u03bf \u03c0\u03b9\u03c0\u03ad\u03c1\u03b9 \u03b5\u03be\u03b1\u03b9\u03c1\u03b5\u03c4\u03b9\u03ba\u03ae\u03c2 \u03c0\u03bf\u03b9\u03cc\u03c4\u03b7\u03c4\u03b1\u03c2, \u03bc\u03b5 \u03ad\u03bd\u03c4\u03bf\u03bd\u03bf \u03ba\u03b1\u03b9 \u03c0\u03bb\u03bf\u03cd\u03c3\u03b9\u03bf \u03ac\u03c1\u03c9\u03bc\u03b1. \u0388\u03c4\u03bf\u03b9\u03bc\u03bf \u03c0\u03c1\u03bf\u03c2 \u03c7\u03c1\u03ae\u03c3\u03b7, \u03c0\u03c1\u03bf\u03c3\u03c6\u03ad\u03c1\u03b5\u03b9 \u03ad\u03bd\u03c4\u03b1\u03c3\u03b7 \u03ba\u03b1\u03b9 \u03c7\u03b1\u03c1\u03b1\u03ba\u03c4\u03ae\u03c1\u03b1 \u03c3\u03b5 \u03ba\u03ac\u03b8\u03b5 \u03c0\u03b9\u03ac\u03c4\u03bf. \u0399\u03b4\u03b1\u03bd\u03b9\u03ba\u03cc \u03b3\u03b9\u03b1\" \/>\n<meta property=\"og:url\" content=\"https:\/\/store.myst.gr\/de\/produkt\/black-pepper-grounded-jar\/\" \/>\n<meta property=\"og:site_name\" content=\"MYST\" \/>\n<meta property=\"article:publisher\" content=\"https:\/\/www.facebook.com\/mystfood\" \/>\n<meta property=\"article:modified_time\" content=\"2026-04-14T12:55:50+00:00\" \/>\n<meta property=\"og:image\" content=\"https:\/\/store.myst.gr\/wp-content\/uploads\/2026\/04\/Black-Pepper-1.jpg\" \/>\n\t<meta property=\"og:image:width\" content=\"800\" \/>\n\t<meta property=\"og:image:height\" content=\"800\" \/>\n\t<meta property=\"og:image:type\" content=\"image\/jpeg\" \/>\n<meta name=\"twitter:card\" content=\"summary_large_image\" \/>\n<meta name=\"twitter:label1\" content=\"Gesch\u00e4tzte Lesezeit\" \/>\n\t<meta name=\"twitter:data1\" content=\"1\u00a0Minute\" \/>\n<script type=\"application\/ld+json\" class=\"yoast-schema-graph\">{\"@context\":\"https:\\\/\\\/schema.org\",\"@graph\":[{\"@type\":\"WebPage\",\"@id\":\"https:\\\/\\\/store.myst.gr\\\/product\\\/black-pepper-grounded-jar\\\/\",\"url\":\"https:\\\/\\\/store.myst.gr\\\/product\\\/black-pepper-grounded-jar\\\/\",\"name\":\"\u039c\u03b1\u03cd\u03c1\u03bf \u03a0\u03b9\u03c0\u03ad\u03c1\u03b9 \u03a4\u03c1\u03b9\u03bc\u03bc\u03ad\u03bd\u03bf\",\"isPartOf\":{\"@id\":\"https:\\\/\\\/store.myst.gr\\\/#website\"},\"primaryImageOfPage\":{\"@id\":\"https:\\\/\\\/store.myst.gr\\\/product\\\/black-pepper-grounded-jar\\\/#primaryimage\"},\"image\":{\"@id\":\"https:\\\/\\\/store.myst.gr\\\/product\\\/black-pepper-grounded-jar\\\/#primaryimage\"},\"thumbnailUrl\":\"https:\\\/\\\/store.myst.gr\\\/wp-content\\\/uploads\\\/2026\\\/04\\\/Black-Pepper-1.jpg\",\"datePublished\":\"2026-04-14T07:53:09+00:00\",\"dateModified\":\"2026-04-14T12:55:50+00:00\",\"description\":\"\u03a6\u03c1\u03b5\u03c3\u03ba\u03bf\u03c4\u03c1\u03b9\u03bc\u03bc\u03ad\u03bd\u03bf \u03bc\u03b1\u03cd\u03c1\u03bf \u03c0\u03b9\u03c0\u03ad\u03c1\u03b9 \u03b5\u03be\u03b1\u03b9\u03c1\u03b5\u03c4\u03b9\u03ba\u03ae\u03c2 \u03c0\u03bf\u03b9\u03cc\u03c4\u03b7\u03c4\u03b1\u03c2, \u03bc\u03b5 \u03ad\u03bd\u03c4\u03bf\u03bd\u03bf \u03ba\u03b1\u03b9 \u03c0\u03bb\u03bf\u03cd\u03c3\u03b9\u03bf \u03ac\u03c1\u03c9\u03bc\u03b1. \u0388\u03c4\u03bf\u03b9\u03bc\u03bf \u03c0\u03c1\u03bf\u03c2 \u03c7\u03c1\u03ae\u03c3\u03b7, \u03c0\u03c1\u03bf\u03c3\u03c6\u03ad\u03c1\u03b5\u03b9 \u03ad\u03bd\u03c4\u03b1\u03c3\u03b7 \u03ba\u03b1\u03b9 \u03c7\u03b1\u03c1\u03b1\u03ba\u03c4\u03ae\u03c1\u03b1 \u03c3\u03b5 \u03ba\u03ac\u03b8\u03b5 \u03c0\u03b9\u03ac\u03c4\u03bf. \u0399\u03b4\u03b1\u03bd\u03b9\u03ba\u03cc \u03b3\u03b9\u03b1\",\"breadcrumb\":{\"@id\":\"https:\\\/\\\/store.myst.gr\\\/product\\\/black-pepper-grounded-jar\\\/#breadcrumb\"},\"inLanguage\":\"de\",\"potentialAction\":[{\"@type\":\"ReadAction\",\"target\":[\"https:\\\/\\\/store.myst.gr\\\/product\\\/black-pepper-grounded-jar\\\/\"]}]},{\"@type\":\"ImageObject\",\"inLanguage\":\"de\",\"@id\":\"https:\\\/\\\/store.myst.gr\\\/product\\\/black-pepper-grounded-jar\\\/#primaryimage\",\"url\":\"https:\\\/\\\/store.myst.gr\\\/wp-content\\\/uploads\\\/2026\\\/04\\\/Black-Pepper-1.jpg\",\"contentUrl\":\"https:\\\/\\\/store.myst.gr\\\/wp-content\\\/uploads\\\/2026\\\/04\\\/Black-Pepper-1.jpg\",\"width\":800,\"height\":800},{\"@type\":\"BreadcrumbList\",\"@id\":\"https:\\\/\\\/store.myst.gr\\\/product\\\/black-pepper-grounded-jar\\\/#breadcrumb\",\"itemListElement\":[{\"@type\":\"ListItem\",\"position\":1,\"name\":\"Home\",\"item\":\"https:\\\/\\\/store.myst.gr\\\/\"},{\"@type\":\"ListItem\",\"position\":2,\"name\":\"Shop\",\"item\":\"https:\\\/\\\/store.myst.gr\\\/\"},{\"@type\":\"ListItem\",\"position\":3,\"name\":\"\u039c\u03b1\u03cd\u03c1\u03bf \u03a0\u03b9\u03c0\u03ad\u03c1\u03b9 \u03a4\u03c1\u03b9\u03bc\u03bc\u03ad\u03bd\u03bf\"}]},{\"@type\":\"WebSite\",\"@id\":\"https:\\\/\\\/store.myst.gr\\\/#website\",\"url\":\"https:\\\/\\\/store.myst.gr\\\/\",\"name\":\"Myst\",\"description\":\"\u0391\u03bd\u03b1\u03ba\u03b1\u03bb\u03cd\u03c8\u03c4\u03b5 \u03c4\u03b9\u03c2 \u03b3\u03b5\u03cd\u03c3\u03b5\u03b9\u03c2 \u03c4\u03b7\u03c2 \u0395\u03bb\u03bb\u03ac\u03b4\u03b1\u03c2\",\"publisher\":{\"@id\":\"https:\\\/\\\/store.myst.gr\\\/#organization\"},\"potentialAction\":[{\"@type\":\"SearchAction\",\"target\":{\"@type\":\"EntryPoint\",\"urlTemplate\":\"https:\\\/\\\/store.myst.gr\\\/?s={search_term_string}\"},\"query-input\":{\"@type\":\"PropertyValueSpecification\",\"valueRequired\":true,\"valueName\":\"search_term_string\"}}],\"inLanguage\":\"de\"},{\"@type\":\"Organization\",\"@id\":\"https:\\\/\\\/store.myst.gr\\\/#organization\",\"name\":\"MYST\",\"url\":\"https:\\\/\\\/store.myst.gr\\\/\",\"logo\":{\"@type\":\"ImageObject\",\"inLanguage\":\"de\",\"@id\":\"https:\\\/\\\/store.myst.gr\\\/#\\\/schema\\\/logo\\\/image\\\/\",\"url\":\"https:\\\/\\\/store.myst.gr\\\/wp-content\\\/uploads\\\/2024\\\/12\\\/myst-logo-str.svg\",\"contentUrl\":\"https:\\\/\\\/store.myst.gr\\\/wp-content\\\/uploads\\\/2024\\\/12\\\/myst-logo-str.svg\",\"width\":193,\"height\":53,\"caption\":\"MYST\"},\"image\":{\"@id\":\"https:\\\/\\\/store.myst.gr\\\/#\\\/schema\\\/logo\\\/image\\\/\"},\"sameAs\":[\"https:\\\/\\\/www.facebook.com\\\/mystfood\",\"https:\\\/\\\/www.instagram.com\\\/mystcompany\\\/\"]}]}<\/script>\n<!-- \/ Yoast SEO plugin. -->","yoast_head_json":{"title":"Gemahlener Schwarzer Pfeffer","description":"\u03a6\u03c1\u03b5\u03c3\u03ba\u03bf\u03c4\u03c1\u03b9\u03bc\u03bc\u03ad\u03bd\u03bf \u03bc\u03b1\u03cd\u03c1\u03bf \u03c0\u03b9\u03c0\u03ad\u03c1\u03b9 \u03b5\u03be\u03b1\u03b9\u03c1\u03b5\u03c4\u03b9\u03ba\u03ae\u03c2 \u03c0\u03bf\u03b9\u03cc\u03c4\u03b7\u03c4\u03b1\u03c2, \u03bc\u03b5 \u03ad\u03bd\u03c4\u03bf\u03bd\u03bf \u03ba\u03b1\u03b9 \u03c0\u03bb\u03bf\u03cd\u03c3\u03b9\u03bf \u03ac\u03c1\u03c9\u03bc\u03b1. \u0388\u03c4\u03bf\u03b9\u03bc\u03bf \u03c0\u03c1\u03bf\u03c2 \u03c7\u03c1\u03ae\u03c3\u03b7, \u03c0\u03c1\u03bf\u03c3\u03c6\u03ad\u03c1\u03b5\u03b9 \u03ad\u03bd\u03c4\u03b1\u03c3\u03b7 \u03ba\u03b1\u03b9 \u03c7\u03b1\u03c1\u03b1\u03ba\u03c4\u03ae\u03c1\u03b1 \u03c3\u03b5 \u03ba\u03ac\u03b8\u03b5 \u03c0\u03b9\u03ac\u03c4\u03bf. \u0399\u03b4\u03b1\u03bd\u03b9\u03ba\u03cc \u03b3\u03b9\u03b1","robots":{"index":"index","follow":"follow","max-snippet":"max-snippet:-1","max-image-preview":"max-image-preview:large","max-video-preview":"max-video-preview:-1"},"canonical":"https:\/\/store.myst.gr\/de\/produkt\/black-pepper-grounded-jar\/","og_locale":"de_DE","og_type":"article","og_title":"\u039c\u03b1\u03cd\u03c1\u03bf \u03a0\u03b9\u03c0\u03ad\u03c1\u03b9 \u03a4\u03c1\u03b9\u03bc\u03bc\u03ad\u03bd\u03bf","og_description":"\u03a6\u03c1\u03b5\u03c3\u03ba\u03bf\u03c4\u03c1\u03b9\u03bc\u03bc\u03ad\u03bd\u03bf \u03bc\u03b1\u03cd\u03c1\u03bf \u03c0\u03b9\u03c0\u03ad\u03c1\u03b9 \u03b5\u03be\u03b1\u03b9\u03c1\u03b5\u03c4\u03b9\u03ba\u03ae\u03c2 \u03c0\u03bf\u03b9\u03cc\u03c4\u03b7\u03c4\u03b1\u03c2, \u03bc\u03b5 \u03ad\u03bd\u03c4\u03bf\u03bd\u03bf \u03ba\u03b1\u03b9 \u03c0\u03bb\u03bf\u03cd\u03c3\u03b9\u03bf \u03ac\u03c1\u03c9\u03bc\u03b1. \u0388\u03c4\u03bf\u03b9\u03bc\u03bf \u03c0\u03c1\u03bf\u03c2 \u03c7\u03c1\u03ae\u03c3\u03b7, \u03c0\u03c1\u03bf\u03c3\u03c6\u03ad\u03c1\u03b5\u03b9 \u03ad\u03bd\u03c4\u03b1\u03c3\u03b7 \u03ba\u03b1\u03b9 \u03c7\u03b1\u03c1\u03b1\u03ba\u03c4\u03ae\u03c1\u03b1 \u03c3\u03b5 \u03ba\u03ac\u03b8\u03b5 \u03c0\u03b9\u03ac\u03c4\u03bf. \u0399\u03b4\u03b1\u03bd\u03b9\u03ba\u03cc \u03b3\u03b9\u03b1","og_url":"https:\/\/store.myst.gr\/de\/produkt\/black-pepper-grounded-jar\/","og_site_name":"MYST","article_publisher":"https:\/\/www.facebook.com\/mystfood","article_modified_time":"2026-04-14T12:55:50+00:00","og_image":[{"width":800,"height":800,"url":"https:\/\/store.myst.gr\/wp-content\/uploads\/2026\/04\/Black-Pepper-1.jpg","type":"image\/jpeg"}],"twitter_card":"summary_large_image","twitter_misc":{"Gesch\u00e4tzte Lesezeit":"1\u00a0Minute"},"schema":{"@context":"https:\/\/schema.org","@graph":[{"@type":"WebPage","@id":"https:\/\/store.myst.gr\/product\/black-pepper-grounded-jar\/","url":"https:\/\/store.myst.gr\/product\/black-pepper-grounded-jar\/","name":"Gemahlener Schwarzer Pfeffer","isPartOf":{"@id":"https:\/\/store.myst.gr\/#website"},"primaryImageOfPage":{"@id":"https:\/\/store.myst.gr\/product\/black-pepper-grounded-jar\/#primaryimage"},"image":{"@id":"https:\/\/store.myst.gr\/product\/black-pepper-grounded-jar\/#primaryimage"},"thumbnailUrl":"https:\/\/store.myst.gr\/wp-content\/uploads\/2026\/04\/Black-Pepper-1.jpg","datePublished":"2026-04-14T07:53:09+00:00","dateModified":"2026-04-14T12:55:50+00:00","description":"\u03a6\u03c1\u03b5\u03c3\u03ba\u03bf\u03c4\u03c1\u03b9\u03bc\u03bc\u03ad\u03bd\u03bf \u03bc\u03b1\u03cd\u03c1\u03bf \u03c0\u03b9\u03c0\u03ad\u03c1\u03b9 \u03b5\u03be\u03b1\u03b9\u03c1\u03b5\u03c4\u03b9\u03ba\u03ae\u03c2 \u03c0\u03bf\u03b9\u03cc\u03c4\u03b7\u03c4\u03b1\u03c2, \u03bc\u03b5 \u03ad\u03bd\u03c4\u03bf\u03bd\u03bf \u03ba\u03b1\u03b9 \u03c0\u03bb\u03bf\u03cd\u03c3\u03b9\u03bf \u03ac\u03c1\u03c9\u03bc\u03b1. \u0388\u03c4\u03bf\u03b9\u03bc\u03bf \u03c0\u03c1\u03bf\u03c2 \u03c7\u03c1\u03ae\u03c3\u03b7, \u03c0\u03c1\u03bf\u03c3\u03c6\u03ad\u03c1\u03b5\u03b9 \u03ad\u03bd\u03c4\u03b1\u03c3\u03b7 \u03ba\u03b1\u03b9 \u03c7\u03b1\u03c1\u03b1\u03ba\u03c4\u03ae\u03c1\u03b1 \u03c3\u03b5 \u03ba\u03ac\u03b8\u03b5 \u03c0\u03b9\u03ac\u03c4\u03bf. \u0399\u03b4\u03b1\u03bd\u03b9\u03ba\u03cc \u03b3\u03b9\u03b1","breadcrumb":{"@id":"https:\/\/store.myst.gr\/product\/black-pepper-grounded-jar\/#breadcrumb"},"inLanguage":"de","potentialAction":[{"@type":"ReadAction","target":["https:\/\/store.myst.gr\/product\/black-pepper-grounded-jar\/"]}]},{"@type":"ImageObject","inLanguage":"de","@id":"https:\/\/store.myst.gr\/product\/black-pepper-grounded-jar\/#primaryimage","url":"https:\/\/store.myst.gr\/wp-content\/uploads\/2026\/04\/Black-Pepper-1.jpg","contentUrl":"https:\/\/store.myst.gr\/wp-content\/uploads\/2026\/04\/Black-Pepper-1.jpg","width":800,"height":800},{"@type":"BreadcrumbList","@id":"https:\/\/store.myst.gr\/product\/black-pepper-grounded-jar\/#breadcrumb","itemListElement":[{"@type":"ListItem","position":1,"name":"Home","item":"https:\/\/store.myst.gr\/"},{"@type":"ListItem","position":2,"name":"Shop","item":"https:\/\/store.myst.gr\/"},{"@type":"ListItem","position":3,"name":"\u039c\u03b1\u03cd\u03c1\u03bf \u03a0\u03b9\u03c0\u03ad\u03c1\u03b9 \u03a4\u03c1\u03b9\u03bc\u03bc\u03ad\u03bd\u03bf"}]},{"@type":"WebSite","@id":"https:\/\/store.myst.gr\/#website","url":"https:\/\/store.myst.gr\/","name":"Myst","description":"\u0391\u03bd\u03b1\u03ba\u03b1\u03bb\u03cd\u03c8\u03c4\u03b5 \u03c4\u03b9\u03c2 \u03b3\u03b5\u03cd\u03c3\u03b5\u03b9\u03c2 \u03c4\u03b7\u03c2 \u0395\u03bb\u03bb\u03ac\u03b4\u03b1\u03c2","publisher":{"@id":"https:\/\/store.myst.gr\/#organization"},"potentialAction":[{"@type":"SearchAction","target":{"@type":"EntryPoint","urlTemplate":"https:\/\/store.myst.gr\/?s={search_term_string}"},"query-input":{"@type":"PropertyValueSpecification","valueRequired":true,"valueName":"search_term_string"}}],"inLanguage":"de"},{"@type":"Organization","@id":"https:\/\/store.myst.gr\/#organization","name":"MYST","url":"https:\/\/store.myst.gr\/","logo":{"@type":"ImageObject","inLanguage":"de","@id":"https:\/\/store.myst.gr\/#\/schema\/logo\/image\/","url":"https:\/\/store.myst.gr\/wp-content\/uploads\/2024\/12\/myst-logo-str.svg","contentUrl":"https:\/\/store.myst.gr\/wp-content\/uploads\/2024\/12\/myst-logo-str.svg","width":193,"height":53,"caption":"MYST"},"image":{"@id":"https:\/\/store.myst.gr\/#\/schema\/logo\/image\/"},"sameAs":["https:\/\/www.facebook.com\/mystfood","https:\/\/www.instagram.com\/mystcompany\/"]}]}},"_links":{"self":[{"href":"https:\/\/store.myst.gr\/de\/wp-json\/wp\/v2\/product\/19378","targetHints":{"allow":["GET"]}}],"collection":[{"href":"https:\/\/store.myst.gr\/de\/wp-json\/wp\/v2\/product"}],"about":[{"href":"https:\/\/store.myst.gr\/de\/wp-json\/wp\/v2\/types\/product"}],"wp:featuredmedia":[{"embeddable":true,"href":"https:\/\/store.myst.gr\/de\/wp-json\/wp\/v2\/media\/19396"}],"wp:attachment":[{"href":"https:\/\/store.myst.gr\/de\/wp-json\/wp\/v2\/media?parent=19378"}],"wp:term":[{"taxonomy":"product_cat","embeddable":true,"href":"https:\/\/store.myst.gr\/de\/wp-json\/wp\/v2\/product_cat?post=19378"},{"taxonomy":"product_tag","embeddable":true,"href":"https:\/\/store.myst.gr\/de\/wp-json\/wp\/v2\/product_tag?post=19378"}],"curies":[{"name":"wp","href":"https:\/\/api.w.org\/{rel}","templated":true}]}}