{"id":18879,"date":"2026-03-04T08:21:20","date_gmt":"2026-03-04T08:21:20","guid":{"rendered":"https:\/\/store.myst.gr\/?post_type=product&#038;p=18879"},"modified":"2026-03-26T21:01:20","modified_gmt":"2026-03-26T21:01:20","slug":"chives-jar","status":"publish","type":"product","link":"https:\/\/store.myst.gr\/de\/product\/chives-jar\/","title":{"rendered":"Getrockneter Schnittlauch"},"content":{"rendered":"<p data-start=\"127\" data-end=\"341\">Getrockneter Schnittlauch wird aus frischem, sorgf\u00e4ltig ausgew\u00e4hltem Schnittlauch hergestellt, der schonend geschnitten und nat\u00fcrlich getrocknet wird, um sein charakteristisches Aroma und seinen milden, zwiebelartigen Geschmack zu bewahren.<\/p>\n<p data-start=\"343\" data-end=\"598\">Der Trocknungsprozess konzentriert den Geschmack und bietet praktische Anwendung sowie gleichbleibende Qualit\u00e4t \u2013 ganz ohne Putzen oder Schneiden. Ideal f\u00fcr die professionelle K\u00fcche sowie f\u00fcr den t\u00e4glichen Gebrauch, wenn feines Aroma gefragt ist.<\/p>\n<\/p>\n<h3 data-start=\"605\" data-end=\"660\">\ud83c\udf73 Verwendung von getrocknetem Schnittlauch<\/h3>\n<\/p>\n<p data-start=\"662\" data-end=\"871\">Ideal f\u00fcr Salate, Dressings, Saucen, Joghurtgerichte, Frischk\u00e4se, Kr\u00e4uterbutter, Kartoffeln, Eier, Omeletts, Fisch, Meeresfr\u00fcchte und Gem\u00fcse. Verleiht Frische und Aroma, ohne andere Zutaten zu \u00fcberdecken.<\/p>\n<p data-start=\"873\" data-end=\"1040\">H\u00e4ufig als Finish-Kraut verwendet und hervorragend geeignet f\u00fcr Kr\u00e4utermischungen und Gourmet-Pr\u00e4sentationen, da er Farbe, Aroma und feine W\u00fcrze bietet.<\/p>\n<p>\ud83e\ude7a Hinweis:<\/p>\n<p>Die bereitgestellten Informationen dienen nur zu Informationszwecken und stellen keine medizinische Beratung dar.<br \/>\nBei gesundheitlichen Fragen wenden Sie sich bitte an Ihren Arzt oder Ern\u00e4hrungsberater.<\/p>","protected":false},"excerpt":{"rendered":"<p data-start=\"1042\" data-end=\"1189\">Genie\u00dfen Sie die nat\u00fcrliche Frische und den eleganten Charakter von getrocknetem Schnittlauch und verfeinern Sie Ihre Gerichte mit Pr\u00e4zision und Ausgewogenheit.<\/p>\n<p class=\"p1\">Ohne Konservierungsstoffe oder Zus\u00e4tze. 100 % nat\u00fcrliches Produkt.<\/p>\n<p><strong>inhalt : e 25g<\/strong><\/p>\n<p><strong>Die besten Produkte aus Griechenland direkt auf Ihren Tisch geliefert und kostenloser Versand bei Bestellungen \u00fcber 120 \u20ac innerhalb Europas.<\/strong><\/p>","protected":false},"featured_media":18720,"template":"","meta":{"_acf_changed":false,"inline_featured_image":false},"product_cat":[625,539,15],"product_tag":[323,651,613],"class_list":{"0":"post-18879","1":"product","2":"type-product","3":"status-publish","4":"has-post-thumbnail","6":"product_cat-spices","7":"product_cat-mixedherbs","8":"product_cat-vall","9":"product_tag-cataloguejuly","10":"product_tag-retail","11":"product_tag-spices","13":"first","14":"instock","15":"taxable","16":"shipping-taxable","17":"purchasable","18":"product-type-simple"},"acf":[],"yoast_head":"<!-- This site is optimized with the Yoast SEO plugin v27.4 - https:\/\/yoast.com\/product\/yoast-seo-wordpress\/ -->\n<title>\u03a3\u03c7\u03bf\u03b9\u03bd\u03cc\u03c0\u03c1\u03b1\u03c3\u03bf \u0391\u03c6\u03c5\u03b4\u03b1\u03c4\u03c9\u03bc\u03ad\u03bd\u03bf (Chives)<\/title>\n<meta name=\"description\" content=\"\u0391\u03c0\u03bf\u03bb\u03b1\u03cd\u03c3\u03c4\u03b5 \u03c4\u03b7 \u03c6\u03c5\u03c3\u03b9\u03ba\u03ae \u03c6\u03c1\u03b5\u03c3\u03ba\u03ac\u03b4\u03b1 \u03ba\u03b1\u03b9 \u03c4\u03b7\u03bd \u03ba\u03bf\u03bc\u03c8\u03ae \u03ad\u03bd\u03c4\u03b1\u03c3\u03b7 \u03c4\u03bf\u03c5 \u03c3\u03c7\u03bf\u03b9\u03bd\u03cc\u03c0\u03c1\u03b1\u03c3\u03bf\u03c5 \u03c3\u03b5 \u03b1\u03c0\u03bf\u03be\u03b7\u03c1\u03b1\u03bc\u03ad\u03bd\u03b7 \u03bc\u03bf\u03c1\u03c6\u03ae \u03ba\u03b1\u03b9 \u03b1\u03bd\u03b1\u03b2\u03b1\u03b8\u03bc\u03af\u03c3\u03c4\u03b5 \u03c4\u03b9\u03c2 \u03c3\u03c5\u03bd\u03c4\u03b1\u03b3\u03ad\u03c2 \u03c3\u03b1\u03c2 \u03bc\u03b5 \u03b1\u03ba\u03c1\u03af\u03b2\u03b5\u03b9\u03b1 \u03ba\u03b1\u03b9 \u03b9\u03c3\u03bf\u03c1\u03c1\u03bf\u03c0\u03af\u03b1.\" \/>\n<meta name=\"robots\" content=\"index, follow, max-snippet:-1, max-image-preview:large, max-video-preview:-1\" \/>\n<link rel=\"canonical\" href=\"https:\/\/store.myst.gr\/de\/produkt\/chives-jar\/\" \/>\n<meta property=\"og:locale\" content=\"de_DE\" \/>\n<meta property=\"og:type\" content=\"article\" \/>\n<meta property=\"og:title\" content=\"\u03a3\u03c7\u03bf\u03b9\u03bd\u03cc\u03c0\u03c1\u03b1\u03c3\u03bf \u0391\u03c6\u03c5\u03b4\u03b1\u03c4\u03c9\u03bc\u03ad\u03bd\u03bf (Chives)\" \/>\n<meta property=\"og:description\" content=\"\u0391\u03c0\u03bf\u03bb\u03b1\u03cd\u03c3\u03c4\u03b5 \u03c4\u03b7 \u03c6\u03c5\u03c3\u03b9\u03ba\u03ae \u03c6\u03c1\u03b5\u03c3\u03ba\u03ac\u03b4\u03b1 \u03ba\u03b1\u03b9 \u03c4\u03b7\u03bd \u03ba\u03bf\u03bc\u03c8\u03ae \u03ad\u03bd\u03c4\u03b1\u03c3\u03b7 \u03c4\u03bf\u03c5 \u03c3\u03c7\u03bf\u03b9\u03bd\u03cc\u03c0\u03c1\u03b1\u03c3\u03bf\u03c5 \u03c3\u03b5 \u03b1\u03c0\u03bf\u03be\u03b7\u03c1\u03b1\u03bc\u03ad\u03bd\u03b7 \u03bc\u03bf\u03c1\u03c6\u03ae \u03ba\u03b1\u03b9 \u03b1\u03bd\u03b1\u03b2\u03b1\u03b8\u03bc\u03af\u03c3\u03c4\u03b5 \u03c4\u03b9\u03c2 \u03c3\u03c5\u03bd\u03c4\u03b1\u03b3\u03ad\u03c2 \u03c3\u03b1\u03c2 \u03bc\u03b5 \u03b1\u03ba\u03c1\u03af\u03b2\u03b5\u03b9\u03b1 \u03ba\u03b1\u03b9 \u03b9\u03c3\u03bf\u03c1\u03c1\u03bf\u03c0\u03af\u03b1.\" \/>\n<meta property=\"og:url\" content=\"https:\/\/store.myst.gr\/de\/produkt\/chives-jar\/\" \/>\n<meta property=\"og:site_name\" content=\"MYST\" \/>\n<meta property=\"article:publisher\" content=\"https:\/\/www.facebook.com\/mystfood\" \/>\n<meta property=\"article:modified_time\" content=\"2026-03-26T21:01:20+00:00\" \/>\n<meta property=\"og:image\" content=\"https:\/\/store.myst.gr\/wp-content\/uploads\/2026\/03\/Chives-dried-1.jpg\" \/>\n\t<meta property=\"og:image:width\" content=\"1000\" \/>\n\t<meta property=\"og:image:height\" content=\"1000\" \/>\n\t<meta property=\"og:image:type\" content=\"image\/jpeg\" \/>\n<meta name=\"twitter:card\" content=\"summary_large_image\" \/>\n<meta name=\"twitter:label1\" content=\"Gesch\u00e4tzte Lesezeit\" \/>\n\t<meta name=\"twitter:data1\" content=\"1\u00a0Minute\" \/>\n<script type=\"application\/ld+json\" class=\"yoast-schema-graph\">{\"@context\":\"https:\\\/\\\/schema.org\",\"@graph\":[{\"@type\":\"WebPage\",\"@id\":\"https:\\\/\\\/store.myst.gr\\\/product\\\/chives-jar\\\/\",\"url\":\"https:\\\/\\\/store.myst.gr\\\/product\\\/chives-jar\\\/\",\"name\":\"\u03a3\u03c7\u03bf\u03b9\u03bd\u03cc\u03c0\u03c1\u03b1\u03c3\u03bf \u0391\u03c6\u03c5\u03b4\u03b1\u03c4\u03c9\u03bc\u03ad\u03bd\u03bf (Chives)\",\"isPartOf\":{\"@id\":\"https:\\\/\\\/store.myst.gr\\\/#website\"},\"primaryImageOfPage\":{\"@id\":\"https:\\\/\\\/store.myst.gr\\\/product\\\/chives-jar\\\/#primaryimage\"},\"image\":{\"@id\":\"https:\\\/\\\/store.myst.gr\\\/product\\\/chives-jar\\\/#primaryimage\"},\"thumbnailUrl\":\"https:\\\/\\\/store.myst.gr\\\/wp-content\\\/uploads\\\/2026\\\/03\\\/Chives-dried-1.jpg\",\"datePublished\":\"2026-03-04T08:21:20+00:00\",\"dateModified\":\"2026-03-26T21:01:20+00:00\",\"description\":\"\u0391\u03c0\u03bf\u03bb\u03b1\u03cd\u03c3\u03c4\u03b5 \u03c4\u03b7 \u03c6\u03c5\u03c3\u03b9\u03ba\u03ae \u03c6\u03c1\u03b5\u03c3\u03ba\u03ac\u03b4\u03b1 \u03ba\u03b1\u03b9 \u03c4\u03b7\u03bd \u03ba\u03bf\u03bc\u03c8\u03ae \u03ad\u03bd\u03c4\u03b1\u03c3\u03b7 \u03c4\u03bf\u03c5 \u03c3\u03c7\u03bf\u03b9\u03bd\u03cc\u03c0\u03c1\u03b1\u03c3\u03bf\u03c5 \u03c3\u03b5 \u03b1\u03c0\u03bf\u03be\u03b7\u03c1\u03b1\u03bc\u03ad\u03bd\u03b7 \u03bc\u03bf\u03c1\u03c6\u03ae \u03ba\u03b1\u03b9 \u03b1\u03bd\u03b1\u03b2\u03b1\u03b8\u03bc\u03af\u03c3\u03c4\u03b5 \u03c4\u03b9\u03c2 \u03c3\u03c5\u03bd\u03c4\u03b1\u03b3\u03ad\u03c2 \u03c3\u03b1\u03c2 \u03bc\u03b5 \u03b1\u03ba\u03c1\u03af\u03b2\u03b5\u03b9\u03b1 \u03ba\u03b1\u03b9 \u03b9\u03c3\u03bf\u03c1\u03c1\u03bf\u03c0\u03af\u03b1.\",\"breadcrumb\":{\"@id\":\"https:\\\/\\\/store.myst.gr\\\/product\\\/chives-jar\\\/#breadcrumb\"},\"inLanguage\":\"de\",\"potentialAction\":[{\"@type\":\"ReadAction\",\"target\":[\"https:\\\/\\\/store.myst.gr\\\/product\\\/chives-jar\\\/\"]}]},{\"@type\":\"ImageObject\",\"inLanguage\":\"de\",\"@id\":\"https:\\\/\\\/store.myst.gr\\\/product\\\/chives-jar\\\/#primaryimage\",\"url\":\"https:\\\/\\\/store.myst.gr\\\/wp-content\\\/uploads\\\/2026\\\/03\\\/Chives-dried-1.jpg\",\"contentUrl\":\"https:\\\/\\\/store.myst.gr\\\/wp-content\\\/uploads\\\/2026\\\/03\\\/Chives-dried-1.jpg\",\"width\":1000,\"height\":1000},{\"@type\":\"BreadcrumbList\",\"@id\":\"https:\\\/\\\/store.myst.gr\\\/product\\\/chives-jar\\\/#breadcrumb\",\"itemListElement\":[{\"@type\":\"ListItem\",\"position\":1,\"name\":\"Home\",\"item\":\"https:\\\/\\\/store.myst.gr\\\/\"},{\"@type\":\"ListItem\",\"position\":2,\"name\":\"Shop\",\"item\":\"https:\\\/\\\/store.myst.gr\\\/\"},{\"@type\":\"ListItem\",\"position\":3,\"name\":\"\u03a3\u03c7\u03bf\u03b9\u03bd\u03cc\u03c0\u03c1\u03b1\u03c3\u03bf \u0391\u03c6\u03c5\u03b4\u03b1\u03c4\u03c9\u03bc\u03ad\u03bd\u03bf (Chives)\"}]},{\"@type\":\"WebSite\",\"@id\":\"https:\\\/\\\/store.myst.gr\\\/#website\",\"url\":\"https:\\\/\\\/store.myst.gr\\\/\",\"name\":\"Myst\",\"description\":\"\u0391\u03bd\u03b1\u03ba\u03b1\u03bb\u03cd\u03c8\u03c4\u03b5 \u03c4\u03b9\u03c2 \u03b3\u03b5\u03cd\u03c3\u03b5\u03b9\u03c2 \u03c4\u03b7\u03c2 \u0395\u03bb\u03bb\u03ac\u03b4\u03b1\u03c2\",\"publisher\":{\"@id\":\"https:\\\/\\\/store.myst.gr\\\/#organization\"},\"potentialAction\":[{\"@type\":\"SearchAction\",\"target\":{\"@type\":\"EntryPoint\",\"urlTemplate\":\"https:\\\/\\\/store.myst.gr\\\/?s={search_term_string}\"},\"query-input\":{\"@type\":\"PropertyValueSpecification\",\"valueRequired\":true,\"valueName\":\"search_term_string\"}}],\"inLanguage\":\"de\"},{\"@type\":\"Organization\",\"@id\":\"https:\\\/\\\/store.myst.gr\\\/#organization\",\"name\":\"MYST\",\"url\":\"https:\\\/\\\/store.myst.gr\\\/\",\"logo\":{\"@type\":\"ImageObject\",\"inLanguage\":\"de\",\"@id\":\"https:\\\/\\\/store.myst.gr\\\/#\\\/schema\\\/logo\\\/image\\\/\",\"url\":\"https:\\\/\\\/store.myst.gr\\\/wp-content\\\/uploads\\\/2024\\\/12\\\/myst-logo-str.svg\",\"contentUrl\":\"https:\\\/\\\/store.myst.gr\\\/wp-content\\\/uploads\\\/2024\\\/12\\\/myst-logo-str.svg\",\"width\":193,\"height\":53,\"caption\":\"MYST\"},\"image\":{\"@id\":\"https:\\\/\\\/store.myst.gr\\\/#\\\/schema\\\/logo\\\/image\\\/\"},\"sameAs\":[\"https:\\\/\\\/www.facebook.com\\\/mystfood\",\"https:\\\/\\\/www.instagram.com\\\/mystcompany\\\/\"]}]}<\/script>\n<!-- \/ Yoast SEO plugin. -->","yoast_head_json":{"title":"Getrockneter Schnittlauch","description":"Genie\u00dfen Sie die nat\u00fcrliche Frische und den eleganten Charakter von getrocknetem Schnittlauch und verfeinern Sie Ihre Gerichte mit Pr\u00e4zision und Ausgewogenheit.","robots":{"index":"index","follow":"follow","max-snippet":"max-snippet:-1","max-image-preview":"max-image-preview:large","max-video-preview":"max-video-preview:-1"},"canonical":"https:\/\/store.myst.gr\/de\/produkt\/chives-jar\/","og_locale":"de_DE","og_type":"article","og_title":"\u03a3\u03c7\u03bf\u03b9\u03bd\u03cc\u03c0\u03c1\u03b1\u03c3\u03bf \u0391\u03c6\u03c5\u03b4\u03b1\u03c4\u03c9\u03bc\u03ad\u03bd\u03bf (Chives)","og_description":"\u0391\u03c0\u03bf\u03bb\u03b1\u03cd\u03c3\u03c4\u03b5 \u03c4\u03b7 \u03c6\u03c5\u03c3\u03b9\u03ba\u03ae \u03c6\u03c1\u03b5\u03c3\u03ba\u03ac\u03b4\u03b1 \u03ba\u03b1\u03b9 \u03c4\u03b7\u03bd \u03ba\u03bf\u03bc\u03c8\u03ae \u03ad\u03bd\u03c4\u03b1\u03c3\u03b7 \u03c4\u03bf\u03c5 \u03c3\u03c7\u03bf\u03b9\u03bd\u03cc\u03c0\u03c1\u03b1\u03c3\u03bf\u03c5 \u03c3\u03b5 \u03b1\u03c0\u03bf\u03be\u03b7\u03c1\u03b1\u03bc\u03ad\u03bd\u03b7 \u03bc\u03bf\u03c1\u03c6\u03ae \u03ba\u03b1\u03b9 \u03b1\u03bd\u03b1\u03b2\u03b1\u03b8\u03bc\u03af\u03c3\u03c4\u03b5 \u03c4\u03b9\u03c2 \u03c3\u03c5\u03bd\u03c4\u03b1\u03b3\u03ad\u03c2 \u03c3\u03b1\u03c2 \u03bc\u03b5 \u03b1\u03ba\u03c1\u03af\u03b2\u03b5\u03b9\u03b1 \u03ba\u03b1\u03b9 \u03b9\u03c3\u03bf\u03c1\u03c1\u03bf\u03c0\u03af\u03b1.","og_url":"https:\/\/store.myst.gr\/de\/produkt\/chives-jar\/","og_site_name":"MYST","article_publisher":"https:\/\/www.facebook.com\/mystfood","article_modified_time":"2026-03-26T21:01:20+00:00","og_image":[{"width":1000,"height":1000,"url":"https:\/\/store.myst.gr\/wp-content\/uploads\/2026\/03\/Chives-dried-1.jpg","type":"image\/jpeg"}],"twitter_card":"summary_large_image","twitter_misc":{"Gesch\u00e4tzte Lesezeit":"1\u00a0Minute"},"schema":{"@context":"https:\/\/schema.org","@graph":[{"@type":"WebPage","@id":"https:\/\/store.myst.gr\/product\/chives-jar\/","url":"https:\/\/store.myst.gr\/product\/chives-jar\/","name":"Getrockneter Schnittlauch","isPartOf":{"@id":"https:\/\/store.myst.gr\/#website"},"primaryImageOfPage":{"@id":"https:\/\/store.myst.gr\/product\/chives-jar\/#primaryimage"},"image":{"@id":"https:\/\/store.myst.gr\/product\/chives-jar\/#primaryimage"},"thumbnailUrl":"https:\/\/store.myst.gr\/wp-content\/uploads\/2026\/03\/Chives-dried-1.jpg","datePublished":"2026-03-04T08:21:20+00:00","dateModified":"2026-03-26T21:01:20+00:00","description":"Genie\u00dfen Sie die nat\u00fcrliche Frische und den eleganten Charakter von getrocknetem Schnittlauch und verfeinern Sie Ihre Gerichte mit Pr\u00e4zision und Ausgewogenheit.","breadcrumb":{"@id":"https:\/\/store.myst.gr\/product\/chives-jar\/#breadcrumb"},"inLanguage":"de","potentialAction":[{"@type":"ReadAction","target":["https:\/\/store.myst.gr\/product\/chives-jar\/"]}]},{"@type":"ImageObject","inLanguage":"de","@id":"https:\/\/store.myst.gr\/product\/chives-jar\/#primaryimage","url":"https:\/\/store.myst.gr\/wp-content\/uploads\/2026\/03\/Chives-dried-1.jpg","contentUrl":"https:\/\/store.myst.gr\/wp-content\/uploads\/2026\/03\/Chives-dried-1.jpg","width":1000,"height":1000},{"@type":"BreadcrumbList","@id":"https:\/\/store.myst.gr\/product\/chives-jar\/#breadcrumb","itemListElement":[{"@type":"ListItem","position":1,"name":"Home","item":"https:\/\/store.myst.gr\/"},{"@type":"ListItem","position":2,"name":"Shop","item":"https:\/\/store.myst.gr\/"},{"@type":"ListItem","position":3,"name":"\u03a3\u03c7\u03bf\u03b9\u03bd\u03cc\u03c0\u03c1\u03b1\u03c3\u03bf \u0391\u03c6\u03c5\u03b4\u03b1\u03c4\u03c9\u03bc\u03ad\u03bd\u03bf (Chives)"}]},{"@type":"WebSite","@id":"https:\/\/store.myst.gr\/#website","url":"https:\/\/store.myst.gr\/","name":"Myst","description":"\u0391\u03bd\u03b1\u03ba\u03b1\u03bb\u03cd\u03c8\u03c4\u03b5 \u03c4\u03b9\u03c2 \u03b3\u03b5\u03cd\u03c3\u03b5\u03b9\u03c2 \u03c4\u03b7\u03c2 \u0395\u03bb\u03bb\u03ac\u03b4\u03b1\u03c2","publisher":{"@id":"https:\/\/store.myst.gr\/#organization"},"potentialAction":[{"@type":"SearchAction","target":{"@type":"EntryPoint","urlTemplate":"https:\/\/store.myst.gr\/?s={search_term_string}"},"query-input":{"@type":"PropertyValueSpecification","valueRequired":true,"valueName":"search_term_string"}}],"inLanguage":"de"},{"@type":"Organization","@id":"https:\/\/store.myst.gr\/#organization","name":"MYST","url":"https:\/\/store.myst.gr\/","logo":{"@type":"ImageObject","inLanguage":"de","@id":"https:\/\/store.myst.gr\/#\/schema\/logo\/image\/","url":"https:\/\/store.myst.gr\/wp-content\/uploads\/2024\/12\/myst-logo-str.svg","contentUrl":"https:\/\/store.myst.gr\/wp-content\/uploads\/2024\/12\/myst-logo-str.svg","width":193,"height":53,"caption":"MYST"},"image":{"@id":"https:\/\/store.myst.gr\/#\/schema\/logo\/image\/"},"sameAs":["https:\/\/www.facebook.com\/mystfood","https:\/\/www.instagram.com\/mystcompany\/"]}]}},"_links":{"self":[{"href":"https:\/\/store.myst.gr\/de\/wp-json\/wp\/v2\/product\/18879","targetHints":{"allow":["GET"]}}],"collection":[{"href":"https:\/\/store.myst.gr\/de\/wp-json\/wp\/v2\/product"}],"about":[{"href":"https:\/\/store.myst.gr\/de\/wp-json\/wp\/v2\/types\/product"}],"wp:featuredmedia":[{"embeddable":true,"href":"https:\/\/store.myst.gr\/de\/wp-json\/wp\/v2\/media\/18720"}],"wp:attachment":[{"href":"https:\/\/store.myst.gr\/de\/wp-json\/wp\/v2\/media?parent=18879"}],"wp:term":[{"taxonomy":"product_cat","embeddable":true,"href":"https:\/\/store.myst.gr\/de\/wp-json\/wp\/v2\/product_cat?post=18879"},{"taxonomy":"product_tag","embeddable":true,"href":"https:\/\/store.myst.gr\/de\/wp-json\/wp\/v2\/product_tag?post=18879"}],"curies":[{"name":"wp","href":"https:\/\/api.w.org\/{rel}","templated":true}]}}