{"id":18878,"date":"2026-03-04T08:08:52","date_gmt":"2026-03-04T08:08:52","guid":{"rendered":"https:\/\/store.myst.gr\/?post_type=product&#038;p=18878"},"modified":"2026-03-26T20:59:15","modified_gmt":"2026-03-26T20:59:15","slug":"coconut-jar","status":"publish","type":"product","link":"https:\/\/store.myst.gr\/de\/product\/coconut-jar\/","title":{"rendered":"Kokosraspeln"},"content":{"rendered":"<p data-start=\"145\" data-end=\"377\">Kokosraspeln werden aus sorgf\u00e4ltig ausgew\u00e4hlten, vollreifen Kokosn\u00fcssen hergestellt, die gesch\u00e4lt, nat\u00fcrlich getrocknet und fein gerieben werden, wobei ihr charakteristisches Aroma, ihre nat\u00fcrliche S\u00fc\u00dfe und ihre angenehme Textur erhalten bleiben.<\/p>\n<p data-start=\"379\" data-end=\"607\">Sie zeichnen sich durch ihren reinen Kokosgeschmack und ihr feines Aroma aus und sind ein unverzichtbarer Bestandteil sowohl der Backkunst als auch der herzhaften K\u00fcche. Sie bieten gleichbleibende Qualit\u00e4t, einfache Verarbeitung und authentischen tropischen Charakter.<\/p>\n<h3><b>\ud83e\udd65 Verwendung von Kokosraspeln<\/b><\/h3>\n<p>&nbsp;<\/p>\n<p data-start=\"673\" data-end=\"901\">Ideal f\u00fcr Kuchen, Kekse, Geb\u00e4ck, Torten, Pralinen, Energieriegel und Desserts. Ebenso geeignet f\u00fcr asiatische und exotische Gerichte, Currys, Saucen, Reisgerichte, Marinaden sowie Rezepte mit Meeresfr\u00fcchten oder Gefl\u00fcgel.<\/p>\n<p data-start=\"903\" data-end=\"1104\">Einsetzbar als Topping, F\u00fcllung oder Hauptzutat, verleihen sie Gerichten Textur, nat\u00fcrliche S\u00fc\u00dfe und ein angenehmes Aroma. Geeignet f\u00fcr die professionelle K\u00fcche und f\u00fcr kreative Hobbyk\u00f6che.<\/p>\n<p>\ud83e\ude7a Hinweis:<\/p>\n<p>Die bereitgestellten Informationen dienen nur zu Informationszwecken und stellen keine medizinische Beratung dar.<br \/>\nBei gesundheitlichen Fragen wenden Sie sich bitte an Ihren Arzt oder Ern\u00e4hrungsberater.<\/p>","protected":false},"excerpt":{"rendered":"<p data-start=\"1106\" data-end=\"1231\">Genie\u00dfen Sie den authentischen Geschmack und das Aroma von Kokosraspeln und verleihen Sie Ihren Rezepten einen tropischen Akzent mit Qualit\u00e4t und Best\u00e4ndigkeit.<\/p>\n<p class=\"p1\">Ohne Konservierungsstoffe oder Zus\u00e4tze. 100 % nat\u00fcrliches Produkt.<\/p>\n<p><strong>inhalt : e 70g<\/strong><\/p>\n<p><strong>Die besten Produkte aus Griechenland direkt auf Ihren Tisch geliefert und kostenloser Versand bei Bestellungen \u00fcber 120 \u20ac innerhalb Europas.<\/strong><\/p>","protected":false},"featured_media":18737,"template":"","meta":{"_acf_changed":false,"inline_featured_image":false},"product_cat":[624,625,539,15],"product_tag":[323,651,613],"class_list":{"0":"post-18878","1":"product","2":"type-product","3":"status-publish","4":"has-post-thumbnail","6":"product_cat-pastry-confectionery","7":"product_cat-spices","8":"product_cat-mixedherbs","9":"product_cat-vall","10":"product_tag-cataloguejuly","11":"product_tag-retail","12":"product_tag-spices","14":"first","15":"instock","16":"taxable","17":"shipping-taxable","18":"purchasable","19":"product-type-simple"},"acf":[],"yoast_head":"<!-- This site is optimized with the Yoast SEO plugin v27.4 - https:\/\/yoast.com\/product\/yoast-seo-wordpress\/ -->\n<title>\u0399\u03bd\u03b4\u03bf\u03ba\u03ac\u03c1\u03c5\u03b4\u03bf \u03a4\u03c1\u03b9\u03bc\u03bc\u03ad\u03bd\u03bf<\/title>\n<meta name=\"description\" content=\"\u0391\u03c0\u03bf\u03bb\u03b1\u03cd\u03c3\u03c4\u03b5 \u03c4\u03bf \u03b1\u03c5\u03b8\u03b5\u03bd\u03c4\u03b9\u03ba\u03cc \u03ac\u03c1\u03c9\u03bc\u03b1 \u03ba\u03b1\u03b9 \u03c4\u03b7 \u03b3\u03b5\u03cd\u03c3\u03b7 \u03c4\u03b7\u03c2 \u03ba\u03b1\u03c1\u03cd\u03b4\u03b1\u03c2 \u03ba\u03b1\u03b9 \u03b4\u03ce\u03c3\u03c4\u03b5 \u03c4\u03c1\u03bf\u03c0\u03b9\u03ba\u03cc \u03c7\u03b1\u03c1\u03b1\u03ba\u03c4\u03ae\u03c1\u03b1 \u03c3\u03c4\u03b9\u03c2 \u03c3\u03c5\u03bd\u03c4\u03b1\u03b3\u03ad\u03c2 \u03c3\u03b1\u03c2 \u03bc\u03b5 \u03c0\u03bf\u03b9\u03cc\u03c4\u03b7\u03c4\u03b1 \u03ba\u03b1\u03b9 \u03c3\u03c5\u03bd\u03ad\u03c0\u03b5\u03b9\u03b1.\" \/>\n<meta name=\"robots\" content=\"index, follow, max-snippet:-1, max-image-preview:large, max-video-preview:-1\" \/>\n<link rel=\"canonical\" href=\"https:\/\/store.myst.gr\/de\/produkt\/coconut-jar\/\" \/>\n<meta property=\"og:locale\" content=\"de_DE\" \/>\n<meta property=\"og:type\" content=\"article\" \/>\n<meta property=\"og:title\" content=\"\u0399\u03bd\u03b4\u03bf\u03ba\u03ac\u03c1\u03c5\u03b4\u03bf \u03a4\u03c1\u03b9\u03bc\u03bc\u03ad\u03bd\u03bf\" \/>\n<meta property=\"og:description\" content=\"\u0391\u03c0\u03bf\u03bb\u03b1\u03cd\u03c3\u03c4\u03b5 \u03c4\u03bf \u03b1\u03c5\u03b8\u03b5\u03bd\u03c4\u03b9\u03ba\u03cc \u03ac\u03c1\u03c9\u03bc\u03b1 \u03ba\u03b1\u03b9 \u03c4\u03b7 \u03b3\u03b5\u03cd\u03c3\u03b7 \u03c4\u03b7\u03c2 \u03ba\u03b1\u03c1\u03cd\u03b4\u03b1\u03c2 \u03ba\u03b1\u03b9 \u03b4\u03ce\u03c3\u03c4\u03b5 \u03c4\u03c1\u03bf\u03c0\u03b9\u03ba\u03cc \u03c7\u03b1\u03c1\u03b1\u03ba\u03c4\u03ae\u03c1\u03b1 \u03c3\u03c4\u03b9\u03c2 \u03c3\u03c5\u03bd\u03c4\u03b1\u03b3\u03ad\u03c2 \u03c3\u03b1\u03c2 \u03bc\u03b5 \u03c0\u03bf\u03b9\u03cc\u03c4\u03b7\u03c4\u03b1 \u03ba\u03b1\u03b9 \u03c3\u03c5\u03bd\u03ad\u03c0\u03b5\u03b9\u03b1.\" \/>\n<meta property=\"og:url\" content=\"https:\/\/store.myst.gr\/de\/produkt\/coconut-jar\/\" \/>\n<meta property=\"og:site_name\" content=\"MYST\" \/>\n<meta property=\"article:publisher\" content=\"https:\/\/www.facebook.com\/mystfood\" \/>\n<meta property=\"article:modified_time\" content=\"2026-03-26T20:59:15+00:00\" \/>\n<meta property=\"og:image\" content=\"https:\/\/store.myst.gr\/wp-content\/uploads\/2026\/03\/Coconut-dried-1.jpg\" \/>\n\t<meta property=\"og:image:width\" content=\"1000\" \/>\n\t<meta property=\"og:image:height\" content=\"1000\" \/>\n\t<meta property=\"og:image:type\" content=\"image\/jpeg\" \/>\n<meta name=\"twitter:card\" content=\"summary_large_image\" \/>\n<meta name=\"twitter:label1\" content=\"Gesch\u00e4tzte Lesezeit\" \/>\n\t<meta name=\"twitter:data1\" content=\"2\u00a0Minuten\" \/>\n<script type=\"application\/ld+json\" class=\"yoast-schema-graph\">{\"@context\":\"https:\\\/\\\/schema.org\",\"@graph\":[{\"@type\":\"WebPage\",\"@id\":\"https:\\\/\\\/store.myst.gr\\\/product\\\/coconut-jar\\\/\",\"url\":\"https:\\\/\\\/store.myst.gr\\\/product\\\/coconut-jar\\\/\",\"name\":\"\u0399\u03bd\u03b4\u03bf\u03ba\u03ac\u03c1\u03c5\u03b4\u03bf \u03a4\u03c1\u03b9\u03bc\u03bc\u03ad\u03bd\u03bf\",\"isPartOf\":{\"@id\":\"https:\\\/\\\/store.myst.gr\\\/#website\"},\"primaryImageOfPage\":{\"@id\":\"https:\\\/\\\/store.myst.gr\\\/product\\\/coconut-jar\\\/#primaryimage\"},\"image\":{\"@id\":\"https:\\\/\\\/store.myst.gr\\\/product\\\/coconut-jar\\\/#primaryimage\"},\"thumbnailUrl\":\"https:\\\/\\\/store.myst.gr\\\/wp-content\\\/uploads\\\/2026\\\/03\\\/Coconut-dried-1.jpg\",\"datePublished\":\"2026-03-04T08:08:52+00:00\",\"dateModified\":\"2026-03-26T20:59:15+00:00\",\"description\":\"\u0391\u03c0\u03bf\u03bb\u03b1\u03cd\u03c3\u03c4\u03b5 \u03c4\u03bf \u03b1\u03c5\u03b8\u03b5\u03bd\u03c4\u03b9\u03ba\u03cc \u03ac\u03c1\u03c9\u03bc\u03b1 \u03ba\u03b1\u03b9 \u03c4\u03b7 \u03b3\u03b5\u03cd\u03c3\u03b7 \u03c4\u03b7\u03c2 \u03ba\u03b1\u03c1\u03cd\u03b4\u03b1\u03c2 \u03ba\u03b1\u03b9 \u03b4\u03ce\u03c3\u03c4\u03b5 \u03c4\u03c1\u03bf\u03c0\u03b9\u03ba\u03cc \u03c7\u03b1\u03c1\u03b1\u03ba\u03c4\u03ae\u03c1\u03b1 \u03c3\u03c4\u03b9\u03c2 \u03c3\u03c5\u03bd\u03c4\u03b1\u03b3\u03ad\u03c2 \u03c3\u03b1\u03c2 \u03bc\u03b5 \u03c0\u03bf\u03b9\u03cc\u03c4\u03b7\u03c4\u03b1 \u03ba\u03b1\u03b9 \u03c3\u03c5\u03bd\u03ad\u03c0\u03b5\u03b9\u03b1.\",\"breadcrumb\":{\"@id\":\"https:\\\/\\\/store.myst.gr\\\/product\\\/coconut-jar\\\/#breadcrumb\"},\"inLanguage\":\"de\",\"potentialAction\":[{\"@type\":\"ReadAction\",\"target\":[\"https:\\\/\\\/store.myst.gr\\\/product\\\/coconut-jar\\\/\"]}]},{\"@type\":\"ImageObject\",\"inLanguage\":\"de\",\"@id\":\"https:\\\/\\\/store.myst.gr\\\/product\\\/coconut-jar\\\/#primaryimage\",\"url\":\"https:\\\/\\\/store.myst.gr\\\/wp-content\\\/uploads\\\/2026\\\/03\\\/Coconut-dried-1.jpg\",\"contentUrl\":\"https:\\\/\\\/store.myst.gr\\\/wp-content\\\/uploads\\\/2026\\\/03\\\/Coconut-dried-1.jpg\",\"width\":1000,\"height\":1000},{\"@type\":\"BreadcrumbList\",\"@id\":\"https:\\\/\\\/store.myst.gr\\\/product\\\/coconut-jar\\\/#breadcrumb\",\"itemListElement\":[{\"@type\":\"ListItem\",\"position\":1,\"name\":\"Home\",\"item\":\"https:\\\/\\\/store.myst.gr\\\/\"},{\"@type\":\"ListItem\",\"position\":2,\"name\":\"Shop\",\"item\":\"https:\\\/\\\/store.myst.gr\\\/\"},{\"@type\":\"ListItem\",\"position\":3,\"name\":\"\u0399\u03bd\u03b4\u03bf\u03ba\u03ac\u03c1\u03c5\u03b4\u03bf \u03a4\u03c1\u03b9\u03bc\u03bc\u03ad\u03bd\u03bf\"}]},{\"@type\":\"WebSite\",\"@id\":\"https:\\\/\\\/store.myst.gr\\\/#website\",\"url\":\"https:\\\/\\\/store.myst.gr\\\/\",\"name\":\"Myst\",\"description\":\"\u0391\u03bd\u03b1\u03ba\u03b1\u03bb\u03cd\u03c8\u03c4\u03b5 \u03c4\u03b9\u03c2 \u03b3\u03b5\u03cd\u03c3\u03b5\u03b9\u03c2 \u03c4\u03b7\u03c2 \u0395\u03bb\u03bb\u03ac\u03b4\u03b1\u03c2\",\"publisher\":{\"@id\":\"https:\\\/\\\/store.myst.gr\\\/#organization\"},\"potentialAction\":[{\"@type\":\"SearchAction\",\"target\":{\"@type\":\"EntryPoint\",\"urlTemplate\":\"https:\\\/\\\/store.myst.gr\\\/?s={search_term_string}\"},\"query-input\":{\"@type\":\"PropertyValueSpecification\",\"valueRequired\":true,\"valueName\":\"search_term_string\"}}],\"inLanguage\":\"de\"},{\"@type\":\"Organization\",\"@id\":\"https:\\\/\\\/store.myst.gr\\\/#organization\",\"name\":\"MYST\",\"url\":\"https:\\\/\\\/store.myst.gr\\\/\",\"logo\":{\"@type\":\"ImageObject\",\"inLanguage\":\"de\",\"@id\":\"https:\\\/\\\/store.myst.gr\\\/#\\\/schema\\\/logo\\\/image\\\/\",\"url\":\"https:\\\/\\\/store.myst.gr\\\/wp-content\\\/uploads\\\/2024\\\/12\\\/myst-logo-str.svg\",\"contentUrl\":\"https:\\\/\\\/store.myst.gr\\\/wp-content\\\/uploads\\\/2024\\\/12\\\/myst-logo-str.svg\",\"width\":193,\"height\":53,\"caption\":\"MYST\"},\"image\":{\"@id\":\"https:\\\/\\\/store.myst.gr\\\/#\\\/schema\\\/logo\\\/image\\\/\"},\"sameAs\":[\"https:\\\/\\\/www.facebook.com\\\/mystfood\",\"https:\\\/\\\/www.instagram.com\\\/mystcompany\\\/\"]}]}<\/script>\n<!-- \/ Yoast SEO plugin. -->","yoast_head_json":{"title":"Kokosraspeln","description":"Genie\u00dfen Sie den authentischen Geschmack und das Aroma von Kokosraspeln und verleihen Sie Ihren Rezepten einen tropischen Akzent mit Qualit\u00e4t und Best\u00e4ndigkeit.","robots":{"index":"index","follow":"follow","max-snippet":"max-snippet:-1","max-image-preview":"max-image-preview:large","max-video-preview":"max-video-preview:-1"},"canonical":"https:\/\/store.myst.gr\/de\/produkt\/coconut-jar\/","og_locale":"de_DE","og_type":"article","og_title":"\u0399\u03bd\u03b4\u03bf\u03ba\u03ac\u03c1\u03c5\u03b4\u03bf \u03a4\u03c1\u03b9\u03bc\u03bc\u03ad\u03bd\u03bf","og_description":"\u0391\u03c0\u03bf\u03bb\u03b1\u03cd\u03c3\u03c4\u03b5 \u03c4\u03bf \u03b1\u03c5\u03b8\u03b5\u03bd\u03c4\u03b9\u03ba\u03cc \u03ac\u03c1\u03c9\u03bc\u03b1 \u03ba\u03b1\u03b9 \u03c4\u03b7 \u03b3\u03b5\u03cd\u03c3\u03b7 \u03c4\u03b7\u03c2 \u03ba\u03b1\u03c1\u03cd\u03b4\u03b1\u03c2 \u03ba\u03b1\u03b9 \u03b4\u03ce\u03c3\u03c4\u03b5 \u03c4\u03c1\u03bf\u03c0\u03b9\u03ba\u03cc \u03c7\u03b1\u03c1\u03b1\u03ba\u03c4\u03ae\u03c1\u03b1 \u03c3\u03c4\u03b9\u03c2 \u03c3\u03c5\u03bd\u03c4\u03b1\u03b3\u03ad\u03c2 \u03c3\u03b1\u03c2 \u03bc\u03b5 \u03c0\u03bf\u03b9\u03cc\u03c4\u03b7\u03c4\u03b1 \u03ba\u03b1\u03b9 \u03c3\u03c5\u03bd\u03ad\u03c0\u03b5\u03b9\u03b1.","og_url":"https:\/\/store.myst.gr\/de\/produkt\/coconut-jar\/","og_site_name":"MYST","article_publisher":"https:\/\/www.facebook.com\/mystfood","article_modified_time":"2026-03-26T20:59:15+00:00","og_image":[{"width":1000,"height":1000,"url":"https:\/\/store.myst.gr\/wp-content\/uploads\/2026\/03\/Coconut-dried-1.jpg","type":"image\/jpeg"}],"twitter_card":"summary_large_image","twitter_misc":{"Gesch\u00e4tzte Lesezeit":"2\u00a0Minuten"},"schema":{"@context":"https:\/\/schema.org","@graph":[{"@type":"WebPage","@id":"https:\/\/store.myst.gr\/product\/coconut-jar\/","url":"https:\/\/store.myst.gr\/product\/coconut-jar\/","name":"Kokosraspeln","isPartOf":{"@id":"https:\/\/store.myst.gr\/#website"},"primaryImageOfPage":{"@id":"https:\/\/store.myst.gr\/product\/coconut-jar\/#primaryimage"},"image":{"@id":"https:\/\/store.myst.gr\/product\/coconut-jar\/#primaryimage"},"thumbnailUrl":"https:\/\/store.myst.gr\/wp-content\/uploads\/2026\/03\/Coconut-dried-1.jpg","datePublished":"2026-03-04T08:08:52+00:00","dateModified":"2026-03-26T20:59:15+00:00","description":"Genie\u00dfen Sie den authentischen Geschmack und das Aroma von Kokosraspeln und verleihen Sie Ihren Rezepten einen tropischen Akzent mit Qualit\u00e4t und Best\u00e4ndigkeit.","breadcrumb":{"@id":"https:\/\/store.myst.gr\/product\/coconut-jar\/#breadcrumb"},"inLanguage":"de","potentialAction":[{"@type":"ReadAction","target":["https:\/\/store.myst.gr\/product\/coconut-jar\/"]}]},{"@type":"ImageObject","inLanguage":"de","@id":"https:\/\/store.myst.gr\/product\/coconut-jar\/#primaryimage","url":"https:\/\/store.myst.gr\/wp-content\/uploads\/2026\/03\/Coconut-dried-1.jpg","contentUrl":"https:\/\/store.myst.gr\/wp-content\/uploads\/2026\/03\/Coconut-dried-1.jpg","width":1000,"height":1000},{"@type":"BreadcrumbList","@id":"https:\/\/store.myst.gr\/product\/coconut-jar\/#breadcrumb","itemListElement":[{"@type":"ListItem","position":1,"name":"Home","item":"https:\/\/store.myst.gr\/"},{"@type":"ListItem","position":2,"name":"Shop","item":"https:\/\/store.myst.gr\/"},{"@type":"ListItem","position":3,"name":"\u0399\u03bd\u03b4\u03bf\u03ba\u03ac\u03c1\u03c5\u03b4\u03bf \u03a4\u03c1\u03b9\u03bc\u03bc\u03ad\u03bd\u03bf"}]},{"@type":"WebSite","@id":"https:\/\/store.myst.gr\/#website","url":"https:\/\/store.myst.gr\/","name":"Myst","description":"\u0391\u03bd\u03b1\u03ba\u03b1\u03bb\u03cd\u03c8\u03c4\u03b5 \u03c4\u03b9\u03c2 \u03b3\u03b5\u03cd\u03c3\u03b5\u03b9\u03c2 \u03c4\u03b7\u03c2 \u0395\u03bb\u03bb\u03ac\u03b4\u03b1\u03c2","publisher":{"@id":"https:\/\/store.myst.gr\/#organization"},"potentialAction":[{"@type":"SearchAction","target":{"@type":"EntryPoint","urlTemplate":"https:\/\/store.myst.gr\/?s={search_term_string}"},"query-input":{"@type":"PropertyValueSpecification","valueRequired":true,"valueName":"search_term_string"}}],"inLanguage":"de"},{"@type":"Organization","@id":"https:\/\/store.myst.gr\/#organization","name":"MYST","url":"https:\/\/store.myst.gr\/","logo":{"@type":"ImageObject","inLanguage":"de","@id":"https:\/\/store.myst.gr\/#\/schema\/logo\/image\/","url":"https:\/\/store.myst.gr\/wp-content\/uploads\/2024\/12\/myst-logo-str.svg","contentUrl":"https:\/\/store.myst.gr\/wp-content\/uploads\/2024\/12\/myst-logo-str.svg","width":193,"height":53,"caption":"MYST"},"image":{"@id":"https:\/\/store.myst.gr\/#\/schema\/logo\/image\/"},"sameAs":["https:\/\/www.facebook.com\/mystfood","https:\/\/www.instagram.com\/mystcompany\/"]}]}},"_links":{"self":[{"href":"https:\/\/store.myst.gr\/de\/wp-json\/wp\/v2\/product\/18878","targetHints":{"allow":["GET"]}}],"collection":[{"href":"https:\/\/store.myst.gr\/de\/wp-json\/wp\/v2\/product"}],"about":[{"href":"https:\/\/store.myst.gr\/de\/wp-json\/wp\/v2\/types\/product"}],"wp:featuredmedia":[{"embeddable":true,"href":"https:\/\/store.myst.gr\/de\/wp-json\/wp\/v2\/media\/18737"}],"wp:attachment":[{"href":"https:\/\/store.myst.gr\/de\/wp-json\/wp\/v2\/media?parent=18878"}],"wp:term":[{"taxonomy":"product_cat","embeddable":true,"href":"https:\/\/store.myst.gr\/de\/wp-json\/wp\/v2\/product_cat?post=18878"},{"taxonomy":"product_tag","embeddable":true,"href":"https:\/\/store.myst.gr\/de\/wp-json\/wp\/v2\/product_tag?post=18878"}],"curies":[{"name":"wp","href":"https:\/\/api.w.org\/{rel}","templated":true}]}}