{"id":16893,"date":"2026-02-16T13:12:53","date_gmt":"2026-02-16T13:12:53","guid":{"rendered":"https:\/\/store.myst.gr\/?post_type=product&#038;p=16893"},"modified":"2026-02-24T07:46:20","modified_gmt":"2026-02-24T07:46:20","slug":"ambrosia-250g","status":"publish","type":"product","link":"https:\/\/store.myst.gr\/de\/product\/ambrosia-250g\/","title":{"rendered":"Ambrosia | Honig, Bl\u00fctenpollen, Propolis und Ceylon-Zimt"},"content":{"rendered":"<p data-start=\"274\" data-end=\"545\">Ambrosia ist eine sorgf\u00e4ltig abgestimmte Mischung aus Honig, verfeinert mit Bl\u00fctenpollen, Propolis-Tinktur und edlem Ceylon-Zimt. Ein Produkt, inspiriert von der Kraft der Natur und der Weisheit der Imkerei, entwickelt f\u00fcr den t\u00e4glichen Genuss mit nat\u00fcrlichem Charakter.<\/p>\n<p data-start=\"547\" data-end=\"881\">Der Honig bildet die nat\u00fcrliche Basis und bringt die \u00fcbrigen Zutaten harmonisch zur Geltung. Bl\u00fctenpollen verleihen Textur und ein charakteristisches Aroma, Propolis sorgt f\u00fcr Tiefe und Intensit\u00e4t, w\u00e4hrend Ceylon-Zimt die Mischung mit einer warmen, dezent s\u00fc\u00dfen Note abrundet. Das Ergebnis ist ein dichtes, aromatisches und ausgewogenes Produkt mit klarem Geschmack.<\/p>\n<p data-start=\"883\" data-end=\"1084\">Ambrosia wird in einem 250-g-Glas angeboten und enth\u00e4lt einen kleinen L\u00f6ffel f\u00fcr eine einfache und genaue Dosierung. Aufgrund der nat\u00fcrlichen Zusammensetzung der Zutaten wird empfohlen, das Produkt vor dem Verzehr gut umzur\u00fchren.<\/p>\n<p data-start=\"1086\" data-end=\"1234\">Es kann pur verzehrt oder zu Joghurt, Getr\u00e4nken, Smoothies oder zum Fr\u00fchst\u00fcck hinzugef\u00fcgt werden und bietet Geschmack und Ausgewogenheit als Teil einer t\u00e4glichen Ern\u00e4hrung.<\/p>\n<p data-start=\"1236\" data-end=\"1430\">Die Abf\u00fcllung erfolgt in einem zertifizierten Honigabf\u00fcllbetrieb in Korifi, Imathia, gem\u00e4\u00df den geltenden Lebensmittelsicherheitsstandards.<br data-start=\"1382\" data-end=\"1385\" \/>Abf\u00fcllbetriebsnummer: <strong data-start=\"1409\" data-end=\"1429\">53SM01 \/ EL 5353<\/strong>.<\/p>\n<p data-start=\"1432\" data-end=\"1621\"><strong data-start=\"1432\" data-end=\"1446\">Zutaten :<\/strong> Honig, Bl\u00fctenpollen, Propolis-Tinktur, Ceylon-Zimt.<br data-start=\"1500\" data-end=\"1503\" \/><strong data-start=\"1503\" data-end=\"1520\">Nettogewicht:<\/strong> 250 g.<br data-start=\"1527\" data-end=\"1530\" \/><strong data-start=\"1530\" data-end=\"1547\">Enth\u00e4lt:<\/strong> L\u00f6ffel.<br data-start=\"1558\" data-end=\"1561\" \/><strong data-start=\"1561\" data-end=\"1580\">Verwendungshinweis:<\/strong> vor dem Verzehr gut umr\u00fchren.<\/p>\n<p data-start=\"826\" data-end=\"1010\"><strong>Ideal f\u00fcr:<\/strong> den t\u00e4glichen Verzehr, ein L\u00f6ffel am Morgen, pur oder in Joghurt, Getr\u00e4nken und Smoothies, als Teil einer ausgewogenen Ern\u00e4hrung.<\/p>\n<p><strong>\ud83e\ude7a Hinweis:<\/strong><\/p>\n<p>Die bereitgestellten Informationen dienen nur zu Informationszwecken und stellen keine medizinische Beratung dar.<br \/>\nBei gesundheitlichen Fragen wenden Sie sich bitte an Ihren Arzt oder Ern\u00e4hrungsberater.<\/p>","protected":false},"excerpt":{"rendered":"<p data-start=\"175\" data-end=\"241\"><strong data-start=\"175\" data-end=\"241\">Honig, Bl\u00fctenpollen, Propolis und Ceylon-Zimt in einer harmonischen Mischung<\/strong><\/p>\n<p class=\"p1\">Ohne Konservierungsstoffe oder Zus\u00e4tze. 100 % nat\u00fcrliches Produkt.<\/p>\n<p><strong>inhalt : e 250g<\/strong><\/p>\n<p><strong>Die besten Produkte aus Griechenland direkt auf Ihren Tisch geliefert und kostenloser Versand bei Bestellungen \u00fcber 120 \u20ac innerhalb Europas.<\/strong><\/p>","protected":false},"featured_media":16701,"template":"","meta":{"_acf_changed":false,"inline_featured_image":false},"product_cat":[477,650,15,649],"product_tag":[323,651,648],"class_list":{"0":"post-16893","1":"product","2":"type-product","3":"status-publish","4":"has-post-thumbnail","6":"product_cat-honey","7":"product_cat-wellness-honey","8":"product_cat-vall","9":"product_cat-wellness","10":"product_tag-cataloguejuly","11":"product_tag-retail","12":"product_tag-wellness","14":"first","15":"instock","16":"taxable","17":"shipping-taxable","18":"purchasable","19":"product-type-simple"},"acf":[],"yoast_head":"<!-- This site is optimized with the Yoast SEO plugin v27.4 - https:\/\/yoast.com\/product\/yoast-seo-wordpress\/ -->\n<title>\u0391\u03bc\u03b2\u03c1\u03bf\u03c3\u03af\u03b1 | \u039c\u03ad\u03bb\u03b9, \u03b3\u03cd\u03c1\u03b7, \u03c0\u03c1\u03cc\u03c0\u03bf\u03bb\u03b7 \u03ba\u03b1\u03b9 \u03ba\u03b1\u03bd\u03ad\u03bb\u03b1 \u039a\u03b5\u03cb\u03bb\u03ac\u03bd\u03b7\u03c2<\/title>\n<meta name=\"description\" content=\"\u0397 \u0391\u03bc\u03b2\u03c1\u03bf\u03c3\u03af\u03b1 \u03b5\u03af\u03bd\u03b1\u03b9 \u03ad\u03bd\u03b1 \u03c0\u03c1\u03bf\u03c3\u03b5\u03ba\u03c4\u03b9\u03ba\u03ac \u03b9\u03c3\u03bf\u03c1\u03c1\u03bf\u03c0\u03b7\u03bc\u03ad\u03bd\u03bf \u03bc\u03b5\u03af\u03b3\u03bc\u03b1 \u03bc\u03b5\u03bb\u03b9\u03bf\u03cd, \u03b5\u03bc\u03c0\u03bb\u03bf\u03c5\u03c4\u03b9\u03c3\u03bc\u03ad\u03bd\u03bf \u03bc\u03b5 \u03b3\u03cd\u03c1\u03b7 \u03bc\u03b5\u03bb\u03b9\u03c3\u03c3\u03ce\u03bd, \u03b2\u03ac\u03bc\u03bc\u03b1 \u03c0\u03c1\u03cc\u03c0\u03bf\u03bb\u03b7\u03c2 \u03ba\u03b1\u03b9 \u03b5\u03ba\u03bb\u03b5\u03ba\u03c4\u03ae \u03ba\u03b1\u03bd\u03ad\u03bb\u03b1 \u039a\u03b5\u03cb\u03bb\u03ac\u03bd\u03b7\u03c2. \u0388\u03bd\u03b1 \u03c0\u03c1\u03bf\u03ca\u03cc\u03bd\" \/>\n<meta name=\"robots\" content=\"index, follow, max-snippet:-1, max-image-preview:large, max-video-preview:-1\" \/>\n<link rel=\"canonical\" href=\"https:\/\/store.myst.gr\/de\/produkt\/ambrosia-250g\/\" \/>\n<meta property=\"og:locale\" content=\"de_DE\" \/>\n<meta property=\"og:type\" content=\"article\" \/>\n<meta property=\"og:title\" content=\"\u0391\u03bc\u03b2\u03c1\u03bf\u03c3\u03af\u03b1 | \u039c\u03ad\u03bb\u03b9, \u03b3\u03cd\u03c1\u03b7, \u03c0\u03c1\u03cc\u03c0\u03bf\u03bb\u03b7 \u03ba\u03b1\u03b9 \u03ba\u03b1\u03bd\u03ad\u03bb\u03b1 \u039a\u03b5\u03cb\u03bb\u03ac\u03bd\u03b7\u03c2\" \/>\n<meta property=\"og:description\" content=\"\u0397 \u0391\u03bc\u03b2\u03c1\u03bf\u03c3\u03af\u03b1 \u03b5\u03af\u03bd\u03b1\u03b9 \u03ad\u03bd\u03b1 \u03c0\u03c1\u03bf\u03c3\u03b5\u03ba\u03c4\u03b9\u03ba\u03ac \u03b9\u03c3\u03bf\u03c1\u03c1\u03bf\u03c0\u03b7\u03bc\u03ad\u03bd\u03bf \u03bc\u03b5\u03af\u03b3\u03bc\u03b1 \u03bc\u03b5\u03bb\u03b9\u03bf\u03cd, \u03b5\u03bc\u03c0\u03bb\u03bf\u03c5\u03c4\u03b9\u03c3\u03bc\u03ad\u03bd\u03bf \u03bc\u03b5 \u03b3\u03cd\u03c1\u03b7 \u03bc\u03b5\u03bb\u03b9\u03c3\u03c3\u03ce\u03bd, \u03b2\u03ac\u03bc\u03bc\u03b1 \u03c0\u03c1\u03cc\u03c0\u03bf\u03bb\u03b7\u03c2 \u03ba\u03b1\u03b9 \u03b5\u03ba\u03bb\u03b5\u03ba\u03c4\u03ae \u03ba\u03b1\u03bd\u03ad\u03bb\u03b1 \u039a\u03b5\u03cb\u03bb\u03ac\u03bd\u03b7\u03c2. \u0388\u03bd\u03b1 \u03c0\u03c1\u03bf\u03ca\u03cc\u03bd\" \/>\n<meta property=\"og:url\" content=\"https:\/\/store.myst.gr\/de\/produkt\/ambrosia-250g\/\" \/>\n<meta property=\"og:site_name\" content=\"MYST\" \/>\n<meta property=\"article:publisher\" content=\"https:\/\/www.facebook.com\/mystfood\" \/>\n<meta property=\"article:modified_time\" content=\"2026-02-24T07:46:20+00:00\" \/>\n<meta property=\"og:image\" content=\"https:\/\/store.myst.gr\/wp-content\/uploads\/2026\/02\/ambrosia-honey-mix-1.jpg\" \/>\n\t<meta property=\"og:image:width\" content=\"1000\" \/>\n\t<meta property=\"og:image:height\" content=\"1000\" \/>\n\t<meta property=\"og:image:type\" content=\"image\/jpeg\" \/>\n<meta name=\"twitter:card\" content=\"summary_large_image\" \/>\n<meta name=\"twitter:label1\" content=\"Gesch\u00e4tzte Lesezeit\" \/>\n\t<meta name=\"twitter:data1\" content=\"2\u00a0Minuten\" \/>\n<script type=\"application\/ld+json\" class=\"yoast-schema-graph\">{\"@context\":\"https:\\\/\\\/schema.org\",\"@graph\":[{\"@type\":\"WebPage\",\"@id\":\"https:\\\/\\\/store.myst.gr\\\/product\\\/ambrosia-250g\\\/\",\"url\":\"https:\\\/\\\/store.myst.gr\\\/product\\\/ambrosia-250g\\\/\",\"name\":\"\u0391\u03bc\u03b2\u03c1\u03bf\u03c3\u03af\u03b1 | \u039c\u03ad\u03bb\u03b9, \u03b3\u03cd\u03c1\u03b7, \u03c0\u03c1\u03cc\u03c0\u03bf\u03bb\u03b7 \u03ba\u03b1\u03b9 \u03ba\u03b1\u03bd\u03ad\u03bb\u03b1 \u039a\u03b5\u03cb\u03bb\u03ac\u03bd\u03b7\u03c2\",\"isPartOf\":{\"@id\":\"https:\\\/\\\/store.myst.gr\\\/#website\"},\"primaryImageOfPage\":{\"@id\":\"https:\\\/\\\/store.myst.gr\\\/product\\\/ambrosia-250g\\\/#primaryimage\"},\"image\":{\"@id\":\"https:\\\/\\\/store.myst.gr\\\/product\\\/ambrosia-250g\\\/#primaryimage\"},\"thumbnailUrl\":\"https:\\\/\\\/store.myst.gr\\\/wp-content\\\/uploads\\\/2026\\\/02\\\/ambrosia-honey-mix-1.jpg\",\"datePublished\":\"2026-02-16T13:12:53+00:00\",\"dateModified\":\"2026-02-24T07:46:20+00:00\",\"description\":\"\u0397 \u0391\u03bc\u03b2\u03c1\u03bf\u03c3\u03af\u03b1 \u03b5\u03af\u03bd\u03b1\u03b9 \u03ad\u03bd\u03b1 \u03c0\u03c1\u03bf\u03c3\u03b5\u03ba\u03c4\u03b9\u03ba\u03ac \u03b9\u03c3\u03bf\u03c1\u03c1\u03bf\u03c0\u03b7\u03bc\u03ad\u03bd\u03bf \u03bc\u03b5\u03af\u03b3\u03bc\u03b1 \u03bc\u03b5\u03bb\u03b9\u03bf\u03cd, \u03b5\u03bc\u03c0\u03bb\u03bf\u03c5\u03c4\u03b9\u03c3\u03bc\u03ad\u03bd\u03bf \u03bc\u03b5 \u03b3\u03cd\u03c1\u03b7 \u03bc\u03b5\u03bb\u03b9\u03c3\u03c3\u03ce\u03bd, \u03b2\u03ac\u03bc\u03bc\u03b1 \u03c0\u03c1\u03cc\u03c0\u03bf\u03bb\u03b7\u03c2 \u03ba\u03b1\u03b9 \u03b5\u03ba\u03bb\u03b5\u03ba\u03c4\u03ae \u03ba\u03b1\u03bd\u03ad\u03bb\u03b1 \u039a\u03b5\u03cb\u03bb\u03ac\u03bd\u03b7\u03c2. \u0388\u03bd\u03b1 \u03c0\u03c1\u03bf\u03ca\u03cc\u03bd\",\"breadcrumb\":{\"@id\":\"https:\\\/\\\/store.myst.gr\\\/product\\\/ambrosia-250g\\\/#breadcrumb\"},\"inLanguage\":\"de\",\"potentialAction\":[{\"@type\":\"ReadAction\",\"target\":[\"https:\\\/\\\/store.myst.gr\\\/product\\\/ambrosia-250g\\\/\"]}]},{\"@type\":\"ImageObject\",\"inLanguage\":\"de\",\"@id\":\"https:\\\/\\\/store.myst.gr\\\/product\\\/ambrosia-250g\\\/#primaryimage\",\"url\":\"https:\\\/\\\/store.myst.gr\\\/wp-content\\\/uploads\\\/2026\\\/02\\\/ambrosia-honey-mix-1.jpg\",\"contentUrl\":\"https:\\\/\\\/store.myst.gr\\\/wp-content\\\/uploads\\\/2026\\\/02\\\/ambrosia-honey-mix-1.jpg\",\"width\":1000,\"height\":1000},{\"@type\":\"BreadcrumbList\",\"@id\":\"https:\\\/\\\/store.myst.gr\\\/product\\\/ambrosia-250g\\\/#breadcrumb\",\"itemListElement\":[{\"@type\":\"ListItem\",\"position\":1,\"name\":\"Home\",\"item\":\"https:\\\/\\\/store.myst.gr\\\/\"},{\"@type\":\"ListItem\",\"position\":2,\"name\":\"Shop\",\"item\":\"https:\\\/\\\/store.myst.gr\\\/\"},{\"@type\":\"ListItem\",\"position\":3,\"name\":\"\u0391\u03bc\u03b2\u03c1\u03bf\u03c3\u03af\u03b1 | \u039c\u03ad\u03bb\u03b9, \u03b3\u03cd\u03c1\u03b7, \u03c0\u03c1\u03cc\u03c0\u03bf\u03bb\u03b7 \u03ba\u03b1\u03b9 \u03ba\u03b1\u03bd\u03ad\u03bb\u03b1 \u039a\u03b5\u03cb\u03bb\u03ac\u03bd\u03b7\u03c2\"}]},{\"@type\":\"WebSite\",\"@id\":\"https:\\\/\\\/store.myst.gr\\\/#website\",\"url\":\"https:\\\/\\\/store.myst.gr\\\/\",\"name\":\"Myst\",\"description\":\"\u0391\u03bd\u03b1\u03ba\u03b1\u03bb\u03cd\u03c8\u03c4\u03b5 \u03c4\u03b9\u03c2 \u03b3\u03b5\u03cd\u03c3\u03b5\u03b9\u03c2 \u03c4\u03b7\u03c2 \u0395\u03bb\u03bb\u03ac\u03b4\u03b1\u03c2\",\"publisher\":{\"@id\":\"https:\\\/\\\/store.myst.gr\\\/#organization\"},\"potentialAction\":[{\"@type\":\"SearchAction\",\"target\":{\"@type\":\"EntryPoint\",\"urlTemplate\":\"https:\\\/\\\/store.myst.gr\\\/?s={search_term_string}\"},\"query-input\":{\"@type\":\"PropertyValueSpecification\",\"valueRequired\":true,\"valueName\":\"search_term_string\"}}],\"inLanguage\":\"de\"},{\"@type\":\"Organization\",\"@id\":\"https:\\\/\\\/store.myst.gr\\\/#organization\",\"name\":\"MYST\",\"url\":\"https:\\\/\\\/store.myst.gr\\\/\",\"logo\":{\"@type\":\"ImageObject\",\"inLanguage\":\"de\",\"@id\":\"https:\\\/\\\/store.myst.gr\\\/#\\\/schema\\\/logo\\\/image\\\/\",\"url\":\"https:\\\/\\\/store.myst.gr\\\/wp-content\\\/uploads\\\/2024\\\/12\\\/myst-logo-str.svg\",\"contentUrl\":\"https:\\\/\\\/store.myst.gr\\\/wp-content\\\/uploads\\\/2024\\\/12\\\/myst-logo-str.svg\",\"width\":193,\"height\":53,\"caption\":\"MYST\"},\"image\":{\"@id\":\"https:\\\/\\\/store.myst.gr\\\/#\\\/schema\\\/logo\\\/image\\\/\"},\"sameAs\":[\"https:\\\/\\\/www.facebook.com\\\/mystfood\",\"https:\\\/\\\/www.instagram.com\\\/mystcompany\\\/\"]}]}<\/script>\n<!-- \/ Yoast SEO plugin. -->","yoast_head_json":{"title":"Ambrosia | Honig, Bl\u00fctenpollen, Propolis und Ceylon-Zimt","description":"\u0397 \u0391\u03bc\u03b2\u03c1\u03bf\u03c3\u03af\u03b1 \u03b5\u03af\u03bd\u03b1\u03b9 \u03ad\u03bd\u03b1 \u03c0\u03c1\u03bf\u03c3\u03b5\u03ba\u03c4\u03b9\u03ba\u03ac \u03b9\u03c3\u03bf\u03c1\u03c1\u03bf\u03c0\u03b7\u03bc\u03ad\u03bd\u03bf \u03bc\u03b5\u03af\u03b3\u03bc\u03b1 \u03bc\u03b5\u03bb\u03b9\u03bf\u03cd, \u03b5\u03bc\u03c0\u03bb\u03bf\u03c5\u03c4\u03b9\u03c3\u03bc\u03ad\u03bd\u03bf \u03bc\u03b5 \u03b3\u03cd\u03c1\u03b7 \u03bc\u03b5\u03bb\u03b9\u03c3\u03c3\u03ce\u03bd, \u03b2\u03ac\u03bc\u03bc\u03b1 \u03c0\u03c1\u03cc\u03c0\u03bf\u03bb\u03b7\u03c2 \u03ba\u03b1\u03b9 \u03b5\u03ba\u03bb\u03b5\u03ba\u03c4\u03ae \u03ba\u03b1\u03bd\u03ad\u03bb\u03b1 \u039a\u03b5\u03cb\u03bb\u03ac\u03bd\u03b7\u03c2. \u0388\u03bd\u03b1 \u03c0\u03c1\u03bf\u03ca\u03cc\u03bd","robots":{"index":"index","follow":"follow","max-snippet":"max-snippet:-1","max-image-preview":"max-image-preview:large","max-video-preview":"max-video-preview:-1"},"canonical":"https:\/\/store.myst.gr\/de\/produkt\/ambrosia-250g\/","og_locale":"de_DE","og_type":"article","og_title":"\u0391\u03bc\u03b2\u03c1\u03bf\u03c3\u03af\u03b1 | \u039c\u03ad\u03bb\u03b9, \u03b3\u03cd\u03c1\u03b7, \u03c0\u03c1\u03cc\u03c0\u03bf\u03bb\u03b7 \u03ba\u03b1\u03b9 \u03ba\u03b1\u03bd\u03ad\u03bb\u03b1 \u039a\u03b5\u03cb\u03bb\u03ac\u03bd\u03b7\u03c2","og_description":"\u0397 \u0391\u03bc\u03b2\u03c1\u03bf\u03c3\u03af\u03b1 \u03b5\u03af\u03bd\u03b1\u03b9 \u03ad\u03bd\u03b1 \u03c0\u03c1\u03bf\u03c3\u03b5\u03ba\u03c4\u03b9\u03ba\u03ac \u03b9\u03c3\u03bf\u03c1\u03c1\u03bf\u03c0\u03b7\u03bc\u03ad\u03bd\u03bf \u03bc\u03b5\u03af\u03b3\u03bc\u03b1 \u03bc\u03b5\u03bb\u03b9\u03bf\u03cd, \u03b5\u03bc\u03c0\u03bb\u03bf\u03c5\u03c4\u03b9\u03c3\u03bc\u03ad\u03bd\u03bf \u03bc\u03b5 \u03b3\u03cd\u03c1\u03b7 \u03bc\u03b5\u03bb\u03b9\u03c3\u03c3\u03ce\u03bd, \u03b2\u03ac\u03bc\u03bc\u03b1 \u03c0\u03c1\u03cc\u03c0\u03bf\u03bb\u03b7\u03c2 \u03ba\u03b1\u03b9 \u03b5\u03ba\u03bb\u03b5\u03ba\u03c4\u03ae \u03ba\u03b1\u03bd\u03ad\u03bb\u03b1 \u039a\u03b5\u03cb\u03bb\u03ac\u03bd\u03b7\u03c2. \u0388\u03bd\u03b1 \u03c0\u03c1\u03bf\u03ca\u03cc\u03bd","og_url":"https:\/\/store.myst.gr\/de\/produkt\/ambrosia-250g\/","og_site_name":"MYST","article_publisher":"https:\/\/www.facebook.com\/mystfood","article_modified_time":"2026-02-24T07:46:20+00:00","og_image":[{"width":1000,"height":1000,"url":"https:\/\/store.myst.gr\/wp-content\/uploads\/2026\/02\/ambrosia-honey-mix-1.jpg","type":"image\/jpeg"}],"twitter_card":"summary_large_image","twitter_misc":{"Gesch\u00e4tzte Lesezeit":"2\u00a0Minuten"},"schema":{"@context":"https:\/\/schema.org","@graph":[{"@type":"WebPage","@id":"https:\/\/store.myst.gr\/product\/ambrosia-250g\/","url":"https:\/\/store.myst.gr\/product\/ambrosia-250g\/","name":"Ambrosia | Honig, Bl\u00fctenpollen, Propolis und Ceylon-Zimt","isPartOf":{"@id":"https:\/\/store.myst.gr\/#website"},"primaryImageOfPage":{"@id":"https:\/\/store.myst.gr\/product\/ambrosia-250g\/#primaryimage"},"image":{"@id":"https:\/\/store.myst.gr\/product\/ambrosia-250g\/#primaryimage"},"thumbnailUrl":"https:\/\/store.myst.gr\/wp-content\/uploads\/2026\/02\/ambrosia-honey-mix-1.jpg","datePublished":"2026-02-16T13:12:53+00:00","dateModified":"2026-02-24T07:46:20+00:00","description":"\u0397 \u0391\u03bc\u03b2\u03c1\u03bf\u03c3\u03af\u03b1 \u03b5\u03af\u03bd\u03b1\u03b9 \u03ad\u03bd\u03b1 \u03c0\u03c1\u03bf\u03c3\u03b5\u03ba\u03c4\u03b9\u03ba\u03ac \u03b9\u03c3\u03bf\u03c1\u03c1\u03bf\u03c0\u03b7\u03bc\u03ad\u03bd\u03bf \u03bc\u03b5\u03af\u03b3\u03bc\u03b1 \u03bc\u03b5\u03bb\u03b9\u03bf\u03cd, \u03b5\u03bc\u03c0\u03bb\u03bf\u03c5\u03c4\u03b9\u03c3\u03bc\u03ad\u03bd\u03bf \u03bc\u03b5 \u03b3\u03cd\u03c1\u03b7 \u03bc\u03b5\u03bb\u03b9\u03c3\u03c3\u03ce\u03bd, \u03b2\u03ac\u03bc\u03bc\u03b1 \u03c0\u03c1\u03cc\u03c0\u03bf\u03bb\u03b7\u03c2 \u03ba\u03b1\u03b9 \u03b5\u03ba\u03bb\u03b5\u03ba\u03c4\u03ae \u03ba\u03b1\u03bd\u03ad\u03bb\u03b1 \u039a\u03b5\u03cb\u03bb\u03ac\u03bd\u03b7\u03c2. \u0388\u03bd\u03b1 \u03c0\u03c1\u03bf\u03ca\u03cc\u03bd","breadcrumb":{"@id":"https:\/\/store.myst.gr\/product\/ambrosia-250g\/#breadcrumb"},"inLanguage":"de","potentialAction":[{"@type":"ReadAction","target":["https:\/\/store.myst.gr\/product\/ambrosia-250g\/"]}]},{"@type":"ImageObject","inLanguage":"de","@id":"https:\/\/store.myst.gr\/product\/ambrosia-250g\/#primaryimage","url":"https:\/\/store.myst.gr\/wp-content\/uploads\/2026\/02\/ambrosia-honey-mix-1.jpg","contentUrl":"https:\/\/store.myst.gr\/wp-content\/uploads\/2026\/02\/ambrosia-honey-mix-1.jpg","width":1000,"height":1000},{"@type":"BreadcrumbList","@id":"https:\/\/store.myst.gr\/product\/ambrosia-250g\/#breadcrumb","itemListElement":[{"@type":"ListItem","position":1,"name":"Home","item":"https:\/\/store.myst.gr\/"},{"@type":"ListItem","position":2,"name":"Shop","item":"https:\/\/store.myst.gr\/"},{"@type":"ListItem","position":3,"name":"\u0391\u03bc\u03b2\u03c1\u03bf\u03c3\u03af\u03b1 | \u039c\u03ad\u03bb\u03b9, \u03b3\u03cd\u03c1\u03b7, \u03c0\u03c1\u03cc\u03c0\u03bf\u03bb\u03b7 \u03ba\u03b1\u03b9 \u03ba\u03b1\u03bd\u03ad\u03bb\u03b1 \u039a\u03b5\u03cb\u03bb\u03ac\u03bd\u03b7\u03c2"}]},{"@type":"WebSite","@id":"https:\/\/store.myst.gr\/#website","url":"https:\/\/store.myst.gr\/","name":"Myst","description":"\u0391\u03bd\u03b1\u03ba\u03b1\u03bb\u03cd\u03c8\u03c4\u03b5 \u03c4\u03b9\u03c2 \u03b3\u03b5\u03cd\u03c3\u03b5\u03b9\u03c2 \u03c4\u03b7\u03c2 \u0395\u03bb\u03bb\u03ac\u03b4\u03b1\u03c2","publisher":{"@id":"https:\/\/store.myst.gr\/#organization"},"potentialAction":[{"@type":"SearchAction","target":{"@type":"EntryPoint","urlTemplate":"https:\/\/store.myst.gr\/?s={search_term_string}"},"query-input":{"@type":"PropertyValueSpecification","valueRequired":true,"valueName":"search_term_string"}}],"inLanguage":"de"},{"@type":"Organization","@id":"https:\/\/store.myst.gr\/#organization","name":"MYST","url":"https:\/\/store.myst.gr\/","logo":{"@type":"ImageObject","inLanguage":"de","@id":"https:\/\/store.myst.gr\/#\/schema\/logo\/image\/","url":"https:\/\/store.myst.gr\/wp-content\/uploads\/2024\/12\/myst-logo-str.svg","contentUrl":"https:\/\/store.myst.gr\/wp-content\/uploads\/2024\/12\/myst-logo-str.svg","width":193,"height":53,"caption":"MYST"},"image":{"@id":"https:\/\/store.myst.gr\/#\/schema\/logo\/image\/"},"sameAs":["https:\/\/www.facebook.com\/mystfood","https:\/\/www.instagram.com\/mystcompany\/"]}]}},"_links":{"self":[{"href":"https:\/\/store.myst.gr\/de\/wp-json\/wp\/v2\/product\/16893","targetHints":{"allow":["GET"]}}],"collection":[{"href":"https:\/\/store.myst.gr\/de\/wp-json\/wp\/v2\/product"}],"about":[{"href":"https:\/\/store.myst.gr\/de\/wp-json\/wp\/v2\/types\/product"}],"wp:featuredmedia":[{"embeddable":true,"href":"https:\/\/store.myst.gr\/de\/wp-json\/wp\/v2\/media\/16701"}],"wp:attachment":[{"href":"https:\/\/store.myst.gr\/de\/wp-json\/wp\/v2\/media?parent=16893"}],"wp:term":[{"taxonomy":"product_cat","embeddable":true,"href":"https:\/\/store.myst.gr\/de\/wp-json\/wp\/v2\/product_cat?post=16893"},{"taxonomy":"product_tag","embeddable":true,"href":"https:\/\/store.myst.gr\/de\/wp-json\/wp\/v2\/product_tag?post=16893"}],"curies":[{"name":"wp","href":"https:\/\/api.w.org\/{rel}","templated":true}]}}