{"id":16828,"date":"2020-02-16T12:40:26","date_gmt":"2020-02-16T12:40:26","guid":{"rendered":"https:\/\/store.myst.gr\/?post_type=product&#038;p=16828"},"modified":"2026-02-18T12:36:23","modified_gmt":"2026-02-18T12:36:23","slug":"natural-fleur-de-sel-500g","status":"publish","type":"product","link":"https:\/\/store.myst.gr\/de\/product\/natural-fleur-de-sel-500g\/","title":{"rendered":"Salzbl\u00fcten Nat\u00fcrliches \u2013 500g"},"content":{"rendered":"<p class=\"p1\"><span class=\"s1\"><strong>Beschreibung: <\/strong>Eine reine, nat\u00fcrliche Salzbl\u00fcten; eine ideale Erg\u00e4nzung f\u00fcr Ihre kulinarischen Kreationen.<\/span><\/p>\n<p class=\"p1\"><span class=\"s1\"><strong>Zutaten :<\/strong>\u00a0Reines Meersalz vom Fu\u00dfe des Olymp<\/span><\/p>\n<p class=\"p1\"><span class=\"s1\"><strong>Farbe:<\/strong>\u00a0Wei\u00df<\/span><\/p>\n<p class=\"p1\"><span class=\"s1\"><strong>Eigenschaften:<\/strong>\u00a0Ganz nat\u00fcrlich, KEINE k\u00fcnstlichen Aromen hinzugef\u00fcgt, nur nat\u00fcrliche Zutaten<\/span><\/p>\n<p class=\"p1\"><span class=\"s1\"><strong>Verwendung f\u00fcr:<\/strong>\u00a0W\u00fcrzt Fleisch, Fisch, Huhn, Pasta, Gem\u00fcse und Salate<\/span><\/p>","protected":false},"excerpt":{"rendered":"<p>Dieses knusprige Produkt wird als Salz-Endbearbeitung oder am Ende des Kochvorgangs verwendet. Einfach leicht zwischen den Fingern zerdr\u00fccken und \u00fcber Fleisch, Fisch, H\u00fchnchen, Nudeln, Gem\u00fcse und Salate streuen.<\/p>\n<p><strong>Nettof\u00fcllmenge: e 500g<\/strong><\/p>\n<p><strong>Die besten Produkte aus Griechenland direkt auf Ihren Tisch geliefert und kostenloser Versand bei Bestellungen \u00fcber 120 \u20ac innerhalb Europas.<\/strong><\/p>","protected":false},"featured_media":16751,"template":"","meta":{"_acf_changed":false,"inline_featured_image":false},"product_cat":[634,647,536,645,15],"product_tag":[323,642],"class_list":{"0":"post-16828","1":"product","2":"type-product","3":"status-publish","4":"has-post-thumbnail","6":"product_cat-horeca","7":"product_cat-horeca-salt","8":"product_cat-herbsandspices","9":"product_cat-fleurdesel","10":"product_cat-vall","11":"product_tag-cataloguejuly","12":"product_tag-horeca","14":"first","15":"instock","16":"taxable","17":"shipping-taxable","18":"purchasable","19":"product-type-simple"},"acf":[],"yoast_head":"<!-- This site is optimized with the Yoast SEO plugin v27.4 - https:\/\/yoast.com\/product\/yoast-seo-wordpress\/ -->\n<title>\u0391\u03bd\u03b8\u03cc\u03c2 \u0391\u03bb\u03b1\u03c4\u03b9\u03bf\u03cd \u03a6\u03c5\u03c3\u03b9\u03ba\u03cc\u03c2 - 500g<\/title>\n<meta name=\"description\" content=\"\u0391\u03c5\u03c4\u03cc \u03c4\u03bf \u03c4\u03c1\u03b1\u03b3\u03b1\u03bd\u03cc \u03c0\u03c1\u03bf\u03ca\u03cc\u03bd, \u03c7\u03c1\u03b7\u03c3\u03b9\u03bc\u03bf\u03c0\u03bf\u03b9\u03b5\u03af\u03c4\u03b1\u03b9 \u03c9\u03c2 \u03b1\u03bb\u03ac\u03c4\u03b9 \u03c6\u03b9\u03bd\u03b9\u03c1\u03af\u03c3\u03bc\u03b1\u03c4\u03bf\u03c2 \u03ae \u03c3\u03c4\u03bf \u03c4\u03ad\u03bb\u03bf\u03c2 \u03c4\u03bf\u03c5 \u03bc\u03b1\u03b3\u03b5\u03b9\u03c1\u03ad\u03bc\u03b1\u03c4\u03bf\u03c2. \u0391\u03c0\u03bb\u03ce\u03c2 \u03c3\u03c5\u03bd\u03b8\u03bb\u03af\u03c8\u03c4\u03b5 \u03c4\u03bf \u03b1\u03c0\u03b1\u03bb\u03ac \u03b1\u03bd\u03ac\u03bc\u03b5\u03c3\u03b1 \u03c3\u03c4\u03b1 \u03b4\u03ac\u03c7\u03c4\u03c5\u03bb\u03ac \u03c3\u03b1\u03c2 \u03ba\u03b1\u03b9 \u03c0\u03b1\u03c3\u03c0\u03b1\u03bb\u03af\u03c3\u03c4\u03b5\" \/>\n<meta name=\"robots\" content=\"index, follow, max-snippet:-1, max-image-preview:large, max-video-preview:-1\" \/>\n<link rel=\"canonical\" href=\"https:\/\/store.myst.gr\/de\/produkt\/natural-fleur-de-sel-500g\/\" \/>\n<meta property=\"og:locale\" content=\"de_DE\" \/>\n<meta property=\"og:type\" content=\"article\" \/>\n<meta property=\"og:title\" content=\"\u0391\u03bd\u03b8\u03cc\u03c2 \u0391\u03bb\u03b1\u03c4\u03b9\u03bf\u03cd \u03a6\u03c5\u03c3\u03b9\u03ba\u03cc\u03c2 - 500g\" \/>\n<meta property=\"og:description\" content=\"\u0391\u03c5\u03c4\u03cc \u03c4\u03bf \u03c4\u03c1\u03b1\u03b3\u03b1\u03bd\u03cc \u03c0\u03c1\u03bf\u03ca\u03cc\u03bd, \u03c7\u03c1\u03b7\u03c3\u03b9\u03bc\u03bf\u03c0\u03bf\u03b9\u03b5\u03af\u03c4\u03b1\u03b9 \u03c9\u03c2 \u03b1\u03bb\u03ac\u03c4\u03b9 \u03c6\u03b9\u03bd\u03b9\u03c1\u03af\u03c3\u03bc\u03b1\u03c4\u03bf\u03c2 \u03ae \u03c3\u03c4\u03bf \u03c4\u03ad\u03bb\u03bf\u03c2 \u03c4\u03bf\u03c5 \u03bc\u03b1\u03b3\u03b5\u03b9\u03c1\u03ad\u03bc\u03b1\u03c4\u03bf\u03c2. \u0391\u03c0\u03bb\u03ce\u03c2 \u03c3\u03c5\u03bd\u03b8\u03bb\u03af\u03c8\u03c4\u03b5 \u03c4\u03bf \u03b1\u03c0\u03b1\u03bb\u03ac \u03b1\u03bd\u03ac\u03bc\u03b5\u03c3\u03b1 \u03c3\u03c4\u03b1 \u03b4\u03ac\u03c7\u03c4\u03c5\u03bb\u03ac \u03c3\u03b1\u03c2 \u03ba\u03b1\u03b9 \u03c0\u03b1\u03c3\u03c0\u03b1\u03bb\u03af\u03c3\u03c4\u03b5\" \/>\n<meta property=\"og:url\" content=\"https:\/\/store.myst.gr\/de\/produkt\/natural-fleur-de-sel-500g\/\" \/>\n<meta property=\"og:site_name\" content=\"MYST\" \/>\n<meta property=\"article:publisher\" content=\"https:\/\/www.facebook.com\/mystfood\" \/>\n<meta property=\"article:modified_time\" content=\"2026-02-18T12:36:23+00:00\" \/>\n<meta property=\"og:image\" content=\"https:\/\/store.myst.gr\/wp-content\/uploads\/2026\/02\/32-Natural-Fleur-De-sel.jpg\" \/>\n\t<meta property=\"og:image:width\" content=\"1000\" \/>\n\t<meta property=\"og:image:height\" content=\"889\" \/>\n\t<meta property=\"og:image:type\" content=\"image\/jpeg\" \/>\n<meta name=\"twitter:card\" content=\"summary_large_image\" \/>\n<meta name=\"twitter:label1\" content=\"Gesch\u00e4tzte Lesezeit\" \/>\n\t<meta name=\"twitter:data1\" content=\"1\u00a0Minute\" \/>\n<script type=\"application\/ld+json\" class=\"yoast-schema-graph\">{\"@context\":\"https:\\\/\\\/schema.org\",\"@graph\":[{\"@type\":\"WebPage\",\"@id\":\"https:\\\/\\\/store.myst.gr\\\/product\\\/natural-fleur-de-sel-500g\\\/\",\"url\":\"https:\\\/\\\/store.myst.gr\\\/product\\\/natural-fleur-de-sel-500g\\\/\",\"name\":\"\u0391\u03bd\u03b8\u03cc\u03c2 \u0391\u03bb\u03b1\u03c4\u03b9\u03bf\u03cd \u03a6\u03c5\u03c3\u03b9\u03ba\u03cc\u03c2 - 500g\",\"isPartOf\":{\"@id\":\"https:\\\/\\\/store.myst.gr\\\/#website\"},\"primaryImageOfPage\":{\"@id\":\"https:\\\/\\\/store.myst.gr\\\/product\\\/natural-fleur-de-sel-500g\\\/#primaryimage\"},\"image\":{\"@id\":\"https:\\\/\\\/store.myst.gr\\\/product\\\/natural-fleur-de-sel-500g\\\/#primaryimage\"},\"thumbnailUrl\":\"https:\\\/\\\/store.myst.gr\\\/wp-content\\\/uploads\\\/2026\\\/02\\\/32-Natural-Fleur-De-sel.jpg\",\"datePublished\":\"2020-02-16T12:40:26+00:00\",\"dateModified\":\"2026-02-18T12:36:23+00:00\",\"description\":\"\u0391\u03c5\u03c4\u03cc \u03c4\u03bf \u03c4\u03c1\u03b1\u03b3\u03b1\u03bd\u03cc \u03c0\u03c1\u03bf\u03ca\u03cc\u03bd, \u03c7\u03c1\u03b7\u03c3\u03b9\u03bc\u03bf\u03c0\u03bf\u03b9\u03b5\u03af\u03c4\u03b1\u03b9 \u03c9\u03c2 \u03b1\u03bb\u03ac\u03c4\u03b9 \u03c6\u03b9\u03bd\u03b9\u03c1\u03af\u03c3\u03bc\u03b1\u03c4\u03bf\u03c2 \u03ae \u03c3\u03c4\u03bf \u03c4\u03ad\u03bb\u03bf\u03c2 \u03c4\u03bf\u03c5 \u03bc\u03b1\u03b3\u03b5\u03b9\u03c1\u03ad\u03bc\u03b1\u03c4\u03bf\u03c2. \u0391\u03c0\u03bb\u03ce\u03c2 \u03c3\u03c5\u03bd\u03b8\u03bb\u03af\u03c8\u03c4\u03b5 \u03c4\u03bf \u03b1\u03c0\u03b1\u03bb\u03ac \u03b1\u03bd\u03ac\u03bc\u03b5\u03c3\u03b1 \u03c3\u03c4\u03b1 \u03b4\u03ac\u03c7\u03c4\u03c5\u03bb\u03ac \u03c3\u03b1\u03c2 \u03ba\u03b1\u03b9 \u03c0\u03b1\u03c3\u03c0\u03b1\u03bb\u03af\u03c3\u03c4\u03b5\",\"breadcrumb\":{\"@id\":\"https:\\\/\\\/store.myst.gr\\\/product\\\/natural-fleur-de-sel-500g\\\/#breadcrumb\"},\"inLanguage\":\"de\",\"potentialAction\":[{\"@type\":\"ReadAction\",\"target\":[\"https:\\\/\\\/store.myst.gr\\\/product\\\/natural-fleur-de-sel-500g\\\/\"]}]},{\"@type\":\"ImageObject\",\"inLanguage\":\"de\",\"@id\":\"https:\\\/\\\/store.myst.gr\\\/product\\\/natural-fleur-de-sel-500g\\\/#primaryimage\",\"url\":\"https:\\\/\\\/store.myst.gr\\\/wp-content\\\/uploads\\\/2026\\\/02\\\/32-Natural-Fleur-De-sel.jpg\",\"contentUrl\":\"https:\\\/\\\/store.myst.gr\\\/wp-content\\\/uploads\\\/2026\\\/02\\\/32-Natural-Fleur-De-sel.jpg\",\"width\":1000,\"height\":889},{\"@type\":\"BreadcrumbList\",\"@id\":\"https:\\\/\\\/store.myst.gr\\\/product\\\/natural-fleur-de-sel-500g\\\/#breadcrumb\",\"itemListElement\":[{\"@type\":\"ListItem\",\"position\":1,\"name\":\"Home\",\"item\":\"https:\\\/\\\/store.myst.gr\\\/\"},{\"@type\":\"ListItem\",\"position\":2,\"name\":\"Shop\",\"item\":\"https:\\\/\\\/store.myst.gr\\\/\"},{\"@type\":\"ListItem\",\"position\":3,\"name\":\"\u0391\u03bd\u03b8\u03cc\u03c2 \u0391\u03bb\u03b1\u03c4\u03b9\u03bf\u03cd \u03a6\u03c5\u03c3\u03b9\u03ba\u03cc\u03c2 &#8211; 500g\"}]},{\"@type\":\"WebSite\",\"@id\":\"https:\\\/\\\/store.myst.gr\\\/#website\",\"url\":\"https:\\\/\\\/store.myst.gr\\\/\",\"name\":\"Myst\",\"description\":\"\u0391\u03bd\u03b1\u03ba\u03b1\u03bb\u03cd\u03c8\u03c4\u03b5 \u03c4\u03b9\u03c2 \u03b3\u03b5\u03cd\u03c3\u03b5\u03b9\u03c2 \u03c4\u03b7\u03c2 \u0395\u03bb\u03bb\u03ac\u03b4\u03b1\u03c2\",\"publisher\":{\"@id\":\"https:\\\/\\\/store.myst.gr\\\/#organization\"},\"potentialAction\":[{\"@type\":\"SearchAction\",\"target\":{\"@type\":\"EntryPoint\",\"urlTemplate\":\"https:\\\/\\\/store.myst.gr\\\/?s={search_term_string}\"},\"query-input\":{\"@type\":\"PropertyValueSpecification\",\"valueRequired\":true,\"valueName\":\"search_term_string\"}}],\"inLanguage\":\"de\"},{\"@type\":\"Organization\",\"@id\":\"https:\\\/\\\/store.myst.gr\\\/#organization\",\"name\":\"MYST\",\"url\":\"https:\\\/\\\/store.myst.gr\\\/\",\"logo\":{\"@type\":\"ImageObject\",\"inLanguage\":\"de\",\"@id\":\"https:\\\/\\\/store.myst.gr\\\/#\\\/schema\\\/logo\\\/image\\\/\",\"url\":\"https:\\\/\\\/store.myst.gr\\\/wp-content\\\/uploads\\\/2024\\\/12\\\/myst-logo-str.svg\",\"contentUrl\":\"https:\\\/\\\/store.myst.gr\\\/wp-content\\\/uploads\\\/2024\\\/12\\\/myst-logo-str.svg\",\"width\":193,\"height\":53,\"caption\":\"MYST\"},\"image\":{\"@id\":\"https:\\\/\\\/store.myst.gr\\\/#\\\/schema\\\/logo\\\/image\\\/\"},\"sameAs\":[\"https:\\\/\\\/www.facebook.com\\\/mystfood\",\"https:\\\/\\\/www.instagram.com\\\/mystcompany\\\/\"]}]}<\/script>\n<!-- \/ Yoast SEO plugin. -->","yoast_head_json":{"title":"\u0391\u03bd\u03b8\u03cc\u03c2 \u0391\u03bb\u03b1\u03c4\u03b9\u03bf\u03cd \u03a6\u03c5\u03c3\u03b9\u03ba\u03cc\u03c2 - 500g","description":"\u0391\u03c5\u03c4\u03cc \u03c4\u03bf \u03c4\u03c1\u03b1\u03b3\u03b1\u03bd\u03cc \u03c0\u03c1\u03bf\u03ca\u03cc\u03bd, \u03c7\u03c1\u03b7\u03c3\u03b9\u03bc\u03bf\u03c0\u03bf\u03b9\u03b5\u03af\u03c4\u03b1\u03b9 \u03c9\u03c2 \u03b1\u03bb\u03ac\u03c4\u03b9 \u03c6\u03b9\u03bd\u03b9\u03c1\u03af\u03c3\u03bc\u03b1\u03c4\u03bf\u03c2 \u03ae \u03c3\u03c4\u03bf \u03c4\u03ad\u03bb\u03bf\u03c2 \u03c4\u03bf\u03c5 \u03bc\u03b1\u03b3\u03b5\u03b9\u03c1\u03ad\u03bc\u03b1\u03c4\u03bf\u03c2. \u0391\u03c0\u03bb\u03ce\u03c2 \u03c3\u03c5\u03bd\u03b8\u03bb\u03af\u03c8\u03c4\u03b5 \u03c4\u03bf \u03b1\u03c0\u03b1\u03bb\u03ac \u03b1\u03bd\u03ac\u03bc\u03b5\u03c3\u03b1 \u03c3\u03c4\u03b1 \u03b4\u03ac\u03c7\u03c4\u03c5\u03bb\u03ac \u03c3\u03b1\u03c2 \u03ba\u03b1\u03b9 \u03c0\u03b1\u03c3\u03c0\u03b1\u03bb\u03af\u03c3\u03c4\u03b5","robots":{"index":"index","follow":"follow","max-snippet":"max-snippet:-1","max-image-preview":"max-image-preview:large","max-video-preview":"max-video-preview:-1"},"canonical":"https:\/\/store.myst.gr\/de\/produkt\/natural-fleur-de-sel-500g\/","og_locale":"de_DE","og_type":"article","og_title":"\u0391\u03bd\u03b8\u03cc\u03c2 \u0391\u03bb\u03b1\u03c4\u03b9\u03bf\u03cd \u03a6\u03c5\u03c3\u03b9\u03ba\u03cc\u03c2 - 500g","og_description":"\u0391\u03c5\u03c4\u03cc \u03c4\u03bf \u03c4\u03c1\u03b1\u03b3\u03b1\u03bd\u03cc \u03c0\u03c1\u03bf\u03ca\u03cc\u03bd, \u03c7\u03c1\u03b7\u03c3\u03b9\u03bc\u03bf\u03c0\u03bf\u03b9\u03b5\u03af\u03c4\u03b1\u03b9 \u03c9\u03c2 \u03b1\u03bb\u03ac\u03c4\u03b9 \u03c6\u03b9\u03bd\u03b9\u03c1\u03af\u03c3\u03bc\u03b1\u03c4\u03bf\u03c2 \u03ae \u03c3\u03c4\u03bf \u03c4\u03ad\u03bb\u03bf\u03c2 \u03c4\u03bf\u03c5 \u03bc\u03b1\u03b3\u03b5\u03b9\u03c1\u03ad\u03bc\u03b1\u03c4\u03bf\u03c2. \u0391\u03c0\u03bb\u03ce\u03c2 \u03c3\u03c5\u03bd\u03b8\u03bb\u03af\u03c8\u03c4\u03b5 \u03c4\u03bf \u03b1\u03c0\u03b1\u03bb\u03ac \u03b1\u03bd\u03ac\u03bc\u03b5\u03c3\u03b1 \u03c3\u03c4\u03b1 \u03b4\u03ac\u03c7\u03c4\u03c5\u03bb\u03ac \u03c3\u03b1\u03c2 \u03ba\u03b1\u03b9 \u03c0\u03b1\u03c3\u03c0\u03b1\u03bb\u03af\u03c3\u03c4\u03b5","og_url":"https:\/\/store.myst.gr\/de\/produkt\/natural-fleur-de-sel-500g\/","og_site_name":"MYST","article_publisher":"https:\/\/www.facebook.com\/mystfood","article_modified_time":"2026-02-18T12:36:23+00:00","og_image":[{"width":1000,"height":889,"url":"https:\/\/store.myst.gr\/wp-content\/uploads\/2026\/02\/32-Natural-Fleur-De-sel.jpg","type":"image\/jpeg"}],"twitter_card":"summary_large_image","twitter_misc":{"Gesch\u00e4tzte Lesezeit":"1\u00a0Minute"},"schema":{"@context":"https:\/\/schema.org","@graph":[{"@type":"WebPage","@id":"https:\/\/store.myst.gr\/product\/natural-fleur-de-sel-500g\/","url":"https:\/\/store.myst.gr\/product\/natural-fleur-de-sel-500g\/","name":"\u0391\u03bd\u03b8\u03cc\u03c2 \u0391\u03bb\u03b1\u03c4\u03b9\u03bf\u03cd \u03a6\u03c5\u03c3\u03b9\u03ba\u03cc\u03c2 - 500g","isPartOf":{"@id":"https:\/\/store.myst.gr\/#website"},"primaryImageOfPage":{"@id":"https:\/\/store.myst.gr\/product\/natural-fleur-de-sel-500g\/#primaryimage"},"image":{"@id":"https:\/\/store.myst.gr\/product\/natural-fleur-de-sel-500g\/#primaryimage"},"thumbnailUrl":"https:\/\/store.myst.gr\/wp-content\/uploads\/2026\/02\/32-Natural-Fleur-De-sel.jpg","datePublished":"2020-02-16T12:40:26+00:00","dateModified":"2026-02-18T12:36:23+00:00","description":"\u0391\u03c5\u03c4\u03cc \u03c4\u03bf \u03c4\u03c1\u03b1\u03b3\u03b1\u03bd\u03cc \u03c0\u03c1\u03bf\u03ca\u03cc\u03bd, \u03c7\u03c1\u03b7\u03c3\u03b9\u03bc\u03bf\u03c0\u03bf\u03b9\u03b5\u03af\u03c4\u03b1\u03b9 \u03c9\u03c2 \u03b1\u03bb\u03ac\u03c4\u03b9 \u03c6\u03b9\u03bd\u03b9\u03c1\u03af\u03c3\u03bc\u03b1\u03c4\u03bf\u03c2 \u03ae \u03c3\u03c4\u03bf \u03c4\u03ad\u03bb\u03bf\u03c2 \u03c4\u03bf\u03c5 \u03bc\u03b1\u03b3\u03b5\u03b9\u03c1\u03ad\u03bc\u03b1\u03c4\u03bf\u03c2. \u0391\u03c0\u03bb\u03ce\u03c2 \u03c3\u03c5\u03bd\u03b8\u03bb\u03af\u03c8\u03c4\u03b5 \u03c4\u03bf \u03b1\u03c0\u03b1\u03bb\u03ac \u03b1\u03bd\u03ac\u03bc\u03b5\u03c3\u03b1 \u03c3\u03c4\u03b1 \u03b4\u03ac\u03c7\u03c4\u03c5\u03bb\u03ac \u03c3\u03b1\u03c2 \u03ba\u03b1\u03b9 \u03c0\u03b1\u03c3\u03c0\u03b1\u03bb\u03af\u03c3\u03c4\u03b5","breadcrumb":{"@id":"https:\/\/store.myst.gr\/product\/natural-fleur-de-sel-500g\/#breadcrumb"},"inLanguage":"de","potentialAction":[{"@type":"ReadAction","target":["https:\/\/store.myst.gr\/product\/natural-fleur-de-sel-500g\/"]}]},{"@type":"ImageObject","inLanguage":"de","@id":"https:\/\/store.myst.gr\/product\/natural-fleur-de-sel-500g\/#primaryimage","url":"https:\/\/store.myst.gr\/wp-content\/uploads\/2026\/02\/32-Natural-Fleur-De-sel.jpg","contentUrl":"https:\/\/store.myst.gr\/wp-content\/uploads\/2026\/02\/32-Natural-Fleur-De-sel.jpg","width":1000,"height":889},{"@type":"BreadcrumbList","@id":"https:\/\/store.myst.gr\/product\/natural-fleur-de-sel-500g\/#breadcrumb","itemListElement":[{"@type":"ListItem","position":1,"name":"Home","item":"https:\/\/store.myst.gr\/"},{"@type":"ListItem","position":2,"name":"Shop","item":"https:\/\/store.myst.gr\/"},{"@type":"ListItem","position":3,"name":"\u0391\u03bd\u03b8\u03cc\u03c2 \u0391\u03bb\u03b1\u03c4\u03b9\u03bf\u03cd \u03a6\u03c5\u03c3\u03b9\u03ba\u03cc\u03c2 &#8211; 500g"}]},{"@type":"WebSite","@id":"https:\/\/store.myst.gr\/#website","url":"https:\/\/store.myst.gr\/","name":"Myst","description":"\u0391\u03bd\u03b1\u03ba\u03b1\u03bb\u03cd\u03c8\u03c4\u03b5 \u03c4\u03b9\u03c2 \u03b3\u03b5\u03cd\u03c3\u03b5\u03b9\u03c2 \u03c4\u03b7\u03c2 \u0395\u03bb\u03bb\u03ac\u03b4\u03b1\u03c2","publisher":{"@id":"https:\/\/store.myst.gr\/#organization"},"potentialAction":[{"@type":"SearchAction","target":{"@type":"EntryPoint","urlTemplate":"https:\/\/store.myst.gr\/?s={search_term_string}"},"query-input":{"@type":"PropertyValueSpecification","valueRequired":true,"valueName":"search_term_string"}}],"inLanguage":"de"},{"@type":"Organization","@id":"https:\/\/store.myst.gr\/#organization","name":"MYST","url":"https:\/\/store.myst.gr\/","logo":{"@type":"ImageObject","inLanguage":"de","@id":"https:\/\/store.myst.gr\/#\/schema\/logo\/image\/","url":"https:\/\/store.myst.gr\/wp-content\/uploads\/2024\/12\/myst-logo-str.svg","contentUrl":"https:\/\/store.myst.gr\/wp-content\/uploads\/2024\/12\/myst-logo-str.svg","width":193,"height":53,"caption":"MYST"},"image":{"@id":"https:\/\/store.myst.gr\/#\/schema\/logo\/image\/"},"sameAs":["https:\/\/www.facebook.com\/mystfood","https:\/\/www.instagram.com\/mystcompany\/"]}]}},"_links":{"self":[{"href":"https:\/\/store.myst.gr\/de\/wp-json\/wp\/v2\/product\/16828","targetHints":{"allow":["GET"]}}],"collection":[{"href":"https:\/\/store.myst.gr\/de\/wp-json\/wp\/v2\/product"}],"about":[{"href":"https:\/\/store.myst.gr\/de\/wp-json\/wp\/v2\/types\/product"}],"wp:featuredmedia":[{"embeddable":true,"href":"https:\/\/store.myst.gr\/de\/wp-json\/wp\/v2\/media\/16751"}],"wp:attachment":[{"href":"https:\/\/store.myst.gr\/de\/wp-json\/wp\/v2\/media?parent=16828"}],"wp:term":[{"taxonomy":"product_cat","embeddable":true,"href":"https:\/\/store.myst.gr\/de\/wp-json\/wp\/v2\/product_cat?post=16828"},{"taxonomy":"product_tag","embeddable":true,"href":"https:\/\/store.myst.gr\/de\/wp-json\/wp\/v2\/product_tag?post=16828"}],"curies":[{"name":"wp","href":"https:\/\/api.w.org\/{rel}","templated":true}]}}