{"id":16824,"date":"2026-02-16T12:19:49","date_gmt":"2026-02-16T12:19:49","guid":{"rendered":"https:\/\/store.myst.gr\/?post_type=product&#038;p=16824"},"modified":"2026-02-24T07:46:20","modified_gmt":"2026-02-24T07:46:20","slug":"lemon-flake-salt-100g","status":"publish","type":"product","link":"https:\/\/store.myst.gr\/de\/product\/lemon-flake-salt-100g\/","title":{"rendered":"Gelbe pyramidenf\u00f6rmige Meersalzflocken (Getrocknete Zitrone)"},"content":{"rendered":"<p data-start=\"1024\" data-end=\"1330\">Gelbe Meersalzflocken mit Zitrone werden auf nat\u00fcrliche Weise mit getrockneter Zitrone verfeinert und bieten ein helles Zitrusaroma sowie einen klaren, erfrischenden Geschmack. Die nat\u00fcrliche S\u00e4ure der Zitrone verbindet sich harmonisch mit der knusprigen Textur des Salzes und sorgt f\u00fcr ein ausgewogenes und angenehmes Geschmackserlebnis.<\/p>\n<p data-start=\"1332\" data-end=\"1454\">Sie schmelzen sanft im Mund und unterstreichen die Frische der Zutaten, ohne den Geschmack zu beschweren oder zu \u00fcberdecken.<\/p>\n<p data-start=\"827\" data-end=\"908\"><strong>Ideal f\u00fcr:<\/strong> Fisch, Meeresfr\u00fcchte, Salate, Gefl\u00fcgel und leichte mediterrane Gerichte.<\/p>","protected":false},"excerpt":{"rendered":"<p>Zitrusfrische und ein erfrischendes mediterranes Finish<\/p>\n<p><strong>Kapazit\u00e4t : e 100g<\/strong><\/p>\n<p><strong>Die besten Produkte aus Griechenland direkt auf Ihren Tisch geliefert und kostenloser Versand bei Bestellungen \u00fcber 120 \u20ac innerhalb Europas.<\/strong><\/p>","protected":false},"featured_media":16722,"template":"","meta":{"_acf_changed":false,"inline_featured_image":false},"product_cat":[536,646,15],"product_tag":[323,651],"class_list":{"0":"post-16824","1":"product","2":"type-product","3":"status-publish","4":"has-post-thumbnail","6":"product_cat-herbsandspices","7":"product_cat-saltflakes","8":"product_cat-vall","9":"product_tag-cataloguejuly","10":"product_tag-retail","12":"first","13":"instock","14":"taxable","15":"shipping-taxable","16":"purchasable","17":"product-type-simple"},"acf":[],"yoast_head":"<!-- This site is optimized with the Yoast SEO plugin v27.4 - https:\/\/yoast.com\/product\/yoast-seo-wordpress\/ -->\n<title>\u039a\u03af\u03c4\u03c1\u03b9\u03bd\u03b5\u03c2 \u039d\u03b9\u03c6\u03ac\u03b4\u03b5\u03c2 \u0398\u03b1\u03bb\u03b1\u03c3\u03c3\u03b9\u03bd\u03bf\u03cd \u0391\u03bb\u03b1\u03c4\u03b9\u03bf\u03cd \u03bc\u03b5 \u039b\u03b5\u03bc\u03cc\u03bd\u03b9 - MYST<\/title>\n<meta name=\"description\" content=\"\u039b\u03b9\u03ce\u03bd\u03bf\u03c5\u03bd \u03b1\u03c0\u03b1\u03bb\u03ac \u03c3\u03c4\u03bf \u03c3\u03c4\u03cc\u03bc\u03b1 \u03ba\u03b1\u03b9 \u03b1\u03bd\u03b1\u03b4\u03b5\u03b9\u03ba\u03bd\u03cd\u03bf\u03c5\u03bd \u03c4\u03b7 \u03c6\u03c1\u03b5\u03c3\u03ba\u03ac\u03b4\u03b1 \u03c4\u03c9\u03bd \u03c5\u03bb\u03b9\u03ba\u03ce\u03bd, \u03c7\u03c9\u03c1\u03af\u03c2 \u03bd\u03b1 \u03b2\u03b1\u03c1\u03b1\u03af\u03bd\u03bf\u03c5\u03bd \u03c4\u03b7 \u03b3\u03b5\u03cd\u03c3\u03b7 \u03ae \u03bd\u03b1 \u03c4\u03b7\u03bd \u03ba\u03b1\u03bb\u03cd\u03c0\u03c4\u03bf\u03c5\u03bd. \u0399\u03b4\u03b1\u03bd\u03b9\u03ba\u03cc \u03b3\u03b9\u03b1: \u03c8\u03ac\u03c1\u03b9\u03b1, \u03b8\u03b1\u03bb\u03b1\u03c3\u03c3\u03b9\u03bd\u03ac, \u03c3\u03b1\u03bb\u03ac\u03c4\u03b5\u03c2,\" \/>\n<meta name=\"robots\" content=\"index, follow, max-snippet:-1, max-image-preview:large, max-video-preview:-1\" \/>\n<link rel=\"canonical\" href=\"https:\/\/store.myst.gr\/de\/produkt\/lemon-flake-salt-100g\/\" \/>\n<meta property=\"og:locale\" content=\"de_DE\" \/>\n<meta property=\"og:type\" content=\"article\" \/>\n<meta property=\"og:title\" content=\"\u039a\u03af\u03c4\u03c1\u03b9\u03bd\u03b5\u03c2 \u039d\u03b9\u03c6\u03ac\u03b4\u03b5\u03c2 \u0398\u03b1\u03bb\u03b1\u03c3\u03c3\u03b9\u03bd\u03bf\u03cd \u0391\u03bb\u03b1\u03c4\u03b9\u03bf\u03cd \u03bc\u03b5 \u039b\u03b5\u03bc\u03cc\u03bd\u03b9 - MYST\" \/>\n<meta property=\"og:description\" content=\"\u039b\u03b9\u03ce\u03bd\u03bf\u03c5\u03bd \u03b1\u03c0\u03b1\u03bb\u03ac \u03c3\u03c4\u03bf \u03c3\u03c4\u03cc\u03bc\u03b1 \u03ba\u03b1\u03b9 \u03b1\u03bd\u03b1\u03b4\u03b5\u03b9\u03ba\u03bd\u03cd\u03bf\u03c5\u03bd \u03c4\u03b7 \u03c6\u03c1\u03b5\u03c3\u03ba\u03ac\u03b4\u03b1 \u03c4\u03c9\u03bd \u03c5\u03bb\u03b9\u03ba\u03ce\u03bd, \u03c7\u03c9\u03c1\u03af\u03c2 \u03bd\u03b1 \u03b2\u03b1\u03c1\u03b1\u03af\u03bd\u03bf\u03c5\u03bd \u03c4\u03b7 \u03b3\u03b5\u03cd\u03c3\u03b7 \u03ae \u03bd\u03b1 \u03c4\u03b7\u03bd \u03ba\u03b1\u03bb\u03cd\u03c0\u03c4\u03bf\u03c5\u03bd. \u0399\u03b4\u03b1\u03bd\u03b9\u03ba\u03cc \u03b3\u03b9\u03b1: \u03c8\u03ac\u03c1\u03b9\u03b1, \u03b8\u03b1\u03bb\u03b1\u03c3\u03c3\u03b9\u03bd\u03ac, \u03c3\u03b1\u03bb\u03ac\u03c4\u03b5\u03c2,\" \/>\n<meta property=\"og:url\" content=\"https:\/\/store.myst.gr\/de\/produkt\/lemon-flake-salt-100g\/\" \/>\n<meta property=\"og:site_name\" content=\"MYST\" \/>\n<meta property=\"article:publisher\" content=\"https:\/\/www.facebook.com\/mystfood\" \/>\n<meta property=\"article:modified_time\" content=\"2026-02-24T07:46:20+00:00\" \/>\n<meta property=\"og:image\" content=\"https:\/\/store.myst.gr\/wp-content\/uploads\/2026\/02\/SeaSalt-Flakes-Lemon-1.jpg\" \/>\n\t<meta property=\"og:image:width\" content=\"1000\" \/>\n\t<meta property=\"og:image:height\" content=\"1000\" \/>\n\t<meta property=\"og:image:type\" content=\"image\/jpeg\" \/>\n<meta name=\"twitter:card\" content=\"summary_large_image\" \/>\n<meta name=\"twitter:label1\" content=\"Gesch\u00e4tzte Lesezeit\" \/>\n\t<meta name=\"twitter:data1\" content=\"1\u00a0Minute\" \/>\n<script type=\"application\/ld+json\" class=\"yoast-schema-graph\">{\"@context\":\"https:\\\/\\\/schema.org\",\"@graph\":[{\"@type\":\"WebPage\",\"@id\":\"https:\\\/\\\/store.myst.gr\\\/product\\\/lemon-flake-salt-100g\\\/\",\"url\":\"https:\\\/\\\/store.myst.gr\\\/product\\\/lemon-flake-salt-100g\\\/\",\"name\":\"\u039a\u03af\u03c4\u03c1\u03b9\u03bd\u03b5\u03c2 \u039d\u03b9\u03c6\u03ac\u03b4\u03b5\u03c2 \u0398\u03b1\u03bb\u03b1\u03c3\u03c3\u03b9\u03bd\u03bf\u03cd \u0391\u03bb\u03b1\u03c4\u03b9\u03bf\u03cd \u03bc\u03b5 \u039b\u03b5\u03bc\u03cc\u03bd\u03b9 - MYST\",\"isPartOf\":{\"@id\":\"https:\\\/\\\/store.myst.gr\\\/#website\"},\"primaryImageOfPage\":{\"@id\":\"https:\\\/\\\/store.myst.gr\\\/product\\\/lemon-flake-salt-100g\\\/#primaryimage\"},\"image\":{\"@id\":\"https:\\\/\\\/store.myst.gr\\\/product\\\/lemon-flake-salt-100g\\\/#primaryimage\"},\"thumbnailUrl\":\"https:\\\/\\\/store.myst.gr\\\/wp-content\\\/uploads\\\/2026\\\/02\\\/SeaSalt-Flakes-Lemon-1.jpg\",\"datePublished\":\"2026-02-16T12:19:49+00:00\",\"dateModified\":\"2026-02-24T07:46:20+00:00\",\"description\":\"\u039b\u03b9\u03ce\u03bd\u03bf\u03c5\u03bd \u03b1\u03c0\u03b1\u03bb\u03ac \u03c3\u03c4\u03bf \u03c3\u03c4\u03cc\u03bc\u03b1 \u03ba\u03b1\u03b9 \u03b1\u03bd\u03b1\u03b4\u03b5\u03b9\u03ba\u03bd\u03cd\u03bf\u03c5\u03bd \u03c4\u03b7 \u03c6\u03c1\u03b5\u03c3\u03ba\u03ac\u03b4\u03b1 \u03c4\u03c9\u03bd \u03c5\u03bb\u03b9\u03ba\u03ce\u03bd, \u03c7\u03c9\u03c1\u03af\u03c2 \u03bd\u03b1 \u03b2\u03b1\u03c1\u03b1\u03af\u03bd\u03bf\u03c5\u03bd \u03c4\u03b7 \u03b3\u03b5\u03cd\u03c3\u03b7 \u03ae \u03bd\u03b1 \u03c4\u03b7\u03bd \u03ba\u03b1\u03bb\u03cd\u03c0\u03c4\u03bf\u03c5\u03bd. \u0399\u03b4\u03b1\u03bd\u03b9\u03ba\u03cc \u03b3\u03b9\u03b1: \u03c8\u03ac\u03c1\u03b9\u03b1, \u03b8\u03b1\u03bb\u03b1\u03c3\u03c3\u03b9\u03bd\u03ac, \u03c3\u03b1\u03bb\u03ac\u03c4\u03b5\u03c2,\",\"breadcrumb\":{\"@id\":\"https:\\\/\\\/store.myst.gr\\\/product\\\/lemon-flake-salt-100g\\\/#breadcrumb\"},\"inLanguage\":\"de\",\"potentialAction\":[{\"@type\":\"ReadAction\",\"target\":[\"https:\\\/\\\/store.myst.gr\\\/product\\\/lemon-flake-salt-100g\\\/\"]}]},{\"@type\":\"ImageObject\",\"inLanguage\":\"de\",\"@id\":\"https:\\\/\\\/store.myst.gr\\\/product\\\/lemon-flake-salt-100g\\\/#primaryimage\",\"url\":\"https:\\\/\\\/store.myst.gr\\\/wp-content\\\/uploads\\\/2026\\\/02\\\/SeaSalt-Flakes-Lemon-1.jpg\",\"contentUrl\":\"https:\\\/\\\/store.myst.gr\\\/wp-content\\\/uploads\\\/2026\\\/02\\\/SeaSalt-Flakes-Lemon-1.jpg\",\"width\":1000,\"height\":1000},{\"@type\":\"BreadcrumbList\",\"@id\":\"https:\\\/\\\/store.myst.gr\\\/product\\\/lemon-flake-salt-100g\\\/#breadcrumb\",\"itemListElement\":[{\"@type\":\"ListItem\",\"position\":1,\"name\":\"Home\",\"item\":\"https:\\\/\\\/store.myst.gr\\\/\"},{\"@type\":\"ListItem\",\"position\":2,\"name\":\"Shop\",\"item\":\"https:\\\/\\\/store.myst.gr\\\/\"},{\"@type\":\"ListItem\",\"position\":3,\"name\":\"\u039a\u03af\u03c4\u03c1\u03b9\u03bd\u03b5\u03c2 \u039d\u03b9\u03c6\u03ac\u03b4\u03b5\u03c2 \u0398\u03b1\u03bb\u03b1\u03c3\u03c3\u03b9\u03bd\u03bf\u03cd \u0391\u03bb\u03b1\u03c4\u03b9\u03bf\u03cd \u03bc\u03b5 \u039b\u03b5\u03bc\u03cc\u03bd\u03b9\"}]},{\"@type\":\"WebSite\",\"@id\":\"https:\\\/\\\/store.myst.gr\\\/#website\",\"url\":\"https:\\\/\\\/store.myst.gr\\\/\",\"name\":\"Myst\",\"description\":\"\u0391\u03bd\u03b1\u03ba\u03b1\u03bb\u03cd\u03c8\u03c4\u03b5 \u03c4\u03b9\u03c2 \u03b3\u03b5\u03cd\u03c3\u03b5\u03b9\u03c2 \u03c4\u03b7\u03c2 \u0395\u03bb\u03bb\u03ac\u03b4\u03b1\u03c2\",\"publisher\":{\"@id\":\"https:\\\/\\\/store.myst.gr\\\/#organization\"},\"potentialAction\":[{\"@type\":\"SearchAction\",\"target\":{\"@type\":\"EntryPoint\",\"urlTemplate\":\"https:\\\/\\\/store.myst.gr\\\/?s={search_term_string}\"},\"query-input\":{\"@type\":\"PropertyValueSpecification\",\"valueRequired\":true,\"valueName\":\"search_term_string\"}}],\"inLanguage\":\"de\"},{\"@type\":\"Organization\",\"@id\":\"https:\\\/\\\/store.myst.gr\\\/#organization\",\"name\":\"MYST\",\"url\":\"https:\\\/\\\/store.myst.gr\\\/\",\"logo\":{\"@type\":\"ImageObject\",\"inLanguage\":\"de\",\"@id\":\"https:\\\/\\\/store.myst.gr\\\/#\\\/schema\\\/logo\\\/image\\\/\",\"url\":\"https:\\\/\\\/store.myst.gr\\\/wp-content\\\/uploads\\\/2024\\\/12\\\/myst-logo-str.svg\",\"contentUrl\":\"https:\\\/\\\/store.myst.gr\\\/wp-content\\\/uploads\\\/2024\\\/12\\\/myst-logo-str.svg\",\"width\":193,\"height\":53,\"caption\":\"MYST\"},\"image\":{\"@id\":\"https:\\\/\\\/store.myst.gr\\\/#\\\/schema\\\/logo\\\/image\\\/\"},\"sameAs\":[\"https:\\\/\\\/www.facebook.com\\\/mystfood\",\"https:\\\/\\\/www.instagram.com\\\/mystcompany\\\/\"]}]}<\/script>\n<!-- \/ Yoast SEO plugin. -->","yoast_head_json":{"title":"\u039a\u03af\u03c4\u03c1\u03b9\u03bd\u03b5\u03c2 \u039d\u03b9\u03c6\u03ac\u03b4\u03b5\u03c2 \u0398\u03b1\u03bb\u03b1\u03c3\u03c3\u03b9\u03bd\u03bf\u03cd \u0391\u03bb\u03b1\u03c4\u03b9\u03bf\u03cd \u03bc\u03b5 \u039b\u03b5\u03bc\u03cc\u03bd\u03b9 - MYST","description":"\u039b\u03b9\u03ce\u03bd\u03bf\u03c5\u03bd \u03b1\u03c0\u03b1\u03bb\u03ac \u03c3\u03c4\u03bf \u03c3\u03c4\u03cc\u03bc\u03b1 \u03ba\u03b1\u03b9 \u03b1\u03bd\u03b1\u03b4\u03b5\u03b9\u03ba\u03bd\u03cd\u03bf\u03c5\u03bd \u03c4\u03b7 \u03c6\u03c1\u03b5\u03c3\u03ba\u03ac\u03b4\u03b1 \u03c4\u03c9\u03bd \u03c5\u03bb\u03b9\u03ba\u03ce\u03bd, \u03c7\u03c9\u03c1\u03af\u03c2 \u03bd\u03b1 \u03b2\u03b1\u03c1\u03b1\u03af\u03bd\u03bf\u03c5\u03bd \u03c4\u03b7 \u03b3\u03b5\u03cd\u03c3\u03b7 \u03ae \u03bd\u03b1 \u03c4\u03b7\u03bd \u03ba\u03b1\u03bb\u03cd\u03c0\u03c4\u03bf\u03c5\u03bd. \u0399\u03b4\u03b1\u03bd\u03b9\u03ba\u03cc \u03b3\u03b9\u03b1: \u03c8\u03ac\u03c1\u03b9\u03b1, \u03b8\u03b1\u03bb\u03b1\u03c3\u03c3\u03b9\u03bd\u03ac, \u03c3\u03b1\u03bb\u03ac\u03c4\u03b5\u03c2,","robots":{"index":"index","follow":"follow","max-snippet":"max-snippet:-1","max-image-preview":"max-image-preview:large","max-video-preview":"max-video-preview:-1"},"canonical":"https:\/\/store.myst.gr\/de\/produkt\/lemon-flake-salt-100g\/","og_locale":"de_DE","og_type":"article","og_title":"\u039a\u03af\u03c4\u03c1\u03b9\u03bd\u03b5\u03c2 \u039d\u03b9\u03c6\u03ac\u03b4\u03b5\u03c2 \u0398\u03b1\u03bb\u03b1\u03c3\u03c3\u03b9\u03bd\u03bf\u03cd \u0391\u03bb\u03b1\u03c4\u03b9\u03bf\u03cd \u03bc\u03b5 \u039b\u03b5\u03bc\u03cc\u03bd\u03b9 - MYST","og_description":"\u039b\u03b9\u03ce\u03bd\u03bf\u03c5\u03bd \u03b1\u03c0\u03b1\u03bb\u03ac \u03c3\u03c4\u03bf \u03c3\u03c4\u03cc\u03bc\u03b1 \u03ba\u03b1\u03b9 \u03b1\u03bd\u03b1\u03b4\u03b5\u03b9\u03ba\u03bd\u03cd\u03bf\u03c5\u03bd \u03c4\u03b7 \u03c6\u03c1\u03b5\u03c3\u03ba\u03ac\u03b4\u03b1 \u03c4\u03c9\u03bd \u03c5\u03bb\u03b9\u03ba\u03ce\u03bd, \u03c7\u03c9\u03c1\u03af\u03c2 \u03bd\u03b1 \u03b2\u03b1\u03c1\u03b1\u03af\u03bd\u03bf\u03c5\u03bd \u03c4\u03b7 \u03b3\u03b5\u03cd\u03c3\u03b7 \u03ae \u03bd\u03b1 \u03c4\u03b7\u03bd \u03ba\u03b1\u03bb\u03cd\u03c0\u03c4\u03bf\u03c5\u03bd. \u0399\u03b4\u03b1\u03bd\u03b9\u03ba\u03cc \u03b3\u03b9\u03b1: \u03c8\u03ac\u03c1\u03b9\u03b1, \u03b8\u03b1\u03bb\u03b1\u03c3\u03c3\u03b9\u03bd\u03ac, \u03c3\u03b1\u03bb\u03ac\u03c4\u03b5\u03c2,","og_url":"https:\/\/store.myst.gr\/de\/produkt\/lemon-flake-salt-100g\/","og_site_name":"MYST","article_publisher":"https:\/\/www.facebook.com\/mystfood","article_modified_time":"2026-02-24T07:46:20+00:00","og_image":[{"width":1000,"height":1000,"url":"https:\/\/store.myst.gr\/wp-content\/uploads\/2026\/02\/SeaSalt-Flakes-Lemon-1.jpg","type":"image\/jpeg"}],"twitter_card":"summary_large_image","twitter_misc":{"Gesch\u00e4tzte Lesezeit":"1\u00a0Minute"},"schema":{"@context":"https:\/\/schema.org","@graph":[{"@type":"WebPage","@id":"https:\/\/store.myst.gr\/product\/lemon-flake-salt-100g\/","url":"https:\/\/store.myst.gr\/product\/lemon-flake-salt-100g\/","name":"\u039a\u03af\u03c4\u03c1\u03b9\u03bd\u03b5\u03c2 \u039d\u03b9\u03c6\u03ac\u03b4\u03b5\u03c2 \u0398\u03b1\u03bb\u03b1\u03c3\u03c3\u03b9\u03bd\u03bf\u03cd \u0391\u03bb\u03b1\u03c4\u03b9\u03bf\u03cd \u03bc\u03b5 \u039b\u03b5\u03bc\u03cc\u03bd\u03b9 - MYST","isPartOf":{"@id":"https:\/\/store.myst.gr\/#website"},"primaryImageOfPage":{"@id":"https:\/\/store.myst.gr\/product\/lemon-flake-salt-100g\/#primaryimage"},"image":{"@id":"https:\/\/store.myst.gr\/product\/lemon-flake-salt-100g\/#primaryimage"},"thumbnailUrl":"https:\/\/store.myst.gr\/wp-content\/uploads\/2026\/02\/SeaSalt-Flakes-Lemon-1.jpg","datePublished":"2026-02-16T12:19:49+00:00","dateModified":"2026-02-24T07:46:20+00:00","description":"\u039b\u03b9\u03ce\u03bd\u03bf\u03c5\u03bd \u03b1\u03c0\u03b1\u03bb\u03ac \u03c3\u03c4\u03bf \u03c3\u03c4\u03cc\u03bc\u03b1 \u03ba\u03b1\u03b9 \u03b1\u03bd\u03b1\u03b4\u03b5\u03b9\u03ba\u03bd\u03cd\u03bf\u03c5\u03bd \u03c4\u03b7 \u03c6\u03c1\u03b5\u03c3\u03ba\u03ac\u03b4\u03b1 \u03c4\u03c9\u03bd \u03c5\u03bb\u03b9\u03ba\u03ce\u03bd, \u03c7\u03c9\u03c1\u03af\u03c2 \u03bd\u03b1 \u03b2\u03b1\u03c1\u03b1\u03af\u03bd\u03bf\u03c5\u03bd \u03c4\u03b7 \u03b3\u03b5\u03cd\u03c3\u03b7 \u03ae \u03bd\u03b1 \u03c4\u03b7\u03bd \u03ba\u03b1\u03bb\u03cd\u03c0\u03c4\u03bf\u03c5\u03bd. \u0399\u03b4\u03b1\u03bd\u03b9\u03ba\u03cc \u03b3\u03b9\u03b1: \u03c8\u03ac\u03c1\u03b9\u03b1, \u03b8\u03b1\u03bb\u03b1\u03c3\u03c3\u03b9\u03bd\u03ac, \u03c3\u03b1\u03bb\u03ac\u03c4\u03b5\u03c2,","breadcrumb":{"@id":"https:\/\/store.myst.gr\/product\/lemon-flake-salt-100g\/#breadcrumb"},"inLanguage":"de","potentialAction":[{"@type":"ReadAction","target":["https:\/\/store.myst.gr\/product\/lemon-flake-salt-100g\/"]}]},{"@type":"ImageObject","inLanguage":"de","@id":"https:\/\/store.myst.gr\/product\/lemon-flake-salt-100g\/#primaryimage","url":"https:\/\/store.myst.gr\/wp-content\/uploads\/2026\/02\/SeaSalt-Flakes-Lemon-1.jpg","contentUrl":"https:\/\/store.myst.gr\/wp-content\/uploads\/2026\/02\/SeaSalt-Flakes-Lemon-1.jpg","width":1000,"height":1000},{"@type":"BreadcrumbList","@id":"https:\/\/store.myst.gr\/product\/lemon-flake-salt-100g\/#breadcrumb","itemListElement":[{"@type":"ListItem","position":1,"name":"Home","item":"https:\/\/store.myst.gr\/"},{"@type":"ListItem","position":2,"name":"Shop","item":"https:\/\/store.myst.gr\/"},{"@type":"ListItem","position":3,"name":"\u039a\u03af\u03c4\u03c1\u03b9\u03bd\u03b5\u03c2 \u039d\u03b9\u03c6\u03ac\u03b4\u03b5\u03c2 \u0398\u03b1\u03bb\u03b1\u03c3\u03c3\u03b9\u03bd\u03bf\u03cd \u0391\u03bb\u03b1\u03c4\u03b9\u03bf\u03cd \u03bc\u03b5 \u039b\u03b5\u03bc\u03cc\u03bd\u03b9"}]},{"@type":"WebSite","@id":"https:\/\/store.myst.gr\/#website","url":"https:\/\/store.myst.gr\/","name":"Myst","description":"\u0391\u03bd\u03b1\u03ba\u03b1\u03bb\u03cd\u03c8\u03c4\u03b5 \u03c4\u03b9\u03c2 \u03b3\u03b5\u03cd\u03c3\u03b5\u03b9\u03c2 \u03c4\u03b7\u03c2 \u0395\u03bb\u03bb\u03ac\u03b4\u03b1\u03c2","publisher":{"@id":"https:\/\/store.myst.gr\/#organization"},"potentialAction":[{"@type":"SearchAction","target":{"@type":"EntryPoint","urlTemplate":"https:\/\/store.myst.gr\/?s={search_term_string}"},"query-input":{"@type":"PropertyValueSpecification","valueRequired":true,"valueName":"search_term_string"}}],"inLanguage":"de"},{"@type":"Organization","@id":"https:\/\/store.myst.gr\/#organization","name":"MYST","url":"https:\/\/store.myst.gr\/","logo":{"@type":"ImageObject","inLanguage":"de","@id":"https:\/\/store.myst.gr\/#\/schema\/logo\/image\/","url":"https:\/\/store.myst.gr\/wp-content\/uploads\/2024\/12\/myst-logo-str.svg","contentUrl":"https:\/\/store.myst.gr\/wp-content\/uploads\/2024\/12\/myst-logo-str.svg","width":193,"height":53,"caption":"MYST"},"image":{"@id":"https:\/\/store.myst.gr\/#\/schema\/logo\/image\/"},"sameAs":["https:\/\/www.facebook.com\/mystfood","https:\/\/www.instagram.com\/mystcompany\/"]}]}},"_links":{"self":[{"href":"https:\/\/store.myst.gr\/de\/wp-json\/wp\/v2\/product\/16824","targetHints":{"allow":["GET"]}}],"collection":[{"href":"https:\/\/store.myst.gr\/de\/wp-json\/wp\/v2\/product"}],"about":[{"href":"https:\/\/store.myst.gr\/de\/wp-json\/wp\/v2\/types\/product"}],"wp:featuredmedia":[{"embeddable":true,"href":"https:\/\/store.myst.gr\/de\/wp-json\/wp\/v2\/media\/16722"}],"wp:attachment":[{"href":"https:\/\/store.myst.gr\/de\/wp-json\/wp\/v2\/media?parent=16824"}],"wp:term":[{"taxonomy":"product_cat","embeddable":true,"href":"https:\/\/store.myst.gr\/de\/wp-json\/wp\/v2\/product_cat?post=16824"},{"taxonomy":"product_tag","embeddable":true,"href":"https:\/\/store.myst.gr\/de\/wp-json\/wp\/v2\/product_tag?post=16824"}],"curies":[{"name":"wp","href":"https:\/\/api.w.org\/{rel}","templated":true}]}}