{"id":16222,"date":"2020-02-05T11:02:27","date_gmt":"2020-02-05T11:02:27","guid":{"rendered":"https:\/\/store.myst.gr\/?post_type=product&#038;p=16222"},"modified":"2026-03-02T13:06:15","modified_gmt":"2026-03-02T13:06:15","slug":"bbq-500g","status":"publish","type":"product","link":"https:\/\/store.myst.gr\/de\/product\/bbq-500g\/","title":{"rendered":"BBQ Gew\u00fcrzmischung \u2013 500g"},"content":{"rendered":"<p><span class=\"s1\">Unsere Hauptt\u00e4tigkeit besteht in der Herstellung von Spezialmischungen, die kulinarisch und ern\u00e4hrungsphysiologisch von hohem Wert sind, f\u00fcr die gesamte griechische K\u00fcche.<\/span><\/p>\n<p><strong>Zutaten :<\/strong> S\u00fc\u00dfes und ger\u00e4uchertes Paprikapulver, Zucker (22 %), Salz (12 %), Knoblauch, Zwiebeln, schwarzer Pfeffer<\/p>\n<p class=\"p1\"><strong><span class=\"s1\">Deklaration von Allergenen<\/span><\/strong><\/p>\n<p class=\"p1\"><span class=\"s1\">Wir verstehen die Bedeutung von Nahrungsmittelallergien und Nahrungs-empfindlichkeiten und werden diese Zutaten immer auf unserem Etikett in den Angaben aller Zutaten bekanntgeben - sie werden niemals unter den Worten \"Gew\u00fcrze\" oder \"nat\u00fcrliche Aromen\" versteckt:<\/span><\/p>","protected":false},"excerpt":{"rendered":"<p>Reiben oder streuen Sie die BBQ-Mischung mindestens eine Stunde vor dem Garen in der Pfanne oder dem Grillen \u00fcber Ihr Fleisch.<\/p>\n<p><strong>Nettof\u00fcllmenge: e 500g<\/strong><\/p>\n<p><strong>Die besten Produkte aus Griechenland direkt auf Ihren Tisch geliefert und kostenloser Versand bei Bestellungen \u00fcber 120 \u20ac innerhalb Europas.<\/strong><\/p>","protected":false},"featured_media":16189,"template":"","meta":{"_acf_changed":false,"inline_featured_image":false},"product_cat":[634,637,626,15],"product_tag":[323,642,643],"class_list":{"0":"post-16222","1":"product","2":"type-product","3":"status-publish","4":"has-post-thumbnail","6":"product_cat-horeca","7":"product_cat-horeca-seasonings","8":"product_cat-seasonings","9":"product_cat-vall","10":"product_tag-cataloguejuly","11":"product_tag-horeca","12":"product_tag-seasonings","14":"first","15":"instock","16":"taxable","17":"shipping-taxable","18":"purchasable","19":"product-type-simple"},"acf":[],"yoast_head":"<!-- This site is optimized with the Yoast SEO plugin v27.5 - https:\/\/yoast.com\/product\/yoast-seo-wordpress\/ -->\n<title>\u039c\u03b5\u03af\u03b3\u03bc\u03b1 \u03b3\u03b9\u03b1 BBQ - 500g<\/title>\n<meta name=\"description\" content=\"\u03a4\u03c1\u03af\u03c8\u03c4\u03b5 \u03ae \u03c0\u03b1\u03c3\u03c0\u03b1\u03bb\u03af\u03c3\u03c4\u03b5 \u03c4\u03bf \u03bc\u03b5\u03af\u03b3\u03bc\u03b1 BBQ \u03c0\u03ac\u03bd\u03c9 \u03b1\u03c0\u03cc \u03c4\u03bf \u03ba\u03c1\u03ad\u03b1\u03c2 \u03c3\u03b1\u03c2 \u03c4\u03bf\u03c5\u03bb\u03ac\u03c7\u03b9\u03c3\u03c4\u03bf\u03bd \u03bc\u03af\u03b1 \u03ce\u03c1\u03b1 \u03c0\u03c1\u03b9\u03bd \u03c4\u03bf \u03c8\u03ae\u03c3\u03b5\u03c4\u03b5 \u03c3\u03c4\u03bf \u03c4\u03b7\u03b3\u03ac\u03bd\u03b9 \u03ae \u03c4\u03bf \u03c8\u03ae\u03c3\u03b5\u03c4\u03b5 \u03c3\u03c4\u03b7 \u03c3\u03c7\u03ac\u03c1\u03b1 \u03c3\u03c4\u03bf \u03bc\u03c0\u03ac\u03c1\u03bc\u03c0\u03b5\u03ba\u03b9\u03bf\u03c5.\" \/>\n<meta name=\"robots\" content=\"index, follow, max-snippet:-1, max-image-preview:large, max-video-preview:-1\" \/>\n<link rel=\"canonical\" href=\"https:\/\/store.myst.gr\/de\/produkt\/bbq-500g\/\" \/>\n<meta property=\"og:locale\" content=\"de_DE\" \/>\n<meta property=\"og:type\" content=\"article\" \/>\n<meta property=\"og:title\" content=\"\u039c\u03b5\u03af\u03b3\u03bc\u03b1 \u03b3\u03b9\u03b1 BBQ - 500g\" \/>\n<meta property=\"og:description\" content=\"\u03a4\u03c1\u03af\u03c8\u03c4\u03b5 \u03ae \u03c0\u03b1\u03c3\u03c0\u03b1\u03bb\u03af\u03c3\u03c4\u03b5 \u03c4\u03bf \u03bc\u03b5\u03af\u03b3\u03bc\u03b1 BBQ \u03c0\u03ac\u03bd\u03c9 \u03b1\u03c0\u03cc \u03c4\u03bf \u03ba\u03c1\u03ad\u03b1\u03c2 \u03c3\u03b1\u03c2 \u03c4\u03bf\u03c5\u03bb\u03ac\u03c7\u03b9\u03c3\u03c4\u03bf\u03bd \u03bc\u03af\u03b1 \u03ce\u03c1\u03b1 \u03c0\u03c1\u03b9\u03bd \u03c4\u03bf \u03c8\u03ae\u03c3\u03b5\u03c4\u03b5 \u03c3\u03c4\u03bf \u03c4\u03b7\u03b3\u03ac\u03bd\u03b9 \u03ae \u03c4\u03bf \u03c8\u03ae\u03c3\u03b5\u03c4\u03b5 \u03c3\u03c4\u03b7 \u03c3\u03c7\u03ac\u03c1\u03b1 \u03c3\u03c4\u03bf \u03bc\u03c0\u03ac\u03c1\u03bc\u03c0\u03b5\u03ba\u03b9\u03bf\u03c5.\" \/>\n<meta property=\"og:url\" content=\"https:\/\/store.myst.gr\/de\/produkt\/bbq-500g\/\" \/>\n<meta property=\"og:site_name\" content=\"MYST\" \/>\n<meta property=\"article:publisher\" content=\"https:\/\/www.facebook.com\/mystfood\" \/>\n<meta property=\"article:modified_time\" content=\"2026-03-02T13:06:15+00:00\" \/>\n<meta property=\"og:image\" content=\"https:\/\/store.myst.gr\/wp-content\/uploads\/2026\/02\/6-BBQ.jpg\" \/>\n\t<meta property=\"og:image:width\" content=\"1000\" \/>\n\t<meta property=\"og:image:height\" content=\"889\" \/>\n\t<meta property=\"og:image:type\" content=\"image\/jpeg\" \/>\n<meta name=\"twitter:card\" content=\"summary_large_image\" \/>\n<meta name=\"twitter:label1\" content=\"Gesch\u00e4tzte Lesezeit\" \/>\n\t<meta name=\"twitter:data1\" content=\"1\u00a0Minute\" \/>\n<script type=\"application\/ld+json\" class=\"yoast-schema-graph\">{\"@context\":\"https:\\\/\\\/schema.org\",\"@graph\":[{\"@type\":\"WebPage\",\"@id\":\"https:\\\/\\\/store.myst.gr\\\/product\\\/bbq-500g\\\/\",\"url\":\"https:\\\/\\\/store.myst.gr\\\/product\\\/bbq-500g\\\/\",\"name\":\"\u039c\u03b5\u03af\u03b3\u03bc\u03b1 \u03b3\u03b9\u03b1 BBQ - 500g\",\"isPartOf\":{\"@id\":\"https:\\\/\\\/store.myst.gr\\\/#website\"},\"primaryImageOfPage\":{\"@id\":\"https:\\\/\\\/store.myst.gr\\\/product\\\/bbq-500g\\\/#primaryimage\"},\"image\":{\"@id\":\"https:\\\/\\\/store.myst.gr\\\/product\\\/bbq-500g\\\/#primaryimage\"},\"thumbnailUrl\":\"https:\\\/\\\/store.myst.gr\\\/wp-content\\\/uploads\\\/2026\\\/02\\\/6-BBQ.jpg\",\"datePublished\":\"2020-02-05T11:02:27+00:00\",\"dateModified\":\"2026-03-02T13:06:15+00:00\",\"description\":\"\u03a4\u03c1\u03af\u03c8\u03c4\u03b5 \u03ae \u03c0\u03b1\u03c3\u03c0\u03b1\u03bb\u03af\u03c3\u03c4\u03b5 \u03c4\u03bf \u03bc\u03b5\u03af\u03b3\u03bc\u03b1 BBQ \u03c0\u03ac\u03bd\u03c9 \u03b1\u03c0\u03cc \u03c4\u03bf \u03ba\u03c1\u03ad\u03b1\u03c2 \u03c3\u03b1\u03c2 \u03c4\u03bf\u03c5\u03bb\u03ac\u03c7\u03b9\u03c3\u03c4\u03bf\u03bd \u03bc\u03af\u03b1 \u03ce\u03c1\u03b1 \u03c0\u03c1\u03b9\u03bd \u03c4\u03bf \u03c8\u03ae\u03c3\u03b5\u03c4\u03b5 \u03c3\u03c4\u03bf \u03c4\u03b7\u03b3\u03ac\u03bd\u03b9 \u03ae \u03c4\u03bf \u03c8\u03ae\u03c3\u03b5\u03c4\u03b5 \u03c3\u03c4\u03b7 \u03c3\u03c7\u03ac\u03c1\u03b1 \u03c3\u03c4\u03bf \u03bc\u03c0\u03ac\u03c1\u03bc\u03c0\u03b5\u03ba\u03b9\u03bf\u03c5.\",\"breadcrumb\":{\"@id\":\"https:\\\/\\\/store.myst.gr\\\/product\\\/bbq-500g\\\/#breadcrumb\"},\"inLanguage\":\"de\",\"potentialAction\":[{\"@type\":\"ReadAction\",\"target\":[\"https:\\\/\\\/store.myst.gr\\\/product\\\/bbq-500g\\\/\"]}]},{\"@type\":\"ImageObject\",\"inLanguage\":\"de\",\"@id\":\"https:\\\/\\\/store.myst.gr\\\/product\\\/bbq-500g\\\/#primaryimage\",\"url\":\"https:\\\/\\\/store.myst.gr\\\/wp-content\\\/uploads\\\/2026\\\/02\\\/6-BBQ.jpg\",\"contentUrl\":\"https:\\\/\\\/store.myst.gr\\\/wp-content\\\/uploads\\\/2026\\\/02\\\/6-BBQ.jpg\",\"width\":1000,\"height\":889},{\"@type\":\"BreadcrumbList\",\"@id\":\"https:\\\/\\\/store.myst.gr\\\/product\\\/bbq-500g\\\/#breadcrumb\",\"itemListElement\":[{\"@type\":\"ListItem\",\"position\":1,\"name\":\"Home\",\"item\":\"https:\\\/\\\/store.myst.gr\\\/\"},{\"@type\":\"ListItem\",\"position\":2,\"name\":\"Shop\",\"item\":\"https:\\\/\\\/store.myst.gr\\\/\"},{\"@type\":\"ListItem\",\"position\":3,\"name\":\"\u039c\u03b5\u03af\u03b3\u03bc\u03b1 \u03b3\u03b9\u03b1 BBQ &#8211; 500g\"}]},{\"@type\":\"WebSite\",\"@id\":\"https:\\\/\\\/store.myst.gr\\\/#website\",\"url\":\"https:\\\/\\\/store.myst.gr\\\/\",\"name\":\"Myst\",\"description\":\"\u0391\u03bd\u03b1\u03ba\u03b1\u03bb\u03cd\u03c8\u03c4\u03b5 \u03c4\u03b9\u03c2 \u03b3\u03b5\u03cd\u03c3\u03b5\u03b9\u03c2 \u03c4\u03b7\u03c2 \u0395\u03bb\u03bb\u03ac\u03b4\u03b1\u03c2\",\"publisher\":{\"@id\":\"https:\\\/\\\/store.myst.gr\\\/#organization\"},\"potentialAction\":[{\"@type\":\"SearchAction\",\"target\":{\"@type\":\"EntryPoint\",\"urlTemplate\":\"https:\\\/\\\/store.myst.gr\\\/?s={search_term_string}\"},\"query-input\":{\"@type\":\"PropertyValueSpecification\",\"valueRequired\":true,\"valueName\":\"search_term_string\"}}],\"inLanguage\":\"de\"},{\"@type\":\"Organization\",\"@id\":\"https:\\\/\\\/store.myst.gr\\\/#organization\",\"name\":\"MYST\",\"url\":\"https:\\\/\\\/store.myst.gr\\\/\",\"logo\":{\"@type\":\"ImageObject\",\"inLanguage\":\"de\",\"@id\":\"https:\\\/\\\/store.myst.gr\\\/#\\\/schema\\\/logo\\\/image\\\/\",\"url\":\"https:\\\/\\\/store.myst.gr\\\/wp-content\\\/uploads\\\/2024\\\/12\\\/myst-logo-str.svg\",\"contentUrl\":\"https:\\\/\\\/store.myst.gr\\\/wp-content\\\/uploads\\\/2024\\\/12\\\/myst-logo-str.svg\",\"width\":193,\"height\":53,\"caption\":\"MYST\"},\"image\":{\"@id\":\"https:\\\/\\\/store.myst.gr\\\/#\\\/schema\\\/logo\\\/image\\\/\"},\"sameAs\":[\"https:\\\/\\\/www.facebook.com\\\/mystfood\",\"https:\\\/\\\/www.instagram.com\\\/mystcompany\\\/\"]}]}<\/script>\n<!-- \/ Yoast SEO plugin. -->","yoast_head_json":{"title":"\u039c\u03b5\u03af\u03b3\u03bc\u03b1 \u03b3\u03b9\u03b1 BBQ - 500g","description":"Reiben oder streuen Sie die BBQ-Mischung mindestens eine Stunde vor dem Garen in der Pfanne oder dem Grillen \u00fcber Ihr Fleisch.","robots":{"index":"index","follow":"follow","max-snippet":"max-snippet:-1","max-image-preview":"max-image-preview:large","max-video-preview":"max-video-preview:-1"},"canonical":"https:\/\/store.myst.gr\/de\/produkt\/bbq-500g\/","og_locale":"de_DE","og_type":"article","og_title":"\u039c\u03b5\u03af\u03b3\u03bc\u03b1 \u03b3\u03b9\u03b1 BBQ - 500g","og_description":"\u03a4\u03c1\u03af\u03c8\u03c4\u03b5 \u03ae \u03c0\u03b1\u03c3\u03c0\u03b1\u03bb\u03af\u03c3\u03c4\u03b5 \u03c4\u03bf \u03bc\u03b5\u03af\u03b3\u03bc\u03b1 BBQ \u03c0\u03ac\u03bd\u03c9 \u03b1\u03c0\u03cc \u03c4\u03bf \u03ba\u03c1\u03ad\u03b1\u03c2 \u03c3\u03b1\u03c2 \u03c4\u03bf\u03c5\u03bb\u03ac\u03c7\u03b9\u03c3\u03c4\u03bf\u03bd \u03bc\u03af\u03b1 \u03ce\u03c1\u03b1 \u03c0\u03c1\u03b9\u03bd \u03c4\u03bf \u03c8\u03ae\u03c3\u03b5\u03c4\u03b5 \u03c3\u03c4\u03bf \u03c4\u03b7\u03b3\u03ac\u03bd\u03b9 \u03ae \u03c4\u03bf \u03c8\u03ae\u03c3\u03b5\u03c4\u03b5 \u03c3\u03c4\u03b7 \u03c3\u03c7\u03ac\u03c1\u03b1 \u03c3\u03c4\u03bf \u03bc\u03c0\u03ac\u03c1\u03bc\u03c0\u03b5\u03ba\u03b9\u03bf\u03c5.","og_url":"https:\/\/store.myst.gr\/de\/produkt\/bbq-500g\/","og_site_name":"MYST","article_publisher":"https:\/\/www.facebook.com\/mystfood","article_modified_time":"2026-03-02T13:06:15+00:00","og_image":[{"width":1000,"height":889,"url":"https:\/\/store.myst.gr\/wp-content\/uploads\/2026\/02\/6-BBQ.jpg","type":"image\/jpeg"}],"twitter_card":"summary_large_image","twitter_misc":{"Gesch\u00e4tzte Lesezeit":"1\u00a0Minute"},"schema":{"@context":"https:\/\/schema.org","@graph":[{"@type":"WebPage","@id":"https:\/\/store.myst.gr\/product\/bbq-500g\/","url":"https:\/\/store.myst.gr\/product\/bbq-500g\/","name":"\u039c\u03b5\u03af\u03b3\u03bc\u03b1 \u03b3\u03b9\u03b1 BBQ - 500g","isPartOf":{"@id":"https:\/\/store.myst.gr\/#website"},"primaryImageOfPage":{"@id":"https:\/\/store.myst.gr\/product\/bbq-500g\/#primaryimage"},"image":{"@id":"https:\/\/store.myst.gr\/product\/bbq-500g\/#primaryimage"},"thumbnailUrl":"https:\/\/store.myst.gr\/wp-content\/uploads\/2026\/02\/6-BBQ.jpg","datePublished":"2020-02-05T11:02:27+00:00","dateModified":"2026-03-02T13:06:15+00:00","description":"Reiben oder streuen Sie die BBQ-Mischung mindestens eine Stunde vor dem Garen in der Pfanne oder dem Grillen \u00fcber Ihr Fleisch.","breadcrumb":{"@id":"https:\/\/store.myst.gr\/product\/bbq-500g\/#breadcrumb"},"inLanguage":"de","potentialAction":[{"@type":"ReadAction","target":["https:\/\/store.myst.gr\/product\/bbq-500g\/"]}]},{"@type":"ImageObject","inLanguage":"de","@id":"https:\/\/store.myst.gr\/product\/bbq-500g\/#primaryimage","url":"https:\/\/store.myst.gr\/wp-content\/uploads\/2026\/02\/6-BBQ.jpg","contentUrl":"https:\/\/store.myst.gr\/wp-content\/uploads\/2026\/02\/6-BBQ.jpg","width":1000,"height":889},{"@type":"BreadcrumbList","@id":"https:\/\/store.myst.gr\/product\/bbq-500g\/#breadcrumb","itemListElement":[{"@type":"ListItem","position":1,"name":"Home","item":"https:\/\/store.myst.gr\/"},{"@type":"ListItem","position":2,"name":"Shop","item":"https:\/\/store.myst.gr\/"},{"@type":"ListItem","position":3,"name":"\u039c\u03b5\u03af\u03b3\u03bc\u03b1 \u03b3\u03b9\u03b1 BBQ &#8211; 500g"}]},{"@type":"WebSite","@id":"https:\/\/store.myst.gr\/#website","url":"https:\/\/store.myst.gr\/","name":"Myst","description":"\u0391\u03bd\u03b1\u03ba\u03b1\u03bb\u03cd\u03c8\u03c4\u03b5 \u03c4\u03b9\u03c2 \u03b3\u03b5\u03cd\u03c3\u03b5\u03b9\u03c2 \u03c4\u03b7\u03c2 \u0395\u03bb\u03bb\u03ac\u03b4\u03b1\u03c2","publisher":{"@id":"https:\/\/store.myst.gr\/#organization"},"potentialAction":[{"@type":"SearchAction","target":{"@type":"EntryPoint","urlTemplate":"https:\/\/store.myst.gr\/?s={search_term_string}"},"query-input":{"@type":"PropertyValueSpecification","valueRequired":true,"valueName":"search_term_string"}}],"inLanguage":"de"},{"@type":"Organization","@id":"https:\/\/store.myst.gr\/#organization","name":"MYST","url":"https:\/\/store.myst.gr\/","logo":{"@type":"ImageObject","inLanguage":"de","@id":"https:\/\/store.myst.gr\/#\/schema\/logo\/image\/","url":"https:\/\/store.myst.gr\/wp-content\/uploads\/2024\/12\/myst-logo-str.svg","contentUrl":"https:\/\/store.myst.gr\/wp-content\/uploads\/2024\/12\/myst-logo-str.svg","width":193,"height":53,"caption":"MYST"},"image":{"@id":"https:\/\/store.myst.gr\/#\/schema\/logo\/image\/"},"sameAs":["https:\/\/www.facebook.com\/mystfood","https:\/\/www.instagram.com\/mystcompany\/"]}]}},"_links":{"self":[{"href":"https:\/\/store.myst.gr\/de\/wp-json\/wp\/v2\/product\/16222","targetHints":{"allow":["GET"]}}],"collection":[{"href":"https:\/\/store.myst.gr\/de\/wp-json\/wp\/v2\/product"}],"about":[{"href":"https:\/\/store.myst.gr\/de\/wp-json\/wp\/v2\/types\/product"}],"wp:featuredmedia":[{"embeddable":true,"href":"https:\/\/store.myst.gr\/de\/wp-json\/wp\/v2\/media\/16189"}],"wp:attachment":[{"href":"https:\/\/store.myst.gr\/de\/wp-json\/wp\/v2\/media?parent=16222"}],"wp:term":[{"taxonomy":"product_cat","embeddable":true,"href":"https:\/\/store.myst.gr\/de\/wp-json\/wp\/v2\/product_cat?post=16222"},{"taxonomy":"product_tag","embeddable":true,"href":"https:\/\/store.myst.gr\/de\/wp-json\/wp\/v2\/product_tag?post=16222"}],"curies":[{"name":"wp","href":"https:\/\/api.w.org\/{rel}","templated":true}]}}