{"id":16210,"date":"2020-02-05T10:32:25","date_gmt":"2020-02-05T10:32:25","guid":{"rendered":"https:\/\/store.myst.gr\/?post_type=product&#038;p=16210"},"modified":"2026-02-18T12:36:49","modified_gmt":"2026-02-18T12:36:49","slug":"garlic-pepper-500g","status":"publish","type":"product","link":"https:\/\/store.myst.gr\/de\/product\/garlic-pepper-500g\/","title":{"rendered":"Knoblauch &amp; Pfeffer Original Gew\u00fcrzmischung \u2013 500g"},"content":{"rendered":"<p><span class=\"s1\">Knoblauch &amp; Pfeffer ist eine hochwertige Allround-Gew\u00fcrzmischung, die jeder Mahlzeit Tiefe, Aroma und Charakter verleiht. Die Kombination aus aromatischem Knoblauch, schwarzem Pfeffer, Zwiebelpulver, braunem Zucker sowie Paprika- und Petersilienflocken sorgt f\u00fcr einen harmonischen Geschmack zwischen w\u00fcrzig, leicht s\u00fc\u00df und angenehm aromatisch.<\/span><\/p>\n<p><span class=\"s1\">Perfekt geeignet f\u00fcr Grillgerichte, Pfannengerichte, Ofenrezepte, Marinaden oder als Finish auf Fleisch, Fisch und Gem\u00fcse. Mit nur einer Prise wird jedes einfache Gericht zu einer feinen, modernen Kreation.<\/span><\/p>\n<p>Hergestellt in Griechenland nach hohen Qualit\u00e4tsstandards.<\/p>\n<p><strong>Zutaten :<\/strong> Knoblauch, Salz (25%), Schwarzer Pfeffer, Brauner Zucker (10%), Zwiebelpulver, Paprikaflocken, Petersilienflocken.<\/p>\n<p><strong>Verwendung :<\/strong><\/p>\n<p>\u2022 Fleisch, Fisch, Kartoffeln oder Gem\u00fcse vor oder nach dem Kochen w\u00fcrzen<br \/>\n\u2022 In Marinaden einr\u00fchren<br \/>\n\u2022 R\u00f6r ihop med olivolja f\u00f6r rubs<br \/>\n\u2022 Perfekt till grill, ugn och stekning<br \/>\n\u2022 Passar \u00e4ven till pasta, ris och baljv\u00e4xter<\/p>\n<p><strong><span class=\"s1\">Deklaration von Allergenen<\/span><\/strong><\/p>\n<p><span class=\"s1\">Wir verstehen die Bedeutung von Nahrungsmittelallergien und Nahrungs-empfindlichkeiten und werden diese Zutaten immer auf unserem Etikett in den Angaben aller Zutaten bekanntgeben - sie werden niemals unter den Worten \"Gew\u00fcrze\" oder \"nat\u00fcrliche Aromen\" versteckt:<\/span><\/p>\n<p><span class=\"s1\">F\u00fcr die aktuellsten Informationen zu Allergenen und N\u00e4hrstoffen ist es wichtig, beim Kauf die Inhaltsstoffangabe auf der Verpackung zu lesen.<\/span><\/p>\n<p>&nbsp;<\/p>","protected":false},"excerpt":{"rendered":"<p data-start=\"214\" data-end=\"467\">Aromatische und ausgewogene Gew\u00fcrzmischung aus Knoblauch, schwarzem Pfeffer, braunem Zucker und nat\u00fcrlichen Kr\u00e4uterflocken. Ideal f\u00fcr Fleisch, Fisch, Kartoffeln, Gem\u00fcse und Marinaden.<\/p>\n<p><strong>Nettof\u00fcllmenge: e 500g<\/strong><\/p>\n<p><strong>Die besten Produkte aus Griechenland direkt auf Ihren Tisch geliefert und kostenloser Versand bei Bestellungen \u00fcber 120 \u20ac innerhalb Europas.<\/strong><\/p>","protected":false},"featured_media":16155,"template":"","meta":{"_acf_changed":false,"inline_featured_image":false},"product_cat":[634,637,626,15],"product_tag":[323,642,643],"class_list":{"0":"post-16210","1":"product","2":"type-product","3":"status-publish","4":"has-post-thumbnail","6":"product_cat-horeca","7":"product_cat-horeca-seasonings","8":"product_cat-seasonings","9":"product_cat-vall","10":"product_tag-cataloguejuly","11":"product_tag-horeca","12":"product_tag-seasonings","14":"first","15":"instock","16":"taxable","17":"shipping-taxable","18":"purchasable","19":"product-type-simple"},"acf":[],"yoast_head":"<!-- This site is optimized with the Yoast SEO plugin v27.4 - https:\/\/yoast.com\/product\/yoast-seo-wordpress\/ -->\n<title>\u03a3\u03ba\u03bf\u03c1\u03b4\u03bf\u03c0\u03af\u03c0\u03b5\u03c1\u03bf \u039c\u03b5\u03af\u03b3\u03bc\u03b1 \u039c\u03c0\u03b1\u03c7\u03b1\u03c1\u03b9\u03ba\u03ce\u03bd - 500g - MYST<\/title>\n<meta name=\"description\" content=\"\u03a0\u03bb\u03bf\u03cd\u03c3\u03b9\u03bf, \u03b1\u03c1\u03c9\u03bc\u03b1\u03c4\u03b9\u03ba\u03cc \u03bc\u03b5\u03af\u03b3\u03bc\u03b1 \u03bc\u03c0\u03b1\u03c7\u03b1\u03c1\u03b9\u03ba\u03ce\u03bd \u03c0\u03bf\u03c5 \u03c3\u03c5\u03bd\u03b4\u03c5\u03ac\u03b6\u03b5\u03b9 \u03c3\u03ba\u03cc\u03c1\u03b4\u03bf, \u03bc\u03b1\u03cd\u03c1\u03bf \u03c0\u03b9\u03c0\u03ad\u03c1\u03b9, \u03ba\u03b1\u03c3\u03c4\u03b1\u03bd\u03ae \u03b6\u03ac\u03c7\u03b1\u03c1\u03b7 \u03ba\u03b1\u03b9 \u03b5\u03c0\u03b9\u03bb\u03b5\u03b3\u03bc\u03ad\u03bd\u03b1 \u03b2\u03cc\u03c4\u03b1\u03bd\u03b1. \u0399\u03b4\u03b1\u03bd\u03b9\u03ba\u03cc \u03b3\u03b9\u03b1 \u03ba\u03c1\u03ad\u03b1\u03c2, \u03c8\u03ac\u03c1\u03b9, \u03c0\u03b1\u03c4\u03ac\u03c4\u03b5\u03c2, \u03bb\u03b1\u03c7\u03b1\u03bd\u03b9\u03ba\u03ac\" \/>\n<meta name=\"robots\" content=\"index, follow, max-snippet:-1, max-image-preview:large, max-video-preview:-1\" \/>\n<link rel=\"canonical\" href=\"https:\/\/store.myst.gr\/de\/produkt\/garlic-pepper-500g\/\" \/>\n<meta property=\"og:locale\" content=\"de_DE\" \/>\n<meta property=\"og:type\" content=\"article\" \/>\n<meta property=\"og:title\" content=\"\u03a3\u03ba\u03bf\u03c1\u03b4\u03bf\u03c0\u03af\u03c0\u03b5\u03c1\u03bf \u039c\u03b5\u03af\u03b3\u03bc\u03b1 \u039c\u03c0\u03b1\u03c7\u03b1\u03c1\u03b9\u03ba\u03ce\u03bd - 500g - MYST\" \/>\n<meta property=\"og:description\" content=\"\u03a0\u03bb\u03bf\u03cd\u03c3\u03b9\u03bf, \u03b1\u03c1\u03c9\u03bc\u03b1\u03c4\u03b9\u03ba\u03cc \u03bc\u03b5\u03af\u03b3\u03bc\u03b1 \u03bc\u03c0\u03b1\u03c7\u03b1\u03c1\u03b9\u03ba\u03ce\u03bd \u03c0\u03bf\u03c5 \u03c3\u03c5\u03bd\u03b4\u03c5\u03ac\u03b6\u03b5\u03b9 \u03c3\u03ba\u03cc\u03c1\u03b4\u03bf, \u03bc\u03b1\u03cd\u03c1\u03bf \u03c0\u03b9\u03c0\u03ad\u03c1\u03b9, \u03ba\u03b1\u03c3\u03c4\u03b1\u03bd\u03ae \u03b6\u03ac\u03c7\u03b1\u03c1\u03b7 \u03ba\u03b1\u03b9 \u03b5\u03c0\u03b9\u03bb\u03b5\u03b3\u03bc\u03ad\u03bd\u03b1 \u03b2\u03cc\u03c4\u03b1\u03bd\u03b1. \u0399\u03b4\u03b1\u03bd\u03b9\u03ba\u03cc \u03b3\u03b9\u03b1 \u03ba\u03c1\u03ad\u03b1\u03c2, \u03c8\u03ac\u03c1\u03b9, \u03c0\u03b1\u03c4\u03ac\u03c4\u03b5\u03c2, \u03bb\u03b1\u03c7\u03b1\u03bd\u03b9\u03ba\u03ac\" \/>\n<meta property=\"og:url\" content=\"https:\/\/store.myst.gr\/de\/produkt\/garlic-pepper-500g\/\" \/>\n<meta property=\"og:site_name\" content=\"MYST\" \/>\n<meta property=\"article:publisher\" content=\"https:\/\/www.facebook.com\/mystfood\" \/>\n<meta property=\"article:modified_time\" content=\"2026-02-18T12:36:49+00:00\" \/>\n<meta property=\"og:image\" content=\"https:\/\/store.myst.gr\/wp-content\/uploads\/2026\/02\/24-Garlic-Pepper.jpg\" \/>\n\t<meta property=\"og:image:width\" content=\"1000\" \/>\n\t<meta property=\"og:image:height\" content=\"889\" \/>\n\t<meta property=\"og:image:type\" content=\"image\/jpeg\" \/>\n<meta name=\"twitter:card\" content=\"summary_large_image\" \/>\n<meta name=\"twitter:label1\" content=\"Gesch\u00e4tzte Lesezeit\" \/>\n\t<meta name=\"twitter:data1\" content=\"2\u00a0Minuten\" \/>\n<script type=\"application\/ld+json\" class=\"yoast-schema-graph\">{\"@context\":\"https:\\\/\\\/schema.org\",\"@graph\":[{\"@type\":\"WebPage\",\"@id\":\"https:\\\/\\\/store.myst.gr\\\/product\\\/garlic-pepper-500g\\\/\",\"url\":\"https:\\\/\\\/store.myst.gr\\\/product\\\/garlic-pepper-500g\\\/\",\"name\":\"\u03a3\u03ba\u03bf\u03c1\u03b4\u03bf\u03c0\u03af\u03c0\u03b5\u03c1\u03bf \u039c\u03b5\u03af\u03b3\u03bc\u03b1 \u039c\u03c0\u03b1\u03c7\u03b1\u03c1\u03b9\u03ba\u03ce\u03bd - 500g - MYST\",\"isPartOf\":{\"@id\":\"https:\\\/\\\/store.myst.gr\\\/#website\"},\"primaryImageOfPage\":{\"@id\":\"https:\\\/\\\/store.myst.gr\\\/product\\\/garlic-pepper-500g\\\/#primaryimage\"},\"image\":{\"@id\":\"https:\\\/\\\/store.myst.gr\\\/product\\\/garlic-pepper-500g\\\/#primaryimage\"},\"thumbnailUrl\":\"https:\\\/\\\/store.myst.gr\\\/wp-content\\\/uploads\\\/2026\\\/02\\\/24-Garlic-Pepper.jpg\",\"datePublished\":\"2020-02-05T10:32:25+00:00\",\"dateModified\":\"2026-02-18T12:36:49+00:00\",\"description\":\"\u03a0\u03bb\u03bf\u03cd\u03c3\u03b9\u03bf, \u03b1\u03c1\u03c9\u03bc\u03b1\u03c4\u03b9\u03ba\u03cc \u03bc\u03b5\u03af\u03b3\u03bc\u03b1 \u03bc\u03c0\u03b1\u03c7\u03b1\u03c1\u03b9\u03ba\u03ce\u03bd \u03c0\u03bf\u03c5 \u03c3\u03c5\u03bd\u03b4\u03c5\u03ac\u03b6\u03b5\u03b9 \u03c3\u03ba\u03cc\u03c1\u03b4\u03bf, \u03bc\u03b1\u03cd\u03c1\u03bf \u03c0\u03b9\u03c0\u03ad\u03c1\u03b9, \u03ba\u03b1\u03c3\u03c4\u03b1\u03bd\u03ae \u03b6\u03ac\u03c7\u03b1\u03c1\u03b7 \u03ba\u03b1\u03b9 \u03b5\u03c0\u03b9\u03bb\u03b5\u03b3\u03bc\u03ad\u03bd\u03b1 \u03b2\u03cc\u03c4\u03b1\u03bd\u03b1. \u0399\u03b4\u03b1\u03bd\u03b9\u03ba\u03cc \u03b3\u03b9\u03b1 \u03ba\u03c1\u03ad\u03b1\u03c2, \u03c8\u03ac\u03c1\u03b9, \u03c0\u03b1\u03c4\u03ac\u03c4\u03b5\u03c2, \u03bb\u03b1\u03c7\u03b1\u03bd\u03b9\u03ba\u03ac\",\"breadcrumb\":{\"@id\":\"https:\\\/\\\/store.myst.gr\\\/product\\\/garlic-pepper-500g\\\/#breadcrumb\"},\"inLanguage\":\"de\",\"potentialAction\":[{\"@type\":\"ReadAction\",\"target\":[\"https:\\\/\\\/store.myst.gr\\\/product\\\/garlic-pepper-500g\\\/\"]}]},{\"@type\":\"ImageObject\",\"inLanguage\":\"de\",\"@id\":\"https:\\\/\\\/store.myst.gr\\\/product\\\/garlic-pepper-500g\\\/#primaryimage\",\"url\":\"https:\\\/\\\/store.myst.gr\\\/wp-content\\\/uploads\\\/2026\\\/02\\\/24-Garlic-Pepper.jpg\",\"contentUrl\":\"https:\\\/\\\/store.myst.gr\\\/wp-content\\\/uploads\\\/2026\\\/02\\\/24-Garlic-Pepper.jpg\",\"width\":1000,\"height\":889},{\"@type\":\"BreadcrumbList\",\"@id\":\"https:\\\/\\\/store.myst.gr\\\/product\\\/garlic-pepper-500g\\\/#breadcrumb\",\"itemListElement\":[{\"@type\":\"ListItem\",\"position\":1,\"name\":\"Home\",\"item\":\"https:\\\/\\\/store.myst.gr\\\/\"},{\"@type\":\"ListItem\",\"position\":2,\"name\":\"Shop\",\"item\":\"https:\\\/\\\/store.myst.gr\\\/\"},{\"@type\":\"ListItem\",\"position\":3,\"name\":\"\u03a3\u03ba\u03bf\u03c1\u03b4\u03bf\u03c0\u03af\u03c0\u03b5\u03c1\u03bf \u039c\u03b5\u03af\u03b3\u03bc\u03b1 \u039c\u03c0\u03b1\u03c7\u03b1\u03c1\u03b9\u03ba\u03ce\u03bd &#8211; 500g\"}]},{\"@type\":\"WebSite\",\"@id\":\"https:\\\/\\\/store.myst.gr\\\/#website\",\"url\":\"https:\\\/\\\/store.myst.gr\\\/\",\"name\":\"Myst\",\"description\":\"\u0391\u03bd\u03b1\u03ba\u03b1\u03bb\u03cd\u03c8\u03c4\u03b5 \u03c4\u03b9\u03c2 \u03b3\u03b5\u03cd\u03c3\u03b5\u03b9\u03c2 \u03c4\u03b7\u03c2 \u0395\u03bb\u03bb\u03ac\u03b4\u03b1\u03c2\",\"publisher\":{\"@id\":\"https:\\\/\\\/store.myst.gr\\\/#organization\"},\"potentialAction\":[{\"@type\":\"SearchAction\",\"target\":{\"@type\":\"EntryPoint\",\"urlTemplate\":\"https:\\\/\\\/store.myst.gr\\\/?s={search_term_string}\"},\"query-input\":{\"@type\":\"PropertyValueSpecification\",\"valueRequired\":true,\"valueName\":\"search_term_string\"}}],\"inLanguage\":\"de\"},{\"@type\":\"Organization\",\"@id\":\"https:\\\/\\\/store.myst.gr\\\/#organization\",\"name\":\"MYST\",\"url\":\"https:\\\/\\\/store.myst.gr\\\/\",\"logo\":{\"@type\":\"ImageObject\",\"inLanguage\":\"de\",\"@id\":\"https:\\\/\\\/store.myst.gr\\\/#\\\/schema\\\/logo\\\/image\\\/\",\"url\":\"https:\\\/\\\/store.myst.gr\\\/wp-content\\\/uploads\\\/2024\\\/12\\\/myst-logo-str.svg\",\"contentUrl\":\"https:\\\/\\\/store.myst.gr\\\/wp-content\\\/uploads\\\/2024\\\/12\\\/myst-logo-str.svg\",\"width\":193,\"height\":53,\"caption\":\"MYST\"},\"image\":{\"@id\":\"https:\\\/\\\/store.myst.gr\\\/#\\\/schema\\\/logo\\\/image\\\/\"},\"sameAs\":[\"https:\\\/\\\/www.facebook.com\\\/mystfood\",\"https:\\\/\\\/www.instagram.com\\\/mystcompany\\\/\"]}]}<\/script>\n<!-- \/ Yoast SEO plugin. -->","yoast_head_json":{"title":"\u03a3\u03ba\u03bf\u03c1\u03b4\u03bf\u03c0\u03af\u03c0\u03b5\u03c1\u03bf \u039c\u03b5\u03af\u03b3\u03bc\u03b1 \u039c\u03c0\u03b1\u03c7\u03b1\u03c1\u03b9\u03ba\u03ce\u03bd - 500g - MYST","description":"\u03a0\u03bb\u03bf\u03cd\u03c3\u03b9\u03bf, \u03b1\u03c1\u03c9\u03bc\u03b1\u03c4\u03b9\u03ba\u03cc \u03bc\u03b5\u03af\u03b3\u03bc\u03b1 \u03bc\u03c0\u03b1\u03c7\u03b1\u03c1\u03b9\u03ba\u03ce\u03bd \u03c0\u03bf\u03c5 \u03c3\u03c5\u03bd\u03b4\u03c5\u03ac\u03b6\u03b5\u03b9 \u03c3\u03ba\u03cc\u03c1\u03b4\u03bf, \u03bc\u03b1\u03cd\u03c1\u03bf \u03c0\u03b9\u03c0\u03ad\u03c1\u03b9, \u03ba\u03b1\u03c3\u03c4\u03b1\u03bd\u03ae \u03b6\u03ac\u03c7\u03b1\u03c1\u03b7 \u03ba\u03b1\u03b9 \u03b5\u03c0\u03b9\u03bb\u03b5\u03b3\u03bc\u03ad\u03bd\u03b1 \u03b2\u03cc\u03c4\u03b1\u03bd\u03b1. \u0399\u03b4\u03b1\u03bd\u03b9\u03ba\u03cc \u03b3\u03b9\u03b1 \u03ba\u03c1\u03ad\u03b1\u03c2, \u03c8\u03ac\u03c1\u03b9, \u03c0\u03b1\u03c4\u03ac\u03c4\u03b5\u03c2, \u03bb\u03b1\u03c7\u03b1\u03bd\u03b9\u03ba\u03ac","robots":{"index":"index","follow":"follow","max-snippet":"max-snippet:-1","max-image-preview":"max-image-preview:large","max-video-preview":"max-video-preview:-1"},"canonical":"https:\/\/store.myst.gr\/de\/produkt\/garlic-pepper-500g\/","og_locale":"de_DE","og_type":"article","og_title":"\u03a3\u03ba\u03bf\u03c1\u03b4\u03bf\u03c0\u03af\u03c0\u03b5\u03c1\u03bf \u039c\u03b5\u03af\u03b3\u03bc\u03b1 \u039c\u03c0\u03b1\u03c7\u03b1\u03c1\u03b9\u03ba\u03ce\u03bd - 500g - MYST","og_description":"\u03a0\u03bb\u03bf\u03cd\u03c3\u03b9\u03bf, \u03b1\u03c1\u03c9\u03bc\u03b1\u03c4\u03b9\u03ba\u03cc \u03bc\u03b5\u03af\u03b3\u03bc\u03b1 \u03bc\u03c0\u03b1\u03c7\u03b1\u03c1\u03b9\u03ba\u03ce\u03bd \u03c0\u03bf\u03c5 \u03c3\u03c5\u03bd\u03b4\u03c5\u03ac\u03b6\u03b5\u03b9 \u03c3\u03ba\u03cc\u03c1\u03b4\u03bf, \u03bc\u03b1\u03cd\u03c1\u03bf \u03c0\u03b9\u03c0\u03ad\u03c1\u03b9, \u03ba\u03b1\u03c3\u03c4\u03b1\u03bd\u03ae \u03b6\u03ac\u03c7\u03b1\u03c1\u03b7 \u03ba\u03b1\u03b9 \u03b5\u03c0\u03b9\u03bb\u03b5\u03b3\u03bc\u03ad\u03bd\u03b1 \u03b2\u03cc\u03c4\u03b1\u03bd\u03b1. \u0399\u03b4\u03b1\u03bd\u03b9\u03ba\u03cc \u03b3\u03b9\u03b1 \u03ba\u03c1\u03ad\u03b1\u03c2, \u03c8\u03ac\u03c1\u03b9, \u03c0\u03b1\u03c4\u03ac\u03c4\u03b5\u03c2, \u03bb\u03b1\u03c7\u03b1\u03bd\u03b9\u03ba\u03ac","og_url":"https:\/\/store.myst.gr\/de\/produkt\/garlic-pepper-500g\/","og_site_name":"MYST","article_publisher":"https:\/\/www.facebook.com\/mystfood","article_modified_time":"2026-02-18T12:36:49+00:00","og_image":[{"width":1000,"height":889,"url":"https:\/\/store.myst.gr\/wp-content\/uploads\/2026\/02\/24-Garlic-Pepper.jpg","type":"image\/jpeg"}],"twitter_card":"summary_large_image","twitter_misc":{"Gesch\u00e4tzte Lesezeit":"2\u00a0Minuten"},"schema":{"@context":"https:\/\/schema.org","@graph":[{"@type":"WebPage","@id":"https:\/\/store.myst.gr\/product\/garlic-pepper-500g\/","url":"https:\/\/store.myst.gr\/product\/garlic-pepper-500g\/","name":"\u03a3\u03ba\u03bf\u03c1\u03b4\u03bf\u03c0\u03af\u03c0\u03b5\u03c1\u03bf \u039c\u03b5\u03af\u03b3\u03bc\u03b1 \u039c\u03c0\u03b1\u03c7\u03b1\u03c1\u03b9\u03ba\u03ce\u03bd - 500g - MYST","isPartOf":{"@id":"https:\/\/store.myst.gr\/#website"},"primaryImageOfPage":{"@id":"https:\/\/store.myst.gr\/product\/garlic-pepper-500g\/#primaryimage"},"image":{"@id":"https:\/\/store.myst.gr\/product\/garlic-pepper-500g\/#primaryimage"},"thumbnailUrl":"https:\/\/store.myst.gr\/wp-content\/uploads\/2026\/02\/24-Garlic-Pepper.jpg","datePublished":"2020-02-05T10:32:25+00:00","dateModified":"2026-02-18T12:36:49+00:00","description":"\u03a0\u03bb\u03bf\u03cd\u03c3\u03b9\u03bf, \u03b1\u03c1\u03c9\u03bc\u03b1\u03c4\u03b9\u03ba\u03cc \u03bc\u03b5\u03af\u03b3\u03bc\u03b1 \u03bc\u03c0\u03b1\u03c7\u03b1\u03c1\u03b9\u03ba\u03ce\u03bd \u03c0\u03bf\u03c5 \u03c3\u03c5\u03bd\u03b4\u03c5\u03ac\u03b6\u03b5\u03b9 \u03c3\u03ba\u03cc\u03c1\u03b4\u03bf, \u03bc\u03b1\u03cd\u03c1\u03bf \u03c0\u03b9\u03c0\u03ad\u03c1\u03b9, \u03ba\u03b1\u03c3\u03c4\u03b1\u03bd\u03ae \u03b6\u03ac\u03c7\u03b1\u03c1\u03b7 \u03ba\u03b1\u03b9 \u03b5\u03c0\u03b9\u03bb\u03b5\u03b3\u03bc\u03ad\u03bd\u03b1 \u03b2\u03cc\u03c4\u03b1\u03bd\u03b1. \u0399\u03b4\u03b1\u03bd\u03b9\u03ba\u03cc \u03b3\u03b9\u03b1 \u03ba\u03c1\u03ad\u03b1\u03c2, \u03c8\u03ac\u03c1\u03b9, \u03c0\u03b1\u03c4\u03ac\u03c4\u03b5\u03c2, \u03bb\u03b1\u03c7\u03b1\u03bd\u03b9\u03ba\u03ac","breadcrumb":{"@id":"https:\/\/store.myst.gr\/product\/garlic-pepper-500g\/#breadcrumb"},"inLanguage":"de","potentialAction":[{"@type":"ReadAction","target":["https:\/\/store.myst.gr\/product\/garlic-pepper-500g\/"]}]},{"@type":"ImageObject","inLanguage":"de","@id":"https:\/\/store.myst.gr\/product\/garlic-pepper-500g\/#primaryimage","url":"https:\/\/store.myst.gr\/wp-content\/uploads\/2026\/02\/24-Garlic-Pepper.jpg","contentUrl":"https:\/\/store.myst.gr\/wp-content\/uploads\/2026\/02\/24-Garlic-Pepper.jpg","width":1000,"height":889},{"@type":"BreadcrumbList","@id":"https:\/\/store.myst.gr\/product\/garlic-pepper-500g\/#breadcrumb","itemListElement":[{"@type":"ListItem","position":1,"name":"Home","item":"https:\/\/store.myst.gr\/"},{"@type":"ListItem","position":2,"name":"Shop","item":"https:\/\/store.myst.gr\/"},{"@type":"ListItem","position":3,"name":"\u03a3\u03ba\u03bf\u03c1\u03b4\u03bf\u03c0\u03af\u03c0\u03b5\u03c1\u03bf \u039c\u03b5\u03af\u03b3\u03bc\u03b1 \u039c\u03c0\u03b1\u03c7\u03b1\u03c1\u03b9\u03ba\u03ce\u03bd &#8211; 500g"}]},{"@type":"WebSite","@id":"https:\/\/store.myst.gr\/#website","url":"https:\/\/store.myst.gr\/","name":"Myst","description":"\u0391\u03bd\u03b1\u03ba\u03b1\u03bb\u03cd\u03c8\u03c4\u03b5 \u03c4\u03b9\u03c2 \u03b3\u03b5\u03cd\u03c3\u03b5\u03b9\u03c2 \u03c4\u03b7\u03c2 \u0395\u03bb\u03bb\u03ac\u03b4\u03b1\u03c2","publisher":{"@id":"https:\/\/store.myst.gr\/#organization"},"potentialAction":[{"@type":"SearchAction","target":{"@type":"EntryPoint","urlTemplate":"https:\/\/store.myst.gr\/?s={search_term_string}"},"query-input":{"@type":"PropertyValueSpecification","valueRequired":true,"valueName":"search_term_string"}}],"inLanguage":"de"},{"@type":"Organization","@id":"https:\/\/store.myst.gr\/#organization","name":"MYST","url":"https:\/\/store.myst.gr\/","logo":{"@type":"ImageObject","inLanguage":"de","@id":"https:\/\/store.myst.gr\/#\/schema\/logo\/image\/","url":"https:\/\/store.myst.gr\/wp-content\/uploads\/2024\/12\/myst-logo-str.svg","contentUrl":"https:\/\/store.myst.gr\/wp-content\/uploads\/2024\/12\/myst-logo-str.svg","width":193,"height":53,"caption":"MYST"},"image":{"@id":"https:\/\/store.myst.gr\/#\/schema\/logo\/image\/"},"sameAs":["https:\/\/www.facebook.com\/mystfood","https:\/\/www.instagram.com\/mystcompany\/"]}]}},"_links":{"self":[{"href":"https:\/\/store.myst.gr\/de\/wp-json\/wp\/v2\/product\/16210","targetHints":{"allow":["GET"]}}],"collection":[{"href":"https:\/\/store.myst.gr\/de\/wp-json\/wp\/v2\/product"}],"about":[{"href":"https:\/\/store.myst.gr\/de\/wp-json\/wp\/v2\/types\/product"}],"wp:featuredmedia":[{"embeddable":true,"href":"https:\/\/store.myst.gr\/de\/wp-json\/wp\/v2\/media\/16155"}],"wp:attachment":[{"href":"https:\/\/store.myst.gr\/de\/wp-json\/wp\/v2\/media?parent=16210"}],"wp:term":[{"taxonomy":"product_cat","embeddable":true,"href":"https:\/\/store.myst.gr\/de\/wp-json\/wp\/v2\/product_cat?post=16210"},{"taxonomy":"product_tag","embeddable":true,"href":"https:\/\/store.myst.gr\/de\/wp-json\/wp\/v2\/product_tag?post=16210"}],"curies":[{"name":"wp","href":"https:\/\/api.w.org\/{rel}","templated":true}]}}