{"id":15756,"date":"2020-02-04T11:51:49","date_gmt":"2020-02-04T11:51:49","guid":{"rendered":"https:\/\/store.myst.gr\/?post_type=product&#038;p=15756"},"modified":"2026-02-26T07:59:27","modified_gmt":"2026-02-26T07:59:27","slug":"organic-oregano-500g","status":"publish","type":"product","link":"https:\/\/store.myst.gr\/de\/product\/organic-oregano-500g\/","title":{"rendered":"BIO Oregano - 500g"},"content":{"rendered":"<p>Der Oregano von MYST (Origanum Vulgare) ist eine Bl\u00fctenpflanze voller Vorteile f\u00fcr die Gesundheit. Oregano z\u00e4hlt zur Familie der (Lamiaceae). Die Forschung hat gezeigt, dass die Pflanze im gem\u00e4\u00dfigten Klima der westlichen und s\u00fcdlichen Teile Eurasiens und der Mittelmeerregion nativ ist. Oregano ist eine mehrj\u00e4hrige Kr\u00e4uterpflanze, die normalerweise eine H\u00f6he von 20 \u2013 80 cm erreicht und gegen\u00fcberliegende Bl\u00e4tter hat. Medizinischen Experten zufolge kann die Anwendung von Oregano Entz\u00fcndungen reduzieren und Besch\u00e4digungen von K\u00f6rperzellen verhindern.<\/p>\n<p>Oregano symbolisierte im antiken Griechenland Freude und Gl\u00fcck, und Brautkr\u00e4nze wurden aus Oreganozweigen hergestellt. Oregano kommt im Altgriechischen von den W\u00f6rtern \u201eoros\u201c und \u201eganos\u201c, was die Pflanze bezeichnet, die auf dem Berg leuchtet.<\/p>\n<p><img decoding=\"async\" class=\"alignnone wp-image-5164\" src=\"https:\/\/store.myst.gr\/wp-content\/uploads\/2021\/08\/isoFoo-1.svg\" alt=\"\" width=\"60\" height=\"60\" \/><\/p>","protected":false},"excerpt":{"rendered":"<div class=\"page\" title=\"Page 5\">\n<div class=\"section\">\n<div class=\"layoutArea\">\n<div class=\"column\">\n<div class=\"page\" title=\"Page 6\">\n<div class=\"section\">\n<div class=\"layoutArea\">\n<div class=\"column\">\n<div class=\"page\" title=\"Page 7\">\n<div class=\"section\">\n<div class=\"layoutArea\">\n<div class=\"column\">\n<div class=\"page\" title=\"Page 5\">\n<div class=\"section\">\n<div class=\"layoutArea\">\n<div class=\"column\">\n<div class=\"page\" title=\"Page 6\">\n<div class=\"section\">\n<div class=\"layoutArea\">\n<div class=\"column\">\n<div class=\"page\" title=\"Page 7\">\n<div class=\"section\">\n<div class=\"layoutArea\">\n<div class=\"column\">\n<div class=\"page\" title=\"Page 5\">\n<div class=\"section\">\n<div class=\"layoutArea\">\n<div class=\"column\">\n<div class=\"page\" title=\"Page 5\">\n<div class=\"section\">\n<div class=\"layoutArea\">\n<div class=\"column\">\n<div class=\"page\" title=\"Page 6\">\n<div class=\"section\">\n<div class=\"layoutArea\">\n<div class=\"column\">\n<div class=\"page\" title=\"Page 5\">\n<div class=\"section\">\n<div class=\"layoutArea\">\n<div class=\"column\">\n<div class=\"page\" title=\"Page 6\">\n<div class=\"section\">\n<div class=\"layoutArea\">\n<div class=\"column\">\n<div class=\"page\" title=\"Page 5\">\n<div class=\"section\">\n<div class=\"layoutArea\">\n<div class=\"column\">\n<div class=\"page\" title=\"Page 6\">\n<div class=\"section\">\n<div class=\"layoutArea\">\n<div class=\"column\">\n<div class=\"page\" title=\"Page 5\">\n<div class=\"section\">\n<div class=\"layoutArea\">\n<div class=\"column\">\n<div class=\"page\" title=\"Page 6\">\n<div class=\"section\">\n<div class=\"layoutArea\">\n<div class=\"column\">\n<div class=\"page\" title=\"Page 5\">\n<div class=\"section\">\n<div class=\"layoutArea\">\n<div class=\"column\">\n<div class=\"page\" title=\"Page 6\">\n<div class=\"section\">\n<div class=\"layoutArea\">\n<div class=\"column\">\n<div class=\"page\" title=\"Page 5\">\n<div class=\"section\">\n<div class=\"layoutArea\">\n<div class=\"column\">\n<div class=\"page\" title=\"Page 6\">\n<div class=\"section\">\n<div class=\"layoutArea\">\n<div class=\"column\">\n<div class=\"page\" title=\"Page 5\">\n<div class=\"section\">\n<div class=\"layoutArea\">\n<div class=\"column\">\n<div class=\"page\" title=\"Page 6\">\n<div class=\"section\">\n<div class=\"layoutArea\">\n<div class=\"column\">\n<div class=\"page\" title=\"Page 5\">\n<div class=\"section\">\n<div class=\"layoutArea\">\n<div class=\"column\">\n<div class=\"page\" title=\"Page 6\">\n<div class=\"section\">\n<div class=\"layoutArea\">\n<div class=\"column\">\n<div class=\"page\" title=\"Page 7\">\n<div class=\"section\">\n<div class=\"layoutArea\">\n<div class=\"column\">\n<div class=\"page\" title=\"Page 5\">\n<div class=\"section\">\n<div class=\"layoutArea\">\n<div class=\"column\">\n<div class=\"page\" title=\"Page 6\">\n<div class=\"section\">\n<div class=\"layoutArea\">\n<div class=\"column\">\n<div class=\"page\" title=\"Page 7\">\n<div class=\"section\">\n<div class=\"layoutArea\">\n<div class=\"column\">\n<div class=\"page\" title=\"Page 5\">\n<div class=\"section\">\n<div class=\"layoutArea\">\n<div class=\"column\">\n<div class=\"page\" title=\"Page 5\">\n<div class=\"section\">\n<div class=\"layoutArea\">\n<div class=\"column\">\n<div class=\"page\" title=\"Page 6\">\n<div class=\"section\">\n<div class=\"layoutArea\">\n<div class=\"column\">\n<div class=\"page\" title=\"Page 5\">\n<div class=\"section\">\n<div class=\"layoutArea\">\n<div class=\"column\">\n<div class=\"page\" title=\"Page 6\">\n<div class=\"section\">\n<div class=\"layoutArea\">\n<div class=\"column\">\n<div class=\"page\" title=\"Page 5\">\n<div class=\"section\">\n<div class=\"layoutArea\">\n<div class=\"column\">\n<div class=\"page\" title=\"Page 6\">\n<div class=\"section\">\n<div class=\"layoutArea\">\n<div class=\"column\">\n<div class=\"page\" title=\"Page 5\">\n<div class=\"section\">\n<div class=\"layoutArea\">\n<div class=\"column\">\n<div class=\"page\" title=\"Page 6\">\n<div class=\"section\">\n<div class=\"layoutArea\">\n<div class=\"column\">\n<div class=\"page\" title=\"Page 5\">\n<div class=\"section\">\n<div class=\"layoutArea\">\n<div class=\"column\">\n<div class=\"page\" title=\"Page 6\">\n<div class=\"section\">\n<div class=\"layoutArea\">\n<div class=\"column\">\n<div class=\"page\" title=\"Page 5\">\n<div class=\"section\">\n<div class=\"layoutArea\">\n<div class=\"column\">\n<div class=\"page\" title=\"Page 6\">\n<div class=\"section\">\n<div class=\"layoutArea\">\n<div class=\"column\">\n<div class=\"page\" title=\"Page 5\">\n<div class=\"section\">\n<div class=\"layoutArea\">\n<div class=\"column\">\n<div class=\"page\" title=\"Page 6\">\n<div class=\"section\">\n<div class=\"layoutArea\">\n<div class=\"column\">\n<p>Oregano kann in Gerichten mit Gefl\u00fcgel, Brot, Kartoffeln, Feta-K\u00e4se, Salaten, Tomatensaucen, Pasteten und auch zum Marinieren von Fleisch und Fisch verwendet werden. Wenn wir seinen Geschmack w\u00e4hrend des Kochens nicht verlieren wollen, ist es besser, es am Ende des Kochvorgangs hinzuzugeben, w\u00e4hrend wir es mit der Hand ein wenig reiben, um sein Aroma hervorzuheben.<\/p>\n<p><strong>Nettof\u00fcllmenge: e 500g<\/strong><\/p>\n<\/div>\n<\/div>\n<\/div>\n<\/div>\n<\/div>\n<\/div>\n<\/div>\n<\/div>\n<div class=\"page\" title=\"Page 5\">\n<div class=\"section\">\n<div class=\"layoutArea\">\n<div class=\"column\">\n<div class=\"woocommerce-product-details__short-description\">\n<div class=\"page\" title=\"Page 5\">\n<div class=\"section\">\n<div class=\"layoutArea\">\n<div class=\"column\">\n<div class=\"page\" title=\"Page 5\">\n<div class=\"section\">\n<div class=\"layoutArea\">\n<div class=\"column\">\n<p><strong>Die besten Produkte aus Griechenland direkt auf Ihren Tisch geliefert und kostenloser Versand bei Bestellungen \u00fcber 120 \u20ac innerhalb Europas.<\/strong><\/p>\n<\/div>\n<\/div>\n<\/div>\n<\/div>\n<\/div>\n<\/div>\n<\/div>\n<\/div>\n<\/div>\n<\/div>\n<\/div>\n<\/div>\n<\/div>\n<\/div>\n<\/div>\n<\/div>\n<\/div>\n<\/div>\n<\/div>\n<\/div>\n<\/div>\n<\/div>\n<\/div>\n<\/div>\n<\/div>\n<\/div>\n<\/div>\n<\/div>\n<\/div>\n<\/div>\n<\/div>\n<\/div>\n<\/div>\n<\/div>\n<\/div>\n<\/div>\n<\/div>\n<\/div>\n<\/div>\n<\/div>\n<\/div>\n<\/div>\n<\/div>\n<\/div>\n<\/div>\n<\/div>\n<\/div>\n<\/div>\n<\/div>\n<\/div>\n<\/div>\n<\/div>\n<\/div>\n<\/div>\n<\/div>\n<\/div>\n<\/div>\n<\/div>\n<\/div>\n<\/div>\n<\/div>\n<\/div>\n<\/div>\n<\/div>\n<\/div>\n<\/div>\n<\/div>\n<\/div>\n<\/div>\n<\/div>\n<\/div>\n<\/div>\n<\/div>\n<\/div>\n<\/div>\n<\/div>\n<\/div>\n<\/div>\n<\/div>\n<\/div>\n<\/div>\n<\/div>\n<\/div>\n<\/div>\n<\/div>\n<\/div>\n<\/div>\n<\/div>\n<\/div>\n<\/div>\n<\/div>\n<\/div>\n<\/div>\n<\/div>\n<\/div>\n<\/div>\n<\/div>\n<\/div>\n<\/div>\n<\/div>\n<\/div>\n<\/div>\n<\/div>\n<\/div>\n<\/div>\n<\/div>\n<\/div>\n<\/div>\n<\/div>\n<\/div>\n<\/div>\n<\/div>\n<\/div>\n<\/div>\n<\/div>\n<\/div>\n<\/div>\n<\/div>\n<\/div>\n<\/div>\n<\/div>\n<\/div>\n<\/div>\n<\/div>\n<\/div>\n<\/div>\n<\/div>\n<\/div>\n<\/div>\n<\/div>\n<\/div>\n<\/div>\n<\/div>\n<\/div>\n<\/div>\n<\/div>\n<\/div>\n<\/div>\n<\/div>\n<\/div>\n<\/div>\n<\/div>\n<\/div>\n<\/div>\n<\/div>\n<\/div>\n<\/div>\n<\/div>\n<\/div>\n<\/div>\n<\/div>\n<\/div>\n<\/div>\n<\/div>\n<\/div>\n<\/div>\n<\/div>\n<\/div>\n<\/div>\n<\/div>\n<\/div>\n<\/div>\n<\/div>\n<\/div>\n<\/div>\n<\/div>\n<\/div>\n<\/div>\n<\/div>\n<\/div>\n<\/div>\n<\/div>\n<\/div>","protected":false},"featured_media":15757,"template":"","meta":{"_acf_changed":false,"inline_featured_image":false},"product_cat":[634,635,537,15],"product_tag":[323,644,642],"class_list":{"0":"post-15756","1":"product","2":"type-product","3":"status-publish","4":"has-post-thumbnail","6":"product_cat-horeca","7":"product_cat-horeca-herbs","8":"product_cat-organic-herbs","9":"product_cat-vall","10":"product_tag-cataloguejuly","11":"product_tag-herbs","12":"product_tag-horeca","14":"first","15":"instock","16":"taxable","17":"shipping-taxable","18":"purchasable","19":"product-type-simple"},"acf":[],"yoast_head":"<!-- This site is optimized with the Yoast SEO plugin v27.4 - https:\/\/yoast.com\/product\/yoast-seo-wordpress\/ -->\n<title>\u0392\u03b9\u03bf\u03bb\u03bf\u03b3\u03b9\u03ba\u03ae \u03a1\u03af\u03b3\u03b1\u03bd\u03b7 - 500g - MYST<\/title>\n<meta name=\"description\" content=\"\u0397 \u03c1\u03af\u03b3\u03b1\u03bd\u03b7 \u03bc\u03c0\u03bf\u03c1\u03b5\u03af \u03bd\u03b1 \u03c7\u03c1\u03b7\u03c3\u03b9\u03bc\u03bf\u03c0\u03bf\u03b9\u03b7\u03b8\u03b5\u03af \u03c3\u03b5 \u03c0\u03b9\u03ac\u03c4\u03b1 \u03c0\u03bf\u03c5 \u03c0\u03b5\u03c1\u03b9\u03ad\u03c7\u03bf\u03c5\u03bd \u03c0\u03bf\u03c5\u03bb\u03b5\u03c1\u03b9\u03ba\u03ac, \u03c8\u03c9\u03bc\u03af, \u03c0\u03b1\u03c4\u03ac\u03c4\u03b5\u03c2, \u03c4\u03c5\u03c1\u03af \u03c6\u03ad\u03c4\u03b1, \u03c3\u03b1\u03bb\u03ac\u03c4\u03b5\u03c2, \u03c3\u03ac\u03bb\u03c4\u03c3\u03b5\u03c2 \u03bc\u03b5 \u03b2\u03ac\u03c3\u03b7 \u03c4\u03b7\u03bd \u03bd\u03c4\u03bf\u03bc\u03ac\u03c4\u03b1, \u03c0\u03af\u03c4\u03b5\u03c2 \u03ba\u03b1\u03b9 \u03bc\u03c0\u03bf\u03c1\u03bf\u03cd\u03bc\u03b5\" \/>\n<meta name=\"robots\" content=\"index, follow, max-snippet:-1, max-image-preview:large, max-video-preview:-1\" \/>\n<link rel=\"canonical\" href=\"https:\/\/store.myst.gr\/de\/produkt\/organic-oregano-500g\/\" \/>\n<meta property=\"og:locale\" content=\"de_DE\" \/>\n<meta property=\"og:type\" content=\"article\" \/>\n<meta property=\"og:title\" content=\"\u0392\u03b9\u03bf\u03bb\u03bf\u03b3\u03b9\u03ba\u03ae \u03a1\u03af\u03b3\u03b1\u03bd\u03b7 - 500g - MYST\" \/>\n<meta property=\"og:description\" content=\"\u0397 \u03c1\u03af\u03b3\u03b1\u03bd\u03b7 \u03bc\u03c0\u03bf\u03c1\u03b5\u03af \u03bd\u03b1 \u03c7\u03c1\u03b7\u03c3\u03b9\u03bc\u03bf\u03c0\u03bf\u03b9\u03b7\u03b8\u03b5\u03af \u03c3\u03b5 \u03c0\u03b9\u03ac\u03c4\u03b1 \u03c0\u03bf\u03c5 \u03c0\u03b5\u03c1\u03b9\u03ad\u03c7\u03bf\u03c5\u03bd \u03c0\u03bf\u03c5\u03bb\u03b5\u03c1\u03b9\u03ba\u03ac, \u03c8\u03c9\u03bc\u03af, \u03c0\u03b1\u03c4\u03ac\u03c4\u03b5\u03c2, \u03c4\u03c5\u03c1\u03af \u03c6\u03ad\u03c4\u03b1, \u03c3\u03b1\u03bb\u03ac\u03c4\u03b5\u03c2, \u03c3\u03ac\u03bb\u03c4\u03c3\u03b5\u03c2 \u03bc\u03b5 \u03b2\u03ac\u03c3\u03b7 \u03c4\u03b7\u03bd \u03bd\u03c4\u03bf\u03bc\u03ac\u03c4\u03b1, \u03c0\u03af\u03c4\u03b5\u03c2 \u03ba\u03b1\u03b9 \u03bc\u03c0\u03bf\u03c1\u03bf\u03cd\u03bc\u03b5\" \/>\n<meta property=\"og:url\" content=\"https:\/\/store.myst.gr\/de\/produkt\/organic-oregano-500g\/\" \/>\n<meta property=\"og:site_name\" content=\"MYST\" \/>\n<meta property=\"article:publisher\" content=\"https:\/\/www.facebook.com\/mystfood\" \/>\n<meta property=\"article:modified_time\" content=\"2026-02-26T07:59:27+00:00\" \/>\n<meta property=\"og:image\" content=\"https:\/\/store.myst.gr\/wp-content\/uploads\/2026\/02\/15-Bio-Oregano.jpg\" \/>\n\t<meta property=\"og:image:width\" content=\"1000\" \/>\n\t<meta property=\"og:image:height\" content=\"889\" \/>\n\t<meta property=\"og:image:type\" content=\"image\/jpeg\" \/>\n<meta name=\"twitter:card\" content=\"summary_large_image\" \/>\n<meta name=\"twitter:label1\" content=\"Gesch\u00e4tzte Lesezeit\" \/>\n\t<meta name=\"twitter:data1\" content=\"1\u00a0Minute\" \/>\n<script type=\"application\/ld+json\" class=\"yoast-schema-graph\">{\"@context\":\"https:\\\/\\\/schema.org\",\"@graph\":[{\"@type\":\"WebPage\",\"@id\":\"https:\\\/\\\/store.myst.gr\\\/product\\\/organic-oregano-500g\\\/\",\"url\":\"https:\\\/\\\/store.myst.gr\\\/product\\\/organic-oregano-500g\\\/\",\"name\":\"\u0392\u03b9\u03bf\u03bb\u03bf\u03b3\u03b9\u03ba\u03ae \u03a1\u03af\u03b3\u03b1\u03bd\u03b7 - 500g - MYST\",\"isPartOf\":{\"@id\":\"https:\\\/\\\/store.myst.gr\\\/#website\"},\"primaryImageOfPage\":{\"@id\":\"https:\\\/\\\/store.myst.gr\\\/product\\\/organic-oregano-500g\\\/#primaryimage\"},\"image\":{\"@id\":\"https:\\\/\\\/store.myst.gr\\\/product\\\/organic-oregano-500g\\\/#primaryimage\"},\"thumbnailUrl\":\"https:\\\/\\\/store.myst.gr\\\/wp-content\\\/uploads\\\/2026\\\/02\\\/15-Bio-Oregano.jpg\",\"datePublished\":\"2020-02-04T11:51:49+00:00\",\"dateModified\":\"2026-02-26T07:59:27+00:00\",\"description\":\"\u0397 \u03c1\u03af\u03b3\u03b1\u03bd\u03b7 \u03bc\u03c0\u03bf\u03c1\u03b5\u03af \u03bd\u03b1 \u03c7\u03c1\u03b7\u03c3\u03b9\u03bc\u03bf\u03c0\u03bf\u03b9\u03b7\u03b8\u03b5\u03af \u03c3\u03b5 \u03c0\u03b9\u03ac\u03c4\u03b1 \u03c0\u03bf\u03c5 \u03c0\u03b5\u03c1\u03b9\u03ad\u03c7\u03bf\u03c5\u03bd \u03c0\u03bf\u03c5\u03bb\u03b5\u03c1\u03b9\u03ba\u03ac, \u03c8\u03c9\u03bc\u03af, \u03c0\u03b1\u03c4\u03ac\u03c4\u03b5\u03c2, \u03c4\u03c5\u03c1\u03af \u03c6\u03ad\u03c4\u03b1, \u03c3\u03b1\u03bb\u03ac\u03c4\u03b5\u03c2, \u03c3\u03ac\u03bb\u03c4\u03c3\u03b5\u03c2 \u03bc\u03b5 \u03b2\u03ac\u03c3\u03b7 \u03c4\u03b7\u03bd \u03bd\u03c4\u03bf\u03bc\u03ac\u03c4\u03b1, \u03c0\u03af\u03c4\u03b5\u03c2 \u03ba\u03b1\u03b9 \u03bc\u03c0\u03bf\u03c1\u03bf\u03cd\u03bc\u03b5\",\"breadcrumb\":{\"@id\":\"https:\\\/\\\/store.myst.gr\\\/product\\\/organic-oregano-500g\\\/#breadcrumb\"},\"inLanguage\":\"de\",\"potentialAction\":[{\"@type\":\"ReadAction\",\"target\":[\"https:\\\/\\\/store.myst.gr\\\/product\\\/organic-oregano-500g\\\/\"]}]},{\"@type\":\"ImageObject\",\"inLanguage\":\"de\",\"@id\":\"https:\\\/\\\/store.myst.gr\\\/product\\\/organic-oregano-500g\\\/#primaryimage\",\"url\":\"https:\\\/\\\/store.myst.gr\\\/wp-content\\\/uploads\\\/2026\\\/02\\\/15-Bio-Oregano.jpg\",\"contentUrl\":\"https:\\\/\\\/store.myst.gr\\\/wp-content\\\/uploads\\\/2026\\\/02\\\/15-Bio-Oregano.jpg\",\"width\":1000,\"height\":889},{\"@type\":\"BreadcrumbList\",\"@id\":\"https:\\\/\\\/store.myst.gr\\\/product\\\/organic-oregano-500g\\\/#breadcrumb\",\"itemListElement\":[{\"@type\":\"ListItem\",\"position\":1,\"name\":\"Home\",\"item\":\"https:\\\/\\\/store.myst.gr\\\/\"},{\"@type\":\"ListItem\",\"position\":2,\"name\":\"Shop\",\"item\":\"https:\\\/\\\/store.myst.gr\\\/\"},{\"@type\":\"ListItem\",\"position\":3,\"name\":\"\u0392\u03b9\u03bf\u03bb\u03bf\u03b3\u03b9\u03ba\u03ae \u03a1\u03af\u03b3\u03b1\u03bd\u03b7 &#8211; 500g\"}]},{\"@type\":\"WebSite\",\"@id\":\"https:\\\/\\\/store.myst.gr\\\/#website\",\"url\":\"https:\\\/\\\/store.myst.gr\\\/\",\"name\":\"Myst\",\"description\":\"\u0391\u03bd\u03b1\u03ba\u03b1\u03bb\u03cd\u03c8\u03c4\u03b5 \u03c4\u03b9\u03c2 \u03b3\u03b5\u03cd\u03c3\u03b5\u03b9\u03c2 \u03c4\u03b7\u03c2 \u0395\u03bb\u03bb\u03ac\u03b4\u03b1\u03c2\",\"publisher\":{\"@id\":\"https:\\\/\\\/store.myst.gr\\\/#organization\"},\"potentialAction\":[{\"@type\":\"SearchAction\",\"target\":{\"@type\":\"EntryPoint\",\"urlTemplate\":\"https:\\\/\\\/store.myst.gr\\\/?s={search_term_string}\"},\"query-input\":{\"@type\":\"PropertyValueSpecification\",\"valueRequired\":true,\"valueName\":\"search_term_string\"}}],\"inLanguage\":\"de\"},{\"@type\":\"Organization\",\"@id\":\"https:\\\/\\\/store.myst.gr\\\/#organization\",\"name\":\"MYST\",\"url\":\"https:\\\/\\\/store.myst.gr\\\/\",\"logo\":{\"@type\":\"ImageObject\",\"inLanguage\":\"de\",\"@id\":\"https:\\\/\\\/store.myst.gr\\\/#\\\/schema\\\/logo\\\/image\\\/\",\"url\":\"https:\\\/\\\/store.myst.gr\\\/wp-content\\\/uploads\\\/2024\\\/12\\\/myst-logo-str.svg\",\"contentUrl\":\"https:\\\/\\\/store.myst.gr\\\/wp-content\\\/uploads\\\/2024\\\/12\\\/myst-logo-str.svg\",\"width\":193,\"height\":53,\"caption\":\"MYST\"},\"image\":{\"@id\":\"https:\\\/\\\/store.myst.gr\\\/#\\\/schema\\\/logo\\\/image\\\/\"},\"sameAs\":[\"https:\\\/\\\/www.facebook.com\\\/mystfood\",\"https:\\\/\\\/www.instagram.com\\\/mystcompany\\\/\"]}]}<\/script>\n<!-- \/ Yoast SEO plugin. -->","yoast_head_json":{"title":"\u0392\u03b9\u03bf\u03bb\u03bf\u03b3\u03b9\u03ba\u03ae \u03a1\u03af\u03b3\u03b1\u03bd\u03b7 - 500g - MYST","description":"\u0397 \u03c1\u03af\u03b3\u03b1\u03bd\u03b7 \u03bc\u03c0\u03bf\u03c1\u03b5\u03af \u03bd\u03b1 \u03c7\u03c1\u03b7\u03c3\u03b9\u03bc\u03bf\u03c0\u03bf\u03b9\u03b7\u03b8\u03b5\u03af \u03c3\u03b5 \u03c0\u03b9\u03ac\u03c4\u03b1 \u03c0\u03bf\u03c5 \u03c0\u03b5\u03c1\u03b9\u03ad\u03c7\u03bf\u03c5\u03bd \u03c0\u03bf\u03c5\u03bb\u03b5\u03c1\u03b9\u03ba\u03ac, \u03c8\u03c9\u03bc\u03af, \u03c0\u03b1\u03c4\u03ac\u03c4\u03b5\u03c2, \u03c4\u03c5\u03c1\u03af \u03c6\u03ad\u03c4\u03b1, \u03c3\u03b1\u03bb\u03ac\u03c4\u03b5\u03c2, \u03c3\u03ac\u03bb\u03c4\u03c3\u03b5\u03c2 \u03bc\u03b5 \u03b2\u03ac\u03c3\u03b7 \u03c4\u03b7\u03bd \u03bd\u03c4\u03bf\u03bc\u03ac\u03c4\u03b1, \u03c0\u03af\u03c4\u03b5\u03c2 \u03ba\u03b1\u03b9 \u03bc\u03c0\u03bf\u03c1\u03bf\u03cd\u03bc\u03b5","robots":{"index":"index","follow":"follow","max-snippet":"max-snippet:-1","max-image-preview":"max-image-preview:large","max-video-preview":"max-video-preview:-1"},"canonical":"https:\/\/store.myst.gr\/de\/produkt\/organic-oregano-500g\/","og_locale":"de_DE","og_type":"article","og_title":"\u0392\u03b9\u03bf\u03bb\u03bf\u03b3\u03b9\u03ba\u03ae \u03a1\u03af\u03b3\u03b1\u03bd\u03b7 - 500g - MYST","og_description":"\u0397 \u03c1\u03af\u03b3\u03b1\u03bd\u03b7 \u03bc\u03c0\u03bf\u03c1\u03b5\u03af \u03bd\u03b1 \u03c7\u03c1\u03b7\u03c3\u03b9\u03bc\u03bf\u03c0\u03bf\u03b9\u03b7\u03b8\u03b5\u03af \u03c3\u03b5 \u03c0\u03b9\u03ac\u03c4\u03b1 \u03c0\u03bf\u03c5 \u03c0\u03b5\u03c1\u03b9\u03ad\u03c7\u03bf\u03c5\u03bd \u03c0\u03bf\u03c5\u03bb\u03b5\u03c1\u03b9\u03ba\u03ac, \u03c8\u03c9\u03bc\u03af, \u03c0\u03b1\u03c4\u03ac\u03c4\u03b5\u03c2, \u03c4\u03c5\u03c1\u03af \u03c6\u03ad\u03c4\u03b1, \u03c3\u03b1\u03bb\u03ac\u03c4\u03b5\u03c2, \u03c3\u03ac\u03bb\u03c4\u03c3\u03b5\u03c2 \u03bc\u03b5 \u03b2\u03ac\u03c3\u03b7 \u03c4\u03b7\u03bd \u03bd\u03c4\u03bf\u03bc\u03ac\u03c4\u03b1, \u03c0\u03af\u03c4\u03b5\u03c2 \u03ba\u03b1\u03b9 \u03bc\u03c0\u03bf\u03c1\u03bf\u03cd\u03bc\u03b5","og_url":"https:\/\/store.myst.gr\/de\/produkt\/organic-oregano-500g\/","og_site_name":"MYST","article_publisher":"https:\/\/www.facebook.com\/mystfood","article_modified_time":"2026-02-26T07:59:27+00:00","og_image":[{"width":1000,"height":889,"url":"https:\/\/store.myst.gr\/wp-content\/uploads\/2026\/02\/15-Bio-Oregano.jpg","type":"image\/jpeg"}],"twitter_card":"summary_large_image","twitter_misc":{"Gesch\u00e4tzte Lesezeit":"1\u00a0Minute"},"schema":{"@context":"https:\/\/schema.org","@graph":[{"@type":"WebPage","@id":"https:\/\/store.myst.gr\/product\/organic-oregano-500g\/","url":"https:\/\/store.myst.gr\/product\/organic-oregano-500g\/","name":"\u0392\u03b9\u03bf\u03bb\u03bf\u03b3\u03b9\u03ba\u03ae \u03a1\u03af\u03b3\u03b1\u03bd\u03b7 - 500g - MYST","isPartOf":{"@id":"https:\/\/store.myst.gr\/#website"},"primaryImageOfPage":{"@id":"https:\/\/store.myst.gr\/product\/organic-oregano-500g\/#primaryimage"},"image":{"@id":"https:\/\/store.myst.gr\/product\/organic-oregano-500g\/#primaryimage"},"thumbnailUrl":"https:\/\/store.myst.gr\/wp-content\/uploads\/2026\/02\/15-Bio-Oregano.jpg","datePublished":"2020-02-04T11:51:49+00:00","dateModified":"2026-02-26T07:59:27+00:00","description":"\u0397 \u03c1\u03af\u03b3\u03b1\u03bd\u03b7 \u03bc\u03c0\u03bf\u03c1\u03b5\u03af \u03bd\u03b1 \u03c7\u03c1\u03b7\u03c3\u03b9\u03bc\u03bf\u03c0\u03bf\u03b9\u03b7\u03b8\u03b5\u03af \u03c3\u03b5 \u03c0\u03b9\u03ac\u03c4\u03b1 \u03c0\u03bf\u03c5 \u03c0\u03b5\u03c1\u03b9\u03ad\u03c7\u03bf\u03c5\u03bd \u03c0\u03bf\u03c5\u03bb\u03b5\u03c1\u03b9\u03ba\u03ac, \u03c8\u03c9\u03bc\u03af, \u03c0\u03b1\u03c4\u03ac\u03c4\u03b5\u03c2, \u03c4\u03c5\u03c1\u03af \u03c6\u03ad\u03c4\u03b1, \u03c3\u03b1\u03bb\u03ac\u03c4\u03b5\u03c2, \u03c3\u03ac\u03bb\u03c4\u03c3\u03b5\u03c2 \u03bc\u03b5 \u03b2\u03ac\u03c3\u03b7 \u03c4\u03b7\u03bd \u03bd\u03c4\u03bf\u03bc\u03ac\u03c4\u03b1, \u03c0\u03af\u03c4\u03b5\u03c2 \u03ba\u03b1\u03b9 \u03bc\u03c0\u03bf\u03c1\u03bf\u03cd\u03bc\u03b5","breadcrumb":{"@id":"https:\/\/store.myst.gr\/product\/organic-oregano-500g\/#breadcrumb"},"inLanguage":"de","potentialAction":[{"@type":"ReadAction","target":["https:\/\/store.myst.gr\/product\/organic-oregano-500g\/"]}]},{"@type":"ImageObject","inLanguage":"de","@id":"https:\/\/store.myst.gr\/product\/organic-oregano-500g\/#primaryimage","url":"https:\/\/store.myst.gr\/wp-content\/uploads\/2026\/02\/15-Bio-Oregano.jpg","contentUrl":"https:\/\/store.myst.gr\/wp-content\/uploads\/2026\/02\/15-Bio-Oregano.jpg","width":1000,"height":889},{"@type":"BreadcrumbList","@id":"https:\/\/store.myst.gr\/product\/organic-oregano-500g\/#breadcrumb","itemListElement":[{"@type":"ListItem","position":1,"name":"Home","item":"https:\/\/store.myst.gr\/"},{"@type":"ListItem","position":2,"name":"Shop","item":"https:\/\/store.myst.gr\/"},{"@type":"ListItem","position":3,"name":"\u0392\u03b9\u03bf\u03bb\u03bf\u03b3\u03b9\u03ba\u03ae \u03a1\u03af\u03b3\u03b1\u03bd\u03b7 &#8211; 500g"}]},{"@type":"WebSite","@id":"https:\/\/store.myst.gr\/#website","url":"https:\/\/store.myst.gr\/","name":"Myst","description":"\u0391\u03bd\u03b1\u03ba\u03b1\u03bb\u03cd\u03c8\u03c4\u03b5 \u03c4\u03b9\u03c2 \u03b3\u03b5\u03cd\u03c3\u03b5\u03b9\u03c2 \u03c4\u03b7\u03c2 \u0395\u03bb\u03bb\u03ac\u03b4\u03b1\u03c2","publisher":{"@id":"https:\/\/store.myst.gr\/#organization"},"potentialAction":[{"@type":"SearchAction","target":{"@type":"EntryPoint","urlTemplate":"https:\/\/store.myst.gr\/?s={search_term_string}"},"query-input":{"@type":"PropertyValueSpecification","valueRequired":true,"valueName":"search_term_string"}}],"inLanguage":"de"},{"@type":"Organization","@id":"https:\/\/store.myst.gr\/#organization","name":"MYST","url":"https:\/\/store.myst.gr\/","logo":{"@type":"ImageObject","inLanguage":"de","@id":"https:\/\/store.myst.gr\/#\/schema\/logo\/image\/","url":"https:\/\/store.myst.gr\/wp-content\/uploads\/2024\/12\/myst-logo-str.svg","contentUrl":"https:\/\/store.myst.gr\/wp-content\/uploads\/2024\/12\/myst-logo-str.svg","width":193,"height":53,"caption":"MYST"},"image":{"@id":"https:\/\/store.myst.gr\/#\/schema\/logo\/image\/"},"sameAs":["https:\/\/www.facebook.com\/mystfood","https:\/\/www.instagram.com\/mystcompany\/"]}]}},"_links":{"self":[{"href":"https:\/\/store.myst.gr\/de\/wp-json\/wp\/v2\/product\/15756","targetHints":{"allow":["GET"]}}],"collection":[{"href":"https:\/\/store.myst.gr\/de\/wp-json\/wp\/v2\/product"}],"about":[{"href":"https:\/\/store.myst.gr\/de\/wp-json\/wp\/v2\/types\/product"}],"wp:featuredmedia":[{"embeddable":true,"href":"https:\/\/store.myst.gr\/de\/wp-json\/wp\/v2\/media\/15757"}],"wp:attachment":[{"href":"https:\/\/store.myst.gr\/de\/wp-json\/wp\/v2\/media?parent=15756"}],"wp:term":[{"taxonomy":"product_cat","embeddable":true,"href":"https:\/\/store.myst.gr\/de\/wp-json\/wp\/v2\/product_cat?post=15756"},{"taxonomy":"product_tag","embeddable":true,"href":"https:\/\/store.myst.gr\/de\/wp-json\/wp\/v2\/product_tag?post=15756"}],"curies":[{"name":"wp","href":"https:\/\/api.w.org\/{rel}","templated":true}]}}