{"id":15746,"date":"2019-02-04T10:47:37","date_gmt":"2019-02-04T10:47:37","guid":{"rendered":"https:\/\/store.myst.gr\/?post_type=product&#038;p=15746"},"modified":"2026-03-04T13:19:24","modified_gmt":"2026-03-04T13:19:24","slug":"ammonia-500g","status":"publish","type":"product","link":"https:\/\/store.myst.gr\/de\/product\/ammonia-500g\/","title":{"rendered":"Hirschhornsalz (B\u00e4ckerammoniak) \u2013 500g"},"content":{"rendered":"<p data-start=\"141\" data-end=\"481\">Hirschhornsalz ist ein traditionelles Triebmittel von hoher Reinheit, das haupts\u00e4chlich in der B\u00e4ckerei f\u00fcr trockene und knusprige Backwaren verwendet wird. Es besteht aus Ammoniumhydrogencarbonat und ist bekannt f\u00fcr seine starke Triebkraft und hervorragende Ergebnisse bei speziellen Rezepten.<\/p>\n<p data-start=\"483\" data-end=\"633\">W\u00e4hrend des Backens verdampft das Ammoniak vollst\u00e4ndig und hinterl\u00e4sst leichte, luftige und knusprige Backwaren \u2013 ohne R\u00fcckst\u00e4nde von Geruch oder Geschmack, sofern es richtig verwendet wird.<\/p>\n<p data-start=\"408\" data-end=\"552\"><strong data-start=\"218\" data-end=\"232\">Zutaten :<\/strong> Ammoniumhydrogencarbonat (E503ii).<\/p>\n<h3 data-start=\"559\" data-end=\"616\">\ud83c\udf6a Verwendung von Hirschhornsalz<\/h3>\n<p>&nbsp;<\/p>\n<p data-start=\"708\" data-end=\"918\">Ideal f\u00fcr traditionelle Kekse, Pl\u00e4tzchen, Zwieback, Cracker und d\u00fcnne, knusprige Geb\u00e4cke. Sorgt f\u00fcr eine ausgezeichnete Lockerung und eine charakteristische Knusprigkeit, die mit anderen Triebmitteln nur schwer zu erreichen ist.<\/p>\n<p data-start=\"920\" data-end=\"1140\">Nicht geeignet f\u00fcr Kuchen oder dicke Teige, da eine vollst\u00e4ndige Verdampfung w\u00e4hrend des Backens erforderlich ist. Ein unverzichtbarer Bestandteil traditioneller und professioneller Backrezepte, bei denen Pr\u00e4zision und authentische Ergebnisse gefragt sind.<\/p>\n<p>\ud83e\ude7a Hinweis:<\/p>\n<p>Die bereitgestellten Informationen dienen nur zu Informationszwecken und stellen keine medizinische Beratung dar.<br \/>\nBei gesundheitlichen Fragen wenden Sie sich bitte an Ihren Arzt oder Ern\u00e4hrungsberater.<\/p>","protected":false},"excerpt":{"rendered":"<p data-start=\"995\" data-end=\"1125\">Sorgt f\u00fcr eine ausgezeichnete Lockerung und eine charakteristische Knusprigkeit, die mit anderen Triebmitteln nur schwer zu erreichen ist.<\/p>\n<p><strong>Nettof\u00fcllmenge: e 500g<\/strong><\/p>\n<p><strong>Die besten Produkte aus Griechenland direkt auf Ihren Tisch geliefert und kostenloser Versand bei Bestellungen \u00fcber 120 \u20ac innerhalb Europas.<\/strong><\/p>","protected":false},"featured_media":15733,"template":"","meta":{"_acf_changed":false,"inline_featured_image":false},"product_cat":[634,636,624,625,15],"product_tag":[323,642,613],"class_list":{"0":"post-15746","1":"product","2":"type-product","3":"status-publish","4":"has-post-thumbnail","6":"product_cat-horeca","7":"product_cat-horeca-spices","8":"product_cat-pastry-confectionery","9":"product_cat-spices","10":"product_cat-vall","11":"product_tag-cataloguejuly","12":"product_tag-horeca","13":"product_tag-spices","15":"first","16":"instock","17":"taxable","18":"shipping-taxable","19":"purchasable","20":"product-type-simple"},"acf":[],"yoast_head":"<!-- This site is optimized with the Yoast SEO plugin v27.4 - https:\/\/yoast.com\/product\/yoast-seo-wordpress\/ -->\n<title>\u0391\u03bc\u03bc\u03c9\u03bd\u03af\u03b1 \u0396\u03b1\u03c7\u03b1\u03c1\u03bf\u03c0\u03bb\u03b1\u03c3\u03c4\u03b9\u03ba\u03ae\u03c2 - 500g - MYST<\/title>\n<meta name=\"description\" content=\"\u0391\u03c0\u03bf\u03c4\u03b5\u03bb\u03b5\u03af \u03b2\u03b1\u03c3\u03b9\u03ba\u03cc \u03c3\u03c5\u03c3\u03c4\u03b1\u03c4\u03b9\u03ba\u03cc \u03b3\u03b9\u03b1 \u03b5\u03c0\u03b1\u03b3\u03b3\u03b5\u03bb\u03bc\u03b1\u03c4\u03b9\u03ba\u03ad\u03c2 \u03ba\u03bf\u03c5\u03b6\u03af\u03bd\u03b5\u03c2 \u03ba\u03b1\u03b9 \u03b5\u03c1\u03b3\u03b1\u03c3\u03c4\u03ae\u03c1\u03b9\u03b1 \u03b6\u03b1\u03c7\u03b1\u03c1\u03bf\u03c0\u03bb\u03b1\u03c3\u03c4\u03b9\u03ba\u03ae\u03c2 \u03c0\u03bf\u03c5 \u03b1\u03c0\u03b1\u03b9\u03c4\u03bf\u03cd\u03bd \u03b1\u03ba\u03c1\u03af\u03b2\u03b5\u03b9\u03b1 \u03ba\u03b1\u03b9 \u03c3\u03c4\u03b1\u03b8\u03b5\u03c1\u03cc \u03b1\u03c0\u03bf\u03c4\u03ad\u03bb\u03b5\u03c3\u03bc\u03b1.\" \/>\n<meta name=\"robots\" content=\"index, follow, max-snippet:-1, max-image-preview:large, max-video-preview:-1\" \/>\n<link rel=\"canonical\" href=\"https:\/\/store.myst.gr\/de\/produkt\/ammonia-500g\/\" \/>\n<meta property=\"og:locale\" content=\"de_DE\" \/>\n<meta property=\"og:type\" content=\"article\" \/>\n<meta property=\"og:title\" content=\"\u0391\u03bc\u03bc\u03c9\u03bd\u03af\u03b1 \u0396\u03b1\u03c7\u03b1\u03c1\u03bf\u03c0\u03bb\u03b1\u03c3\u03c4\u03b9\u03ba\u03ae\u03c2 - 500g - MYST\" \/>\n<meta property=\"og:description\" content=\"\u0391\u03c0\u03bf\u03c4\u03b5\u03bb\u03b5\u03af \u03b2\u03b1\u03c3\u03b9\u03ba\u03cc \u03c3\u03c5\u03c3\u03c4\u03b1\u03c4\u03b9\u03ba\u03cc \u03b3\u03b9\u03b1 \u03b5\u03c0\u03b1\u03b3\u03b3\u03b5\u03bb\u03bc\u03b1\u03c4\u03b9\u03ba\u03ad\u03c2 \u03ba\u03bf\u03c5\u03b6\u03af\u03bd\u03b5\u03c2 \u03ba\u03b1\u03b9 \u03b5\u03c1\u03b3\u03b1\u03c3\u03c4\u03ae\u03c1\u03b9\u03b1 \u03b6\u03b1\u03c7\u03b1\u03c1\u03bf\u03c0\u03bb\u03b1\u03c3\u03c4\u03b9\u03ba\u03ae\u03c2 \u03c0\u03bf\u03c5 \u03b1\u03c0\u03b1\u03b9\u03c4\u03bf\u03cd\u03bd \u03b1\u03ba\u03c1\u03af\u03b2\u03b5\u03b9\u03b1 \u03ba\u03b1\u03b9 \u03c3\u03c4\u03b1\u03b8\u03b5\u03c1\u03cc \u03b1\u03c0\u03bf\u03c4\u03ad\u03bb\u03b5\u03c3\u03bc\u03b1.\" \/>\n<meta property=\"og:url\" content=\"https:\/\/store.myst.gr\/de\/produkt\/ammonia-500g\/\" \/>\n<meta property=\"og:site_name\" content=\"MYST\" \/>\n<meta property=\"article:publisher\" content=\"https:\/\/www.facebook.com\/mystfood\" \/>\n<meta property=\"article:modified_time\" content=\"2026-03-04T13:19:24+00:00\" \/>\n<meta property=\"og:image\" content=\"https:\/\/store.myst.gr\/wp-content\/uploads\/2020\/01\/34-Ammonia.jpg\" \/>\n\t<meta property=\"og:image:width\" content=\"1000\" \/>\n\t<meta property=\"og:image:height\" content=\"889\" \/>\n\t<meta property=\"og:image:type\" content=\"image\/jpeg\" \/>\n<meta name=\"twitter:card\" content=\"summary_large_image\" \/>\n<meta name=\"twitter:label1\" content=\"Gesch\u00e4tzte Lesezeit\" \/>\n\t<meta name=\"twitter:data1\" content=\"2\u00a0Minuten\" \/>\n<script type=\"application\/ld+json\" class=\"yoast-schema-graph\">{\"@context\":\"https:\\\/\\\/schema.org\",\"@graph\":[{\"@type\":\"WebPage\",\"@id\":\"https:\\\/\\\/store.myst.gr\\\/product\\\/ammonia-500g\\\/\",\"url\":\"https:\\\/\\\/store.myst.gr\\\/product\\\/ammonia-500g\\\/\",\"name\":\"\u0391\u03bc\u03bc\u03c9\u03bd\u03af\u03b1 \u0396\u03b1\u03c7\u03b1\u03c1\u03bf\u03c0\u03bb\u03b1\u03c3\u03c4\u03b9\u03ba\u03ae\u03c2 - 500g - MYST\",\"isPartOf\":{\"@id\":\"https:\\\/\\\/store.myst.gr\\\/#website\"},\"primaryImageOfPage\":{\"@id\":\"https:\\\/\\\/store.myst.gr\\\/product\\\/ammonia-500g\\\/#primaryimage\"},\"image\":{\"@id\":\"https:\\\/\\\/store.myst.gr\\\/product\\\/ammonia-500g\\\/#primaryimage\"},\"thumbnailUrl\":\"https:\\\/\\\/store.myst.gr\\\/wp-content\\\/uploads\\\/2020\\\/01\\\/34-Ammonia.jpg\",\"datePublished\":\"2019-02-04T10:47:37+00:00\",\"dateModified\":\"2026-03-04T13:19:24+00:00\",\"description\":\"\u0391\u03c0\u03bf\u03c4\u03b5\u03bb\u03b5\u03af \u03b2\u03b1\u03c3\u03b9\u03ba\u03cc \u03c3\u03c5\u03c3\u03c4\u03b1\u03c4\u03b9\u03ba\u03cc \u03b3\u03b9\u03b1 \u03b5\u03c0\u03b1\u03b3\u03b3\u03b5\u03bb\u03bc\u03b1\u03c4\u03b9\u03ba\u03ad\u03c2 \u03ba\u03bf\u03c5\u03b6\u03af\u03bd\u03b5\u03c2 \u03ba\u03b1\u03b9 \u03b5\u03c1\u03b3\u03b1\u03c3\u03c4\u03ae\u03c1\u03b9\u03b1 \u03b6\u03b1\u03c7\u03b1\u03c1\u03bf\u03c0\u03bb\u03b1\u03c3\u03c4\u03b9\u03ba\u03ae\u03c2 \u03c0\u03bf\u03c5 \u03b1\u03c0\u03b1\u03b9\u03c4\u03bf\u03cd\u03bd \u03b1\u03ba\u03c1\u03af\u03b2\u03b5\u03b9\u03b1 \u03ba\u03b1\u03b9 \u03c3\u03c4\u03b1\u03b8\u03b5\u03c1\u03cc \u03b1\u03c0\u03bf\u03c4\u03ad\u03bb\u03b5\u03c3\u03bc\u03b1.\",\"breadcrumb\":{\"@id\":\"https:\\\/\\\/store.myst.gr\\\/product\\\/ammonia-500g\\\/#breadcrumb\"},\"inLanguage\":\"de\",\"potentialAction\":[{\"@type\":\"ReadAction\",\"target\":[\"https:\\\/\\\/store.myst.gr\\\/product\\\/ammonia-500g\\\/\"]}]},{\"@type\":\"ImageObject\",\"inLanguage\":\"de\",\"@id\":\"https:\\\/\\\/store.myst.gr\\\/product\\\/ammonia-500g\\\/#primaryimage\",\"url\":\"https:\\\/\\\/store.myst.gr\\\/wp-content\\\/uploads\\\/2020\\\/01\\\/34-Ammonia.jpg\",\"contentUrl\":\"https:\\\/\\\/store.myst.gr\\\/wp-content\\\/uploads\\\/2020\\\/01\\\/34-Ammonia.jpg\",\"width\":1000,\"height\":889},{\"@type\":\"BreadcrumbList\",\"@id\":\"https:\\\/\\\/store.myst.gr\\\/product\\\/ammonia-500g\\\/#breadcrumb\",\"itemListElement\":[{\"@type\":\"ListItem\",\"position\":1,\"name\":\"Home\",\"item\":\"https:\\\/\\\/store.myst.gr\\\/\"},{\"@type\":\"ListItem\",\"position\":2,\"name\":\"Shop\",\"item\":\"https:\\\/\\\/store.myst.gr\\\/\"},{\"@type\":\"ListItem\",\"position\":3,\"name\":\"\u0391\u03bc\u03bc\u03c9\u03bd\u03af\u03b1 \u0396\u03b1\u03c7\u03b1\u03c1\u03bf\u03c0\u03bb\u03b1\u03c3\u03c4\u03b9\u03ba\u03ae\u03c2 &#8211; 500g\"}]},{\"@type\":\"WebSite\",\"@id\":\"https:\\\/\\\/store.myst.gr\\\/#website\",\"url\":\"https:\\\/\\\/store.myst.gr\\\/\",\"name\":\"Myst\",\"description\":\"\u0391\u03bd\u03b1\u03ba\u03b1\u03bb\u03cd\u03c8\u03c4\u03b5 \u03c4\u03b9\u03c2 \u03b3\u03b5\u03cd\u03c3\u03b5\u03b9\u03c2 \u03c4\u03b7\u03c2 \u0395\u03bb\u03bb\u03ac\u03b4\u03b1\u03c2\",\"publisher\":{\"@id\":\"https:\\\/\\\/store.myst.gr\\\/#organization\"},\"potentialAction\":[{\"@type\":\"SearchAction\",\"target\":{\"@type\":\"EntryPoint\",\"urlTemplate\":\"https:\\\/\\\/store.myst.gr\\\/?s={search_term_string}\"},\"query-input\":{\"@type\":\"PropertyValueSpecification\",\"valueRequired\":true,\"valueName\":\"search_term_string\"}}],\"inLanguage\":\"de\"},{\"@type\":\"Organization\",\"@id\":\"https:\\\/\\\/store.myst.gr\\\/#organization\",\"name\":\"MYST\",\"url\":\"https:\\\/\\\/store.myst.gr\\\/\",\"logo\":{\"@type\":\"ImageObject\",\"inLanguage\":\"de\",\"@id\":\"https:\\\/\\\/store.myst.gr\\\/#\\\/schema\\\/logo\\\/image\\\/\",\"url\":\"https:\\\/\\\/store.myst.gr\\\/wp-content\\\/uploads\\\/2024\\\/12\\\/myst-logo-str.svg\",\"contentUrl\":\"https:\\\/\\\/store.myst.gr\\\/wp-content\\\/uploads\\\/2024\\\/12\\\/myst-logo-str.svg\",\"width\":193,\"height\":53,\"caption\":\"MYST\"},\"image\":{\"@id\":\"https:\\\/\\\/store.myst.gr\\\/#\\\/schema\\\/logo\\\/image\\\/\"},\"sameAs\":[\"https:\\\/\\\/www.facebook.com\\\/mystfood\",\"https:\\\/\\\/www.instagram.com\\\/mystcompany\\\/\"]}]}<\/script>\n<!-- \/ Yoast SEO plugin. -->","yoast_head_json":{"title":"\u0391\u03bc\u03bc\u03c9\u03bd\u03af\u03b1 \u0396\u03b1\u03c7\u03b1\u03c1\u03bf\u03c0\u03bb\u03b1\u03c3\u03c4\u03b9\u03ba\u03ae\u03c2 - 500g - MYST","description":"Ein unverzichtbarer Bestandteil f\u00fcr professionelle K\u00fcchen und Konditoreien, die pr\u00e4zise und konstante Ergebnisse verlangen.","robots":{"index":"index","follow":"follow","max-snippet":"max-snippet:-1","max-image-preview":"max-image-preview:large","max-video-preview":"max-video-preview:-1"},"canonical":"https:\/\/store.myst.gr\/de\/produkt\/ammonia-500g\/","og_locale":"de_DE","og_type":"article","og_title":"\u0391\u03bc\u03bc\u03c9\u03bd\u03af\u03b1 \u0396\u03b1\u03c7\u03b1\u03c1\u03bf\u03c0\u03bb\u03b1\u03c3\u03c4\u03b9\u03ba\u03ae\u03c2 - 500g - MYST","og_description":"\u0391\u03c0\u03bf\u03c4\u03b5\u03bb\u03b5\u03af \u03b2\u03b1\u03c3\u03b9\u03ba\u03cc \u03c3\u03c5\u03c3\u03c4\u03b1\u03c4\u03b9\u03ba\u03cc \u03b3\u03b9\u03b1 \u03b5\u03c0\u03b1\u03b3\u03b3\u03b5\u03bb\u03bc\u03b1\u03c4\u03b9\u03ba\u03ad\u03c2 \u03ba\u03bf\u03c5\u03b6\u03af\u03bd\u03b5\u03c2 \u03ba\u03b1\u03b9 \u03b5\u03c1\u03b3\u03b1\u03c3\u03c4\u03ae\u03c1\u03b9\u03b1 \u03b6\u03b1\u03c7\u03b1\u03c1\u03bf\u03c0\u03bb\u03b1\u03c3\u03c4\u03b9\u03ba\u03ae\u03c2 \u03c0\u03bf\u03c5 \u03b1\u03c0\u03b1\u03b9\u03c4\u03bf\u03cd\u03bd \u03b1\u03ba\u03c1\u03af\u03b2\u03b5\u03b9\u03b1 \u03ba\u03b1\u03b9 \u03c3\u03c4\u03b1\u03b8\u03b5\u03c1\u03cc \u03b1\u03c0\u03bf\u03c4\u03ad\u03bb\u03b5\u03c3\u03bc\u03b1.","og_url":"https:\/\/store.myst.gr\/de\/produkt\/ammonia-500g\/","og_site_name":"MYST","article_publisher":"https:\/\/www.facebook.com\/mystfood","article_modified_time":"2026-03-04T13:19:24+00:00","og_image":[{"width":1000,"height":889,"url":"https:\/\/store.myst.gr\/wp-content\/uploads\/2020\/01\/34-Ammonia.jpg","type":"image\/jpeg"}],"twitter_card":"summary_large_image","twitter_misc":{"Gesch\u00e4tzte Lesezeit":"2\u00a0Minuten"},"schema":{"@context":"https:\/\/schema.org","@graph":[{"@type":"WebPage","@id":"https:\/\/store.myst.gr\/product\/ammonia-500g\/","url":"https:\/\/store.myst.gr\/product\/ammonia-500g\/","name":"\u0391\u03bc\u03bc\u03c9\u03bd\u03af\u03b1 \u0396\u03b1\u03c7\u03b1\u03c1\u03bf\u03c0\u03bb\u03b1\u03c3\u03c4\u03b9\u03ba\u03ae\u03c2 - 500g - MYST","isPartOf":{"@id":"https:\/\/store.myst.gr\/#website"},"primaryImageOfPage":{"@id":"https:\/\/store.myst.gr\/product\/ammonia-500g\/#primaryimage"},"image":{"@id":"https:\/\/store.myst.gr\/product\/ammonia-500g\/#primaryimage"},"thumbnailUrl":"https:\/\/store.myst.gr\/wp-content\/uploads\/2020\/01\/34-Ammonia.jpg","datePublished":"2019-02-04T10:47:37+00:00","dateModified":"2026-03-04T13:19:24+00:00","description":"Ein unverzichtbarer Bestandteil f\u00fcr professionelle K\u00fcchen und Konditoreien, die pr\u00e4zise und konstante Ergebnisse verlangen.","breadcrumb":{"@id":"https:\/\/store.myst.gr\/product\/ammonia-500g\/#breadcrumb"},"inLanguage":"de","potentialAction":[{"@type":"ReadAction","target":["https:\/\/store.myst.gr\/product\/ammonia-500g\/"]}]},{"@type":"ImageObject","inLanguage":"de","@id":"https:\/\/store.myst.gr\/product\/ammonia-500g\/#primaryimage","url":"https:\/\/store.myst.gr\/wp-content\/uploads\/2020\/01\/34-Ammonia.jpg","contentUrl":"https:\/\/store.myst.gr\/wp-content\/uploads\/2020\/01\/34-Ammonia.jpg","width":1000,"height":889},{"@type":"BreadcrumbList","@id":"https:\/\/store.myst.gr\/product\/ammonia-500g\/#breadcrumb","itemListElement":[{"@type":"ListItem","position":1,"name":"Home","item":"https:\/\/store.myst.gr\/"},{"@type":"ListItem","position":2,"name":"Shop","item":"https:\/\/store.myst.gr\/"},{"@type":"ListItem","position":3,"name":"\u0391\u03bc\u03bc\u03c9\u03bd\u03af\u03b1 \u0396\u03b1\u03c7\u03b1\u03c1\u03bf\u03c0\u03bb\u03b1\u03c3\u03c4\u03b9\u03ba\u03ae\u03c2 &#8211; 500g"}]},{"@type":"WebSite","@id":"https:\/\/store.myst.gr\/#website","url":"https:\/\/store.myst.gr\/","name":"Myst","description":"\u0391\u03bd\u03b1\u03ba\u03b1\u03bb\u03cd\u03c8\u03c4\u03b5 \u03c4\u03b9\u03c2 \u03b3\u03b5\u03cd\u03c3\u03b5\u03b9\u03c2 \u03c4\u03b7\u03c2 \u0395\u03bb\u03bb\u03ac\u03b4\u03b1\u03c2","publisher":{"@id":"https:\/\/store.myst.gr\/#organization"},"potentialAction":[{"@type":"SearchAction","target":{"@type":"EntryPoint","urlTemplate":"https:\/\/store.myst.gr\/?s={search_term_string}"},"query-input":{"@type":"PropertyValueSpecification","valueRequired":true,"valueName":"search_term_string"}}],"inLanguage":"de"},{"@type":"Organization","@id":"https:\/\/store.myst.gr\/#organization","name":"MYST","url":"https:\/\/store.myst.gr\/","logo":{"@type":"ImageObject","inLanguage":"de","@id":"https:\/\/store.myst.gr\/#\/schema\/logo\/image\/","url":"https:\/\/store.myst.gr\/wp-content\/uploads\/2024\/12\/myst-logo-str.svg","contentUrl":"https:\/\/store.myst.gr\/wp-content\/uploads\/2024\/12\/myst-logo-str.svg","width":193,"height":53,"caption":"MYST"},"image":{"@id":"https:\/\/store.myst.gr\/#\/schema\/logo\/image\/"},"sameAs":["https:\/\/www.facebook.com\/mystfood","https:\/\/www.instagram.com\/mystcompany\/"]}]}},"_links":{"self":[{"href":"https:\/\/store.myst.gr\/de\/wp-json\/wp\/v2\/product\/15746","targetHints":{"allow":["GET"]}}],"collection":[{"href":"https:\/\/store.myst.gr\/de\/wp-json\/wp\/v2\/product"}],"about":[{"href":"https:\/\/store.myst.gr\/de\/wp-json\/wp\/v2\/types\/product"}],"wp:featuredmedia":[{"embeddable":true,"href":"https:\/\/store.myst.gr\/de\/wp-json\/wp\/v2\/media\/15733"}],"wp:attachment":[{"href":"https:\/\/store.myst.gr\/de\/wp-json\/wp\/v2\/media?parent=15746"}],"wp:term":[{"taxonomy":"product_cat","embeddable":true,"href":"https:\/\/store.myst.gr\/de\/wp-json\/wp\/v2\/product_cat?post=15746"},{"taxonomy":"product_tag","embeddable":true,"href":"https:\/\/store.myst.gr\/de\/wp-json\/wp\/v2\/product_tag?post=15746"}],"curies":[{"name":"wp","href":"https:\/\/api.w.org\/{rel}","templated":true}]}}