{"id":15382,"date":"2020-01-27T08:06:10","date_gmt":"2020-01-27T08:06:10","guid":{"rendered":"https:\/\/store.myst.gr\/?post_type=product&#038;p=15382"},"modified":"2026-02-18T12:37:14","modified_gmt":"2026-02-18T12:37:14","slug":"allspice-500g","status":"publish","type":"product","link":"https:\/\/store.myst.gr\/de\/product\/allspice-500g\/","title":{"rendered":"Piment Gemahlen \u2013 500g"},"content":{"rendered":"<p>Gewonnen aus den getrockneten Beeren des Pimenta dioica-Baumes aus der Karibik und Mittelamerika, ist Piment ein unverzichtbares Gew\u00fcrz in der mediterranen, nah\u00f6stlichen, karibischen und lateinamerikanischen K\u00fcche. Es passt hervorragend zu Fleisch, Eint\u00f6pfen, Gem\u00fcse, Reisgerichten, Geb\u00e4ck, Marinaden und winterlichen Getr\u00e4nken.<\/p>\n<h3><strong>\ud83c\udf3f Verwendung von Piment Gemahlen<\/strong><\/h3>\n<p>&nbsp;<\/p>\n<p>Piment Gemahlen ist sehr aromatisch, daher gen\u00fcgen kleine Mengen. Verwenden Sie es in Eint\u00f6pfen, Fleischgerichten, Saucen, Suppen, Gem\u00fcsegerichten, Backwaren und Gew\u00fcrzmischungen.<\/p>\n<p>Es harmoniert wunderbar mit Zimt, Nelken, Kardamom und Muskatnuss f\u00fcr warme, ausgewogene Aromen.<\/p>\n<p>\ud83e\ude7a Hinweis:<\/p>\n<p>Die bereitgestellten Informationen dienen nur zu Informationszwecken und stellen keine medizinische Beratung dar.<br \/>\nBei gesundheitlichen Fragen wenden Sie sich bitte an Ihren Arzt oder Ern\u00e4hrungsberater.<\/p>","protected":false},"excerpt":{"rendered":"<p class=\"p1\">Gemahlener Piment ist ein warmes, aromatisches Gew\u00fcrz mit einem ausgewogenen Geschmack, der an eine Mischung aus Zimt, Nelken, Muskatnuss und Pfeffer erinnert. Mit seiner dunkelbraunen Farbe und seinem s\u00fc\u00df-w\u00fcrzigen Duft verleiht es herzhaften Gerichten und Desserts Tiefe und Eleganz.<\/p>\n<p class=\"p1\">Ohne Konservierungsstoffe oder Zus\u00e4tze. 100 % nat\u00fcrliches Produkt.<\/p>\n<p><strong>Nettof\u00fcllmenge: e 500g<\/strong><\/p>\n<p><strong>Die besten Produkte aus Griechenland direkt auf Ihren Tisch geliefert und kostenloser Versand bei Bestellungen \u00fcber 120 \u20ac innerhalb Europas.<\/strong><\/p>","protected":false},"featured_media":15726,"template":"","meta":{"_acf_changed":false,"inline_featured_image":false},"product_cat":[634,636,625,15],"product_tag":[323,642,613],"class_list":{"0":"post-15382","1":"product","2":"type-product","3":"status-publish","4":"has-post-thumbnail","6":"product_cat-horeca","7":"product_cat-horeca-spices","8":"product_cat-spices","9":"product_cat-vall","10":"product_tag-cataloguejuly","11":"product_tag-horeca","12":"product_tag-spices","14":"first","15":"instock","16":"taxable","17":"shipping-taxable","18":"purchasable","19":"product-type-simple"},"acf":[],"yoast_head":"<!-- This site is optimized with the Yoast SEO plugin v27.4 - https:\/\/yoast.com\/product\/yoast-seo-wordpress\/ -->\n<title>\u039c\u03c0\u03b1\u03c7\u03ac\u03c1\u03b9 \u03a4\u03c1\u03b9\u03bc\u03bc\u03ad\u03bd\u03bf - 500g - MYST<\/title>\n<meta name=\"description\" content=\"\u03a4\u03bf \u03a4\u03c1\u03b9\u03bc\u03bc\u03ad\u03bd\u03bf \u039c\u03c0\u03b1\u03c7\u03ac\u03c1\u03b9 \u03b5\u03af\u03bd\u03b1\u03b9 \u03ad\u03bd\u03b1 \u03b6\u03b5\u03c3\u03c4\u03cc, \u03b1\u03c1\u03c9\u03bc\u03b1\u03c4\u03b9\u03ba\u03cc \u03bc\u03c0\u03b1\u03c7\u03b1\u03c1\u03b9\u03ba\u03cc \u03bc\u03b5 \u03bc\u03b9\u03b1 \u03bc\u03bf\u03bd\u03b1\u03b4\u03b9\u03ba\u03ae, \u03c3\u03c4\u03c1\u03bf\u03b3\u03b3\u03c5\u03bb\u03ae \u03b3\u03b5\u03cd\u03c3\u03b7 \u03c0\u03bf\u03c5 \u03b8\u03c5\u03bc\u03af\u03b6\u03b5\u03b9 \u03c3\u03c5\u03bd\u03b4\u03c5\u03b1\u03c3\u03bc\u03cc \u03ba\u03b1\u03bd\u03ad\u03bb\u03b1\u03c2, \u03b3\u03b1\u03c1\u03cd\u03c6\u03b1\u03bb\u03bb\u03bf\u03c5, \u03bc\u03bf\u03c3\u03c7\u03bf\u03ba\u03ac\u03c1\u03c5\u03b4\u03bf\u03c5 \u03ba\u03b1\u03b9\" \/>\n<meta name=\"robots\" content=\"index, follow, max-snippet:-1, max-image-preview:large, max-video-preview:-1\" \/>\n<link rel=\"canonical\" href=\"https:\/\/store.myst.gr\/de\/produkt\/allspice-500g\/\" \/>\n<meta property=\"og:locale\" content=\"de_DE\" \/>\n<meta property=\"og:type\" content=\"article\" \/>\n<meta property=\"og:title\" content=\"\u039c\u03c0\u03b1\u03c7\u03ac\u03c1\u03b9 \u03a4\u03c1\u03b9\u03bc\u03bc\u03ad\u03bd\u03bf - 500g - MYST\" \/>\n<meta property=\"og:description\" content=\"\u03a4\u03bf \u03a4\u03c1\u03b9\u03bc\u03bc\u03ad\u03bd\u03bf \u039c\u03c0\u03b1\u03c7\u03ac\u03c1\u03b9 \u03b5\u03af\u03bd\u03b1\u03b9 \u03ad\u03bd\u03b1 \u03b6\u03b5\u03c3\u03c4\u03cc, \u03b1\u03c1\u03c9\u03bc\u03b1\u03c4\u03b9\u03ba\u03cc \u03bc\u03c0\u03b1\u03c7\u03b1\u03c1\u03b9\u03ba\u03cc \u03bc\u03b5 \u03bc\u03b9\u03b1 \u03bc\u03bf\u03bd\u03b1\u03b4\u03b9\u03ba\u03ae, \u03c3\u03c4\u03c1\u03bf\u03b3\u03b3\u03c5\u03bb\u03ae \u03b3\u03b5\u03cd\u03c3\u03b7 \u03c0\u03bf\u03c5 \u03b8\u03c5\u03bc\u03af\u03b6\u03b5\u03b9 \u03c3\u03c5\u03bd\u03b4\u03c5\u03b1\u03c3\u03bc\u03cc \u03ba\u03b1\u03bd\u03ad\u03bb\u03b1\u03c2, \u03b3\u03b1\u03c1\u03cd\u03c6\u03b1\u03bb\u03bb\u03bf\u03c5, \u03bc\u03bf\u03c3\u03c7\u03bf\u03ba\u03ac\u03c1\u03c5\u03b4\u03bf\u03c5 \u03ba\u03b1\u03b9\" \/>\n<meta property=\"og:url\" content=\"https:\/\/store.myst.gr\/de\/produkt\/allspice-500g\/\" \/>\n<meta property=\"og:site_name\" content=\"MYST\" \/>\n<meta property=\"article:publisher\" content=\"https:\/\/www.facebook.com\/mystfood\" \/>\n<meta property=\"article:modified_time\" content=\"2026-02-18T12:37:14+00:00\" \/>\n<meta property=\"og:image\" content=\"https:\/\/store.myst.gr\/wp-content\/uploads\/2020\/01\/56-Allspice.jpg\" \/>\n\t<meta property=\"og:image:width\" content=\"1000\" \/>\n\t<meta property=\"og:image:height\" content=\"889\" \/>\n\t<meta property=\"og:image:type\" content=\"image\/jpeg\" \/>\n<meta name=\"twitter:card\" content=\"summary_large_image\" \/>\n<meta name=\"twitter:label1\" content=\"Gesch\u00e4tzte Lesezeit\" \/>\n\t<meta name=\"twitter:data1\" content=\"1\u00a0Minute\" \/>\n<script type=\"application\/ld+json\" class=\"yoast-schema-graph\">{\"@context\":\"https:\\\/\\\/schema.org\",\"@graph\":[{\"@type\":\"WebPage\",\"@id\":\"https:\\\/\\\/store.myst.gr\\\/product\\\/allspice-500g\\\/\",\"url\":\"https:\\\/\\\/store.myst.gr\\\/product\\\/allspice-500g\\\/\",\"name\":\"\u039c\u03c0\u03b1\u03c7\u03ac\u03c1\u03b9 \u03a4\u03c1\u03b9\u03bc\u03bc\u03ad\u03bd\u03bf - 500g - MYST\",\"isPartOf\":{\"@id\":\"https:\\\/\\\/store.myst.gr\\\/#website\"},\"primaryImageOfPage\":{\"@id\":\"https:\\\/\\\/store.myst.gr\\\/product\\\/allspice-500g\\\/#primaryimage\"},\"image\":{\"@id\":\"https:\\\/\\\/store.myst.gr\\\/product\\\/allspice-500g\\\/#primaryimage\"},\"thumbnailUrl\":\"https:\\\/\\\/store.myst.gr\\\/wp-content\\\/uploads\\\/2020\\\/01\\\/56-Allspice.jpg\",\"datePublished\":\"2020-01-27T08:06:10+00:00\",\"dateModified\":\"2026-02-18T12:37:14+00:00\",\"description\":\"\u03a4\u03bf \u03a4\u03c1\u03b9\u03bc\u03bc\u03ad\u03bd\u03bf \u039c\u03c0\u03b1\u03c7\u03ac\u03c1\u03b9 \u03b5\u03af\u03bd\u03b1\u03b9 \u03ad\u03bd\u03b1 \u03b6\u03b5\u03c3\u03c4\u03cc, \u03b1\u03c1\u03c9\u03bc\u03b1\u03c4\u03b9\u03ba\u03cc \u03bc\u03c0\u03b1\u03c7\u03b1\u03c1\u03b9\u03ba\u03cc \u03bc\u03b5 \u03bc\u03b9\u03b1 \u03bc\u03bf\u03bd\u03b1\u03b4\u03b9\u03ba\u03ae, \u03c3\u03c4\u03c1\u03bf\u03b3\u03b3\u03c5\u03bb\u03ae \u03b3\u03b5\u03cd\u03c3\u03b7 \u03c0\u03bf\u03c5 \u03b8\u03c5\u03bc\u03af\u03b6\u03b5\u03b9 \u03c3\u03c5\u03bd\u03b4\u03c5\u03b1\u03c3\u03bc\u03cc \u03ba\u03b1\u03bd\u03ad\u03bb\u03b1\u03c2, \u03b3\u03b1\u03c1\u03cd\u03c6\u03b1\u03bb\u03bb\u03bf\u03c5, \u03bc\u03bf\u03c3\u03c7\u03bf\u03ba\u03ac\u03c1\u03c5\u03b4\u03bf\u03c5 \u03ba\u03b1\u03b9\",\"breadcrumb\":{\"@id\":\"https:\\\/\\\/store.myst.gr\\\/product\\\/allspice-500g\\\/#breadcrumb\"},\"inLanguage\":\"de\",\"potentialAction\":[{\"@type\":\"ReadAction\",\"target\":[\"https:\\\/\\\/store.myst.gr\\\/product\\\/allspice-500g\\\/\"]}]},{\"@type\":\"ImageObject\",\"inLanguage\":\"de\",\"@id\":\"https:\\\/\\\/store.myst.gr\\\/product\\\/allspice-500g\\\/#primaryimage\",\"url\":\"https:\\\/\\\/store.myst.gr\\\/wp-content\\\/uploads\\\/2020\\\/01\\\/56-Allspice.jpg\",\"contentUrl\":\"https:\\\/\\\/store.myst.gr\\\/wp-content\\\/uploads\\\/2020\\\/01\\\/56-Allspice.jpg\",\"width\":1000,\"height\":889},{\"@type\":\"BreadcrumbList\",\"@id\":\"https:\\\/\\\/store.myst.gr\\\/product\\\/allspice-500g\\\/#breadcrumb\",\"itemListElement\":[{\"@type\":\"ListItem\",\"position\":1,\"name\":\"Home\",\"item\":\"https:\\\/\\\/store.myst.gr\\\/\"},{\"@type\":\"ListItem\",\"position\":2,\"name\":\"Shop\",\"item\":\"https:\\\/\\\/store.myst.gr\\\/\"},{\"@type\":\"ListItem\",\"position\":3,\"name\":\"\u039c\u03c0\u03b1\u03c7\u03ac\u03c1\u03b9 \u03a4\u03c1\u03b9\u03bc\u03bc\u03ad\u03bd\u03bf &#8211; 500g\"}]},{\"@type\":\"WebSite\",\"@id\":\"https:\\\/\\\/store.myst.gr\\\/#website\",\"url\":\"https:\\\/\\\/store.myst.gr\\\/\",\"name\":\"Myst\",\"description\":\"\u0391\u03bd\u03b1\u03ba\u03b1\u03bb\u03cd\u03c8\u03c4\u03b5 \u03c4\u03b9\u03c2 \u03b3\u03b5\u03cd\u03c3\u03b5\u03b9\u03c2 \u03c4\u03b7\u03c2 \u0395\u03bb\u03bb\u03ac\u03b4\u03b1\u03c2\",\"publisher\":{\"@id\":\"https:\\\/\\\/store.myst.gr\\\/#organization\"},\"potentialAction\":[{\"@type\":\"SearchAction\",\"target\":{\"@type\":\"EntryPoint\",\"urlTemplate\":\"https:\\\/\\\/store.myst.gr\\\/?s={search_term_string}\"},\"query-input\":{\"@type\":\"PropertyValueSpecification\",\"valueRequired\":true,\"valueName\":\"search_term_string\"}}],\"inLanguage\":\"de\"},{\"@type\":\"Organization\",\"@id\":\"https:\\\/\\\/store.myst.gr\\\/#organization\",\"name\":\"MYST\",\"url\":\"https:\\\/\\\/store.myst.gr\\\/\",\"logo\":{\"@type\":\"ImageObject\",\"inLanguage\":\"de\",\"@id\":\"https:\\\/\\\/store.myst.gr\\\/#\\\/schema\\\/logo\\\/image\\\/\",\"url\":\"https:\\\/\\\/store.myst.gr\\\/wp-content\\\/uploads\\\/2024\\\/12\\\/myst-logo-str.svg\",\"contentUrl\":\"https:\\\/\\\/store.myst.gr\\\/wp-content\\\/uploads\\\/2024\\\/12\\\/myst-logo-str.svg\",\"width\":193,\"height\":53,\"caption\":\"MYST\"},\"image\":{\"@id\":\"https:\\\/\\\/store.myst.gr\\\/#\\\/schema\\\/logo\\\/image\\\/\"},\"sameAs\":[\"https:\\\/\\\/www.facebook.com\\\/mystfood\",\"https:\\\/\\\/www.instagram.com\\\/mystcompany\\\/\"]}]}<\/script>\n<!-- \/ Yoast SEO plugin. -->","yoast_head_json":{"title":"\u039c\u03c0\u03b1\u03c7\u03ac\u03c1\u03b9 \u03a4\u03c1\u03b9\u03bc\u03bc\u03ad\u03bd\u03bf - 500g - MYST","description":"\u03a4\u03bf \u03a4\u03c1\u03b9\u03bc\u03bc\u03ad\u03bd\u03bf \u039c\u03c0\u03b1\u03c7\u03ac\u03c1\u03b9 \u03b5\u03af\u03bd\u03b1\u03b9 \u03ad\u03bd\u03b1 \u03b6\u03b5\u03c3\u03c4\u03cc, \u03b1\u03c1\u03c9\u03bc\u03b1\u03c4\u03b9\u03ba\u03cc \u03bc\u03c0\u03b1\u03c7\u03b1\u03c1\u03b9\u03ba\u03cc \u03bc\u03b5 \u03bc\u03b9\u03b1 \u03bc\u03bf\u03bd\u03b1\u03b4\u03b9\u03ba\u03ae, \u03c3\u03c4\u03c1\u03bf\u03b3\u03b3\u03c5\u03bb\u03ae \u03b3\u03b5\u03cd\u03c3\u03b7 \u03c0\u03bf\u03c5 \u03b8\u03c5\u03bc\u03af\u03b6\u03b5\u03b9 \u03c3\u03c5\u03bd\u03b4\u03c5\u03b1\u03c3\u03bc\u03cc \u03ba\u03b1\u03bd\u03ad\u03bb\u03b1\u03c2, \u03b3\u03b1\u03c1\u03cd\u03c6\u03b1\u03bb\u03bb\u03bf\u03c5, \u03bc\u03bf\u03c3\u03c7\u03bf\u03ba\u03ac\u03c1\u03c5\u03b4\u03bf\u03c5 \u03ba\u03b1\u03b9","robots":{"index":"index","follow":"follow","max-snippet":"max-snippet:-1","max-image-preview":"max-image-preview:large","max-video-preview":"max-video-preview:-1"},"canonical":"https:\/\/store.myst.gr\/de\/produkt\/allspice-500g\/","og_locale":"de_DE","og_type":"article","og_title":"\u039c\u03c0\u03b1\u03c7\u03ac\u03c1\u03b9 \u03a4\u03c1\u03b9\u03bc\u03bc\u03ad\u03bd\u03bf - 500g - MYST","og_description":"\u03a4\u03bf \u03a4\u03c1\u03b9\u03bc\u03bc\u03ad\u03bd\u03bf \u039c\u03c0\u03b1\u03c7\u03ac\u03c1\u03b9 \u03b5\u03af\u03bd\u03b1\u03b9 \u03ad\u03bd\u03b1 \u03b6\u03b5\u03c3\u03c4\u03cc, \u03b1\u03c1\u03c9\u03bc\u03b1\u03c4\u03b9\u03ba\u03cc \u03bc\u03c0\u03b1\u03c7\u03b1\u03c1\u03b9\u03ba\u03cc \u03bc\u03b5 \u03bc\u03b9\u03b1 \u03bc\u03bf\u03bd\u03b1\u03b4\u03b9\u03ba\u03ae, \u03c3\u03c4\u03c1\u03bf\u03b3\u03b3\u03c5\u03bb\u03ae \u03b3\u03b5\u03cd\u03c3\u03b7 \u03c0\u03bf\u03c5 \u03b8\u03c5\u03bc\u03af\u03b6\u03b5\u03b9 \u03c3\u03c5\u03bd\u03b4\u03c5\u03b1\u03c3\u03bc\u03cc \u03ba\u03b1\u03bd\u03ad\u03bb\u03b1\u03c2, \u03b3\u03b1\u03c1\u03cd\u03c6\u03b1\u03bb\u03bb\u03bf\u03c5, \u03bc\u03bf\u03c3\u03c7\u03bf\u03ba\u03ac\u03c1\u03c5\u03b4\u03bf\u03c5 \u03ba\u03b1\u03b9","og_url":"https:\/\/store.myst.gr\/de\/produkt\/allspice-500g\/","og_site_name":"MYST","article_publisher":"https:\/\/www.facebook.com\/mystfood","article_modified_time":"2026-02-18T12:37:14+00:00","og_image":[{"width":1000,"height":889,"url":"https:\/\/store.myst.gr\/wp-content\/uploads\/2020\/01\/56-Allspice.jpg","type":"image\/jpeg"}],"twitter_card":"summary_large_image","twitter_misc":{"Gesch\u00e4tzte Lesezeit":"1\u00a0Minute"},"schema":{"@context":"https:\/\/schema.org","@graph":[{"@type":"WebPage","@id":"https:\/\/store.myst.gr\/product\/allspice-500g\/","url":"https:\/\/store.myst.gr\/product\/allspice-500g\/","name":"\u039c\u03c0\u03b1\u03c7\u03ac\u03c1\u03b9 \u03a4\u03c1\u03b9\u03bc\u03bc\u03ad\u03bd\u03bf - 500g - MYST","isPartOf":{"@id":"https:\/\/store.myst.gr\/#website"},"primaryImageOfPage":{"@id":"https:\/\/store.myst.gr\/product\/allspice-500g\/#primaryimage"},"image":{"@id":"https:\/\/store.myst.gr\/product\/allspice-500g\/#primaryimage"},"thumbnailUrl":"https:\/\/store.myst.gr\/wp-content\/uploads\/2020\/01\/56-Allspice.jpg","datePublished":"2020-01-27T08:06:10+00:00","dateModified":"2026-02-18T12:37:14+00:00","description":"\u03a4\u03bf \u03a4\u03c1\u03b9\u03bc\u03bc\u03ad\u03bd\u03bf \u039c\u03c0\u03b1\u03c7\u03ac\u03c1\u03b9 \u03b5\u03af\u03bd\u03b1\u03b9 \u03ad\u03bd\u03b1 \u03b6\u03b5\u03c3\u03c4\u03cc, \u03b1\u03c1\u03c9\u03bc\u03b1\u03c4\u03b9\u03ba\u03cc \u03bc\u03c0\u03b1\u03c7\u03b1\u03c1\u03b9\u03ba\u03cc \u03bc\u03b5 \u03bc\u03b9\u03b1 \u03bc\u03bf\u03bd\u03b1\u03b4\u03b9\u03ba\u03ae, \u03c3\u03c4\u03c1\u03bf\u03b3\u03b3\u03c5\u03bb\u03ae \u03b3\u03b5\u03cd\u03c3\u03b7 \u03c0\u03bf\u03c5 \u03b8\u03c5\u03bc\u03af\u03b6\u03b5\u03b9 \u03c3\u03c5\u03bd\u03b4\u03c5\u03b1\u03c3\u03bc\u03cc \u03ba\u03b1\u03bd\u03ad\u03bb\u03b1\u03c2, \u03b3\u03b1\u03c1\u03cd\u03c6\u03b1\u03bb\u03bb\u03bf\u03c5, \u03bc\u03bf\u03c3\u03c7\u03bf\u03ba\u03ac\u03c1\u03c5\u03b4\u03bf\u03c5 \u03ba\u03b1\u03b9","breadcrumb":{"@id":"https:\/\/store.myst.gr\/product\/allspice-500g\/#breadcrumb"},"inLanguage":"de","potentialAction":[{"@type":"ReadAction","target":["https:\/\/store.myst.gr\/product\/allspice-500g\/"]}]},{"@type":"ImageObject","inLanguage":"de","@id":"https:\/\/store.myst.gr\/product\/allspice-500g\/#primaryimage","url":"https:\/\/store.myst.gr\/wp-content\/uploads\/2020\/01\/56-Allspice.jpg","contentUrl":"https:\/\/store.myst.gr\/wp-content\/uploads\/2020\/01\/56-Allspice.jpg","width":1000,"height":889},{"@type":"BreadcrumbList","@id":"https:\/\/store.myst.gr\/product\/allspice-500g\/#breadcrumb","itemListElement":[{"@type":"ListItem","position":1,"name":"Home","item":"https:\/\/store.myst.gr\/"},{"@type":"ListItem","position":2,"name":"Shop","item":"https:\/\/store.myst.gr\/"},{"@type":"ListItem","position":3,"name":"\u039c\u03c0\u03b1\u03c7\u03ac\u03c1\u03b9 \u03a4\u03c1\u03b9\u03bc\u03bc\u03ad\u03bd\u03bf &#8211; 500g"}]},{"@type":"WebSite","@id":"https:\/\/store.myst.gr\/#website","url":"https:\/\/store.myst.gr\/","name":"Myst","description":"\u0391\u03bd\u03b1\u03ba\u03b1\u03bb\u03cd\u03c8\u03c4\u03b5 \u03c4\u03b9\u03c2 \u03b3\u03b5\u03cd\u03c3\u03b5\u03b9\u03c2 \u03c4\u03b7\u03c2 \u0395\u03bb\u03bb\u03ac\u03b4\u03b1\u03c2","publisher":{"@id":"https:\/\/store.myst.gr\/#organization"},"potentialAction":[{"@type":"SearchAction","target":{"@type":"EntryPoint","urlTemplate":"https:\/\/store.myst.gr\/?s={search_term_string}"},"query-input":{"@type":"PropertyValueSpecification","valueRequired":true,"valueName":"search_term_string"}}],"inLanguage":"de"},{"@type":"Organization","@id":"https:\/\/store.myst.gr\/#organization","name":"MYST","url":"https:\/\/store.myst.gr\/","logo":{"@type":"ImageObject","inLanguage":"de","@id":"https:\/\/store.myst.gr\/#\/schema\/logo\/image\/","url":"https:\/\/store.myst.gr\/wp-content\/uploads\/2024\/12\/myst-logo-str.svg","contentUrl":"https:\/\/store.myst.gr\/wp-content\/uploads\/2024\/12\/myst-logo-str.svg","width":193,"height":53,"caption":"MYST"},"image":{"@id":"https:\/\/store.myst.gr\/#\/schema\/logo\/image\/"},"sameAs":["https:\/\/www.facebook.com\/mystfood","https:\/\/www.instagram.com\/mystcompany\/"]}]}},"_links":{"self":[{"href":"https:\/\/store.myst.gr\/de\/wp-json\/wp\/v2\/product\/15382","targetHints":{"allow":["GET"]}}],"collection":[{"href":"https:\/\/store.myst.gr\/de\/wp-json\/wp\/v2\/product"}],"about":[{"href":"https:\/\/store.myst.gr\/de\/wp-json\/wp\/v2\/types\/product"}],"wp:featuredmedia":[{"embeddable":true,"href":"https:\/\/store.myst.gr\/de\/wp-json\/wp\/v2\/media\/15726"}],"wp:attachment":[{"href":"https:\/\/store.myst.gr\/de\/wp-json\/wp\/v2\/media?parent=15382"}],"wp:term":[{"taxonomy":"product_cat","embeddable":true,"href":"https:\/\/store.myst.gr\/de\/wp-json\/wp\/v2\/product_cat?post=15382"},{"taxonomy":"product_tag","embeddable":true,"href":"https:\/\/store.myst.gr\/de\/wp-json\/wp\/v2\/product_tag?post=15382"}],"curies":[{"name":"wp","href":"https:\/\/api.w.org\/{rel}","templated":true}]}}