{"id":15379,"date":"2020-01-26T17:06:02","date_gmt":"2020-01-26T17:06:02","guid":{"rendered":"https:\/\/store.myst.gr\/?post_type=product&#038;p=15379"},"modified":"2026-03-05T14:45:00","modified_gmt":"2026-03-05T14:45:00","slug":"turmeric-500g","status":"publish","type":"product","link":"https:\/\/store.myst.gr\/de\/product\/turmeric-500g\/","title":{"rendered":"Kurkuma \u2013 500g"},"content":{"rendered":"<p>Der Kurkuma, auch bekannt als Curcuma longa, stammt aus der Wurzel der Kurkumapflanze und zeichnet sich durch seine intensiv goldgelbe Farbe aus. Diese verdankt er der Curcuminverbindung, die Speisen eine warme, nat\u00fcrliche Farbnote verleiht.\n<\/p>\n<p>Er wird h\u00e4ufig in der K\u00fcche und Lebensmittelherstellung verwendet, um So\u00dfen, Reisgerichte, Suppen, Dressings und Marinaden zu verfeinern und zu f\u00e4rben.\n<\/p>\n<h3>\ud83c\udf5b Verwendung von Kurkuma<\/h3>\n<\/p>\n<p>Der Kurkuma ist eines der vielseitigsten Gew\u00fcrze in der K\u00fcche.\n<\/p>\n<p>Verwenden Sie ihn, um:\n<\/p>\n<p>\u2022 P\u00fcree, Reis, Risotto, Pasta oder Quinoa zu f\u00e4rben<br \/>\n\u2022 Gem\u00fcsegerichte, Linsen, Bohnen und Kichererbsen zu verfeinern<br \/>\n\u2022 Fleisch und Gefl\u00fcgel zu bestreuen<br \/>\n\u2022 Suppen, So\u00dfen und Marinaden zu aromatisieren<br \/>\n\u2022 Warme Getr\u00e4nke mit Honig, Zimt, Pfeffer oder Ingwer zuzubereiten<br \/>\n\u2022 Hausgemachten Senf, Dips oder Dressings herzustellen<br \/>\n\u2022 Mit Oliven\u00f6l zu mischen und \u00fcber gebratenes Gem\u00fcse wie Brokkoli, Blumenkohl oder Rosenkohl zu tr\u00e4ufeln\n<\/p>\n<p>Ideal, um Ihren Gerichten Farbe, Milde und einen exotischen Touch zu verleihen.\n<\/p>\n<p>\ud83e\ude7a Hinweis:\n<\/p>\n<p>Die bereitgestellten Informationen dienen nur zu Informationszwecken und stellen keine medizinische Beratung dar.<br \/>\nBei gesundheitlichen Fragen wenden Sie sich bitte an Ihren Arzt oder Ern\u00e4hrungsberater.<\/p>","protected":false},"excerpt":{"rendered":"<p class=\"p1\">Sein Geschmack ist mild und dezent, doch er bringt Farbe, Tiefe und Ausgewogenheit in zahlreiche Gerichte.<\/p>\n<p class=\"p1\">Ohne Konservierungsstoffe oder Zus\u00e4tze. 100 % nat\u00fcrliches Produkt.<\/p>\n<p><strong>Nettof\u00fcllmenge: e 500g<\/strong><\/p>\n<p><strong>Die besten Produkte aus Griechenland direkt auf Ihren Tisch geliefert und kostenloser Versand bei Bestellungen \u00fcber 120 \u20ac innerhalb Europas.<\/strong><\/p>","protected":false},"featured_media":15736,"template":"","meta":{"_acf_changed":false,"inline_featured_image":false},"product_cat":[634,636,625,15],"product_tag":[323,642,613],"class_list":{"0":"post-15379","1":"product","2":"type-product","3":"status-publish","4":"has-post-thumbnail","6":"product_cat-horeca","7":"product_cat-horeca-spices","8":"product_cat-spices","9":"product_cat-vall","10":"product_tag-cataloguejuly","11":"product_tag-horeca","12":"product_tag-spices","14":"first","15":"instock","16":"taxable","17":"shipping-taxable","18":"purchasable","19":"product-type-simple"},"acf":[],"yoast_head":"<!-- This site is optimized with the Yoast SEO plugin v27.4 - https:\/\/yoast.com\/product\/yoast-seo-wordpress\/ -->\n<title>\u039a\u03bf\u03c5\u03c1\u03ba\u03bf\u03c5\u03bc\u03ac\u03c2 - 500g - MYST<\/title>\n<meta name=\"description\" content=\"\u0394\u03b9\u03b1\u03ba\u03c1\u03af\u03bd\u03b5\u03c4\u03b1\u03b9 \u03b3\u03b9\u03b1 \u03c4\u03bf \u03c7\u03c1\u03c5\u03c3\u03b1\u03c6\u03ad\u03bd\u03b9\u03bf \u03c7\u03c1\u03ce\u03bc\u03b1 \u03c4\u03bf\u03c5, \u03c4\u03bf \u03bf\u03c0\u03bf\u03af\u03bf \u03bf\u03c6\u03b5\u03af\u03bb\u03b5\u03c4\u03b1\u03b9 \u03c3\u03c4\u03b7\u03bd \u03ba\u03bf\u03c5\u03c1\u03ba\u03bf\u03c5\u03bc\u03af\u03bd\u03b7, \u03c6\u03c5\u03c3\u03b9\u03ba\u03ae \u03c7\u03c1\u03c9\u03c3\u03c4\u03b9\u03ba\u03ae \u03bf\u03c5\u03c3\u03af\u03b1 \u03bc\u03b5 \u03b9\u03c3\u03c7\u03c5\u03c1\u03ae \u03c0\u03b1\u03c1\u03bf\u03c5\u03c3\u03af\u03b1 \u03c3\u03c4\u03b7 \u03b3\u03b5\u03cd\u03c3\u03b7 \u03ba\u03b1\u03b9 \u03c3\u03c4\u03b7\u03bd \u03b5\u03bc\u03c6\u03ac\u03bd\u03b9\u03c3\u03b7 \u03c4\u03c9\u03bd\" \/>\n<meta name=\"robots\" content=\"index, follow, max-snippet:-1, max-image-preview:large, max-video-preview:-1\" \/>\n<link rel=\"canonical\" href=\"https:\/\/store.myst.gr\/de\/produkt\/turmeric-500g\/\" \/>\n<meta property=\"og:locale\" content=\"de_DE\" \/>\n<meta property=\"og:type\" content=\"article\" \/>\n<meta property=\"og:title\" content=\"\u039a\u03bf\u03c5\u03c1\u03ba\u03bf\u03c5\u03bc\u03ac\u03c2 - 500g - MYST\" \/>\n<meta property=\"og:description\" content=\"\u0394\u03b9\u03b1\u03ba\u03c1\u03af\u03bd\u03b5\u03c4\u03b1\u03b9 \u03b3\u03b9\u03b1 \u03c4\u03bf \u03c7\u03c1\u03c5\u03c3\u03b1\u03c6\u03ad\u03bd\u03b9\u03bf \u03c7\u03c1\u03ce\u03bc\u03b1 \u03c4\u03bf\u03c5, \u03c4\u03bf \u03bf\u03c0\u03bf\u03af\u03bf \u03bf\u03c6\u03b5\u03af\u03bb\u03b5\u03c4\u03b1\u03b9 \u03c3\u03c4\u03b7\u03bd \u03ba\u03bf\u03c5\u03c1\u03ba\u03bf\u03c5\u03bc\u03af\u03bd\u03b7, \u03c6\u03c5\u03c3\u03b9\u03ba\u03ae \u03c7\u03c1\u03c9\u03c3\u03c4\u03b9\u03ba\u03ae \u03bf\u03c5\u03c3\u03af\u03b1 \u03bc\u03b5 \u03b9\u03c3\u03c7\u03c5\u03c1\u03ae \u03c0\u03b1\u03c1\u03bf\u03c5\u03c3\u03af\u03b1 \u03c3\u03c4\u03b7 \u03b3\u03b5\u03cd\u03c3\u03b7 \u03ba\u03b1\u03b9 \u03c3\u03c4\u03b7\u03bd \u03b5\u03bc\u03c6\u03ac\u03bd\u03b9\u03c3\u03b7 \u03c4\u03c9\u03bd\" \/>\n<meta property=\"og:url\" content=\"https:\/\/store.myst.gr\/de\/produkt\/turmeric-500g\/\" \/>\n<meta property=\"og:site_name\" content=\"MYST\" \/>\n<meta property=\"article:publisher\" content=\"https:\/\/www.facebook.com\/mystfood\" \/>\n<meta property=\"article:modified_time\" content=\"2026-03-05T14:45:00+00:00\" \/>\n<meta property=\"og:image\" content=\"https:\/\/store.myst.gr\/wp-content\/uploads\/2020\/01\/3-Turmeric.jpg\" \/>\n\t<meta property=\"og:image:width\" content=\"1000\" \/>\n\t<meta property=\"og:image:height\" content=\"889\" \/>\n\t<meta property=\"og:image:type\" content=\"image\/jpeg\" \/>\n<meta name=\"twitter:card\" content=\"summary_large_image\" \/>\n<meta name=\"twitter:label1\" content=\"Gesch\u00e4tzte Lesezeit\" \/>\n\t<meta name=\"twitter:data1\" content=\"2\u00a0Minuten\" \/>\n<script type=\"application\/ld+json\" class=\"yoast-schema-graph\">{\"@context\":\"https:\\\/\\\/schema.org\",\"@graph\":[{\"@type\":\"WebPage\",\"@id\":\"https:\\\/\\\/store.myst.gr\\\/product\\\/turmeric-500g\\\/\",\"url\":\"https:\\\/\\\/store.myst.gr\\\/product\\\/turmeric-500g\\\/\",\"name\":\"\u039a\u03bf\u03c5\u03c1\u03ba\u03bf\u03c5\u03bc\u03ac\u03c2 - 500g - MYST\",\"isPartOf\":{\"@id\":\"https:\\\/\\\/store.myst.gr\\\/#website\"},\"primaryImageOfPage\":{\"@id\":\"https:\\\/\\\/store.myst.gr\\\/product\\\/turmeric-500g\\\/#primaryimage\"},\"image\":{\"@id\":\"https:\\\/\\\/store.myst.gr\\\/product\\\/turmeric-500g\\\/#primaryimage\"},\"thumbnailUrl\":\"https:\\\/\\\/store.myst.gr\\\/wp-content\\\/uploads\\\/2020\\\/01\\\/3-Turmeric.jpg\",\"datePublished\":\"2020-01-26T17:06:02+00:00\",\"dateModified\":\"2026-03-05T14:45:00+00:00\",\"description\":\"\u0394\u03b9\u03b1\u03ba\u03c1\u03af\u03bd\u03b5\u03c4\u03b1\u03b9 \u03b3\u03b9\u03b1 \u03c4\u03bf \u03c7\u03c1\u03c5\u03c3\u03b1\u03c6\u03ad\u03bd\u03b9\u03bf \u03c7\u03c1\u03ce\u03bc\u03b1 \u03c4\u03bf\u03c5, \u03c4\u03bf \u03bf\u03c0\u03bf\u03af\u03bf \u03bf\u03c6\u03b5\u03af\u03bb\u03b5\u03c4\u03b1\u03b9 \u03c3\u03c4\u03b7\u03bd \u03ba\u03bf\u03c5\u03c1\u03ba\u03bf\u03c5\u03bc\u03af\u03bd\u03b7, \u03c6\u03c5\u03c3\u03b9\u03ba\u03ae \u03c7\u03c1\u03c9\u03c3\u03c4\u03b9\u03ba\u03ae \u03bf\u03c5\u03c3\u03af\u03b1 \u03bc\u03b5 \u03b9\u03c3\u03c7\u03c5\u03c1\u03ae \u03c0\u03b1\u03c1\u03bf\u03c5\u03c3\u03af\u03b1 \u03c3\u03c4\u03b7 \u03b3\u03b5\u03cd\u03c3\u03b7 \u03ba\u03b1\u03b9 \u03c3\u03c4\u03b7\u03bd \u03b5\u03bc\u03c6\u03ac\u03bd\u03b9\u03c3\u03b7 \u03c4\u03c9\u03bd\",\"breadcrumb\":{\"@id\":\"https:\\\/\\\/store.myst.gr\\\/product\\\/turmeric-500g\\\/#breadcrumb\"},\"inLanguage\":\"de\",\"potentialAction\":[{\"@type\":\"ReadAction\",\"target\":[\"https:\\\/\\\/store.myst.gr\\\/product\\\/turmeric-500g\\\/\"]}]},{\"@type\":\"ImageObject\",\"inLanguage\":\"de\",\"@id\":\"https:\\\/\\\/store.myst.gr\\\/product\\\/turmeric-500g\\\/#primaryimage\",\"url\":\"https:\\\/\\\/store.myst.gr\\\/wp-content\\\/uploads\\\/2020\\\/01\\\/3-Turmeric.jpg\",\"contentUrl\":\"https:\\\/\\\/store.myst.gr\\\/wp-content\\\/uploads\\\/2020\\\/01\\\/3-Turmeric.jpg\",\"width\":1000,\"height\":889},{\"@type\":\"BreadcrumbList\",\"@id\":\"https:\\\/\\\/store.myst.gr\\\/product\\\/turmeric-500g\\\/#breadcrumb\",\"itemListElement\":[{\"@type\":\"ListItem\",\"position\":1,\"name\":\"Home\",\"item\":\"https:\\\/\\\/store.myst.gr\\\/\"},{\"@type\":\"ListItem\",\"position\":2,\"name\":\"Shop\",\"item\":\"https:\\\/\\\/store.myst.gr\\\/\"},{\"@type\":\"ListItem\",\"position\":3,\"name\":\"\u039a\u03bf\u03c5\u03c1\u03ba\u03bf\u03c5\u03bc\u03ac\u03c2 &#8211; 500g\"}]},{\"@type\":\"WebSite\",\"@id\":\"https:\\\/\\\/store.myst.gr\\\/#website\",\"url\":\"https:\\\/\\\/store.myst.gr\\\/\",\"name\":\"Myst\",\"description\":\"\u0391\u03bd\u03b1\u03ba\u03b1\u03bb\u03cd\u03c8\u03c4\u03b5 \u03c4\u03b9\u03c2 \u03b3\u03b5\u03cd\u03c3\u03b5\u03b9\u03c2 \u03c4\u03b7\u03c2 \u0395\u03bb\u03bb\u03ac\u03b4\u03b1\u03c2\",\"publisher\":{\"@id\":\"https:\\\/\\\/store.myst.gr\\\/#organization\"},\"potentialAction\":[{\"@type\":\"SearchAction\",\"target\":{\"@type\":\"EntryPoint\",\"urlTemplate\":\"https:\\\/\\\/store.myst.gr\\\/?s={search_term_string}\"},\"query-input\":{\"@type\":\"PropertyValueSpecification\",\"valueRequired\":true,\"valueName\":\"search_term_string\"}}],\"inLanguage\":\"de\"},{\"@type\":\"Organization\",\"@id\":\"https:\\\/\\\/store.myst.gr\\\/#organization\",\"name\":\"MYST\",\"url\":\"https:\\\/\\\/store.myst.gr\\\/\",\"logo\":{\"@type\":\"ImageObject\",\"inLanguage\":\"de\",\"@id\":\"https:\\\/\\\/store.myst.gr\\\/#\\\/schema\\\/logo\\\/image\\\/\",\"url\":\"https:\\\/\\\/store.myst.gr\\\/wp-content\\\/uploads\\\/2024\\\/12\\\/myst-logo-str.svg\",\"contentUrl\":\"https:\\\/\\\/store.myst.gr\\\/wp-content\\\/uploads\\\/2024\\\/12\\\/myst-logo-str.svg\",\"width\":193,\"height\":53,\"caption\":\"MYST\"},\"image\":{\"@id\":\"https:\\\/\\\/store.myst.gr\\\/#\\\/schema\\\/logo\\\/image\\\/\"},\"sameAs\":[\"https:\\\/\\\/www.facebook.com\\\/mystfood\",\"https:\\\/\\\/www.instagram.com\\\/mystcompany\\\/\"]}]}<\/script>\n<!-- \/ Yoast SEO plugin. -->","yoast_head_json":{"title":"\u039a\u03bf\u03c5\u03c1\u03ba\u03bf\u03c5\u03bc\u03ac\u03c2 - 500g - MYST","description":"\u0394\u03b9\u03b1\u03ba\u03c1\u03af\u03bd\u03b5\u03c4\u03b1\u03b9 \u03b3\u03b9\u03b1 \u03c4\u03bf \u03c7\u03c1\u03c5\u03c3\u03b1\u03c6\u03ad\u03bd\u03b9\u03bf \u03c7\u03c1\u03ce\u03bc\u03b1 \u03c4\u03bf\u03c5, \u03c4\u03bf \u03bf\u03c0\u03bf\u03af\u03bf \u03bf\u03c6\u03b5\u03af\u03bb\u03b5\u03c4\u03b1\u03b9 \u03c3\u03c4\u03b7\u03bd \u03ba\u03bf\u03c5\u03c1\u03ba\u03bf\u03c5\u03bc\u03af\u03bd\u03b7, \u03c6\u03c5\u03c3\u03b9\u03ba\u03ae \u03c7\u03c1\u03c9\u03c3\u03c4\u03b9\u03ba\u03ae \u03bf\u03c5\u03c3\u03af\u03b1 \u03bc\u03b5 \u03b9\u03c3\u03c7\u03c5\u03c1\u03ae \u03c0\u03b1\u03c1\u03bf\u03c5\u03c3\u03af\u03b1 \u03c3\u03c4\u03b7 \u03b3\u03b5\u03cd\u03c3\u03b7 \u03ba\u03b1\u03b9 \u03c3\u03c4\u03b7\u03bd \u03b5\u03bc\u03c6\u03ac\u03bd\u03b9\u03c3\u03b7 \u03c4\u03c9\u03bd","robots":{"index":"index","follow":"follow","max-snippet":"max-snippet:-1","max-image-preview":"max-image-preview:large","max-video-preview":"max-video-preview:-1"},"canonical":"https:\/\/store.myst.gr\/de\/produkt\/turmeric-500g\/","og_locale":"de_DE","og_type":"article","og_title":"\u039a\u03bf\u03c5\u03c1\u03ba\u03bf\u03c5\u03bc\u03ac\u03c2 - 500g - MYST","og_description":"\u0394\u03b9\u03b1\u03ba\u03c1\u03af\u03bd\u03b5\u03c4\u03b1\u03b9 \u03b3\u03b9\u03b1 \u03c4\u03bf \u03c7\u03c1\u03c5\u03c3\u03b1\u03c6\u03ad\u03bd\u03b9\u03bf \u03c7\u03c1\u03ce\u03bc\u03b1 \u03c4\u03bf\u03c5, \u03c4\u03bf \u03bf\u03c0\u03bf\u03af\u03bf \u03bf\u03c6\u03b5\u03af\u03bb\u03b5\u03c4\u03b1\u03b9 \u03c3\u03c4\u03b7\u03bd \u03ba\u03bf\u03c5\u03c1\u03ba\u03bf\u03c5\u03bc\u03af\u03bd\u03b7, \u03c6\u03c5\u03c3\u03b9\u03ba\u03ae \u03c7\u03c1\u03c9\u03c3\u03c4\u03b9\u03ba\u03ae \u03bf\u03c5\u03c3\u03af\u03b1 \u03bc\u03b5 \u03b9\u03c3\u03c7\u03c5\u03c1\u03ae \u03c0\u03b1\u03c1\u03bf\u03c5\u03c3\u03af\u03b1 \u03c3\u03c4\u03b7 \u03b3\u03b5\u03cd\u03c3\u03b7 \u03ba\u03b1\u03b9 \u03c3\u03c4\u03b7\u03bd \u03b5\u03bc\u03c6\u03ac\u03bd\u03b9\u03c3\u03b7 \u03c4\u03c9\u03bd","og_url":"https:\/\/store.myst.gr\/de\/produkt\/turmeric-500g\/","og_site_name":"MYST","article_publisher":"https:\/\/www.facebook.com\/mystfood","article_modified_time":"2026-03-05T14:45:00+00:00","og_image":[{"width":1000,"height":889,"url":"https:\/\/store.myst.gr\/wp-content\/uploads\/2020\/01\/3-Turmeric.jpg","type":"image\/jpeg"}],"twitter_card":"summary_large_image","twitter_misc":{"Gesch\u00e4tzte Lesezeit":"2\u00a0Minuten"},"schema":{"@context":"https:\/\/schema.org","@graph":[{"@type":"WebPage","@id":"https:\/\/store.myst.gr\/product\/turmeric-500g\/","url":"https:\/\/store.myst.gr\/product\/turmeric-500g\/","name":"\u039a\u03bf\u03c5\u03c1\u03ba\u03bf\u03c5\u03bc\u03ac\u03c2 - 500g - MYST","isPartOf":{"@id":"https:\/\/store.myst.gr\/#website"},"primaryImageOfPage":{"@id":"https:\/\/store.myst.gr\/product\/turmeric-500g\/#primaryimage"},"image":{"@id":"https:\/\/store.myst.gr\/product\/turmeric-500g\/#primaryimage"},"thumbnailUrl":"https:\/\/store.myst.gr\/wp-content\/uploads\/2020\/01\/3-Turmeric.jpg","datePublished":"2020-01-26T17:06:02+00:00","dateModified":"2026-03-05T14:45:00+00:00","description":"\u0394\u03b9\u03b1\u03ba\u03c1\u03af\u03bd\u03b5\u03c4\u03b1\u03b9 \u03b3\u03b9\u03b1 \u03c4\u03bf \u03c7\u03c1\u03c5\u03c3\u03b1\u03c6\u03ad\u03bd\u03b9\u03bf \u03c7\u03c1\u03ce\u03bc\u03b1 \u03c4\u03bf\u03c5, \u03c4\u03bf \u03bf\u03c0\u03bf\u03af\u03bf \u03bf\u03c6\u03b5\u03af\u03bb\u03b5\u03c4\u03b1\u03b9 \u03c3\u03c4\u03b7\u03bd \u03ba\u03bf\u03c5\u03c1\u03ba\u03bf\u03c5\u03bc\u03af\u03bd\u03b7, \u03c6\u03c5\u03c3\u03b9\u03ba\u03ae \u03c7\u03c1\u03c9\u03c3\u03c4\u03b9\u03ba\u03ae \u03bf\u03c5\u03c3\u03af\u03b1 \u03bc\u03b5 \u03b9\u03c3\u03c7\u03c5\u03c1\u03ae \u03c0\u03b1\u03c1\u03bf\u03c5\u03c3\u03af\u03b1 \u03c3\u03c4\u03b7 \u03b3\u03b5\u03cd\u03c3\u03b7 \u03ba\u03b1\u03b9 \u03c3\u03c4\u03b7\u03bd \u03b5\u03bc\u03c6\u03ac\u03bd\u03b9\u03c3\u03b7 \u03c4\u03c9\u03bd","breadcrumb":{"@id":"https:\/\/store.myst.gr\/product\/turmeric-500g\/#breadcrumb"},"inLanguage":"de","potentialAction":[{"@type":"ReadAction","target":["https:\/\/store.myst.gr\/product\/turmeric-500g\/"]}]},{"@type":"ImageObject","inLanguage":"de","@id":"https:\/\/store.myst.gr\/product\/turmeric-500g\/#primaryimage","url":"https:\/\/store.myst.gr\/wp-content\/uploads\/2020\/01\/3-Turmeric.jpg","contentUrl":"https:\/\/store.myst.gr\/wp-content\/uploads\/2020\/01\/3-Turmeric.jpg","width":1000,"height":889},{"@type":"BreadcrumbList","@id":"https:\/\/store.myst.gr\/product\/turmeric-500g\/#breadcrumb","itemListElement":[{"@type":"ListItem","position":1,"name":"Home","item":"https:\/\/store.myst.gr\/"},{"@type":"ListItem","position":2,"name":"Shop","item":"https:\/\/store.myst.gr\/"},{"@type":"ListItem","position":3,"name":"\u039a\u03bf\u03c5\u03c1\u03ba\u03bf\u03c5\u03bc\u03ac\u03c2 &#8211; 500g"}]},{"@type":"WebSite","@id":"https:\/\/store.myst.gr\/#website","url":"https:\/\/store.myst.gr\/","name":"Myst","description":"\u0391\u03bd\u03b1\u03ba\u03b1\u03bb\u03cd\u03c8\u03c4\u03b5 \u03c4\u03b9\u03c2 \u03b3\u03b5\u03cd\u03c3\u03b5\u03b9\u03c2 \u03c4\u03b7\u03c2 \u0395\u03bb\u03bb\u03ac\u03b4\u03b1\u03c2","publisher":{"@id":"https:\/\/store.myst.gr\/#organization"},"potentialAction":[{"@type":"SearchAction","target":{"@type":"EntryPoint","urlTemplate":"https:\/\/store.myst.gr\/?s={search_term_string}"},"query-input":{"@type":"PropertyValueSpecification","valueRequired":true,"valueName":"search_term_string"}}],"inLanguage":"de"},{"@type":"Organization","@id":"https:\/\/store.myst.gr\/#organization","name":"MYST","url":"https:\/\/store.myst.gr\/","logo":{"@type":"ImageObject","inLanguage":"de","@id":"https:\/\/store.myst.gr\/#\/schema\/logo\/image\/","url":"https:\/\/store.myst.gr\/wp-content\/uploads\/2024\/12\/myst-logo-str.svg","contentUrl":"https:\/\/store.myst.gr\/wp-content\/uploads\/2024\/12\/myst-logo-str.svg","width":193,"height":53,"caption":"MYST"},"image":{"@id":"https:\/\/store.myst.gr\/#\/schema\/logo\/image\/"},"sameAs":["https:\/\/www.facebook.com\/mystfood","https:\/\/www.instagram.com\/mystcompany\/"]}]}},"_links":{"self":[{"href":"https:\/\/store.myst.gr\/de\/wp-json\/wp\/v2\/product\/15379","targetHints":{"allow":["GET"]}}],"collection":[{"href":"https:\/\/store.myst.gr\/de\/wp-json\/wp\/v2\/product"}],"about":[{"href":"https:\/\/store.myst.gr\/de\/wp-json\/wp\/v2\/types\/product"}],"wp:featuredmedia":[{"embeddable":true,"href":"https:\/\/store.myst.gr\/de\/wp-json\/wp\/v2\/media\/15736"}],"wp:attachment":[{"href":"https:\/\/store.myst.gr\/de\/wp-json\/wp\/v2\/media?parent=15379"}],"wp:term":[{"taxonomy":"product_cat","embeddable":true,"href":"https:\/\/store.myst.gr\/de\/wp-json\/wp\/v2\/product_cat?post=15379"},{"taxonomy":"product_tag","embeddable":true,"href":"https:\/\/store.myst.gr\/de\/wp-json\/wp\/v2\/product_tag?post=15379"}],"curies":[{"name":"wp","href":"https:\/\/api.w.org\/{rel}","templated":true}]}}