{"id":14041,"date":"2025-12-04T12:49:54","date_gmt":"2025-12-04T12:49:54","guid":{"rendered":"https:\/\/store.myst.gr\/?post_type=product&#038;p=14041"},"modified":"2026-03-26T06:52:19","modified_gmt":"2026-03-26T06:52:19","slug":"relax-night","status":"publish","type":"product","link":"https:\/\/store.myst.gr\/de\/product\/relax-night\/","title":{"rendered":"RELAX NIGHT | Nat\u00fcrliche Entspannung"},"content":{"rendered":"<p class=\"p1\"><span class=\"s1\"><b>RELAX NIGHT<\/b><\/span> ist eine sanfte botanische Mischung aus Zitronenmelisse, Lavendel und Apfel. Entwickelt, um eine entspannte Abendroutine zu unterst\u00fctzen, bietet es ein zartes, blumiges Aroma, nat\u00fcrliche Entspannung und einen wohltuenden Geschmack \u2014 ideal zum Abschalten nach einem anspruchsvollen Tag. Perfekt f\u00fcr alle, die ein friedliches Abendritual suchen.<\/p>\n<p><strong>Wesentliche Vorteile :<\/strong><\/p>\n<p>\u2022 Nat\u00fcrliche Entspannung &amp; abendliches Wohlbefinden<br \/>\n\u2022 Zarter, blumiger und beruhigender Geschmack<br \/>\n\u2022 Koffeinfrei \u2022 100% pflanzlich<br \/>\n\u2022 Unterst\u00fctzt eine ruhige n\u00e4chtliche Routine<\/p>\n<p><strong>Geschmacksprofil : <\/strong>Weich, aromatisch, blumig mit einer leichten nat\u00fcrlichen S\u00fc\u00dfe durch Apfel.<\/p>\n<p><strong>Verwendung : <\/strong>Mischen Sie <span class=\"s1\"><b>5g<\/b><\/span> in <span class=\"s1\"><b>200ml Wasser<\/b><\/span>mischen und langsam genie\u00dfen.<\/p>\n<p><strong data-start=\"1530\" data-end=\"1547\">Enth\u00e4lt:<\/strong> Dosierer.<\/p>\n<p><strong>Komponenten :<\/strong> Zitronenmelissenpulver, Lavendelpulver, Apfelpulver, Vanillepulver, Reismehl.<\/p>\n<p><strong><span class=\"s1\">Deklaration von Allergenen<\/span><\/strong><\/p>\n<p><span class=\"s1\">Wir verstehen die Bedeutung von Nahrungsmittelallergien und Nahrungs-empfindlichkeiten und werden diese Zutaten immer auf unserem Etikett in den Angaben aller Zutaten bekanntgeben - sie werden niemals unter den Worten \"Gew\u00fcrze\" oder \"nat\u00fcrliche Aromen\" versteckt:<\/span><\/p>\n<p><span class=\"s1\">F\u00fcr die aktuellsten Informationen zu Allergenen und N\u00e4hrstoffen ist es wichtig, beim Kauf die Inhaltsstoffangabe auf der Verpackung zu lesen.<\/span><\/p>\n<p>&nbsp;<\/p>","protected":false},"excerpt":{"rendered":"<div class=\"page\" title=\"Page 5\">\n<div class=\"section\">\n<div class=\"layoutArea\">\n<div class=\"column\">\n<div class=\"page\" title=\"Page 6\">\n<div class=\"section\">\n<div class=\"layoutArea\">\n<div class=\"column\">\n<p>Eine beruhigende Mischung aus Melisse, Lavendel und Vanille. Hilft, Spannungen abzubauen, die Sinne zu beruhigen und den K\u00f6rper auf eine erholsame Nachtruhe vorzubereiten.<\/p>\n<\/div>\n<\/div>\n<\/div>\n<\/div>\n<\/div>\n<\/div>\n<\/div>\n<\/div>\n<p><strong>Menge: e 70g \/ 14 Portionen \u00e0 5g<\/strong><\/p>\n<p><strong data-start=\"1530\" data-end=\"1547\">Enth\u00e4lt:<\/strong> Dosierer.<\/p>\n<p><strong>Die besten Produkte aus Griechenland direkt auf Ihren Tisch geliefert und kostenloser Versand bei Bestellungen \u00fcber 120 \u20ac innerhalb Europas.<\/strong><\/p>","protected":false},"featured_media":14012,"template":"","meta":{"_acf_changed":false,"inline_featured_image":false},"product_cat":[15,629,649],"product_tag":[323,651,613,648],"class_list":{"0":"post-14041","1":"product","2":"type-product","3":"status-publish","4":"has-post-thumbnail","6":"product_cat-vall","7":"product_cat-shots-drinks","8":"product_cat-wellness","9":"product_tag-cataloguejuly","10":"product_tag-retail","11":"product_tag-spices","12":"product_tag-wellness","14":"first","15":"instock","16":"taxable","17":"shipping-taxable","18":"purchasable","19":"product-type-simple"},"acf":[],"yoast_head":"<!-- This site is optimized with the Yoast SEO plugin v27.4 - https:\/\/yoast.com\/product\/yoast-seo-wordpress\/ -->\n<title>RELAX NIGHT | \u03a6\u03c5\u03c3\u03b9\u03ba\u03ae \u03a7\u03b1\u03bb\u03ac\u03c1\u03c9\u03c3\u03b7 - MYST<\/title>\n<meta name=\"description\" content=\"\u0388\u03bd\u03b1 \u03b3\u03b1\u03bb\u03b7\u03bd\u03b5\u03c5\u03c4\u03b9\u03ba\u03cc \u03bc\u03b5\u03af\u03b3\u03bc\u03b1 \u03bc\u03b5 \u03bc\u03b5\u03bb\u03b9\u03c3\u03c3\u03cc\u03c7\u03bf\u03c1\u03c4\u03bf, \u03bb\u03b5\u03b2\u03ac\u03bd\u03c4\u03b1 \u03ba\u03b1\u03b9 \u03b2\u03b1\u03bd\u03af\u03bb\u03b9\u03b1. \u0392\u03bf\u03b7\u03b8\u03ac \u03c3\u03c4\u03b7 \u03c7\u03b1\u03bb\u03ac\u03c1\u03c9\u03c3\u03b7 \u03c4\u03b7\u03c2 \u03ad\u03bd\u03c4\u03b1\u03c3\u03b7\u03c2, \u03b7\u03c1\u03b5\u03bc\u03b5\u03af \u03c4\u03b9\u03c2 \u03b1\u03b9\u03c3\u03b8\u03ae\u03c3\u03b5\u03b9\u03c2 \u03ba\u03b1\u03b9 \u03c0\u03c1\u03bf\u03b5\u03c4\u03bf\u03b9\u03bc\u03ac\u03b6\u03b5\u03b9 \u03c4\u03bf \u03c3\u03ce\u03bc\u03b1 \u03b3\u03b9\u03b1 \u03b2\u03b1\u03b8\u03b9\u03ac \u03be\u03b5\u03ba\u03bf\u03cd\u03c1\" \/>\n<meta name=\"robots\" content=\"index, follow, max-snippet:-1, max-image-preview:large, max-video-preview:-1\" \/>\n<link rel=\"canonical\" href=\"https:\/\/store.myst.gr\/de\/produkt\/relax-night\/\" \/>\n<meta property=\"og:locale\" content=\"de_DE\" \/>\n<meta property=\"og:type\" content=\"article\" \/>\n<meta property=\"og:title\" content=\"RELAX NIGHT | \u03a6\u03c5\u03c3\u03b9\u03ba\u03ae \u03a7\u03b1\u03bb\u03ac\u03c1\u03c9\u03c3\u03b7 - MYST\" \/>\n<meta property=\"og:description\" content=\"\u0388\u03bd\u03b1 \u03b3\u03b1\u03bb\u03b7\u03bd\u03b5\u03c5\u03c4\u03b9\u03ba\u03cc \u03bc\u03b5\u03af\u03b3\u03bc\u03b1 \u03bc\u03b5 \u03bc\u03b5\u03bb\u03b9\u03c3\u03c3\u03cc\u03c7\u03bf\u03c1\u03c4\u03bf, \u03bb\u03b5\u03b2\u03ac\u03bd\u03c4\u03b1 \u03ba\u03b1\u03b9 \u03b2\u03b1\u03bd\u03af\u03bb\u03b9\u03b1. \u0392\u03bf\u03b7\u03b8\u03ac \u03c3\u03c4\u03b7 \u03c7\u03b1\u03bb\u03ac\u03c1\u03c9\u03c3\u03b7 \u03c4\u03b7\u03c2 \u03ad\u03bd\u03c4\u03b1\u03c3\u03b7\u03c2, \u03b7\u03c1\u03b5\u03bc\u03b5\u03af \u03c4\u03b9\u03c2 \u03b1\u03b9\u03c3\u03b8\u03ae\u03c3\u03b5\u03b9\u03c2 \u03ba\u03b1\u03b9 \u03c0\u03c1\u03bf\u03b5\u03c4\u03bf\u03b9\u03bc\u03ac\u03b6\u03b5\u03b9 \u03c4\u03bf \u03c3\u03ce\u03bc\u03b1 \u03b3\u03b9\u03b1 \u03b2\u03b1\u03b8\u03b9\u03ac \u03be\u03b5\u03ba\u03bf\u03cd\u03c1\" \/>\n<meta property=\"og:url\" content=\"https:\/\/store.myst.gr\/de\/produkt\/relax-night\/\" \/>\n<meta property=\"og:site_name\" content=\"MYST\" \/>\n<meta property=\"article:publisher\" content=\"https:\/\/www.facebook.com\/mystfood\" \/>\n<meta property=\"article:modified_time\" content=\"2026-03-26T06:52:19+00:00\" \/>\n<meta property=\"og:image\" content=\"https:\/\/store.myst.gr\/wp-content\/uploads\/2025\/12\/Relax-1.jpg\" \/>\n\t<meta property=\"og:image:width\" content=\"1000\" \/>\n\t<meta property=\"og:image:height\" content=\"1000\" \/>\n\t<meta property=\"og:image:type\" content=\"image\/jpeg\" \/>\n<meta name=\"twitter:card\" content=\"summary_large_image\" \/>\n<meta name=\"twitter:label1\" content=\"Gesch\u00e4tzte Lesezeit\" \/>\n\t<meta name=\"twitter:data1\" content=\"2\u00a0Minuten\" \/>\n<script type=\"application\/ld+json\" class=\"yoast-schema-graph\">{\"@context\":\"https:\\\/\\\/schema.org\",\"@graph\":[{\"@type\":\"WebPage\",\"@id\":\"https:\\\/\\\/store.myst.gr\\\/product\\\/relax-night\\\/\",\"url\":\"https:\\\/\\\/store.myst.gr\\\/product\\\/relax-night\\\/\",\"name\":\"RELAX NIGHT | \u03a6\u03c5\u03c3\u03b9\u03ba\u03ae \u03a7\u03b1\u03bb\u03ac\u03c1\u03c9\u03c3\u03b7 - MYST\",\"isPartOf\":{\"@id\":\"https:\\\/\\\/store.myst.gr\\\/#website\"},\"primaryImageOfPage\":{\"@id\":\"https:\\\/\\\/store.myst.gr\\\/product\\\/relax-night\\\/#primaryimage\"},\"image\":{\"@id\":\"https:\\\/\\\/store.myst.gr\\\/product\\\/relax-night\\\/#primaryimage\"},\"thumbnailUrl\":\"https:\\\/\\\/store.myst.gr\\\/wp-content\\\/uploads\\\/2025\\\/12\\\/Relax-1.jpg\",\"datePublished\":\"2025-12-04T12:49:54+00:00\",\"dateModified\":\"2026-03-26T06:52:19+00:00\",\"description\":\"\u0388\u03bd\u03b1 \u03b3\u03b1\u03bb\u03b7\u03bd\u03b5\u03c5\u03c4\u03b9\u03ba\u03cc \u03bc\u03b5\u03af\u03b3\u03bc\u03b1 \u03bc\u03b5 \u03bc\u03b5\u03bb\u03b9\u03c3\u03c3\u03cc\u03c7\u03bf\u03c1\u03c4\u03bf, \u03bb\u03b5\u03b2\u03ac\u03bd\u03c4\u03b1 \u03ba\u03b1\u03b9 \u03b2\u03b1\u03bd\u03af\u03bb\u03b9\u03b1. \u0392\u03bf\u03b7\u03b8\u03ac \u03c3\u03c4\u03b7 \u03c7\u03b1\u03bb\u03ac\u03c1\u03c9\u03c3\u03b7 \u03c4\u03b7\u03c2 \u03ad\u03bd\u03c4\u03b1\u03c3\u03b7\u03c2, \u03b7\u03c1\u03b5\u03bc\u03b5\u03af \u03c4\u03b9\u03c2 \u03b1\u03b9\u03c3\u03b8\u03ae\u03c3\u03b5\u03b9\u03c2 \u03ba\u03b1\u03b9 \u03c0\u03c1\u03bf\u03b5\u03c4\u03bf\u03b9\u03bc\u03ac\u03b6\u03b5\u03b9 \u03c4\u03bf \u03c3\u03ce\u03bc\u03b1 \u03b3\u03b9\u03b1 \u03b2\u03b1\u03b8\u03b9\u03ac \u03be\u03b5\u03ba\u03bf\u03cd\u03c1\",\"breadcrumb\":{\"@id\":\"https:\\\/\\\/store.myst.gr\\\/product\\\/relax-night\\\/#breadcrumb\"},\"inLanguage\":\"de\",\"potentialAction\":[{\"@type\":\"ReadAction\",\"target\":[\"https:\\\/\\\/store.myst.gr\\\/product\\\/relax-night\\\/\"]}]},{\"@type\":\"ImageObject\",\"inLanguage\":\"de\",\"@id\":\"https:\\\/\\\/store.myst.gr\\\/product\\\/relax-night\\\/#primaryimage\",\"url\":\"https:\\\/\\\/store.myst.gr\\\/wp-content\\\/uploads\\\/2025\\\/12\\\/Relax-1.jpg\",\"contentUrl\":\"https:\\\/\\\/store.myst.gr\\\/wp-content\\\/uploads\\\/2025\\\/12\\\/Relax-1.jpg\",\"width\":1000,\"height\":1000},{\"@type\":\"BreadcrumbList\",\"@id\":\"https:\\\/\\\/store.myst.gr\\\/product\\\/relax-night\\\/#breadcrumb\",\"itemListElement\":[{\"@type\":\"ListItem\",\"position\":1,\"name\":\"Home\",\"item\":\"https:\\\/\\\/store.myst.gr\\\/\"},{\"@type\":\"ListItem\",\"position\":2,\"name\":\"Shop\",\"item\":\"https:\\\/\\\/store.myst.gr\\\/\"},{\"@type\":\"ListItem\",\"position\":3,\"name\":\"RELAX NIGHT | \u03a6\u03c5\u03c3\u03b9\u03ba\u03ae \u03a7\u03b1\u03bb\u03ac\u03c1\u03c9\u03c3\u03b7\"}]},{\"@type\":\"WebSite\",\"@id\":\"https:\\\/\\\/store.myst.gr\\\/#website\",\"url\":\"https:\\\/\\\/store.myst.gr\\\/\",\"name\":\"Myst\",\"description\":\"\u0391\u03bd\u03b1\u03ba\u03b1\u03bb\u03cd\u03c8\u03c4\u03b5 \u03c4\u03b9\u03c2 \u03b3\u03b5\u03cd\u03c3\u03b5\u03b9\u03c2 \u03c4\u03b7\u03c2 \u0395\u03bb\u03bb\u03ac\u03b4\u03b1\u03c2\",\"publisher\":{\"@id\":\"https:\\\/\\\/store.myst.gr\\\/#organization\"},\"potentialAction\":[{\"@type\":\"SearchAction\",\"target\":{\"@type\":\"EntryPoint\",\"urlTemplate\":\"https:\\\/\\\/store.myst.gr\\\/?s={search_term_string}\"},\"query-input\":{\"@type\":\"PropertyValueSpecification\",\"valueRequired\":true,\"valueName\":\"search_term_string\"}}],\"inLanguage\":\"de\"},{\"@type\":\"Organization\",\"@id\":\"https:\\\/\\\/store.myst.gr\\\/#organization\",\"name\":\"MYST\",\"url\":\"https:\\\/\\\/store.myst.gr\\\/\",\"logo\":{\"@type\":\"ImageObject\",\"inLanguage\":\"de\",\"@id\":\"https:\\\/\\\/store.myst.gr\\\/#\\\/schema\\\/logo\\\/image\\\/\",\"url\":\"https:\\\/\\\/store.myst.gr\\\/wp-content\\\/uploads\\\/2024\\\/12\\\/myst-logo-str.svg\",\"contentUrl\":\"https:\\\/\\\/store.myst.gr\\\/wp-content\\\/uploads\\\/2024\\\/12\\\/myst-logo-str.svg\",\"width\":193,\"height\":53,\"caption\":\"MYST\"},\"image\":{\"@id\":\"https:\\\/\\\/store.myst.gr\\\/#\\\/schema\\\/logo\\\/image\\\/\"},\"sameAs\":[\"https:\\\/\\\/www.facebook.com\\\/mystfood\",\"https:\\\/\\\/www.instagram.com\\\/mystcompany\\\/\"]}]}<\/script>\n<!-- \/ Yoast SEO plugin. -->","yoast_head_json":{"title":"RELAX NIGHT | \u03a6\u03c5\u03c3\u03b9\u03ba\u03ae \u03a7\u03b1\u03bb\u03ac\u03c1\u03c9\u03c3\u03b7 - MYST","description":"\u0388\u03bd\u03b1 \u03b3\u03b1\u03bb\u03b7\u03bd\u03b5\u03c5\u03c4\u03b9\u03ba\u03cc \u03bc\u03b5\u03af\u03b3\u03bc\u03b1 \u03bc\u03b5 \u03bc\u03b5\u03bb\u03b9\u03c3\u03c3\u03cc\u03c7\u03bf\u03c1\u03c4\u03bf, \u03bb\u03b5\u03b2\u03ac\u03bd\u03c4\u03b1 \u03ba\u03b1\u03b9 \u03b2\u03b1\u03bd\u03af\u03bb\u03b9\u03b1. \u0392\u03bf\u03b7\u03b8\u03ac \u03c3\u03c4\u03b7 \u03c7\u03b1\u03bb\u03ac\u03c1\u03c9\u03c3\u03b7 \u03c4\u03b7\u03c2 \u03ad\u03bd\u03c4\u03b1\u03c3\u03b7\u03c2, \u03b7\u03c1\u03b5\u03bc\u03b5\u03af \u03c4\u03b9\u03c2 \u03b1\u03b9\u03c3\u03b8\u03ae\u03c3\u03b5\u03b9\u03c2 \u03ba\u03b1\u03b9 \u03c0\u03c1\u03bf\u03b5\u03c4\u03bf\u03b9\u03bc\u03ac\u03b6\u03b5\u03b9 \u03c4\u03bf \u03c3\u03ce\u03bc\u03b1 \u03b3\u03b9\u03b1 \u03b2\u03b1\u03b8\u03b9\u03ac \u03be\u03b5\u03ba\u03bf\u03cd\u03c1","robots":{"index":"index","follow":"follow","max-snippet":"max-snippet:-1","max-image-preview":"max-image-preview:large","max-video-preview":"max-video-preview:-1"},"canonical":"https:\/\/store.myst.gr\/de\/produkt\/relax-night\/","og_locale":"de_DE","og_type":"article","og_title":"RELAX NIGHT | \u03a6\u03c5\u03c3\u03b9\u03ba\u03ae \u03a7\u03b1\u03bb\u03ac\u03c1\u03c9\u03c3\u03b7 - MYST","og_description":"\u0388\u03bd\u03b1 \u03b3\u03b1\u03bb\u03b7\u03bd\u03b5\u03c5\u03c4\u03b9\u03ba\u03cc \u03bc\u03b5\u03af\u03b3\u03bc\u03b1 \u03bc\u03b5 \u03bc\u03b5\u03bb\u03b9\u03c3\u03c3\u03cc\u03c7\u03bf\u03c1\u03c4\u03bf, \u03bb\u03b5\u03b2\u03ac\u03bd\u03c4\u03b1 \u03ba\u03b1\u03b9 \u03b2\u03b1\u03bd\u03af\u03bb\u03b9\u03b1. \u0392\u03bf\u03b7\u03b8\u03ac \u03c3\u03c4\u03b7 \u03c7\u03b1\u03bb\u03ac\u03c1\u03c9\u03c3\u03b7 \u03c4\u03b7\u03c2 \u03ad\u03bd\u03c4\u03b1\u03c3\u03b7\u03c2, \u03b7\u03c1\u03b5\u03bc\u03b5\u03af \u03c4\u03b9\u03c2 \u03b1\u03b9\u03c3\u03b8\u03ae\u03c3\u03b5\u03b9\u03c2 \u03ba\u03b1\u03b9 \u03c0\u03c1\u03bf\u03b5\u03c4\u03bf\u03b9\u03bc\u03ac\u03b6\u03b5\u03b9 \u03c4\u03bf \u03c3\u03ce\u03bc\u03b1 \u03b3\u03b9\u03b1 \u03b2\u03b1\u03b8\u03b9\u03ac \u03be\u03b5\u03ba\u03bf\u03cd\u03c1","og_url":"https:\/\/store.myst.gr\/de\/produkt\/relax-night\/","og_site_name":"MYST","article_publisher":"https:\/\/www.facebook.com\/mystfood","article_modified_time":"2026-03-26T06:52:19+00:00","og_image":[{"width":1000,"height":1000,"url":"https:\/\/store.myst.gr\/wp-content\/uploads\/2025\/12\/Relax-1.jpg","type":"image\/jpeg"}],"twitter_card":"summary_large_image","twitter_misc":{"Gesch\u00e4tzte Lesezeit":"2\u00a0Minuten"},"schema":{"@context":"https:\/\/schema.org","@graph":[{"@type":"WebPage","@id":"https:\/\/store.myst.gr\/product\/relax-night\/","url":"https:\/\/store.myst.gr\/product\/relax-night\/","name":"RELAX NIGHT | \u03a6\u03c5\u03c3\u03b9\u03ba\u03ae \u03a7\u03b1\u03bb\u03ac\u03c1\u03c9\u03c3\u03b7 - MYST","isPartOf":{"@id":"https:\/\/store.myst.gr\/#website"},"primaryImageOfPage":{"@id":"https:\/\/store.myst.gr\/product\/relax-night\/#primaryimage"},"image":{"@id":"https:\/\/store.myst.gr\/product\/relax-night\/#primaryimage"},"thumbnailUrl":"https:\/\/store.myst.gr\/wp-content\/uploads\/2025\/12\/Relax-1.jpg","datePublished":"2025-12-04T12:49:54+00:00","dateModified":"2026-03-26T06:52:19+00:00","description":"\u0388\u03bd\u03b1 \u03b3\u03b1\u03bb\u03b7\u03bd\u03b5\u03c5\u03c4\u03b9\u03ba\u03cc \u03bc\u03b5\u03af\u03b3\u03bc\u03b1 \u03bc\u03b5 \u03bc\u03b5\u03bb\u03b9\u03c3\u03c3\u03cc\u03c7\u03bf\u03c1\u03c4\u03bf, \u03bb\u03b5\u03b2\u03ac\u03bd\u03c4\u03b1 \u03ba\u03b1\u03b9 \u03b2\u03b1\u03bd\u03af\u03bb\u03b9\u03b1. \u0392\u03bf\u03b7\u03b8\u03ac \u03c3\u03c4\u03b7 \u03c7\u03b1\u03bb\u03ac\u03c1\u03c9\u03c3\u03b7 \u03c4\u03b7\u03c2 \u03ad\u03bd\u03c4\u03b1\u03c3\u03b7\u03c2, \u03b7\u03c1\u03b5\u03bc\u03b5\u03af \u03c4\u03b9\u03c2 \u03b1\u03b9\u03c3\u03b8\u03ae\u03c3\u03b5\u03b9\u03c2 \u03ba\u03b1\u03b9 \u03c0\u03c1\u03bf\u03b5\u03c4\u03bf\u03b9\u03bc\u03ac\u03b6\u03b5\u03b9 \u03c4\u03bf \u03c3\u03ce\u03bc\u03b1 \u03b3\u03b9\u03b1 \u03b2\u03b1\u03b8\u03b9\u03ac \u03be\u03b5\u03ba\u03bf\u03cd\u03c1","breadcrumb":{"@id":"https:\/\/store.myst.gr\/product\/relax-night\/#breadcrumb"},"inLanguage":"de","potentialAction":[{"@type":"ReadAction","target":["https:\/\/store.myst.gr\/product\/relax-night\/"]}]},{"@type":"ImageObject","inLanguage":"de","@id":"https:\/\/store.myst.gr\/product\/relax-night\/#primaryimage","url":"https:\/\/store.myst.gr\/wp-content\/uploads\/2025\/12\/Relax-1.jpg","contentUrl":"https:\/\/store.myst.gr\/wp-content\/uploads\/2025\/12\/Relax-1.jpg","width":1000,"height":1000},{"@type":"BreadcrumbList","@id":"https:\/\/store.myst.gr\/product\/relax-night\/#breadcrumb","itemListElement":[{"@type":"ListItem","position":1,"name":"Home","item":"https:\/\/store.myst.gr\/"},{"@type":"ListItem","position":2,"name":"Shop","item":"https:\/\/store.myst.gr\/"},{"@type":"ListItem","position":3,"name":"RELAX NIGHT | \u03a6\u03c5\u03c3\u03b9\u03ba\u03ae \u03a7\u03b1\u03bb\u03ac\u03c1\u03c9\u03c3\u03b7"}]},{"@type":"WebSite","@id":"https:\/\/store.myst.gr\/#website","url":"https:\/\/store.myst.gr\/","name":"Myst","description":"\u0391\u03bd\u03b1\u03ba\u03b1\u03bb\u03cd\u03c8\u03c4\u03b5 \u03c4\u03b9\u03c2 \u03b3\u03b5\u03cd\u03c3\u03b5\u03b9\u03c2 \u03c4\u03b7\u03c2 \u0395\u03bb\u03bb\u03ac\u03b4\u03b1\u03c2","publisher":{"@id":"https:\/\/store.myst.gr\/#organization"},"potentialAction":[{"@type":"SearchAction","target":{"@type":"EntryPoint","urlTemplate":"https:\/\/store.myst.gr\/?s={search_term_string}"},"query-input":{"@type":"PropertyValueSpecification","valueRequired":true,"valueName":"search_term_string"}}],"inLanguage":"de"},{"@type":"Organization","@id":"https:\/\/store.myst.gr\/#organization","name":"MYST","url":"https:\/\/store.myst.gr\/","logo":{"@type":"ImageObject","inLanguage":"de","@id":"https:\/\/store.myst.gr\/#\/schema\/logo\/image\/","url":"https:\/\/store.myst.gr\/wp-content\/uploads\/2024\/12\/myst-logo-str.svg","contentUrl":"https:\/\/store.myst.gr\/wp-content\/uploads\/2024\/12\/myst-logo-str.svg","width":193,"height":53,"caption":"MYST"},"image":{"@id":"https:\/\/store.myst.gr\/#\/schema\/logo\/image\/"},"sameAs":["https:\/\/www.facebook.com\/mystfood","https:\/\/www.instagram.com\/mystcompany\/"]}]}},"_links":{"self":[{"href":"https:\/\/store.myst.gr\/de\/wp-json\/wp\/v2\/product\/14041","targetHints":{"allow":["GET"]}}],"collection":[{"href":"https:\/\/store.myst.gr\/de\/wp-json\/wp\/v2\/product"}],"about":[{"href":"https:\/\/store.myst.gr\/de\/wp-json\/wp\/v2\/types\/product"}],"wp:featuredmedia":[{"embeddable":true,"href":"https:\/\/store.myst.gr\/de\/wp-json\/wp\/v2\/media\/14012"}],"wp:attachment":[{"href":"https:\/\/store.myst.gr\/de\/wp-json\/wp\/v2\/media?parent=14041"}],"wp:term":[{"taxonomy":"product_cat","embeddable":true,"href":"https:\/\/store.myst.gr\/de\/wp-json\/wp\/v2\/product_cat?post=14041"},{"taxonomy":"product_tag","embeddable":true,"href":"https:\/\/store.myst.gr\/de\/wp-json\/wp\/v2\/product_tag?post=14041"}],"curies":[{"name":"wp","href":"https:\/\/api.w.org\/{rel}","templated":true}]}}