{"id":14005,"date":"2025-12-04T10:53:57","date_gmt":"2025-12-04T10:53:57","guid":{"rendered":"https:\/\/store.myst.gr\/?post_type=product&#038;p=14005"},"modified":"2026-03-26T06:53:04","modified_gmt":"2026-03-26T06:53:04","slug":"preworkout","status":"publish","type":"product","link":"https:\/\/store.myst.gr\/de\/product\/preworkout\/","title":{"rendered":"PRE-WORKOUT | Nat\u00fcrlicher Fitness-Boost"},"content":{"rendered":"<p><b>PRE-WORKOUT ENERGY\u00a0<\/b>ist eine saubere, pflanzliche Pre-Workout-Formel aus Orange, Hibiskus, Ingwer und Minze. Sie bietet nat\u00fcrliche Aktivierung ohne Koffein \u2013 ideal f\u00fcr alle, die vor dem Training leichte, klare und belebende Energie w\u00fcnschen. Entwickelt f\u00fcr Fokus, Vitalit\u00e4t und sportliche Klarheit.<\/p>\n<p><strong>Wesentliche Vorteile :<\/strong><\/p>\n<p class=\"p1\">\u2022 Nat\u00fcrliche Pre-Workout-Aktivierung<br \/>\n\u2022 Unterst\u00fctzt Energie &amp; Wachsamkeit<br \/>\n\u2022 Ohne Koffein \u2022 Ohne Zucker<br \/>\n\u2022 Geeignet f\u00fcr das t\u00e4gliche Training<\/p>\n<p><strong>Geschmacksprofil :<\/strong><\/p>\n<p class=\"p1\">Erfrischende Zitrusnote mit fruchtigen Hibiskus-Aromen und einem minzigen Finish.<\/p>\n<p><strong>Verwendung : <\/strong>Mischen Sie <span class=\"s1\"><b>5g<\/b><\/span> in <span class=\"s1\"><b>80ml Wasser<\/b><\/span>mischen, gut sch\u00fctteln und vor dem Training trinken.<\/p>\n<p><strong data-start=\"1530\" data-end=\"1547\">Enth\u00e4lt:<\/strong> Fl\u00e4schchen und Dosierer.<\/p>\n<p><strong>Komponenten :<\/strong> Orangenpulver, Hibiskuspulver, Ingwerpulver, Minzpulver, Reismehl.<\/p>\n<p><strong><span class=\"s1\">Deklaration von Allergenen<\/span><\/strong><\/p>\n<p><span class=\"s1\">Wir verstehen die Bedeutung von Nahrungsmittelallergien und Nahrungs-empfindlichkeiten und werden diese Zutaten immer auf unserem Etikett in den Angaben aller Zutaten bekanntgeben - sie werden niemals unter den Worten \"Gew\u00fcrze\" oder \"nat\u00fcrliche Aromen\" versteckt:<\/span><\/p>\n<p><span class=\"s1\">F\u00fcr die aktuellsten Informationen zu Allergenen und N\u00e4hrstoffen ist es wichtig, beim Kauf die Inhaltsstoffangabe auf der Verpackung zu lesen.<\/span><\/p>\n<p>&nbsp;<\/p>","protected":false},"excerpt":{"rendered":"<div class=\"page\" title=\"Page 5\">\n<div class=\"section\">\n<div class=\"layoutArea\">\n<div class=\"column\">\n<div class=\"page\" title=\"Page 6\">\n<div class=\"section\">\n<div class=\"layoutArea\">\n<div class=\"column\">\n<p>Vermittelt ein Gef\u00fchl von Energie, Wachsamkeit und Bereitschaft vor dem Training, mit einem erfrischenden und uppiggenden Geschmack. Entwickelt f\u00fcr Fokus, Vitalit\u00e4t und sportliche Klarheit.<\/p>\n<\/div>\n<\/div>\n<\/div>\n<\/div>\n<\/div>\n<\/div>\n<\/div>\n<\/div>\n<p><strong>Menge: e 90g \/ 18 Portionen \u00e0 5g<\/strong><\/p>\n<p><strong data-start=\"1530\" data-end=\"1547\">Enth\u00e4lt:<\/strong> Fl\u00e4schchen und Dosierer.<\/p>\n<p><strong>Die besten Produkte aus Griechenland direkt auf Ihren Tisch geliefert und kostenloser Versand bei Bestellungen \u00fcber 120 \u20ac innerhalb Europas.<\/strong><\/p>","protected":false},"featured_media":14008,"template":"","meta":{"_acf_changed":false,"inline_featured_image":false},"product_cat":[15,629,649],"product_tag":[323,651,613,648],"class_list":{"0":"post-14005","1":"product","2":"type-product","3":"status-publish","4":"has-post-thumbnail","6":"product_cat-vall","7":"product_cat-shots-drinks","8":"product_cat-wellness","9":"product_tag-cataloguejuly","10":"product_tag-retail","11":"product_tag-spices","12":"product_tag-wellness","14":"first","15":"instock","16":"taxable","17":"shipping-taxable","18":"purchasable","19":"product-type-simple"},"acf":[],"yoast_head":"<!-- This site is optimized with the Yoast SEO plugin v27.4 - https:\/\/yoast.com\/product\/yoast-seo-wordpress\/ -->\n<title>PRE-WORKOUT | \u03a6\u03c5\u03c3\u03b9\u03ba\u03ae \u0391\u03b8\u03bb\u03b7\u03c4\u03b9\u03ba\u03ae \u0395\u03bd\u03af\u03c3\u03c7\u03c5\u03c3\u03b7 - MYST<\/title>\n<meta name=\"description\" content=\"\u03a0\u03c1\u03bf\u03c3\u03c6\u03ad\u03c1\u03b5\u03b9 \u03b1\u03af\u03c3\u03b8\u03b7\u03c3\u03b7 \u03b5\u03bd\u03ad\u03c1\u03b3\u03b5\u03b9\u03b1\u03c2, \u03b5\u03b3\u03c1\u03ae\u03b3\u03bf\u03c1\u03c3\u03b7\u03c2 \u03ba\u03b1\u03b9 \u03b5\u03c4\u03bf\u03b9\u03bc\u03cc\u03c4\u03b7\u03c4\u03b1\u03c2 \u03c0\u03c1\u03b9\u03bd \u03c4\u03b7\u03bd \u03ac\u03c3\u03ba\u03b7\u03c3\u03b7, \u03bc\u03b5 \u03b4\u03c1\u03bf\u03c3\u03b9\u03c3\u03c4\u03b9\u03ba\u03ae \u03ba\u03b1\u03b9 \u03b1\u03bd\u03b1\u03b6\u03c9\u03bf\u03b3\u03bf\u03bd\u03b7\u03c4\u03b9\u03ba\u03ae \u03b3\u03b5\u03cd\u03c3\u03b7. \u03a3\u03c7\u03b5\u03b4\u03b9\u03b1\u03c3\u03bc\u03ad\u03bd\u03bf \u03b3\u03b9\u03b1 \u03c3\u03c5\u03b3\u03ba\u03ad\u03bd\u03c4\u03c1\u03c9\u03c3\u03b7, \u03b6\u03c9\u03bd\u03c4\u03ac\u03bd\u03b9\u03b1 \u03ba\u03b1\u03b9\" \/>\n<meta name=\"robots\" content=\"index, follow, max-snippet:-1, max-image-preview:large, max-video-preview:-1\" \/>\n<link rel=\"canonical\" href=\"https:\/\/store.myst.gr\/de\/produkt\/preworkout\/\" \/>\n<meta property=\"og:locale\" content=\"de_DE\" \/>\n<meta property=\"og:type\" content=\"article\" \/>\n<meta property=\"og:title\" content=\"PRE-WORKOUT | \u03a6\u03c5\u03c3\u03b9\u03ba\u03ae \u0391\u03b8\u03bb\u03b7\u03c4\u03b9\u03ba\u03ae \u0395\u03bd\u03af\u03c3\u03c7\u03c5\u03c3\u03b7 - MYST\" \/>\n<meta property=\"og:description\" content=\"\u03a0\u03c1\u03bf\u03c3\u03c6\u03ad\u03c1\u03b5\u03b9 \u03b1\u03af\u03c3\u03b8\u03b7\u03c3\u03b7 \u03b5\u03bd\u03ad\u03c1\u03b3\u03b5\u03b9\u03b1\u03c2, \u03b5\u03b3\u03c1\u03ae\u03b3\u03bf\u03c1\u03c3\u03b7\u03c2 \u03ba\u03b1\u03b9 \u03b5\u03c4\u03bf\u03b9\u03bc\u03cc\u03c4\u03b7\u03c4\u03b1\u03c2 \u03c0\u03c1\u03b9\u03bd \u03c4\u03b7\u03bd \u03ac\u03c3\u03ba\u03b7\u03c3\u03b7, \u03bc\u03b5 \u03b4\u03c1\u03bf\u03c3\u03b9\u03c3\u03c4\u03b9\u03ba\u03ae \u03ba\u03b1\u03b9 \u03b1\u03bd\u03b1\u03b6\u03c9\u03bf\u03b3\u03bf\u03bd\u03b7\u03c4\u03b9\u03ba\u03ae \u03b3\u03b5\u03cd\u03c3\u03b7. \u03a3\u03c7\u03b5\u03b4\u03b9\u03b1\u03c3\u03bc\u03ad\u03bd\u03bf \u03b3\u03b9\u03b1 \u03c3\u03c5\u03b3\u03ba\u03ad\u03bd\u03c4\u03c1\u03c9\u03c3\u03b7, \u03b6\u03c9\u03bd\u03c4\u03ac\u03bd\u03b9\u03b1 \u03ba\u03b1\u03b9\" \/>\n<meta property=\"og:url\" content=\"https:\/\/store.myst.gr\/de\/produkt\/preworkout\/\" \/>\n<meta property=\"og:site_name\" content=\"MYST\" \/>\n<meta property=\"article:publisher\" content=\"https:\/\/www.facebook.com\/mystfood\" \/>\n<meta property=\"article:modified_time\" content=\"2026-03-26T06:53:04+00:00\" \/>\n<meta property=\"og:image\" content=\"https:\/\/store.myst.gr\/wp-content\/uploads\/2025\/12\/Preworkout-1.jpg\" \/>\n\t<meta property=\"og:image:width\" content=\"1000\" \/>\n\t<meta property=\"og:image:height\" content=\"1000\" \/>\n\t<meta property=\"og:image:type\" content=\"image\/jpeg\" \/>\n<meta name=\"twitter:card\" content=\"summary_large_image\" \/>\n<meta name=\"twitter:label1\" content=\"Gesch\u00e4tzte Lesezeit\" \/>\n\t<meta name=\"twitter:data1\" content=\"2\u00a0Minuten\" \/>\n<script type=\"application\/ld+json\" class=\"yoast-schema-graph\">{\"@context\":\"https:\\\/\\\/schema.org\",\"@graph\":[{\"@type\":\"WebPage\",\"@id\":\"https:\\\/\\\/store.myst.gr\\\/product\\\/preworkout\\\/\",\"url\":\"https:\\\/\\\/store.myst.gr\\\/product\\\/preworkout\\\/\",\"name\":\"PRE-WORKOUT | \u03a6\u03c5\u03c3\u03b9\u03ba\u03ae \u0391\u03b8\u03bb\u03b7\u03c4\u03b9\u03ba\u03ae \u0395\u03bd\u03af\u03c3\u03c7\u03c5\u03c3\u03b7 - MYST\",\"isPartOf\":{\"@id\":\"https:\\\/\\\/store.myst.gr\\\/#website\"},\"primaryImageOfPage\":{\"@id\":\"https:\\\/\\\/store.myst.gr\\\/product\\\/preworkout\\\/#primaryimage\"},\"image\":{\"@id\":\"https:\\\/\\\/store.myst.gr\\\/product\\\/preworkout\\\/#primaryimage\"},\"thumbnailUrl\":\"https:\\\/\\\/store.myst.gr\\\/wp-content\\\/uploads\\\/2025\\\/12\\\/Preworkout-1.jpg\",\"datePublished\":\"2025-12-04T10:53:57+00:00\",\"dateModified\":\"2026-03-26T06:53:04+00:00\",\"description\":\"\u03a0\u03c1\u03bf\u03c3\u03c6\u03ad\u03c1\u03b5\u03b9 \u03b1\u03af\u03c3\u03b8\u03b7\u03c3\u03b7 \u03b5\u03bd\u03ad\u03c1\u03b3\u03b5\u03b9\u03b1\u03c2, \u03b5\u03b3\u03c1\u03ae\u03b3\u03bf\u03c1\u03c3\u03b7\u03c2 \u03ba\u03b1\u03b9 \u03b5\u03c4\u03bf\u03b9\u03bc\u03cc\u03c4\u03b7\u03c4\u03b1\u03c2 \u03c0\u03c1\u03b9\u03bd \u03c4\u03b7\u03bd \u03ac\u03c3\u03ba\u03b7\u03c3\u03b7, \u03bc\u03b5 \u03b4\u03c1\u03bf\u03c3\u03b9\u03c3\u03c4\u03b9\u03ba\u03ae \u03ba\u03b1\u03b9 \u03b1\u03bd\u03b1\u03b6\u03c9\u03bf\u03b3\u03bf\u03bd\u03b7\u03c4\u03b9\u03ba\u03ae \u03b3\u03b5\u03cd\u03c3\u03b7. \u03a3\u03c7\u03b5\u03b4\u03b9\u03b1\u03c3\u03bc\u03ad\u03bd\u03bf \u03b3\u03b9\u03b1 \u03c3\u03c5\u03b3\u03ba\u03ad\u03bd\u03c4\u03c1\u03c9\u03c3\u03b7, \u03b6\u03c9\u03bd\u03c4\u03ac\u03bd\u03b9\u03b1 \u03ba\u03b1\u03b9\",\"breadcrumb\":{\"@id\":\"https:\\\/\\\/store.myst.gr\\\/product\\\/preworkout\\\/#breadcrumb\"},\"inLanguage\":\"de\",\"potentialAction\":[{\"@type\":\"ReadAction\",\"target\":[\"https:\\\/\\\/store.myst.gr\\\/product\\\/preworkout\\\/\"]}]},{\"@type\":\"ImageObject\",\"inLanguage\":\"de\",\"@id\":\"https:\\\/\\\/store.myst.gr\\\/product\\\/preworkout\\\/#primaryimage\",\"url\":\"https:\\\/\\\/store.myst.gr\\\/wp-content\\\/uploads\\\/2025\\\/12\\\/Preworkout-1.jpg\",\"contentUrl\":\"https:\\\/\\\/store.myst.gr\\\/wp-content\\\/uploads\\\/2025\\\/12\\\/Preworkout-1.jpg\",\"width\":1000,\"height\":1000},{\"@type\":\"BreadcrumbList\",\"@id\":\"https:\\\/\\\/store.myst.gr\\\/product\\\/preworkout\\\/#breadcrumb\",\"itemListElement\":[{\"@type\":\"ListItem\",\"position\":1,\"name\":\"Home\",\"item\":\"https:\\\/\\\/store.myst.gr\\\/\"},{\"@type\":\"ListItem\",\"position\":2,\"name\":\"Shop\",\"item\":\"https:\\\/\\\/store.myst.gr\\\/\"},{\"@type\":\"ListItem\",\"position\":3,\"name\":\"PRE-WORKOUT | \u03a6\u03c5\u03c3\u03b9\u03ba\u03ae \u0391\u03b8\u03bb\u03b7\u03c4\u03b9\u03ba\u03ae \u0395\u03bd\u03af\u03c3\u03c7\u03c5\u03c3\u03b7\"}]},{\"@type\":\"WebSite\",\"@id\":\"https:\\\/\\\/store.myst.gr\\\/#website\",\"url\":\"https:\\\/\\\/store.myst.gr\\\/\",\"name\":\"Myst\",\"description\":\"\u0391\u03bd\u03b1\u03ba\u03b1\u03bb\u03cd\u03c8\u03c4\u03b5 \u03c4\u03b9\u03c2 \u03b3\u03b5\u03cd\u03c3\u03b5\u03b9\u03c2 \u03c4\u03b7\u03c2 \u0395\u03bb\u03bb\u03ac\u03b4\u03b1\u03c2\",\"publisher\":{\"@id\":\"https:\\\/\\\/store.myst.gr\\\/#organization\"},\"potentialAction\":[{\"@type\":\"SearchAction\",\"target\":{\"@type\":\"EntryPoint\",\"urlTemplate\":\"https:\\\/\\\/store.myst.gr\\\/?s={search_term_string}\"},\"query-input\":{\"@type\":\"PropertyValueSpecification\",\"valueRequired\":true,\"valueName\":\"search_term_string\"}}],\"inLanguage\":\"de\"},{\"@type\":\"Organization\",\"@id\":\"https:\\\/\\\/store.myst.gr\\\/#organization\",\"name\":\"MYST\",\"url\":\"https:\\\/\\\/store.myst.gr\\\/\",\"logo\":{\"@type\":\"ImageObject\",\"inLanguage\":\"de\",\"@id\":\"https:\\\/\\\/store.myst.gr\\\/#\\\/schema\\\/logo\\\/image\\\/\",\"url\":\"https:\\\/\\\/store.myst.gr\\\/wp-content\\\/uploads\\\/2024\\\/12\\\/myst-logo-str.svg\",\"contentUrl\":\"https:\\\/\\\/store.myst.gr\\\/wp-content\\\/uploads\\\/2024\\\/12\\\/myst-logo-str.svg\",\"width\":193,\"height\":53,\"caption\":\"MYST\"},\"image\":{\"@id\":\"https:\\\/\\\/store.myst.gr\\\/#\\\/schema\\\/logo\\\/image\\\/\"},\"sameAs\":[\"https:\\\/\\\/www.facebook.com\\\/mystfood\",\"https:\\\/\\\/www.instagram.com\\\/mystcompany\\\/\"]}]}<\/script>\n<!-- \/ Yoast SEO plugin. -->","yoast_head_json":{"title":"PRE-WORKOUT | \u03a6\u03c5\u03c3\u03b9\u03ba\u03ae \u0391\u03b8\u03bb\u03b7\u03c4\u03b9\u03ba\u03ae \u0395\u03bd\u03af\u03c3\u03c7\u03c5\u03c3\u03b7 - MYST","description":"\u03a0\u03c1\u03bf\u03c3\u03c6\u03ad\u03c1\u03b5\u03b9 \u03b1\u03af\u03c3\u03b8\u03b7\u03c3\u03b7 \u03b5\u03bd\u03ad\u03c1\u03b3\u03b5\u03b9\u03b1\u03c2, \u03b5\u03b3\u03c1\u03ae\u03b3\u03bf\u03c1\u03c3\u03b7\u03c2 \u03ba\u03b1\u03b9 \u03b5\u03c4\u03bf\u03b9\u03bc\u03cc\u03c4\u03b7\u03c4\u03b1\u03c2 \u03c0\u03c1\u03b9\u03bd \u03c4\u03b7\u03bd \u03ac\u03c3\u03ba\u03b7\u03c3\u03b7, \u03bc\u03b5 \u03b4\u03c1\u03bf\u03c3\u03b9\u03c3\u03c4\u03b9\u03ba\u03ae \u03ba\u03b1\u03b9 \u03b1\u03bd\u03b1\u03b6\u03c9\u03bf\u03b3\u03bf\u03bd\u03b7\u03c4\u03b9\u03ba\u03ae \u03b3\u03b5\u03cd\u03c3\u03b7. \u03a3\u03c7\u03b5\u03b4\u03b9\u03b1\u03c3\u03bc\u03ad\u03bd\u03bf \u03b3\u03b9\u03b1 \u03c3\u03c5\u03b3\u03ba\u03ad\u03bd\u03c4\u03c1\u03c9\u03c3\u03b7, \u03b6\u03c9\u03bd\u03c4\u03ac\u03bd\u03b9\u03b1 \u03ba\u03b1\u03b9","robots":{"index":"index","follow":"follow","max-snippet":"max-snippet:-1","max-image-preview":"max-image-preview:large","max-video-preview":"max-video-preview:-1"},"canonical":"https:\/\/store.myst.gr\/de\/produkt\/preworkout\/","og_locale":"de_DE","og_type":"article","og_title":"PRE-WORKOUT | \u03a6\u03c5\u03c3\u03b9\u03ba\u03ae \u0391\u03b8\u03bb\u03b7\u03c4\u03b9\u03ba\u03ae \u0395\u03bd\u03af\u03c3\u03c7\u03c5\u03c3\u03b7 - MYST","og_description":"\u03a0\u03c1\u03bf\u03c3\u03c6\u03ad\u03c1\u03b5\u03b9 \u03b1\u03af\u03c3\u03b8\u03b7\u03c3\u03b7 \u03b5\u03bd\u03ad\u03c1\u03b3\u03b5\u03b9\u03b1\u03c2, \u03b5\u03b3\u03c1\u03ae\u03b3\u03bf\u03c1\u03c3\u03b7\u03c2 \u03ba\u03b1\u03b9 \u03b5\u03c4\u03bf\u03b9\u03bc\u03cc\u03c4\u03b7\u03c4\u03b1\u03c2 \u03c0\u03c1\u03b9\u03bd \u03c4\u03b7\u03bd \u03ac\u03c3\u03ba\u03b7\u03c3\u03b7, \u03bc\u03b5 \u03b4\u03c1\u03bf\u03c3\u03b9\u03c3\u03c4\u03b9\u03ba\u03ae \u03ba\u03b1\u03b9 \u03b1\u03bd\u03b1\u03b6\u03c9\u03bf\u03b3\u03bf\u03bd\u03b7\u03c4\u03b9\u03ba\u03ae \u03b3\u03b5\u03cd\u03c3\u03b7. \u03a3\u03c7\u03b5\u03b4\u03b9\u03b1\u03c3\u03bc\u03ad\u03bd\u03bf \u03b3\u03b9\u03b1 \u03c3\u03c5\u03b3\u03ba\u03ad\u03bd\u03c4\u03c1\u03c9\u03c3\u03b7, \u03b6\u03c9\u03bd\u03c4\u03ac\u03bd\u03b9\u03b1 \u03ba\u03b1\u03b9","og_url":"https:\/\/store.myst.gr\/de\/produkt\/preworkout\/","og_site_name":"MYST","article_publisher":"https:\/\/www.facebook.com\/mystfood","article_modified_time":"2026-03-26T06:53:04+00:00","og_image":[{"width":1000,"height":1000,"url":"https:\/\/store.myst.gr\/wp-content\/uploads\/2025\/12\/Preworkout-1.jpg","type":"image\/jpeg"}],"twitter_card":"summary_large_image","twitter_misc":{"Gesch\u00e4tzte Lesezeit":"2\u00a0Minuten"},"schema":{"@context":"https:\/\/schema.org","@graph":[{"@type":"WebPage","@id":"https:\/\/store.myst.gr\/product\/preworkout\/","url":"https:\/\/store.myst.gr\/product\/preworkout\/","name":"PRE-WORKOUT | \u03a6\u03c5\u03c3\u03b9\u03ba\u03ae \u0391\u03b8\u03bb\u03b7\u03c4\u03b9\u03ba\u03ae \u0395\u03bd\u03af\u03c3\u03c7\u03c5\u03c3\u03b7 - MYST","isPartOf":{"@id":"https:\/\/store.myst.gr\/#website"},"primaryImageOfPage":{"@id":"https:\/\/store.myst.gr\/product\/preworkout\/#primaryimage"},"image":{"@id":"https:\/\/store.myst.gr\/product\/preworkout\/#primaryimage"},"thumbnailUrl":"https:\/\/store.myst.gr\/wp-content\/uploads\/2025\/12\/Preworkout-1.jpg","datePublished":"2025-12-04T10:53:57+00:00","dateModified":"2026-03-26T06:53:04+00:00","description":"\u03a0\u03c1\u03bf\u03c3\u03c6\u03ad\u03c1\u03b5\u03b9 \u03b1\u03af\u03c3\u03b8\u03b7\u03c3\u03b7 \u03b5\u03bd\u03ad\u03c1\u03b3\u03b5\u03b9\u03b1\u03c2, \u03b5\u03b3\u03c1\u03ae\u03b3\u03bf\u03c1\u03c3\u03b7\u03c2 \u03ba\u03b1\u03b9 \u03b5\u03c4\u03bf\u03b9\u03bc\u03cc\u03c4\u03b7\u03c4\u03b1\u03c2 \u03c0\u03c1\u03b9\u03bd \u03c4\u03b7\u03bd \u03ac\u03c3\u03ba\u03b7\u03c3\u03b7, \u03bc\u03b5 \u03b4\u03c1\u03bf\u03c3\u03b9\u03c3\u03c4\u03b9\u03ba\u03ae \u03ba\u03b1\u03b9 \u03b1\u03bd\u03b1\u03b6\u03c9\u03bf\u03b3\u03bf\u03bd\u03b7\u03c4\u03b9\u03ba\u03ae \u03b3\u03b5\u03cd\u03c3\u03b7. \u03a3\u03c7\u03b5\u03b4\u03b9\u03b1\u03c3\u03bc\u03ad\u03bd\u03bf \u03b3\u03b9\u03b1 \u03c3\u03c5\u03b3\u03ba\u03ad\u03bd\u03c4\u03c1\u03c9\u03c3\u03b7, \u03b6\u03c9\u03bd\u03c4\u03ac\u03bd\u03b9\u03b1 \u03ba\u03b1\u03b9","breadcrumb":{"@id":"https:\/\/store.myst.gr\/product\/preworkout\/#breadcrumb"},"inLanguage":"de","potentialAction":[{"@type":"ReadAction","target":["https:\/\/store.myst.gr\/product\/preworkout\/"]}]},{"@type":"ImageObject","inLanguage":"de","@id":"https:\/\/store.myst.gr\/product\/preworkout\/#primaryimage","url":"https:\/\/store.myst.gr\/wp-content\/uploads\/2025\/12\/Preworkout-1.jpg","contentUrl":"https:\/\/store.myst.gr\/wp-content\/uploads\/2025\/12\/Preworkout-1.jpg","width":1000,"height":1000},{"@type":"BreadcrumbList","@id":"https:\/\/store.myst.gr\/product\/preworkout\/#breadcrumb","itemListElement":[{"@type":"ListItem","position":1,"name":"Home","item":"https:\/\/store.myst.gr\/"},{"@type":"ListItem","position":2,"name":"Shop","item":"https:\/\/store.myst.gr\/"},{"@type":"ListItem","position":3,"name":"PRE-WORKOUT | \u03a6\u03c5\u03c3\u03b9\u03ba\u03ae \u0391\u03b8\u03bb\u03b7\u03c4\u03b9\u03ba\u03ae \u0395\u03bd\u03af\u03c3\u03c7\u03c5\u03c3\u03b7"}]},{"@type":"WebSite","@id":"https:\/\/store.myst.gr\/#website","url":"https:\/\/store.myst.gr\/","name":"Myst","description":"\u0391\u03bd\u03b1\u03ba\u03b1\u03bb\u03cd\u03c8\u03c4\u03b5 \u03c4\u03b9\u03c2 \u03b3\u03b5\u03cd\u03c3\u03b5\u03b9\u03c2 \u03c4\u03b7\u03c2 \u0395\u03bb\u03bb\u03ac\u03b4\u03b1\u03c2","publisher":{"@id":"https:\/\/store.myst.gr\/#organization"},"potentialAction":[{"@type":"SearchAction","target":{"@type":"EntryPoint","urlTemplate":"https:\/\/store.myst.gr\/?s={search_term_string}"},"query-input":{"@type":"PropertyValueSpecification","valueRequired":true,"valueName":"search_term_string"}}],"inLanguage":"de"},{"@type":"Organization","@id":"https:\/\/store.myst.gr\/#organization","name":"MYST","url":"https:\/\/store.myst.gr\/","logo":{"@type":"ImageObject","inLanguage":"de","@id":"https:\/\/store.myst.gr\/#\/schema\/logo\/image\/","url":"https:\/\/store.myst.gr\/wp-content\/uploads\/2024\/12\/myst-logo-str.svg","contentUrl":"https:\/\/store.myst.gr\/wp-content\/uploads\/2024\/12\/myst-logo-str.svg","width":193,"height":53,"caption":"MYST"},"image":{"@id":"https:\/\/store.myst.gr\/#\/schema\/logo\/image\/"},"sameAs":["https:\/\/www.facebook.com\/mystfood","https:\/\/www.instagram.com\/mystcompany\/"]}]}},"_links":{"self":[{"href":"https:\/\/store.myst.gr\/de\/wp-json\/wp\/v2\/product\/14005","targetHints":{"allow":["GET"]}}],"collection":[{"href":"https:\/\/store.myst.gr\/de\/wp-json\/wp\/v2\/product"}],"about":[{"href":"https:\/\/store.myst.gr\/de\/wp-json\/wp\/v2\/types\/product"}],"wp:featuredmedia":[{"embeddable":true,"href":"https:\/\/store.myst.gr\/de\/wp-json\/wp\/v2\/media\/14008"}],"wp:attachment":[{"href":"https:\/\/store.myst.gr\/de\/wp-json\/wp\/v2\/media?parent=14005"}],"wp:term":[{"taxonomy":"product_cat","embeddable":true,"href":"https:\/\/store.myst.gr\/de\/wp-json\/wp\/v2\/product_cat?post=14005"},{"taxonomy":"product_tag","embeddable":true,"href":"https:\/\/store.myst.gr\/de\/wp-json\/wp\/v2\/product_tag?post=14005"}],"curies":[{"name":"wp","href":"https:\/\/api.w.org\/{rel}","templated":true}]}}