{"id":13993,"date":"2025-12-04T09:14:23","date_gmt":"2025-12-04T09:14:23","guid":{"rendered":"https:\/\/store.myst.gr\/?post_type=product&#038;p=13993"},"modified":"2026-03-26T06:53:21","modified_gmt":"2026-03-26T06:53:21","slug":"immune-fire","status":"publish","type":"product","link":"https:\/\/store.myst.gr\/de\/product\/immune-fire\/","title":{"rendered":"IMMUNE FIRE | Starkes Immunsystem"},"content":{"rendered":"<p class=\"p1\"><span class=\"s1\"><b>IMMUNE FIRE<\/b><\/span>\u00a0ist ein intensiver Kr\u00e4uter\u2013Gew\u00fcrzshot mit Ingwer, Kurkuma und schwarzem Pfeffer. Entwickelt f\u00fcr nat\u00fcrliche Abwehrkraft und sofortige Aktivierung, bietet er einen warmen, w\u00fcrzigen Kick, der die Sinne weckt und einen starken Start in den Tag unterst\u00fctzt. Dank seiner reinen Zusammensetzung eignet er sich ideal f\u00fcr alle, die einen nat\u00fcrlichen, schnellen und effektiven Energie-Boost suchen.<\/p>\n<p><strong>Wesentliche Vorteile :<\/strong><br \/>\n\u2022 Nat\u00fcrliche Abwehr &amp; t\u00e4gliche Unterst\u00fctzung<br \/>\n\u2022 Sofortige, w\u00e4rmende Aktivierung<br \/>\n\u2022 Starkes Ingwer\u2013Kurkuma-Profil<br \/>\n\u2022 Kein Zucker \u2022 Keine Zusatzstoffe \u2022 100% nat\u00fcrlich<\/p>\n<p><strong>Geschmack :\u00a0<\/strong>W\u00fcrzig, warm, erdig, mit zitrusfrischen Noten aus Zitronenpulver.<\/p>\n<p><strong>Verwendung : <\/strong>Mischen Sie\u00a0<strong>5g<\/strong>\u00a0in\u00a0<strong>80ml<\/strong>\u00a0Wasser mischen, gut sch\u00fctteln und sofort trinken.<\/p>\n<p><strong data-start=\"1530\" data-end=\"1547\">Enth\u00e4lt:<\/strong> Fl\u00e4schchen und Dosierer.<\/p>\n<p><strong>Komponenten :<\/strong>\u00a0Ingwerpulver, Kurkumapulver, Zitronenpulver, Schwarzer Pfeffer, Reismehl.<\/p>\n<p><strong><span class=\"s1\">Deklaration von Allergenen<\/span><\/strong><\/p>\n<p><span class=\"s1\">Wir verstehen die Bedeutung von Nahrungsmittelallergien und Nahrungs-empfindlichkeiten und werden diese Zutaten immer auf unserem Etikett in den Angaben aller Zutaten bekanntgeben - sie werden niemals unter den Worten \"Gew\u00fcrze\" oder \"nat\u00fcrliche Aromen\" versteckt:<\/span><\/p>\n<p><span class=\"s1\">F\u00fcr die aktuellsten Informationen zu Allergenen und N\u00e4hrstoffen ist es wichtig, beim Kauf die Inhaltsstoffangabe auf der Verpackung zu lesen.<\/span><\/p>\n<p>&nbsp;<\/p>","protected":false},"excerpt":{"rendered":"<div class=\"page\" title=\"Page 5\">\n<div class=\"section\">\n<div class=\"layoutArea\">\n<div class=\"column\">\n<div class=\"page\" title=\"Page 6\">\n<div class=\"section\">\n<div class=\"layoutArea\">\n<div class=\"column\">\n<p>Nat\u00fcrliche Mischung aus Ingwer, Kurkuma und Zitrone mit schwarzem Pfeffer. Unterst\u00fctzt das Immunsystem und st\u00e4rkt die nat\u00fcrliche Vitalit\u00e4t. Inspiriert vom bekannten \u201eGinger Shot\u201c vereint diese kraftvolle Mischung die warme, w\u00fcrzige Intensit\u00e4t frischer Wurzeln in einer sauberen, leicht anzur\u00fchrenden Form.<\/p>\n<\/div>\n<\/div>\n<\/div>\n<\/div>\n<\/div>\n<\/div>\n<\/div>\n<\/div>\n<p><strong>Menge: e 90g \/ 18 Portionen \u00e0 5g<\/strong><\/p>\n<p><strong data-start=\"1530\" data-end=\"1547\">Enth\u00e4lt:<\/strong> Fl\u00e4schchen und Dosierer.<\/p>\n<p><strong>Die besten Produkte aus Griechenland direkt auf Ihren Tisch geliefert und kostenloser Versand bei Bestellungen \u00fcber 120 \u20ac innerhalb Europas.<\/strong><\/p>","protected":false},"featured_media":13995,"template":"","meta":{"_acf_changed":false,"inline_featured_image":false},"product_cat":[15,629,649],"product_tag":[323,651,613,648],"class_list":{"0":"post-13993","1":"product","2":"type-product","3":"status-publish","4":"has-post-thumbnail","6":"product_cat-vall","7":"product_cat-shots-drinks","8":"product_cat-wellness","9":"product_tag-cataloguejuly","10":"product_tag-retail","11":"product_tag-spices","12":"product_tag-wellness","14":"first","15":"instock","16":"taxable","17":"shipping-taxable","18":"purchasable","19":"product-type-simple"},"acf":[],"yoast_head":"<!-- This site is optimized with the Yoast SEO plugin v27.4 - https:\/\/yoast.com\/product\/yoast-seo-wordpress\/ -->\n<title>IMMUNE FIRE | \u0399\u03c3\u03c7\u03c5\u03c1\u03cc \u0391\u03bd\u03bf\u03c3\u03bf\u03c0\u03bf\u03b9\u03b7\u03c4\u03b9\u03ba\u03cc - MYST<\/title>\n<meta name=\"description\" content=\"\u0395\u03bc\u03c0\u03bd\u03b5\u03c5\u03c3\u03bc\u03ad\u03bd\u03bf \u03b1\u03c0\u03cc \u03c4\u03bf \u03b3\u03bd\u03c9\u03c3\u03c4\u03cc \u201cginger shot\u201d, \u03b1\u03c5\u03c4\u03cc \u03c4\u03bf \u03b9\u03c3\u03c7\u03c5\u03c1\u03cc \u03bc\u03b5\u03af\u03b3\u03bc\u03b1 \u03b1\u03c0\u03bf\u03b4\u03af\u03b4\u03b5\u03b9 \u03c4\u03b7\u03bd \u03c0\u03b9\u03ba\u03ac\u03bd\u03c4\u03b9\u03ba\u03b7, \u03b6\u03b5\u03c3\u03c4\u03ae \u03ad\u03bd\u03c4\u03b1\u03c3\u03b7 \u03c4\u03c9\u03bd \u03c6\u03c1\u03ad\u03c3\u03ba\u03c9\u03bd \u03c1\u03b9\u03b6\u03ce\u03bd \u03c3\u03b5 \u03bc\u03af\u03b1 \u03ba\u03b1\u03b8\u03b1\u03c1\u03ae \u03ba\u03b1\u03b9 \u03b5\u03cd\u03c7\u03c1\u03b7\u03c3\u03c4\u03b7 \u03bc\u03bf\u03c1\u03c6\u03ae.\" \/>\n<meta name=\"robots\" content=\"index, follow, max-snippet:-1, max-image-preview:large, max-video-preview:-1\" \/>\n<link rel=\"canonical\" href=\"https:\/\/store.myst.gr\/de\/produkt\/immune-fire\/\" \/>\n<meta property=\"og:locale\" content=\"de_DE\" \/>\n<meta property=\"og:type\" content=\"article\" \/>\n<meta property=\"og:title\" content=\"IMMUNE FIRE | \u0399\u03c3\u03c7\u03c5\u03c1\u03cc \u0391\u03bd\u03bf\u03c3\u03bf\u03c0\u03bf\u03b9\u03b7\u03c4\u03b9\u03ba\u03cc - MYST\" \/>\n<meta property=\"og:description\" content=\"\u0395\u03bc\u03c0\u03bd\u03b5\u03c5\u03c3\u03bc\u03ad\u03bd\u03bf \u03b1\u03c0\u03cc \u03c4\u03bf \u03b3\u03bd\u03c9\u03c3\u03c4\u03cc \u201cginger shot\u201d, \u03b1\u03c5\u03c4\u03cc \u03c4\u03bf \u03b9\u03c3\u03c7\u03c5\u03c1\u03cc \u03bc\u03b5\u03af\u03b3\u03bc\u03b1 \u03b1\u03c0\u03bf\u03b4\u03af\u03b4\u03b5\u03b9 \u03c4\u03b7\u03bd \u03c0\u03b9\u03ba\u03ac\u03bd\u03c4\u03b9\u03ba\u03b7, \u03b6\u03b5\u03c3\u03c4\u03ae \u03ad\u03bd\u03c4\u03b1\u03c3\u03b7 \u03c4\u03c9\u03bd \u03c6\u03c1\u03ad\u03c3\u03ba\u03c9\u03bd \u03c1\u03b9\u03b6\u03ce\u03bd \u03c3\u03b5 \u03bc\u03af\u03b1 \u03ba\u03b1\u03b8\u03b1\u03c1\u03ae \u03ba\u03b1\u03b9 \u03b5\u03cd\u03c7\u03c1\u03b7\u03c3\u03c4\u03b7 \u03bc\u03bf\u03c1\u03c6\u03ae.\" \/>\n<meta property=\"og:url\" content=\"https:\/\/store.myst.gr\/de\/produkt\/immune-fire\/\" \/>\n<meta property=\"og:site_name\" content=\"MYST\" \/>\n<meta property=\"article:publisher\" content=\"https:\/\/www.facebook.com\/mystfood\" \/>\n<meta property=\"article:modified_time\" content=\"2026-03-26T06:53:21+00:00\" \/>\n<meta property=\"og:image\" content=\"https:\/\/store.myst.gr\/wp-content\/uploads\/2025\/12\/Ginger-shot-1.jpg\" \/>\n\t<meta property=\"og:image:width\" content=\"1000\" \/>\n\t<meta property=\"og:image:height\" content=\"1000\" \/>\n\t<meta property=\"og:image:type\" content=\"image\/jpeg\" \/>\n<meta name=\"twitter:card\" content=\"summary_large_image\" \/>\n<meta name=\"twitter:label1\" content=\"Gesch\u00e4tzte Lesezeit\" \/>\n\t<meta name=\"twitter:data1\" content=\"2\u00a0Minuten\" \/>\n<script type=\"application\/ld+json\" class=\"yoast-schema-graph\">{\"@context\":\"https:\\\/\\\/schema.org\",\"@graph\":[{\"@type\":\"WebPage\",\"@id\":\"https:\\\/\\\/store.myst.gr\\\/product\\\/immune-fire\\\/\",\"url\":\"https:\\\/\\\/store.myst.gr\\\/product\\\/immune-fire\\\/\",\"name\":\"IMMUNE FIRE | \u0399\u03c3\u03c7\u03c5\u03c1\u03cc \u0391\u03bd\u03bf\u03c3\u03bf\u03c0\u03bf\u03b9\u03b7\u03c4\u03b9\u03ba\u03cc - MYST\",\"isPartOf\":{\"@id\":\"https:\\\/\\\/store.myst.gr\\\/#website\"},\"primaryImageOfPage\":{\"@id\":\"https:\\\/\\\/store.myst.gr\\\/product\\\/immune-fire\\\/#primaryimage\"},\"image\":{\"@id\":\"https:\\\/\\\/store.myst.gr\\\/product\\\/immune-fire\\\/#primaryimage\"},\"thumbnailUrl\":\"https:\\\/\\\/store.myst.gr\\\/wp-content\\\/uploads\\\/2025\\\/12\\\/Ginger-shot-1.jpg\",\"datePublished\":\"2025-12-04T09:14:23+00:00\",\"dateModified\":\"2026-03-26T06:53:21+00:00\",\"description\":\"\u0395\u03bc\u03c0\u03bd\u03b5\u03c5\u03c3\u03bc\u03ad\u03bd\u03bf \u03b1\u03c0\u03cc \u03c4\u03bf \u03b3\u03bd\u03c9\u03c3\u03c4\u03cc \u201cginger shot\u201d, \u03b1\u03c5\u03c4\u03cc \u03c4\u03bf \u03b9\u03c3\u03c7\u03c5\u03c1\u03cc \u03bc\u03b5\u03af\u03b3\u03bc\u03b1 \u03b1\u03c0\u03bf\u03b4\u03af\u03b4\u03b5\u03b9 \u03c4\u03b7\u03bd \u03c0\u03b9\u03ba\u03ac\u03bd\u03c4\u03b9\u03ba\u03b7, \u03b6\u03b5\u03c3\u03c4\u03ae \u03ad\u03bd\u03c4\u03b1\u03c3\u03b7 \u03c4\u03c9\u03bd \u03c6\u03c1\u03ad\u03c3\u03ba\u03c9\u03bd \u03c1\u03b9\u03b6\u03ce\u03bd \u03c3\u03b5 \u03bc\u03af\u03b1 \u03ba\u03b1\u03b8\u03b1\u03c1\u03ae \u03ba\u03b1\u03b9 \u03b5\u03cd\u03c7\u03c1\u03b7\u03c3\u03c4\u03b7 \u03bc\u03bf\u03c1\u03c6\u03ae.\",\"breadcrumb\":{\"@id\":\"https:\\\/\\\/store.myst.gr\\\/product\\\/immune-fire\\\/#breadcrumb\"},\"inLanguage\":\"de\",\"potentialAction\":[{\"@type\":\"ReadAction\",\"target\":[\"https:\\\/\\\/store.myst.gr\\\/product\\\/immune-fire\\\/\"]}]},{\"@type\":\"ImageObject\",\"inLanguage\":\"de\",\"@id\":\"https:\\\/\\\/store.myst.gr\\\/product\\\/immune-fire\\\/#primaryimage\",\"url\":\"https:\\\/\\\/store.myst.gr\\\/wp-content\\\/uploads\\\/2025\\\/12\\\/Ginger-shot-1.jpg\",\"contentUrl\":\"https:\\\/\\\/store.myst.gr\\\/wp-content\\\/uploads\\\/2025\\\/12\\\/Ginger-shot-1.jpg\",\"width\":1000,\"height\":1000},{\"@type\":\"BreadcrumbList\",\"@id\":\"https:\\\/\\\/store.myst.gr\\\/product\\\/immune-fire\\\/#breadcrumb\",\"itemListElement\":[{\"@type\":\"ListItem\",\"position\":1,\"name\":\"Home\",\"item\":\"https:\\\/\\\/store.myst.gr\\\/\"},{\"@type\":\"ListItem\",\"position\":2,\"name\":\"Shop\",\"item\":\"https:\\\/\\\/store.myst.gr\\\/\"},{\"@type\":\"ListItem\",\"position\":3,\"name\":\"IMMUNE FIRE | \u0399\u03c3\u03c7\u03c5\u03c1\u03cc \u0391\u03bd\u03bf\u03c3\u03bf\u03c0\u03bf\u03b9\u03b7\u03c4\u03b9\u03ba\u03cc\"}]},{\"@type\":\"WebSite\",\"@id\":\"https:\\\/\\\/store.myst.gr\\\/#website\",\"url\":\"https:\\\/\\\/store.myst.gr\\\/\",\"name\":\"Myst\",\"description\":\"\u0391\u03bd\u03b1\u03ba\u03b1\u03bb\u03cd\u03c8\u03c4\u03b5 \u03c4\u03b9\u03c2 \u03b3\u03b5\u03cd\u03c3\u03b5\u03b9\u03c2 \u03c4\u03b7\u03c2 \u0395\u03bb\u03bb\u03ac\u03b4\u03b1\u03c2\",\"publisher\":{\"@id\":\"https:\\\/\\\/store.myst.gr\\\/#organization\"},\"potentialAction\":[{\"@type\":\"SearchAction\",\"target\":{\"@type\":\"EntryPoint\",\"urlTemplate\":\"https:\\\/\\\/store.myst.gr\\\/?s={search_term_string}\"},\"query-input\":{\"@type\":\"PropertyValueSpecification\",\"valueRequired\":true,\"valueName\":\"search_term_string\"}}],\"inLanguage\":\"de\"},{\"@type\":\"Organization\",\"@id\":\"https:\\\/\\\/store.myst.gr\\\/#organization\",\"name\":\"MYST\",\"url\":\"https:\\\/\\\/store.myst.gr\\\/\",\"logo\":{\"@type\":\"ImageObject\",\"inLanguage\":\"de\",\"@id\":\"https:\\\/\\\/store.myst.gr\\\/#\\\/schema\\\/logo\\\/image\\\/\",\"url\":\"https:\\\/\\\/store.myst.gr\\\/wp-content\\\/uploads\\\/2024\\\/12\\\/myst-logo-str.svg\",\"contentUrl\":\"https:\\\/\\\/store.myst.gr\\\/wp-content\\\/uploads\\\/2024\\\/12\\\/myst-logo-str.svg\",\"width\":193,\"height\":53,\"caption\":\"MYST\"},\"image\":{\"@id\":\"https:\\\/\\\/store.myst.gr\\\/#\\\/schema\\\/logo\\\/image\\\/\"},\"sameAs\":[\"https:\\\/\\\/www.facebook.com\\\/mystfood\",\"https:\\\/\\\/www.instagram.com\\\/mystcompany\\\/\"]}]}<\/script>\n<!-- \/ Yoast SEO plugin. -->","yoast_head_json":{"title":"IMMUNE FIRE | Starkes Immunsystem","description":"Inspiriert vom bekannten \u201eGinger Shot\u201c vereint diese kraftvolle Mischung die warme, w\u00fcrzige Intensit\u00e4t frischer Wurzeln in einer sauberen, leicht anzur\u00fchrenden Form.","robots":{"index":"index","follow":"follow","max-snippet":"max-snippet:-1","max-image-preview":"max-image-preview:large","max-video-preview":"max-video-preview:-1"},"canonical":"https:\/\/store.myst.gr\/de\/produkt\/immune-fire\/","og_locale":"de_DE","og_type":"article","og_title":"IMMUNE FIRE | \u0399\u03c3\u03c7\u03c5\u03c1\u03cc \u0391\u03bd\u03bf\u03c3\u03bf\u03c0\u03bf\u03b9\u03b7\u03c4\u03b9\u03ba\u03cc - MYST","og_description":"\u0395\u03bc\u03c0\u03bd\u03b5\u03c5\u03c3\u03bc\u03ad\u03bd\u03bf \u03b1\u03c0\u03cc \u03c4\u03bf \u03b3\u03bd\u03c9\u03c3\u03c4\u03cc \u201cginger shot\u201d, \u03b1\u03c5\u03c4\u03cc \u03c4\u03bf \u03b9\u03c3\u03c7\u03c5\u03c1\u03cc \u03bc\u03b5\u03af\u03b3\u03bc\u03b1 \u03b1\u03c0\u03bf\u03b4\u03af\u03b4\u03b5\u03b9 \u03c4\u03b7\u03bd \u03c0\u03b9\u03ba\u03ac\u03bd\u03c4\u03b9\u03ba\u03b7, \u03b6\u03b5\u03c3\u03c4\u03ae \u03ad\u03bd\u03c4\u03b1\u03c3\u03b7 \u03c4\u03c9\u03bd \u03c6\u03c1\u03ad\u03c3\u03ba\u03c9\u03bd \u03c1\u03b9\u03b6\u03ce\u03bd \u03c3\u03b5 \u03bc\u03af\u03b1 \u03ba\u03b1\u03b8\u03b1\u03c1\u03ae \u03ba\u03b1\u03b9 \u03b5\u03cd\u03c7\u03c1\u03b7\u03c3\u03c4\u03b7 \u03bc\u03bf\u03c1\u03c6\u03ae.","og_url":"https:\/\/store.myst.gr\/de\/produkt\/immune-fire\/","og_site_name":"MYST","article_publisher":"https:\/\/www.facebook.com\/mystfood","article_modified_time":"2026-03-26T06:53:21+00:00","og_image":[{"width":1000,"height":1000,"url":"https:\/\/store.myst.gr\/wp-content\/uploads\/2025\/12\/Ginger-shot-1.jpg","type":"image\/jpeg"}],"twitter_card":"summary_large_image","twitter_misc":{"Gesch\u00e4tzte Lesezeit":"2\u00a0Minuten"},"schema":{"@context":"https:\/\/schema.org","@graph":[{"@type":"WebPage","@id":"https:\/\/store.myst.gr\/product\/immune-fire\/","url":"https:\/\/store.myst.gr\/product\/immune-fire\/","name":"IMMUNE FIRE | Starkes Immunsystem","isPartOf":{"@id":"https:\/\/store.myst.gr\/#website"},"primaryImageOfPage":{"@id":"https:\/\/store.myst.gr\/product\/immune-fire\/#primaryimage"},"image":{"@id":"https:\/\/store.myst.gr\/product\/immune-fire\/#primaryimage"},"thumbnailUrl":"https:\/\/store.myst.gr\/wp-content\/uploads\/2025\/12\/Ginger-shot-1.jpg","datePublished":"2025-12-04T09:14:23+00:00","dateModified":"2026-03-26T06:53:21+00:00","description":"Inspiriert vom bekannten \u201eGinger Shot\u201c vereint diese kraftvolle Mischung die warme, w\u00fcrzige Intensit\u00e4t frischer Wurzeln in einer sauberen, leicht anzur\u00fchrenden Form.","breadcrumb":{"@id":"https:\/\/store.myst.gr\/product\/immune-fire\/#breadcrumb"},"inLanguage":"de","potentialAction":[{"@type":"ReadAction","target":["https:\/\/store.myst.gr\/product\/immune-fire\/"]}]},{"@type":"ImageObject","inLanguage":"de","@id":"https:\/\/store.myst.gr\/product\/immune-fire\/#primaryimage","url":"https:\/\/store.myst.gr\/wp-content\/uploads\/2025\/12\/Ginger-shot-1.jpg","contentUrl":"https:\/\/store.myst.gr\/wp-content\/uploads\/2025\/12\/Ginger-shot-1.jpg","width":1000,"height":1000},{"@type":"BreadcrumbList","@id":"https:\/\/store.myst.gr\/product\/immune-fire\/#breadcrumb","itemListElement":[{"@type":"ListItem","position":1,"name":"Home","item":"https:\/\/store.myst.gr\/"},{"@type":"ListItem","position":2,"name":"Shop","item":"https:\/\/store.myst.gr\/"},{"@type":"ListItem","position":3,"name":"IMMUNE FIRE | \u0399\u03c3\u03c7\u03c5\u03c1\u03cc \u0391\u03bd\u03bf\u03c3\u03bf\u03c0\u03bf\u03b9\u03b7\u03c4\u03b9\u03ba\u03cc"}]},{"@type":"WebSite","@id":"https:\/\/store.myst.gr\/#website","url":"https:\/\/store.myst.gr\/","name":"Myst","description":"\u0391\u03bd\u03b1\u03ba\u03b1\u03bb\u03cd\u03c8\u03c4\u03b5 \u03c4\u03b9\u03c2 \u03b3\u03b5\u03cd\u03c3\u03b5\u03b9\u03c2 \u03c4\u03b7\u03c2 \u0395\u03bb\u03bb\u03ac\u03b4\u03b1\u03c2","publisher":{"@id":"https:\/\/store.myst.gr\/#organization"},"potentialAction":[{"@type":"SearchAction","target":{"@type":"EntryPoint","urlTemplate":"https:\/\/store.myst.gr\/?s={search_term_string}"},"query-input":{"@type":"PropertyValueSpecification","valueRequired":true,"valueName":"search_term_string"}}],"inLanguage":"de"},{"@type":"Organization","@id":"https:\/\/store.myst.gr\/#organization","name":"MYST","url":"https:\/\/store.myst.gr\/","logo":{"@type":"ImageObject","inLanguage":"de","@id":"https:\/\/store.myst.gr\/#\/schema\/logo\/image\/","url":"https:\/\/store.myst.gr\/wp-content\/uploads\/2024\/12\/myst-logo-str.svg","contentUrl":"https:\/\/store.myst.gr\/wp-content\/uploads\/2024\/12\/myst-logo-str.svg","width":193,"height":53,"caption":"MYST"},"image":{"@id":"https:\/\/store.myst.gr\/#\/schema\/logo\/image\/"},"sameAs":["https:\/\/www.facebook.com\/mystfood","https:\/\/www.instagram.com\/mystcompany\/"]}]}},"_links":{"self":[{"href":"https:\/\/store.myst.gr\/de\/wp-json\/wp\/v2\/product\/13993","targetHints":{"allow":["GET"]}}],"collection":[{"href":"https:\/\/store.myst.gr\/de\/wp-json\/wp\/v2\/product"}],"about":[{"href":"https:\/\/store.myst.gr\/de\/wp-json\/wp\/v2\/types\/product"}],"wp:featuredmedia":[{"embeddable":true,"href":"https:\/\/store.myst.gr\/de\/wp-json\/wp\/v2\/media\/13995"}],"wp:attachment":[{"href":"https:\/\/store.myst.gr\/de\/wp-json\/wp\/v2\/media?parent=13993"}],"wp:term":[{"taxonomy":"product_cat","embeddable":true,"href":"https:\/\/store.myst.gr\/de\/wp-json\/wp\/v2\/product_cat?post=13993"},{"taxonomy":"product_tag","embeddable":true,"href":"https:\/\/store.myst.gr\/de\/wp-json\/wp\/v2\/product_tag?post=13993"}],"curies":[{"name":"wp","href":"https:\/\/api.w.org\/{rel}","templated":true}]}}