{"id":13876,"date":"2025-12-03T11:02:53","date_gmt":"2025-12-03T11:02:53","guid":{"rendered":"https:\/\/store.myst.gr\/?post_type=product&#038;p=13876"},"modified":"2026-02-24T10:22:38","modified_gmt":"2026-02-24T10:22:38","slug":"pine-honey","status":"publish","type":"product","link":"https:\/\/store.myst.gr\/de\/product\/pine-honey\/","title":{"rendered":"Pinienhonig"},"content":{"rendered":"<p class=\"p1\">Der griechische Pinienhonig ist besonders, da er haupts\u00e4chlich aus Honigtau des Pinienbaums und nicht aus Bl\u00fctennektar entsteht. Dadurch besitzt er einen vollmundigen Charakter, weniger nat\u00fcrliche Zucker und einen hohen Mineralstoffgehalt. Zudem kristallisiert er nur sehr langsam und beh\u00e4lt seine weiche Textur \u00fcber lange Zeit.<\/p>\n<p class=\"p1\">Von Natur aus reich an Antioxidantien, Mineralien und Spurenelementen, unterst\u00fctzt Pinienhonig das Immunsystem, liefert Energie und f\u00f6rdert das allgemeine Wohlbefinden. Sein charakteristischer, tiefer Geschmack macht ihn ideal f\u00fcr Joghurt, Getr\u00e4nke, Fr\u00fchst\u00fccksbowls, Smoothies sowie f\u00fcr die K\u00fcche und das Backen.<\/p>\n<p><strong>Gewicht: 450g<\/strong><br \/>\nEigenschaften:<br \/>\n\u2022 Tiefer, erdiger &amp; ausgewogener Geschmack<br \/>\n\u2022 Hoher N\u00e4hrwert \u2013 reich an Mineralien &amp; Antioxidantien<br \/>\n\u2022 Kristallisiert nur langsam<br \/>\n\u2022 100% nat\u00fcrlich, ohne Zusatzstoffe<br \/>\n\u2022 Ideal f\u00fcr den t\u00e4glichen Verzehr &amp; zum Kochen<\/p>\n<p><strong>\ud83e\ude7a Hinweis:<\/strong><\/p>\n<p>Die bereitgestellten Informationen dienen nur zu Informationszwecken und stellen keine medizinische Beratung dar.<br \/>\nBei gesundheitlichen Fragen wenden Sie sich bitte an Ihren Arzt oder Ern\u00e4hrungsberater.<\/p>","protected":false},"excerpt":{"rendered":"<p class=\"p1\">Pinienhonig ist ein reines, nat\u00fcrliches Produkt mit au\u00dfergew\u00f6hnlichem N\u00e4hrwert, bekannt f\u00fcr seinen tiefen, erdigen Geschmack und sein reiches, harziges Aroma. Er wird in Griechenland aus unber\u00fchrten Pinienw\u00e4ldern gewonnen und zeichnet sich durch seine dickfl\u00fcssige Konsistenz, seine Bernsteinfarbe und seine konstant hohe Qualit\u00e4t aus.<\/p>\n<p class=\"p1\">Ohne Konservierungsstoffe oder Zus\u00e4tze. 100 % nat\u00fcrliches Produkt.<\/p>\n<p><strong>inhalt : e 450g<\/strong><\/p>\n<p><strong>Die besten Produkte aus Griechenland direkt auf Ihren Tisch geliefert und kostenloser Versand bei Bestellungen \u00fcber 120 \u20ac innerhalb Europas.<\/strong><\/p>","protected":false},"featured_media":14665,"template":"","meta":{"_acf_changed":false,"inline_featured_image":false},"product_cat":[477,650,15,649],"product_tag":[323,651,648],"class_list":{"0":"post-13876","1":"product","2":"type-product","3":"status-publish","4":"has-post-thumbnail","6":"product_cat-honey","7":"product_cat-wellness-honey","8":"product_cat-vall","9":"product_cat-wellness","10":"product_tag-cataloguejuly","11":"product_tag-retail","12":"product_tag-wellness","14":"first","15":"instock","16":"taxable","17":"shipping-taxable","18":"purchasable","19":"product-type-simple"},"acf":[],"yoast_head":"<!-- This site is optimized with the Yoast SEO plugin v27.4 - https:\/\/yoast.com\/product\/yoast-seo-wordpress\/ -->\n<title>\u039c\u03ad\u03bb\u03b9 \u03a0\u03b5\u03cd\u03ba\u03bf\u03c5 - MYST<\/title>\n<meta name=\"description\" content=\"\u03a4\u03bf \u03a0\u03b5\u03c5\u03ba\u03cc\u03bc\u03b5\u03bb\u03bf \u03b5\u03af\u03bd\u03b1\u03b9 \u03ad\u03bd\u03b1 \u03b1\u03b3\u03bd\u03cc, \u03c6\u03c5\u03c3\u03b9\u03ba\u03cc \u03c0\u03c1\u03bf\u03ca\u03cc\u03bd \u03c5\u03c8\u03b7\u03bb\u03ae\u03c2 \u03b4\u03b9\u03b1\u03c4\u03c1\u03bf\u03c6\u03b9\u03ba\u03ae\u03c2 \u03b1\u03be\u03af\u03b1\u03c2, \u03b3\u03bd\u03c9\u03c3\u03c4\u03cc \u03b3\u03b9\u03b1 \u03c4\u03b7 \u03b2\u03b1\u03b8\u03b9\u03ac, \u03b3\u03ae\u03b9\u03bd\u03b7 \u03b3\u03b5\u03cd\u03c3\u03b7 \u03c4\u03bf\u03c5 \u03ba\u03b1\u03b9 \u03c4\u03bf \u03c0\u03bb\u03bf\u03cd\u03c3\u03b9\u03bf \u03ac\u03c1\u03c9\u03bc\u03ac \u03c4\u03bf\u03c5. \u03a3\u03c5\u03bb\u03bb\u03ad\u03b3\u03b5\u03c4\u03b1\u03b9 \u03c3\u03c4\u03b7\u03bd \u0395\u03bb\u03bb\u03ac\u03b4\u03b1\" \/>\n<meta name=\"robots\" content=\"index, follow, max-snippet:-1, max-image-preview:large, max-video-preview:-1\" \/>\n<link rel=\"canonical\" href=\"https:\/\/store.myst.gr\/de\/produkt\/pine-honey\/\" \/>\n<meta property=\"og:locale\" content=\"de_DE\" \/>\n<meta property=\"og:type\" content=\"article\" \/>\n<meta property=\"og:title\" content=\"\u039c\u03ad\u03bb\u03b9 \u03a0\u03b5\u03cd\u03ba\u03bf\u03c5 - MYST\" \/>\n<meta property=\"og:description\" content=\"\u03a4\u03bf \u03a0\u03b5\u03c5\u03ba\u03cc\u03bc\u03b5\u03bb\u03bf \u03b5\u03af\u03bd\u03b1\u03b9 \u03ad\u03bd\u03b1 \u03b1\u03b3\u03bd\u03cc, \u03c6\u03c5\u03c3\u03b9\u03ba\u03cc \u03c0\u03c1\u03bf\u03ca\u03cc\u03bd \u03c5\u03c8\u03b7\u03bb\u03ae\u03c2 \u03b4\u03b9\u03b1\u03c4\u03c1\u03bf\u03c6\u03b9\u03ba\u03ae\u03c2 \u03b1\u03be\u03af\u03b1\u03c2, \u03b3\u03bd\u03c9\u03c3\u03c4\u03cc \u03b3\u03b9\u03b1 \u03c4\u03b7 \u03b2\u03b1\u03b8\u03b9\u03ac, \u03b3\u03ae\u03b9\u03bd\u03b7 \u03b3\u03b5\u03cd\u03c3\u03b7 \u03c4\u03bf\u03c5 \u03ba\u03b1\u03b9 \u03c4\u03bf \u03c0\u03bb\u03bf\u03cd\u03c3\u03b9\u03bf \u03ac\u03c1\u03c9\u03bc\u03ac \u03c4\u03bf\u03c5. \u03a3\u03c5\u03bb\u03bb\u03ad\u03b3\u03b5\u03c4\u03b1\u03b9 \u03c3\u03c4\u03b7\u03bd \u0395\u03bb\u03bb\u03ac\u03b4\u03b1\" \/>\n<meta property=\"og:url\" content=\"https:\/\/store.myst.gr\/de\/produkt\/pine-honey\/\" \/>\n<meta property=\"og:site_name\" content=\"MYST\" \/>\n<meta property=\"article:publisher\" content=\"https:\/\/www.facebook.com\/mystfood\" \/>\n<meta property=\"article:modified_time\" content=\"2026-02-24T10:22:38+00:00\" \/>\n<meta property=\"og:image\" content=\"https:\/\/store.myst.gr\/wp-content\/uploads\/2025\/12\/pine2-honey-1-1.jpg\" \/>\n\t<meta property=\"og:image:width\" content=\"1000\" \/>\n\t<meta property=\"og:image:height\" content=\"1000\" \/>\n\t<meta property=\"og:image:type\" content=\"image\/jpeg\" \/>\n<meta name=\"twitter:card\" content=\"summary_large_image\" \/>\n<meta name=\"twitter:label1\" content=\"Gesch\u00e4tzte Lesezeit\" \/>\n\t<meta name=\"twitter:data1\" content=\"2\u00a0Minuten\" \/>\n<script type=\"application\/ld+json\" class=\"yoast-schema-graph\">{\"@context\":\"https:\\\/\\\/schema.org\",\"@graph\":[{\"@type\":\"WebPage\",\"@id\":\"https:\\\/\\\/store.myst.gr\\\/product\\\/pine-honey\\\/\",\"url\":\"https:\\\/\\\/store.myst.gr\\\/product\\\/pine-honey\\\/\",\"name\":\"\u039c\u03ad\u03bb\u03b9 \u03a0\u03b5\u03cd\u03ba\u03bf\u03c5 - MYST\",\"isPartOf\":{\"@id\":\"https:\\\/\\\/store.myst.gr\\\/#website\"},\"primaryImageOfPage\":{\"@id\":\"https:\\\/\\\/store.myst.gr\\\/product\\\/pine-honey\\\/#primaryimage\"},\"image\":{\"@id\":\"https:\\\/\\\/store.myst.gr\\\/product\\\/pine-honey\\\/#primaryimage\"},\"thumbnailUrl\":\"https:\\\/\\\/store.myst.gr\\\/wp-content\\\/uploads\\\/2025\\\/12\\\/pine2-honey-1-1.jpg\",\"datePublished\":\"2025-12-03T11:02:53+00:00\",\"dateModified\":\"2026-02-24T10:22:38+00:00\",\"description\":\"\u03a4\u03bf \u03a0\u03b5\u03c5\u03ba\u03cc\u03bc\u03b5\u03bb\u03bf \u03b5\u03af\u03bd\u03b1\u03b9 \u03ad\u03bd\u03b1 \u03b1\u03b3\u03bd\u03cc, \u03c6\u03c5\u03c3\u03b9\u03ba\u03cc \u03c0\u03c1\u03bf\u03ca\u03cc\u03bd \u03c5\u03c8\u03b7\u03bb\u03ae\u03c2 \u03b4\u03b9\u03b1\u03c4\u03c1\u03bf\u03c6\u03b9\u03ba\u03ae\u03c2 \u03b1\u03be\u03af\u03b1\u03c2, \u03b3\u03bd\u03c9\u03c3\u03c4\u03cc \u03b3\u03b9\u03b1 \u03c4\u03b7 \u03b2\u03b1\u03b8\u03b9\u03ac, \u03b3\u03ae\u03b9\u03bd\u03b7 \u03b3\u03b5\u03cd\u03c3\u03b7 \u03c4\u03bf\u03c5 \u03ba\u03b1\u03b9 \u03c4\u03bf \u03c0\u03bb\u03bf\u03cd\u03c3\u03b9\u03bf \u03ac\u03c1\u03c9\u03bc\u03ac \u03c4\u03bf\u03c5. \u03a3\u03c5\u03bb\u03bb\u03ad\u03b3\u03b5\u03c4\u03b1\u03b9 \u03c3\u03c4\u03b7\u03bd \u0395\u03bb\u03bb\u03ac\u03b4\u03b1\",\"breadcrumb\":{\"@id\":\"https:\\\/\\\/store.myst.gr\\\/product\\\/pine-honey\\\/#breadcrumb\"},\"inLanguage\":\"de\",\"potentialAction\":[{\"@type\":\"ReadAction\",\"target\":[\"https:\\\/\\\/store.myst.gr\\\/product\\\/pine-honey\\\/\"]}]},{\"@type\":\"ImageObject\",\"inLanguage\":\"de\",\"@id\":\"https:\\\/\\\/store.myst.gr\\\/product\\\/pine-honey\\\/#primaryimage\",\"url\":\"https:\\\/\\\/store.myst.gr\\\/wp-content\\\/uploads\\\/2025\\\/12\\\/pine2-honey-1-1.jpg\",\"contentUrl\":\"https:\\\/\\\/store.myst.gr\\\/wp-content\\\/uploads\\\/2025\\\/12\\\/pine2-honey-1-1.jpg\",\"width\":1000,\"height\":1000},{\"@type\":\"BreadcrumbList\",\"@id\":\"https:\\\/\\\/store.myst.gr\\\/product\\\/pine-honey\\\/#breadcrumb\",\"itemListElement\":[{\"@type\":\"ListItem\",\"position\":1,\"name\":\"Home\",\"item\":\"https:\\\/\\\/store.myst.gr\\\/\"},{\"@type\":\"ListItem\",\"position\":2,\"name\":\"Shop\",\"item\":\"https:\\\/\\\/store.myst.gr\\\/\"},{\"@type\":\"ListItem\",\"position\":3,\"name\":\"\u039c\u03ad\u03bb\u03b9 \u03a0\u03b5\u03cd\u03ba\u03bf\u03c5\"}]},{\"@type\":\"WebSite\",\"@id\":\"https:\\\/\\\/store.myst.gr\\\/#website\",\"url\":\"https:\\\/\\\/store.myst.gr\\\/\",\"name\":\"Myst\",\"description\":\"\u0391\u03bd\u03b1\u03ba\u03b1\u03bb\u03cd\u03c8\u03c4\u03b5 \u03c4\u03b9\u03c2 \u03b3\u03b5\u03cd\u03c3\u03b5\u03b9\u03c2 \u03c4\u03b7\u03c2 \u0395\u03bb\u03bb\u03ac\u03b4\u03b1\u03c2\",\"publisher\":{\"@id\":\"https:\\\/\\\/store.myst.gr\\\/#organization\"},\"potentialAction\":[{\"@type\":\"SearchAction\",\"target\":{\"@type\":\"EntryPoint\",\"urlTemplate\":\"https:\\\/\\\/store.myst.gr\\\/?s={search_term_string}\"},\"query-input\":{\"@type\":\"PropertyValueSpecification\",\"valueRequired\":true,\"valueName\":\"search_term_string\"}}],\"inLanguage\":\"de\"},{\"@type\":\"Organization\",\"@id\":\"https:\\\/\\\/store.myst.gr\\\/#organization\",\"name\":\"MYST\",\"url\":\"https:\\\/\\\/store.myst.gr\\\/\",\"logo\":{\"@type\":\"ImageObject\",\"inLanguage\":\"de\",\"@id\":\"https:\\\/\\\/store.myst.gr\\\/#\\\/schema\\\/logo\\\/image\\\/\",\"url\":\"https:\\\/\\\/store.myst.gr\\\/wp-content\\\/uploads\\\/2024\\\/12\\\/myst-logo-str.svg\",\"contentUrl\":\"https:\\\/\\\/store.myst.gr\\\/wp-content\\\/uploads\\\/2024\\\/12\\\/myst-logo-str.svg\",\"width\":193,\"height\":53,\"caption\":\"MYST\"},\"image\":{\"@id\":\"https:\\\/\\\/store.myst.gr\\\/#\\\/schema\\\/logo\\\/image\\\/\"},\"sameAs\":[\"https:\\\/\\\/www.facebook.com\\\/mystfood\",\"https:\\\/\\\/www.instagram.com\\\/mystcompany\\\/\"]}]}<\/script>\n<!-- \/ Yoast SEO plugin. -->","yoast_head_json":{"title":"\u039c\u03ad\u03bb\u03b9 \u03a0\u03b5\u03cd\u03ba\u03bf\u03c5 - MYST","description":"\u03a4\u03bf \u03a0\u03b5\u03c5\u03ba\u03cc\u03bc\u03b5\u03bb\u03bf \u03b5\u03af\u03bd\u03b1\u03b9 \u03ad\u03bd\u03b1 \u03b1\u03b3\u03bd\u03cc, \u03c6\u03c5\u03c3\u03b9\u03ba\u03cc \u03c0\u03c1\u03bf\u03ca\u03cc\u03bd \u03c5\u03c8\u03b7\u03bb\u03ae\u03c2 \u03b4\u03b9\u03b1\u03c4\u03c1\u03bf\u03c6\u03b9\u03ba\u03ae\u03c2 \u03b1\u03be\u03af\u03b1\u03c2, \u03b3\u03bd\u03c9\u03c3\u03c4\u03cc \u03b3\u03b9\u03b1 \u03c4\u03b7 \u03b2\u03b1\u03b8\u03b9\u03ac, \u03b3\u03ae\u03b9\u03bd\u03b7 \u03b3\u03b5\u03cd\u03c3\u03b7 \u03c4\u03bf\u03c5 \u03ba\u03b1\u03b9 \u03c4\u03bf \u03c0\u03bb\u03bf\u03cd\u03c3\u03b9\u03bf \u03ac\u03c1\u03c9\u03bc\u03ac \u03c4\u03bf\u03c5. \u03a3\u03c5\u03bb\u03bb\u03ad\u03b3\u03b5\u03c4\u03b1\u03b9 \u03c3\u03c4\u03b7\u03bd \u0395\u03bb\u03bb\u03ac\u03b4\u03b1","robots":{"index":"index","follow":"follow","max-snippet":"max-snippet:-1","max-image-preview":"max-image-preview:large","max-video-preview":"max-video-preview:-1"},"canonical":"https:\/\/store.myst.gr\/de\/produkt\/pine-honey\/","og_locale":"de_DE","og_type":"article","og_title":"\u039c\u03ad\u03bb\u03b9 \u03a0\u03b5\u03cd\u03ba\u03bf\u03c5 - MYST","og_description":"\u03a4\u03bf \u03a0\u03b5\u03c5\u03ba\u03cc\u03bc\u03b5\u03bb\u03bf \u03b5\u03af\u03bd\u03b1\u03b9 \u03ad\u03bd\u03b1 \u03b1\u03b3\u03bd\u03cc, \u03c6\u03c5\u03c3\u03b9\u03ba\u03cc \u03c0\u03c1\u03bf\u03ca\u03cc\u03bd \u03c5\u03c8\u03b7\u03bb\u03ae\u03c2 \u03b4\u03b9\u03b1\u03c4\u03c1\u03bf\u03c6\u03b9\u03ba\u03ae\u03c2 \u03b1\u03be\u03af\u03b1\u03c2, \u03b3\u03bd\u03c9\u03c3\u03c4\u03cc \u03b3\u03b9\u03b1 \u03c4\u03b7 \u03b2\u03b1\u03b8\u03b9\u03ac, \u03b3\u03ae\u03b9\u03bd\u03b7 \u03b3\u03b5\u03cd\u03c3\u03b7 \u03c4\u03bf\u03c5 \u03ba\u03b1\u03b9 \u03c4\u03bf \u03c0\u03bb\u03bf\u03cd\u03c3\u03b9\u03bf \u03ac\u03c1\u03c9\u03bc\u03ac \u03c4\u03bf\u03c5. \u03a3\u03c5\u03bb\u03bb\u03ad\u03b3\u03b5\u03c4\u03b1\u03b9 \u03c3\u03c4\u03b7\u03bd \u0395\u03bb\u03bb\u03ac\u03b4\u03b1","og_url":"https:\/\/store.myst.gr\/de\/produkt\/pine-honey\/","og_site_name":"MYST","article_publisher":"https:\/\/www.facebook.com\/mystfood","article_modified_time":"2026-02-24T10:22:38+00:00","og_image":[{"width":1000,"height":1000,"url":"https:\/\/store.myst.gr\/wp-content\/uploads\/2025\/12\/pine2-honey-1-1.jpg","type":"image\/jpeg"}],"twitter_card":"summary_large_image","twitter_misc":{"Gesch\u00e4tzte Lesezeit":"2\u00a0Minuten"},"schema":{"@context":"https:\/\/schema.org","@graph":[{"@type":"WebPage","@id":"https:\/\/store.myst.gr\/product\/pine-honey\/","url":"https:\/\/store.myst.gr\/product\/pine-honey\/","name":"\u039c\u03ad\u03bb\u03b9 \u03a0\u03b5\u03cd\u03ba\u03bf\u03c5 - MYST","isPartOf":{"@id":"https:\/\/store.myst.gr\/#website"},"primaryImageOfPage":{"@id":"https:\/\/store.myst.gr\/product\/pine-honey\/#primaryimage"},"image":{"@id":"https:\/\/store.myst.gr\/product\/pine-honey\/#primaryimage"},"thumbnailUrl":"https:\/\/store.myst.gr\/wp-content\/uploads\/2025\/12\/pine2-honey-1-1.jpg","datePublished":"2025-12-03T11:02:53+00:00","dateModified":"2026-02-24T10:22:38+00:00","description":"\u03a4\u03bf \u03a0\u03b5\u03c5\u03ba\u03cc\u03bc\u03b5\u03bb\u03bf \u03b5\u03af\u03bd\u03b1\u03b9 \u03ad\u03bd\u03b1 \u03b1\u03b3\u03bd\u03cc, \u03c6\u03c5\u03c3\u03b9\u03ba\u03cc \u03c0\u03c1\u03bf\u03ca\u03cc\u03bd \u03c5\u03c8\u03b7\u03bb\u03ae\u03c2 \u03b4\u03b9\u03b1\u03c4\u03c1\u03bf\u03c6\u03b9\u03ba\u03ae\u03c2 \u03b1\u03be\u03af\u03b1\u03c2, \u03b3\u03bd\u03c9\u03c3\u03c4\u03cc \u03b3\u03b9\u03b1 \u03c4\u03b7 \u03b2\u03b1\u03b8\u03b9\u03ac, \u03b3\u03ae\u03b9\u03bd\u03b7 \u03b3\u03b5\u03cd\u03c3\u03b7 \u03c4\u03bf\u03c5 \u03ba\u03b1\u03b9 \u03c4\u03bf \u03c0\u03bb\u03bf\u03cd\u03c3\u03b9\u03bf \u03ac\u03c1\u03c9\u03bc\u03ac \u03c4\u03bf\u03c5. \u03a3\u03c5\u03bb\u03bb\u03ad\u03b3\u03b5\u03c4\u03b1\u03b9 \u03c3\u03c4\u03b7\u03bd \u0395\u03bb\u03bb\u03ac\u03b4\u03b1","breadcrumb":{"@id":"https:\/\/store.myst.gr\/product\/pine-honey\/#breadcrumb"},"inLanguage":"de","potentialAction":[{"@type":"ReadAction","target":["https:\/\/store.myst.gr\/product\/pine-honey\/"]}]},{"@type":"ImageObject","inLanguage":"de","@id":"https:\/\/store.myst.gr\/product\/pine-honey\/#primaryimage","url":"https:\/\/store.myst.gr\/wp-content\/uploads\/2025\/12\/pine2-honey-1-1.jpg","contentUrl":"https:\/\/store.myst.gr\/wp-content\/uploads\/2025\/12\/pine2-honey-1-1.jpg","width":1000,"height":1000},{"@type":"BreadcrumbList","@id":"https:\/\/store.myst.gr\/product\/pine-honey\/#breadcrumb","itemListElement":[{"@type":"ListItem","position":1,"name":"Home","item":"https:\/\/store.myst.gr\/"},{"@type":"ListItem","position":2,"name":"Shop","item":"https:\/\/store.myst.gr\/"},{"@type":"ListItem","position":3,"name":"\u039c\u03ad\u03bb\u03b9 \u03a0\u03b5\u03cd\u03ba\u03bf\u03c5"}]},{"@type":"WebSite","@id":"https:\/\/store.myst.gr\/#website","url":"https:\/\/store.myst.gr\/","name":"Myst","description":"\u0391\u03bd\u03b1\u03ba\u03b1\u03bb\u03cd\u03c8\u03c4\u03b5 \u03c4\u03b9\u03c2 \u03b3\u03b5\u03cd\u03c3\u03b5\u03b9\u03c2 \u03c4\u03b7\u03c2 \u0395\u03bb\u03bb\u03ac\u03b4\u03b1\u03c2","publisher":{"@id":"https:\/\/store.myst.gr\/#organization"},"potentialAction":[{"@type":"SearchAction","target":{"@type":"EntryPoint","urlTemplate":"https:\/\/store.myst.gr\/?s={search_term_string}"},"query-input":{"@type":"PropertyValueSpecification","valueRequired":true,"valueName":"search_term_string"}}],"inLanguage":"de"},{"@type":"Organization","@id":"https:\/\/store.myst.gr\/#organization","name":"MYST","url":"https:\/\/store.myst.gr\/","logo":{"@type":"ImageObject","inLanguage":"de","@id":"https:\/\/store.myst.gr\/#\/schema\/logo\/image\/","url":"https:\/\/store.myst.gr\/wp-content\/uploads\/2024\/12\/myst-logo-str.svg","contentUrl":"https:\/\/store.myst.gr\/wp-content\/uploads\/2024\/12\/myst-logo-str.svg","width":193,"height":53,"caption":"MYST"},"image":{"@id":"https:\/\/store.myst.gr\/#\/schema\/logo\/image\/"},"sameAs":["https:\/\/www.facebook.com\/mystfood","https:\/\/www.instagram.com\/mystcompany\/"]}]}},"_links":{"self":[{"href":"https:\/\/store.myst.gr\/de\/wp-json\/wp\/v2\/product\/13876","targetHints":{"allow":["GET"]}}],"collection":[{"href":"https:\/\/store.myst.gr\/de\/wp-json\/wp\/v2\/product"}],"about":[{"href":"https:\/\/store.myst.gr\/de\/wp-json\/wp\/v2\/types\/product"}],"wp:featuredmedia":[{"embeddable":true,"href":"https:\/\/store.myst.gr\/de\/wp-json\/wp\/v2\/media\/14665"}],"wp:attachment":[{"href":"https:\/\/store.myst.gr\/de\/wp-json\/wp\/v2\/media?parent=13876"}],"wp:term":[{"taxonomy":"product_cat","embeddable":true,"href":"https:\/\/store.myst.gr\/de\/wp-json\/wp\/v2\/product_cat?post=13876"},{"taxonomy":"product_tag","embeddable":true,"href":"https:\/\/store.myst.gr\/de\/wp-json\/wp\/v2\/product_tag?post=13876"}],"curies":[{"name":"wp","href":"https:\/\/api.w.org\/{rel}","templated":true}]}}