{"id":13562,"date":"2025-11-21T11:56:37","date_gmt":"2025-11-21T11:56:37","guid":{"rendered":"https:\/\/store.myst.gr\/?post_type=product&#038;p=13562"},"modified":"2026-02-24T10:29:03","modified_gmt":"2026-02-24T10:29:03","slug":"thyme-honey","status":"publish","type":"product","link":"https:\/\/store.myst.gr\/de\/product\/thyme-honey\/","title":{"rendered":"Thymianhonig"},"content":{"rendered":"<p data-start=\"93\" data-end=\"581\">Griechischer Thymianhonig geh\u00f6rt zu den wertvollsten Honigen Griechenlands. Er wird von Bienen gesammelt, die sich von wilden Thymianbl\u00fcten in unber\u00fchrten mediterranen Landschaften ern\u00e4hren. Nat\u00fcrlich reich an Antioxidantien und mit antimikrobiellen Eigenschaften bietet dieser aromatische Honig einen starken, kr\u00e4uterigen Duft und eine tiefe, komplexe S\u00fc\u00dfe. Perfekt zum Verfeinern von Joghurt, Tee, K\u00e4se oder als nat\u00fcrliche Energiequelle f\u00fcr den Alltag. 100% rein, unbeheizt und traditionell geerntet \u2013 ein authentischer Geschmack der griechischen Natur.<\/p>\n<p data-start=\"400\" data-end=\"731\">Reich an Antioxidantien und wertvollen N\u00e4hrstoffen, ist Thymianhonig ein nat\u00fcrlicher Verb\u00fcndeter zur St\u00e4rkung des Immunsystems, zur Beruhigung des Halses und zur allgemeinen Vitalit\u00e4t. Ideal f\u00fcr den t\u00e4glichen Gebrauch, zum S\u00fc\u00dfen von Getr\u00e4nken, f\u00fcrs Fr\u00fchst\u00fcck oder als Premium-Zutat beim Kochen und Backen.<\/p>\n<p><strong>Gewicht: 400g<\/strong><br \/>\nEigenschaften:<br \/>\n\u2022 Intensives Aroma &amp; voller Geschmack<br \/>\n\u2022 100% nat\u00fcrlich, ohne Zusatzstoffe<br \/>\n\u2022 Hoher N\u00e4hrwert<br \/>\n\u2022 Perfekt f\u00fcr jede Tageszeit<\/p>\n<p><strong>\ud83e\ude7a Hinweis:<\/strong><\/p>\n<p>Die bereitgestellten Informationen dienen nur zu Informationszwecken und stellen keine medizinische Beratung dar.<br \/>\nBei gesundheitlichen Fragen wenden Sie sich bitte an Ihren Arzt oder Ern\u00e4hrungsberater.<\/p>","protected":false},"excerpt":{"rendered":"<p data-start=\"118\" data-end=\"398\">Unser Thymianhonig ist ein reines, nat\u00fcrliches Produkt von au\u00dfergew\u00f6hnlicher Qualit\u00e4t, mit intensivem Aroma und reichhaltigem, charakteristischem Geschmack. Er wird in Griechenland aus Regionen mit wildem Thymian gesammelt und bietet einen hoch aromatischen Honig mit goldener Farbe und feiner Textur.<\/p>\n<p class=\"p1\">Ohne Konservierungsstoffe oder Zus\u00e4tze. 100 % nat\u00fcrliches Produkt.<\/p>\n<p><strong>inhalt : e 400g<\/strong><\/p>\n<p><strong>Die besten Produkte aus Griechenland direkt auf Ihren Tisch geliefert und kostenloser Versand bei Bestellungen \u00fcber 120 \u20ac innerhalb Europas.<\/strong><\/p>","protected":false},"featured_media":6149,"template":"","meta":{"_acf_changed":false,"inline_featured_image":false},"product_cat":[477,650,15,649],"product_tag":[323,651,613,648],"class_list":{"0":"post-13562","1":"product","2":"type-product","3":"status-publish","4":"has-post-thumbnail","6":"product_cat-honey","7":"product_cat-wellness-honey","8":"product_cat-vall","9":"product_cat-wellness","10":"product_tag-cataloguejuly","11":"product_tag-retail","12":"product_tag-spices","13":"product_tag-wellness","15":"first","16":"instock","17":"taxable","18":"shipping-taxable","19":"purchasable","20":"product-type-simple"},"acf":[],"yoast_head":"<!-- This site is optimized with the Yoast SEO plugin v27.4 - https:\/\/yoast.com\/product\/yoast-seo-wordpress\/ -->\n<title>\u0398\u03c5\u03bc\u03b1\u03c1\u03af\u03c3\u03b9\u03bf \u039c\u03ad\u03bb\u03b9 - MYST<\/title>\n<meta name=\"description\" content=\"\u03a4\u03bf \u0398\u03c5\u03bc\u03b1\u03c1\u03af\u03c3\u03b9\u03bf \u039c\u03ad\u03bb\u03b9 \u03b5\u03af\u03bd\u03b1\u03b9 \u03ad\u03bd\u03b1 \u03b1\u03b3\u03bd\u03cc, \u03c6\u03c5\u03c3\u03b9\u03ba\u03cc \u03c0\u03c1\u03bf\u03ca\u03cc\u03bd \u03c5\u03c8\u03b7\u03bb\u03ae\u03c2 \u03c0\u03bf\u03b9\u03cc\u03c4\u03b7\u03c4\u03b1\u03c2, \u03bc\u03b5 \u03ad\u03bd\u03c4\u03bf\u03bd\u03bf \u03ac\u03c1\u03c9\u03bc\u03b1 \u03ba\u03b1\u03b9 \u03c0\u03bb\u03bf\u03cd\u03c3\u03b9\u03b1, \u03c7\u03b1\u03c1\u03b1\u03ba\u03c4\u03b7\u03c1\u03b9\u03c3\u03c4\u03b9\u03ba\u03ae \u03b3\u03b5\u03cd\u03c3\u03b7. \u03a3\u03c5\u03bb\u03bb\u03ad\u03b3\u03b5\u03c4\u03b1\u03b9 \u03c3\u03c4\u03b7\u03bd \u0395\u03bb\u03bb\u03ac\u03b4\u03b1 \u03b1\u03c0\u03cc \u03c0\u03b5\u03c1\u03b9\u03bf\u03c7\u03ad\u03c2\" \/>\n<meta name=\"robots\" content=\"index, follow, max-snippet:-1, max-image-preview:large, max-video-preview:-1\" \/>\n<link rel=\"canonical\" href=\"https:\/\/store.myst.gr\/de\/produkt\/thyme-honey\/\" \/>\n<meta property=\"og:locale\" content=\"de_DE\" \/>\n<meta property=\"og:type\" content=\"article\" \/>\n<meta property=\"og:title\" content=\"\u0398\u03c5\u03bc\u03b1\u03c1\u03af\u03c3\u03b9\u03bf \u039c\u03ad\u03bb\u03b9 - MYST\" \/>\n<meta property=\"og:description\" content=\"\u03a4\u03bf \u0398\u03c5\u03bc\u03b1\u03c1\u03af\u03c3\u03b9\u03bf \u039c\u03ad\u03bb\u03b9 \u03b5\u03af\u03bd\u03b1\u03b9 \u03ad\u03bd\u03b1 \u03b1\u03b3\u03bd\u03cc, \u03c6\u03c5\u03c3\u03b9\u03ba\u03cc \u03c0\u03c1\u03bf\u03ca\u03cc\u03bd \u03c5\u03c8\u03b7\u03bb\u03ae\u03c2 \u03c0\u03bf\u03b9\u03cc\u03c4\u03b7\u03c4\u03b1\u03c2, \u03bc\u03b5 \u03ad\u03bd\u03c4\u03bf\u03bd\u03bf \u03ac\u03c1\u03c9\u03bc\u03b1 \u03ba\u03b1\u03b9 \u03c0\u03bb\u03bf\u03cd\u03c3\u03b9\u03b1, \u03c7\u03b1\u03c1\u03b1\u03ba\u03c4\u03b7\u03c1\u03b9\u03c3\u03c4\u03b9\u03ba\u03ae \u03b3\u03b5\u03cd\u03c3\u03b7. \u03a3\u03c5\u03bb\u03bb\u03ad\u03b3\u03b5\u03c4\u03b1\u03b9 \u03c3\u03c4\u03b7\u03bd \u0395\u03bb\u03bb\u03ac\u03b4\u03b1 \u03b1\u03c0\u03cc \u03c0\u03b5\u03c1\u03b9\u03bf\u03c7\u03ad\u03c2\" \/>\n<meta property=\"og:url\" content=\"https:\/\/store.myst.gr\/de\/produkt\/thyme-honey\/\" \/>\n<meta property=\"og:site_name\" content=\"MYST\" \/>\n<meta property=\"article:publisher\" content=\"https:\/\/www.facebook.com\/mystfood\" \/>\n<meta property=\"article:modified_time\" content=\"2026-02-24T10:29:03+00:00\" \/>\n<meta property=\"og:image\" content=\"https:\/\/store.myst.gr\/wp-content\/uploads\/2022\/09\/MYST-0868.jpg\" \/>\n\t<meta property=\"og:image:width\" content=\"1000\" \/>\n\t<meta property=\"og:image:height\" content=\"1000\" \/>\n\t<meta property=\"og:image:type\" content=\"image\/jpeg\" \/>\n<meta name=\"twitter:card\" content=\"summary_large_image\" \/>\n<meta name=\"twitter:label1\" content=\"Gesch\u00e4tzte Lesezeit\" \/>\n\t<meta name=\"twitter:data1\" content=\"2\u00a0Minuten\" \/>\n<script type=\"application\/ld+json\" class=\"yoast-schema-graph\">{\"@context\":\"https:\\\/\\\/schema.org\",\"@graph\":[{\"@type\":\"WebPage\",\"@id\":\"https:\\\/\\\/store.myst.gr\\\/product\\\/thyme-honey\\\/\",\"url\":\"https:\\\/\\\/store.myst.gr\\\/product\\\/thyme-honey\\\/\",\"name\":\"\u0398\u03c5\u03bc\u03b1\u03c1\u03af\u03c3\u03b9\u03bf \u039c\u03ad\u03bb\u03b9 - MYST\",\"isPartOf\":{\"@id\":\"https:\\\/\\\/store.myst.gr\\\/#website\"},\"primaryImageOfPage\":{\"@id\":\"https:\\\/\\\/store.myst.gr\\\/product\\\/thyme-honey\\\/#primaryimage\"},\"image\":{\"@id\":\"https:\\\/\\\/store.myst.gr\\\/product\\\/thyme-honey\\\/#primaryimage\"},\"thumbnailUrl\":\"https:\\\/\\\/store.myst.gr\\\/wp-content\\\/uploads\\\/2022\\\/09\\\/MYST-0868.jpg\",\"datePublished\":\"2025-11-21T11:56:37+00:00\",\"dateModified\":\"2026-02-24T10:29:03+00:00\",\"description\":\"\u03a4\u03bf \u0398\u03c5\u03bc\u03b1\u03c1\u03af\u03c3\u03b9\u03bf \u039c\u03ad\u03bb\u03b9 \u03b5\u03af\u03bd\u03b1\u03b9 \u03ad\u03bd\u03b1 \u03b1\u03b3\u03bd\u03cc, \u03c6\u03c5\u03c3\u03b9\u03ba\u03cc \u03c0\u03c1\u03bf\u03ca\u03cc\u03bd \u03c5\u03c8\u03b7\u03bb\u03ae\u03c2 \u03c0\u03bf\u03b9\u03cc\u03c4\u03b7\u03c4\u03b1\u03c2, \u03bc\u03b5 \u03ad\u03bd\u03c4\u03bf\u03bd\u03bf \u03ac\u03c1\u03c9\u03bc\u03b1 \u03ba\u03b1\u03b9 \u03c0\u03bb\u03bf\u03cd\u03c3\u03b9\u03b1, \u03c7\u03b1\u03c1\u03b1\u03ba\u03c4\u03b7\u03c1\u03b9\u03c3\u03c4\u03b9\u03ba\u03ae \u03b3\u03b5\u03cd\u03c3\u03b7. \u03a3\u03c5\u03bb\u03bb\u03ad\u03b3\u03b5\u03c4\u03b1\u03b9 \u03c3\u03c4\u03b7\u03bd \u0395\u03bb\u03bb\u03ac\u03b4\u03b1 \u03b1\u03c0\u03cc \u03c0\u03b5\u03c1\u03b9\u03bf\u03c7\u03ad\u03c2\",\"breadcrumb\":{\"@id\":\"https:\\\/\\\/store.myst.gr\\\/product\\\/thyme-honey\\\/#breadcrumb\"},\"inLanguage\":\"de\",\"potentialAction\":[{\"@type\":\"ReadAction\",\"target\":[\"https:\\\/\\\/store.myst.gr\\\/product\\\/thyme-honey\\\/\"]}]},{\"@type\":\"ImageObject\",\"inLanguage\":\"de\",\"@id\":\"https:\\\/\\\/store.myst.gr\\\/product\\\/thyme-honey\\\/#primaryimage\",\"url\":\"https:\\\/\\\/store.myst.gr\\\/wp-content\\\/uploads\\\/2022\\\/09\\\/MYST-0868.jpg\",\"contentUrl\":\"https:\\\/\\\/store.myst.gr\\\/wp-content\\\/uploads\\\/2022\\\/09\\\/MYST-0868.jpg\",\"width\":1000,\"height\":1000},{\"@type\":\"BreadcrumbList\",\"@id\":\"https:\\\/\\\/store.myst.gr\\\/product\\\/thyme-honey\\\/#breadcrumb\",\"itemListElement\":[{\"@type\":\"ListItem\",\"position\":1,\"name\":\"Home\",\"item\":\"https:\\\/\\\/store.myst.gr\\\/\"},{\"@type\":\"ListItem\",\"position\":2,\"name\":\"Shop\",\"item\":\"https:\\\/\\\/store.myst.gr\\\/\"},{\"@type\":\"ListItem\",\"position\":3,\"name\":\"\u0398\u03c5\u03bc\u03b1\u03c1\u03af\u03c3\u03b9\u03bf \u039c\u03ad\u03bb\u03b9\"}]},{\"@type\":\"WebSite\",\"@id\":\"https:\\\/\\\/store.myst.gr\\\/#website\",\"url\":\"https:\\\/\\\/store.myst.gr\\\/\",\"name\":\"Myst\",\"description\":\"\u0391\u03bd\u03b1\u03ba\u03b1\u03bb\u03cd\u03c8\u03c4\u03b5 \u03c4\u03b9\u03c2 \u03b3\u03b5\u03cd\u03c3\u03b5\u03b9\u03c2 \u03c4\u03b7\u03c2 \u0395\u03bb\u03bb\u03ac\u03b4\u03b1\u03c2\",\"publisher\":{\"@id\":\"https:\\\/\\\/store.myst.gr\\\/#organization\"},\"potentialAction\":[{\"@type\":\"SearchAction\",\"target\":{\"@type\":\"EntryPoint\",\"urlTemplate\":\"https:\\\/\\\/store.myst.gr\\\/?s={search_term_string}\"},\"query-input\":{\"@type\":\"PropertyValueSpecification\",\"valueRequired\":true,\"valueName\":\"search_term_string\"}}],\"inLanguage\":\"de\"},{\"@type\":\"Organization\",\"@id\":\"https:\\\/\\\/store.myst.gr\\\/#organization\",\"name\":\"MYST\",\"url\":\"https:\\\/\\\/store.myst.gr\\\/\",\"logo\":{\"@type\":\"ImageObject\",\"inLanguage\":\"de\",\"@id\":\"https:\\\/\\\/store.myst.gr\\\/#\\\/schema\\\/logo\\\/image\\\/\",\"url\":\"https:\\\/\\\/store.myst.gr\\\/wp-content\\\/uploads\\\/2024\\\/12\\\/myst-logo-str.svg\",\"contentUrl\":\"https:\\\/\\\/store.myst.gr\\\/wp-content\\\/uploads\\\/2024\\\/12\\\/myst-logo-str.svg\",\"width\":193,\"height\":53,\"caption\":\"MYST\"},\"image\":{\"@id\":\"https:\\\/\\\/store.myst.gr\\\/#\\\/schema\\\/logo\\\/image\\\/\"},\"sameAs\":[\"https:\\\/\\\/www.facebook.com\\\/mystfood\",\"https:\\\/\\\/www.instagram.com\\\/mystcompany\\\/\"]}]}<\/script>\n<!-- \/ Yoast SEO plugin. -->","yoast_head_json":{"title":"\u0398\u03c5\u03bc\u03b1\u03c1\u03af\u03c3\u03b9\u03bf \u039c\u03ad\u03bb\u03b9 - MYST","description":"\u03a4\u03bf \u0398\u03c5\u03bc\u03b1\u03c1\u03af\u03c3\u03b9\u03bf \u039c\u03ad\u03bb\u03b9 \u03b5\u03af\u03bd\u03b1\u03b9 \u03ad\u03bd\u03b1 \u03b1\u03b3\u03bd\u03cc, \u03c6\u03c5\u03c3\u03b9\u03ba\u03cc \u03c0\u03c1\u03bf\u03ca\u03cc\u03bd \u03c5\u03c8\u03b7\u03bb\u03ae\u03c2 \u03c0\u03bf\u03b9\u03cc\u03c4\u03b7\u03c4\u03b1\u03c2, \u03bc\u03b5 \u03ad\u03bd\u03c4\u03bf\u03bd\u03bf \u03ac\u03c1\u03c9\u03bc\u03b1 \u03ba\u03b1\u03b9 \u03c0\u03bb\u03bf\u03cd\u03c3\u03b9\u03b1, \u03c7\u03b1\u03c1\u03b1\u03ba\u03c4\u03b7\u03c1\u03b9\u03c3\u03c4\u03b9\u03ba\u03ae \u03b3\u03b5\u03cd\u03c3\u03b7. \u03a3\u03c5\u03bb\u03bb\u03ad\u03b3\u03b5\u03c4\u03b1\u03b9 \u03c3\u03c4\u03b7\u03bd \u0395\u03bb\u03bb\u03ac\u03b4\u03b1 \u03b1\u03c0\u03cc \u03c0\u03b5\u03c1\u03b9\u03bf\u03c7\u03ad\u03c2","robots":{"index":"index","follow":"follow","max-snippet":"max-snippet:-1","max-image-preview":"max-image-preview:large","max-video-preview":"max-video-preview:-1"},"canonical":"https:\/\/store.myst.gr\/de\/produkt\/thyme-honey\/","og_locale":"de_DE","og_type":"article","og_title":"\u0398\u03c5\u03bc\u03b1\u03c1\u03af\u03c3\u03b9\u03bf \u039c\u03ad\u03bb\u03b9 - MYST","og_description":"\u03a4\u03bf \u0398\u03c5\u03bc\u03b1\u03c1\u03af\u03c3\u03b9\u03bf \u039c\u03ad\u03bb\u03b9 \u03b5\u03af\u03bd\u03b1\u03b9 \u03ad\u03bd\u03b1 \u03b1\u03b3\u03bd\u03cc, \u03c6\u03c5\u03c3\u03b9\u03ba\u03cc \u03c0\u03c1\u03bf\u03ca\u03cc\u03bd \u03c5\u03c8\u03b7\u03bb\u03ae\u03c2 \u03c0\u03bf\u03b9\u03cc\u03c4\u03b7\u03c4\u03b1\u03c2, \u03bc\u03b5 \u03ad\u03bd\u03c4\u03bf\u03bd\u03bf \u03ac\u03c1\u03c9\u03bc\u03b1 \u03ba\u03b1\u03b9 \u03c0\u03bb\u03bf\u03cd\u03c3\u03b9\u03b1, \u03c7\u03b1\u03c1\u03b1\u03ba\u03c4\u03b7\u03c1\u03b9\u03c3\u03c4\u03b9\u03ba\u03ae \u03b3\u03b5\u03cd\u03c3\u03b7. \u03a3\u03c5\u03bb\u03bb\u03ad\u03b3\u03b5\u03c4\u03b1\u03b9 \u03c3\u03c4\u03b7\u03bd \u0395\u03bb\u03bb\u03ac\u03b4\u03b1 \u03b1\u03c0\u03cc \u03c0\u03b5\u03c1\u03b9\u03bf\u03c7\u03ad\u03c2","og_url":"https:\/\/store.myst.gr\/de\/produkt\/thyme-honey\/","og_site_name":"MYST","article_publisher":"https:\/\/www.facebook.com\/mystfood","article_modified_time":"2026-02-24T10:29:03+00:00","og_image":[{"width":1000,"height":1000,"url":"https:\/\/store.myst.gr\/wp-content\/uploads\/2022\/09\/MYST-0868.jpg","type":"image\/jpeg"}],"twitter_card":"summary_large_image","twitter_misc":{"Gesch\u00e4tzte Lesezeit":"2\u00a0Minuten"},"schema":{"@context":"https:\/\/schema.org","@graph":[{"@type":"WebPage","@id":"https:\/\/store.myst.gr\/product\/thyme-honey\/","url":"https:\/\/store.myst.gr\/product\/thyme-honey\/","name":"\u0398\u03c5\u03bc\u03b1\u03c1\u03af\u03c3\u03b9\u03bf \u039c\u03ad\u03bb\u03b9 - MYST","isPartOf":{"@id":"https:\/\/store.myst.gr\/#website"},"primaryImageOfPage":{"@id":"https:\/\/store.myst.gr\/product\/thyme-honey\/#primaryimage"},"image":{"@id":"https:\/\/store.myst.gr\/product\/thyme-honey\/#primaryimage"},"thumbnailUrl":"https:\/\/store.myst.gr\/wp-content\/uploads\/2022\/09\/MYST-0868.jpg","datePublished":"2025-11-21T11:56:37+00:00","dateModified":"2026-02-24T10:29:03+00:00","description":"\u03a4\u03bf \u0398\u03c5\u03bc\u03b1\u03c1\u03af\u03c3\u03b9\u03bf \u039c\u03ad\u03bb\u03b9 \u03b5\u03af\u03bd\u03b1\u03b9 \u03ad\u03bd\u03b1 \u03b1\u03b3\u03bd\u03cc, \u03c6\u03c5\u03c3\u03b9\u03ba\u03cc \u03c0\u03c1\u03bf\u03ca\u03cc\u03bd \u03c5\u03c8\u03b7\u03bb\u03ae\u03c2 \u03c0\u03bf\u03b9\u03cc\u03c4\u03b7\u03c4\u03b1\u03c2, \u03bc\u03b5 \u03ad\u03bd\u03c4\u03bf\u03bd\u03bf \u03ac\u03c1\u03c9\u03bc\u03b1 \u03ba\u03b1\u03b9 \u03c0\u03bb\u03bf\u03cd\u03c3\u03b9\u03b1, \u03c7\u03b1\u03c1\u03b1\u03ba\u03c4\u03b7\u03c1\u03b9\u03c3\u03c4\u03b9\u03ba\u03ae \u03b3\u03b5\u03cd\u03c3\u03b7. \u03a3\u03c5\u03bb\u03bb\u03ad\u03b3\u03b5\u03c4\u03b1\u03b9 \u03c3\u03c4\u03b7\u03bd \u0395\u03bb\u03bb\u03ac\u03b4\u03b1 \u03b1\u03c0\u03cc \u03c0\u03b5\u03c1\u03b9\u03bf\u03c7\u03ad\u03c2","breadcrumb":{"@id":"https:\/\/store.myst.gr\/product\/thyme-honey\/#breadcrumb"},"inLanguage":"de","potentialAction":[{"@type":"ReadAction","target":["https:\/\/store.myst.gr\/product\/thyme-honey\/"]}]},{"@type":"ImageObject","inLanguage":"de","@id":"https:\/\/store.myst.gr\/product\/thyme-honey\/#primaryimage","url":"https:\/\/store.myst.gr\/wp-content\/uploads\/2022\/09\/MYST-0868.jpg","contentUrl":"https:\/\/store.myst.gr\/wp-content\/uploads\/2022\/09\/MYST-0868.jpg","width":1000,"height":1000},{"@type":"BreadcrumbList","@id":"https:\/\/store.myst.gr\/product\/thyme-honey\/#breadcrumb","itemListElement":[{"@type":"ListItem","position":1,"name":"Home","item":"https:\/\/store.myst.gr\/"},{"@type":"ListItem","position":2,"name":"Shop","item":"https:\/\/store.myst.gr\/"},{"@type":"ListItem","position":3,"name":"\u0398\u03c5\u03bc\u03b1\u03c1\u03af\u03c3\u03b9\u03bf \u039c\u03ad\u03bb\u03b9"}]},{"@type":"WebSite","@id":"https:\/\/store.myst.gr\/#website","url":"https:\/\/store.myst.gr\/","name":"Myst","description":"\u0391\u03bd\u03b1\u03ba\u03b1\u03bb\u03cd\u03c8\u03c4\u03b5 \u03c4\u03b9\u03c2 \u03b3\u03b5\u03cd\u03c3\u03b5\u03b9\u03c2 \u03c4\u03b7\u03c2 \u0395\u03bb\u03bb\u03ac\u03b4\u03b1\u03c2","publisher":{"@id":"https:\/\/store.myst.gr\/#organization"},"potentialAction":[{"@type":"SearchAction","target":{"@type":"EntryPoint","urlTemplate":"https:\/\/store.myst.gr\/?s={search_term_string}"},"query-input":{"@type":"PropertyValueSpecification","valueRequired":true,"valueName":"search_term_string"}}],"inLanguage":"de"},{"@type":"Organization","@id":"https:\/\/store.myst.gr\/#organization","name":"MYST","url":"https:\/\/store.myst.gr\/","logo":{"@type":"ImageObject","inLanguage":"de","@id":"https:\/\/store.myst.gr\/#\/schema\/logo\/image\/","url":"https:\/\/store.myst.gr\/wp-content\/uploads\/2024\/12\/myst-logo-str.svg","contentUrl":"https:\/\/store.myst.gr\/wp-content\/uploads\/2024\/12\/myst-logo-str.svg","width":193,"height":53,"caption":"MYST"},"image":{"@id":"https:\/\/store.myst.gr\/#\/schema\/logo\/image\/"},"sameAs":["https:\/\/www.facebook.com\/mystfood","https:\/\/www.instagram.com\/mystcompany\/"]}]}},"_links":{"self":[{"href":"https:\/\/store.myst.gr\/de\/wp-json\/wp\/v2\/product\/13562","targetHints":{"allow":["GET"]}}],"collection":[{"href":"https:\/\/store.myst.gr\/de\/wp-json\/wp\/v2\/product"}],"about":[{"href":"https:\/\/store.myst.gr\/de\/wp-json\/wp\/v2\/types\/product"}],"wp:featuredmedia":[{"embeddable":true,"href":"https:\/\/store.myst.gr\/de\/wp-json\/wp\/v2\/media\/6149"}],"wp:attachment":[{"href":"https:\/\/store.myst.gr\/de\/wp-json\/wp\/v2\/media?parent=13562"}],"wp:term":[{"taxonomy":"product_cat","embeddable":true,"href":"https:\/\/store.myst.gr\/de\/wp-json\/wp\/v2\/product_cat?post=13562"},{"taxonomy":"product_tag","embeddable":true,"href":"https:\/\/store.myst.gr\/de\/wp-json\/wp\/v2\/product_tag?post=13562"}],"curies":[{"name":"wp","href":"https:\/\/api.w.org\/{rel}","templated":true}]}}