{"id":13373,"date":"2025-10-31T08:31:14","date_gmt":"2025-10-31T08:31:14","guid":{"rendered":"https:\/\/store.myst.gr\/?post_type=product&#038;p=13373"},"modified":"2026-03-26T20:54:18","modified_gmt":"2026-03-26T20:54:18","slug":"vanilla-bourbon","status":"publish","type":"product","link":"https:\/\/store.myst.gr\/de\/product\/vanilla-bourbon\/","title":{"rendered":"Bourbon-Vanille"},"content":{"rendered":"<p>Jede Schote wird von Hand ausgew\u00e4hlt und nat\u00fcrlich getrocknet, mit seidiger Textur und tiefbrauner Farbe. In einem Glasr\u00f6hrchen mit 2 Schoten verpackt, beh\u00e4lt sie ihr volles Aroma und bringt Luxus und Tiefe in jede Kreation.<\/p>\n<p>Ideal f\u00fcr Desserts, Getr\u00e4nke, So\u00dfen, Eiscreme und Geb\u00e4ck, verleiht sie Gerichten nat\u00fcrliche S\u00fc\u00dfe und elegantes Aroma.<\/p>\n<h3>\ud83c\udf6e Verwendung der Bourbon-Vanille<\/h3>\n<p>&nbsp;<\/p>\n<p>Schneiden Sie die Schote l\u00e4ngs auf und kratzen Sie vorsichtig die Samen heraus. F\u00fcgen Sie sie Kuchen, Cremes, Pudding, Kaffee, Smoothies oder So\u00dfen hinzu oder lassen Sie die ganze Schote in Milch, Rum oder Sirup ziehen, um ein intensives Aroma zu erzielen.<\/p>\n<p>Sie k\u00f6nnen auch ein hausgemachtes Vanilleextrakt herstellen, indem Sie die Schoten mehrere Wochen in Alkohol einlegen.<\/p>\n<h3>\ud83c\udf3f Echtheit und Raffinesse<\/h3>\n<p>&nbsp;<\/p>\n<p>Die Bourbon-Vanille steht f\u00fcr nat\u00fcrlichen Luxus und Authentizit\u00e4t. Jede Schote entfaltet W\u00e4rme, Tiefe und Eleganz \u2013 die perfekte Wahl f\u00fcr anspruchsvolle Genie\u00dfer und Profis.<\/p>\n<p><strong>\ud83e\ude7a Hinweis:<\/strong><\/p>\n<p>Die bereitgestellten Informationen dienen nur zu Informationszwecken und stellen keine medizinische Beratung dar.<br \/>\nBei gesundheitlichen Fragen wenden Sie sich bitte an Ihren Arzt oder Ern\u00e4hrungsberater.<\/p>","protected":false},"excerpt":{"rendered":"<p class=\"p1\">Die Bourbon-Vanille gilt als eine der edelsten und aromatischsten Vanillesorten der Welt. Mit ihrem reichhaltigen, cremigen und s\u00fc\u00dfen Aroma und feinen Karamell- und Schokoladennoten verleiht sie jedem Gericht nat\u00fcrliche Eleganz und Tiefe.<\/p>\n<p class=\"p1\">Ohne Konservierungsstoffe oder Zus\u00e4tze. 100 % nat\u00fcrliches Produkt.<\/p>\n<p><strong>Inhalt: e 4g (2 St\u00fcck)<\/strong><\/p>\n<p><strong>Die besten Produkte aus Griechenland direkt auf Ihren Tisch geliefert und kostenloser Versand bei Bestellungen \u00fcber 120 \u20ac innerhalb Europas.<\/strong><\/p>","protected":false},"featured_media":13149,"template":"","meta":{"_acf_changed":false,"inline_featured_image":false},"product_cat":[624,625,539,15],"product_tag":[323,651,613],"class_list":{"0":"post-13373","1":"product","2":"type-product","3":"status-publish","4":"has-post-thumbnail","6":"product_cat-pastry-confectionery","7":"product_cat-spices","8":"product_cat-mixedherbs","9":"product_cat-vall","10":"product_tag-cataloguejuly","11":"product_tag-retail","12":"product_tag-spices","14":"first","15":"instock","16":"taxable","17":"shipping-taxable","18":"purchasable","19":"product-type-simple"},"acf":[],"yoast_head":"<!-- This site is optimized with the Yoast SEO plugin v27.4 - https:\/\/yoast.com\/product\/yoast-seo-wordpress\/ -->\n<title>\u03a6\u03c5\u03c3\u03b9\u03ba\u03ae \u0392\u03b1\u03bd\u03af\u03bb\u03b9\u03b1<\/title>\n<meta name=\"description\" content=\"\u0397 \u0392\u03b1\u03bd\u03af\u03bb\u03b9\u03b1 \u039c\u03b1\u03b4\u03b1\u03b3\u03b1\u03c3\u03ba\u03ac\u03c1\u03b7\u03c2 MYST \u03b5\u03af\u03bd\u03b1\u03b9 \u03ad\u03bd\u03b1 \u03b1\u03c0\u03cc \u03c4\u03b1 \u03c0\u03b9\u03bf \u03b1\u03c1\u03c9\u03bc\u03b1\u03c4\u03b9\u03ba\u03ac \u03ba\u03b1\u03b9 \u03b5\u03ba\u03bb\u03b5\u03ba\u03c4\u03ac \u03bc\u03c0\u03b1\u03c7\u03b1\u03c1\u03b9\u03ba\u03ac \u03c3\u03c4\u03bf\u03bd \u03ba\u03cc\u03c3\u03bc\u03bf. \u03a0\u03c1\u03bf\u03ad\u03c1\u03c7\u03b5\u03c4\u03b1\u03b9 \u03b1\u03c0\u03cc \u03c4\u03b7\u03bd \u03bf\u03c1\u03c7\u03b9\u03b4\u03ad\u03b1 Vanilla planifolia \u03ba\u03b1\u03b9 \u03b8\u03b5\u03c9\u03c1\u03b5\u03af\u03c4\u03b1\u03b9 \u03b7\" \/>\n<meta name=\"robots\" content=\"index, follow, max-snippet:-1, max-image-preview:large, max-video-preview:-1\" \/>\n<link rel=\"canonical\" href=\"https:\/\/store.myst.gr\/de\/produkt\/vanilla-bourbon\/\" \/>\n<meta property=\"og:locale\" content=\"de_DE\" \/>\n<meta property=\"og:type\" content=\"article\" \/>\n<meta property=\"og:title\" content=\"\u03a6\u03c5\u03c3\u03b9\u03ba\u03ae \u0392\u03b1\u03bd\u03af\u03bb\u03b9\u03b1\" \/>\n<meta property=\"og:description\" content=\"\u0397 \u0392\u03b1\u03bd\u03af\u03bb\u03b9\u03b1 \u039c\u03b1\u03b4\u03b1\u03b3\u03b1\u03c3\u03ba\u03ac\u03c1\u03b7\u03c2 MYST \u03b5\u03af\u03bd\u03b1\u03b9 \u03ad\u03bd\u03b1 \u03b1\u03c0\u03cc \u03c4\u03b1 \u03c0\u03b9\u03bf \u03b1\u03c1\u03c9\u03bc\u03b1\u03c4\u03b9\u03ba\u03ac \u03ba\u03b1\u03b9 \u03b5\u03ba\u03bb\u03b5\u03ba\u03c4\u03ac \u03bc\u03c0\u03b1\u03c7\u03b1\u03c1\u03b9\u03ba\u03ac \u03c3\u03c4\u03bf\u03bd \u03ba\u03cc\u03c3\u03bc\u03bf. \u03a0\u03c1\u03bf\u03ad\u03c1\u03c7\u03b5\u03c4\u03b1\u03b9 \u03b1\u03c0\u03cc \u03c4\u03b7\u03bd \u03bf\u03c1\u03c7\u03b9\u03b4\u03ad\u03b1 Vanilla planifolia \u03ba\u03b1\u03b9 \u03b8\u03b5\u03c9\u03c1\u03b5\u03af\u03c4\u03b1\u03b9 \u03b7\" \/>\n<meta property=\"og:url\" content=\"https:\/\/store.myst.gr\/de\/produkt\/vanilla-bourbon\/\" \/>\n<meta property=\"og:site_name\" content=\"MYST\" \/>\n<meta property=\"article:publisher\" content=\"https:\/\/www.facebook.com\/mystfood\" \/>\n<meta property=\"article:modified_time\" content=\"2026-03-26T20:54:18+00:00\" \/>\n<meta property=\"og:image\" content=\"https:\/\/store.myst.gr\/wp-content\/uploads\/2025\/10\/Vanilla-0.jpg\" \/>\n\t<meta property=\"og:image:width\" content=\"1000\" \/>\n\t<meta property=\"og:image:height\" content=\"1000\" \/>\n\t<meta property=\"og:image:type\" content=\"image\/jpeg\" \/>\n<meta name=\"twitter:card\" content=\"summary_large_image\" \/>\n<meta name=\"twitter:label1\" content=\"Gesch\u00e4tzte Lesezeit\" \/>\n\t<meta name=\"twitter:data1\" content=\"2\u00a0Minuten\" \/>\n<script type=\"application\/ld+json\" class=\"yoast-schema-graph\">{\"@context\":\"https:\\\/\\\/schema.org\",\"@graph\":[{\"@type\":\"WebPage\",\"@id\":\"https:\\\/\\\/store.myst.gr\\\/product\\\/vanilla-bourbon\\\/\",\"url\":\"https:\\\/\\\/store.myst.gr\\\/product\\\/vanilla-bourbon\\\/\",\"name\":\"\u03a6\u03c5\u03c3\u03b9\u03ba\u03ae \u0392\u03b1\u03bd\u03af\u03bb\u03b9\u03b1\",\"isPartOf\":{\"@id\":\"https:\\\/\\\/store.myst.gr\\\/#website\"},\"primaryImageOfPage\":{\"@id\":\"https:\\\/\\\/store.myst.gr\\\/product\\\/vanilla-bourbon\\\/#primaryimage\"},\"image\":{\"@id\":\"https:\\\/\\\/store.myst.gr\\\/product\\\/vanilla-bourbon\\\/#primaryimage\"},\"thumbnailUrl\":\"https:\\\/\\\/store.myst.gr\\\/wp-content\\\/uploads\\\/2025\\\/10\\\/Vanilla-0.jpg\",\"datePublished\":\"2025-10-31T08:31:14+00:00\",\"dateModified\":\"2026-03-26T20:54:18+00:00\",\"description\":\"\u0397 \u0392\u03b1\u03bd\u03af\u03bb\u03b9\u03b1 \u039c\u03b1\u03b4\u03b1\u03b3\u03b1\u03c3\u03ba\u03ac\u03c1\u03b7\u03c2 MYST \u03b5\u03af\u03bd\u03b1\u03b9 \u03ad\u03bd\u03b1 \u03b1\u03c0\u03cc \u03c4\u03b1 \u03c0\u03b9\u03bf \u03b1\u03c1\u03c9\u03bc\u03b1\u03c4\u03b9\u03ba\u03ac \u03ba\u03b1\u03b9 \u03b5\u03ba\u03bb\u03b5\u03ba\u03c4\u03ac \u03bc\u03c0\u03b1\u03c7\u03b1\u03c1\u03b9\u03ba\u03ac \u03c3\u03c4\u03bf\u03bd \u03ba\u03cc\u03c3\u03bc\u03bf. \u03a0\u03c1\u03bf\u03ad\u03c1\u03c7\u03b5\u03c4\u03b1\u03b9 \u03b1\u03c0\u03cc \u03c4\u03b7\u03bd \u03bf\u03c1\u03c7\u03b9\u03b4\u03ad\u03b1 Vanilla planifolia \u03ba\u03b1\u03b9 \u03b8\u03b5\u03c9\u03c1\u03b5\u03af\u03c4\u03b1\u03b9 \u03b7\",\"breadcrumb\":{\"@id\":\"https:\\\/\\\/store.myst.gr\\\/product\\\/vanilla-bourbon\\\/#breadcrumb\"},\"inLanguage\":\"de\",\"potentialAction\":[{\"@type\":\"ReadAction\",\"target\":[\"https:\\\/\\\/store.myst.gr\\\/product\\\/vanilla-bourbon\\\/\"]}]},{\"@type\":\"ImageObject\",\"inLanguage\":\"de\",\"@id\":\"https:\\\/\\\/store.myst.gr\\\/product\\\/vanilla-bourbon\\\/#primaryimage\",\"url\":\"https:\\\/\\\/store.myst.gr\\\/wp-content\\\/uploads\\\/2025\\\/10\\\/Vanilla-0.jpg\",\"contentUrl\":\"https:\\\/\\\/store.myst.gr\\\/wp-content\\\/uploads\\\/2025\\\/10\\\/Vanilla-0.jpg\",\"width\":1000,\"height\":1000},{\"@type\":\"BreadcrumbList\",\"@id\":\"https:\\\/\\\/store.myst.gr\\\/product\\\/vanilla-bourbon\\\/#breadcrumb\",\"itemListElement\":[{\"@type\":\"ListItem\",\"position\":1,\"name\":\"Home\",\"item\":\"https:\\\/\\\/store.myst.gr\\\/\"},{\"@type\":\"ListItem\",\"position\":2,\"name\":\"Shop\",\"item\":\"https:\\\/\\\/store.myst.gr\\\/\"},{\"@type\":\"ListItem\",\"position\":3,\"name\":\"\u03a6\u03c5\u03c3\u03b9\u03ba\u03ae \u0392\u03b1\u03bd\u03af\u03bb\u03b9\u03b1\"}]},{\"@type\":\"WebSite\",\"@id\":\"https:\\\/\\\/store.myst.gr\\\/#website\",\"url\":\"https:\\\/\\\/store.myst.gr\\\/\",\"name\":\"Myst\",\"description\":\"\u0391\u03bd\u03b1\u03ba\u03b1\u03bb\u03cd\u03c8\u03c4\u03b5 \u03c4\u03b9\u03c2 \u03b3\u03b5\u03cd\u03c3\u03b5\u03b9\u03c2 \u03c4\u03b7\u03c2 \u0395\u03bb\u03bb\u03ac\u03b4\u03b1\u03c2\",\"publisher\":{\"@id\":\"https:\\\/\\\/store.myst.gr\\\/#organization\"},\"potentialAction\":[{\"@type\":\"SearchAction\",\"target\":{\"@type\":\"EntryPoint\",\"urlTemplate\":\"https:\\\/\\\/store.myst.gr\\\/?s={search_term_string}\"},\"query-input\":{\"@type\":\"PropertyValueSpecification\",\"valueRequired\":true,\"valueName\":\"search_term_string\"}}],\"inLanguage\":\"de\"},{\"@type\":\"Organization\",\"@id\":\"https:\\\/\\\/store.myst.gr\\\/#organization\",\"name\":\"MYST\",\"url\":\"https:\\\/\\\/store.myst.gr\\\/\",\"logo\":{\"@type\":\"ImageObject\",\"inLanguage\":\"de\",\"@id\":\"https:\\\/\\\/store.myst.gr\\\/#\\\/schema\\\/logo\\\/image\\\/\",\"url\":\"https:\\\/\\\/store.myst.gr\\\/wp-content\\\/uploads\\\/2024\\\/12\\\/myst-logo-str.svg\",\"contentUrl\":\"https:\\\/\\\/store.myst.gr\\\/wp-content\\\/uploads\\\/2024\\\/12\\\/myst-logo-str.svg\",\"width\":193,\"height\":53,\"caption\":\"MYST\"},\"image\":{\"@id\":\"https:\\\/\\\/store.myst.gr\\\/#\\\/schema\\\/logo\\\/image\\\/\"},\"sameAs\":[\"https:\\\/\\\/www.facebook.com\\\/mystfood\",\"https:\\\/\\\/www.instagram.com\\\/mystcompany\\\/\"]}]}<\/script>\n<!-- \/ Yoast SEO plugin. -->","yoast_head_json":{"title":"Bourbon-Vanille","description":"\u0397 \u0392\u03b1\u03bd\u03af\u03bb\u03b9\u03b1 \u039c\u03b1\u03b4\u03b1\u03b3\u03b1\u03c3\u03ba\u03ac\u03c1\u03b7\u03c2 MYST \u03b5\u03af\u03bd\u03b1\u03b9 \u03ad\u03bd\u03b1 \u03b1\u03c0\u03cc \u03c4\u03b1 \u03c0\u03b9\u03bf \u03b1\u03c1\u03c9\u03bc\u03b1\u03c4\u03b9\u03ba\u03ac \u03ba\u03b1\u03b9 \u03b5\u03ba\u03bb\u03b5\u03ba\u03c4\u03ac \u03bc\u03c0\u03b1\u03c7\u03b1\u03c1\u03b9\u03ba\u03ac \u03c3\u03c4\u03bf\u03bd \u03ba\u03cc\u03c3\u03bc\u03bf. \u03a0\u03c1\u03bf\u03ad\u03c1\u03c7\u03b5\u03c4\u03b1\u03b9 \u03b1\u03c0\u03cc \u03c4\u03b7\u03bd \u03bf\u03c1\u03c7\u03b9\u03b4\u03ad\u03b1 Vanilla planifolia \u03ba\u03b1\u03b9 \u03b8\u03b5\u03c9\u03c1\u03b5\u03af\u03c4\u03b1\u03b9 \u03b7","robots":{"index":"index","follow":"follow","max-snippet":"max-snippet:-1","max-image-preview":"max-image-preview:large","max-video-preview":"max-video-preview:-1"},"canonical":"https:\/\/store.myst.gr\/de\/produkt\/vanilla-bourbon\/","og_locale":"de_DE","og_type":"article","og_title":"\u03a6\u03c5\u03c3\u03b9\u03ba\u03ae \u0392\u03b1\u03bd\u03af\u03bb\u03b9\u03b1","og_description":"\u0397 \u0392\u03b1\u03bd\u03af\u03bb\u03b9\u03b1 \u039c\u03b1\u03b4\u03b1\u03b3\u03b1\u03c3\u03ba\u03ac\u03c1\u03b7\u03c2 MYST \u03b5\u03af\u03bd\u03b1\u03b9 \u03ad\u03bd\u03b1 \u03b1\u03c0\u03cc \u03c4\u03b1 \u03c0\u03b9\u03bf \u03b1\u03c1\u03c9\u03bc\u03b1\u03c4\u03b9\u03ba\u03ac \u03ba\u03b1\u03b9 \u03b5\u03ba\u03bb\u03b5\u03ba\u03c4\u03ac \u03bc\u03c0\u03b1\u03c7\u03b1\u03c1\u03b9\u03ba\u03ac \u03c3\u03c4\u03bf\u03bd \u03ba\u03cc\u03c3\u03bc\u03bf. \u03a0\u03c1\u03bf\u03ad\u03c1\u03c7\u03b5\u03c4\u03b1\u03b9 \u03b1\u03c0\u03cc \u03c4\u03b7\u03bd \u03bf\u03c1\u03c7\u03b9\u03b4\u03ad\u03b1 Vanilla planifolia \u03ba\u03b1\u03b9 \u03b8\u03b5\u03c9\u03c1\u03b5\u03af\u03c4\u03b1\u03b9 \u03b7","og_url":"https:\/\/store.myst.gr\/de\/produkt\/vanilla-bourbon\/","og_site_name":"MYST","article_publisher":"https:\/\/www.facebook.com\/mystfood","article_modified_time":"2026-03-26T20:54:18+00:00","og_image":[{"width":1000,"height":1000,"url":"https:\/\/store.myst.gr\/wp-content\/uploads\/2025\/10\/Vanilla-0.jpg","type":"image\/jpeg"}],"twitter_card":"summary_large_image","twitter_misc":{"Gesch\u00e4tzte Lesezeit":"2\u00a0Minuten"},"schema":{"@context":"https:\/\/schema.org","@graph":[{"@type":"WebPage","@id":"https:\/\/store.myst.gr\/product\/vanilla-bourbon\/","url":"https:\/\/store.myst.gr\/product\/vanilla-bourbon\/","name":"Bourbon-Vanille","isPartOf":{"@id":"https:\/\/store.myst.gr\/#website"},"primaryImageOfPage":{"@id":"https:\/\/store.myst.gr\/product\/vanilla-bourbon\/#primaryimage"},"image":{"@id":"https:\/\/store.myst.gr\/product\/vanilla-bourbon\/#primaryimage"},"thumbnailUrl":"https:\/\/store.myst.gr\/wp-content\/uploads\/2025\/10\/Vanilla-0.jpg","datePublished":"2025-10-31T08:31:14+00:00","dateModified":"2026-03-26T20:54:18+00:00","description":"\u0397 \u0392\u03b1\u03bd\u03af\u03bb\u03b9\u03b1 \u039c\u03b1\u03b4\u03b1\u03b3\u03b1\u03c3\u03ba\u03ac\u03c1\u03b7\u03c2 MYST \u03b5\u03af\u03bd\u03b1\u03b9 \u03ad\u03bd\u03b1 \u03b1\u03c0\u03cc \u03c4\u03b1 \u03c0\u03b9\u03bf \u03b1\u03c1\u03c9\u03bc\u03b1\u03c4\u03b9\u03ba\u03ac \u03ba\u03b1\u03b9 \u03b5\u03ba\u03bb\u03b5\u03ba\u03c4\u03ac \u03bc\u03c0\u03b1\u03c7\u03b1\u03c1\u03b9\u03ba\u03ac \u03c3\u03c4\u03bf\u03bd \u03ba\u03cc\u03c3\u03bc\u03bf. \u03a0\u03c1\u03bf\u03ad\u03c1\u03c7\u03b5\u03c4\u03b1\u03b9 \u03b1\u03c0\u03cc \u03c4\u03b7\u03bd \u03bf\u03c1\u03c7\u03b9\u03b4\u03ad\u03b1 Vanilla planifolia \u03ba\u03b1\u03b9 \u03b8\u03b5\u03c9\u03c1\u03b5\u03af\u03c4\u03b1\u03b9 \u03b7","breadcrumb":{"@id":"https:\/\/store.myst.gr\/product\/vanilla-bourbon\/#breadcrumb"},"inLanguage":"de","potentialAction":[{"@type":"ReadAction","target":["https:\/\/store.myst.gr\/product\/vanilla-bourbon\/"]}]},{"@type":"ImageObject","inLanguage":"de","@id":"https:\/\/store.myst.gr\/product\/vanilla-bourbon\/#primaryimage","url":"https:\/\/store.myst.gr\/wp-content\/uploads\/2025\/10\/Vanilla-0.jpg","contentUrl":"https:\/\/store.myst.gr\/wp-content\/uploads\/2025\/10\/Vanilla-0.jpg","width":1000,"height":1000},{"@type":"BreadcrumbList","@id":"https:\/\/store.myst.gr\/product\/vanilla-bourbon\/#breadcrumb","itemListElement":[{"@type":"ListItem","position":1,"name":"Home","item":"https:\/\/store.myst.gr\/"},{"@type":"ListItem","position":2,"name":"Shop","item":"https:\/\/store.myst.gr\/"},{"@type":"ListItem","position":3,"name":"\u03a6\u03c5\u03c3\u03b9\u03ba\u03ae \u0392\u03b1\u03bd\u03af\u03bb\u03b9\u03b1"}]},{"@type":"WebSite","@id":"https:\/\/store.myst.gr\/#website","url":"https:\/\/store.myst.gr\/","name":"Myst","description":"\u0391\u03bd\u03b1\u03ba\u03b1\u03bb\u03cd\u03c8\u03c4\u03b5 \u03c4\u03b9\u03c2 \u03b3\u03b5\u03cd\u03c3\u03b5\u03b9\u03c2 \u03c4\u03b7\u03c2 \u0395\u03bb\u03bb\u03ac\u03b4\u03b1\u03c2","publisher":{"@id":"https:\/\/store.myst.gr\/#organization"},"potentialAction":[{"@type":"SearchAction","target":{"@type":"EntryPoint","urlTemplate":"https:\/\/store.myst.gr\/?s={search_term_string}"},"query-input":{"@type":"PropertyValueSpecification","valueRequired":true,"valueName":"search_term_string"}}],"inLanguage":"de"},{"@type":"Organization","@id":"https:\/\/store.myst.gr\/#organization","name":"MYST","url":"https:\/\/store.myst.gr\/","logo":{"@type":"ImageObject","inLanguage":"de","@id":"https:\/\/store.myst.gr\/#\/schema\/logo\/image\/","url":"https:\/\/store.myst.gr\/wp-content\/uploads\/2024\/12\/myst-logo-str.svg","contentUrl":"https:\/\/store.myst.gr\/wp-content\/uploads\/2024\/12\/myst-logo-str.svg","width":193,"height":53,"caption":"MYST"},"image":{"@id":"https:\/\/store.myst.gr\/#\/schema\/logo\/image\/"},"sameAs":["https:\/\/www.facebook.com\/mystfood","https:\/\/www.instagram.com\/mystcompany\/"]}]}},"_links":{"self":[{"href":"https:\/\/store.myst.gr\/de\/wp-json\/wp\/v2\/product\/13373","targetHints":{"allow":["GET"]}}],"collection":[{"href":"https:\/\/store.myst.gr\/de\/wp-json\/wp\/v2\/product"}],"about":[{"href":"https:\/\/store.myst.gr\/de\/wp-json\/wp\/v2\/types\/product"}],"wp:featuredmedia":[{"embeddable":true,"href":"https:\/\/store.myst.gr\/de\/wp-json\/wp\/v2\/media\/13149"}],"wp:attachment":[{"href":"https:\/\/store.myst.gr\/de\/wp-json\/wp\/v2\/media?parent=13373"}],"wp:term":[{"taxonomy":"product_cat","embeddable":true,"href":"https:\/\/store.myst.gr\/de\/wp-json\/wp\/v2\/product_cat?post=13373"},{"taxonomy":"product_tag","embeddable":true,"href":"https:\/\/store.myst.gr\/de\/wp-json\/wp\/v2\/product_tag?post=13373"}],"curies":[{"name":"wp","href":"https:\/\/api.w.org\/{rel}","templated":true}]}}