{"id":13352,"date":"2025-10-31T07:50:56","date_gmt":"2025-10-31T07:50:56","guid":{"rendered":"https:\/\/store.myst.gr\/?post_type=product&#038;p=13352"},"modified":"2026-03-26T20:55:20","modified_gmt":"2026-03-26T20:55:20","slug":"star-anise","status":"publish","type":"product","link":"https:\/\/store.myst.gr\/de\/product\/star-anise\/","title":{"rendered":"Sternanis Ganz"},"content":{"rendered":"<p>Der Sternanis kann sowohl kulinarisch als auch dekorativ verwendet werden. Seine elegante Form versch\u00f6nert Festtafeln und Geb\u00e4ckplatten, w\u00e4hrend sein Duft eine wohltuende W\u00e4rme verstr\u00f6mt.<\/p>\n<p>Der Sternanis stammt vom Illicium verum-Baum und wird in Vietnam angebaut \u2013 ein Land, das f\u00fcr seine hochwertige Gew\u00fcrzproduktion bekannt ist.\nEr eignet sich hervorragend f\u00fcr Schmorgerichte, So\u00dfen, Suppen, Reisgerichte, H\u00fclsenfr\u00fcchte und Desserts sowie f\u00fcr Gl\u00fchwein und aromatische Hei\u00dfgetr\u00e4nke.<\/p>\n<h3>\ud83c\udf77 Verwendung von Sternanis in der K\u00fcche<\/h3>\n<p>&nbsp;<\/p>\n<p>Der Sternanis kann sowohl kulinarisch als auch dekorativ verwendet werden. Seine elegante Form versch\u00f6nert Festtafeln und Geb\u00e4ckplatten, w\u00e4hrend sein Duft eine wohltuende W\u00e4rme verstr\u00f6mt.<\/p>\n<p>F\u00fcgen Sie ein bis zwei Sternanis zu Eint\u00f6pfen, So\u00dfen, Marmeladen, Sirupen oder Reisgerichten hinzu, um eine dezente S\u00fc\u00dfe und W\u00fcrze zu erzielen. Er eignet sich ideal zum Aromatisieren von Gl\u00fchwein, Tee oder Lik\u00f6ren oder als nat\u00fcrlicher Raumduft, wenn er mit Zimtstangen und Orangenschalen gekocht wird.<\/p>\n<p><strong>\ud83e\ude7a Hinweis:<\/strong><\/p>\n<p>Die bereitgestellten Informationen dienen nur zu Informationszwecken und stellen keine medizinische Beratung dar.<br \/>\nBei gesundheitlichen Fragen wenden Sie sich bitte an Ihren Arzt oder Ern\u00e4hrungsberater.<\/p>","protected":false},"excerpt":{"rendered":"<p class=\"p1\">Der Sternanis vereint Eleganz, Geschmack und Tradition \u2013 ein echtes Highlight in jeder K\u00fcche.<\/p>\n<p class=\"p1\">Ohne Konservierungsstoffe oder Zus\u00e4tze. 100 % nat\u00fcrliches Produkt.<\/p>\n<p><strong>inhalt:  e 40g<\/strong><\/p>\n<p><strong>Die besten Produkte aus Griechenland direkt auf Ihren Tisch geliefert und kostenloser Versand bei Bestellungen \u00fcber 120 \u20ac innerhalb Europas.<\/strong><\/p>","protected":false},"featured_media":13155,"template":"","meta":{"_acf_changed":false,"inline_featured_image":false},"product_cat":[624,625,539,15],"product_tag":[323,651,613],"class_list":{"0":"post-13352","1":"product","2":"type-product","3":"status-publish","4":"has-post-thumbnail","6":"product_cat-pastry-confectionery","7":"product_cat-spices","8":"product_cat-mixedherbs","9":"product_cat-vall","10":"product_tag-cataloguejuly","11":"product_tag-retail","12":"product_tag-spices","14":"first","15":"instock","16":"taxable","17":"shipping-taxable","18":"purchasable","19":"product-type-simple"},"acf":[],"yoast_head":"<!-- This site is optimized with the Yoast SEO plugin v27.4 - https:\/\/yoast.com\/product\/yoast-seo-wordpress\/ -->\n<title>\u0391\u03c3\u03c4\u03b5\u03c1\u03bf\u03b5\u03b9\u03b4\u03ae\u03c2 \u0393\u03bb\u03c5\u03ba\u03ac\u03bd\u03b9\u03c3\u03bf\u03c2<\/title>\n<meta name=\"description\" content=\"\u03a0\u03c1\u03bf\u03ad\u03c1\u03c7\u03b5\u03c4\u03b1\u03b9 \u03b1\u03c0\u03cc \u03c4\u03bf\u03bd \u03ba\u03b1\u03c1\u03c0\u03cc \u03c4\u03bf\u03c5 \u03b4\u03ad\u03bd\u03c4\u03c1\u03bf\u03c5 Illicium verum, \u03c0\u03bf\u03c5 \u03b5\u03c5\u03b4\u03bf\u03ba\u03b9\u03bc\u03b5\u03af \u03c3\u03c4\u03bf \u0392\u03b9\u03b5\u03c4\u03bd\u03ac\u03bc, \u03ba\u03b1\u03b9 \u03c7\u03c1\u03b7\u03c3\u03b9\u03bc\u03bf\u03c0\u03bf\u03b9\u03b5\u03af\u03c4\u03b1\u03b9 \u03c0\u03b1\u03c1\u03b1\u03b4\u03bf\u03c3\u03b9\u03b1\u03ba\u03ac \u03c4\u03cc\u03c3\u03bf \u03c3\u03c4\u03b7 \u03bc\u03b5\u03c3\u03bf\u03b3\u03b5\u03b9\u03b1\u03ba\u03ae \u03cc\u03c3\u03bf \u03ba\u03b1\u03b9 \u03c3\u03c4\u03b7\u03bd \u03b1\u03c3\u03b9\u03b1\u03c4\u03b9\u03ba\u03ae\" \/>\n<meta name=\"robots\" content=\"index, follow, max-snippet:-1, max-image-preview:large, max-video-preview:-1\" \/>\n<link rel=\"canonical\" href=\"https:\/\/store.myst.gr\/de\/produkt\/star-anise\/\" \/>\n<meta property=\"og:locale\" content=\"de_DE\" \/>\n<meta property=\"og:type\" content=\"article\" \/>\n<meta property=\"og:title\" content=\"\u0391\u03c3\u03c4\u03b5\u03c1\u03bf\u03b5\u03b9\u03b4\u03ae\u03c2 \u0393\u03bb\u03c5\u03ba\u03ac\u03bd\u03b9\u03c3\u03bf\u03c2\" \/>\n<meta property=\"og:description\" content=\"\u03a0\u03c1\u03bf\u03ad\u03c1\u03c7\u03b5\u03c4\u03b1\u03b9 \u03b1\u03c0\u03cc \u03c4\u03bf\u03bd \u03ba\u03b1\u03c1\u03c0\u03cc \u03c4\u03bf\u03c5 \u03b4\u03ad\u03bd\u03c4\u03c1\u03bf\u03c5 Illicium verum, \u03c0\u03bf\u03c5 \u03b5\u03c5\u03b4\u03bf\u03ba\u03b9\u03bc\u03b5\u03af \u03c3\u03c4\u03bf \u0392\u03b9\u03b5\u03c4\u03bd\u03ac\u03bc, \u03ba\u03b1\u03b9 \u03c7\u03c1\u03b7\u03c3\u03b9\u03bc\u03bf\u03c0\u03bf\u03b9\u03b5\u03af\u03c4\u03b1\u03b9 \u03c0\u03b1\u03c1\u03b1\u03b4\u03bf\u03c3\u03b9\u03b1\u03ba\u03ac \u03c4\u03cc\u03c3\u03bf \u03c3\u03c4\u03b7 \u03bc\u03b5\u03c3\u03bf\u03b3\u03b5\u03b9\u03b1\u03ba\u03ae \u03cc\u03c3\u03bf \u03ba\u03b1\u03b9 \u03c3\u03c4\u03b7\u03bd \u03b1\u03c3\u03b9\u03b1\u03c4\u03b9\u03ba\u03ae\" \/>\n<meta property=\"og:url\" content=\"https:\/\/store.myst.gr\/de\/produkt\/star-anise\/\" \/>\n<meta property=\"og:site_name\" content=\"MYST\" \/>\n<meta property=\"article:publisher\" content=\"https:\/\/www.facebook.com\/mystfood\" \/>\n<meta property=\"article:modified_time\" content=\"2026-03-26T20:55:20+00:00\" \/>\n<meta property=\"og:image\" content=\"https:\/\/store.myst.gr\/wp-content\/uploads\/2025\/10\/star-1.jpg\" \/>\n\t<meta property=\"og:image:width\" content=\"1000\" \/>\n\t<meta property=\"og:image:height\" content=\"1000\" \/>\n\t<meta property=\"og:image:type\" content=\"image\/jpeg\" \/>\n<meta name=\"twitter:card\" content=\"summary_large_image\" \/>\n<meta name=\"twitter:label1\" content=\"Gesch\u00e4tzte Lesezeit\" \/>\n\t<meta name=\"twitter:data1\" content=\"2\u00a0Minuten\" \/>\n<script type=\"application\/ld+json\" class=\"yoast-schema-graph\">{\"@context\":\"https:\\\/\\\/schema.org\",\"@graph\":[{\"@type\":\"WebPage\",\"@id\":\"https:\\\/\\\/store.myst.gr\\\/product\\\/star-anise\\\/\",\"url\":\"https:\\\/\\\/store.myst.gr\\\/product\\\/star-anise\\\/\",\"name\":\"\u0391\u03c3\u03c4\u03b5\u03c1\u03bf\u03b5\u03b9\u03b4\u03ae\u03c2 \u0393\u03bb\u03c5\u03ba\u03ac\u03bd\u03b9\u03c3\u03bf\u03c2\",\"isPartOf\":{\"@id\":\"https:\\\/\\\/store.myst.gr\\\/#website\"},\"primaryImageOfPage\":{\"@id\":\"https:\\\/\\\/store.myst.gr\\\/product\\\/star-anise\\\/#primaryimage\"},\"image\":{\"@id\":\"https:\\\/\\\/store.myst.gr\\\/product\\\/star-anise\\\/#primaryimage\"},\"thumbnailUrl\":\"https:\\\/\\\/store.myst.gr\\\/wp-content\\\/uploads\\\/2025\\\/10\\\/star-1.jpg\",\"datePublished\":\"2025-10-31T07:50:56+00:00\",\"dateModified\":\"2026-03-26T20:55:20+00:00\",\"description\":\"\u03a0\u03c1\u03bf\u03ad\u03c1\u03c7\u03b5\u03c4\u03b1\u03b9 \u03b1\u03c0\u03cc \u03c4\u03bf\u03bd \u03ba\u03b1\u03c1\u03c0\u03cc \u03c4\u03bf\u03c5 \u03b4\u03ad\u03bd\u03c4\u03c1\u03bf\u03c5 Illicium verum, \u03c0\u03bf\u03c5 \u03b5\u03c5\u03b4\u03bf\u03ba\u03b9\u03bc\u03b5\u03af \u03c3\u03c4\u03bf \u0392\u03b9\u03b5\u03c4\u03bd\u03ac\u03bc, \u03ba\u03b1\u03b9 \u03c7\u03c1\u03b7\u03c3\u03b9\u03bc\u03bf\u03c0\u03bf\u03b9\u03b5\u03af\u03c4\u03b1\u03b9 \u03c0\u03b1\u03c1\u03b1\u03b4\u03bf\u03c3\u03b9\u03b1\u03ba\u03ac \u03c4\u03cc\u03c3\u03bf \u03c3\u03c4\u03b7 \u03bc\u03b5\u03c3\u03bf\u03b3\u03b5\u03b9\u03b1\u03ba\u03ae \u03cc\u03c3\u03bf \u03ba\u03b1\u03b9 \u03c3\u03c4\u03b7\u03bd \u03b1\u03c3\u03b9\u03b1\u03c4\u03b9\u03ba\u03ae\",\"breadcrumb\":{\"@id\":\"https:\\\/\\\/store.myst.gr\\\/product\\\/star-anise\\\/#breadcrumb\"},\"inLanguage\":\"de\",\"potentialAction\":[{\"@type\":\"ReadAction\",\"target\":[\"https:\\\/\\\/store.myst.gr\\\/product\\\/star-anise\\\/\"]}]},{\"@type\":\"ImageObject\",\"inLanguage\":\"de\",\"@id\":\"https:\\\/\\\/store.myst.gr\\\/product\\\/star-anise\\\/#primaryimage\",\"url\":\"https:\\\/\\\/store.myst.gr\\\/wp-content\\\/uploads\\\/2025\\\/10\\\/star-1.jpg\",\"contentUrl\":\"https:\\\/\\\/store.myst.gr\\\/wp-content\\\/uploads\\\/2025\\\/10\\\/star-1.jpg\",\"width\":1000,\"height\":1000},{\"@type\":\"BreadcrumbList\",\"@id\":\"https:\\\/\\\/store.myst.gr\\\/product\\\/star-anise\\\/#breadcrumb\",\"itemListElement\":[{\"@type\":\"ListItem\",\"position\":1,\"name\":\"Home\",\"item\":\"https:\\\/\\\/store.myst.gr\\\/\"},{\"@type\":\"ListItem\",\"position\":2,\"name\":\"Shop\",\"item\":\"https:\\\/\\\/store.myst.gr\\\/\"},{\"@type\":\"ListItem\",\"position\":3,\"name\":\"\u0391\u03c3\u03c4\u03b5\u03c1\u03bf\u03b5\u03b9\u03b4\u03ae\u03c2 \u0393\u03bb\u03c5\u03ba\u03ac\u03bd\u03b9\u03c3\u03bf\u03c2\"}]},{\"@type\":\"WebSite\",\"@id\":\"https:\\\/\\\/store.myst.gr\\\/#website\",\"url\":\"https:\\\/\\\/store.myst.gr\\\/\",\"name\":\"Myst\",\"description\":\"\u0391\u03bd\u03b1\u03ba\u03b1\u03bb\u03cd\u03c8\u03c4\u03b5 \u03c4\u03b9\u03c2 \u03b3\u03b5\u03cd\u03c3\u03b5\u03b9\u03c2 \u03c4\u03b7\u03c2 \u0395\u03bb\u03bb\u03ac\u03b4\u03b1\u03c2\",\"publisher\":{\"@id\":\"https:\\\/\\\/store.myst.gr\\\/#organization\"},\"potentialAction\":[{\"@type\":\"SearchAction\",\"target\":{\"@type\":\"EntryPoint\",\"urlTemplate\":\"https:\\\/\\\/store.myst.gr\\\/?s={search_term_string}\"},\"query-input\":{\"@type\":\"PropertyValueSpecification\",\"valueRequired\":true,\"valueName\":\"search_term_string\"}}],\"inLanguage\":\"de\"},{\"@type\":\"Organization\",\"@id\":\"https:\\\/\\\/store.myst.gr\\\/#organization\",\"name\":\"MYST\",\"url\":\"https:\\\/\\\/store.myst.gr\\\/\",\"logo\":{\"@type\":\"ImageObject\",\"inLanguage\":\"de\",\"@id\":\"https:\\\/\\\/store.myst.gr\\\/#\\\/schema\\\/logo\\\/image\\\/\",\"url\":\"https:\\\/\\\/store.myst.gr\\\/wp-content\\\/uploads\\\/2024\\\/12\\\/myst-logo-str.svg\",\"contentUrl\":\"https:\\\/\\\/store.myst.gr\\\/wp-content\\\/uploads\\\/2024\\\/12\\\/myst-logo-str.svg\",\"width\":193,\"height\":53,\"caption\":\"MYST\"},\"image\":{\"@id\":\"https:\\\/\\\/store.myst.gr\\\/#\\\/schema\\\/logo\\\/image\\\/\"},\"sameAs\":[\"https:\\\/\\\/www.facebook.com\\\/mystfood\",\"https:\\\/\\\/www.instagram.com\\\/mystcompany\\\/\"]}]}<\/script>\n<!-- \/ Yoast SEO plugin. -->","yoast_head_json":{"title":"Sternanis Ganz","description":"\u03a0\u03c1\u03bf\u03ad\u03c1\u03c7\u03b5\u03c4\u03b1\u03b9 \u03b1\u03c0\u03cc \u03c4\u03bf\u03bd \u03ba\u03b1\u03c1\u03c0\u03cc \u03c4\u03bf\u03c5 \u03b4\u03ad\u03bd\u03c4\u03c1\u03bf\u03c5 Illicium verum, \u03c0\u03bf\u03c5 \u03b5\u03c5\u03b4\u03bf\u03ba\u03b9\u03bc\u03b5\u03af \u03c3\u03c4\u03bf \u0392\u03b9\u03b5\u03c4\u03bd\u03ac\u03bc, \u03ba\u03b1\u03b9 \u03c7\u03c1\u03b7\u03c3\u03b9\u03bc\u03bf\u03c0\u03bf\u03b9\u03b5\u03af\u03c4\u03b1\u03b9 \u03c0\u03b1\u03c1\u03b1\u03b4\u03bf\u03c3\u03b9\u03b1\u03ba\u03ac \u03c4\u03cc\u03c3\u03bf \u03c3\u03c4\u03b7 \u03bc\u03b5\u03c3\u03bf\u03b3\u03b5\u03b9\u03b1\u03ba\u03ae \u03cc\u03c3\u03bf \u03ba\u03b1\u03b9 \u03c3\u03c4\u03b7\u03bd \u03b1\u03c3\u03b9\u03b1\u03c4\u03b9\u03ba\u03ae","robots":{"index":"index","follow":"follow","max-snippet":"max-snippet:-1","max-image-preview":"max-image-preview:large","max-video-preview":"max-video-preview:-1"},"canonical":"https:\/\/store.myst.gr\/de\/produkt\/star-anise\/","og_locale":"de_DE","og_type":"article","og_title":"\u0391\u03c3\u03c4\u03b5\u03c1\u03bf\u03b5\u03b9\u03b4\u03ae\u03c2 \u0393\u03bb\u03c5\u03ba\u03ac\u03bd\u03b9\u03c3\u03bf\u03c2","og_description":"\u03a0\u03c1\u03bf\u03ad\u03c1\u03c7\u03b5\u03c4\u03b1\u03b9 \u03b1\u03c0\u03cc \u03c4\u03bf\u03bd \u03ba\u03b1\u03c1\u03c0\u03cc \u03c4\u03bf\u03c5 \u03b4\u03ad\u03bd\u03c4\u03c1\u03bf\u03c5 Illicium verum, \u03c0\u03bf\u03c5 \u03b5\u03c5\u03b4\u03bf\u03ba\u03b9\u03bc\u03b5\u03af \u03c3\u03c4\u03bf \u0392\u03b9\u03b5\u03c4\u03bd\u03ac\u03bc, \u03ba\u03b1\u03b9 \u03c7\u03c1\u03b7\u03c3\u03b9\u03bc\u03bf\u03c0\u03bf\u03b9\u03b5\u03af\u03c4\u03b1\u03b9 \u03c0\u03b1\u03c1\u03b1\u03b4\u03bf\u03c3\u03b9\u03b1\u03ba\u03ac \u03c4\u03cc\u03c3\u03bf \u03c3\u03c4\u03b7 \u03bc\u03b5\u03c3\u03bf\u03b3\u03b5\u03b9\u03b1\u03ba\u03ae \u03cc\u03c3\u03bf \u03ba\u03b1\u03b9 \u03c3\u03c4\u03b7\u03bd \u03b1\u03c3\u03b9\u03b1\u03c4\u03b9\u03ba\u03ae","og_url":"https:\/\/store.myst.gr\/de\/produkt\/star-anise\/","og_site_name":"MYST","article_publisher":"https:\/\/www.facebook.com\/mystfood","article_modified_time":"2026-03-26T20:55:20+00:00","og_image":[{"width":1000,"height":1000,"url":"https:\/\/store.myst.gr\/wp-content\/uploads\/2025\/10\/star-1.jpg","type":"image\/jpeg"}],"twitter_card":"summary_large_image","twitter_misc":{"Gesch\u00e4tzte Lesezeit":"2\u00a0Minuten"},"schema":{"@context":"https:\/\/schema.org","@graph":[{"@type":"WebPage","@id":"https:\/\/store.myst.gr\/product\/star-anise\/","url":"https:\/\/store.myst.gr\/product\/star-anise\/","name":"Sternanis Ganz","isPartOf":{"@id":"https:\/\/store.myst.gr\/#website"},"primaryImageOfPage":{"@id":"https:\/\/store.myst.gr\/product\/star-anise\/#primaryimage"},"image":{"@id":"https:\/\/store.myst.gr\/product\/star-anise\/#primaryimage"},"thumbnailUrl":"https:\/\/store.myst.gr\/wp-content\/uploads\/2025\/10\/star-1.jpg","datePublished":"2025-10-31T07:50:56+00:00","dateModified":"2026-03-26T20:55:20+00:00","description":"\u03a0\u03c1\u03bf\u03ad\u03c1\u03c7\u03b5\u03c4\u03b1\u03b9 \u03b1\u03c0\u03cc \u03c4\u03bf\u03bd \u03ba\u03b1\u03c1\u03c0\u03cc \u03c4\u03bf\u03c5 \u03b4\u03ad\u03bd\u03c4\u03c1\u03bf\u03c5 Illicium verum, \u03c0\u03bf\u03c5 \u03b5\u03c5\u03b4\u03bf\u03ba\u03b9\u03bc\u03b5\u03af \u03c3\u03c4\u03bf \u0392\u03b9\u03b5\u03c4\u03bd\u03ac\u03bc, \u03ba\u03b1\u03b9 \u03c7\u03c1\u03b7\u03c3\u03b9\u03bc\u03bf\u03c0\u03bf\u03b9\u03b5\u03af\u03c4\u03b1\u03b9 \u03c0\u03b1\u03c1\u03b1\u03b4\u03bf\u03c3\u03b9\u03b1\u03ba\u03ac \u03c4\u03cc\u03c3\u03bf \u03c3\u03c4\u03b7 \u03bc\u03b5\u03c3\u03bf\u03b3\u03b5\u03b9\u03b1\u03ba\u03ae \u03cc\u03c3\u03bf \u03ba\u03b1\u03b9 \u03c3\u03c4\u03b7\u03bd \u03b1\u03c3\u03b9\u03b1\u03c4\u03b9\u03ba\u03ae","breadcrumb":{"@id":"https:\/\/store.myst.gr\/product\/star-anise\/#breadcrumb"},"inLanguage":"de","potentialAction":[{"@type":"ReadAction","target":["https:\/\/store.myst.gr\/product\/star-anise\/"]}]},{"@type":"ImageObject","inLanguage":"de","@id":"https:\/\/store.myst.gr\/product\/star-anise\/#primaryimage","url":"https:\/\/store.myst.gr\/wp-content\/uploads\/2025\/10\/star-1.jpg","contentUrl":"https:\/\/store.myst.gr\/wp-content\/uploads\/2025\/10\/star-1.jpg","width":1000,"height":1000},{"@type":"BreadcrumbList","@id":"https:\/\/store.myst.gr\/product\/star-anise\/#breadcrumb","itemListElement":[{"@type":"ListItem","position":1,"name":"Home","item":"https:\/\/store.myst.gr\/"},{"@type":"ListItem","position":2,"name":"Shop","item":"https:\/\/store.myst.gr\/"},{"@type":"ListItem","position":3,"name":"\u0391\u03c3\u03c4\u03b5\u03c1\u03bf\u03b5\u03b9\u03b4\u03ae\u03c2 \u0393\u03bb\u03c5\u03ba\u03ac\u03bd\u03b9\u03c3\u03bf\u03c2"}]},{"@type":"WebSite","@id":"https:\/\/store.myst.gr\/#website","url":"https:\/\/store.myst.gr\/","name":"Myst","description":"\u0391\u03bd\u03b1\u03ba\u03b1\u03bb\u03cd\u03c8\u03c4\u03b5 \u03c4\u03b9\u03c2 \u03b3\u03b5\u03cd\u03c3\u03b5\u03b9\u03c2 \u03c4\u03b7\u03c2 \u0395\u03bb\u03bb\u03ac\u03b4\u03b1\u03c2","publisher":{"@id":"https:\/\/store.myst.gr\/#organization"},"potentialAction":[{"@type":"SearchAction","target":{"@type":"EntryPoint","urlTemplate":"https:\/\/store.myst.gr\/?s={search_term_string}"},"query-input":{"@type":"PropertyValueSpecification","valueRequired":true,"valueName":"search_term_string"}}],"inLanguage":"de"},{"@type":"Organization","@id":"https:\/\/store.myst.gr\/#organization","name":"MYST","url":"https:\/\/store.myst.gr\/","logo":{"@type":"ImageObject","inLanguage":"de","@id":"https:\/\/store.myst.gr\/#\/schema\/logo\/image\/","url":"https:\/\/store.myst.gr\/wp-content\/uploads\/2024\/12\/myst-logo-str.svg","contentUrl":"https:\/\/store.myst.gr\/wp-content\/uploads\/2024\/12\/myst-logo-str.svg","width":193,"height":53,"caption":"MYST"},"image":{"@id":"https:\/\/store.myst.gr\/#\/schema\/logo\/image\/"},"sameAs":["https:\/\/www.facebook.com\/mystfood","https:\/\/www.instagram.com\/mystcompany\/"]}]}},"_links":{"self":[{"href":"https:\/\/store.myst.gr\/de\/wp-json\/wp\/v2\/product\/13352","targetHints":{"allow":["GET"]}}],"collection":[{"href":"https:\/\/store.myst.gr\/de\/wp-json\/wp\/v2\/product"}],"about":[{"href":"https:\/\/store.myst.gr\/de\/wp-json\/wp\/v2\/types\/product"}],"wp:featuredmedia":[{"embeddable":true,"href":"https:\/\/store.myst.gr\/de\/wp-json\/wp\/v2\/media\/13155"}],"wp:attachment":[{"href":"https:\/\/store.myst.gr\/de\/wp-json\/wp\/v2\/media?parent=13352"}],"wp:term":[{"taxonomy":"product_cat","embeddable":true,"href":"https:\/\/store.myst.gr\/de\/wp-json\/wp\/v2\/product_cat?post=13352"},{"taxonomy":"product_tag","embeddable":true,"href":"https:\/\/store.myst.gr\/de\/wp-json\/wp\/v2\/product_tag?post=13352"}],"curies":[{"name":"wp","href":"https:\/\/api.w.org\/{rel}","templated":true}]}}