{"id":13324,"date":"2025-10-31T07:03:35","date_gmt":"2025-10-31T07:03:35","guid":{"rendered":"https:\/\/store.myst.gr\/?post_type=product&#038;p=13324"},"modified":"2026-04-14T09:31:34","modified_gmt":"2026-04-14T09:31:34","slug":"ceylon-cinnamon-powder","status":"publish","type":"product","link":"https:\/\/store.myst.gr\/de\/product\/ceylon-cinnamon-powder\/","title":{"rendered":"Ceylon-Zimtpulver"},"content":{"rendered":"<p>Das Ceylon-Zimtpulver z\u00e4hlt zu den edelsten Gew\u00fcrzen der Welt und ist bekannt f\u00fcr sein zartes Aroma und seinen milden, s\u00fc\u00dflichen Geschmack. Es wird aus der inneren Rinde des Cinnamomum verum-Baumes gewonnen, schonend getrocknet und zu einem feinen, seidigen Pulver vermahlen.<\/p>\n<p>Ceylon-Zimt besticht durch seine hellbraune Farbe und sein elegantes Duftprofil, das sich deutlich von der kr\u00e4ftigeren Cassia-Variante unterscheidet.<\/p>\n<h3><b>\ud83c\udf70 <\/b><b>\ud83c\udf70 Verwendung von Ceylon-Zimtpulver<\/b><\/h3>\n<p>&nbsp;<\/p>\n<p>Das Ceylon-Zimtpulver kann vielseitig in der K\u00fcche verwendet werden.<br \/>\nBestreuen Sie Milchreis, Joghurt mit Honig, M\u00fcsli, Pfannkuchen, Smoothies oder Kaffee- und Teespezialit\u00e4ten.<br \/>\nVerwenden Sie es in Desserts, Kuchen, Apfelstrudel, Baklava, Keksen oder Granola, um einen nat\u00fcrlichen, aromatischen Geschmack zu erzeugen.<\/p>\n<p>Auch in herzhaften Gerichten wie Hackfleischso\u00dfen, Eint\u00f6pfen, Tomatensaucen, Moussaka oder Fleischb\u00e4llchen sorgt es f\u00fcr angenehme W\u00e4rme und aromatische Tiefe.<\/p>\n<p>Der Ceylon-Zimt verleiht jedem Gericht Harmonie, Eleganz und feine W\u00fcrze.<\/p>\n<p><strong>\ud83e\ude7a Hinweis:<\/strong><\/p>\n<p>Die bereitgestellten Informationen dienen nur zu Informationszwecken und stellen keine medizinische Beratung dar.<br \/>\nBei gesundheitlichen Fragen wenden Sie sich bitte an Ihren Arzt oder Ern\u00e4hrungsberater.<\/p>","protected":false},"excerpt":{"rendered":"<p class=\"p1\">Er eignet sich hervorragend f\u00fcr s\u00fc\u00dfe und herzhafte Gerichte und verleiht jeder Speise W\u00e4rme, Tiefe und nat\u00fcrliche S\u00fc\u00dfe.<\/p>\n<p class=\"p1\">Ohne Konservierungsstoffe oder Zus\u00e4tze. 100 % nat\u00fcrliches Produkt.<\/p>\n<p><strong>Ceylon zimt gemahlen : \u212e 90g<\/strong><br \/>\n<strong>Ceylon zimt stangen : \u212e 40g<\/strong><\/p>\n<p><strong>Die besten Produkte aus Griechenland direkt auf Ihren Tisch geliefert und kostenloser Versand bei Bestellungen \u00fcber 120 \u20ac innerhalb Europas.<\/strong><\/p>","protected":false},"featured_media":13171,"template":"","meta":{"_acf_changed":false,"inline_featured_image":false},"product_cat":[624,625,539,15,649],"product_tag":[323,651,613,648],"class_list":{"0":"post-13324","1":"product","2":"type-product","3":"status-publish","4":"has-post-thumbnail","6":"product_cat-pastry-confectionery","7":"product_cat-spices","8":"product_cat-mixedherbs","9":"product_cat-vall","10":"product_cat-wellness","11":"product_tag-cataloguejuly","12":"product_tag-retail","13":"product_tag-spices","14":"product_tag-wellness","16":"first","17":"instock","18":"taxable","19":"shipping-taxable","20":"purchasable","21":"product-type-variable","22":"has-default-attributes"},"acf":[],"yoast_head":"<!-- This site is optimized with the Yoast SEO plugin v27.4 - https:\/\/yoast.com\/product\/yoast-seo-wordpress\/ -->\n<title>\u039a\u03b1\u03bd\u03ad\u03bb\u03b1 \u039a\u03b5\u03cb\u03bb\u03ac\u03bd\u03b7\u03c2 \u03c3\u03b5 \u03a3\u03ba\u03cc\u03bd\u03b7<\/title>\n<meta name=\"description\" content=\"\u0397 \u039a\u03b1\u03bd\u03ad\u03bb\u03b1 \u039a\u03b5\u03cb\u03bb\u03ac\u03bd\u03b7\u03c2 \u03be\u03b5\u03c7\u03c9\u03c1\u03af\u03b6\u03b5\u03b9 \u03b3\u03b9\u03b1 \u03c4\u03bf \u03c6\u03c9\u03c4\u03b5\u03b9\u03bd\u03cc \u03ba\u03b1\u03c6\u03b5\u03c4\u03af \u03c7\u03c1\u03ce\u03bc\u03b1 \u03c4\u03b7\u03c2 \u03ba\u03b1\u03b9 \u03c4\u03bf \u03ba\u03bf\u03bc\u03c8\u03cc \u03b1\u03c1\u03c9\u03bc\u03b1\u03c4\u03b9\u03ba\u03cc \u03c4\u03b7\u03c2 \u03c0\u03c1\u03bf\u03c6\u03af\u03bb, \u03c0\u03bf\u03c5 \u03b4\u03b9\u03b1\u03c6\u03ad\u03c1\u03b5\u03b9 \u03b1\u03c0\u03cc \u03c4\u03b9\u03c2 \u03c0\u03b9\u03bf \u03ad\u03bd\u03c4\u03bf\u03bd\u03b5\u03c2 \u03c0\u03bf\u03b9\u03ba\u03b9\u03bb\u03af\u03b5\u03c2 \u03c4\u03b7\u03c2 \u039a\u03b1\u03c3\u03c3\u03af\u03b1\u03c2.\" \/>\n<meta name=\"robots\" content=\"index, follow, max-snippet:-1, max-image-preview:large, max-video-preview:-1\" \/>\n<link rel=\"canonical\" href=\"https:\/\/store.myst.gr\/de\/produkt\/ceylon-cinnamon-powder\/\" \/>\n<meta property=\"og:locale\" content=\"de_DE\" \/>\n<meta property=\"og:type\" content=\"article\" \/>\n<meta property=\"og:title\" content=\"\u039a\u03b1\u03bd\u03ad\u03bb\u03b1 \u039a\u03b5\u03cb\u03bb\u03ac\u03bd\u03b7\u03c2 \u03c3\u03b5 \u03a3\u03ba\u03cc\u03bd\u03b7\" \/>\n<meta property=\"og:description\" content=\"\u0397 \u039a\u03b1\u03bd\u03ad\u03bb\u03b1 \u039a\u03b5\u03cb\u03bb\u03ac\u03bd\u03b7\u03c2 \u03be\u03b5\u03c7\u03c9\u03c1\u03af\u03b6\u03b5\u03b9 \u03b3\u03b9\u03b1 \u03c4\u03bf \u03c6\u03c9\u03c4\u03b5\u03b9\u03bd\u03cc \u03ba\u03b1\u03c6\u03b5\u03c4\u03af \u03c7\u03c1\u03ce\u03bc\u03b1 \u03c4\u03b7\u03c2 \u03ba\u03b1\u03b9 \u03c4\u03bf \u03ba\u03bf\u03bc\u03c8\u03cc \u03b1\u03c1\u03c9\u03bc\u03b1\u03c4\u03b9\u03ba\u03cc \u03c4\u03b7\u03c2 \u03c0\u03c1\u03bf\u03c6\u03af\u03bb, \u03c0\u03bf\u03c5 \u03b4\u03b9\u03b1\u03c6\u03ad\u03c1\u03b5\u03b9 \u03b1\u03c0\u03cc \u03c4\u03b9\u03c2 \u03c0\u03b9\u03bf \u03ad\u03bd\u03c4\u03bf\u03bd\u03b5\u03c2 \u03c0\u03bf\u03b9\u03ba\u03b9\u03bb\u03af\u03b5\u03c2 \u03c4\u03b7\u03c2 \u039a\u03b1\u03c3\u03c3\u03af\u03b1\u03c2.\" \/>\n<meta property=\"og:url\" content=\"https:\/\/store.myst.gr\/de\/produkt\/ceylon-cinnamon-powder\/\" \/>\n<meta property=\"og:site_name\" content=\"MYST\" \/>\n<meta property=\"article:publisher\" content=\"https:\/\/www.facebook.com\/mystfood\" \/>\n<meta property=\"article:modified_time\" content=\"2026-04-14T09:31:34+00:00\" \/>\n<meta property=\"og:image\" content=\"https:\/\/store.myst.gr\/wp-content\/uploads\/2025\/10\/Ceyllon-ground-1.jpg\" \/>\n\t<meta property=\"og:image:width\" content=\"1000\" \/>\n\t<meta property=\"og:image:height\" content=\"1000\" \/>\n\t<meta property=\"og:image:type\" content=\"image\/jpeg\" \/>\n<meta name=\"twitter:card\" content=\"summary_large_image\" \/>\n<meta name=\"twitter:label1\" content=\"Gesch\u00e4tzte Lesezeit\" \/>\n\t<meta name=\"twitter:data1\" content=\"2\u00a0Minuten\" \/>\n<script type=\"application\/ld+json\" class=\"yoast-schema-graph\">{\"@context\":\"https:\\\/\\\/schema.org\",\"@graph\":[{\"@type\":\"WebPage\",\"@id\":\"https:\\\/\\\/store.myst.gr\\\/product\\\/ceylon-cinnamon-powder\\\/\",\"url\":\"https:\\\/\\\/store.myst.gr\\\/product\\\/ceylon-cinnamon-powder\\\/\",\"name\":\"\u039a\u03b1\u03bd\u03ad\u03bb\u03b1 \u039a\u03b5\u03cb\u03bb\u03ac\u03bd\u03b7\u03c2 \u03c3\u03b5 \u03a3\u03ba\u03cc\u03bd\u03b7\",\"isPartOf\":{\"@id\":\"https:\\\/\\\/store.myst.gr\\\/#website\"},\"primaryImageOfPage\":{\"@id\":\"https:\\\/\\\/store.myst.gr\\\/product\\\/ceylon-cinnamon-powder\\\/#primaryimage\"},\"image\":{\"@id\":\"https:\\\/\\\/store.myst.gr\\\/product\\\/ceylon-cinnamon-powder\\\/#primaryimage\"},\"thumbnailUrl\":\"https:\\\/\\\/store.myst.gr\\\/wp-content\\\/uploads\\\/2025\\\/10\\\/Ceyllon-ground-1.jpg\",\"datePublished\":\"2025-10-31T07:03:35+00:00\",\"dateModified\":\"2026-04-14T09:31:34+00:00\",\"description\":\"\u0397 \u039a\u03b1\u03bd\u03ad\u03bb\u03b1 \u039a\u03b5\u03cb\u03bb\u03ac\u03bd\u03b7\u03c2 \u03be\u03b5\u03c7\u03c9\u03c1\u03af\u03b6\u03b5\u03b9 \u03b3\u03b9\u03b1 \u03c4\u03bf \u03c6\u03c9\u03c4\u03b5\u03b9\u03bd\u03cc \u03ba\u03b1\u03c6\u03b5\u03c4\u03af \u03c7\u03c1\u03ce\u03bc\u03b1 \u03c4\u03b7\u03c2 \u03ba\u03b1\u03b9 \u03c4\u03bf \u03ba\u03bf\u03bc\u03c8\u03cc \u03b1\u03c1\u03c9\u03bc\u03b1\u03c4\u03b9\u03ba\u03cc \u03c4\u03b7\u03c2 \u03c0\u03c1\u03bf\u03c6\u03af\u03bb, \u03c0\u03bf\u03c5 \u03b4\u03b9\u03b1\u03c6\u03ad\u03c1\u03b5\u03b9 \u03b1\u03c0\u03cc \u03c4\u03b9\u03c2 \u03c0\u03b9\u03bf \u03ad\u03bd\u03c4\u03bf\u03bd\u03b5\u03c2 \u03c0\u03bf\u03b9\u03ba\u03b9\u03bb\u03af\u03b5\u03c2 \u03c4\u03b7\u03c2 \u039a\u03b1\u03c3\u03c3\u03af\u03b1\u03c2.\",\"breadcrumb\":{\"@id\":\"https:\\\/\\\/store.myst.gr\\\/product\\\/ceylon-cinnamon-powder\\\/#breadcrumb\"},\"inLanguage\":\"de\",\"potentialAction\":[{\"@type\":\"ReadAction\",\"target\":[\"https:\\\/\\\/store.myst.gr\\\/product\\\/ceylon-cinnamon-powder\\\/\"]}]},{\"@type\":\"ImageObject\",\"inLanguage\":\"de\",\"@id\":\"https:\\\/\\\/store.myst.gr\\\/product\\\/ceylon-cinnamon-powder\\\/#primaryimage\",\"url\":\"https:\\\/\\\/store.myst.gr\\\/wp-content\\\/uploads\\\/2025\\\/10\\\/Ceyllon-ground-1.jpg\",\"contentUrl\":\"https:\\\/\\\/store.myst.gr\\\/wp-content\\\/uploads\\\/2025\\\/10\\\/Ceyllon-ground-1.jpg\",\"width\":1000,\"height\":1000},{\"@type\":\"BreadcrumbList\",\"@id\":\"https:\\\/\\\/store.myst.gr\\\/product\\\/ceylon-cinnamon-powder\\\/#breadcrumb\",\"itemListElement\":[{\"@type\":\"ListItem\",\"position\":1,\"name\":\"Home\",\"item\":\"https:\\\/\\\/store.myst.gr\\\/\"},{\"@type\":\"ListItem\",\"position\":2,\"name\":\"Shop\",\"item\":\"https:\\\/\\\/store.myst.gr\\\/\"},{\"@type\":\"ListItem\",\"position\":3,\"name\":\"\u039a\u03b1\u03bd\u03ad\u03bb\u03b1 \u039a\u03b5\u03cb\u03bb\u03ac\u03bd\u03b7\u03c2 \u03c3\u03b5 \u03a3\u03ba\u03cc\u03bd\u03b7\"}]},{\"@type\":\"WebSite\",\"@id\":\"https:\\\/\\\/store.myst.gr\\\/#website\",\"url\":\"https:\\\/\\\/store.myst.gr\\\/\",\"name\":\"Myst\",\"description\":\"\u0391\u03bd\u03b1\u03ba\u03b1\u03bb\u03cd\u03c8\u03c4\u03b5 \u03c4\u03b9\u03c2 \u03b3\u03b5\u03cd\u03c3\u03b5\u03b9\u03c2 \u03c4\u03b7\u03c2 \u0395\u03bb\u03bb\u03ac\u03b4\u03b1\u03c2\",\"publisher\":{\"@id\":\"https:\\\/\\\/store.myst.gr\\\/#organization\"},\"potentialAction\":[{\"@type\":\"SearchAction\",\"target\":{\"@type\":\"EntryPoint\",\"urlTemplate\":\"https:\\\/\\\/store.myst.gr\\\/?s={search_term_string}\"},\"query-input\":{\"@type\":\"PropertyValueSpecification\",\"valueRequired\":true,\"valueName\":\"search_term_string\"}}],\"inLanguage\":\"de\"},{\"@type\":\"Organization\",\"@id\":\"https:\\\/\\\/store.myst.gr\\\/#organization\",\"name\":\"MYST\",\"url\":\"https:\\\/\\\/store.myst.gr\\\/\",\"logo\":{\"@type\":\"ImageObject\",\"inLanguage\":\"de\",\"@id\":\"https:\\\/\\\/store.myst.gr\\\/#\\\/schema\\\/logo\\\/image\\\/\",\"url\":\"https:\\\/\\\/store.myst.gr\\\/wp-content\\\/uploads\\\/2024\\\/12\\\/myst-logo-str.svg\",\"contentUrl\":\"https:\\\/\\\/store.myst.gr\\\/wp-content\\\/uploads\\\/2024\\\/12\\\/myst-logo-str.svg\",\"width\":193,\"height\":53,\"caption\":\"MYST\"},\"image\":{\"@id\":\"https:\\\/\\\/store.myst.gr\\\/#\\\/schema\\\/logo\\\/image\\\/\"},\"sameAs\":[\"https:\\\/\\\/www.facebook.com\\\/mystfood\",\"https:\\\/\\\/www.instagram.com\\\/mystcompany\\\/\"]}]}<\/script>\n<!-- \/ Yoast SEO plugin. -->","yoast_head_json":{"title":"Ceylon-Zimtpulver","description":"Ceylon-Zimt besticht durch seine hellbraune Farbe und sein elegantes Duftprofil, das sich deutlich von der kr\u00e4ftigeren Cassia-Variante unterscheidet.","robots":{"index":"index","follow":"follow","max-snippet":"max-snippet:-1","max-image-preview":"max-image-preview:large","max-video-preview":"max-video-preview:-1"},"canonical":"https:\/\/store.myst.gr\/de\/produkt\/ceylon-cinnamon-powder\/","og_locale":"de_DE","og_type":"article","og_title":"\u039a\u03b1\u03bd\u03ad\u03bb\u03b1 \u039a\u03b5\u03cb\u03bb\u03ac\u03bd\u03b7\u03c2 \u03c3\u03b5 \u03a3\u03ba\u03cc\u03bd\u03b7","og_description":"\u0397 \u039a\u03b1\u03bd\u03ad\u03bb\u03b1 \u039a\u03b5\u03cb\u03bb\u03ac\u03bd\u03b7\u03c2 \u03be\u03b5\u03c7\u03c9\u03c1\u03af\u03b6\u03b5\u03b9 \u03b3\u03b9\u03b1 \u03c4\u03bf \u03c6\u03c9\u03c4\u03b5\u03b9\u03bd\u03cc \u03ba\u03b1\u03c6\u03b5\u03c4\u03af \u03c7\u03c1\u03ce\u03bc\u03b1 \u03c4\u03b7\u03c2 \u03ba\u03b1\u03b9 \u03c4\u03bf \u03ba\u03bf\u03bc\u03c8\u03cc \u03b1\u03c1\u03c9\u03bc\u03b1\u03c4\u03b9\u03ba\u03cc \u03c4\u03b7\u03c2 \u03c0\u03c1\u03bf\u03c6\u03af\u03bb, \u03c0\u03bf\u03c5 \u03b4\u03b9\u03b1\u03c6\u03ad\u03c1\u03b5\u03b9 \u03b1\u03c0\u03cc \u03c4\u03b9\u03c2 \u03c0\u03b9\u03bf \u03ad\u03bd\u03c4\u03bf\u03bd\u03b5\u03c2 \u03c0\u03bf\u03b9\u03ba\u03b9\u03bb\u03af\u03b5\u03c2 \u03c4\u03b7\u03c2 \u039a\u03b1\u03c3\u03c3\u03af\u03b1\u03c2.","og_url":"https:\/\/store.myst.gr\/de\/produkt\/ceylon-cinnamon-powder\/","og_site_name":"MYST","article_publisher":"https:\/\/www.facebook.com\/mystfood","article_modified_time":"2026-04-14T09:31:34+00:00","og_image":[{"width":1000,"height":1000,"url":"https:\/\/store.myst.gr\/wp-content\/uploads\/2025\/10\/Ceyllon-ground-1.jpg","type":"image\/jpeg"}],"twitter_card":"summary_large_image","twitter_misc":{"Gesch\u00e4tzte Lesezeit":"2\u00a0Minuten"},"schema":{"@context":"https:\/\/schema.org","@graph":[{"@type":"WebPage","@id":"https:\/\/store.myst.gr\/product\/ceylon-cinnamon-powder\/","url":"https:\/\/store.myst.gr\/product\/ceylon-cinnamon-powder\/","name":"Ceylon-Zimtpulver","isPartOf":{"@id":"https:\/\/store.myst.gr\/#website"},"primaryImageOfPage":{"@id":"https:\/\/store.myst.gr\/product\/ceylon-cinnamon-powder\/#primaryimage"},"image":{"@id":"https:\/\/store.myst.gr\/product\/ceylon-cinnamon-powder\/#primaryimage"},"thumbnailUrl":"https:\/\/store.myst.gr\/wp-content\/uploads\/2025\/10\/Ceyllon-ground-1.jpg","datePublished":"2025-10-31T07:03:35+00:00","dateModified":"2026-04-14T09:31:34+00:00","description":"Ceylon-Zimt besticht durch seine hellbraune Farbe und sein elegantes Duftprofil, das sich deutlich von der kr\u00e4ftigeren Cassia-Variante unterscheidet.","breadcrumb":{"@id":"https:\/\/store.myst.gr\/product\/ceylon-cinnamon-powder\/#breadcrumb"},"inLanguage":"de","potentialAction":[{"@type":"ReadAction","target":["https:\/\/store.myst.gr\/product\/ceylon-cinnamon-powder\/"]}]},{"@type":"ImageObject","inLanguage":"de","@id":"https:\/\/store.myst.gr\/product\/ceylon-cinnamon-powder\/#primaryimage","url":"https:\/\/store.myst.gr\/wp-content\/uploads\/2025\/10\/Ceyllon-ground-1.jpg","contentUrl":"https:\/\/store.myst.gr\/wp-content\/uploads\/2025\/10\/Ceyllon-ground-1.jpg","width":1000,"height":1000},{"@type":"BreadcrumbList","@id":"https:\/\/store.myst.gr\/product\/ceylon-cinnamon-powder\/#breadcrumb","itemListElement":[{"@type":"ListItem","position":1,"name":"Home","item":"https:\/\/store.myst.gr\/"},{"@type":"ListItem","position":2,"name":"Shop","item":"https:\/\/store.myst.gr\/"},{"@type":"ListItem","position":3,"name":"\u039a\u03b1\u03bd\u03ad\u03bb\u03b1 \u039a\u03b5\u03cb\u03bb\u03ac\u03bd\u03b7\u03c2 \u03c3\u03b5 \u03a3\u03ba\u03cc\u03bd\u03b7"}]},{"@type":"WebSite","@id":"https:\/\/store.myst.gr\/#website","url":"https:\/\/store.myst.gr\/","name":"Myst","description":"\u0391\u03bd\u03b1\u03ba\u03b1\u03bb\u03cd\u03c8\u03c4\u03b5 \u03c4\u03b9\u03c2 \u03b3\u03b5\u03cd\u03c3\u03b5\u03b9\u03c2 \u03c4\u03b7\u03c2 \u0395\u03bb\u03bb\u03ac\u03b4\u03b1\u03c2","publisher":{"@id":"https:\/\/store.myst.gr\/#organization"},"potentialAction":[{"@type":"SearchAction","target":{"@type":"EntryPoint","urlTemplate":"https:\/\/store.myst.gr\/?s={search_term_string}"},"query-input":{"@type":"PropertyValueSpecification","valueRequired":true,"valueName":"search_term_string"}}],"inLanguage":"de"},{"@type":"Organization","@id":"https:\/\/store.myst.gr\/#organization","name":"MYST","url":"https:\/\/store.myst.gr\/","logo":{"@type":"ImageObject","inLanguage":"de","@id":"https:\/\/store.myst.gr\/#\/schema\/logo\/image\/","url":"https:\/\/store.myst.gr\/wp-content\/uploads\/2024\/12\/myst-logo-str.svg","contentUrl":"https:\/\/store.myst.gr\/wp-content\/uploads\/2024\/12\/myst-logo-str.svg","width":193,"height":53,"caption":"MYST"},"image":{"@id":"https:\/\/store.myst.gr\/#\/schema\/logo\/image\/"},"sameAs":["https:\/\/www.facebook.com\/mystfood","https:\/\/www.instagram.com\/mystcompany\/"]}]}},"_links":{"self":[{"href":"https:\/\/store.myst.gr\/de\/wp-json\/wp\/v2\/product\/13324","targetHints":{"allow":["GET"]}}],"collection":[{"href":"https:\/\/store.myst.gr\/de\/wp-json\/wp\/v2\/product"}],"about":[{"href":"https:\/\/store.myst.gr\/de\/wp-json\/wp\/v2\/types\/product"}],"wp:featuredmedia":[{"embeddable":true,"href":"https:\/\/store.myst.gr\/de\/wp-json\/wp\/v2\/media\/13171"}],"wp:attachment":[{"href":"https:\/\/store.myst.gr\/de\/wp-json\/wp\/v2\/media?parent=13324"}],"wp:term":[{"taxonomy":"product_cat","embeddable":true,"href":"https:\/\/store.myst.gr\/de\/wp-json\/wp\/v2\/product_cat?post=13324"},{"taxonomy":"product_tag","embeddable":true,"href":"https:\/\/store.myst.gr\/de\/wp-json\/wp\/v2\/product_tag?post=13324"}],"curies":[{"name":"wp","href":"https:\/\/api.w.org\/{rel}","templated":true}]}}