{"id":13139,"date":"2025-10-29T11:21:51","date_gmt":"2025-10-29T11:21:51","guid":{"rendered":"https:\/\/store.myst.gr\/?post_type=product&#038;p=13139"},"modified":"2026-03-26T21:05:00","modified_gmt":"2026-03-26T21:05:00","slug":"chilli-flakes","status":"publish","type":"product","link":"https:\/\/store.myst.gr\/de\/product\/chilli-flakes\/","title":{"rendered":"Scharfe Chiliflocken"},"content":{"rendered":"<p>Die Scharfen Chiliflocken werden aus sorgf\u00e4ltig ausgew\u00e4hlten roten Chilischoten hergestellt, die nat\u00fcrlich getrocknet und schonend zersto\u00dfen werden, um ihre volle Sch\u00e4rfe, Farbe und ihr Aroma zu bewahren.<\/p>\n<p>Sie verleihen jedem Gericht eine w\u00fcrzige Note und einen warmen, leicht rauchigen Geschmack \u2013 von Eint\u00f6pfen, Fleisch und Pasta bis hin zu Suppen, Pizzen und H\u00fclsenfr\u00fcchten.<\/p>\n<h3><b>Verwendung von Scharfen Chiliflocken<\/b><\/h3>\n<p>Die Scharfen Chiliflocken von MYST verleihen jedem Gericht Intensit\u00e4t und Charakter.\nVerwenden Sie sie in H\u00fclsenfr\u00fcchten, Gem\u00fcsegerichten, Suppen, Ofenkartoffeln, Trachanas, gegrilltem Gem\u00fcse, Pasta, Fleisch, Gefl\u00fcgel und Meeresfr\u00fcchten, um eine nat\u00fcrliche Sch\u00e4rfe und ein aromatisches Aroma zu erzielen.<\/p>\n<p>Perfekt auch f\u00fcr So\u00dfen, Pizzen, Dressings, Marinaden und Omeletts oder als Basis f\u00fcr Ihre eigenen Gew\u00fcrzmischungen. Sie k\u00f6nnen sie auch verwenden, um Oliven\u00f6l zu aromatisieren und w\u00fcrzige Dips oder Marinaden zu kreieren.<\/p>\n<p>Genie\u00dfen Sie ihre nat\u00fcrliche Sch\u00e4rfe in Ma\u00dfen und verleihen Sie Ihren Gerichten den authentischen Geschmack der mediterranen K\u00fcche.<\/p>\n<p><strong>\ud83e\ude7a Hinweis:<\/strong><\/p>\n<p>Die bereitgestellten Informationen dienen nur zu Informationszwecken und stellen keine medizinische Beratung dar.<br \/>\nBei gesundheitlichen Fragen wenden Sie sich bitte an Ihren Arzt oder Ern\u00e4hrungsberater.<\/p>","protected":false},"excerpt":{"rendered":"<p class=\"p1\">Perfekt f\u00fcr alle, die intensive mediterrane Aromen lieben!<\/p>\n<p class=\"p1\">Ohne Konservierungsstoffe oder Zus\u00e4tze. 100 % nat\u00fcrliches Produkt.<\/p>\n<p><strong>inhalt : e 60g<\/strong><\/p>\n<p><strong>Die besten Produkte aus Griechenland direkt auf Ihren Tisch geliefert und kostenloser Versand bei Bestellungen \u00fcber 120 \u20ac innerhalb Europas.<\/strong><\/p>","protected":false},"featured_media":13173,"template":"","meta":{"_acf_changed":false,"inline_featured_image":false},"product_cat":[625,539,15],"product_tag":[323,651,613],"class_list":{"0":"post-13139","1":"product","2":"type-product","3":"status-publish","4":"has-post-thumbnail","6":"product_cat-spices","7":"product_cat-mixedherbs","8":"product_cat-vall","9":"product_tag-cataloguejuly","10":"product_tag-retail","11":"product_tag-spices","13":"first","14":"instock","15":"taxable","16":"shipping-taxable","17":"purchasable","18":"product-type-simple"},"acf":[],"yoast_head":"<!-- This site is optimized with the Yoast SEO plugin v27.4 - https:\/\/yoast.com\/product\/yoast-seo-wordpress\/ -->\n<title>\u039c\u03c0\u03bf\u03cd\u03ba\u03bf\u03b2\u03bf \u039a\u03b1\u03c5\u03c4\u03b5\u03c1\u03cc (Chili Flakes)<\/title>\n<meta name=\"description\" content=\"\u03a4\u03bf \u039c\u03c0\u03bf\u03cd\u03ba\u03bf\u03b2\u03bf \u039a\u03b1\u03c5\u03c4\u03b5\u03c1\u03cc \u03c0\u03b1\u03c1\u03ac\u03b3\u03b5\u03c4\u03b1\u03b9 \u03b1\u03c0\u03cc \u03b5\u03c0\u03b9\u03bb\u03b5\u03b3\u03bc\u03ad\u03bd\u03b5\u03c2 \u03ba\u03cc\u03ba\u03ba\u03b9\u03bd\u03b5\u03c2 \u03c0\u03b9\u03c0\u03b5\u03c1\u03b9\u03ad\u03c2 \u03c0\u03bf\u03c5 \u03b1\u03c0\u03bf\u03be\u03b7\u03c1\u03b1\u03af\u03bd\u03bf\u03bd\u03c4\u03b1\u03b9 \u03c6\u03c5\u03c3\u03b9\u03ba\u03ac \u03ba\u03b1\u03b9 \u03b8\u03c1\u03c5\u03bc\u03bc\u03b1\u03c4\u03af\u03b6\u03bf\u03bd\u03c4\u03b1\u03b9 \u03c0\u03c1\u03bf\u03c3\u03b5\u03ba\u03c4\u03b9\u03ba\u03ac, \u03b4\u03b9\u03b1\u03c4\u03b7\u03c1\u03ce\u03bd\u03c4\u03b1\u03c2 \u03cc\u03bb\u03b7 \u03c4\u03b7\u03bd \u03ad\u03bd\u03c4\u03b1\u03c3\u03b7\" \/>\n<meta name=\"robots\" content=\"index, follow, max-snippet:-1, max-image-preview:large, max-video-preview:-1\" \/>\n<link rel=\"canonical\" href=\"https:\/\/store.myst.gr\/de\/produkt\/chilli-flakes\/\" \/>\n<meta property=\"og:locale\" content=\"de_DE\" \/>\n<meta property=\"og:type\" content=\"article\" \/>\n<meta property=\"og:title\" content=\"\u039c\u03c0\u03bf\u03cd\u03ba\u03bf\u03b2\u03bf \u039a\u03b1\u03c5\u03c4\u03b5\u03c1\u03cc (Chili Flakes)\" \/>\n<meta property=\"og:description\" content=\"\u03a4\u03bf \u039c\u03c0\u03bf\u03cd\u03ba\u03bf\u03b2\u03bf \u039a\u03b1\u03c5\u03c4\u03b5\u03c1\u03cc \u03c0\u03b1\u03c1\u03ac\u03b3\u03b5\u03c4\u03b1\u03b9 \u03b1\u03c0\u03cc \u03b5\u03c0\u03b9\u03bb\u03b5\u03b3\u03bc\u03ad\u03bd\u03b5\u03c2 \u03ba\u03cc\u03ba\u03ba\u03b9\u03bd\u03b5\u03c2 \u03c0\u03b9\u03c0\u03b5\u03c1\u03b9\u03ad\u03c2 \u03c0\u03bf\u03c5 \u03b1\u03c0\u03bf\u03be\u03b7\u03c1\u03b1\u03af\u03bd\u03bf\u03bd\u03c4\u03b1\u03b9 \u03c6\u03c5\u03c3\u03b9\u03ba\u03ac \u03ba\u03b1\u03b9 \u03b8\u03c1\u03c5\u03bc\u03bc\u03b1\u03c4\u03af\u03b6\u03bf\u03bd\u03c4\u03b1\u03b9 \u03c0\u03c1\u03bf\u03c3\u03b5\u03ba\u03c4\u03b9\u03ba\u03ac, \u03b4\u03b9\u03b1\u03c4\u03b7\u03c1\u03ce\u03bd\u03c4\u03b1\u03c2 \u03cc\u03bb\u03b7 \u03c4\u03b7\u03bd \u03ad\u03bd\u03c4\u03b1\u03c3\u03b7\" \/>\n<meta property=\"og:url\" content=\"https:\/\/store.myst.gr\/de\/produkt\/chilli-flakes\/\" \/>\n<meta property=\"og:site_name\" content=\"MYST\" \/>\n<meta property=\"article:publisher\" content=\"https:\/\/www.facebook.com\/mystfood\" \/>\n<meta property=\"article:modified_time\" content=\"2026-03-26T21:05:00+00:00\" \/>\n<meta property=\"og:image\" content=\"https:\/\/store.myst.gr\/wp-content\/uploads\/2025\/10\/boukovo-1.jpg\" \/>\n\t<meta property=\"og:image:width\" content=\"1000\" \/>\n\t<meta property=\"og:image:height\" content=\"1000\" \/>\n\t<meta property=\"og:image:type\" content=\"image\/jpeg\" \/>\n<meta name=\"twitter:card\" content=\"summary_large_image\" \/>\n<meta name=\"twitter:label1\" content=\"Gesch\u00e4tzte Lesezeit\" \/>\n\t<meta name=\"twitter:data1\" content=\"2\u00a0Minuten\" \/>\n<script type=\"application\/ld+json\" class=\"yoast-schema-graph\">{\"@context\":\"https:\\\/\\\/schema.org\",\"@graph\":[{\"@type\":\"WebPage\",\"@id\":\"https:\\\/\\\/store.myst.gr\\\/product\\\/chilli-flakes\\\/\",\"url\":\"https:\\\/\\\/store.myst.gr\\\/product\\\/chilli-flakes\\\/\",\"name\":\"\u039c\u03c0\u03bf\u03cd\u03ba\u03bf\u03b2\u03bf \u039a\u03b1\u03c5\u03c4\u03b5\u03c1\u03cc (Chili Flakes)\",\"isPartOf\":{\"@id\":\"https:\\\/\\\/store.myst.gr\\\/#website\"},\"primaryImageOfPage\":{\"@id\":\"https:\\\/\\\/store.myst.gr\\\/product\\\/chilli-flakes\\\/#primaryimage\"},\"image\":{\"@id\":\"https:\\\/\\\/store.myst.gr\\\/product\\\/chilli-flakes\\\/#primaryimage\"},\"thumbnailUrl\":\"https:\\\/\\\/store.myst.gr\\\/wp-content\\\/uploads\\\/2025\\\/10\\\/boukovo-1.jpg\",\"datePublished\":\"2025-10-29T11:21:51+00:00\",\"dateModified\":\"2026-03-26T21:05:00+00:00\",\"description\":\"\u03a4\u03bf \u039c\u03c0\u03bf\u03cd\u03ba\u03bf\u03b2\u03bf \u039a\u03b1\u03c5\u03c4\u03b5\u03c1\u03cc \u03c0\u03b1\u03c1\u03ac\u03b3\u03b5\u03c4\u03b1\u03b9 \u03b1\u03c0\u03cc \u03b5\u03c0\u03b9\u03bb\u03b5\u03b3\u03bc\u03ad\u03bd\u03b5\u03c2 \u03ba\u03cc\u03ba\u03ba\u03b9\u03bd\u03b5\u03c2 \u03c0\u03b9\u03c0\u03b5\u03c1\u03b9\u03ad\u03c2 \u03c0\u03bf\u03c5 \u03b1\u03c0\u03bf\u03be\u03b7\u03c1\u03b1\u03af\u03bd\u03bf\u03bd\u03c4\u03b1\u03b9 \u03c6\u03c5\u03c3\u03b9\u03ba\u03ac \u03ba\u03b1\u03b9 \u03b8\u03c1\u03c5\u03bc\u03bc\u03b1\u03c4\u03af\u03b6\u03bf\u03bd\u03c4\u03b1\u03b9 \u03c0\u03c1\u03bf\u03c3\u03b5\u03ba\u03c4\u03b9\u03ba\u03ac, \u03b4\u03b9\u03b1\u03c4\u03b7\u03c1\u03ce\u03bd\u03c4\u03b1\u03c2 \u03cc\u03bb\u03b7 \u03c4\u03b7\u03bd \u03ad\u03bd\u03c4\u03b1\u03c3\u03b7\",\"breadcrumb\":{\"@id\":\"https:\\\/\\\/store.myst.gr\\\/product\\\/chilli-flakes\\\/#breadcrumb\"},\"inLanguage\":\"de\",\"potentialAction\":[{\"@type\":\"ReadAction\",\"target\":[\"https:\\\/\\\/store.myst.gr\\\/product\\\/chilli-flakes\\\/\"]}]},{\"@type\":\"ImageObject\",\"inLanguage\":\"de\",\"@id\":\"https:\\\/\\\/store.myst.gr\\\/product\\\/chilli-flakes\\\/#primaryimage\",\"url\":\"https:\\\/\\\/store.myst.gr\\\/wp-content\\\/uploads\\\/2025\\\/10\\\/boukovo-1.jpg\",\"contentUrl\":\"https:\\\/\\\/store.myst.gr\\\/wp-content\\\/uploads\\\/2025\\\/10\\\/boukovo-1.jpg\",\"width\":1000,\"height\":1000},{\"@type\":\"BreadcrumbList\",\"@id\":\"https:\\\/\\\/store.myst.gr\\\/product\\\/chilli-flakes\\\/#breadcrumb\",\"itemListElement\":[{\"@type\":\"ListItem\",\"position\":1,\"name\":\"Home\",\"item\":\"https:\\\/\\\/store.myst.gr\\\/\"},{\"@type\":\"ListItem\",\"position\":2,\"name\":\"Shop\",\"item\":\"https:\\\/\\\/store.myst.gr\\\/\"},{\"@type\":\"ListItem\",\"position\":3,\"name\":\"\u039c\u03c0\u03bf\u03cd\u03ba\u03bf\u03b2\u03bf \u039a\u03b1\u03c5\u03c4\u03b5\u03c1\u03cc (Chili Flakes)\"}]},{\"@type\":\"WebSite\",\"@id\":\"https:\\\/\\\/store.myst.gr\\\/#website\",\"url\":\"https:\\\/\\\/store.myst.gr\\\/\",\"name\":\"Myst\",\"description\":\"\u0391\u03bd\u03b1\u03ba\u03b1\u03bb\u03cd\u03c8\u03c4\u03b5 \u03c4\u03b9\u03c2 \u03b3\u03b5\u03cd\u03c3\u03b5\u03b9\u03c2 \u03c4\u03b7\u03c2 \u0395\u03bb\u03bb\u03ac\u03b4\u03b1\u03c2\",\"publisher\":{\"@id\":\"https:\\\/\\\/store.myst.gr\\\/#organization\"},\"potentialAction\":[{\"@type\":\"SearchAction\",\"target\":{\"@type\":\"EntryPoint\",\"urlTemplate\":\"https:\\\/\\\/store.myst.gr\\\/?s={search_term_string}\"},\"query-input\":{\"@type\":\"PropertyValueSpecification\",\"valueRequired\":true,\"valueName\":\"search_term_string\"}}],\"inLanguage\":\"de\"},{\"@type\":\"Organization\",\"@id\":\"https:\\\/\\\/store.myst.gr\\\/#organization\",\"name\":\"MYST\",\"url\":\"https:\\\/\\\/store.myst.gr\\\/\",\"logo\":{\"@type\":\"ImageObject\",\"inLanguage\":\"de\",\"@id\":\"https:\\\/\\\/store.myst.gr\\\/#\\\/schema\\\/logo\\\/image\\\/\",\"url\":\"https:\\\/\\\/store.myst.gr\\\/wp-content\\\/uploads\\\/2024\\\/12\\\/myst-logo-str.svg\",\"contentUrl\":\"https:\\\/\\\/store.myst.gr\\\/wp-content\\\/uploads\\\/2024\\\/12\\\/myst-logo-str.svg\",\"width\":193,\"height\":53,\"caption\":\"MYST\"},\"image\":{\"@id\":\"https:\\\/\\\/store.myst.gr\\\/#\\\/schema\\\/logo\\\/image\\\/\"},\"sameAs\":[\"https:\\\/\\\/www.facebook.com\\\/mystfood\",\"https:\\\/\\\/www.instagram.com\\\/mystcompany\\\/\"]}]}<\/script>\n<!-- \/ Yoast SEO plugin. -->","yoast_head_json":{"title":"Scharfe Chiliflocken","description":"\u03a4\u03bf \u039c\u03c0\u03bf\u03cd\u03ba\u03bf\u03b2\u03bf \u039a\u03b1\u03c5\u03c4\u03b5\u03c1\u03cc \u03c0\u03b1\u03c1\u03ac\u03b3\u03b5\u03c4\u03b1\u03b9 \u03b1\u03c0\u03cc \u03b5\u03c0\u03b9\u03bb\u03b5\u03b3\u03bc\u03ad\u03bd\u03b5\u03c2 \u03ba\u03cc\u03ba\u03ba\u03b9\u03bd\u03b5\u03c2 \u03c0\u03b9\u03c0\u03b5\u03c1\u03b9\u03ad\u03c2 \u03c0\u03bf\u03c5 \u03b1\u03c0\u03bf\u03be\u03b7\u03c1\u03b1\u03af\u03bd\u03bf\u03bd\u03c4\u03b1\u03b9 \u03c6\u03c5\u03c3\u03b9\u03ba\u03ac \u03ba\u03b1\u03b9 \u03b8\u03c1\u03c5\u03bc\u03bc\u03b1\u03c4\u03af\u03b6\u03bf\u03bd\u03c4\u03b1\u03b9 \u03c0\u03c1\u03bf\u03c3\u03b5\u03ba\u03c4\u03b9\u03ba\u03ac, \u03b4\u03b9\u03b1\u03c4\u03b7\u03c1\u03ce\u03bd\u03c4\u03b1\u03c2 \u03cc\u03bb\u03b7 \u03c4\u03b7\u03bd \u03ad\u03bd\u03c4\u03b1\u03c3\u03b7","robots":{"index":"index","follow":"follow","max-snippet":"max-snippet:-1","max-image-preview":"max-image-preview:large","max-video-preview":"max-video-preview:-1"},"canonical":"https:\/\/store.myst.gr\/de\/produkt\/chilli-flakes\/","og_locale":"de_DE","og_type":"article","og_title":"\u039c\u03c0\u03bf\u03cd\u03ba\u03bf\u03b2\u03bf \u039a\u03b1\u03c5\u03c4\u03b5\u03c1\u03cc (Chili Flakes)","og_description":"\u03a4\u03bf \u039c\u03c0\u03bf\u03cd\u03ba\u03bf\u03b2\u03bf \u039a\u03b1\u03c5\u03c4\u03b5\u03c1\u03cc \u03c0\u03b1\u03c1\u03ac\u03b3\u03b5\u03c4\u03b1\u03b9 \u03b1\u03c0\u03cc \u03b5\u03c0\u03b9\u03bb\u03b5\u03b3\u03bc\u03ad\u03bd\u03b5\u03c2 \u03ba\u03cc\u03ba\u03ba\u03b9\u03bd\u03b5\u03c2 \u03c0\u03b9\u03c0\u03b5\u03c1\u03b9\u03ad\u03c2 \u03c0\u03bf\u03c5 \u03b1\u03c0\u03bf\u03be\u03b7\u03c1\u03b1\u03af\u03bd\u03bf\u03bd\u03c4\u03b1\u03b9 \u03c6\u03c5\u03c3\u03b9\u03ba\u03ac \u03ba\u03b1\u03b9 \u03b8\u03c1\u03c5\u03bc\u03bc\u03b1\u03c4\u03af\u03b6\u03bf\u03bd\u03c4\u03b1\u03b9 \u03c0\u03c1\u03bf\u03c3\u03b5\u03ba\u03c4\u03b9\u03ba\u03ac, \u03b4\u03b9\u03b1\u03c4\u03b7\u03c1\u03ce\u03bd\u03c4\u03b1\u03c2 \u03cc\u03bb\u03b7 \u03c4\u03b7\u03bd \u03ad\u03bd\u03c4\u03b1\u03c3\u03b7","og_url":"https:\/\/store.myst.gr\/de\/produkt\/chilli-flakes\/","og_site_name":"MYST","article_publisher":"https:\/\/www.facebook.com\/mystfood","article_modified_time":"2026-03-26T21:05:00+00:00","og_image":[{"width":1000,"height":1000,"url":"https:\/\/store.myst.gr\/wp-content\/uploads\/2025\/10\/boukovo-1.jpg","type":"image\/jpeg"}],"twitter_card":"summary_large_image","twitter_misc":{"Gesch\u00e4tzte Lesezeit":"2\u00a0Minuten"},"schema":{"@context":"https:\/\/schema.org","@graph":[{"@type":"WebPage","@id":"https:\/\/store.myst.gr\/product\/chilli-flakes\/","url":"https:\/\/store.myst.gr\/product\/chilli-flakes\/","name":"Scharfe Chiliflocken","isPartOf":{"@id":"https:\/\/store.myst.gr\/#website"},"primaryImageOfPage":{"@id":"https:\/\/store.myst.gr\/product\/chilli-flakes\/#primaryimage"},"image":{"@id":"https:\/\/store.myst.gr\/product\/chilli-flakes\/#primaryimage"},"thumbnailUrl":"https:\/\/store.myst.gr\/wp-content\/uploads\/2025\/10\/boukovo-1.jpg","datePublished":"2025-10-29T11:21:51+00:00","dateModified":"2026-03-26T21:05:00+00:00","description":"\u03a4\u03bf \u039c\u03c0\u03bf\u03cd\u03ba\u03bf\u03b2\u03bf \u039a\u03b1\u03c5\u03c4\u03b5\u03c1\u03cc \u03c0\u03b1\u03c1\u03ac\u03b3\u03b5\u03c4\u03b1\u03b9 \u03b1\u03c0\u03cc \u03b5\u03c0\u03b9\u03bb\u03b5\u03b3\u03bc\u03ad\u03bd\u03b5\u03c2 \u03ba\u03cc\u03ba\u03ba\u03b9\u03bd\u03b5\u03c2 \u03c0\u03b9\u03c0\u03b5\u03c1\u03b9\u03ad\u03c2 \u03c0\u03bf\u03c5 \u03b1\u03c0\u03bf\u03be\u03b7\u03c1\u03b1\u03af\u03bd\u03bf\u03bd\u03c4\u03b1\u03b9 \u03c6\u03c5\u03c3\u03b9\u03ba\u03ac \u03ba\u03b1\u03b9 \u03b8\u03c1\u03c5\u03bc\u03bc\u03b1\u03c4\u03af\u03b6\u03bf\u03bd\u03c4\u03b1\u03b9 \u03c0\u03c1\u03bf\u03c3\u03b5\u03ba\u03c4\u03b9\u03ba\u03ac, \u03b4\u03b9\u03b1\u03c4\u03b7\u03c1\u03ce\u03bd\u03c4\u03b1\u03c2 \u03cc\u03bb\u03b7 \u03c4\u03b7\u03bd \u03ad\u03bd\u03c4\u03b1\u03c3\u03b7","breadcrumb":{"@id":"https:\/\/store.myst.gr\/product\/chilli-flakes\/#breadcrumb"},"inLanguage":"de","potentialAction":[{"@type":"ReadAction","target":["https:\/\/store.myst.gr\/product\/chilli-flakes\/"]}]},{"@type":"ImageObject","inLanguage":"de","@id":"https:\/\/store.myst.gr\/product\/chilli-flakes\/#primaryimage","url":"https:\/\/store.myst.gr\/wp-content\/uploads\/2025\/10\/boukovo-1.jpg","contentUrl":"https:\/\/store.myst.gr\/wp-content\/uploads\/2025\/10\/boukovo-1.jpg","width":1000,"height":1000},{"@type":"BreadcrumbList","@id":"https:\/\/store.myst.gr\/product\/chilli-flakes\/#breadcrumb","itemListElement":[{"@type":"ListItem","position":1,"name":"Home","item":"https:\/\/store.myst.gr\/"},{"@type":"ListItem","position":2,"name":"Shop","item":"https:\/\/store.myst.gr\/"},{"@type":"ListItem","position":3,"name":"\u039c\u03c0\u03bf\u03cd\u03ba\u03bf\u03b2\u03bf \u039a\u03b1\u03c5\u03c4\u03b5\u03c1\u03cc (Chili Flakes)"}]},{"@type":"WebSite","@id":"https:\/\/store.myst.gr\/#website","url":"https:\/\/store.myst.gr\/","name":"Myst","description":"\u0391\u03bd\u03b1\u03ba\u03b1\u03bb\u03cd\u03c8\u03c4\u03b5 \u03c4\u03b9\u03c2 \u03b3\u03b5\u03cd\u03c3\u03b5\u03b9\u03c2 \u03c4\u03b7\u03c2 \u0395\u03bb\u03bb\u03ac\u03b4\u03b1\u03c2","publisher":{"@id":"https:\/\/store.myst.gr\/#organization"},"potentialAction":[{"@type":"SearchAction","target":{"@type":"EntryPoint","urlTemplate":"https:\/\/store.myst.gr\/?s={search_term_string}"},"query-input":{"@type":"PropertyValueSpecification","valueRequired":true,"valueName":"search_term_string"}}],"inLanguage":"de"},{"@type":"Organization","@id":"https:\/\/store.myst.gr\/#organization","name":"MYST","url":"https:\/\/store.myst.gr\/","logo":{"@type":"ImageObject","inLanguage":"de","@id":"https:\/\/store.myst.gr\/#\/schema\/logo\/image\/","url":"https:\/\/store.myst.gr\/wp-content\/uploads\/2024\/12\/myst-logo-str.svg","contentUrl":"https:\/\/store.myst.gr\/wp-content\/uploads\/2024\/12\/myst-logo-str.svg","width":193,"height":53,"caption":"MYST"},"image":{"@id":"https:\/\/store.myst.gr\/#\/schema\/logo\/image\/"},"sameAs":["https:\/\/www.facebook.com\/mystfood","https:\/\/www.instagram.com\/mystcompany\/"]}]}},"_links":{"self":[{"href":"https:\/\/store.myst.gr\/de\/wp-json\/wp\/v2\/product\/13139","targetHints":{"allow":["GET"]}}],"collection":[{"href":"https:\/\/store.myst.gr\/de\/wp-json\/wp\/v2\/product"}],"about":[{"href":"https:\/\/store.myst.gr\/de\/wp-json\/wp\/v2\/types\/product"}],"wp:featuredmedia":[{"embeddable":true,"href":"https:\/\/store.myst.gr\/de\/wp-json\/wp\/v2\/media\/13173"}],"wp:attachment":[{"href":"https:\/\/store.myst.gr\/de\/wp-json\/wp\/v2\/media?parent=13139"}],"wp:term":[{"taxonomy":"product_cat","embeddable":true,"href":"https:\/\/store.myst.gr\/de\/wp-json\/wp\/v2\/product_cat?post=13139"},{"taxonomy":"product_tag","embeddable":true,"href":"https:\/\/store.myst.gr\/de\/wp-json\/wp\/v2\/product_tag?post=13139"}],"curies":[{"name":"wp","href":"https:\/\/api.w.org\/{rel}","templated":true}]}}