{"id":13049,"date":"2025-09-22T06:15:53","date_gmt":"2025-09-22T06:15:53","guid":{"rendered":"https:\/\/store.myst.gr\/?post_type=product&#038;p=13049"},"modified":"2026-03-26T06:48:14","modified_gmt":"2026-03-26T06:48:14","slug":"offer-pizza-kit","status":"publish","type":"product","link":"https:\/\/store.myst.gr\/de\/product\/offer-pizza-kit\/","title":{"rendered":"Pizza Kit \u2013 Spezialangebot"},"content":{"rendered":"<div id=\"bodyContent\" class=\"vector-body\">\n<div id=\"mw-content-text\" class=\"mw-body-content\">\n<div class=\"mw-content-ltr mw-parser-output\" dir=\"ltr\" lang=\"el\"><span style=\"color: inherit; font-family: inherit; font-size: var(--h3-font-size); font-weight: var(--font-weight-bold); background-color: var(--body-bg-color);\">Handgemachte <\/span><span style=\"color: inherit; font-family: inherit; font-size: var(--h3-font-size); font-weight: var(--font-weight-bold); background-color: var(--body-bg-color);\">Perfektion\u00a0<\/span><\/div>\n<\/div>\n<\/div>\n<p>Tauchen Sie ein in eine kulinarische Erlebniswelt mit unseren exklusiven Kombipaketen, die Ihren Gaumen verw\u00f6hnen und f\u00fcr Ihr Geld sparen. Tauchen Sie mit unseren Angeboten in die Essenz von Luxus ein. Jedes unserer Angebote bietet ein unvergleichliches Preis-Leistungs-Verh\u00e4ltnis und sorgt gleichzeitig f\u00fcr eine unvergessliche Reise.<\/p>\n<h3><b>Paketinhalt:<\/b><\/h3>\n<ol start=\"1\">\n<li>\n<p class=\"p1\"><b>Gew\u00fcrzmischung f\u00fcr Pizzasauce (50g)<\/b><b><\/b><\/p>\n<ul>\n<li>\n<p class=\"p1\">Ideal, um der So\u00dfe Intensit\u00e4t und ausgewogenen Geschmack zu verleihen.<\/p>\n<\/li>\n<li>\n<p class=\"p1\">Enth\u00e4lt Oregano, Thymian, Basilikum, Knoblauch und andere mediterrane Kr\u00e4uter.<\/p>\n<\/li>\n<\/ul>\n<\/li>\n<li>\n<p class=\"p1\"><b>Biologisches Griechisches Getrocknetes Basilikum (30g)<\/b><b><\/b><\/p>\n<ul>\n<li>\n<p class=\"p1\">Kr\u00e4ftiges Aroma, schonend bei niedriger Temperatur getrocknet, um die Frische zu bewahren.<\/p>\n<\/li>\n<li>\n<p class=\"p1\">Geeignet f\u00fcr Tomatenso\u00dfe, als Garnitur nach dem Backen oder auch in Salaten.<\/p>\n<\/li>\n<\/ul>\n<\/li>\n<li>\n<p class=\"p1\"><b>Salz mit Basilikum &amp; Tomate (200g)<\/b><b><\/b><\/p>\n<ul>\n<li>\n<p class=\"p1\">Nat\u00fcrliches Kristallsalz, angereichert mit getrockneter Tomate und Basilikum.<\/p>\n<\/li>\n<li>\n<p class=\"p1\">Ideal zum finalen Bestreuen von Pizza, Teigen, Salaten oder sogar Pasta-Gerichten.<\/p>\n<\/li>\n<\/ul>\n<\/li>\n<\/ol>","protected":false},"excerpt":{"rendered":"<p class=\"p1\">Bereite die aromatischste und authentischste hausgemachte Pizza mit den MYST-Produkten zu \u2013 alles nat\u00fcrlich und sorgf\u00e4ltig ausgew\u00e4hlt, um den Geschmack zu veredeln!<\/p>\n<p><strong>Die besten Produkte aus Griechenland direkt auf Ihren Tisch geliefert und kostenloser Versand bei Bestellungen \u00fcber 120 \u20ac innerhalb Europas.<\/strong><\/p>","protected":false},"featured_media":13050,"template":"","meta":{"_acf_changed":false,"inline_featured_image":false},"product_cat":[536,539,15,552],"product_tag":[323,651,613],"class_list":{"0":"post-13049","1":"product","2":"type-product","3":"status-publish","4":"has-post-thumbnail","6":"product_cat-herbsandspices","7":"product_cat-mixedherbs","8":"product_cat-vall","9":"product_cat-gifts","10":"product_tag-cataloguejuly","11":"product_tag-retail","12":"product_tag-spices","14":"first","15":"instock","16":"sale","17":"taxable","18":"shipping-taxable","19":"purchasable","20":"product-type-simple"},"acf":[],"yoast_head":"<!-- This site is optimized with the Yoast SEO plugin v27.4 - https:\/\/yoast.com\/product\/yoast-seo-wordpress\/ -->\n<title>\u03a0\u03b1\u03ba\u03ad\u03c4\u03bf \u03a0\u03c1\u03bf\u03c3\u03c6\u03bf\u03c1\u03ac\u03c2 | Pizza Kit - MYST<\/title>\n<meta name=\"description\" content=\"\u03a6\u03c4\u03b9\u03ac\u03be\u03b5 \u03c4\u03b7\u03bd \u03c0\u03b9\u03bf \u03b1\u03c1\u03c9\u03bc\u03b1\u03c4\u03b9\u03ba\u03ae \u03ba\u03b1\u03b9 \u03b1\u03c5\u03b8\u03b5\u03bd\u03c4\u03b9\u03ba\u03ae \u03c3\u03c0\u03b9\u03c4\u03b9\u03ba\u03ae \u03c0\u03af\u03c4\u03c3\u03b1 \u03bc\u03b5 \u03c4\u03b1 \u03c0\u03c1\u03bf\u03ca\u03cc\u03bd\u03c4\u03b1 MYST, \u03cc\u03bb\u03b1 \u03c6\u03c5\u03c3\u03b9\u03ba\u03ac \u03ba\u03b1\u03b9 \u03b5\u03c0\u03b9\u03bb\u03b5\u03b3\u03bc\u03ad\u03bd\u03b1 \u03b3\u03b9\u03b1 \u03bd\u03b1 \u03b1\u03c0\u03bf\u03b3\u03b5\u03b9\u03ce\u03c3\u03bf\u03c5\u03bd \u03c4\u03b7 \u03b3\u03b5\u03cd\u03c3\u03b7 \u03c3\u03bf\u03c5!\" \/>\n<meta name=\"robots\" content=\"index, follow, max-snippet:-1, max-image-preview:large, max-video-preview:-1\" \/>\n<link rel=\"canonical\" href=\"https:\/\/store.myst.gr\/de\/produkt\/offer-pizza-kit\/\" \/>\n<meta property=\"og:locale\" content=\"de_DE\" \/>\n<meta property=\"og:type\" content=\"article\" \/>\n<meta property=\"og:title\" content=\"\u03a0\u03b1\u03ba\u03ad\u03c4\u03bf \u03a0\u03c1\u03bf\u03c3\u03c6\u03bf\u03c1\u03ac\u03c2 | Pizza Kit - MYST\" \/>\n<meta property=\"og:description\" content=\"\u03a6\u03c4\u03b9\u03ac\u03be\u03b5 \u03c4\u03b7\u03bd \u03c0\u03b9\u03bf \u03b1\u03c1\u03c9\u03bc\u03b1\u03c4\u03b9\u03ba\u03ae \u03ba\u03b1\u03b9 \u03b1\u03c5\u03b8\u03b5\u03bd\u03c4\u03b9\u03ba\u03ae \u03c3\u03c0\u03b9\u03c4\u03b9\u03ba\u03ae \u03c0\u03af\u03c4\u03c3\u03b1 \u03bc\u03b5 \u03c4\u03b1 \u03c0\u03c1\u03bf\u03ca\u03cc\u03bd\u03c4\u03b1 MYST, \u03cc\u03bb\u03b1 \u03c6\u03c5\u03c3\u03b9\u03ba\u03ac \u03ba\u03b1\u03b9 \u03b5\u03c0\u03b9\u03bb\u03b5\u03b3\u03bc\u03ad\u03bd\u03b1 \u03b3\u03b9\u03b1 \u03bd\u03b1 \u03b1\u03c0\u03bf\u03b3\u03b5\u03b9\u03ce\u03c3\u03bf\u03c5\u03bd \u03c4\u03b7 \u03b3\u03b5\u03cd\u03c3\u03b7 \u03c3\u03bf\u03c5!\" \/>\n<meta property=\"og:url\" content=\"https:\/\/store.myst.gr\/de\/produkt\/offer-pizza-kit\/\" \/>\n<meta property=\"og:site_name\" content=\"MYST\" \/>\n<meta property=\"article:publisher\" content=\"https:\/\/www.facebook.com\/mystfood\" \/>\n<meta property=\"article:modified_time\" content=\"2026-03-26T06:48:14+00:00\" \/>\n<meta property=\"og:image\" content=\"https:\/\/store.myst.gr\/wp-content\/uploads\/2025\/09\/pizzakit-1-1.jpg\" \/>\n\t<meta property=\"og:image:width\" content=\"1000\" \/>\n\t<meta property=\"og:image:height\" content=\"1000\" \/>\n\t<meta property=\"og:image:type\" content=\"image\/jpeg\" \/>\n<meta name=\"twitter:card\" content=\"summary_large_image\" \/>\n<meta name=\"twitter:label1\" content=\"Gesch\u00e4tzte Lesezeit\" \/>\n\t<meta name=\"twitter:data1\" content=\"1\u00a0Minute\" \/>\n<script type=\"application\/ld+json\" class=\"yoast-schema-graph\">{\"@context\":\"https:\\\/\\\/schema.org\",\"@graph\":[{\"@type\":\"WebPage\",\"@id\":\"https:\\\/\\\/store.myst.gr\\\/product\\\/offer-pizza-kit\\\/\",\"url\":\"https:\\\/\\\/store.myst.gr\\\/product\\\/offer-pizza-kit\\\/\",\"name\":\"\u03a0\u03b1\u03ba\u03ad\u03c4\u03bf \u03a0\u03c1\u03bf\u03c3\u03c6\u03bf\u03c1\u03ac\u03c2 | Pizza Kit - MYST\",\"isPartOf\":{\"@id\":\"https:\\\/\\\/store.myst.gr\\\/#website\"},\"primaryImageOfPage\":{\"@id\":\"https:\\\/\\\/store.myst.gr\\\/product\\\/offer-pizza-kit\\\/#primaryimage\"},\"image\":{\"@id\":\"https:\\\/\\\/store.myst.gr\\\/product\\\/offer-pizza-kit\\\/#primaryimage\"},\"thumbnailUrl\":\"https:\\\/\\\/store.myst.gr\\\/wp-content\\\/uploads\\\/2025\\\/09\\\/pizzakit-1-1.jpg\",\"datePublished\":\"2025-09-22T06:15:53+00:00\",\"dateModified\":\"2026-03-26T06:48:14+00:00\",\"description\":\"\u03a6\u03c4\u03b9\u03ac\u03be\u03b5 \u03c4\u03b7\u03bd \u03c0\u03b9\u03bf \u03b1\u03c1\u03c9\u03bc\u03b1\u03c4\u03b9\u03ba\u03ae \u03ba\u03b1\u03b9 \u03b1\u03c5\u03b8\u03b5\u03bd\u03c4\u03b9\u03ba\u03ae \u03c3\u03c0\u03b9\u03c4\u03b9\u03ba\u03ae \u03c0\u03af\u03c4\u03c3\u03b1 \u03bc\u03b5 \u03c4\u03b1 \u03c0\u03c1\u03bf\u03ca\u03cc\u03bd\u03c4\u03b1 MYST, \u03cc\u03bb\u03b1 \u03c6\u03c5\u03c3\u03b9\u03ba\u03ac \u03ba\u03b1\u03b9 \u03b5\u03c0\u03b9\u03bb\u03b5\u03b3\u03bc\u03ad\u03bd\u03b1 \u03b3\u03b9\u03b1 \u03bd\u03b1 \u03b1\u03c0\u03bf\u03b3\u03b5\u03b9\u03ce\u03c3\u03bf\u03c5\u03bd \u03c4\u03b7 \u03b3\u03b5\u03cd\u03c3\u03b7 \u03c3\u03bf\u03c5!\",\"breadcrumb\":{\"@id\":\"https:\\\/\\\/store.myst.gr\\\/product\\\/offer-pizza-kit\\\/#breadcrumb\"},\"inLanguage\":\"de\",\"potentialAction\":[{\"@type\":\"ReadAction\",\"target\":[\"https:\\\/\\\/store.myst.gr\\\/product\\\/offer-pizza-kit\\\/\"]}]},{\"@type\":\"ImageObject\",\"inLanguage\":\"de\",\"@id\":\"https:\\\/\\\/store.myst.gr\\\/product\\\/offer-pizza-kit\\\/#primaryimage\",\"url\":\"https:\\\/\\\/store.myst.gr\\\/wp-content\\\/uploads\\\/2025\\\/09\\\/pizzakit-1-1.jpg\",\"contentUrl\":\"https:\\\/\\\/store.myst.gr\\\/wp-content\\\/uploads\\\/2025\\\/09\\\/pizzakit-1-1.jpg\",\"width\":1000,\"height\":1000},{\"@type\":\"BreadcrumbList\",\"@id\":\"https:\\\/\\\/store.myst.gr\\\/product\\\/offer-pizza-kit\\\/#breadcrumb\",\"itemListElement\":[{\"@type\":\"ListItem\",\"position\":1,\"name\":\"Home\",\"item\":\"https:\\\/\\\/store.myst.gr\\\/\"},{\"@type\":\"ListItem\",\"position\":2,\"name\":\"Shop\",\"item\":\"https:\\\/\\\/store.myst.gr\\\/\"},{\"@type\":\"ListItem\",\"position\":3,\"name\":\"\u03a0\u03b1\u03ba\u03ad\u03c4\u03bf \u03a0\u03c1\u03bf\u03c3\u03c6\u03bf\u03c1\u03ac\u03c2 | Pizza Kit\"}]},{\"@type\":\"WebSite\",\"@id\":\"https:\\\/\\\/store.myst.gr\\\/#website\",\"url\":\"https:\\\/\\\/store.myst.gr\\\/\",\"name\":\"Myst\",\"description\":\"\u0391\u03bd\u03b1\u03ba\u03b1\u03bb\u03cd\u03c8\u03c4\u03b5 \u03c4\u03b9\u03c2 \u03b3\u03b5\u03cd\u03c3\u03b5\u03b9\u03c2 \u03c4\u03b7\u03c2 \u0395\u03bb\u03bb\u03ac\u03b4\u03b1\u03c2\",\"publisher\":{\"@id\":\"https:\\\/\\\/store.myst.gr\\\/#organization\"},\"potentialAction\":[{\"@type\":\"SearchAction\",\"target\":{\"@type\":\"EntryPoint\",\"urlTemplate\":\"https:\\\/\\\/store.myst.gr\\\/?s={search_term_string}\"},\"query-input\":{\"@type\":\"PropertyValueSpecification\",\"valueRequired\":true,\"valueName\":\"search_term_string\"}}],\"inLanguage\":\"de\"},{\"@type\":\"Organization\",\"@id\":\"https:\\\/\\\/store.myst.gr\\\/#organization\",\"name\":\"MYST\",\"url\":\"https:\\\/\\\/store.myst.gr\\\/\",\"logo\":{\"@type\":\"ImageObject\",\"inLanguage\":\"de\",\"@id\":\"https:\\\/\\\/store.myst.gr\\\/#\\\/schema\\\/logo\\\/image\\\/\",\"url\":\"https:\\\/\\\/store.myst.gr\\\/wp-content\\\/uploads\\\/2024\\\/12\\\/myst-logo-str.svg\",\"contentUrl\":\"https:\\\/\\\/store.myst.gr\\\/wp-content\\\/uploads\\\/2024\\\/12\\\/myst-logo-str.svg\",\"width\":193,\"height\":53,\"caption\":\"MYST\"},\"image\":{\"@id\":\"https:\\\/\\\/store.myst.gr\\\/#\\\/schema\\\/logo\\\/image\\\/\"},\"sameAs\":[\"https:\\\/\\\/www.facebook.com\\\/mystfood\",\"https:\\\/\\\/www.instagram.com\\\/mystcompany\\\/\"]}]}<\/script>\n<!-- \/ Yoast SEO plugin. -->","yoast_head_json":{"title":"\u03a0\u03b1\u03ba\u03ad\u03c4\u03bf \u03a0\u03c1\u03bf\u03c3\u03c6\u03bf\u03c1\u03ac\u03c2 | Pizza Kit - MYST","description":"Bereite die aromatischste und authentischste hausgemachte Pizza mit den MYST-Produkten zu \u2013 alles nat\u00fcrlich und sorgf\u00e4ltig ausgew\u00e4hlt, um den Geschmack zu veredeln!","robots":{"index":"index","follow":"follow","max-snippet":"max-snippet:-1","max-image-preview":"max-image-preview:large","max-video-preview":"max-video-preview:-1"},"canonical":"https:\/\/store.myst.gr\/de\/produkt\/offer-pizza-kit\/","og_locale":"de_DE","og_type":"article","og_title":"\u03a0\u03b1\u03ba\u03ad\u03c4\u03bf \u03a0\u03c1\u03bf\u03c3\u03c6\u03bf\u03c1\u03ac\u03c2 | Pizza Kit - MYST","og_description":"\u03a6\u03c4\u03b9\u03ac\u03be\u03b5 \u03c4\u03b7\u03bd \u03c0\u03b9\u03bf \u03b1\u03c1\u03c9\u03bc\u03b1\u03c4\u03b9\u03ba\u03ae \u03ba\u03b1\u03b9 \u03b1\u03c5\u03b8\u03b5\u03bd\u03c4\u03b9\u03ba\u03ae \u03c3\u03c0\u03b9\u03c4\u03b9\u03ba\u03ae \u03c0\u03af\u03c4\u03c3\u03b1 \u03bc\u03b5 \u03c4\u03b1 \u03c0\u03c1\u03bf\u03ca\u03cc\u03bd\u03c4\u03b1 MYST, \u03cc\u03bb\u03b1 \u03c6\u03c5\u03c3\u03b9\u03ba\u03ac \u03ba\u03b1\u03b9 \u03b5\u03c0\u03b9\u03bb\u03b5\u03b3\u03bc\u03ad\u03bd\u03b1 \u03b3\u03b9\u03b1 \u03bd\u03b1 \u03b1\u03c0\u03bf\u03b3\u03b5\u03b9\u03ce\u03c3\u03bf\u03c5\u03bd \u03c4\u03b7 \u03b3\u03b5\u03cd\u03c3\u03b7 \u03c3\u03bf\u03c5!","og_url":"https:\/\/store.myst.gr\/de\/produkt\/offer-pizza-kit\/","og_site_name":"MYST","article_publisher":"https:\/\/www.facebook.com\/mystfood","article_modified_time":"2026-03-26T06:48:14+00:00","og_image":[{"width":1000,"height":1000,"url":"https:\/\/store.myst.gr\/wp-content\/uploads\/2025\/09\/pizzakit-1-1.jpg","type":"image\/jpeg"}],"twitter_card":"summary_large_image","twitter_misc":{"Gesch\u00e4tzte Lesezeit":"1\u00a0Minute"},"schema":{"@context":"https:\/\/schema.org","@graph":[{"@type":"WebPage","@id":"https:\/\/store.myst.gr\/product\/offer-pizza-kit\/","url":"https:\/\/store.myst.gr\/product\/offer-pizza-kit\/","name":"\u03a0\u03b1\u03ba\u03ad\u03c4\u03bf \u03a0\u03c1\u03bf\u03c3\u03c6\u03bf\u03c1\u03ac\u03c2 | Pizza Kit - MYST","isPartOf":{"@id":"https:\/\/store.myst.gr\/#website"},"primaryImageOfPage":{"@id":"https:\/\/store.myst.gr\/product\/offer-pizza-kit\/#primaryimage"},"image":{"@id":"https:\/\/store.myst.gr\/product\/offer-pizza-kit\/#primaryimage"},"thumbnailUrl":"https:\/\/store.myst.gr\/wp-content\/uploads\/2025\/09\/pizzakit-1-1.jpg","datePublished":"2025-09-22T06:15:53+00:00","dateModified":"2026-03-26T06:48:14+00:00","description":"Bereite die aromatischste und authentischste hausgemachte Pizza mit den MYST-Produkten zu \u2013 alles nat\u00fcrlich und sorgf\u00e4ltig ausgew\u00e4hlt, um den Geschmack zu veredeln!","breadcrumb":{"@id":"https:\/\/store.myst.gr\/product\/offer-pizza-kit\/#breadcrumb"},"inLanguage":"de","potentialAction":[{"@type":"ReadAction","target":["https:\/\/store.myst.gr\/product\/offer-pizza-kit\/"]}]},{"@type":"ImageObject","inLanguage":"de","@id":"https:\/\/store.myst.gr\/product\/offer-pizza-kit\/#primaryimage","url":"https:\/\/store.myst.gr\/wp-content\/uploads\/2025\/09\/pizzakit-1-1.jpg","contentUrl":"https:\/\/store.myst.gr\/wp-content\/uploads\/2025\/09\/pizzakit-1-1.jpg","width":1000,"height":1000},{"@type":"BreadcrumbList","@id":"https:\/\/store.myst.gr\/product\/offer-pizza-kit\/#breadcrumb","itemListElement":[{"@type":"ListItem","position":1,"name":"Home","item":"https:\/\/store.myst.gr\/"},{"@type":"ListItem","position":2,"name":"Shop","item":"https:\/\/store.myst.gr\/"},{"@type":"ListItem","position":3,"name":"\u03a0\u03b1\u03ba\u03ad\u03c4\u03bf \u03a0\u03c1\u03bf\u03c3\u03c6\u03bf\u03c1\u03ac\u03c2 | Pizza Kit"}]},{"@type":"WebSite","@id":"https:\/\/store.myst.gr\/#website","url":"https:\/\/store.myst.gr\/","name":"Myst","description":"\u0391\u03bd\u03b1\u03ba\u03b1\u03bb\u03cd\u03c8\u03c4\u03b5 \u03c4\u03b9\u03c2 \u03b3\u03b5\u03cd\u03c3\u03b5\u03b9\u03c2 \u03c4\u03b7\u03c2 \u0395\u03bb\u03bb\u03ac\u03b4\u03b1\u03c2","publisher":{"@id":"https:\/\/store.myst.gr\/#organization"},"potentialAction":[{"@type":"SearchAction","target":{"@type":"EntryPoint","urlTemplate":"https:\/\/store.myst.gr\/?s={search_term_string}"},"query-input":{"@type":"PropertyValueSpecification","valueRequired":true,"valueName":"search_term_string"}}],"inLanguage":"de"},{"@type":"Organization","@id":"https:\/\/store.myst.gr\/#organization","name":"MYST","url":"https:\/\/store.myst.gr\/","logo":{"@type":"ImageObject","inLanguage":"de","@id":"https:\/\/store.myst.gr\/#\/schema\/logo\/image\/","url":"https:\/\/store.myst.gr\/wp-content\/uploads\/2024\/12\/myst-logo-str.svg","contentUrl":"https:\/\/store.myst.gr\/wp-content\/uploads\/2024\/12\/myst-logo-str.svg","width":193,"height":53,"caption":"MYST"},"image":{"@id":"https:\/\/store.myst.gr\/#\/schema\/logo\/image\/"},"sameAs":["https:\/\/www.facebook.com\/mystfood","https:\/\/www.instagram.com\/mystcompany\/"]}]}},"_links":{"self":[{"href":"https:\/\/store.myst.gr\/de\/wp-json\/wp\/v2\/product\/13049","targetHints":{"allow":["GET"]}}],"collection":[{"href":"https:\/\/store.myst.gr\/de\/wp-json\/wp\/v2\/product"}],"about":[{"href":"https:\/\/store.myst.gr\/de\/wp-json\/wp\/v2\/types\/product"}],"wp:featuredmedia":[{"embeddable":true,"href":"https:\/\/store.myst.gr\/de\/wp-json\/wp\/v2\/media\/13050"}],"wp:attachment":[{"href":"https:\/\/store.myst.gr\/de\/wp-json\/wp\/v2\/media?parent=13049"}],"wp:term":[{"taxonomy":"product_cat","embeddable":true,"href":"https:\/\/store.myst.gr\/de\/wp-json\/wp\/v2\/product_cat?post=13049"},{"taxonomy":"product_tag","embeddable":true,"href":"https:\/\/store.myst.gr\/de\/wp-json\/wp\/v2\/product_tag?post=13049"}],"curies":[{"name":"wp","href":"https:\/\/api.w.org\/{rel}","templated":true}]}}