{"id":12634,"date":"2025-07-10T09:00:52","date_gmt":"2025-07-10T09:00:52","guid":{"rendered":"https:\/\/store.myst.gr\/?post_type=product&#038;p=12634"},"modified":"2026-02-24T07:46:51","modified_gmt":"2026-02-24T07:46:51","slug":"olympus-salt","status":"publish","type":"product","link":"https:\/\/store.myst.gr\/de\/product\/olympus-salt\/","title":{"rendered":"Salz des Olymp"},"content":{"rendered":"<p class=\"p1\"><span class=\"s1\"><strong>Beschreibung:<\/strong>\u00a0\u00a0Ein reines, nat\u00fcrliches Steinsalz, eine ideale Erg\u00e4nzung Ihrer kulinarischen Kreationen.<\/span><\/p>\n<p class=\"p1\"><strong><span class=\"s1\">Komponenten :\u00a0<\/span><\/strong>Geerntet in den Salzg\u00e4rten von Kitrous, in Salzlake gewaschen und nat\u00fcrlich in der Sonne getrocknet.<\/p>\n<p class=\"p1\"><span class=\"s1\"><strong>Eigenschaften:<\/strong>\u00a0Ganz nat\u00fcrlich, KEINE k\u00fcnstlichen Aromen hinzugef\u00fcgt, nur nat\u00fcrliche Zutaten<\/span><\/p>\n<p class=\"p1\"><span class=\"s1\"><strong>Verwendung f\u00fcr:<\/strong>\u00a0W\u00fcrzt Fleisch, Fisch, Huhn, Pasta, Gem\u00fcse und Salate<\/span><\/p>\n<p data-start=\"243\" data-end=\"565\">Entdecken Sie die Reinheit und nat\u00fcrliche Kraft des kristallinen Meersalzes aus den Salzg\u00e4rten von Kitrous \u2013 erh\u00e4ltlich im Glas oder in der M\u00fchle f\u00fcr Frische und einfache Handhabung. Das MYST-Salz aus Kitrous stammt aus jahrhundertealten griechischen Salzfeldern, die sich auf nat\u00fcrliche Weise gebildet haben. Es wird sorgf\u00e4ltig geerntet, in Salzlake gewaschen und in der Sonne getrocknet.<\/p>\n<p data-start=\"567\" data-end=\"830\">Reich an Spurenelementen und Mineralien wie Kalzium, Magnesium, Kalium und Eisen \u2013 mit mildem, ausgewogenem Geschmack ohne \u00fcberm\u00e4\u00dfige Salzigkeit. Ideal f\u00fcr den t\u00e4glichen Gebrauch in allen Gerichten.<\/p>\n<p data-start=\"832\" data-end=\"1115\">100\u202f% nat\u00fcrlich, ohne Zusatzstoffe oder k\u00fcnstliche Aromen. Die Reinheit des Kitrous-Salzes bringt authentischen Geschmack und Eleganz auf Ihren Tisch.<\/p>\n<p data-start=\"1117\" data-end=\"1187\"><strong data-start=\"1117\" data-end=\"1187\">Kristallin, nat\u00fcrlich, griechisch. Entdecken Sie den Koch in sich.<\/strong><\/p>","protected":false},"excerpt":{"rendered":"<p>Ein reines, nat\u00fcrliches Meersalz aus den Salzg\u00e4rten von Kitrous, in Salzlake gewaschen und unter der Sonne getrocknet, um seine nat\u00fcrliche Qualit\u00e4t zu bewahren. Reich an Mineralien und Spurenelementen, bietet es einen milden, ausgewogenen Geschmack mit einer charakteristischen mineralischen Reinheit. Ideal zum W\u00fcrzen von Fleisch, Fisch, Gefl\u00fcgel, Pasta, Gem\u00fcse und Salaten.<\/p>\n<p><strong data-start=\"510\" data-end=\"552\">Keine k\u00fcnstlichen Zus\u00e4tze \u2013 nur nat\u00fcrliche Zutaten.<\/strong><\/p>\n<div class=\"page\" title=\"Page 5\">\n<div class=\"section\">\n<div class=\"layoutArea\">\n<div class=\"column\">\n<div class=\"page\" title=\"Page 6\">\n<div class=\"section\">\n<div class=\"layoutArea\">\n<div class=\"column\">\n<p data-start=\"180\" data-end=\"640\">Entdecken Sie den Koch in sich mit diesem hochwertigen Meersalz.<\/p>\n<\/div>\n<\/div>\n<\/div>\n<\/div>\n<\/div>\n<\/div>\n<\/div>\n<\/div>\n<p><strong>Inhalt : e 200g<\/strong><\/p>\n<p class=\"p1\"><strong>Die besten Produkte aus Griechenland direkt auf Ihren Tisch geliefert und kostenloser Versand bei Bestellungen \u00fcber 120 \u20ac innerhalb Europas.<\/strong><\/p>","protected":false},"featured_media":12569,"template":"","meta":{"_acf_changed":false,"inline_featured_image":false},"product_cat":[538,536,15],"product_tag":[323,651,613],"class_list":{"0":"post-12634","1":"product","2":"type-product","3":"status-publish","4":"has-post-thumbnail","6":"product_cat-seasalt","7":"product_cat-herbsandspices","8":"product_cat-vall","9":"product_tag-cataloguejuly","10":"product_tag-retail","11":"product_tag-spices","13":"first","14":"instock","15":"taxable","16":"shipping-taxable","17":"purchasable","18":"product-type-simple"},"acf":[],"yoast_head":"<!-- This site is optimized with the Yoast SEO plugin v27.4 - https:\/\/yoast.com\/product\/yoast-seo-wordpress\/ -->\n<title>\u0391\u03bb\u03ac\u03c4\u03b9 \u039f\u03bb\u03cd\u03bc\u03c0\u03bf\u03c5 - MYST<\/title>\n<meta name=\"description\" content=\"\u0391\u03b3\u03bd\u03cc, \u03c6\u03c5\u03c3\u03b9\u03ba\u03cc \u03b8\u03b1\u03bb\u03b1\u03c3\u03c3\u03b9\u03bd\u03cc \u03b1\u03bb\u03ac\u03c4\u03b9, \u03c3\u03c5\u03bb\u03bb\u03b5\u03b3\u03bc\u03ad\u03bd\u03bf \u03b1\u03c0\u03cc \u03c4\u03b9\u03c2 \u03b1\u03bb\u03c5\u03ba\u03ad\u03c2 \u03c4\u03bf\u03c5 \u039a\u03af\u03c4\u03c1\u03bf\u03c5\u03c2, \u03c0\u03bb\u03c5\u03bc\u03ad\u03bd\u03bf \u03c3\u03b5 \u03ac\u03bb\u03bc\u03b7 \u03ba\u03b1\u03b9 \u03b1\u03c0\u03bf\u03be\u03b7\u03c1\u03b1\u03bc\u03ad\u03bd\u03bf \u03c3\u03c4\u03bf\u03bd \u03ae\u03bb\u03b9\u03bf \u03b3\u03b9\u03b1 \u03bd\u03b1 \u03b4\u03b9\u03b1\u03c4\u03b7\u03c1\u03ae\u03c3\u03b5\u03b9 \u03c4\u03b7 \u03c6\u03c5\u03c3\u03b9\u03ba\u03ae \u03c4\u03bf\u03c5 \u03ba\u03b1\u03b8\u03b1\u03c1\u03cc\u03c4\u03b7\u03c4\u03b1.\" \/>\n<meta name=\"robots\" content=\"index, follow, max-snippet:-1, max-image-preview:large, max-video-preview:-1\" \/>\n<link rel=\"canonical\" href=\"https:\/\/store.myst.gr\/de\/produkt\/olympus-salt\/\" \/>\n<meta property=\"og:locale\" content=\"de_DE\" \/>\n<meta property=\"og:type\" content=\"article\" \/>\n<meta property=\"og:title\" content=\"\u0391\u03bb\u03ac\u03c4\u03b9 \u039f\u03bb\u03cd\u03bc\u03c0\u03bf\u03c5 - MYST\" \/>\n<meta property=\"og:description\" content=\"\u0391\u03b3\u03bd\u03cc, \u03c6\u03c5\u03c3\u03b9\u03ba\u03cc \u03b8\u03b1\u03bb\u03b1\u03c3\u03c3\u03b9\u03bd\u03cc \u03b1\u03bb\u03ac\u03c4\u03b9, \u03c3\u03c5\u03bb\u03bb\u03b5\u03b3\u03bc\u03ad\u03bd\u03bf \u03b1\u03c0\u03cc \u03c4\u03b9\u03c2 \u03b1\u03bb\u03c5\u03ba\u03ad\u03c2 \u03c4\u03bf\u03c5 \u039a\u03af\u03c4\u03c1\u03bf\u03c5\u03c2, \u03c0\u03bb\u03c5\u03bc\u03ad\u03bd\u03bf \u03c3\u03b5 \u03ac\u03bb\u03bc\u03b7 \u03ba\u03b1\u03b9 \u03b1\u03c0\u03bf\u03be\u03b7\u03c1\u03b1\u03bc\u03ad\u03bd\u03bf \u03c3\u03c4\u03bf\u03bd \u03ae\u03bb\u03b9\u03bf \u03b3\u03b9\u03b1 \u03bd\u03b1 \u03b4\u03b9\u03b1\u03c4\u03b7\u03c1\u03ae\u03c3\u03b5\u03b9 \u03c4\u03b7 \u03c6\u03c5\u03c3\u03b9\u03ba\u03ae \u03c4\u03bf\u03c5 \u03ba\u03b1\u03b8\u03b1\u03c1\u03cc\u03c4\u03b7\u03c4\u03b1.\" \/>\n<meta property=\"og:url\" content=\"https:\/\/store.myst.gr\/de\/produkt\/olympus-salt\/\" \/>\n<meta property=\"og:site_name\" content=\"MYST\" \/>\n<meta property=\"article:publisher\" content=\"https:\/\/www.facebook.com\/mystfood\" \/>\n<meta property=\"article:modified_time\" content=\"2026-02-24T07:46:51+00:00\" \/>\n<meta property=\"og:image\" content=\"https:\/\/store.myst.gr\/wp-content\/uploads\/2025\/05\/Olympus-sea-salt-01jpg.jpg\" \/>\n\t<meta property=\"og:image:width\" content=\"1000\" \/>\n\t<meta property=\"og:image:height\" content=\"1000\" \/>\n\t<meta property=\"og:image:type\" content=\"image\/jpeg\" \/>\n<meta name=\"twitter:card\" content=\"summary_large_image\" \/>\n<meta name=\"twitter:label1\" content=\"Gesch\u00e4tzte Lesezeit\" \/>\n\t<meta name=\"twitter:data1\" content=\"2\u00a0Minuten\" \/>\n<script type=\"application\/ld+json\" class=\"yoast-schema-graph\">{\"@context\":\"https:\\\/\\\/schema.org\",\"@graph\":[{\"@type\":\"WebPage\",\"@id\":\"https:\\\/\\\/store.myst.gr\\\/product\\\/olympus-salt\\\/\",\"url\":\"https:\\\/\\\/store.myst.gr\\\/product\\\/olympus-salt\\\/\",\"name\":\"\u0391\u03bb\u03ac\u03c4\u03b9 \u039f\u03bb\u03cd\u03bc\u03c0\u03bf\u03c5 - MYST\",\"isPartOf\":{\"@id\":\"https:\\\/\\\/store.myst.gr\\\/#website\"},\"primaryImageOfPage\":{\"@id\":\"https:\\\/\\\/store.myst.gr\\\/product\\\/olympus-salt\\\/#primaryimage\"},\"image\":{\"@id\":\"https:\\\/\\\/store.myst.gr\\\/product\\\/olympus-salt\\\/#primaryimage\"},\"thumbnailUrl\":\"https:\\\/\\\/store.myst.gr\\\/wp-content\\\/uploads\\\/2025\\\/05\\\/Olympus-sea-salt-01jpg.jpg\",\"datePublished\":\"2025-07-10T09:00:52+00:00\",\"dateModified\":\"2026-02-24T07:46:51+00:00\",\"description\":\"\u0391\u03b3\u03bd\u03cc, \u03c6\u03c5\u03c3\u03b9\u03ba\u03cc \u03b8\u03b1\u03bb\u03b1\u03c3\u03c3\u03b9\u03bd\u03cc \u03b1\u03bb\u03ac\u03c4\u03b9, \u03c3\u03c5\u03bb\u03bb\u03b5\u03b3\u03bc\u03ad\u03bd\u03bf \u03b1\u03c0\u03cc \u03c4\u03b9\u03c2 \u03b1\u03bb\u03c5\u03ba\u03ad\u03c2 \u03c4\u03bf\u03c5 \u039a\u03af\u03c4\u03c1\u03bf\u03c5\u03c2, \u03c0\u03bb\u03c5\u03bc\u03ad\u03bd\u03bf \u03c3\u03b5 \u03ac\u03bb\u03bc\u03b7 \u03ba\u03b1\u03b9 \u03b1\u03c0\u03bf\u03be\u03b7\u03c1\u03b1\u03bc\u03ad\u03bd\u03bf \u03c3\u03c4\u03bf\u03bd \u03ae\u03bb\u03b9\u03bf \u03b3\u03b9\u03b1 \u03bd\u03b1 \u03b4\u03b9\u03b1\u03c4\u03b7\u03c1\u03ae\u03c3\u03b5\u03b9 \u03c4\u03b7 \u03c6\u03c5\u03c3\u03b9\u03ba\u03ae \u03c4\u03bf\u03c5 \u03ba\u03b1\u03b8\u03b1\u03c1\u03cc\u03c4\u03b7\u03c4\u03b1.\",\"breadcrumb\":{\"@id\":\"https:\\\/\\\/store.myst.gr\\\/product\\\/olympus-salt\\\/#breadcrumb\"},\"inLanguage\":\"de\",\"potentialAction\":[{\"@type\":\"ReadAction\",\"target\":[\"https:\\\/\\\/store.myst.gr\\\/product\\\/olympus-salt\\\/\"]}]},{\"@type\":\"ImageObject\",\"inLanguage\":\"de\",\"@id\":\"https:\\\/\\\/store.myst.gr\\\/product\\\/olympus-salt\\\/#primaryimage\",\"url\":\"https:\\\/\\\/store.myst.gr\\\/wp-content\\\/uploads\\\/2025\\\/05\\\/Olympus-sea-salt-01jpg.jpg\",\"contentUrl\":\"https:\\\/\\\/store.myst.gr\\\/wp-content\\\/uploads\\\/2025\\\/05\\\/Olympus-sea-salt-01jpg.jpg\",\"width\":1000,\"height\":1000},{\"@type\":\"BreadcrumbList\",\"@id\":\"https:\\\/\\\/store.myst.gr\\\/product\\\/olympus-salt\\\/#breadcrumb\",\"itemListElement\":[{\"@type\":\"ListItem\",\"position\":1,\"name\":\"Home\",\"item\":\"https:\\\/\\\/store.myst.gr\\\/\"},{\"@type\":\"ListItem\",\"position\":2,\"name\":\"Shop\",\"item\":\"https:\\\/\\\/store.myst.gr\\\/\"},{\"@type\":\"ListItem\",\"position\":3,\"name\":\"\u0391\u03bb\u03ac\u03c4\u03b9 \u039f\u03bb\u03cd\u03bc\u03c0\u03bf\u03c5\"}]},{\"@type\":\"WebSite\",\"@id\":\"https:\\\/\\\/store.myst.gr\\\/#website\",\"url\":\"https:\\\/\\\/store.myst.gr\\\/\",\"name\":\"Myst\",\"description\":\"\u0391\u03bd\u03b1\u03ba\u03b1\u03bb\u03cd\u03c8\u03c4\u03b5 \u03c4\u03b9\u03c2 \u03b3\u03b5\u03cd\u03c3\u03b5\u03b9\u03c2 \u03c4\u03b7\u03c2 \u0395\u03bb\u03bb\u03ac\u03b4\u03b1\u03c2\",\"publisher\":{\"@id\":\"https:\\\/\\\/store.myst.gr\\\/#organization\"},\"potentialAction\":[{\"@type\":\"SearchAction\",\"target\":{\"@type\":\"EntryPoint\",\"urlTemplate\":\"https:\\\/\\\/store.myst.gr\\\/?s={search_term_string}\"},\"query-input\":{\"@type\":\"PropertyValueSpecification\",\"valueRequired\":true,\"valueName\":\"search_term_string\"}}],\"inLanguage\":\"de\"},{\"@type\":\"Organization\",\"@id\":\"https:\\\/\\\/store.myst.gr\\\/#organization\",\"name\":\"MYST\",\"url\":\"https:\\\/\\\/store.myst.gr\\\/\",\"logo\":{\"@type\":\"ImageObject\",\"inLanguage\":\"de\",\"@id\":\"https:\\\/\\\/store.myst.gr\\\/#\\\/schema\\\/logo\\\/image\\\/\",\"url\":\"https:\\\/\\\/store.myst.gr\\\/wp-content\\\/uploads\\\/2024\\\/12\\\/myst-logo-str.svg\",\"contentUrl\":\"https:\\\/\\\/store.myst.gr\\\/wp-content\\\/uploads\\\/2024\\\/12\\\/myst-logo-str.svg\",\"width\":193,\"height\":53,\"caption\":\"MYST\"},\"image\":{\"@id\":\"https:\\\/\\\/store.myst.gr\\\/#\\\/schema\\\/logo\\\/image\\\/\"},\"sameAs\":[\"https:\\\/\\\/www.facebook.com\\\/mystfood\",\"https:\\\/\\\/www.instagram.com\\\/mystcompany\\\/\"]}]}<\/script>\n<!-- \/ Yoast SEO plugin. -->","yoast_head_json":{"title":"\u0391\u03bb\u03ac\u03c4\u03b9 \u039f\u03bb\u03cd\u03bc\u03c0\u03bf\u03c5 - MYST","description":"\u0391\u03b3\u03bd\u03cc, \u03c6\u03c5\u03c3\u03b9\u03ba\u03cc \u03b8\u03b1\u03bb\u03b1\u03c3\u03c3\u03b9\u03bd\u03cc \u03b1\u03bb\u03ac\u03c4\u03b9, \u03c3\u03c5\u03bb\u03bb\u03b5\u03b3\u03bc\u03ad\u03bd\u03bf \u03b1\u03c0\u03cc \u03c4\u03b9\u03c2 \u03b1\u03bb\u03c5\u03ba\u03ad\u03c2 \u03c4\u03bf\u03c5 \u039a\u03af\u03c4\u03c1\u03bf\u03c5\u03c2, \u03c0\u03bb\u03c5\u03bc\u03ad\u03bd\u03bf \u03c3\u03b5 \u03ac\u03bb\u03bc\u03b7 \u03ba\u03b1\u03b9 \u03b1\u03c0\u03bf\u03be\u03b7\u03c1\u03b1\u03bc\u03ad\u03bd\u03bf \u03c3\u03c4\u03bf\u03bd \u03ae\u03bb\u03b9\u03bf \u03b3\u03b9\u03b1 \u03bd\u03b1 \u03b4\u03b9\u03b1\u03c4\u03b7\u03c1\u03ae\u03c3\u03b5\u03b9 \u03c4\u03b7 \u03c6\u03c5\u03c3\u03b9\u03ba\u03ae \u03c4\u03bf\u03c5 \u03ba\u03b1\u03b8\u03b1\u03c1\u03cc\u03c4\u03b7\u03c4\u03b1.","robots":{"index":"index","follow":"follow","max-snippet":"max-snippet:-1","max-image-preview":"max-image-preview:large","max-video-preview":"max-video-preview:-1"},"canonical":"https:\/\/store.myst.gr\/de\/produkt\/olympus-salt\/","og_locale":"de_DE","og_type":"article","og_title":"\u0391\u03bb\u03ac\u03c4\u03b9 \u039f\u03bb\u03cd\u03bc\u03c0\u03bf\u03c5 - MYST","og_description":"\u0391\u03b3\u03bd\u03cc, \u03c6\u03c5\u03c3\u03b9\u03ba\u03cc \u03b8\u03b1\u03bb\u03b1\u03c3\u03c3\u03b9\u03bd\u03cc \u03b1\u03bb\u03ac\u03c4\u03b9, \u03c3\u03c5\u03bb\u03bb\u03b5\u03b3\u03bc\u03ad\u03bd\u03bf \u03b1\u03c0\u03cc \u03c4\u03b9\u03c2 \u03b1\u03bb\u03c5\u03ba\u03ad\u03c2 \u03c4\u03bf\u03c5 \u039a\u03af\u03c4\u03c1\u03bf\u03c5\u03c2, \u03c0\u03bb\u03c5\u03bc\u03ad\u03bd\u03bf \u03c3\u03b5 \u03ac\u03bb\u03bc\u03b7 \u03ba\u03b1\u03b9 \u03b1\u03c0\u03bf\u03be\u03b7\u03c1\u03b1\u03bc\u03ad\u03bd\u03bf \u03c3\u03c4\u03bf\u03bd \u03ae\u03bb\u03b9\u03bf \u03b3\u03b9\u03b1 \u03bd\u03b1 \u03b4\u03b9\u03b1\u03c4\u03b7\u03c1\u03ae\u03c3\u03b5\u03b9 \u03c4\u03b7 \u03c6\u03c5\u03c3\u03b9\u03ba\u03ae \u03c4\u03bf\u03c5 \u03ba\u03b1\u03b8\u03b1\u03c1\u03cc\u03c4\u03b7\u03c4\u03b1.","og_url":"https:\/\/store.myst.gr\/de\/produkt\/olympus-salt\/","og_site_name":"MYST","article_publisher":"https:\/\/www.facebook.com\/mystfood","article_modified_time":"2026-02-24T07:46:51+00:00","og_image":[{"width":1000,"height":1000,"url":"https:\/\/store.myst.gr\/wp-content\/uploads\/2025\/05\/Olympus-sea-salt-01jpg.jpg","type":"image\/jpeg"}],"twitter_card":"summary_large_image","twitter_misc":{"Gesch\u00e4tzte Lesezeit":"2\u00a0Minuten"},"schema":{"@context":"https:\/\/schema.org","@graph":[{"@type":"WebPage","@id":"https:\/\/store.myst.gr\/product\/olympus-salt\/","url":"https:\/\/store.myst.gr\/product\/olympus-salt\/","name":"\u0391\u03bb\u03ac\u03c4\u03b9 \u039f\u03bb\u03cd\u03bc\u03c0\u03bf\u03c5 - MYST","isPartOf":{"@id":"https:\/\/store.myst.gr\/#website"},"primaryImageOfPage":{"@id":"https:\/\/store.myst.gr\/product\/olympus-salt\/#primaryimage"},"image":{"@id":"https:\/\/store.myst.gr\/product\/olympus-salt\/#primaryimage"},"thumbnailUrl":"https:\/\/store.myst.gr\/wp-content\/uploads\/2025\/05\/Olympus-sea-salt-01jpg.jpg","datePublished":"2025-07-10T09:00:52+00:00","dateModified":"2026-02-24T07:46:51+00:00","description":"\u0391\u03b3\u03bd\u03cc, \u03c6\u03c5\u03c3\u03b9\u03ba\u03cc \u03b8\u03b1\u03bb\u03b1\u03c3\u03c3\u03b9\u03bd\u03cc \u03b1\u03bb\u03ac\u03c4\u03b9, \u03c3\u03c5\u03bb\u03bb\u03b5\u03b3\u03bc\u03ad\u03bd\u03bf \u03b1\u03c0\u03cc \u03c4\u03b9\u03c2 \u03b1\u03bb\u03c5\u03ba\u03ad\u03c2 \u03c4\u03bf\u03c5 \u039a\u03af\u03c4\u03c1\u03bf\u03c5\u03c2, \u03c0\u03bb\u03c5\u03bc\u03ad\u03bd\u03bf \u03c3\u03b5 \u03ac\u03bb\u03bc\u03b7 \u03ba\u03b1\u03b9 \u03b1\u03c0\u03bf\u03be\u03b7\u03c1\u03b1\u03bc\u03ad\u03bd\u03bf \u03c3\u03c4\u03bf\u03bd \u03ae\u03bb\u03b9\u03bf \u03b3\u03b9\u03b1 \u03bd\u03b1 \u03b4\u03b9\u03b1\u03c4\u03b7\u03c1\u03ae\u03c3\u03b5\u03b9 \u03c4\u03b7 \u03c6\u03c5\u03c3\u03b9\u03ba\u03ae \u03c4\u03bf\u03c5 \u03ba\u03b1\u03b8\u03b1\u03c1\u03cc\u03c4\u03b7\u03c4\u03b1.","breadcrumb":{"@id":"https:\/\/store.myst.gr\/product\/olympus-salt\/#breadcrumb"},"inLanguage":"de","potentialAction":[{"@type":"ReadAction","target":["https:\/\/store.myst.gr\/product\/olympus-salt\/"]}]},{"@type":"ImageObject","inLanguage":"de","@id":"https:\/\/store.myst.gr\/product\/olympus-salt\/#primaryimage","url":"https:\/\/store.myst.gr\/wp-content\/uploads\/2025\/05\/Olympus-sea-salt-01jpg.jpg","contentUrl":"https:\/\/store.myst.gr\/wp-content\/uploads\/2025\/05\/Olympus-sea-salt-01jpg.jpg","width":1000,"height":1000},{"@type":"BreadcrumbList","@id":"https:\/\/store.myst.gr\/product\/olympus-salt\/#breadcrumb","itemListElement":[{"@type":"ListItem","position":1,"name":"Home","item":"https:\/\/store.myst.gr\/"},{"@type":"ListItem","position":2,"name":"Shop","item":"https:\/\/store.myst.gr\/"},{"@type":"ListItem","position":3,"name":"\u0391\u03bb\u03ac\u03c4\u03b9 \u039f\u03bb\u03cd\u03bc\u03c0\u03bf\u03c5"}]},{"@type":"WebSite","@id":"https:\/\/store.myst.gr\/#website","url":"https:\/\/store.myst.gr\/","name":"Myst","description":"\u0391\u03bd\u03b1\u03ba\u03b1\u03bb\u03cd\u03c8\u03c4\u03b5 \u03c4\u03b9\u03c2 \u03b3\u03b5\u03cd\u03c3\u03b5\u03b9\u03c2 \u03c4\u03b7\u03c2 \u0395\u03bb\u03bb\u03ac\u03b4\u03b1\u03c2","publisher":{"@id":"https:\/\/store.myst.gr\/#organization"},"potentialAction":[{"@type":"SearchAction","target":{"@type":"EntryPoint","urlTemplate":"https:\/\/store.myst.gr\/?s={search_term_string}"},"query-input":{"@type":"PropertyValueSpecification","valueRequired":true,"valueName":"search_term_string"}}],"inLanguage":"de"},{"@type":"Organization","@id":"https:\/\/store.myst.gr\/#organization","name":"MYST","url":"https:\/\/store.myst.gr\/","logo":{"@type":"ImageObject","inLanguage":"de","@id":"https:\/\/store.myst.gr\/#\/schema\/logo\/image\/","url":"https:\/\/store.myst.gr\/wp-content\/uploads\/2024\/12\/myst-logo-str.svg","contentUrl":"https:\/\/store.myst.gr\/wp-content\/uploads\/2024\/12\/myst-logo-str.svg","width":193,"height":53,"caption":"MYST"},"image":{"@id":"https:\/\/store.myst.gr\/#\/schema\/logo\/image\/"},"sameAs":["https:\/\/www.facebook.com\/mystfood","https:\/\/www.instagram.com\/mystcompany\/"]}]}},"_links":{"self":[{"href":"https:\/\/store.myst.gr\/de\/wp-json\/wp\/v2\/product\/12634","targetHints":{"allow":["GET"]}}],"collection":[{"href":"https:\/\/store.myst.gr\/de\/wp-json\/wp\/v2\/product"}],"about":[{"href":"https:\/\/store.myst.gr\/de\/wp-json\/wp\/v2\/types\/product"}],"wp:featuredmedia":[{"embeddable":true,"href":"https:\/\/store.myst.gr\/de\/wp-json\/wp\/v2\/media\/12569"}],"wp:attachment":[{"href":"https:\/\/store.myst.gr\/de\/wp-json\/wp\/v2\/media?parent=12634"}],"wp:term":[{"taxonomy":"product_cat","embeddable":true,"href":"https:\/\/store.myst.gr\/de\/wp-json\/wp\/v2\/product_cat?post=12634"},{"taxonomy":"product_tag","embeddable":true,"href":"https:\/\/store.myst.gr\/de\/wp-json\/wp\/v2\/product_tag?post=12634"}],"curies":[{"name":"wp","href":"https:\/\/api.w.org\/{rel}","templated":true}]}}