{"id":12355,"date":"2025-05-23T09:18:05","date_gmt":"2025-05-23T09:18:05","guid":{"rendered":"https:\/\/store.myst.gr\/?post_type=product&#038;p=12355"},"modified":"2026-02-24T07:47:13","modified_gmt":"2026-02-24T07:47:13","slug":"seasaltblend-aegean-grinder","status":"publish","type":"product","link":"https:\/\/store.myst.gr\/de\/product\/seasaltblend-aegean-grinder\/","title":{"rendered":"Meersalzmischung \u00c4g\u00e4is"},"content":{"rendered":"<p class=\"p1\"><span class=\"s1\"><strong>Beschreibung:<\/strong>\u00a0\u00a0Ein reines, nat\u00fcrliches Steinsalz, eine ideale Erg\u00e4nzung Ihrer kulinarischen Kreationen.<\/span><\/p>\n<p class=\"p1\"><strong><span class=\"s1\">Zutaten :\u00a0<\/span><\/strong><span class=\"s1\">Reines Meersalz vom Fu\u00dfe des Olymp mit getrockneter Paprika, getrockneten Tomaten, Oregano und getrockneten Zwiebel.<\/span><\/p>\n<p class=\"p1\"><span class=\"s1\"><strong>Eigenschaften:<\/strong>\u00a0Ganz nat\u00fcrlich, KEINE k\u00fcnstlichen Aromen hinzugef\u00fcgt, nur nat\u00fcrliche Zutaten<\/span><\/p>\n<p class=\"p1\"><span class=\"s1\"><strong>Verwendung f\u00fcr:<\/strong>\u00a0W\u00fcrzt Fleisch, Fisch, Huhn, Pasta, Gem\u00fcse und Salate<\/span><\/p>\n<p data-start=\"248\" data-end=\"557\">Entdecken Sie den Geschmack des Mittelmeers mit dieser aromatischen und nat\u00fcrlichen Gew\u00fcrzmischung von MYST. Unser neues Salz kombiniert reines Meersalz vom Fu\u00df des Olymps mit getrockneter Paprika, Tomate, Oregano und Zwiebel \u2013 allesamt 100 % nat\u00fcrlich.<\/p>\n<p data-start=\"559\" data-end=\"865\">Ohne k\u00fcnstliche Zusatzstoffe oder Aromen entfaltet dieses Salz eine ausgewogene, mediterrane W\u00fcrze. Die Tomate bringt eine milde S\u00fc\u00dfe, Paprika sorgt f\u00fcr Geschmackstiefe, Oregano verleiht Kr\u00e4uterfrische, und die Zwiebel rundet das Ganze harmonisch ab.<\/p>\n<p data-start=\"867\" data-end=\"1033\">Perfekt geeignet f\u00fcr Fleisch, Fisch, Gefl\u00fcgel, Pasta, Gem\u00fcse und Salate. Auch ideal zum Verfeinern von Saucen oder als Finishing-Salz.<\/p>\n<p data-start=\"1035\" data-end=\"1167\">Vegan, glutenfrei und umweltfreundlich verpackt.<\/p>\n<p data-start=\"1169\" data-end=\"1285\"><strong data-start=\"1169\" data-end=\"1285\">Reines Meersalz mit mediterranen Zutaten \u2013 ein St\u00fcck Mittelmeer auf Ihrem Teller.<\/strong><\/p>","protected":false},"excerpt":{"rendered":"<p>Reines Meersalz vom Fu\u00dfe des Berges Olymp mit Paprika, Tomate, Oregano und Zwiebel, bringt das Mittelmeer in jedes Gericht.<\/p>\n<p><span class=\"s1\">Entdecken Sie mit diesen perfekt ausgewogenen Meersalzen den Koch in sich.<\/span><\/p>\n<p><strong>Kapazit\u00e4t : e 100g<\/strong><\/p>\n<p class=\"p1\"><strong>Die besten Produkte aus Griechenland direkt auf Ihren Tisch geliefert und kostenloser Versand bei Bestellungen \u00fcber 120 \u20ac innerhalb Europas.<\/strong><\/p>","protected":false},"featured_media":12565,"template":"","meta":{"_acf_changed":false,"inline_featured_image":false},"product_cat":[538,536,614,15],"product_tag":[323,651,613],"class_list":{"0":"post-12355","1":"product","2":"type-product","3":"status-publish","4":"has-post-thumbnail","6":"product_cat-seasalt","7":"product_cat-herbsandspices","8":"product_cat-grinders","9":"product_cat-vall","10":"product_tag-cataloguejuly","11":"product_tag-retail","12":"product_tag-spices","14":"first","15":"instock","16":"taxable","17":"shipping-taxable","18":"purchasable","19":"product-type-simple"},"acf":[],"yoast_head":"<!-- This site is optimized with the Yoast SEO plugin v27.4 - https:\/\/yoast.com\/product\/yoast-seo-wordpress\/ -->\n<title>\u0398\u03b1\u03bb\u03b1\u03c3\u03c3\u03b9\u03bd\u03cc \u039c\u03b5\u03af\u03b3\u03bc\u03b1 \u0391\u03bb\u03b1\u03c4\u03b9\u03bf\u03cd Aegean - MYST<\/title>\n<meta name=\"description\" content=\"\u0391\u03b3\u03bd\u03cc \u03b8\u03b1\u03bb\u03b1\u03c3\u03c3\u03b9\u03bd\u03cc \u03b1\u03bb\u03ac\u03c4\u03b9 \u03b1\u03c0\u03cc \u03c4\u03bf\u03c5\u03c2 \u03c0\u03c1\u03cc\u03c0\u03bf\u03b4\u03b5\u03c2 \u03c4\u03bf\u03c5 \u039f\u03bb\u03cd\u03bc\u03c0\u03bf\u03c5 \u03bc\u03b5 \u03c0\u03b9\u03c0\u03b5\u03c1\u03b9\u03ac, \u03bd\u03c4\u03bf\u03bc\u03ac\u03c4\u03b1, \u03c1\u03af\u03b3\u03b1\u03bd\u03b7 \u03ba\u03b1\u03b9 \u03ba\u03c1\u03b5\u03bc\u03bc\u03cd\u03b4\u03b9 \u03c6\u03ad\u03c1\u03bd\u03b5\u03b9 \u03c4\u03b7\u03bd \u03bc\u03b5\u03c3\u03cc\u03b3\u03b5\u03b9\u03b1\u03ba\u03b7 \u03b3\u03b5\u03cd\u03c3\u03b7 \u03c3\u03b5 \u03ba\u03ac\u03b8\u03b5 \u03c3\u03b1\u03c2 \u03c0\u03b9\u03ac\u03c4\u03bf.\" \/>\n<meta name=\"robots\" content=\"index, follow, max-snippet:-1, max-image-preview:large, max-video-preview:-1\" \/>\n<link rel=\"canonical\" href=\"https:\/\/store.myst.gr\/de\/produkt\/seasaltblend-aegean-grinder\/\" \/>\n<meta property=\"og:locale\" content=\"de_DE\" \/>\n<meta property=\"og:type\" content=\"article\" \/>\n<meta property=\"og:title\" content=\"\u0398\u03b1\u03bb\u03b1\u03c3\u03c3\u03b9\u03bd\u03cc \u039c\u03b5\u03af\u03b3\u03bc\u03b1 \u0391\u03bb\u03b1\u03c4\u03b9\u03bf\u03cd Aegean - MYST\" \/>\n<meta property=\"og:description\" content=\"\u0391\u03b3\u03bd\u03cc \u03b8\u03b1\u03bb\u03b1\u03c3\u03c3\u03b9\u03bd\u03cc \u03b1\u03bb\u03ac\u03c4\u03b9 \u03b1\u03c0\u03cc \u03c4\u03bf\u03c5\u03c2 \u03c0\u03c1\u03cc\u03c0\u03bf\u03b4\u03b5\u03c2 \u03c4\u03bf\u03c5 \u039f\u03bb\u03cd\u03bc\u03c0\u03bf\u03c5 \u03bc\u03b5 \u03c0\u03b9\u03c0\u03b5\u03c1\u03b9\u03ac, \u03bd\u03c4\u03bf\u03bc\u03ac\u03c4\u03b1, \u03c1\u03af\u03b3\u03b1\u03bd\u03b7 \u03ba\u03b1\u03b9 \u03ba\u03c1\u03b5\u03bc\u03bc\u03cd\u03b4\u03b9 \u03c6\u03ad\u03c1\u03bd\u03b5\u03b9 \u03c4\u03b7\u03bd \u03bc\u03b5\u03c3\u03cc\u03b3\u03b5\u03b9\u03b1\u03ba\u03b7 \u03b3\u03b5\u03cd\u03c3\u03b7 \u03c3\u03b5 \u03ba\u03ac\u03b8\u03b5 \u03c3\u03b1\u03c2 \u03c0\u03b9\u03ac\u03c4\u03bf.\" \/>\n<meta property=\"og:url\" content=\"https:\/\/store.myst.gr\/de\/produkt\/seasaltblend-aegean-grinder\/\" \/>\n<meta property=\"og:site_name\" content=\"MYST\" \/>\n<meta property=\"article:publisher\" content=\"https:\/\/www.facebook.com\/mystfood\" \/>\n<meta property=\"article:modified_time\" content=\"2026-02-24T07:47:13+00:00\" \/>\n<meta property=\"og:image\" content=\"https:\/\/store.myst.gr\/wp-content\/uploads\/2025\/05\/Sea-Salt-Blend-Aegean-grinder1-1.jpg\" \/>\n\t<meta property=\"og:image:width\" content=\"1000\" \/>\n\t<meta property=\"og:image:height\" content=\"1000\" \/>\n\t<meta property=\"og:image:type\" content=\"image\/jpeg\" \/>\n<meta name=\"twitter:card\" content=\"summary_large_image\" \/>\n<meta name=\"twitter:label1\" content=\"Gesch\u00e4tzte Lesezeit\" \/>\n\t<meta name=\"twitter:data1\" content=\"2\u00a0Minuten\" \/>\n<script type=\"application\/ld+json\" class=\"yoast-schema-graph\">{\"@context\":\"https:\\\/\\\/schema.org\",\"@graph\":[{\"@type\":\"WebPage\",\"@id\":\"https:\\\/\\\/store.myst.gr\\\/product\\\/seasaltblend-aegean-grinder\\\/\",\"url\":\"https:\\\/\\\/store.myst.gr\\\/product\\\/seasaltblend-aegean-grinder\\\/\",\"name\":\"\u0398\u03b1\u03bb\u03b1\u03c3\u03c3\u03b9\u03bd\u03cc \u039c\u03b5\u03af\u03b3\u03bc\u03b1 \u0391\u03bb\u03b1\u03c4\u03b9\u03bf\u03cd Aegean - MYST\",\"isPartOf\":{\"@id\":\"https:\\\/\\\/store.myst.gr\\\/#website\"},\"primaryImageOfPage\":{\"@id\":\"https:\\\/\\\/store.myst.gr\\\/product\\\/seasaltblend-aegean-grinder\\\/#primaryimage\"},\"image\":{\"@id\":\"https:\\\/\\\/store.myst.gr\\\/product\\\/seasaltblend-aegean-grinder\\\/#primaryimage\"},\"thumbnailUrl\":\"https:\\\/\\\/store.myst.gr\\\/wp-content\\\/uploads\\\/2025\\\/05\\\/Sea-Salt-Blend-Aegean-grinder1-1.jpg\",\"datePublished\":\"2025-05-23T09:18:05+00:00\",\"dateModified\":\"2026-02-24T07:47:13+00:00\",\"description\":\"\u0391\u03b3\u03bd\u03cc \u03b8\u03b1\u03bb\u03b1\u03c3\u03c3\u03b9\u03bd\u03cc \u03b1\u03bb\u03ac\u03c4\u03b9 \u03b1\u03c0\u03cc \u03c4\u03bf\u03c5\u03c2 \u03c0\u03c1\u03cc\u03c0\u03bf\u03b4\u03b5\u03c2 \u03c4\u03bf\u03c5 \u039f\u03bb\u03cd\u03bc\u03c0\u03bf\u03c5 \u03bc\u03b5 \u03c0\u03b9\u03c0\u03b5\u03c1\u03b9\u03ac, \u03bd\u03c4\u03bf\u03bc\u03ac\u03c4\u03b1, \u03c1\u03af\u03b3\u03b1\u03bd\u03b7 \u03ba\u03b1\u03b9 \u03ba\u03c1\u03b5\u03bc\u03bc\u03cd\u03b4\u03b9 \u03c6\u03ad\u03c1\u03bd\u03b5\u03b9 \u03c4\u03b7\u03bd \u03bc\u03b5\u03c3\u03cc\u03b3\u03b5\u03b9\u03b1\u03ba\u03b7 \u03b3\u03b5\u03cd\u03c3\u03b7 \u03c3\u03b5 \u03ba\u03ac\u03b8\u03b5 \u03c3\u03b1\u03c2 \u03c0\u03b9\u03ac\u03c4\u03bf.\",\"breadcrumb\":{\"@id\":\"https:\\\/\\\/store.myst.gr\\\/product\\\/seasaltblend-aegean-grinder\\\/#breadcrumb\"},\"inLanguage\":\"de\",\"potentialAction\":[{\"@type\":\"ReadAction\",\"target\":[\"https:\\\/\\\/store.myst.gr\\\/product\\\/seasaltblend-aegean-grinder\\\/\"]}]},{\"@type\":\"ImageObject\",\"inLanguage\":\"de\",\"@id\":\"https:\\\/\\\/store.myst.gr\\\/product\\\/seasaltblend-aegean-grinder\\\/#primaryimage\",\"url\":\"https:\\\/\\\/store.myst.gr\\\/wp-content\\\/uploads\\\/2025\\\/05\\\/Sea-Salt-Blend-Aegean-grinder1-1.jpg\",\"contentUrl\":\"https:\\\/\\\/store.myst.gr\\\/wp-content\\\/uploads\\\/2025\\\/05\\\/Sea-Salt-Blend-Aegean-grinder1-1.jpg\",\"width\":1000,\"height\":1000},{\"@type\":\"BreadcrumbList\",\"@id\":\"https:\\\/\\\/store.myst.gr\\\/product\\\/seasaltblend-aegean-grinder\\\/#breadcrumb\",\"itemListElement\":[{\"@type\":\"ListItem\",\"position\":1,\"name\":\"Home\",\"item\":\"https:\\\/\\\/store.myst.gr\\\/\"},{\"@type\":\"ListItem\",\"position\":2,\"name\":\"Shop\",\"item\":\"https:\\\/\\\/store.myst.gr\\\/\"},{\"@type\":\"ListItem\",\"position\":3,\"name\":\"\u0398\u03b1\u03bb\u03b1\u03c3\u03c3\u03b9\u03bd\u03cc \u039c\u03b5\u03af\u03b3\u03bc\u03b1 \u0391\u03bb\u03b1\u03c4\u03b9\u03bf\u03cd Aegean\"}]},{\"@type\":\"WebSite\",\"@id\":\"https:\\\/\\\/store.myst.gr\\\/#website\",\"url\":\"https:\\\/\\\/store.myst.gr\\\/\",\"name\":\"Myst\",\"description\":\"\u0391\u03bd\u03b1\u03ba\u03b1\u03bb\u03cd\u03c8\u03c4\u03b5 \u03c4\u03b9\u03c2 \u03b3\u03b5\u03cd\u03c3\u03b5\u03b9\u03c2 \u03c4\u03b7\u03c2 \u0395\u03bb\u03bb\u03ac\u03b4\u03b1\u03c2\",\"publisher\":{\"@id\":\"https:\\\/\\\/store.myst.gr\\\/#organization\"},\"potentialAction\":[{\"@type\":\"SearchAction\",\"target\":{\"@type\":\"EntryPoint\",\"urlTemplate\":\"https:\\\/\\\/store.myst.gr\\\/?s={search_term_string}\"},\"query-input\":{\"@type\":\"PropertyValueSpecification\",\"valueRequired\":true,\"valueName\":\"search_term_string\"}}],\"inLanguage\":\"de\"},{\"@type\":\"Organization\",\"@id\":\"https:\\\/\\\/store.myst.gr\\\/#organization\",\"name\":\"MYST\",\"url\":\"https:\\\/\\\/store.myst.gr\\\/\",\"logo\":{\"@type\":\"ImageObject\",\"inLanguage\":\"de\",\"@id\":\"https:\\\/\\\/store.myst.gr\\\/#\\\/schema\\\/logo\\\/image\\\/\",\"url\":\"https:\\\/\\\/store.myst.gr\\\/wp-content\\\/uploads\\\/2024\\\/12\\\/myst-logo-str.svg\",\"contentUrl\":\"https:\\\/\\\/store.myst.gr\\\/wp-content\\\/uploads\\\/2024\\\/12\\\/myst-logo-str.svg\",\"width\":193,\"height\":53,\"caption\":\"MYST\"},\"image\":{\"@id\":\"https:\\\/\\\/store.myst.gr\\\/#\\\/schema\\\/logo\\\/image\\\/\"},\"sameAs\":[\"https:\\\/\\\/www.facebook.com\\\/mystfood\",\"https:\\\/\\\/www.instagram.com\\\/mystcompany\\\/\"]}]}<\/script>\n<!-- \/ Yoast SEO plugin. -->","yoast_head_json":{"title":"\u0398\u03b1\u03bb\u03b1\u03c3\u03c3\u03b9\u03bd\u03cc \u039c\u03b5\u03af\u03b3\u03bc\u03b1 \u0391\u03bb\u03b1\u03c4\u03b9\u03bf\u03cd Aegean - MYST","description":"Reines Meersalz vom Fu\u00dfe des Berges Olymp mit Paprika, Tomate, Oregano und Zwiebel, bringt das Mittelmeer in jedes Gericht.","robots":{"index":"index","follow":"follow","max-snippet":"max-snippet:-1","max-image-preview":"max-image-preview:large","max-video-preview":"max-video-preview:-1"},"canonical":"https:\/\/store.myst.gr\/de\/produkt\/seasaltblend-aegean-grinder\/","og_locale":"de_DE","og_type":"article","og_title":"\u0398\u03b1\u03bb\u03b1\u03c3\u03c3\u03b9\u03bd\u03cc \u039c\u03b5\u03af\u03b3\u03bc\u03b1 \u0391\u03bb\u03b1\u03c4\u03b9\u03bf\u03cd Aegean - MYST","og_description":"\u0391\u03b3\u03bd\u03cc \u03b8\u03b1\u03bb\u03b1\u03c3\u03c3\u03b9\u03bd\u03cc \u03b1\u03bb\u03ac\u03c4\u03b9 \u03b1\u03c0\u03cc \u03c4\u03bf\u03c5\u03c2 \u03c0\u03c1\u03cc\u03c0\u03bf\u03b4\u03b5\u03c2 \u03c4\u03bf\u03c5 \u039f\u03bb\u03cd\u03bc\u03c0\u03bf\u03c5 \u03bc\u03b5 \u03c0\u03b9\u03c0\u03b5\u03c1\u03b9\u03ac, \u03bd\u03c4\u03bf\u03bc\u03ac\u03c4\u03b1, \u03c1\u03af\u03b3\u03b1\u03bd\u03b7 \u03ba\u03b1\u03b9 \u03ba\u03c1\u03b5\u03bc\u03bc\u03cd\u03b4\u03b9 \u03c6\u03ad\u03c1\u03bd\u03b5\u03b9 \u03c4\u03b7\u03bd \u03bc\u03b5\u03c3\u03cc\u03b3\u03b5\u03b9\u03b1\u03ba\u03b7 \u03b3\u03b5\u03cd\u03c3\u03b7 \u03c3\u03b5 \u03ba\u03ac\u03b8\u03b5 \u03c3\u03b1\u03c2 \u03c0\u03b9\u03ac\u03c4\u03bf.","og_url":"https:\/\/store.myst.gr\/de\/produkt\/seasaltblend-aegean-grinder\/","og_site_name":"MYST","article_publisher":"https:\/\/www.facebook.com\/mystfood","article_modified_time":"2026-02-24T07:47:13+00:00","og_image":[{"width":1000,"height":1000,"url":"https:\/\/store.myst.gr\/wp-content\/uploads\/2025\/05\/Sea-Salt-Blend-Aegean-grinder1-1.jpg","type":"image\/jpeg"}],"twitter_card":"summary_large_image","twitter_misc":{"Gesch\u00e4tzte Lesezeit":"2\u00a0Minuten"},"schema":{"@context":"https:\/\/schema.org","@graph":[{"@type":"WebPage","@id":"https:\/\/store.myst.gr\/product\/seasaltblend-aegean-grinder\/","url":"https:\/\/store.myst.gr\/product\/seasaltblend-aegean-grinder\/","name":"\u0398\u03b1\u03bb\u03b1\u03c3\u03c3\u03b9\u03bd\u03cc \u039c\u03b5\u03af\u03b3\u03bc\u03b1 \u0391\u03bb\u03b1\u03c4\u03b9\u03bf\u03cd Aegean - MYST","isPartOf":{"@id":"https:\/\/store.myst.gr\/#website"},"primaryImageOfPage":{"@id":"https:\/\/store.myst.gr\/product\/seasaltblend-aegean-grinder\/#primaryimage"},"image":{"@id":"https:\/\/store.myst.gr\/product\/seasaltblend-aegean-grinder\/#primaryimage"},"thumbnailUrl":"https:\/\/store.myst.gr\/wp-content\/uploads\/2025\/05\/Sea-Salt-Blend-Aegean-grinder1-1.jpg","datePublished":"2025-05-23T09:18:05+00:00","dateModified":"2026-02-24T07:47:13+00:00","description":"Reines Meersalz vom Fu\u00dfe des Berges Olymp mit Paprika, Tomate, Oregano und Zwiebel, bringt das Mittelmeer in jedes Gericht.","breadcrumb":{"@id":"https:\/\/store.myst.gr\/product\/seasaltblend-aegean-grinder\/#breadcrumb"},"inLanguage":"de","potentialAction":[{"@type":"ReadAction","target":["https:\/\/store.myst.gr\/product\/seasaltblend-aegean-grinder\/"]}]},{"@type":"ImageObject","inLanguage":"de","@id":"https:\/\/store.myst.gr\/product\/seasaltblend-aegean-grinder\/#primaryimage","url":"https:\/\/store.myst.gr\/wp-content\/uploads\/2025\/05\/Sea-Salt-Blend-Aegean-grinder1-1.jpg","contentUrl":"https:\/\/store.myst.gr\/wp-content\/uploads\/2025\/05\/Sea-Salt-Blend-Aegean-grinder1-1.jpg","width":1000,"height":1000},{"@type":"BreadcrumbList","@id":"https:\/\/store.myst.gr\/product\/seasaltblend-aegean-grinder\/#breadcrumb","itemListElement":[{"@type":"ListItem","position":1,"name":"Home","item":"https:\/\/store.myst.gr\/"},{"@type":"ListItem","position":2,"name":"Shop","item":"https:\/\/store.myst.gr\/"},{"@type":"ListItem","position":3,"name":"\u0398\u03b1\u03bb\u03b1\u03c3\u03c3\u03b9\u03bd\u03cc \u039c\u03b5\u03af\u03b3\u03bc\u03b1 \u0391\u03bb\u03b1\u03c4\u03b9\u03bf\u03cd Aegean"}]},{"@type":"WebSite","@id":"https:\/\/store.myst.gr\/#website","url":"https:\/\/store.myst.gr\/","name":"Myst","description":"\u0391\u03bd\u03b1\u03ba\u03b1\u03bb\u03cd\u03c8\u03c4\u03b5 \u03c4\u03b9\u03c2 \u03b3\u03b5\u03cd\u03c3\u03b5\u03b9\u03c2 \u03c4\u03b7\u03c2 \u0395\u03bb\u03bb\u03ac\u03b4\u03b1\u03c2","publisher":{"@id":"https:\/\/store.myst.gr\/#organization"},"potentialAction":[{"@type":"SearchAction","target":{"@type":"EntryPoint","urlTemplate":"https:\/\/store.myst.gr\/?s={search_term_string}"},"query-input":{"@type":"PropertyValueSpecification","valueRequired":true,"valueName":"search_term_string"}}],"inLanguage":"de"},{"@type":"Organization","@id":"https:\/\/store.myst.gr\/#organization","name":"MYST","url":"https:\/\/store.myst.gr\/","logo":{"@type":"ImageObject","inLanguage":"de","@id":"https:\/\/store.myst.gr\/#\/schema\/logo\/image\/","url":"https:\/\/store.myst.gr\/wp-content\/uploads\/2024\/12\/myst-logo-str.svg","contentUrl":"https:\/\/store.myst.gr\/wp-content\/uploads\/2024\/12\/myst-logo-str.svg","width":193,"height":53,"caption":"MYST"},"image":{"@id":"https:\/\/store.myst.gr\/#\/schema\/logo\/image\/"},"sameAs":["https:\/\/www.facebook.com\/mystfood","https:\/\/www.instagram.com\/mystcompany\/"]}]}},"_links":{"self":[{"href":"https:\/\/store.myst.gr\/de\/wp-json\/wp\/v2\/product\/12355","targetHints":{"allow":["GET"]}}],"collection":[{"href":"https:\/\/store.myst.gr\/de\/wp-json\/wp\/v2\/product"}],"about":[{"href":"https:\/\/store.myst.gr\/de\/wp-json\/wp\/v2\/types\/product"}],"wp:featuredmedia":[{"embeddable":true,"href":"https:\/\/store.myst.gr\/de\/wp-json\/wp\/v2\/media\/12565"}],"wp:attachment":[{"href":"https:\/\/store.myst.gr\/de\/wp-json\/wp\/v2\/media?parent=12355"}],"wp:term":[{"taxonomy":"product_cat","embeddable":true,"href":"https:\/\/store.myst.gr\/de\/wp-json\/wp\/v2\/product_cat?post=12355"},{"taxonomy":"product_tag","embeddable":true,"href":"https:\/\/store.myst.gr\/de\/wp-json\/wp\/v2\/product_tag?post=12355"}],"curies":[{"name":"wp","href":"https:\/\/api.w.org\/{rel}","templated":true}]}}