{"id":12350,"date":"2025-05-23T09:08:43","date_gmt":"2025-05-23T09:08:43","guid":{"rendered":"https:\/\/store.myst.gr\/?post_type=product&#038;p=12350"},"modified":"2026-02-24T07:47:13","modified_gmt":"2026-02-24T07:47:13","slug":"pink-himalayan-grinder","status":"publish","type":"product","link":"https:\/\/store.myst.gr\/de\/product\/pink-himalayan-grinder\/","title":{"rendered":"Himalaya-Rosa Salz"},"content":{"rendered":"<p class=\"p1\"><span class=\"s1\"><strong>Beschreibung:<\/strong>\u00a0\u00a0Ein reines, nat\u00fcrliches Steinsalz, eine ideale Erg\u00e4nzung Ihrer kulinarischen Kreationen.<\/span><\/p>\n<p class=\"p1\"><strong><span class=\"s1\">Zutaten : <\/span><\/strong>In den Himalaya-Bergen geerntet, in Sole gewaschen und nat\u00fcrlich in der Sonne getrocknet.<\/p>\n<p class=\"p1\"><span class=\"s1\"><strong>Eigenschaften:<\/strong>\u00a0Ganz nat\u00fcrlich, KEINE k\u00fcnstlichen Aromen hinzugef\u00fcgt, nur nat\u00fcrliche Zutaten<\/span><\/p>\n<p class=\"p1\"><span class=\"s1\"><strong>Verwendung f\u00fcr:<\/strong>\u00a0W\u00fcrzt Fleisch, Fisch, Huhn, Pasta, Gem\u00fcse und Salate<\/span><\/p>\n<p data-start=\"243\" data-end=\"565\">Entdecken Sie die nat\u00fcrliche Reinheit und den mineralstoffreichen Geschmack des MYST Himalaya-Rosasalzes \u2013 erh\u00e4ltlich im stilvollen Glas oder im M\u00fchlenglas. Dieses au\u00dfergew\u00f6hnliche Salz stammt aus uralten Salzablagerungen im Himalaya, wird von Hand geerntet, in Sole gewaschen und unter der Sonne getrocknet.<\/p>\n<p data-start=\"567\" data-end=\"830\">Es ist reich an Mineralstoffen wie Kalzium, Magnesium, Kalium und Eisen. Der Geschmack ist mild und ausgewogen \u2013 nicht zu salzig \u2013 und eignet sich hervorragend f\u00fcr den t\u00e4glichen Gebrauch.<\/p>\n<p data-start=\"832\" data-end=\"1115\">Ohne k\u00fcnstliche Zus\u00e4tze oder Aromen \u2013 100 % naturbelassen. Ideal f\u00fcr Fleisch, Fisch, Gefl\u00fcgel, Gem\u00fcse, Salate, Pasta oder raffinierte Gerichte.<\/p>\n<p data-start=\"1117\" data-end=\"1187\"><strong data-start=\"1117\" data-end=\"1187\">Kristallklar, rosa, rein \u2013 entdecken Sie den Koch in sich.<\/strong><\/p>","protected":false},"excerpt":{"rendered":"<p>Rosa Kristallsalz von h\u00f6chster Qualit\u00e4t, nat\u00fcrlich reich an Spurenelementen und Mineralstoffen. Es bietet einen milden, ausgewogenen Geschmack und eine charakteristische mineralische Reinheit. Ideal f\u00fcr den t\u00e4glichen Gebrauch in der K\u00fcche oder auf dem Tisch. Erh\u00e4ltlich im Glas oder in der M\u00fchle.<\/p>\n<p><span class=\"s1\">Entdecken Sie mit diesen perfekt ausgewogenen Meersalzen den Koch in sich.<\/span><\/p>\n<p><strong>Kapazit\u00e4t : e 100g<\/strong><\/p>\n<p class=\"p1\"><strong>Die besten Produkte aus Griechenland direkt auf Ihren Tisch geliefert und kostenloser Versand bei Bestellungen \u00fcber 120 \u20ac innerhalb Europas.<\/strong><\/p>","protected":false},"featured_media":12575,"template":"","meta":{"_acf_changed":false,"inline_featured_image":false},"product_cat":[538,536,614,15],"product_tag":[323,651,613],"class_list":{"0":"post-12350","1":"product","2":"type-product","3":"status-publish","4":"has-post-thumbnail","6":"product_cat-seasalt","7":"product_cat-herbsandspices","8":"product_cat-grinders","9":"product_cat-vall","10":"product_tag-cataloguejuly","11":"product_tag-retail","12":"product_tag-spices","14":"first","15":"instock","16":"taxable","17":"shipping-taxable","18":"purchasable","19":"product-type-simple"},"acf":[],"yoast_head":"<!-- This site is optimized with the Yoast SEO plugin v27.4 - https:\/\/yoast.com\/product\/yoast-seo-wordpress\/ -->\n<title>\u03a1\u03bf\u03b6 \u0391\u03bb\u03ac\u03c4\u03b9 \u0399\u03bc\u03b1\u03bb\u03b1\u0390\u03c9\u03bd - MYST<\/title>\n<meta name=\"description\" content=\"\u03a3\u03c5\u03bb\u03bb\u03ad\u03b3\u03b5\u03c4\u03b1\u03b9 \u03c3\u03c4\u03b1 \u0399\u03bc\u03b1\u03bb\u03ac\u03b9\u03b1, \u03c0\u03bb\u03ad\u03bd\u03b5\u03c4\u03b1\u03b9 \u03c3\u03b5 \u03ac\u03bb\u03bc\u03b7 \u03ba\u03b1\u03b9 \u03c3\u03c4\u03b5\u03b3\u03bd\u03ce\u03bd\u03b5\u03b9 \u03c6\u03c5\u03c3\u03b9\u03ba\u03ac \u03c3\u03c4\u03bf\u03bd \u03ae\u03bb\u03b9\u03bf.\u03a4\u03bf \u03c7\u03b1\u03c1\u03b1\u03ba\u03c4\u03b7\u03c1\u03b9\u03c3\u03c4\u03b9\u03ba\u03cc \u03c1\u03bf\u03b6 \u03c7\u03c1\u03ce\u03bc\u03b1 \u03c4\u03bf\u03c5 \u03bf\u03c6\u03b5\u03af\u03bb\u03b5\u03c4\u03b1\u03b9 \u03c3\u03c4\u03bf \u03c3\u03af\u03b4\u03b7\u03c1\u03bf \u03c4\u03c9\u03bd \u03c0\u03b5\u03c4\u03c1\u03c9\u03bc\u03ac\u03c4\u03c9\u03bd.\" \/>\n<meta name=\"robots\" content=\"index, follow, max-snippet:-1, max-image-preview:large, max-video-preview:-1\" \/>\n<link rel=\"canonical\" href=\"https:\/\/store.myst.gr\/de\/produkt\/pink-himalayan-grinder\/\" \/>\n<meta property=\"og:locale\" content=\"de_DE\" \/>\n<meta property=\"og:type\" content=\"article\" \/>\n<meta property=\"og:title\" content=\"\u03a1\u03bf\u03b6 \u0391\u03bb\u03ac\u03c4\u03b9 \u0399\u03bc\u03b1\u03bb\u03b1\u0390\u03c9\u03bd - MYST\" \/>\n<meta property=\"og:description\" content=\"\u03a3\u03c5\u03bb\u03bb\u03ad\u03b3\u03b5\u03c4\u03b1\u03b9 \u03c3\u03c4\u03b1 \u0399\u03bc\u03b1\u03bb\u03ac\u03b9\u03b1, \u03c0\u03bb\u03ad\u03bd\u03b5\u03c4\u03b1\u03b9 \u03c3\u03b5 \u03ac\u03bb\u03bc\u03b7 \u03ba\u03b1\u03b9 \u03c3\u03c4\u03b5\u03b3\u03bd\u03ce\u03bd\u03b5\u03b9 \u03c6\u03c5\u03c3\u03b9\u03ba\u03ac \u03c3\u03c4\u03bf\u03bd \u03ae\u03bb\u03b9\u03bf.\u03a4\u03bf \u03c7\u03b1\u03c1\u03b1\u03ba\u03c4\u03b7\u03c1\u03b9\u03c3\u03c4\u03b9\u03ba\u03cc \u03c1\u03bf\u03b6 \u03c7\u03c1\u03ce\u03bc\u03b1 \u03c4\u03bf\u03c5 \u03bf\u03c6\u03b5\u03af\u03bb\u03b5\u03c4\u03b1\u03b9 \u03c3\u03c4\u03bf \u03c3\u03af\u03b4\u03b7\u03c1\u03bf \u03c4\u03c9\u03bd \u03c0\u03b5\u03c4\u03c1\u03c9\u03bc\u03ac\u03c4\u03c9\u03bd.\" \/>\n<meta property=\"og:url\" content=\"https:\/\/store.myst.gr\/de\/produkt\/pink-himalayan-grinder\/\" \/>\n<meta property=\"og:site_name\" content=\"MYST\" \/>\n<meta property=\"article:publisher\" content=\"https:\/\/www.facebook.com\/mystfood\" \/>\n<meta property=\"article:modified_time\" content=\"2026-02-24T07:47:13+00:00\" \/>\n<meta property=\"og:image\" content=\"https:\/\/store.myst.gr\/wp-content\/uploads\/2025\/05\/Himalayan-sea-salt-grinder-01.jpg\" \/>\n\t<meta property=\"og:image:width\" content=\"1000\" \/>\n\t<meta property=\"og:image:height\" content=\"1000\" \/>\n\t<meta property=\"og:image:type\" content=\"image\/jpeg\" \/>\n<meta name=\"twitter:card\" content=\"summary_large_image\" \/>\n<meta name=\"twitter:label1\" content=\"Gesch\u00e4tzte Lesezeit\" \/>\n\t<meta name=\"twitter:data1\" content=\"2\u00a0Minuten\" \/>\n<script type=\"application\/ld+json\" class=\"yoast-schema-graph\">{\"@context\":\"https:\\\/\\\/schema.org\",\"@graph\":[{\"@type\":\"WebPage\",\"@id\":\"https:\\\/\\\/store.myst.gr\\\/product\\\/pink-himalayan-grinder\\\/\",\"url\":\"https:\\\/\\\/store.myst.gr\\\/product\\\/pink-himalayan-grinder\\\/\",\"name\":\"\u03a1\u03bf\u03b6 \u0391\u03bb\u03ac\u03c4\u03b9 \u0399\u03bc\u03b1\u03bb\u03b1\u0390\u03c9\u03bd - MYST\",\"isPartOf\":{\"@id\":\"https:\\\/\\\/store.myst.gr\\\/#website\"},\"primaryImageOfPage\":{\"@id\":\"https:\\\/\\\/store.myst.gr\\\/product\\\/pink-himalayan-grinder\\\/#primaryimage\"},\"image\":{\"@id\":\"https:\\\/\\\/store.myst.gr\\\/product\\\/pink-himalayan-grinder\\\/#primaryimage\"},\"thumbnailUrl\":\"https:\\\/\\\/store.myst.gr\\\/wp-content\\\/uploads\\\/2025\\\/05\\\/Himalayan-sea-salt-grinder-01.jpg\",\"datePublished\":\"2025-05-23T09:08:43+00:00\",\"dateModified\":\"2026-02-24T07:47:13+00:00\",\"description\":\"\u03a3\u03c5\u03bb\u03bb\u03ad\u03b3\u03b5\u03c4\u03b1\u03b9 \u03c3\u03c4\u03b1 \u0399\u03bc\u03b1\u03bb\u03ac\u03b9\u03b1, \u03c0\u03bb\u03ad\u03bd\u03b5\u03c4\u03b1\u03b9 \u03c3\u03b5 \u03ac\u03bb\u03bc\u03b7 \u03ba\u03b1\u03b9 \u03c3\u03c4\u03b5\u03b3\u03bd\u03ce\u03bd\u03b5\u03b9 \u03c6\u03c5\u03c3\u03b9\u03ba\u03ac \u03c3\u03c4\u03bf\u03bd \u03ae\u03bb\u03b9\u03bf.\u03a4\u03bf \u03c7\u03b1\u03c1\u03b1\u03ba\u03c4\u03b7\u03c1\u03b9\u03c3\u03c4\u03b9\u03ba\u03cc \u03c1\u03bf\u03b6 \u03c7\u03c1\u03ce\u03bc\u03b1 \u03c4\u03bf\u03c5 \u03bf\u03c6\u03b5\u03af\u03bb\u03b5\u03c4\u03b1\u03b9 \u03c3\u03c4\u03bf \u03c3\u03af\u03b4\u03b7\u03c1\u03bf \u03c4\u03c9\u03bd \u03c0\u03b5\u03c4\u03c1\u03c9\u03bc\u03ac\u03c4\u03c9\u03bd.\",\"breadcrumb\":{\"@id\":\"https:\\\/\\\/store.myst.gr\\\/product\\\/pink-himalayan-grinder\\\/#breadcrumb\"},\"inLanguage\":\"de\",\"potentialAction\":[{\"@type\":\"ReadAction\",\"target\":[\"https:\\\/\\\/store.myst.gr\\\/product\\\/pink-himalayan-grinder\\\/\"]}]},{\"@type\":\"ImageObject\",\"inLanguage\":\"de\",\"@id\":\"https:\\\/\\\/store.myst.gr\\\/product\\\/pink-himalayan-grinder\\\/#primaryimage\",\"url\":\"https:\\\/\\\/store.myst.gr\\\/wp-content\\\/uploads\\\/2025\\\/05\\\/Himalayan-sea-salt-grinder-01.jpg\",\"contentUrl\":\"https:\\\/\\\/store.myst.gr\\\/wp-content\\\/uploads\\\/2025\\\/05\\\/Himalayan-sea-salt-grinder-01.jpg\",\"width\":1000,\"height\":1000},{\"@type\":\"BreadcrumbList\",\"@id\":\"https:\\\/\\\/store.myst.gr\\\/product\\\/pink-himalayan-grinder\\\/#breadcrumb\",\"itemListElement\":[{\"@type\":\"ListItem\",\"position\":1,\"name\":\"Home\",\"item\":\"https:\\\/\\\/store.myst.gr\\\/\"},{\"@type\":\"ListItem\",\"position\":2,\"name\":\"Shop\",\"item\":\"https:\\\/\\\/store.myst.gr\\\/\"},{\"@type\":\"ListItem\",\"position\":3,\"name\":\"\u03a1\u03bf\u03b6 \u0391\u03bb\u03ac\u03c4\u03b9 \u0399\u03bc\u03b1\u03bb\u03b1\u0390\u03c9\u03bd\"}]},{\"@type\":\"WebSite\",\"@id\":\"https:\\\/\\\/store.myst.gr\\\/#website\",\"url\":\"https:\\\/\\\/store.myst.gr\\\/\",\"name\":\"Myst\",\"description\":\"\u0391\u03bd\u03b1\u03ba\u03b1\u03bb\u03cd\u03c8\u03c4\u03b5 \u03c4\u03b9\u03c2 \u03b3\u03b5\u03cd\u03c3\u03b5\u03b9\u03c2 \u03c4\u03b7\u03c2 \u0395\u03bb\u03bb\u03ac\u03b4\u03b1\u03c2\",\"publisher\":{\"@id\":\"https:\\\/\\\/store.myst.gr\\\/#organization\"},\"potentialAction\":[{\"@type\":\"SearchAction\",\"target\":{\"@type\":\"EntryPoint\",\"urlTemplate\":\"https:\\\/\\\/store.myst.gr\\\/?s={search_term_string}\"},\"query-input\":{\"@type\":\"PropertyValueSpecification\",\"valueRequired\":true,\"valueName\":\"search_term_string\"}}],\"inLanguage\":\"de\"},{\"@type\":\"Organization\",\"@id\":\"https:\\\/\\\/store.myst.gr\\\/#organization\",\"name\":\"MYST\",\"url\":\"https:\\\/\\\/store.myst.gr\\\/\",\"logo\":{\"@type\":\"ImageObject\",\"inLanguage\":\"de\",\"@id\":\"https:\\\/\\\/store.myst.gr\\\/#\\\/schema\\\/logo\\\/image\\\/\",\"url\":\"https:\\\/\\\/store.myst.gr\\\/wp-content\\\/uploads\\\/2024\\\/12\\\/myst-logo-str.svg\",\"contentUrl\":\"https:\\\/\\\/store.myst.gr\\\/wp-content\\\/uploads\\\/2024\\\/12\\\/myst-logo-str.svg\",\"width\":193,\"height\":53,\"caption\":\"MYST\"},\"image\":{\"@id\":\"https:\\\/\\\/store.myst.gr\\\/#\\\/schema\\\/logo\\\/image\\\/\"},\"sameAs\":[\"https:\\\/\\\/www.facebook.com\\\/mystfood\",\"https:\\\/\\\/www.instagram.com\\\/mystcompany\\\/\"]}]}<\/script>\n<!-- \/ Yoast SEO plugin. -->","yoast_head_json":{"title":"\u03a1\u03bf\u03b6 \u0391\u03bb\u03ac\u03c4\u03b9 \u0399\u03bc\u03b1\u03bb\u03b1\u0390\u03c9\u03bd - MYST","description":"\u03a3\u03c5\u03bb\u03bb\u03ad\u03b3\u03b5\u03c4\u03b1\u03b9 \u03c3\u03c4\u03b1 \u0399\u03bc\u03b1\u03bb\u03ac\u03b9\u03b1, \u03c0\u03bb\u03ad\u03bd\u03b5\u03c4\u03b1\u03b9 \u03c3\u03b5 \u03ac\u03bb\u03bc\u03b7 \u03ba\u03b1\u03b9 \u03c3\u03c4\u03b5\u03b3\u03bd\u03ce\u03bd\u03b5\u03b9 \u03c6\u03c5\u03c3\u03b9\u03ba\u03ac \u03c3\u03c4\u03bf\u03bd \u03ae\u03bb\u03b9\u03bf.\u03a4\u03bf \u03c7\u03b1\u03c1\u03b1\u03ba\u03c4\u03b7\u03c1\u03b9\u03c3\u03c4\u03b9\u03ba\u03cc \u03c1\u03bf\u03b6 \u03c7\u03c1\u03ce\u03bc\u03b1 \u03c4\u03bf\u03c5 \u03bf\u03c6\u03b5\u03af\u03bb\u03b5\u03c4\u03b1\u03b9 \u03c3\u03c4\u03bf \u03c3\u03af\u03b4\u03b7\u03c1\u03bf \u03c4\u03c9\u03bd \u03c0\u03b5\u03c4\u03c1\u03c9\u03bc\u03ac\u03c4\u03c9\u03bd.","robots":{"index":"index","follow":"follow","max-snippet":"max-snippet:-1","max-image-preview":"max-image-preview:large","max-video-preview":"max-video-preview:-1"},"canonical":"https:\/\/store.myst.gr\/de\/produkt\/pink-himalayan-grinder\/","og_locale":"de_DE","og_type":"article","og_title":"\u03a1\u03bf\u03b6 \u0391\u03bb\u03ac\u03c4\u03b9 \u0399\u03bc\u03b1\u03bb\u03b1\u0390\u03c9\u03bd - MYST","og_description":"\u03a3\u03c5\u03bb\u03bb\u03ad\u03b3\u03b5\u03c4\u03b1\u03b9 \u03c3\u03c4\u03b1 \u0399\u03bc\u03b1\u03bb\u03ac\u03b9\u03b1, \u03c0\u03bb\u03ad\u03bd\u03b5\u03c4\u03b1\u03b9 \u03c3\u03b5 \u03ac\u03bb\u03bc\u03b7 \u03ba\u03b1\u03b9 \u03c3\u03c4\u03b5\u03b3\u03bd\u03ce\u03bd\u03b5\u03b9 \u03c6\u03c5\u03c3\u03b9\u03ba\u03ac \u03c3\u03c4\u03bf\u03bd \u03ae\u03bb\u03b9\u03bf.\u03a4\u03bf \u03c7\u03b1\u03c1\u03b1\u03ba\u03c4\u03b7\u03c1\u03b9\u03c3\u03c4\u03b9\u03ba\u03cc \u03c1\u03bf\u03b6 \u03c7\u03c1\u03ce\u03bc\u03b1 \u03c4\u03bf\u03c5 \u03bf\u03c6\u03b5\u03af\u03bb\u03b5\u03c4\u03b1\u03b9 \u03c3\u03c4\u03bf \u03c3\u03af\u03b4\u03b7\u03c1\u03bf \u03c4\u03c9\u03bd \u03c0\u03b5\u03c4\u03c1\u03c9\u03bc\u03ac\u03c4\u03c9\u03bd.","og_url":"https:\/\/store.myst.gr\/de\/produkt\/pink-himalayan-grinder\/","og_site_name":"MYST","article_publisher":"https:\/\/www.facebook.com\/mystfood","article_modified_time":"2026-02-24T07:47:13+00:00","og_image":[{"width":1000,"height":1000,"url":"https:\/\/store.myst.gr\/wp-content\/uploads\/2025\/05\/Himalayan-sea-salt-grinder-01.jpg","type":"image\/jpeg"}],"twitter_card":"summary_large_image","twitter_misc":{"Gesch\u00e4tzte Lesezeit":"2\u00a0Minuten"},"schema":{"@context":"https:\/\/schema.org","@graph":[{"@type":"WebPage","@id":"https:\/\/store.myst.gr\/product\/pink-himalayan-grinder\/","url":"https:\/\/store.myst.gr\/product\/pink-himalayan-grinder\/","name":"\u03a1\u03bf\u03b6 \u0391\u03bb\u03ac\u03c4\u03b9 \u0399\u03bc\u03b1\u03bb\u03b1\u0390\u03c9\u03bd - MYST","isPartOf":{"@id":"https:\/\/store.myst.gr\/#website"},"primaryImageOfPage":{"@id":"https:\/\/store.myst.gr\/product\/pink-himalayan-grinder\/#primaryimage"},"image":{"@id":"https:\/\/store.myst.gr\/product\/pink-himalayan-grinder\/#primaryimage"},"thumbnailUrl":"https:\/\/store.myst.gr\/wp-content\/uploads\/2025\/05\/Himalayan-sea-salt-grinder-01.jpg","datePublished":"2025-05-23T09:08:43+00:00","dateModified":"2026-02-24T07:47:13+00:00","description":"\u03a3\u03c5\u03bb\u03bb\u03ad\u03b3\u03b5\u03c4\u03b1\u03b9 \u03c3\u03c4\u03b1 \u0399\u03bc\u03b1\u03bb\u03ac\u03b9\u03b1, \u03c0\u03bb\u03ad\u03bd\u03b5\u03c4\u03b1\u03b9 \u03c3\u03b5 \u03ac\u03bb\u03bc\u03b7 \u03ba\u03b1\u03b9 \u03c3\u03c4\u03b5\u03b3\u03bd\u03ce\u03bd\u03b5\u03b9 \u03c6\u03c5\u03c3\u03b9\u03ba\u03ac \u03c3\u03c4\u03bf\u03bd \u03ae\u03bb\u03b9\u03bf.\u03a4\u03bf \u03c7\u03b1\u03c1\u03b1\u03ba\u03c4\u03b7\u03c1\u03b9\u03c3\u03c4\u03b9\u03ba\u03cc \u03c1\u03bf\u03b6 \u03c7\u03c1\u03ce\u03bc\u03b1 \u03c4\u03bf\u03c5 \u03bf\u03c6\u03b5\u03af\u03bb\u03b5\u03c4\u03b1\u03b9 \u03c3\u03c4\u03bf \u03c3\u03af\u03b4\u03b7\u03c1\u03bf \u03c4\u03c9\u03bd \u03c0\u03b5\u03c4\u03c1\u03c9\u03bc\u03ac\u03c4\u03c9\u03bd.","breadcrumb":{"@id":"https:\/\/store.myst.gr\/product\/pink-himalayan-grinder\/#breadcrumb"},"inLanguage":"de","potentialAction":[{"@type":"ReadAction","target":["https:\/\/store.myst.gr\/product\/pink-himalayan-grinder\/"]}]},{"@type":"ImageObject","inLanguage":"de","@id":"https:\/\/store.myst.gr\/product\/pink-himalayan-grinder\/#primaryimage","url":"https:\/\/store.myst.gr\/wp-content\/uploads\/2025\/05\/Himalayan-sea-salt-grinder-01.jpg","contentUrl":"https:\/\/store.myst.gr\/wp-content\/uploads\/2025\/05\/Himalayan-sea-salt-grinder-01.jpg","width":1000,"height":1000},{"@type":"BreadcrumbList","@id":"https:\/\/store.myst.gr\/product\/pink-himalayan-grinder\/#breadcrumb","itemListElement":[{"@type":"ListItem","position":1,"name":"Home","item":"https:\/\/store.myst.gr\/"},{"@type":"ListItem","position":2,"name":"Shop","item":"https:\/\/store.myst.gr\/"},{"@type":"ListItem","position":3,"name":"\u03a1\u03bf\u03b6 \u0391\u03bb\u03ac\u03c4\u03b9 \u0399\u03bc\u03b1\u03bb\u03b1\u0390\u03c9\u03bd"}]},{"@type":"WebSite","@id":"https:\/\/store.myst.gr\/#website","url":"https:\/\/store.myst.gr\/","name":"Myst","description":"\u0391\u03bd\u03b1\u03ba\u03b1\u03bb\u03cd\u03c8\u03c4\u03b5 \u03c4\u03b9\u03c2 \u03b3\u03b5\u03cd\u03c3\u03b5\u03b9\u03c2 \u03c4\u03b7\u03c2 \u0395\u03bb\u03bb\u03ac\u03b4\u03b1\u03c2","publisher":{"@id":"https:\/\/store.myst.gr\/#organization"},"potentialAction":[{"@type":"SearchAction","target":{"@type":"EntryPoint","urlTemplate":"https:\/\/store.myst.gr\/?s={search_term_string}"},"query-input":{"@type":"PropertyValueSpecification","valueRequired":true,"valueName":"search_term_string"}}],"inLanguage":"de"},{"@type":"Organization","@id":"https:\/\/store.myst.gr\/#organization","name":"MYST","url":"https:\/\/store.myst.gr\/","logo":{"@type":"ImageObject","inLanguage":"de","@id":"https:\/\/store.myst.gr\/#\/schema\/logo\/image\/","url":"https:\/\/store.myst.gr\/wp-content\/uploads\/2024\/12\/myst-logo-str.svg","contentUrl":"https:\/\/store.myst.gr\/wp-content\/uploads\/2024\/12\/myst-logo-str.svg","width":193,"height":53,"caption":"MYST"},"image":{"@id":"https:\/\/store.myst.gr\/#\/schema\/logo\/image\/"},"sameAs":["https:\/\/www.facebook.com\/mystfood","https:\/\/www.instagram.com\/mystcompany\/"]}]}},"_links":{"self":[{"href":"https:\/\/store.myst.gr\/de\/wp-json\/wp\/v2\/product\/12350","targetHints":{"allow":["GET"]}}],"collection":[{"href":"https:\/\/store.myst.gr\/de\/wp-json\/wp\/v2\/product"}],"about":[{"href":"https:\/\/store.myst.gr\/de\/wp-json\/wp\/v2\/types\/product"}],"wp:featuredmedia":[{"embeddable":true,"href":"https:\/\/store.myst.gr\/de\/wp-json\/wp\/v2\/media\/12575"}],"wp:attachment":[{"href":"https:\/\/store.myst.gr\/de\/wp-json\/wp\/v2\/media?parent=12350"}],"wp:term":[{"taxonomy":"product_cat","embeddable":true,"href":"https:\/\/store.myst.gr\/de\/wp-json\/wp\/v2\/product_cat?post=12350"},{"taxonomy":"product_tag","embeddable":true,"href":"https:\/\/store.myst.gr\/de\/wp-json\/wp\/v2\/product_tag?post=12350"}],"curies":[{"name":"wp","href":"https:\/\/api.w.org\/{rel}","templated":true}]}}