{"id":12194,"date":"2025-05-12T13:28:20","date_gmt":"2025-05-12T13:28:20","guid":{"rendered":"https:\/\/store.myst.gr\/?post_type=product&#038;p=12194"},"modified":"2026-03-26T21:06:02","modified_gmt":"2026-03-26T21:06:02","slug":"4-pepper-mix","status":"publish","type":"product","link":"https:\/\/store.myst.gr\/de\/product\/4-pepper-mix\/","title":{"rendered":"Vier-Pfeffer-Mix im M\u00fchle"},"content":{"rendered":"<p data-start=\"153\" data-end=\"372\">Bunt, duftend und komplex \u2013 das ultimative Gourmetpfeffer. Eine erlesene Mischung aus schwarzen, wei\u00dfen, gr\u00fcnen und rosa Pfefferk\u00f6rnern verleiht jedem Gericht Tiefe, Aroma und Farbe.<\/p>\n<p data-start=\"374\" data-end=\"490\">Ideal zu Fleisch, Salaten, Meeresfr\u00fcchten und Gem\u00fcse. Frisch gemahlen f\u00fcr ein intensives Geschmackserlebnis.<\/p>\n<p data-start=\"1109\" data-end=\"1574\">Vier Pfeffer in der M\u00fchle vereinen vier aromatische Pfeffersorten zu einer ausgewogenen und komplexen Gew\u00fcrzmischung. Diese farbenfrohe Mischung enth\u00e4lt in der Regel schwarzen, wei\u00dfen, gr\u00fcnen und rosa Pfeffer und bietet eine einzigartige Kombination aus kr\u00e4ftigen, milden, frischen und leicht s\u00fc\u00dflichen Aromen. Beim frischen Mahlen in der M\u00fchle entfalten die Pfefferk\u00f6rner ihre \u00e4therischen \u00d6le und intensiven D\u00fcfte.<\/p>\n<p data-start=\"1576\" data-end=\"1932\">Die frisch gemahlene Vier-Pfeffer-Mischung verleiht vielen Gerichten mehr Tiefe und Charakter. Sie passt hervorragend zu gegrilltem Fleisch, Gefl\u00fcgel, Fisch, Ofengem\u00fcse, Salaten, Pasta und Saucen. Die Kombination verschiedener Pfeffersorten sorgt f\u00fcr ein vielschichtiges Aroma, das w\u00fcrzig und aromatisch ist, ohne zu dominant zu wirken.<\/p>\n<p data-start=\"1934\" data-end=\"2310\">Wenn die Pfefferk\u00f6rner in einer M\u00fchle aufbewahrt werden, bleiben ihre nat\u00fcrlichen \u00d6le und ihr Aroma l\u00e4nger erhalten. Das Mahlen direkt vor dem Servieren garantiert maximalen Geschmack und Frische. Vier Pfeffer in der M\u00fchle sind eine elegante und praktische M\u00f6glichkeit, Gerichten eine besondere Gourmetnote zu verleihen.<\/p>\n<p data-start=\"492\" data-end=\"585\"><strong data-start=\"518\" data-end=\"585\">Vierfarbige Pfefferk\u00f6rner | Ohne Zusatzstoffe | 100\u202f% Naturprodukt<\/strong><\/p>","protected":false},"excerpt":{"rendered":"<p data-start=\"1936\" data-end=\"2155\">Eine hochwertige Mischung aus schwarzem, wei\u00dfem, gr\u00fcnem und rosa Pfeffer. Die farbenfrohen K\u00f6rner verleihen jedem Gericht Tiefe, Aroma und Eleganz. Ideal zum Verfeinern von Fleisch, Salaten, Meeresfr\u00fcchten und Gem\u00fcse.<\/p>\n<p><strong>inhalt : e 50g<\/strong><\/p>\n<p><strong>Die besten Produkte aus Griechenland direkt auf Ihren Tisch geliefert und kostenloser Versand bei Bestellungen \u00fcber 120 \u20ac innerhalb Europas.<\/strong><\/p>","protected":false},"featured_media":12589,"template":"","meta":{"_acf_changed":false,"inline_featured_image":false},"product_cat":[625,539,614,15],"product_tag":[323,651,613],"class_list":{"0":"post-12194","1":"product","2":"type-product","3":"status-publish","4":"has-post-thumbnail","6":"product_cat-spices","7":"product_cat-mixedherbs","8":"product_cat-grinders","9":"product_cat-vall","10":"product_tag-cataloguejuly","11":"product_tag-retail","12":"product_tag-spices","14":"first","15":"instock","16":"taxable","17":"shipping-taxable","18":"purchasable","19":"product-type-simple"},"acf":[],"yoast_head":"<!-- This site is optimized with the Yoast SEO plugin v27.4 - https:\/\/yoast.com\/product\/yoast-seo-wordpress\/ -->\n<title>4 \u03a0\u03bf\u03b9\u03ba\u03b9\u03bb\u03af\u03b5\u03c2 \u03a0\u03b9\u03c0\u03b5\u03c1\u03b9\u03ce\u03bd \u03c3\u03b5 \u039c\u03cd\u03bb\u03bf - MYST<\/title>\n<meta name=\"description\" content=\"\u0388\u03bd\u03b1 \u03b5\u03ba\u03bb\u03b5\u03ba\u03c4\u03cc \u03bc\u03b5\u03af\u03b3\u03bc\u03b1 \u03b1\u03c0\u03cc \u03bc\u03b1\u03cd\u03c1\u03bf, \u03bb\u03b5\u03c5\u03ba\u03cc, \u03c0\u03c1\u03ac\u03c3\u03b9\u03bd\u03bf \u03ba\u03b1\u03b9 \u03c1\u03bf\u03b6 \u03c0\u03b9\u03c0\u03ad\u03c1\u03b9. \u03a4\u03b5\u03c4\u03c1\u03ac\u03c7\u03c1\u03c9\u03bc\u03bf\u03b9 \u03ba\u03cc\u03ba\u03ba\u03bf\u03b9 \u03c0\u03bf\u03c5 \u03c7\u03b1\u03c1\u03af\u03b6\u03bf\u03c5\u03bd \u03c0\u03bf\u03bb\u03c5\u03c0\u03bb\u03bf\u03ba\u03cc\u03c4\u03b7\u03c4\u03b1, \u03ac\u03c1\u03c9\u03bc\u03b1 \u03ba\u03b1\u03b9 \u03c7\u03c1\u03ce\u03bc\u03b1 \u03c3\u03b5 \u03ba\u03ac\u03b8\u03b5 \u03c0\u03b9\u03ac\u03c4\u03bf. \u0388\u03bd\u03b1 \u03ba\u03bf\u03bc\u03c8\u03cc\" \/>\n<meta name=\"robots\" content=\"index, follow, max-snippet:-1, max-image-preview:large, max-video-preview:-1\" \/>\n<link rel=\"canonical\" href=\"https:\/\/store.myst.gr\/de\/produkt\/4-pepper-mix\/\" \/>\n<meta property=\"og:locale\" content=\"de_DE\" \/>\n<meta property=\"og:type\" content=\"article\" \/>\n<meta property=\"og:title\" content=\"4 \u03a0\u03bf\u03b9\u03ba\u03b9\u03bb\u03af\u03b5\u03c2 \u03a0\u03b9\u03c0\u03b5\u03c1\u03b9\u03ce\u03bd \u03c3\u03b5 \u039c\u03cd\u03bb\u03bf - MYST\" \/>\n<meta property=\"og:description\" content=\"\u0388\u03bd\u03b1 \u03b5\u03ba\u03bb\u03b5\u03ba\u03c4\u03cc \u03bc\u03b5\u03af\u03b3\u03bc\u03b1 \u03b1\u03c0\u03cc \u03bc\u03b1\u03cd\u03c1\u03bf, \u03bb\u03b5\u03c5\u03ba\u03cc, \u03c0\u03c1\u03ac\u03c3\u03b9\u03bd\u03bf \u03ba\u03b1\u03b9 \u03c1\u03bf\u03b6 \u03c0\u03b9\u03c0\u03ad\u03c1\u03b9. \u03a4\u03b5\u03c4\u03c1\u03ac\u03c7\u03c1\u03c9\u03bc\u03bf\u03b9 \u03ba\u03cc\u03ba\u03ba\u03bf\u03b9 \u03c0\u03bf\u03c5 \u03c7\u03b1\u03c1\u03af\u03b6\u03bf\u03c5\u03bd \u03c0\u03bf\u03bb\u03c5\u03c0\u03bb\u03bf\u03ba\u03cc\u03c4\u03b7\u03c4\u03b1, \u03ac\u03c1\u03c9\u03bc\u03b1 \u03ba\u03b1\u03b9 \u03c7\u03c1\u03ce\u03bc\u03b1 \u03c3\u03b5 \u03ba\u03ac\u03b8\u03b5 \u03c0\u03b9\u03ac\u03c4\u03bf. \u0388\u03bd\u03b1 \u03ba\u03bf\u03bc\u03c8\u03cc\" \/>\n<meta property=\"og:url\" content=\"https:\/\/store.myst.gr\/de\/produkt\/4-pepper-mix\/\" \/>\n<meta property=\"og:site_name\" content=\"MYST\" \/>\n<meta property=\"article:publisher\" content=\"https:\/\/www.facebook.com\/mystfood\" \/>\n<meta property=\"article:modified_time\" content=\"2026-03-26T21:06:02+00:00\" \/>\n<meta property=\"og:image\" content=\"https:\/\/store.myst.gr\/wp-content\/uploads\/2025\/05\/4-pepper-grinder-1.jpg\" \/>\n\t<meta property=\"og:image:width\" content=\"1000\" \/>\n\t<meta property=\"og:image:height\" content=\"1000\" \/>\n\t<meta property=\"og:image:type\" content=\"image\/jpeg\" \/>\n<meta name=\"twitter:card\" content=\"summary_large_image\" \/>\n<meta name=\"twitter:label1\" content=\"Gesch\u00e4tzte Lesezeit\" \/>\n\t<meta name=\"twitter:data1\" content=\"2\u00a0Minuten\" \/>\n<script type=\"application\/ld+json\" class=\"yoast-schema-graph\">{\"@context\":\"https:\\\/\\\/schema.org\",\"@graph\":[{\"@type\":\"WebPage\",\"@id\":\"https:\\\/\\\/store.myst.gr\\\/product\\\/4-pepper-mix\\\/\",\"url\":\"https:\\\/\\\/store.myst.gr\\\/product\\\/4-pepper-mix\\\/\",\"name\":\"4 \u03a0\u03bf\u03b9\u03ba\u03b9\u03bb\u03af\u03b5\u03c2 \u03a0\u03b9\u03c0\u03b5\u03c1\u03b9\u03ce\u03bd \u03c3\u03b5 \u039c\u03cd\u03bb\u03bf - MYST\",\"isPartOf\":{\"@id\":\"https:\\\/\\\/store.myst.gr\\\/#website\"},\"primaryImageOfPage\":{\"@id\":\"https:\\\/\\\/store.myst.gr\\\/product\\\/4-pepper-mix\\\/#primaryimage\"},\"image\":{\"@id\":\"https:\\\/\\\/store.myst.gr\\\/product\\\/4-pepper-mix\\\/#primaryimage\"},\"thumbnailUrl\":\"https:\\\/\\\/store.myst.gr\\\/wp-content\\\/uploads\\\/2025\\\/05\\\/4-pepper-grinder-1.jpg\",\"datePublished\":\"2025-05-12T13:28:20+00:00\",\"dateModified\":\"2026-03-26T21:06:02+00:00\",\"description\":\"\u0388\u03bd\u03b1 \u03b5\u03ba\u03bb\u03b5\u03ba\u03c4\u03cc \u03bc\u03b5\u03af\u03b3\u03bc\u03b1 \u03b1\u03c0\u03cc \u03bc\u03b1\u03cd\u03c1\u03bf, \u03bb\u03b5\u03c5\u03ba\u03cc, \u03c0\u03c1\u03ac\u03c3\u03b9\u03bd\u03bf \u03ba\u03b1\u03b9 \u03c1\u03bf\u03b6 \u03c0\u03b9\u03c0\u03ad\u03c1\u03b9. \u03a4\u03b5\u03c4\u03c1\u03ac\u03c7\u03c1\u03c9\u03bc\u03bf\u03b9 \u03ba\u03cc\u03ba\u03ba\u03bf\u03b9 \u03c0\u03bf\u03c5 \u03c7\u03b1\u03c1\u03af\u03b6\u03bf\u03c5\u03bd \u03c0\u03bf\u03bb\u03c5\u03c0\u03bb\u03bf\u03ba\u03cc\u03c4\u03b7\u03c4\u03b1, \u03ac\u03c1\u03c9\u03bc\u03b1 \u03ba\u03b1\u03b9 \u03c7\u03c1\u03ce\u03bc\u03b1 \u03c3\u03b5 \u03ba\u03ac\u03b8\u03b5 \u03c0\u03b9\u03ac\u03c4\u03bf. \u0388\u03bd\u03b1 \u03ba\u03bf\u03bc\u03c8\u03cc\",\"breadcrumb\":{\"@id\":\"https:\\\/\\\/store.myst.gr\\\/product\\\/4-pepper-mix\\\/#breadcrumb\"},\"inLanguage\":\"de\",\"potentialAction\":[{\"@type\":\"ReadAction\",\"target\":[\"https:\\\/\\\/store.myst.gr\\\/product\\\/4-pepper-mix\\\/\"]}]},{\"@type\":\"ImageObject\",\"inLanguage\":\"de\",\"@id\":\"https:\\\/\\\/store.myst.gr\\\/product\\\/4-pepper-mix\\\/#primaryimage\",\"url\":\"https:\\\/\\\/store.myst.gr\\\/wp-content\\\/uploads\\\/2025\\\/05\\\/4-pepper-grinder-1.jpg\",\"contentUrl\":\"https:\\\/\\\/store.myst.gr\\\/wp-content\\\/uploads\\\/2025\\\/05\\\/4-pepper-grinder-1.jpg\",\"width\":1000,\"height\":1000},{\"@type\":\"BreadcrumbList\",\"@id\":\"https:\\\/\\\/store.myst.gr\\\/product\\\/4-pepper-mix\\\/#breadcrumb\",\"itemListElement\":[{\"@type\":\"ListItem\",\"position\":1,\"name\":\"Home\",\"item\":\"https:\\\/\\\/store.myst.gr\\\/\"},{\"@type\":\"ListItem\",\"position\":2,\"name\":\"Shop\",\"item\":\"https:\\\/\\\/store.myst.gr\\\/\"},{\"@type\":\"ListItem\",\"position\":3,\"name\":\"4 \u03a0\u03bf\u03b9\u03ba\u03b9\u03bb\u03af\u03b5\u03c2 \u03a0\u03b9\u03c0\u03b5\u03c1\u03b9\u03ce\u03bd \u03c3\u03b5 \u039c\u03cd\u03bb\u03bf\"}]},{\"@type\":\"WebSite\",\"@id\":\"https:\\\/\\\/store.myst.gr\\\/#website\",\"url\":\"https:\\\/\\\/store.myst.gr\\\/\",\"name\":\"Myst\",\"description\":\"\u0391\u03bd\u03b1\u03ba\u03b1\u03bb\u03cd\u03c8\u03c4\u03b5 \u03c4\u03b9\u03c2 \u03b3\u03b5\u03cd\u03c3\u03b5\u03b9\u03c2 \u03c4\u03b7\u03c2 \u0395\u03bb\u03bb\u03ac\u03b4\u03b1\u03c2\",\"publisher\":{\"@id\":\"https:\\\/\\\/store.myst.gr\\\/#organization\"},\"potentialAction\":[{\"@type\":\"SearchAction\",\"target\":{\"@type\":\"EntryPoint\",\"urlTemplate\":\"https:\\\/\\\/store.myst.gr\\\/?s={search_term_string}\"},\"query-input\":{\"@type\":\"PropertyValueSpecification\",\"valueRequired\":true,\"valueName\":\"search_term_string\"}}],\"inLanguage\":\"de\"},{\"@type\":\"Organization\",\"@id\":\"https:\\\/\\\/store.myst.gr\\\/#organization\",\"name\":\"MYST\",\"url\":\"https:\\\/\\\/store.myst.gr\\\/\",\"logo\":{\"@type\":\"ImageObject\",\"inLanguage\":\"de\",\"@id\":\"https:\\\/\\\/store.myst.gr\\\/#\\\/schema\\\/logo\\\/image\\\/\",\"url\":\"https:\\\/\\\/store.myst.gr\\\/wp-content\\\/uploads\\\/2024\\\/12\\\/myst-logo-str.svg\",\"contentUrl\":\"https:\\\/\\\/store.myst.gr\\\/wp-content\\\/uploads\\\/2024\\\/12\\\/myst-logo-str.svg\",\"width\":193,\"height\":53,\"caption\":\"MYST\"},\"image\":{\"@id\":\"https:\\\/\\\/store.myst.gr\\\/#\\\/schema\\\/logo\\\/image\\\/\"},\"sameAs\":[\"https:\\\/\\\/www.facebook.com\\\/mystfood\",\"https:\\\/\\\/www.instagram.com\\\/mystcompany\\\/\"]}]}<\/script>\n<!-- \/ Yoast SEO plugin. -->","yoast_head_json":{"title":"4 \u03a0\u03bf\u03b9\u03ba\u03b9\u03bb\u03af\u03b5\u03c2 \u03a0\u03b9\u03c0\u03b5\u03c1\u03b9\u03ce\u03bd \u03c3\u03b5 \u039c\u03cd\u03bb\u03bf - MYST","description":"\u0388\u03bd\u03b1 \u03b5\u03ba\u03bb\u03b5\u03ba\u03c4\u03cc \u03bc\u03b5\u03af\u03b3\u03bc\u03b1 \u03b1\u03c0\u03cc \u03bc\u03b1\u03cd\u03c1\u03bf, \u03bb\u03b5\u03c5\u03ba\u03cc, \u03c0\u03c1\u03ac\u03c3\u03b9\u03bd\u03bf \u03ba\u03b1\u03b9 \u03c1\u03bf\u03b6 \u03c0\u03b9\u03c0\u03ad\u03c1\u03b9. \u03a4\u03b5\u03c4\u03c1\u03ac\u03c7\u03c1\u03c9\u03bc\u03bf\u03b9 \u03ba\u03cc\u03ba\u03ba\u03bf\u03b9 \u03c0\u03bf\u03c5 \u03c7\u03b1\u03c1\u03af\u03b6\u03bf\u03c5\u03bd \u03c0\u03bf\u03bb\u03c5\u03c0\u03bb\u03bf\u03ba\u03cc\u03c4\u03b7\u03c4\u03b1, \u03ac\u03c1\u03c9\u03bc\u03b1 \u03ba\u03b1\u03b9 \u03c7\u03c1\u03ce\u03bc\u03b1 \u03c3\u03b5 \u03ba\u03ac\u03b8\u03b5 \u03c0\u03b9\u03ac\u03c4\u03bf. \u0388\u03bd\u03b1 \u03ba\u03bf\u03bc\u03c8\u03cc","robots":{"index":"index","follow":"follow","max-snippet":"max-snippet:-1","max-image-preview":"max-image-preview:large","max-video-preview":"max-video-preview:-1"},"canonical":"https:\/\/store.myst.gr\/de\/produkt\/4-pepper-mix\/","og_locale":"de_DE","og_type":"article","og_title":"4 \u03a0\u03bf\u03b9\u03ba\u03b9\u03bb\u03af\u03b5\u03c2 \u03a0\u03b9\u03c0\u03b5\u03c1\u03b9\u03ce\u03bd \u03c3\u03b5 \u039c\u03cd\u03bb\u03bf - MYST","og_description":"\u0388\u03bd\u03b1 \u03b5\u03ba\u03bb\u03b5\u03ba\u03c4\u03cc \u03bc\u03b5\u03af\u03b3\u03bc\u03b1 \u03b1\u03c0\u03cc \u03bc\u03b1\u03cd\u03c1\u03bf, \u03bb\u03b5\u03c5\u03ba\u03cc, \u03c0\u03c1\u03ac\u03c3\u03b9\u03bd\u03bf \u03ba\u03b1\u03b9 \u03c1\u03bf\u03b6 \u03c0\u03b9\u03c0\u03ad\u03c1\u03b9. \u03a4\u03b5\u03c4\u03c1\u03ac\u03c7\u03c1\u03c9\u03bc\u03bf\u03b9 \u03ba\u03cc\u03ba\u03ba\u03bf\u03b9 \u03c0\u03bf\u03c5 \u03c7\u03b1\u03c1\u03af\u03b6\u03bf\u03c5\u03bd \u03c0\u03bf\u03bb\u03c5\u03c0\u03bb\u03bf\u03ba\u03cc\u03c4\u03b7\u03c4\u03b1, \u03ac\u03c1\u03c9\u03bc\u03b1 \u03ba\u03b1\u03b9 \u03c7\u03c1\u03ce\u03bc\u03b1 \u03c3\u03b5 \u03ba\u03ac\u03b8\u03b5 \u03c0\u03b9\u03ac\u03c4\u03bf. \u0388\u03bd\u03b1 \u03ba\u03bf\u03bc\u03c8\u03cc","og_url":"https:\/\/store.myst.gr\/de\/produkt\/4-pepper-mix\/","og_site_name":"MYST","article_publisher":"https:\/\/www.facebook.com\/mystfood","article_modified_time":"2026-03-26T21:06:02+00:00","og_image":[{"width":1000,"height":1000,"url":"https:\/\/store.myst.gr\/wp-content\/uploads\/2025\/05\/4-pepper-grinder-1.jpg","type":"image\/jpeg"}],"twitter_card":"summary_large_image","twitter_misc":{"Gesch\u00e4tzte Lesezeit":"2\u00a0Minuten"},"schema":{"@context":"https:\/\/schema.org","@graph":[{"@type":"WebPage","@id":"https:\/\/store.myst.gr\/product\/4-pepper-mix\/","url":"https:\/\/store.myst.gr\/product\/4-pepper-mix\/","name":"4 \u03a0\u03bf\u03b9\u03ba\u03b9\u03bb\u03af\u03b5\u03c2 \u03a0\u03b9\u03c0\u03b5\u03c1\u03b9\u03ce\u03bd \u03c3\u03b5 \u039c\u03cd\u03bb\u03bf - MYST","isPartOf":{"@id":"https:\/\/store.myst.gr\/#website"},"primaryImageOfPage":{"@id":"https:\/\/store.myst.gr\/product\/4-pepper-mix\/#primaryimage"},"image":{"@id":"https:\/\/store.myst.gr\/product\/4-pepper-mix\/#primaryimage"},"thumbnailUrl":"https:\/\/store.myst.gr\/wp-content\/uploads\/2025\/05\/4-pepper-grinder-1.jpg","datePublished":"2025-05-12T13:28:20+00:00","dateModified":"2026-03-26T21:06:02+00:00","description":"\u0388\u03bd\u03b1 \u03b5\u03ba\u03bb\u03b5\u03ba\u03c4\u03cc \u03bc\u03b5\u03af\u03b3\u03bc\u03b1 \u03b1\u03c0\u03cc \u03bc\u03b1\u03cd\u03c1\u03bf, \u03bb\u03b5\u03c5\u03ba\u03cc, \u03c0\u03c1\u03ac\u03c3\u03b9\u03bd\u03bf \u03ba\u03b1\u03b9 \u03c1\u03bf\u03b6 \u03c0\u03b9\u03c0\u03ad\u03c1\u03b9. \u03a4\u03b5\u03c4\u03c1\u03ac\u03c7\u03c1\u03c9\u03bc\u03bf\u03b9 \u03ba\u03cc\u03ba\u03ba\u03bf\u03b9 \u03c0\u03bf\u03c5 \u03c7\u03b1\u03c1\u03af\u03b6\u03bf\u03c5\u03bd \u03c0\u03bf\u03bb\u03c5\u03c0\u03bb\u03bf\u03ba\u03cc\u03c4\u03b7\u03c4\u03b1, \u03ac\u03c1\u03c9\u03bc\u03b1 \u03ba\u03b1\u03b9 \u03c7\u03c1\u03ce\u03bc\u03b1 \u03c3\u03b5 \u03ba\u03ac\u03b8\u03b5 \u03c0\u03b9\u03ac\u03c4\u03bf. \u0388\u03bd\u03b1 \u03ba\u03bf\u03bc\u03c8\u03cc","breadcrumb":{"@id":"https:\/\/store.myst.gr\/product\/4-pepper-mix\/#breadcrumb"},"inLanguage":"de","potentialAction":[{"@type":"ReadAction","target":["https:\/\/store.myst.gr\/product\/4-pepper-mix\/"]}]},{"@type":"ImageObject","inLanguage":"de","@id":"https:\/\/store.myst.gr\/product\/4-pepper-mix\/#primaryimage","url":"https:\/\/store.myst.gr\/wp-content\/uploads\/2025\/05\/4-pepper-grinder-1.jpg","contentUrl":"https:\/\/store.myst.gr\/wp-content\/uploads\/2025\/05\/4-pepper-grinder-1.jpg","width":1000,"height":1000},{"@type":"BreadcrumbList","@id":"https:\/\/store.myst.gr\/product\/4-pepper-mix\/#breadcrumb","itemListElement":[{"@type":"ListItem","position":1,"name":"Home","item":"https:\/\/store.myst.gr\/"},{"@type":"ListItem","position":2,"name":"Shop","item":"https:\/\/store.myst.gr\/"},{"@type":"ListItem","position":3,"name":"4 \u03a0\u03bf\u03b9\u03ba\u03b9\u03bb\u03af\u03b5\u03c2 \u03a0\u03b9\u03c0\u03b5\u03c1\u03b9\u03ce\u03bd \u03c3\u03b5 \u039c\u03cd\u03bb\u03bf"}]},{"@type":"WebSite","@id":"https:\/\/store.myst.gr\/#website","url":"https:\/\/store.myst.gr\/","name":"Myst","description":"\u0391\u03bd\u03b1\u03ba\u03b1\u03bb\u03cd\u03c8\u03c4\u03b5 \u03c4\u03b9\u03c2 \u03b3\u03b5\u03cd\u03c3\u03b5\u03b9\u03c2 \u03c4\u03b7\u03c2 \u0395\u03bb\u03bb\u03ac\u03b4\u03b1\u03c2","publisher":{"@id":"https:\/\/store.myst.gr\/#organization"},"potentialAction":[{"@type":"SearchAction","target":{"@type":"EntryPoint","urlTemplate":"https:\/\/store.myst.gr\/?s={search_term_string}"},"query-input":{"@type":"PropertyValueSpecification","valueRequired":true,"valueName":"search_term_string"}}],"inLanguage":"de"},{"@type":"Organization","@id":"https:\/\/store.myst.gr\/#organization","name":"MYST","url":"https:\/\/store.myst.gr\/","logo":{"@type":"ImageObject","inLanguage":"de","@id":"https:\/\/store.myst.gr\/#\/schema\/logo\/image\/","url":"https:\/\/store.myst.gr\/wp-content\/uploads\/2024\/12\/myst-logo-str.svg","contentUrl":"https:\/\/store.myst.gr\/wp-content\/uploads\/2024\/12\/myst-logo-str.svg","width":193,"height":53,"caption":"MYST"},"image":{"@id":"https:\/\/store.myst.gr\/#\/schema\/logo\/image\/"},"sameAs":["https:\/\/www.facebook.com\/mystfood","https:\/\/www.instagram.com\/mystcompany\/"]}]}},"_links":{"self":[{"href":"https:\/\/store.myst.gr\/de\/wp-json\/wp\/v2\/product\/12194","targetHints":{"allow":["GET"]}}],"collection":[{"href":"https:\/\/store.myst.gr\/de\/wp-json\/wp\/v2\/product"}],"about":[{"href":"https:\/\/store.myst.gr\/de\/wp-json\/wp\/v2\/types\/product"}],"wp:featuredmedia":[{"embeddable":true,"href":"https:\/\/store.myst.gr\/de\/wp-json\/wp\/v2\/media\/12589"}],"wp:attachment":[{"href":"https:\/\/store.myst.gr\/de\/wp-json\/wp\/v2\/media?parent=12194"}],"wp:term":[{"taxonomy":"product_cat","embeddable":true,"href":"https:\/\/store.myst.gr\/de\/wp-json\/wp\/v2\/product_cat?post=12194"},{"taxonomy":"product_tag","embeddable":true,"href":"https:\/\/store.myst.gr\/de\/wp-json\/wp\/v2\/product_tag?post=12194"}],"curies":[{"name":"wp","href":"https:\/\/api.w.org\/{rel}","templated":true}]}}