{"id":12180,"date":"2025-05-12T13:20:16","date_gmt":"2025-05-12T13:20:16","guid":{"rendered":"https:\/\/store.myst.gr\/?post_type=product&#038;p=12180"},"modified":"2026-03-26T21:06:35","modified_gmt":"2026-03-26T21:06:35","slug":"black-peppercorns","status":"publish","type":"product","link":"https:\/\/store.myst.gr\/de\/product\/black-peppercorns\/","title":{"rendered":"Schwarzer Pfeffer im M\u00fchle"},"content":{"rendered":"<p>Frisch gemahlen, intensiv und aromatisch \u2013 das unverzichtbare Gew\u00fcrz jeder K\u00fcche. Hochwertige schwarze Pfefferk\u00f6rner mit w\u00fcrzigem, reichhaltigem Aroma.<\/p>\n<p>Frisch gemahlen entfalten sie ihre volle Kraft und veredeln Fleisch, Salate, Saucen und Pasta.<\/p>\n<p data-start=\"1238\" data-end=\"1768\">Die Pfefferm\u00fchle mit schwarzem Pfeffer ist ein unverzichtbares Werkzeug in jeder K\u00fcche, da sie das volle Aroma und den intensiven Geschmack von frisch gemahlenem Pfeffer freisetzt. Ganze schwarze Pfefferk\u00f6rner behalten ihre nat\u00fcrlichen \u00d6le und ihr kr\u00e4ftiges Aroma deutlich l\u00e4nger als bereits gemahlener Pfeffer. Erst beim Mahlen entfalten sie ihren charakteristischen, w\u00fcrzigen Geschmack und verleihen zahlreichen Gerichten eine besondere Tiefe.<\/p>\n<p data-start=\"1770\" data-end=\"2177\">Eine hochwertige Pfefferm\u00fchle erm\u00f6glicht es, den Mahlgrad individuell anzupassen. Fein gemahlener Pfeffer eignet sich ideal f\u00fcr Saucen und Marinaden, w\u00e4hrend grober Pfeffer eine st\u00e4rkere aromatische Wirkung und eine angenehme Textur bietet. Frisch gemahlener schwarzer Pfeffer verbessert nicht nur den Geschmack von Speisen, sondern bereichert auch das gesamte Kocherlebnis.<\/p>\n<p data-start=\"2179\" data-end=\"2587\">Schwarzer Pfeffer geh\u00f6rt zu den weltweit beliebtesten Gew\u00fcrzen und wird seit Jahrhunderten wegen seines einzigartigen Aromas gesch\u00e4tzt. In Form von ganzen Pfefferk\u00f6rnern, die in einer M\u00fchle aufbewahrt werden, bleibt sein intensiver Geschmack l\u00e4nger erhalten. Das Mahlen direkt vor dem Servieren sorgt daf\u00fcr, dass jedes Gericht von seinem frischen, warmen und leicht holzigen Aroma profitiert.<\/p>\n<p data-start=\"439\" data-end=\"516\"><strong data-start=\"465\" data-end=\"516\">100\u202f% Naturprodukt | Ohne Zusatzstoffe | Premium-Qualit\u00e4t<\/strong><\/p>","protected":false},"excerpt":{"rendered":"<p data-start=\"303\" data-end=\"526\">Ganze schwarze Pfefferk\u00f6rner in h\u00f6chster Qualit\u00e4t, mit kr\u00e4ftigem, aromatischem Geschmack. Frisch gemahlen entfalten sie ihre volle Sch\u00e4rfe und Tiefe. Ideal f\u00fcr Fleisch, Salate, So\u00dfen und Pasta.<\/p>\n<p><strong>inhalt : e 50g<\/strong><\/p>\n<p><strong>Die besten Produkte aus Griechenland direkt auf Ihren Tisch geliefert und kostenloser Versand bei Bestellungen \u00fcber 120 \u20ac innerhalb Europas.<\/strong><\/p>","protected":false},"featured_media":12587,"template":"","meta":{"_acf_changed":false,"inline_featured_image":false},"product_cat":[625,539,614,15],"product_tag":[323,651,613],"class_list":{"0":"post-12180","1":"product","2":"type-product","3":"status-publish","4":"has-post-thumbnail","6":"product_cat-spices","7":"product_cat-mixedherbs","8":"product_cat-grinders","9":"product_cat-vall","10":"product_tag-cataloguejuly","11":"product_tag-retail","12":"product_tag-spices","14":"first","15":"instock","16":"taxable","17":"shipping-taxable","18":"purchasable","19":"product-type-simple"},"acf":[],"yoast_head":"<!-- This site is optimized with the Yoast SEO plugin v27.4 - https:\/\/yoast.com\/product\/yoast-seo-wordpress\/ -->\n<title>\u039c\u03b1\u03cd\u03c1\u03bf \u03a0\u03b9\u03c0\u03ad\u03c1\u03b9 \u03c3\u03b5 \u039c\u03cd\u03bb\u03bf - MYST<\/title>\n<meta name=\"description\" content=\"\u039f\u03bb\u03cc\u03ba\u03bb\u03b7\u03c1\u03bf\u03b9 \u03ba\u03cc\u03ba\u03ba\u03bf\u03b9 \u03bc\u03b1\u03cd\u03c1\u03bf\u03c5 \u03c0\u03b9\u03c0\u03b5\u03c1\u03b9\u03bf\u03cd \u03b5\u03be\u03b1\u03b9\u03c1\u03b5\u03c4\u03b9\u03ba\u03ae\u03c2 \u03c0\u03bf\u03b9\u03cc\u03c4\u03b7\u03c4\u03b1\u03c2, \u03bc\u03b5 \u03c0\u03b9\u03ba\u03ac\u03bd\u03c4\u03b9\u03ba\u03bf, \u03c0\u03bb\u03bf\u03cd\u03c3\u03b9\u03bf \u03ac\u03c1\u03c9\u03bc\u03b1. \u0391\u03bb\u03ad\u03b8\u03b5\u03c4\u03b1\u03b9 \u03c6\u03c1\u03ad\u03c3\u03ba\u03bf \u03ba\u03ac\u03b8\u03b5 \u03c6\u03bf\u03c1\u03ac, \u03c0\u03c1\u03bf\u03c3\u03b8\u03ad\u03c4\u03bf\u03bd\u03c4\u03b1\u03c2 \u03ad\u03bd\u03c4\u03b1\u03c3\u03b7 \u03ba\u03b1\u03b9 \u03b2\u03ac\u03b8\u03bf\u03c2 \u03c3\u03b5 \u03ba\u03ac\u03b8\u03b5 \u03c0\u03b9\u03ac\u03c4\u03bf.\" \/>\n<meta name=\"robots\" content=\"index, follow, max-snippet:-1, max-image-preview:large, max-video-preview:-1\" \/>\n<link rel=\"canonical\" href=\"https:\/\/store.myst.gr\/de\/produkt\/black-peppercorns\/\" \/>\n<meta property=\"og:locale\" content=\"de_DE\" \/>\n<meta property=\"og:type\" content=\"article\" \/>\n<meta property=\"og:title\" content=\"\u039c\u03b1\u03cd\u03c1\u03bf \u03a0\u03b9\u03c0\u03ad\u03c1\u03b9 \u03c3\u03b5 \u039c\u03cd\u03bb\u03bf - MYST\" \/>\n<meta property=\"og:description\" content=\"\u039f\u03bb\u03cc\u03ba\u03bb\u03b7\u03c1\u03bf\u03b9 \u03ba\u03cc\u03ba\u03ba\u03bf\u03b9 \u03bc\u03b1\u03cd\u03c1\u03bf\u03c5 \u03c0\u03b9\u03c0\u03b5\u03c1\u03b9\u03bf\u03cd \u03b5\u03be\u03b1\u03b9\u03c1\u03b5\u03c4\u03b9\u03ba\u03ae\u03c2 \u03c0\u03bf\u03b9\u03cc\u03c4\u03b7\u03c4\u03b1\u03c2, \u03bc\u03b5 \u03c0\u03b9\u03ba\u03ac\u03bd\u03c4\u03b9\u03ba\u03bf, \u03c0\u03bb\u03bf\u03cd\u03c3\u03b9\u03bf \u03ac\u03c1\u03c9\u03bc\u03b1. \u0391\u03bb\u03ad\u03b8\u03b5\u03c4\u03b1\u03b9 \u03c6\u03c1\u03ad\u03c3\u03ba\u03bf \u03ba\u03ac\u03b8\u03b5 \u03c6\u03bf\u03c1\u03ac, \u03c0\u03c1\u03bf\u03c3\u03b8\u03ad\u03c4\u03bf\u03bd\u03c4\u03b1\u03c2 \u03ad\u03bd\u03c4\u03b1\u03c3\u03b7 \u03ba\u03b1\u03b9 \u03b2\u03ac\u03b8\u03bf\u03c2 \u03c3\u03b5 \u03ba\u03ac\u03b8\u03b5 \u03c0\u03b9\u03ac\u03c4\u03bf.\" \/>\n<meta property=\"og:url\" content=\"https:\/\/store.myst.gr\/de\/produkt\/black-peppercorns\/\" \/>\n<meta property=\"og:site_name\" content=\"MYST\" \/>\n<meta property=\"article:publisher\" content=\"https:\/\/www.facebook.com\/mystfood\" \/>\n<meta property=\"article:modified_time\" content=\"2026-03-26T21:06:35+00:00\" \/>\n<meta property=\"og:image\" content=\"https:\/\/store.myst.gr\/wp-content\/uploads\/2025\/05\/Black-pepper-grinder-1.jpg\" \/>\n\t<meta property=\"og:image:width\" content=\"1000\" \/>\n\t<meta property=\"og:image:height\" content=\"1000\" \/>\n\t<meta property=\"og:image:type\" content=\"image\/jpeg\" \/>\n<meta name=\"twitter:card\" content=\"summary_large_image\" \/>\n<meta name=\"twitter:label1\" content=\"Gesch\u00e4tzte Lesezeit\" \/>\n\t<meta name=\"twitter:data1\" content=\"1\u00a0Minute\" \/>\n<script type=\"application\/ld+json\" class=\"yoast-schema-graph\">{\"@context\":\"https:\\\/\\\/schema.org\",\"@graph\":[{\"@type\":\"WebPage\",\"@id\":\"https:\\\/\\\/store.myst.gr\\\/product\\\/black-peppercorns\\\/\",\"url\":\"https:\\\/\\\/store.myst.gr\\\/product\\\/black-peppercorns\\\/\",\"name\":\"\u039c\u03b1\u03cd\u03c1\u03bf \u03a0\u03b9\u03c0\u03ad\u03c1\u03b9 \u03c3\u03b5 \u039c\u03cd\u03bb\u03bf - MYST\",\"isPartOf\":{\"@id\":\"https:\\\/\\\/store.myst.gr\\\/#website\"},\"primaryImageOfPage\":{\"@id\":\"https:\\\/\\\/store.myst.gr\\\/product\\\/black-peppercorns\\\/#primaryimage\"},\"image\":{\"@id\":\"https:\\\/\\\/store.myst.gr\\\/product\\\/black-peppercorns\\\/#primaryimage\"},\"thumbnailUrl\":\"https:\\\/\\\/store.myst.gr\\\/wp-content\\\/uploads\\\/2025\\\/05\\\/Black-pepper-grinder-1.jpg\",\"datePublished\":\"2025-05-12T13:20:16+00:00\",\"dateModified\":\"2026-03-26T21:06:35+00:00\",\"description\":\"\u039f\u03bb\u03cc\u03ba\u03bb\u03b7\u03c1\u03bf\u03b9 \u03ba\u03cc\u03ba\u03ba\u03bf\u03b9 \u03bc\u03b1\u03cd\u03c1\u03bf\u03c5 \u03c0\u03b9\u03c0\u03b5\u03c1\u03b9\u03bf\u03cd \u03b5\u03be\u03b1\u03b9\u03c1\u03b5\u03c4\u03b9\u03ba\u03ae\u03c2 \u03c0\u03bf\u03b9\u03cc\u03c4\u03b7\u03c4\u03b1\u03c2, \u03bc\u03b5 \u03c0\u03b9\u03ba\u03ac\u03bd\u03c4\u03b9\u03ba\u03bf, \u03c0\u03bb\u03bf\u03cd\u03c3\u03b9\u03bf \u03ac\u03c1\u03c9\u03bc\u03b1. \u0391\u03bb\u03ad\u03b8\u03b5\u03c4\u03b1\u03b9 \u03c6\u03c1\u03ad\u03c3\u03ba\u03bf \u03ba\u03ac\u03b8\u03b5 \u03c6\u03bf\u03c1\u03ac, \u03c0\u03c1\u03bf\u03c3\u03b8\u03ad\u03c4\u03bf\u03bd\u03c4\u03b1\u03c2 \u03ad\u03bd\u03c4\u03b1\u03c3\u03b7 \u03ba\u03b1\u03b9 \u03b2\u03ac\u03b8\u03bf\u03c2 \u03c3\u03b5 \u03ba\u03ac\u03b8\u03b5 \u03c0\u03b9\u03ac\u03c4\u03bf.\",\"breadcrumb\":{\"@id\":\"https:\\\/\\\/store.myst.gr\\\/product\\\/black-peppercorns\\\/#breadcrumb\"},\"inLanguage\":\"de\",\"potentialAction\":[{\"@type\":\"ReadAction\",\"target\":[\"https:\\\/\\\/store.myst.gr\\\/product\\\/black-peppercorns\\\/\"]}]},{\"@type\":\"ImageObject\",\"inLanguage\":\"de\",\"@id\":\"https:\\\/\\\/store.myst.gr\\\/product\\\/black-peppercorns\\\/#primaryimage\",\"url\":\"https:\\\/\\\/store.myst.gr\\\/wp-content\\\/uploads\\\/2025\\\/05\\\/Black-pepper-grinder-1.jpg\",\"contentUrl\":\"https:\\\/\\\/store.myst.gr\\\/wp-content\\\/uploads\\\/2025\\\/05\\\/Black-pepper-grinder-1.jpg\",\"width\":1000,\"height\":1000},{\"@type\":\"BreadcrumbList\",\"@id\":\"https:\\\/\\\/store.myst.gr\\\/product\\\/black-peppercorns\\\/#breadcrumb\",\"itemListElement\":[{\"@type\":\"ListItem\",\"position\":1,\"name\":\"Home\",\"item\":\"https:\\\/\\\/store.myst.gr\\\/\"},{\"@type\":\"ListItem\",\"position\":2,\"name\":\"Shop\",\"item\":\"https:\\\/\\\/store.myst.gr\\\/\"},{\"@type\":\"ListItem\",\"position\":3,\"name\":\"\u039c\u03b1\u03cd\u03c1\u03bf \u03a0\u03b9\u03c0\u03ad\u03c1\u03b9 \u03c3\u03b5 \u039c\u03cd\u03bb\u03bf\"}]},{\"@type\":\"WebSite\",\"@id\":\"https:\\\/\\\/store.myst.gr\\\/#website\",\"url\":\"https:\\\/\\\/store.myst.gr\\\/\",\"name\":\"Myst\",\"description\":\"\u0391\u03bd\u03b1\u03ba\u03b1\u03bb\u03cd\u03c8\u03c4\u03b5 \u03c4\u03b9\u03c2 \u03b3\u03b5\u03cd\u03c3\u03b5\u03b9\u03c2 \u03c4\u03b7\u03c2 \u0395\u03bb\u03bb\u03ac\u03b4\u03b1\u03c2\",\"publisher\":{\"@id\":\"https:\\\/\\\/store.myst.gr\\\/#organization\"},\"potentialAction\":[{\"@type\":\"SearchAction\",\"target\":{\"@type\":\"EntryPoint\",\"urlTemplate\":\"https:\\\/\\\/store.myst.gr\\\/?s={search_term_string}\"},\"query-input\":{\"@type\":\"PropertyValueSpecification\",\"valueRequired\":true,\"valueName\":\"search_term_string\"}}],\"inLanguage\":\"de\"},{\"@type\":\"Organization\",\"@id\":\"https:\\\/\\\/store.myst.gr\\\/#organization\",\"name\":\"MYST\",\"url\":\"https:\\\/\\\/store.myst.gr\\\/\",\"logo\":{\"@type\":\"ImageObject\",\"inLanguage\":\"de\",\"@id\":\"https:\\\/\\\/store.myst.gr\\\/#\\\/schema\\\/logo\\\/image\\\/\",\"url\":\"https:\\\/\\\/store.myst.gr\\\/wp-content\\\/uploads\\\/2024\\\/12\\\/myst-logo-str.svg\",\"contentUrl\":\"https:\\\/\\\/store.myst.gr\\\/wp-content\\\/uploads\\\/2024\\\/12\\\/myst-logo-str.svg\",\"width\":193,\"height\":53,\"caption\":\"MYST\"},\"image\":{\"@id\":\"https:\\\/\\\/store.myst.gr\\\/#\\\/schema\\\/logo\\\/image\\\/\"},\"sameAs\":[\"https:\\\/\\\/www.facebook.com\\\/mystfood\",\"https:\\\/\\\/www.instagram.com\\\/mystcompany\\\/\"]}]}<\/script>\n<!-- \/ Yoast SEO plugin. -->","yoast_head_json":{"title":"\u039c\u03b1\u03cd\u03c1\u03bf \u03a0\u03b9\u03c0\u03ad\u03c1\u03b9 \u03c3\u03b5 \u039c\u03cd\u03bb\u03bf - MYST","description":"\u039f\u03bb\u03cc\u03ba\u03bb\u03b7\u03c1\u03bf\u03b9 \u03ba\u03cc\u03ba\u03ba\u03bf\u03b9 \u03bc\u03b1\u03cd\u03c1\u03bf\u03c5 \u03c0\u03b9\u03c0\u03b5\u03c1\u03b9\u03bf\u03cd \u03b5\u03be\u03b1\u03b9\u03c1\u03b5\u03c4\u03b9\u03ba\u03ae\u03c2 \u03c0\u03bf\u03b9\u03cc\u03c4\u03b7\u03c4\u03b1\u03c2, \u03bc\u03b5 \u03c0\u03b9\u03ba\u03ac\u03bd\u03c4\u03b9\u03ba\u03bf, \u03c0\u03bb\u03bf\u03cd\u03c3\u03b9\u03bf \u03ac\u03c1\u03c9\u03bc\u03b1. \u0391\u03bb\u03ad\u03b8\u03b5\u03c4\u03b1\u03b9 \u03c6\u03c1\u03ad\u03c3\u03ba\u03bf \u03ba\u03ac\u03b8\u03b5 \u03c6\u03bf\u03c1\u03ac, \u03c0\u03c1\u03bf\u03c3\u03b8\u03ad\u03c4\u03bf\u03bd\u03c4\u03b1\u03c2 \u03ad\u03bd\u03c4\u03b1\u03c3\u03b7 \u03ba\u03b1\u03b9 \u03b2\u03ac\u03b8\u03bf\u03c2 \u03c3\u03b5 \u03ba\u03ac\u03b8\u03b5 \u03c0\u03b9\u03ac\u03c4\u03bf.","robots":{"index":"index","follow":"follow","max-snippet":"max-snippet:-1","max-image-preview":"max-image-preview:large","max-video-preview":"max-video-preview:-1"},"canonical":"https:\/\/store.myst.gr\/de\/produkt\/black-peppercorns\/","og_locale":"de_DE","og_type":"article","og_title":"\u039c\u03b1\u03cd\u03c1\u03bf \u03a0\u03b9\u03c0\u03ad\u03c1\u03b9 \u03c3\u03b5 \u039c\u03cd\u03bb\u03bf - MYST","og_description":"\u039f\u03bb\u03cc\u03ba\u03bb\u03b7\u03c1\u03bf\u03b9 \u03ba\u03cc\u03ba\u03ba\u03bf\u03b9 \u03bc\u03b1\u03cd\u03c1\u03bf\u03c5 \u03c0\u03b9\u03c0\u03b5\u03c1\u03b9\u03bf\u03cd \u03b5\u03be\u03b1\u03b9\u03c1\u03b5\u03c4\u03b9\u03ba\u03ae\u03c2 \u03c0\u03bf\u03b9\u03cc\u03c4\u03b7\u03c4\u03b1\u03c2, \u03bc\u03b5 \u03c0\u03b9\u03ba\u03ac\u03bd\u03c4\u03b9\u03ba\u03bf, \u03c0\u03bb\u03bf\u03cd\u03c3\u03b9\u03bf \u03ac\u03c1\u03c9\u03bc\u03b1. \u0391\u03bb\u03ad\u03b8\u03b5\u03c4\u03b1\u03b9 \u03c6\u03c1\u03ad\u03c3\u03ba\u03bf \u03ba\u03ac\u03b8\u03b5 \u03c6\u03bf\u03c1\u03ac, \u03c0\u03c1\u03bf\u03c3\u03b8\u03ad\u03c4\u03bf\u03bd\u03c4\u03b1\u03c2 \u03ad\u03bd\u03c4\u03b1\u03c3\u03b7 \u03ba\u03b1\u03b9 \u03b2\u03ac\u03b8\u03bf\u03c2 \u03c3\u03b5 \u03ba\u03ac\u03b8\u03b5 \u03c0\u03b9\u03ac\u03c4\u03bf.","og_url":"https:\/\/store.myst.gr\/de\/produkt\/black-peppercorns\/","og_site_name":"MYST","article_publisher":"https:\/\/www.facebook.com\/mystfood","article_modified_time":"2026-03-26T21:06:35+00:00","og_image":[{"width":1000,"height":1000,"url":"https:\/\/store.myst.gr\/wp-content\/uploads\/2025\/05\/Black-pepper-grinder-1.jpg","type":"image\/jpeg"}],"twitter_card":"summary_large_image","twitter_misc":{"Gesch\u00e4tzte Lesezeit":"1\u00a0Minute"},"schema":{"@context":"https:\/\/schema.org","@graph":[{"@type":"WebPage","@id":"https:\/\/store.myst.gr\/product\/black-peppercorns\/","url":"https:\/\/store.myst.gr\/product\/black-peppercorns\/","name":"\u039c\u03b1\u03cd\u03c1\u03bf \u03a0\u03b9\u03c0\u03ad\u03c1\u03b9 \u03c3\u03b5 \u039c\u03cd\u03bb\u03bf - MYST","isPartOf":{"@id":"https:\/\/store.myst.gr\/#website"},"primaryImageOfPage":{"@id":"https:\/\/store.myst.gr\/product\/black-peppercorns\/#primaryimage"},"image":{"@id":"https:\/\/store.myst.gr\/product\/black-peppercorns\/#primaryimage"},"thumbnailUrl":"https:\/\/store.myst.gr\/wp-content\/uploads\/2025\/05\/Black-pepper-grinder-1.jpg","datePublished":"2025-05-12T13:20:16+00:00","dateModified":"2026-03-26T21:06:35+00:00","description":"\u039f\u03bb\u03cc\u03ba\u03bb\u03b7\u03c1\u03bf\u03b9 \u03ba\u03cc\u03ba\u03ba\u03bf\u03b9 \u03bc\u03b1\u03cd\u03c1\u03bf\u03c5 \u03c0\u03b9\u03c0\u03b5\u03c1\u03b9\u03bf\u03cd \u03b5\u03be\u03b1\u03b9\u03c1\u03b5\u03c4\u03b9\u03ba\u03ae\u03c2 \u03c0\u03bf\u03b9\u03cc\u03c4\u03b7\u03c4\u03b1\u03c2, \u03bc\u03b5 \u03c0\u03b9\u03ba\u03ac\u03bd\u03c4\u03b9\u03ba\u03bf, \u03c0\u03bb\u03bf\u03cd\u03c3\u03b9\u03bf \u03ac\u03c1\u03c9\u03bc\u03b1. \u0391\u03bb\u03ad\u03b8\u03b5\u03c4\u03b1\u03b9 \u03c6\u03c1\u03ad\u03c3\u03ba\u03bf \u03ba\u03ac\u03b8\u03b5 \u03c6\u03bf\u03c1\u03ac, \u03c0\u03c1\u03bf\u03c3\u03b8\u03ad\u03c4\u03bf\u03bd\u03c4\u03b1\u03c2 \u03ad\u03bd\u03c4\u03b1\u03c3\u03b7 \u03ba\u03b1\u03b9 \u03b2\u03ac\u03b8\u03bf\u03c2 \u03c3\u03b5 \u03ba\u03ac\u03b8\u03b5 \u03c0\u03b9\u03ac\u03c4\u03bf.","breadcrumb":{"@id":"https:\/\/store.myst.gr\/product\/black-peppercorns\/#breadcrumb"},"inLanguage":"de","potentialAction":[{"@type":"ReadAction","target":["https:\/\/store.myst.gr\/product\/black-peppercorns\/"]}]},{"@type":"ImageObject","inLanguage":"de","@id":"https:\/\/store.myst.gr\/product\/black-peppercorns\/#primaryimage","url":"https:\/\/store.myst.gr\/wp-content\/uploads\/2025\/05\/Black-pepper-grinder-1.jpg","contentUrl":"https:\/\/store.myst.gr\/wp-content\/uploads\/2025\/05\/Black-pepper-grinder-1.jpg","width":1000,"height":1000},{"@type":"BreadcrumbList","@id":"https:\/\/store.myst.gr\/product\/black-peppercorns\/#breadcrumb","itemListElement":[{"@type":"ListItem","position":1,"name":"Home","item":"https:\/\/store.myst.gr\/"},{"@type":"ListItem","position":2,"name":"Shop","item":"https:\/\/store.myst.gr\/"},{"@type":"ListItem","position":3,"name":"\u039c\u03b1\u03cd\u03c1\u03bf \u03a0\u03b9\u03c0\u03ad\u03c1\u03b9 \u03c3\u03b5 \u039c\u03cd\u03bb\u03bf"}]},{"@type":"WebSite","@id":"https:\/\/store.myst.gr\/#website","url":"https:\/\/store.myst.gr\/","name":"Myst","description":"\u0391\u03bd\u03b1\u03ba\u03b1\u03bb\u03cd\u03c8\u03c4\u03b5 \u03c4\u03b9\u03c2 \u03b3\u03b5\u03cd\u03c3\u03b5\u03b9\u03c2 \u03c4\u03b7\u03c2 \u0395\u03bb\u03bb\u03ac\u03b4\u03b1\u03c2","publisher":{"@id":"https:\/\/store.myst.gr\/#organization"},"potentialAction":[{"@type":"SearchAction","target":{"@type":"EntryPoint","urlTemplate":"https:\/\/store.myst.gr\/?s={search_term_string}"},"query-input":{"@type":"PropertyValueSpecification","valueRequired":true,"valueName":"search_term_string"}}],"inLanguage":"de"},{"@type":"Organization","@id":"https:\/\/store.myst.gr\/#organization","name":"MYST","url":"https:\/\/store.myst.gr\/","logo":{"@type":"ImageObject","inLanguage":"de","@id":"https:\/\/store.myst.gr\/#\/schema\/logo\/image\/","url":"https:\/\/store.myst.gr\/wp-content\/uploads\/2024\/12\/myst-logo-str.svg","contentUrl":"https:\/\/store.myst.gr\/wp-content\/uploads\/2024\/12\/myst-logo-str.svg","width":193,"height":53,"caption":"MYST"},"image":{"@id":"https:\/\/store.myst.gr\/#\/schema\/logo\/image\/"},"sameAs":["https:\/\/www.facebook.com\/mystfood","https:\/\/www.instagram.com\/mystcompany\/"]}]}},"_links":{"self":[{"href":"https:\/\/store.myst.gr\/de\/wp-json\/wp\/v2\/product\/12180","targetHints":{"allow":["GET"]}}],"collection":[{"href":"https:\/\/store.myst.gr\/de\/wp-json\/wp\/v2\/product"}],"about":[{"href":"https:\/\/store.myst.gr\/de\/wp-json\/wp\/v2\/types\/product"}],"wp:featuredmedia":[{"embeddable":true,"href":"https:\/\/store.myst.gr\/de\/wp-json\/wp\/v2\/media\/12587"}],"wp:attachment":[{"href":"https:\/\/store.myst.gr\/de\/wp-json\/wp\/v2\/media?parent=12180"}],"wp:term":[{"taxonomy":"product_cat","embeddable":true,"href":"https:\/\/store.myst.gr\/de\/wp-json\/wp\/v2\/product_cat?post=12180"},{"taxonomy":"product_tag","embeddable":true,"href":"https:\/\/store.myst.gr\/de\/wp-json\/wp\/v2\/product_tag?post=12180"}],"curies":[{"name":"wp","href":"https:\/\/api.w.org\/{rel}","templated":true}]}}