{"id":12123,"date":"2025-05-12T09:33:47","date_gmt":"2025-05-12T09:33:47","guid":{"rendered":"https:\/\/store.myst.gr\/?post_type=product&#038;p=12123"},"modified":"2026-02-24T07:47:14","modified_gmt":"2026-02-24T07:47:14","slug":"seasalt-blend-tomato-basil","status":"publish","type":"product","link":"https:\/\/store.myst.gr\/de\/product\/seasalt-blend-tomato-basil\/","title":{"rendered":"Meersalzmischung Tomate &amp; Basilikum"},"content":{"rendered":"<p class=\"p1\"><span class=\"s1\"><strong>Beschreibung:<\/strong>\u00a0\u00a0Ein reines, nat\u00fcrliches Steinsalz, eine ideale Erg\u00e4nzung Ihrer kulinarischen Kreationen.<\/span><\/p>\n<p class=\"p1\"><strong><span class=\"s1\">Zutaten :\u00a0<\/span><\/strong><span class=\"s1\">Reines Meersalz aus den Ausl\u00e4ufern des Olymps mit getrockneter Tomate und aromatischem Basilikum.<\/span><\/p>\n<p class=\"p1\"><span class=\"s1\"><strong>Eigenschaften:<\/strong>\u00a0Ganz nat\u00fcrlich, KEINE k\u00fcnstlichen Aromen hinzugef\u00fcgt, nur nat\u00fcrliche Zutaten<\/span><\/p>\n<p class=\"p1\"><span class=\"s1\"><strong>Verwendung f\u00fcr:<\/strong>\u00a0W\u00fcrzt Fleisch, Fisch, Huhn, Pasta, Gem\u00fcse und Salate<\/span><\/p>\n<p data-start=\"369\" data-end=\"796\">Erleben Sie die Kraft der Natur mit dieser einzigartigen Mischung von MYST: reines Meersalz, veredelt mit sonnengetrockneten Tomaten und aromatischem Basilikum. Dieses zu 100 % nat\u00fcrliche Produkt enth\u00e4lt keine k\u00fcnstlichen Zusatzstoffe oder Aromen und wird sorgf\u00e4ltig am Fu\u00dfe des Olymps \u2013 dem Berg der G\u00f6tter \u2013 geerntet. Das Salz wird auf nat\u00fcrliche Weise an der Sonne getrocknet, sodass alle wertvollen Mineralien und der authentische Geschmack Griechenlands erhalten bleiben.<\/p>\n<p data-start=\"798\" data-end=\"1239\">Die sonnengetrocknete Tomate verleiht dem Salz eine angenehm s\u00fc\u00dfliche Note, die perfekt mit dem w\u00fcrzigen Charakter des Basilikums harmoniert. Dieses aromatische Meersalz eignet sich hervorragend zum Verfeinern von gegrilltem Fleisch, frischem Fisch, saftigem H\u00e4hnchen oder Pasta mit Tomatensauce. Es passt auch ideal zu ger\u00f6stetem Gem\u00fcse, frischen Salaten oder einfach auf Brot mit Oliven\u00f6l \u2013 f\u00fcr ein echtes mediterranes Geschmackserlebnis.<\/p>\n<p data-start=\"1241\" data-end=\"1555\">Dank seiner nat\u00fcrlichen Zusammensetzung und seinem ausgewogenen Geschmack ist dieses Tomaten-Basilikum-Salz vom Olymp die perfekte Wahl f\u00fcr alle, die Wert auf gesunde, geschmackvolle und hochwertige Zutaten legen. Es ist vegan, glutenfrei und nachhaltig verpackt.<\/p>","protected":false},"excerpt":{"rendered":"<p>Reines Meersalz aus den Ausl\u00e4ufern des Olymps, kombiniert mit nat\u00fcrlich getrockneter Tomate und aromatischem Basilikum. Eine Mischung mit ausgepr\u00e4gtem mediterranem Charakter, die s\u00fc\u00dfliche S\u00e4ure der Tomate mit der frischen, kr\u00e4uterigen Note des Basilikums vereint. Ideal f\u00fcr Pasta, Salate, Saucen und mediterrane Gerichte.<\/p>\n<p><span class=\"s1\">Entdecken Sie mit diesen perfekt ausgewogenen Meersalzen den Koch in sich.<\/span><\/p>\n<p><strong>Inhalt : e 200g<\/strong><\/p>\n<p class=\"p1\"><strong>Die besten Produkte aus Griechenland direkt auf Ihren Tisch geliefert und kostenloser Versand bei Bestellungen \u00fcber 120 \u20ac innerhalb Europas.<\/strong><\/p>","protected":false},"featured_media":12557,"template":"","meta":{"_acf_changed":false,"inline_featured_image":false},"product_cat":[538,536,15],"product_tag":[323,651,613],"class_list":{"0":"post-12123","1":"product","2":"type-product","3":"status-publish","4":"has-post-thumbnail","6":"product_cat-seasalt","7":"product_cat-herbsandspices","8":"product_cat-vall","9":"product_tag-cataloguejuly","10":"product_tag-retail","11":"product_tag-spices","13":"first","14":"instock","15":"taxable","16":"shipping-taxable","17":"purchasable","18":"product-type-simple"},"acf":[],"yoast_head":"<!-- This site is optimized with the Yoast SEO plugin v27.4 - https:\/\/yoast.com\/product\/yoast-seo-wordpress\/ -->\n<title>\u0398\u03b1\u03bb\u03b1\u03c3\u03c3\u03b9\u03bd\u03cc \u0391\u03bb\u03ac\u03c4\u03b9 \u03a4\u03bf\u03bc\u03ac\u03c4\u03b1 \u03ba\u03b1\u03b9 \u0392\u03b1\u03c3\u03b9\u03bb\u03b9\u03ba\u03cc\u03c2 - MYST<\/title>\n<meta name=\"description\" content=\"\u0391\u03b3\u03bd\u03cc \u03b8\u03b1\u03bb\u03b1\u03c3\u03c3\u03b9\u03bd\u03cc \u03b1\u03bb\u03ac\u03c4\u03b9 \u03b1\u03c0\u03cc \u03c4\u03bf\u03c5\u03c2 \u03c0\u03c1\u03cc\u03c0\u03bf\u03b4\u03b5\u03c2 \u03c4\u03bf\u03c5 \u039f\u03bb\u03cd\u03bc\u03c0\u03bf\u03c5, \u03c3\u03b5 \u03c3\u03c5\u03bd\u03b4\u03c5\u03b1\u03c3\u03bc\u03cc \u03bc\u03b5 \u03c6\u03c5\u03c3\u03b9\u03ba\u03ae \u03b1\u03c0\u03bf\u03be\u03b7\u03c1\u03b1\u03bc\u03ad\u03bd\u03b7 \u03c4\u03bf\u03bc\u03ac\u03c4\u03b1 \u03ba\u03b1\u03b9 \u03b1\u03c1\u03c9\u03bc\u03b1\u03c4\u03b9\u03ba\u03cc \u03b2\u03b1\u03c3\u03b9\u03bb\u03b9\u03ba\u03cc. \u0388\u03bd\u03b1 \u03bc\u03b5\u03af\u03b3\u03bc\u03b1 \u03bc\u03b5 \u03ad\u03bd\u03c4\u03bf\u03bd\u03bf \u03bc\u03b5\u03c3\u03bf\u03b3\u03b5\u03b9\u03b1\u03ba\u03cc \u03c7\" \/>\n<meta name=\"robots\" content=\"index, follow, max-snippet:-1, max-image-preview:large, max-video-preview:-1\" \/>\n<link rel=\"canonical\" href=\"https:\/\/store.myst.gr\/de\/produkt\/seasalt-blend-tomato-basil\/\" \/>\n<meta property=\"og:locale\" content=\"de_DE\" \/>\n<meta property=\"og:type\" content=\"article\" \/>\n<meta property=\"og:title\" content=\"\u0398\u03b1\u03bb\u03b1\u03c3\u03c3\u03b9\u03bd\u03cc \u0391\u03bb\u03ac\u03c4\u03b9 \u03a4\u03bf\u03bc\u03ac\u03c4\u03b1 \u03ba\u03b1\u03b9 \u0392\u03b1\u03c3\u03b9\u03bb\u03b9\u03ba\u03cc\u03c2 - MYST\" \/>\n<meta property=\"og:description\" content=\"\u0391\u03b3\u03bd\u03cc \u03b8\u03b1\u03bb\u03b1\u03c3\u03c3\u03b9\u03bd\u03cc \u03b1\u03bb\u03ac\u03c4\u03b9 \u03b1\u03c0\u03cc \u03c4\u03bf\u03c5\u03c2 \u03c0\u03c1\u03cc\u03c0\u03bf\u03b4\u03b5\u03c2 \u03c4\u03bf\u03c5 \u039f\u03bb\u03cd\u03bc\u03c0\u03bf\u03c5, \u03c3\u03b5 \u03c3\u03c5\u03bd\u03b4\u03c5\u03b1\u03c3\u03bc\u03cc \u03bc\u03b5 \u03c6\u03c5\u03c3\u03b9\u03ba\u03ae \u03b1\u03c0\u03bf\u03be\u03b7\u03c1\u03b1\u03bc\u03ad\u03bd\u03b7 \u03c4\u03bf\u03bc\u03ac\u03c4\u03b1 \u03ba\u03b1\u03b9 \u03b1\u03c1\u03c9\u03bc\u03b1\u03c4\u03b9\u03ba\u03cc \u03b2\u03b1\u03c3\u03b9\u03bb\u03b9\u03ba\u03cc. \u0388\u03bd\u03b1 \u03bc\u03b5\u03af\u03b3\u03bc\u03b1 \u03bc\u03b5 \u03ad\u03bd\u03c4\u03bf\u03bd\u03bf \u03bc\u03b5\u03c3\u03bf\u03b3\u03b5\u03b9\u03b1\u03ba\u03cc \u03c7\" \/>\n<meta property=\"og:url\" content=\"https:\/\/store.myst.gr\/de\/produkt\/seasalt-blend-tomato-basil\/\" \/>\n<meta property=\"og:site_name\" content=\"MYST\" \/>\n<meta property=\"article:publisher\" content=\"https:\/\/www.facebook.com\/mystfood\" \/>\n<meta property=\"article:modified_time\" content=\"2026-02-24T07:47:14+00:00\" \/>\n<meta property=\"og:image\" content=\"https:\/\/store.myst.gr\/wp-content\/uploads\/2025\/05\/Sea-Salt-Blend-Basil-tomato-1-1.jpg\" \/>\n\t<meta property=\"og:image:width\" content=\"1000\" \/>\n\t<meta property=\"og:image:height\" content=\"1000\" \/>\n\t<meta property=\"og:image:type\" content=\"image\/jpeg\" \/>\n<meta name=\"twitter:card\" content=\"summary_large_image\" \/>\n<meta name=\"twitter:label1\" content=\"Gesch\u00e4tzte Lesezeit\" \/>\n\t<meta name=\"twitter:data1\" content=\"2\u00a0Minuten\" \/>\n<script type=\"application\/ld+json\" class=\"yoast-schema-graph\">{\"@context\":\"https:\\\/\\\/schema.org\",\"@graph\":[{\"@type\":\"WebPage\",\"@id\":\"https:\\\/\\\/store.myst.gr\\\/product\\\/seasalt-blend-tomato-basil\\\/\",\"url\":\"https:\\\/\\\/store.myst.gr\\\/product\\\/seasalt-blend-tomato-basil\\\/\",\"name\":\"\u0398\u03b1\u03bb\u03b1\u03c3\u03c3\u03b9\u03bd\u03cc \u0391\u03bb\u03ac\u03c4\u03b9 \u03a4\u03bf\u03bc\u03ac\u03c4\u03b1 \u03ba\u03b1\u03b9 \u0392\u03b1\u03c3\u03b9\u03bb\u03b9\u03ba\u03cc\u03c2 - MYST\",\"isPartOf\":{\"@id\":\"https:\\\/\\\/store.myst.gr\\\/#website\"},\"primaryImageOfPage\":{\"@id\":\"https:\\\/\\\/store.myst.gr\\\/product\\\/seasalt-blend-tomato-basil\\\/#primaryimage\"},\"image\":{\"@id\":\"https:\\\/\\\/store.myst.gr\\\/product\\\/seasalt-blend-tomato-basil\\\/#primaryimage\"},\"thumbnailUrl\":\"https:\\\/\\\/store.myst.gr\\\/wp-content\\\/uploads\\\/2025\\\/05\\\/Sea-Salt-Blend-Basil-tomato-1-1.jpg\",\"datePublished\":\"2025-05-12T09:33:47+00:00\",\"dateModified\":\"2026-02-24T07:47:14+00:00\",\"description\":\"\u0391\u03b3\u03bd\u03cc \u03b8\u03b1\u03bb\u03b1\u03c3\u03c3\u03b9\u03bd\u03cc \u03b1\u03bb\u03ac\u03c4\u03b9 \u03b1\u03c0\u03cc \u03c4\u03bf\u03c5\u03c2 \u03c0\u03c1\u03cc\u03c0\u03bf\u03b4\u03b5\u03c2 \u03c4\u03bf\u03c5 \u039f\u03bb\u03cd\u03bc\u03c0\u03bf\u03c5, \u03c3\u03b5 \u03c3\u03c5\u03bd\u03b4\u03c5\u03b1\u03c3\u03bc\u03cc \u03bc\u03b5 \u03c6\u03c5\u03c3\u03b9\u03ba\u03ae \u03b1\u03c0\u03bf\u03be\u03b7\u03c1\u03b1\u03bc\u03ad\u03bd\u03b7 \u03c4\u03bf\u03bc\u03ac\u03c4\u03b1 \u03ba\u03b1\u03b9 \u03b1\u03c1\u03c9\u03bc\u03b1\u03c4\u03b9\u03ba\u03cc \u03b2\u03b1\u03c3\u03b9\u03bb\u03b9\u03ba\u03cc. \u0388\u03bd\u03b1 \u03bc\u03b5\u03af\u03b3\u03bc\u03b1 \u03bc\u03b5 \u03ad\u03bd\u03c4\u03bf\u03bd\u03bf \u03bc\u03b5\u03c3\u03bf\u03b3\u03b5\u03b9\u03b1\u03ba\u03cc \u03c7\",\"breadcrumb\":{\"@id\":\"https:\\\/\\\/store.myst.gr\\\/product\\\/seasalt-blend-tomato-basil\\\/#breadcrumb\"},\"inLanguage\":\"de\",\"potentialAction\":[{\"@type\":\"ReadAction\",\"target\":[\"https:\\\/\\\/store.myst.gr\\\/product\\\/seasalt-blend-tomato-basil\\\/\"]}]},{\"@type\":\"ImageObject\",\"inLanguage\":\"de\",\"@id\":\"https:\\\/\\\/store.myst.gr\\\/product\\\/seasalt-blend-tomato-basil\\\/#primaryimage\",\"url\":\"https:\\\/\\\/store.myst.gr\\\/wp-content\\\/uploads\\\/2025\\\/05\\\/Sea-Salt-Blend-Basil-tomato-1-1.jpg\",\"contentUrl\":\"https:\\\/\\\/store.myst.gr\\\/wp-content\\\/uploads\\\/2025\\\/05\\\/Sea-Salt-Blend-Basil-tomato-1-1.jpg\",\"width\":1000,\"height\":1000},{\"@type\":\"BreadcrumbList\",\"@id\":\"https:\\\/\\\/store.myst.gr\\\/product\\\/seasalt-blend-tomato-basil\\\/#breadcrumb\",\"itemListElement\":[{\"@type\":\"ListItem\",\"position\":1,\"name\":\"Home\",\"item\":\"https:\\\/\\\/store.myst.gr\\\/\"},{\"@type\":\"ListItem\",\"position\":2,\"name\":\"Shop\",\"item\":\"https:\\\/\\\/store.myst.gr\\\/\"},{\"@type\":\"ListItem\",\"position\":3,\"name\":\"\u0398\u03b1\u03bb\u03b1\u03c3\u03c3\u03b9\u03bd\u03cc \u0391\u03bb\u03ac\u03c4\u03b9 \u03a4\u03bf\u03bc\u03ac\u03c4\u03b1 \u03ba\u03b1\u03b9 \u0392\u03b1\u03c3\u03b9\u03bb\u03b9\u03ba\u03cc\u03c2\"}]},{\"@type\":\"WebSite\",\"@id\":\"https:\\\/\\\/store.myst.gr\\\/#website\",\"url\":\"https:\\\/\\\/store.myst.gr\\\/\",\"name\":\"Myst\",\"description\":\"\u0391\u03bd\u03b1\u03ba\u03b1\u03bb\u03cd\u03c8\u03c4\u03b5 \u03c4\u03b9\u03c2 \u03b3\u03b5\u03cd\u03c3\u03b5\u03b9\u03c2 \u03c4\u03b7\u03c2 \u0395\u03bb\u03bb\u03ac\u03b4\u03b1\u03c2\",\"publisher\":{\"@id\":\"https:\\\/\\\/store.myst.gr\\\/#organization\"},\"potentialAction\":[{\"@type\":\"SearchAction\",\"target\":{\"@type\":\"EntryPoint\",\"urlTemplate\":\"https:\\\/\\\/store.myst.gr\\\/?s={search_term_string}\"},\"query-input\":{\"@type\":\"PropertyValueSpecification\",\"valueRequired\":true,\"valueName\":\"search_term_string\"}}],\"inLanguage\":\"de\"},{\"@type\":\"Organization\",\"@id\":\"https:\\\/\\\/store.myst.gr\\\/#organization\",\"name\":\"MYST\",\"url\":\"https:\\\/\\\/store.myst.gr\\\/\",\"logo\":{\"@type\":\"ImageObject\",\"inLanguage\":\"de\",\"@id\":\"https:\\\/\\\/store.myst.gr\\\/#\\\/schema\\\/logo\\\/image\\\/\",\"url\":\"https:\\\/\\\/store.myst.gr\\\/wp-content\\\/uploads\\\/2024\\\/12\\\/myst-logo-str.svg\",\"contentUrl\":\"https:\\\/\\\/store.myst.gr\\\/wp-content\\\/uploads\\\/2024\\\/12\\\/myst-logo-str.svg\",\"width\":193,\"height\":53,\"caption\":\"MYST\"},\"image\":{\"@id\":\"https:\\\/\\\/store.myst.gr\\\/#\\\/schema\\\/logo\\\/image\\\/\"},\"sameAs\":[\"https:\\\/\\\/www.facebook.com\\\/mystfood\",\"https:\\\/\\\/www.instagram.com\\\/mystcompany\\\/\"]}]}<\/script>\n<!-- \/ Yoast SEO plugin. -->","yoast_head_json":{"title":"\u0398\u03b1\u03bb\u03b1\u03c3\u03c3\u03b9\u03bd\u03cc \u0391\u03bb\u03ac\u03c4\u03b9 \u03a4\u03bf\u03bc\u03ac\u03c4\u03b1 \u03ba\u03b1\u03b9 \u0392\u03b1\u03c3\u03b9\u03bb\u03b9\u03ba\u03cc\u03c2 - MYST","description":"\u0391\u03b3\u03bd\u03cc \u03b8\u03b1\u03bb\u03b1\u03c3\u03c3\u03b9\u03bd\u03cc \u03b1\u03bb\u03ac\u03c4\u03b9 \u03b1\u03c0\u03cc \u03c4\u03bf\u03c5\u03c2 \u03c0\u03c1\u03cc\u03c0\u03bf\u03b4\u03b5\u03c2 \u03c4\u03bf\u03c5 \u039f\u03bb\u03cd\u03bc\u03c0\u03bf\u03c5, \u03c3\u03b5 \u03c3\u03c5\u03bd\u03b4\u03c5\u03b1\u03c3\u03bc\u03cc \u03bc\u03b5 \u03c6\u03c5\u03c3\u03b9\u03ba\u03ae \u03b1\u03c0\u03bf\u03be\u03b7\u03c1\u03b1\u03bc\u03ad\u03bd\u03b7 \u03c4\u03bf\u03bc\u03ac\u03c4\u03b1 \u03ba\u03b1\u03b9 \u03b1\u03c1\u03c9\u03bc\u03b1\u03c4\u03b9\u03ba\u03cc \u03b2\u03b1\u03c3\u03b9\u03bb\u03b9\u03ba\u03cc. \u0388\u03bd\u03b1 \u03bc\u03b5\u03af\u03b3\u03bc\u03b1 \u03bc\u03b5 \u03ad\u03bd\u03c4\u03bf\u03bd\u03bf \u03bc\u03b5\u03c3\u03bf\u03b3\u03b5\u03b9\u03b1\u03ba\u03cc \u03c7","robots":{"index":"index","follow":"follow","max-snippet":"max-snippet:-1","max-image-preview":"max-image-preview:large","max-video-preview":"max-video-preview:-1"},"canonical":"https:\/\/store.myst.gr\/de\/produkt\/seasalt-blend-tomato-basil\/","og_locale":"de_DE","og_type":"article","og_title":"\u0398\u03b1\u03bb\u03b1\u03c3\u03c3\u03b9\u03bd\u03cc \u0391\u03bb\u03ac\u03c4\u03b9 \u03a4\u03bf\u03bc\u03ac\u03c4\u03b1 \u03ba\u03b1\u03b9 \u0392\u03b1\u03c3\u03b9\u03bb\u03b9\u03ba\u03cc\u03c2 - MYST","og_description":"\u0391\u03b3\u03bd\u03cc \u03b8\u03b1\u03bb\u03b1\u03c3\u03c3\u03b9\u03bd\u03cc \u03b1\u03bb\u03ac\u03c4\u03b9 \u03b1\u03c0\u03cc \u03c4\u03bf\u03c5\u03c2 \u03c0\u03c1\u03cc\u03c0\u03bf\u03b4\u03b5\u03c2 \u03c4\u03bf\u03c5 \u039f\u03bb\u03cd\u03bc\u03c0\u03bf\u03c5, \u03c3\u03b5 \u03c3\u03c5\u03bd\u03b4\u03c5\u03b1\u03c3\u03bc\u03cc \u03bc\u03b5 \u03c6\u03c5\u03c3\u03b9\u03ba\u03ae \u03b1\u03c0\u03bf\u03be\u03b7\u03c1\u03b1\u03bc\u03ad\u03bd\u03b7 \u03c4\u03bf\u03bc\u03ac\u03c4\u03b1 \u03ba\u03b1\u03b9 \u03b1\u03c1\u03c9\u03bc\u03b1\u03c4\u03b9\u03ba\u03cc \u03b2\u03b1\u03c3\u03b9\u03bb\u03b9\u03ba\u03cc. \u0388\u03bd\u03b1 \u03bc\u03b5\u03af\u03b3\u03bc\u03b1 \u03bc\u03b5 \u03ad\u03bd\u03c4\u03bf\u03bd\u03bf \u03bc\u03b5\u03c3\u03bf\u03b3\u03b5\u03b9\u03b1\u03ba\u03cc \u03c7","og_url":"https:\/\/store.myst.gr\/de\/produkt\/seasalt-blend-tomato-basil\/","og_site_name":"MYST","article_publisher":"https:\/\/www.facebook.com\/mystfood","article_modified_time":"2026-02-24T07:47:14+00:00","og_image":[{"width":1000,"height":1000,"url":"https:\/\/store.myst.gr\/wp-content\/uploads\/2025\/05\/Sea-Salt-Blend-Basil-tomato-1-1.jpg","type":"image\/jpeg"}],"twitter_card":"summary_large_image","twitter_misc":{"Gesch\u00e4tzte Lesezeit":"2\u00a0Minuten"},"schema":{"@context":"https:\/\/schema.org","@graph":[{"@type":"WebPage","@id":"https:\/\/store.myst.gr\/product\/seasalt-blend-tomato-basil\/","url":"https:\/\/store.myst.gr\/product\/seasalt-blend-tomato-basil\/","name":"\u0398\u03b1\u03bb\u03b1\u03c3\u03c3\u03b9\u03bd\u03cc \u0391\u03bb\u03ac\u03c4\u03b9 \u03a4\u03bf\u03bc\u03ac\u03c4\u03b1 \u03ba\u03b1\u03b9 \u0392\u03b1\u03c3\u03b9\u03bb\u03b9\u03ba\u03cc\u03c2 - MYST","isPartOf":{"@id":"https:\/\/store.myst.gr\/#website"},"primaryImageOfPage":{"@id":"https:\/\/store.myst.gr\/product\/seasalt-blend-tomato-basil\/#primaryimage"},"image":{"@id":"https:\/\/store.myst.gr\/product\/seasalt-blend-tomato-basil\/#primaryimage"},"thumbnailUrl":"https:\/\/store.myst.gr\/wp-content\/uploads\/2025\/05\/Sea-Salt-Blend-Basil-tomato-1-1.jpg","datePublished":"2025-05-12T09:33:47+00:00","dateModified":"2026-02-24T07:47:14+00:00","description":"\u0391\u03b3\u03bd\u03cc \u03b8\u03b1\u03bb\u03b1\u03c3\u03c3\u03b9\u03bd\u03cc \u03b1\u03bb\u03ac\u03c4\u03b9 \u03b1\u03c0\u03cc \u03c4\u03bf\u03c5\u03c2 \u03c0\u03c1\u03cc\u03c0\u03bf\u03b4\u03b5\u03c2 \u03c4\u03bf\u03c5 \u039f\u03bb\u03cd\u03bc\u03c0\u03bf\u03c5, \u03c3\u03b5 \u03c3\u03c5\u03bd\u03b4\u03c5\u03b1\u03c3\u03bc\u03cc \u03bc\u03b5 \u03c6\u03c5\u03c3\u03b9\u03ba\u03ae \u03b1\u03c0\u03bf\u03be\u03b7\u03c1\u03b1\u03bc\u03ad\u03bd\u03b7 \u03c4\u03bf\u03bc\u03ac\u03c4\u03b1 \u03ba\u03b1\u03b9 \u03b1\u03c1\u03c9\u03bc\u03b1\u03c4\u03b9\u03ba\u03cc \u03b2\u03b1\u03c3\u03b9\u03bb\u03b9\u03ba\u03cc. \u0388\u03bd\u03b1 \u03bc\u03b5\u03af\u03b3\u03bc\u03b1 \u03bc\u03b5 \u03ad\u03bd\u03c4\u03bf\u03bd\u03bf \u03bc\u03b5\u03c3\u03bf\u03b3\u03b5\u03b9\u03b1\u03ba\u03cc \u03c7","breadcrumb":{"@id":"https:\/\/store.myst.gr\/product\/seasalt-blend-tomato-basil\/#breadcrumb"},"inLanguage":"de","potentialAction":[{"@type":"ReadAction","target":["https:\/\/store.myst.gr\/product\/seasalt-blend-tomato-basil\/"]}]},{"@type":"ImageObject","inLanguage":"de","@id":"https:\/\/store.myst.gr\/product\/seasalt-blend-tomato-basil\/#primaryimage","url":"https:\/\/store.myst.gr\/wp-content\/uploads\/2025\/05\/Sea-Salt-Blend-Basil-tomato-1-1.jpg","contentUrl":"https:\/\/store.myst.gr\/wp-content\/uploads\/2025\/05\/Sea-Salt-Blend-Basil-tomato-1-1.jpg","width":1000,"height":1000},{"@type":"BreadcrumbList","@id":"https:\/\/store.myst.gr\/product\/seasalt-blend-tomato-basil\/#breadcrumb","itemListElement":[{"@type":"ListItem","position":1,"name":"Home","item":"https:\/\/store.myst.gr\/"},{"@type":"ListItem","position":2,"name":"Shop","item":"https:\/\/store.myst.gr\/"},{"@type":"ListItem","position":3,"name":"\u0398\u03b1\u03bb\u03b1\u03c3\u03c3\u03b9\u03bd\u03cc \u0391\u03bb\u03ac\u03c4\u03b9 \u03a4\u03bf\u03bc\u03ac\u03c4\u03b1 \u03ba\u03b1\u03b9 \u0392\u03b1\u03c3\u03b9\u03bb\u03b9\u03ba\u03cc\u03c2"}]},{"@type":"WebSite","@id":"https:\/\/store.myst.gr\/#website","url":"https:\/\/store.myst.gr\/","name":"Myst","description":"\u0391\u03bd\u03b1\u03ba\u03b1\u03bb\u03cd\u03c8\u03c4\u03b5 \u03c4\u03b9\u03c2 \u03b3\u03b5\u03cd\u03c3\u03b5\u03b9\u03c2 \u03c4\u03b7\u03c2 \u0395\u03bb\u03bb\u03ac\u03b4\u03b1\u03c2","publisher":{"@id":"https:\/\/store.myst.gr\/#organization"},"potentialAction":[{"@type":"SearchAction","target":{"@type":"EntryPoint","urlTemplate":"https:\/\/store.myst.gr\/?s={search_term_string}"},"query-input":{"@type":"PropertyValueSpecification","valueRequired":true,"valueName":"search_term_string"}}],"inLanguage":"de"},{"@type":"Organization","@id":"https:\/\/store.myst.gr\/#organization","name":"MYST","url":"https:\/\/store.myst.gr\/","logo":{"@type":"ImageObject","inLanguage":"de","@id":"https:\/\/store.myst.gr\/#\/schema\/logo\/image\/","url":"https:\/\/store.myst.gr\/wp-content\/uploads\/2024\/12\/myst-logo-str.svg","contentUrl":"https:\/\/store.myst.gr\/wp-content\/uploads\/2024\/12\/myst-logo-str.svg","width":193,"height":53,"caption":"MYST"},"image":{"@id":"https:\/\/store.myst.gr\/#\/schema\/logo\/image\/"},"sameAs":["https:\/\/www.facebook.com\/mystfood","https:\/\/www.instagram.com\/mystcompany\/"]}]}},"_links":{"self":[{"href":"https:\/\/store.myst.gr\/de\/wp-json\/wp\/v2\/product\/12123","targetHints":{"allow":["GET"]}}],"collection":[{"href":"https:\/\/store.myst.gr\/de\/wp-json\/wp\/v2\/product"}],"about":[{"href":"https:\/\/store.myst.gr\/de\/wp-json\/wp\/v2\/types\/product"}],"wp:featuredmedia":[{"embeddable":true,"href":"https:\/\/store.myst.gr\/de\/wp-json\/wp\/v2\/media\/12557"}],"wp:attachment":[{"href":"https:\/\/store.myst.gr\/de\/wp-json\/wp\/v2\/media?parent=12123"}],"wp:term":[{"taxonomy":"product_cat","embeddable":true,"href":"https:\/\/store.myst.gr\/de\/wp-json\/wp\/v2\/product_cat?post=12123"},{"taxonomy":"product_tag","embeddable":true,"href":"https:\/\/store.myst.gr\/de\/wp-json\/wp\/v2\/product_tag?post=12123"}],"curies":[{"name":"wp","href":"https:\/\/api.w.org\/{rel}","templated":true}]}}