{"id":11603,"date":"2024-03-13T09:28:10","date_gmt":"2024-03-13T09:28:10","guid":{"rendered":"https:\/\/store.myst.gr\/?post_type=product&#038;p=11603"},"modified":"2026-02-24T07:47:39","modified_gmt":"2026-02-24T07:47:39","slug":"tea-infuser","status":"publish","type":"product","link":"https:\/\/store.myst.gr\/de\/product\/tea-infuser\/","title":{"rendered":"Tee-Ei mit Korkverschluss \u2013 Transparent"},"content":{"rendered":"<p><strong>Entdecken Sie noch heute die Eleganz der Glas-Teefiltration!<\/strong><\/p>\n<p>Seine sorgf\u00e4ltig gestalteten \u00d6ffnungen erm\u00f6glichen es dem kochenden Wasser, die Teebl\u00e4tter vollst\u00e4ndig zu durchdringen, sodass sich ein reichhaltiges und aromatisches Aroma entfaltet. Egal, ob Sie losen Tee oder Kr\u00e4utertees bevorzugen, dieses Sieb sorgt f\u00fcr eine optimale Filtration und ein sanftes Geschmackserlebnis.<\/p>\n<p>Dank der robusten, explosionssicheren Konstruktion h\u00e4lt dieser Teefilter hohen Temperaturen stand und ist eine zuverl\u00e4ssige und stilvolle Erg\u00e4nzung f\u00fcr Ihre t\u00e4gliche Teeroutine. Einfach zu benutzen \u2013 geben Sie einfach losen Tee in das Sieb, gie\u00dfen Sie kochendes Wasser dar\u00fcber und genie\u00dfen Sie die perfekte Tasse Tee.<\/p>\n<p><em><strong>\u26a0 Hinweis: Das Filterrohr ist zerbrechlich \u2013 bitte mit Sorgfalt behandeln, um Sch\u00e4den zu vermeiden.<\/strong><\/em><\/p>","protected":false},"excerpt":{"rendered":"<p>Genie\u00dfen Sie die perfekte Tasse Tee mit unserem Premium Glas-Teefilter, der f\u00fcr Teeliebhaber entwickelt wurde, die sowohl Qualit\u00e4t als auch \u00c4sthetik sch\u00e4tzen. Hergestellt aus hochwertigem, hitzebest\u00e4ndigem Borosilikatglas, ist dieses elegante Teesieb gesundheitlich unbedenklich und verst\u00e4rkt mit seiner kristallklaren Transparenz den Genuss des Teetrinkens.<\/p>\n<p><strong>Die besten Produkte aus Griechenland direkt auf Ihren Tisch geliefert und kostenloser Versand bei Bestellungen \u00fcber 120 \u20ac innerhalb Europas.<\/strong><\/p>","protected":false},"featured_media":11604,"template":"","meta":{"_acf_changed":false,"inline_featured_image":false},"product_cat":[572,559,15,552],"product_tag":[323,651],"class_list":{"0":"post-11603","1":"product","2":"type-product","3":"status-publish","4":"has-post-thumbnail","6":"product_cat-herbs-tea","7":"product_cat-tea","8":"product_cat-vall","9":"product_cat-gifts","10":"product_tag-cataloguejuly","11":"product_tag-retail","13":"first","14":"instock","15":"taxable","16":"shipping-taxable","17":"purchasable","18":"product-type-simple"},"acf":[],"yoast_head":"<!-- This site is optimized with the Yoast SEO plugin v27.4 - https:\/\/yoast.com\/product\/yoast-seo-wordpress\/ -->\n<title>\u03a6\u03af\u03bb\u03c4\u03c1\u03bf \u03a4\u03c3\u03b1\u03b3\u03b9\u03bf\u03cd \u03bc\u03b5 \u03a0\u03ce\u03bc\u03b1 \u03a6\u03b5\u03bb\u03bb\u03bf\u03cd \u2013 \u0394\u03b9\u03ac\u03c6\u03b1\u03bd\u03bf - MYST<\/title>\n<meta name=\"description\" content=\"\u0391\u03c0\u03bf\u03bb\u03b1\u03cd\u03c3\u03c4\u03b5 \u03c4\u03bf \u03c4\u03ad\u03bb\u03b5\u03b9\u03bf \u03c6\u03bb\u03b9\u03c4\u03b6\u03ac\u03bd\u03b9 \u03c4\u03c3\u03ac\u03b9 \u03bc\u03b5 \u03c4\u03bf Premium \u0393\u03c5\u03ac\u03bb\u03b9\u03bd\u03bf \u03a6\u03af\u03bb\u03c4\u03c1\u03bf \u03a4\u03c3\u03b1\u03b3\u03b9\u03bf\u03cd, \u03c3\u03c7\u03b5\u03b4\u03b9\u03b1\u03c3\u03bc\u03ad\u03bd\u03bf \u03b3\u03b9\u03b1 \u03cc\u03c3\u03bf\u03c5\u03c2 \u03b5\u03ba\u03c4\u03b9\u03bc\u03bf\u03cd\u03bd \u03c4\u03cc\u03c3\u03bf \u03c4\u03b7\u03bd \u03c0\u03bf\u03b9\u03cc\u03c4\u03b7\u03c4\u03b1 \u03cc\u03c3\u03bf \u03ba\u03b1\u03b9 \u03c4\u03b7\u03bd \u03b1\u03b9\u03c3\u03b8\u03b7\u03c4\u03b9\u03ba\u03ae.\" \/>\n<meta name=\"robots\" content=\"index, follow, max-snippet:-1, max-image-preview:large, max-video-preview:-1\" \/>\n<link rel=\"canonical\" href=\"https:\/\/store.myst.gr\/de\/produkt\/tea-infuser\/\" \/>\n<meta property=\"og:locale\" content=\"de_DE\" \/>\n<meta property=\"og:type\" content=\"article\" \/>\n<meta property=\"og:title\" content=\"\u03a6\u03af\u03bb\u03c4\u03c1\u03bf \u03a4\u03c3\u03b1\u03b3\u03b9\u03bf\u03cd \u03bc\u03b5 \u03a0\u03ce\u03bc\u03b1 \u03a6\u03b5\u03bb\u03bb\u03bf\u03cd \u2013 \u0394\u03b9\u03ac\u03c6\u03b1\u03bd\u03bf - MYST\" \/>\n<meta property=\"og:description\" content=\"\u0391\u03c0\u03bf\u03bb\u03b1\u03cd\u03c3\u03c4\u03b5 \u03c4\u03bf \u03c4\u03ad\u03bb\u03b5\u03b9\u03bf \u03c6\u03bb\u03b9\u03c4\u03b6\u03ac\u03bd\u03b9 \u03c4\u03c3\u03ac\u03b9 \u03bc\u03b5 \u03c4\u03bf Premium \u0393\u03c5\u03ac\u03bb\u03b9\u03bd\u03bf \u03a6\u03af\u03bb\u03c4\u03c1\u03bf \u03a4\u03c3\u03b1\u03b3\u03b9\u03bf\u03cd, \u03c3\u03c7\u03b5\u03b4\u03b9\u03b1\u03c3\u03bc\u03ad\u03bd\u03bf \u03b3\u03b9\u03b1 \u03cc\u03c3\u03bf\u03c5\u03c2 \u03b5\u03ba\u03c4\u03b9\u03bc\u03bf\u03cd\u03bd \u03c4\u03cc\u03c3\u03bf \u03c4\u03b7\u03bd \u03c0\u03bf\u03b9\u03cc\u03c4\u03b7\u03c4\u03b1 \u03cc\u03c3\u03bf \u03ba\u03b1\u03b9 \u03c4\u03b7\u03bd \u03b1\u03b9\u03c3\u03b8\u03b7\u03c4\u03b9\u03ba\u03ae.\" \/>\n<meta property=\"og:url\" content=\"https:\/\/store.myst.gr\/de\/produkt\/tea-infuser\/\" \/>\n<meta property=\"og:site_name\" content=\"MYST\" \/>\n<meta property=\"article:publisher\" content=\"https:\/\/www.facebook.com\/mystfood\" \/>\n<meta property=\"article:modified_time\" content=\"2026-02-24T07:47:39+00:00\" \/>\n<meta property=\"og:image\" content=\"https:\/\/store.myst.gr\/wp-content\/uploads\/2025\/03\/Jar-tea-\u03b1\u03bd\u03c4\u03b9\u0301\u03b3\u03c1\u03b1\u03c6\u03bf.jpg\" \/>\n\t<meta property=\"og:image:width\" content=\"800\" \/>\n\t<meta property=\"og:image:height\" content=\"800\" \/>\n\t<meta property=\"og:image:type\" content=\"image\/jpeg\" \/>\n<meta name=\"twitter:card\" content=\"summary_large_image\" \/>\n<meta name=\"twitter:label1\" content=\"Gesch\u00e4tzte Lesezeit\" \/>\n\t<meta name=\"twitter:data1\" content=\"1\u00a0Minute\" \/>\n<script type=\"application\/ld+json\" class=\"yoast-schema-graph\">{\"@context\":\"https:\\\/\\\/schema.org\",\"@graph\":[{\"@type\":\"WebPage\",\"@id\":\"https:\\\/\\\/store.myst.gr\\\/product\\\/tea-infuser\\\/\",\"url\":\"https:\\\/\\\/store.myst.gr\\\/product\\\/tea-infuser\\\/\",\"name\":\"\u03a6\u03af\u03bb\u03c4\u03c1\u03bf \u03a4\u03c3\u03b1\u03b3\u03b9\u03bf\u03cd \u03bc\u03b5 \u03a0\u03ce\u03bc\u03b1 \u03a6\u03b5\u03bb\u03bb\u03bf\u03cd \u2013 \u0394\u03b9\u03ac\u03c6\u03b1\u03bd\u03bf - MYST\",\"isPartOf\":{\"@id\":\"https:\\\/\\\/store.myst.gr\\\/#website\"},\"primaryImageOfPage\":{\"@id\":\"https:\\\/\\\/store.myst.gr\\\/product\\\/tea-infuser\\\/#primaryimage\"},\"image\":{\"@id\":\"https:\\\/\\\/store.myst.gr\\\/product\\\/tea-infuser\\\/#primaryimage\"},\"thumbnailUrl\":\"https:\\\/\\\/store.myst.gr\\\/wp-content\\\/uploads\\\/2025\\\/03\\\/Jar-tea-\u03b1\u03bd\u03c4\u03b9\u0301\u03b3\u03c1\u03b1\u03c6\u03bf.jpg\",\"datePublished\":\"2024-03-13T09:28:10+00:00\",\"dateModified\":\"2026-02-24T07:47:39+00:00\",\"description\":\"\u0391\u03c0\u03bf\u03bb\u03b1\u03cd\u03c3\u03c4\u03b5 \u03c4\u03bf \u03c4\u03ad\u03bb\u03b5\u03b9\u03bf \u03c6\u03bb\u03b9\u03c4\u03b6\u03ac\u03bd\u03b9 \u03c4\u03c3\u03ac\u03b9 \u03bc\u03b5 \u03c4\u03bf Premium \u0393\u03c5\u03ac\u03bb\u03b9\u03bd\u03bf \u03a6\u03af\u03bb\u03c4\u03c1\u03bf \u03a4\u03c3\u03b1\u03b3\u03b9\u03bf\u03cd, \u03c3\u03c7\u03b5\u03b4\u03b9\u03b1\u03c3\u03bc\u03ad\u03bd\u03bf \u03b3\u03b9\u03b1 \u03cc\u03c3\u03bf\u03c5\u03c2 \u03b5\u03ba\u03c4\u03b9\u03bc\u03bf\u03cd\u03bd \u03c4\u03cc\u03c3\u03bf \u03c4\u03b7\u03bd \u03c0\u03bf\u03b9\u03cc\u03c4\u03b7\u03c4\u03b1 \u03cc\u03c3\u03bf \u03ba\u03b1\u03b9 \u03c4\u03b7\u03bd \u03b1\u03b9\u03c3\u03b8\u03b7\u03c4\u03b9\u03ba\u03ae.\",\"breadcrumb\":{\"@id\":\"https:\\\/\\\/store.myst.gr\\\/product\\\/tea-infuser\\\/#breadcrumb\"},\"inLanguage\":\"de\",\"potentialAction\":[{\"@type\":\"ReadAction\",\"target\":[\"https:\\\/\\\/store.myst.gr\\\/product\\\/tea-infuser\\\/\"]}]},{\"@type\":\"ImageObject\",\"inLanguage\":\"de\",\"@id\":\"https:\\\/\\\/store.myst.gr\\\/product\\\/tea-infuser\\\/#primaryimage\",\"url\":\"https:\\\/\\\/store.myst.gr\\\/wp-content\\\/uploads\\\/2025\\\/03\\\/Jar-tea-\u03b1\u03bd\u03c4\u03b9\u0301\u03b3\u03c1\u03b1\u03c6\u03bf.jpg\",\"contentUrl\":\"https:\\\/\\\/store.myst.gr\\\/wp-content\\\/uploads\\\/2025\\\/03\\\/Jar-tea-\u03b1\u03bd\u03c4\u03b9\u0301\u03b3\u03c1\u03b1\u03c6\u03bf.jpg\",\"width\":800,\"height\":800},{\"@type\":\"BreadcrumbList\",\"@id\":\"https:\\\/\\\/store.myst.gr\\\/product\\\/tea-infuser\\\/#breadcrumb\",\"itemListElement\":[{\"@type\":\"ListItem\",\"position\":1,\"name\":\"Home\",\"item\":\"https:\\\/\\\/store.myst.gr\\\/\"},{\"@type\":\"ListItem\",\"position\":2,\"name\":\"Shop\",\"item\":\"https:\\\/\\\/store.myst.gr\\\/\"},{\"@type\":\"ListItem\",\"position\":3,\"name\":\"\u03a6\u03af\u03bb\u03c4\u03c1\u03bf \u03a4\u03c3\u03b1\u03b3\u03b9\u03bf\u03cd \u03bc\u03b5 \u03a0\u03ce\u03bc\u03b1 \u03a6\u03b5\u03bb\u03bb\u03bf\u03cd \u2013 \u0394\u03b9\u03ac\u03c6\u03b1\u03bd\u03bf\"}]},{\"@type\":\"WebSite\",\"@id\":\"https:\\\/\\\/store.myst.gr\\\/#website\",\"url\":\"https:\\\/\\\/store.myst.gr\\\/\",\"name\":\"Myst\",\"description\":\"\u0391\u03bd\u03b1\u03ba\u03b1\u03bb\u03cd\u03c8\u03c4\u03b5 \u03c4\u03b9\u03c2 \u03b3\u03b5\u03cd\u03c3\u03b5\u03b9\u03c2 \u03c4\u03b7\u03c2 \u0395\u03bb\u03bb\u03ac\u03b4\u03b1\u03c2\",\"publisher\":{\"@id\":\"https:\\\/\\\/store.myst.gr\\\/#organization\"},\"potentialAction\":[{\"@type\":\"SearchAction\",\"target\":{\"@type\":\"EntryPoint\",\"urlTemplate\":\"https:\\\/\\\/store.myst.gr\\\/?s={search_term_string}\"},\"query-input\":{\"@type\":\"PropertyValueSpecification\",\"valueRequired\":true,\"valueName\":\"search_term_string\"}}],\"inLanguage\":\"de\"},{\"@type\":\"Organization\",\"@id\":\"https:\\\/\\\/store.myst.gr\\\/#organization\",\"name\":\"MYST\",\"url\":\"https:\\\/\\\/store.myst.gr\\\/\",\"logo\":{\"@type\":\"ImageObject\",\"inLanguage\":\"de\",\"@id\":\"https:\\\/\\\/store.myst.gr\\\/#\\\/schema\\\/logo\\\/image\\\/\",\"url\":\"https:\\\/\\\/store.myst.gr\\\/wp-content\\\/uploads\\\/2024\\\/12\\\/myst-logo-str.svg\",\"contentUrl\":\"https:\\\/\\\/store.myst.gr\\\/wp-content\\\/uploads\\\/2024\\\/12\\\/myst-logo-str.svg\",\"width\":193,\"height\":53,\"caption\":\"MYST\"},\"image\":{\"@id\":\"https:\\\/\\\/store.myst.gr\\\/#\\\/schema\\\/logo\\\/image\\\/\"},\"sameAs\":[\"https:\\\/\\\/www.facebook.com\\\/mystfood\",\"https:\\\/\\\/www.instagram.com\\\/mystcompany\\\/\"]}]}<\/script>\n<!-- \/ Yoast SEO plugin. -->","yoast_head_json":{"title":"\u03a6\u03af\u03bb\u03c4\u03c1\u03bf \u03a4\u03c3\u03b1\u03b3\u03b9\u03bf\u03cd \u03bc\u03b5 \u03a0\u03ce\u03bc\u03b1 \u03a6\u03b5\u03bb\u03bb\u03bf\u03cd \u2013 \u0394\u03b9\u03ac\u03c6\u03b1\u03bd\u03bf - MYST","description":"\u0391\u03c0\u03bf\u03bb\u03b1\u03cd\u03c3\u03c4\u03b5 \u03c4\u03bf \u03c4\u03ad\u03bb\u03b5\u03b9\u03bf \u03c6\u03bb\u03b9\u03c4\u03b6\u03ac\u03bd\u03b9 \u03c4\u03c3\u03ac\u03b9 \u03bc\u03b5 \u03c4\u03bf Premium \u0393\u03c5\u03ac\u03bb\u03b9\u03bd\u03bf \u03a6\u03af\u03bb\u03c4\u03c1\u03bf \u03a4\u03c3\u03b1\u03b3\u03b9\u03bf\u03cd, \u03c3\u03c7\u03b5\u03b4\u03b9\u03b1\u03c3\u03bc\u03ad\u03bd\u03bf \u03b3\u03b9\u03b1 \u03cc\u03c3\u03bf\u03c5\u03c2 \u03b5\u03ba\u03c4\u03b9\u03bc\u03bf\u03cd\u03bd \u03c4\u03cc\u03c3\u03bf \u03c4\u03b7\u03bd \u03c0\u03bf\u03b9\u03cc\u03c4\u03b7\u03c4\u03b1 \u03cc\u03c3\u03bf \u03ba\u03b1\u03b9 \u03c4\u03b7\u03bd \u03b1\u03b9\u03c3\u03b8\u03b7\u03c4\u03b9\u03ba\u03ae.","robots":{"index":"index","follow":"follow","max-snippet":"max-snippet:-1","max-image-preview":"max-image-preview:large","max-video-preview":"max-video-preview:-1"},"canonical":"https:\/\/store.myst.gr\/de\/produkt\/tea-infuser\/","og_locale":"de_DE","og_type":"article","og_title":"\u03a6\u03af\u03bb\u03c4\u03c1\u03bf \u03a4\u03c3\u03b1\u03b3\u03b9\u03bf\u03cd \u03bc\u03b5 \u03a0\u03ce\u03bc\u03b1 \u03a6\u03b5\u03bb\u03bb\u03bf\u03cd \u2013 \u0394\u03b9\u03ac\u03c6\u03b1\u03bd\u03bf - MYST","og_description":"\u0391\u03c0\u03bf\u03bb\u03b1\u03cd\u03c3\u03c4\u03b5 \u03c4\u03bf \u03c4\u03ad\u03bb\u03b5\u03b9\u03bf \u03c6\u03bb\u03b9\u03c4\u03b6\u03ac\u03bd\u03b9 \u03c4\u03c3\u03ac\u03b9 \u03bc\u03b5 \u03c4\u03bf Premium \u0393\u03c5\u03ac\u03bb\u03b9\u03bd\u03bf \u03a6\u03af\u03bb\u03c4\u03c1\u03bf \u03a4\u03c3\u03b1\u03b3\u03b9\u03bf\u03cd, \u03c3\u03c7\u03b5\u03b4\u03b9\u03b1\u03c3\u03bc\u03ad\u03bd\u03bf \u03b3\u03b9\u03b1 \u03cc\u03c3\u03bf\u03c5\u03c2 \u03b5\u03ba\u03c4\u03b9\u03bc\u03bf\u03cd\u03bd \u03c4\u03cc\u03c3\u03bf \u03c4\u03b7\u03bd \u03c0\u03bf\u03b9\u03cc\u03c4\u03b7\u03c4\u03b1 \u03cc\u03c3\u03bf \u03ba\u03b1\u03b9 \u03c4\u03b7\u03bd \u03b1\u03b9\u03c3\u03b8\u03b7\u03c4\u03b9\u03ba\u03ae.","og_url":"https:\/\/store.myst.gr\/de\/produkt\/tea-infuser\/","og_site_name":"MYST","article_publisher":"https:\/\/www.facebook.com\/mystfood","article_modified_time":"2026-02-24T07:47:39+00:00","og_image":[{"width":800,"height":800,"url":"https:\/\/store.myst.gr\/wp-content\/uploads\/2025\/03\/Jar-tea-\u03b1\u03bd\u03c4\u03b9\u0301\u03b3\u03c1\u03b1\u03c6\u03bf.jpg","type":"image\/jpeg"}],"twitter_card":"summary_large_image","twitter_misc":{"Gesch\u00e4tzte Lesezeit":"1\u00a0Minute"},"schema":{"@context":"https:\/\/schema.org","@graph":[{"@type":"WebPage","@id":"https:\/\/store.myst.gr\/product\/tea-infuser\/","url":"https:\/\/store.myst.gr\/product\/tea-infuser\/","name":"\u03a6\u03af\u03bb\u03c4\u03c1\u03bf \u03a4\u03c3\u03b1\u03b3\u03b9\u03bf\u03cd \u03bc\u03b5 \u03a0\u03ce\u03bc\u03b1 \u03a6\u03b5\u03bb\u03bb\u03bf\u03cd \u2013 \u0394\u03b9\u03ac\u03c6\u03b1\u03bd\u03bf - MYST","isPartOf":{"@id":"https:\/\/store.myst.gr\/#website"},"primaryImageOfPage":{"@id":"https:\/\/store.myst.gr\/product\/tea-infuser\/#primaryimage"},"image":{"@id":"https:\/\/store.myst.gr\/product\/tea-infuser\/#primaryimage"},"thumbnailUrl":"https:\/\/store.myst.gr\/wp-content\/uploads\/2025\/03\/Jar-tea-\u03b1\u03bd\u03c4\u03b9\u0301\u03b3\u03c1\u03b1\u03c6\u03bf.jpg","datePublished":"2024-03-13T09:28:10+00:00","dateModified":"2026-02-24T07:47:39+00:00","description":"\u0391\u03c0\u03bf\u03bb\u03b1\u03cd\u03c3\u03c4\u03b5 \u03c4\u03bf \u03c4\u03ad\u03bb\u03b5\u03b9\u03bf \u03c6\u03bb\u03b9\u03c4\u03b6\u03ac\u03bd\u03b9 \u03c4\u03c3\u03ac\u03b9 \u03bc\u03b5 \u03c4\u03bf Premium \u0393\u03c5\u03ac\u03bb\u03b9\u03bd\u03bf \u03a6\u03af\u03bb\u03c4\u03c1\u03bf \u03a4\u03c3\u03b1\u03b3\u03b9\u03bf\u03cd, \u03c3\u03c7\u03b5\u03b4\u03b9\u03b1\u03c3\u03bc\u03ad\u03bd\u03bf \u03b3\u03b9\u03b1 \u03cc\u03c3\u03bf\u03c5\u03c2 \u03b5\u03ba\u03c4\u03b9\u03bc\u03bf\u03cd\u03bd \u03c4\u03cc\u03c3\u03bf \u03c4\u03b7\u03bd \u03c0\u03bf\u03b9\u03cc\u03c4\u03b7\u03c4\u03b1 \u03cc\u03c3\u03bf \u03ba\u03b1\u03b9 \u03c4\u03b7\u03bd \u03b1\u03b9\u03c3\u03b8\u03b7\u03c4\u03b9\u03ba\u03ae.","breadcrumb":{"@id":"https:\/\/store.myst.gr\/product\/tea-infuser\/#breadcrumb"},"inLanguage":"de","potentialAction":[{"@type":"ReadAction","target":["https:\/\/store.myst.gr\/product\/tea-infuser\/"]}]},{"@type":"ImageObject","inLanguage":"de","@id":"https:\/\/store.myst.gr\/product\/tea-infuser\/#primaryimage","url":"https:\/\/store.myst.gr\/wp-content\/uploads\/2025\/03\/Jar-tea-\u03b1\u03bd\u03c4\u03b9\u0301\u03b3\u03c1\u03b1\u03c6\u03bf.jpg","contentUrl":"https:\/\/store.myst.gr\/wp-content\/uploads\/2025\/03\/Jar-tea-\u03b1\u03bd\u03c4\u03b9\u0301\u03b3\u03c1\u03b1\u03c6\u03bf.jpg","width":800,"height":800},{"@type":"BreadcrumbList","@id":"https:\/\/store.myst.gr\/product\/tea-infuser\/#breadcrumb","itemListElement":[{"@type":"ListItem","position":1,"name":"Home","item":"https:\/\/store.myst.gr\/"},{"@type":"ListItem","position":2,"name":"Shop","item":"https:\/\/store.myst.gr\/"},{"@type":"ListItem","position":3,"name":"\u03a6\u03af\u03bb\u03c4\u03c1\u03bf \u03a4\u03c3\u03b1\u03b3\u03b9\u03bf\u03cd \u03bc\u03b5 \u03a0\u03ce\u03bc\u03b1 \u03a6\u03b5\u03bb\u03bb\u03bf\u03cd \u2013 \u0394\u03b9\u03ac\u03c6\u03b1\u03bd\u03bf"}]},{"@type":"WebSite","@id":"https:\/\/store.myst.gr\/#website","url":"https:\/\/store.myst.gr\/","name":"Myst","description":"\u0391\u03bd\u03b1\u03ba\u03b1\u03bb\u03cd\u03c8\u03c4\u03b5 \u03c4\u03b9\u03c2 \u03b3\u03b5\u03cd\u03c3\u03b5\u03b9\u03c2 \u03c4\u03b7\u03c2 \u0395\u03bb\u03bb\u03ac\u03b4\u03b1\u03c2","publisher":{"@id":"https:\/\/store.myst.gr\/#organization"},"potentialAction":[{"@type":"SearchAction","target":{"@type":"EntryPoint","urlTemplate":"https:\/\/store.myst.gr\/?s={search_term_string}"},"query-input":{"@type":"PropertyValueSpecification","valueRequired":true,"valueName":"search_term_string"}}],"inLanguage":"de"},{"@type":"Organization","@id":"https:\/\/store.myst.gr\/#organization","name":"MYST","url":"https:\/\/store.myst.gr\/","logo":{"@type":"ImageObject","inLanguage":"de","@id":"https:\/\/store.myst.gr\/#\/schema\/logo\/image\/","url":"https:\/\/store.myst.gr\/wp-content\/uploads\/2024\/12\/myst-logo-str.svg","contentUrl":"https:\/\/store.myst.gr\/wp-content\/uploads\/2024\/12\/myst-logo-str.svg","width":193,"height":53,"caption":"MYST"},"image":{"@id":"https:\/\/store.myst.gr\/#\/schema\/logo\/image\/"},"sameAs":["https:\/\/www.facebook.com\/mystfood","https:\/\/www.instagram.com\/mystcompany\/"]}]}},"_links":{"self":[{"href":"https:\/\/store.myst.gr\/de\/wp-json\/wp\/v2\/product\/11603","targetHints":{"allow":["GET"]}}],"collection":[{"href":"https:\/\/store.myst.gr\/de\/wp-json\/wp\/v2\/product"}],"about":[{"href":"https:\/\/store.myst.gr\/de\/wp-json\/wp\/v2\/types\/product"}],"wp:featuredmedia":[{"embeddable":true,"href":"https:\/\/store.myst.gr\/de\/wp-json\/wp\/v2\/media\/11604"}],"wp:attachment":[{"href":"https:\/\/store.myst.gr\/de\/wp-json\/wp\/v2\/media?parent=11603"}],"wp:term":[{"taxonomy":"product_cat","embeddable":true,"href":"https:\/\/store.myst.gr\/de\/wp-json\/wp\/v2\/product_cat?post=11603"},{"taxonomy":"product_tag","embeddable":true,"href":"https:\/\/store.myst.gr\/de\/wp-json\/wp\/v2\/product_tag?post=11603"}],"curies":[{"name":"wp","href":"https:\/\/api.w.org\/{rel}","templated":true}]}}