{"id":5336,"date":"2021-09-01T16:27:30","date_gmt":"2021-09-01T16:27:30","guid":{"rendered":"https:\/\/store.myst.gr\/?page_id=5336"},"modified":"2024-04-07T16:24:23","modified_gmt":"2024-04-07T16:24:23","slug":"privacy-cookies-policy-2","status":"publish","type":"page","link":"https:\/\/store.myst.gr\/de\/privacy-cookies-policy-2\/","title":{"rendered":"Returns"},"content":{"rendered":"<div data-elementor-type=\"wp-page\" data-elementor-id=\"5336\" class=\"elementor elementor-5336\">\n\t\t\t\t\t\t<section class=\"elementor-section elementor-top-section elementor-element elementor-element-74ead494 rey-flexWrap elementor-section-boxed elementor-section-height-default elementor-section-height-default\" data-id=\"74ead494\" data-element_type=\"section\" data-e-type=\"section\">\n\t\t\t\t\t\t<div class=\"elementor-container elementor-column-gap-default\">\n\t\t\t\t\t<div class=\"elementor-column elementor-col-100 elementor-top-column elementor-element elementor-element-72a4b562\" data-id=\"72a4b562\" data-element_type=\"column\" data-e-type=\"column\">\n\t\t\t<div class=\"elementor-column-wrap--72a4b562 elementor-widget-wrap elementor-element-populated\">\n\t\t\t\t\t\t<div class=\"elementor-element elementor-element-7fca54a5 elementor-widget elementor-widget-heading\" data-id=\"7fca54a5\" data-element_type=\"widget\" data-e-type=\"widget\" data-widget_type=\"heading.default\">\n\t\t\t\t\t<h2 class=\"elementor-heading-title elementor-size-default\">R\u00dcCKGABEN<\/h2>\t\t\t\t<\/div>\n\t\t\t\t<div class=\"elementor-element elementor-element-a31ce26 elementor-widget elementor-widget-text-editor\" data-id=\"a31ce26\" data-element_type=\"widget\" data-e-type=\"widget\" data-widget_type=\"text-editor.default\">\n\t\t\t\t\t\t\t\t\t<p>Unser Ziel ist es, 100 % Kundenzufriedenheit zu erreichen. Sollten Sie jedoch ein falsches oder fehlerhaftes Produkt erhalten oder ein anderes Problem auftreten, das auf unser Verschulden zur\u00fcckzuf\u00fchren ist, wenden Sie sich bitte umgehend per E-Mail an unser Kundenserviceteam. <strong><span style=\"text-decoration: underline;\"><em><a href=\"mailto:support@myst.gr\">support@myst.gr<\/a><\/em><\/span><em>\u00a0<\/em><\/strong>f\u00fcr weitere Details.<\/p><p><strong>R\u00fcckgabe mangelfreier Ware \u2013 Widerrufsrecht des Kunden ohne Angabe von Gr\u00fcnden.<\/strong><\/p><p>Der KUNDE hat das Recht, binnen 14 Kalendertagen ab Lieferung der Produkte, bei einer Bestellung mehrerer Produkte ab Lieferung des letzten Produkts, vom Kaufvertrag zur\u00fcckzutreten.<\/p><p><strong>Der Widerruf erfolgt wie folgt:<\/strong><\/p><p>\u2013 R\u00fccktritt ohne Begr\u00fcndung und ohne Aufpreis. Wenn das Produkt bereits geliefert wurde, muss der Kunde das Produkt in genau demselben Zustand zur\u00fccksenden, in dem es empfangen wurde, und zwar in der vollst\u00e4ndigen Verpackung in einwandfreiem Zustand. Die R\u00fcckgabe des Produkts wird nur akzeptiert, wenn der K\u00e4ufer bereits alle vom Unternehmen f\u00fcr den Versand des Produkts aufgewendeten Betr\u00e4ge sowie alle Versandkosten f\u00fcr die R\u00fccksendung des Produkts bezahlt hat.<\/p><p>\u2013 Der Widerruf muss schriftlich oder elektronisch erfolgen und das UNTERNEHMEN ist verpflichtet, unverz\u00fcglich nach Erhalt des Widerrufs eine Empfangsbest\u00e4tigung zu senden.<\/p><p>\u2013 Nach der Widerrufserkl\u00e4rung muss das UNTERNEHMEN den erhaltenen Betrag innerhalb von sp\u00e4testens 14 Tagen ab dem Tag zur\u00fcckerstatten, an dem es die Produkte erhalten hat.<\/p><p>\u2013 Die R\u00fcckerstattung an den Kunden erfolgt auf dieselbe Weise und zu denselben Bedingungen wie die urspr\u00fcngliche Zahlung. Im Falle der Belastung einer Kreditkarte gilt Folgendes: Wenn die Bank dem UNTERNEHMEN bis zur Abholung und R\u00fcckgabe des Produkts den entsprechenden Preis gezahlt hat, ist das UNTERNEHMEN verpflichtet, die Bank \u00fcber die Stornierung der Transaktion zu informieren, und die Bank wird alle im zwischen der Bank und dem Kunden geschlossenen Vertrag vorgesehenen Ma\u00dfnahmen ergreifen. Nach einer solchen Benachrichtigung tr\u00e4gt das Unternehmen keine Verantwortung f\u00fcr die Zeit und die Art der Verrechnung, die im oben genannten Vertrag geregelt sind. Wenn Sie \u00fcber PayPal oder mit Kreditkarte bezahlt haben, k\u00f6nnen Ihnen Provisionen entstehen, die von diesem Drittanbieter gem\u00e4\u00df seinen Nutzungs- und Betriebsbedingungen erhoben werden. Im Falle einer Zahlung per Bank\u00fcberweisung erfolgt die R\u00fcckerstattung ebenfalls per Bank\u00fcberweisung auf dasselbe Kundenkonto.<\/p><p>\u2013 Das Unternehmen ist in jedem Fall bereit, den Kunden bei Fragen zur Beschaffenheit der Produkte durch die Bereitstellung zus\u00e4tzlicher Informationen auf elektronischem oder anderem Wege zu informieren. \u2013 Falls die Produkte besch\u00e4digt oder mit fehlenden Elementen zur\u00fcckgegeben werden, hat der E-Shop das Recht, vom Kunden Schadensersatz zu verlangen, dessen H\u00f6he vom Zustand der Produkte abh\u00e4ngt, und einen solchen Anspruch gegen\u00fcber dem Kunden ganz oder teilweise einseitig aufzurechnen.<\/p><p><strong>Ausnahmen bez\u00fcglich des Widerrufs<\/strong><\/p><p>Kein Widerrufsrecht besteht f\u00fcr:<\/p><p><strong>\u2013 Produkte, die nach der Lieferung ge\u00f6ffnet wurden.<\/strong><\/p><p><strong>\u2013 Produkte, die Teil eines Angebotspakets sind.<\/strong><\/p><p>Eine \u00c4nderung oder Stornierung der Bestellung wird nur akzeptiert, wenn die Auftragsbest\u00e4tigung noch nicht versandt wurde, d. h. sofern die Vorbereitung der Bestellung noch nicht abgeschlossen ist. Achtung. Es ist zu beachten, dass nach der Auftragsbest\u00e4tigung aus Sicherheitsgr\u00fcnden (Betrugsbek\u00e4mpfung) KEINE \u00c4nderung der angegebenen Lieferadresse ohne Angabe von Gr\u00fcnden mehr m\u00f6glich ist.<\/p><p>Als Verbraucher k\u00f6nnen Sie Ihr Widerrufsrecht gem\u00e4\u00df Artikel aus\u00fcben <strong>\u201eWiderrufsrecht des Kunden ohne Angabe von Gr\u00fcnden\u201c.<\/strong><\/p><p>Falls nach der Stornierung oder \u00c4nderung Ihrer Bestellung gem\u00e4\u00df den oben genannten Bedingungen eine R\u00fcckerstattung des bereits an unser Unternehmen gezahlten Betrags, ganz oder teilweise, erforderlich ist, wird Ihnen der entsprechende Betrag unverz\u00fcglich auf dieselbe Weise zur\u00fcckerstattet, wie er bezahlt wurde. Falls Sie eine R\u00fcckerstattung \u00fcber einen Drittanbieter von Zahlungsdiensten (z. B. PayPal, Kreditkarte usw.) erhalten, f\u00e4llt m\u00f6glicherweise eine Provision an, die dieser Drittanbieter von Zahlungsdiensten gem\u00e4\u00df seinen Nutzungs- und Betriebsbedingungen erhebt und f\u00fcr die wir nicht verantwortlich sind.<\/p>\t\t\t\t\t\t\t\t<\/div>\n\t\t\t\t\t<\/div>\n\t\t<\/div>\n\t\t\t\t\t<\/div>\n\t\t<\/section>\n\t\t\t\t<\/div>","protected":false},"excerpt":{"rendered":"<p>\u0395\u03a0\u0399\u03a3\u03a4\u03a1\u039f\u03a6\u0395\u03a3 \u03a3\u03c4\u03bf\u03c7\u03b5\u03cd\u03bf\u03c5\u03bc\u03b5 \u03c3\u03c4\u03b7\u03bd \u03c0\u03b1\u03c1\u03bf\u03c7\u03ae 100% \u03b9\u03ba\u03b1\u03bd\u03bf\u03c0\u03bf\u03af\u03b7\u03c3\u03b7\u03c2 \u03c4\u03c9\u03bd \u03c0\u03b5\u03bb\u03b1\u03c4\u03ce\u03bd. \u03a9\u03c3\u03c4\u03cc\u03c3\u03bf, \u03b5\u03ac\u03bd \u03bb\u03ac\u03b2\u03b5\u03c4\u03b5 \u03ad\u03bd\u03b1 \u03bb\u03b1\u03bd\u03b8\u03b1\u03c3\u03bc\u03ad\u03bd\u03bf \u03ae \u03b5\u03bb\u03b1\u03c4\u03c4\u03c9\u03bc\u03b1\u03c4\u03b9\u03ba\u03cc \u03c0\u03c1\u03bf\u03ca\u03cc\u03bd, \u03ae \u03c3\u03b5 \u03c0\u03b5\u03c1\u03af\u03c0\u03c4\u03c9\u03c3\u03b7 \u03bf\u03c0\u03bf\u03b9\u03bf\u03c5\u03b4\u03ae\u03c0\u03bf\u03c4\u03b5 \u03ac\u03bb\u03bb\u03bf\u03c5 \u03c0\u03c1\u03bf\u03b2\u03bb\u03ae\u03bc\u03b1\u03c4\u03bf\u03c2 \u03c0\u03bf\u03c5 \u03bf\u03c6\u03b5\u03af\u03bb\u03b5\u03c4\u03b1\u03b9 \u03c3\u03c4\u03b7 \u03b4\u03b9\u03ba\u03ae \u03bc\u03b1\u03c2 \u03b5\u03c5\u03b8\u03cd\u03bd\u03b7, \u03c0\u03b1\u03c1\u03b1\u03ba\u03b1\u03bb\u03bf\u03cd\u03bc\u03b5 \u03b5\u03c0\u03b9\u03ba\u03bf\u03b9\u03bd\u03c9\u03bd\u03ae\u03c3\u03c4\u03b5 \u03b1\u03bc\u03ad\u03c3\u03c9\u03c2 \u03bc\u03b5 \u03c4\u03b7\u03bd \u03bf\u03bc\u03ac\u03b4\u03b1 \u03b5\u03be\u03c5\u03c0\u03b7\u03c1\u03ad\u03c4\u03b7\u03c3\u03b7\u03c2 \u03c0\u03b5\u03bb\u03b1\u03c4\u03ce\u03bd \u03bc\u03b1\u03c2, \u03bc\u03ad\u03c3\u03c9 email support@myst.gr\u00a0\u03b3\u03b9\u03b1 \u03c0\u03b5\u03c1\u03b9\u03c3\u03c3\u03cc\u03c4\u03b5\u03c1\u03b5\u03c2 \u03bb\u03b5\u03c0\u03c4\u03bf\u03bc\u03ad\u03c1\u03b5\u03b9\u03b5\u03c2. \u0395\u03c0\u03b9\u03c3\u03c4\u03c1\u03bf\u03c6\u03ae \u03bc\u03b7 \u03b5\u03bb\u03b1\u03c4\u03c4\u03c9\u03bc\u03b1\u03c4\u03b9\u03ba\u03ce\u03bd \u03c0\u03c1\u03bf\u03ca\u03cc\u03bd\u03c4\u03c9\u03bd \u2013 \u0394\u03b9\u03ba\u03b1\u03af\u03c9\u03bc\u03b1 \u03b1\u03c0\u03cc\u03c3\u03c5\u03c1\u03c3\u03b7\u03c2 \u03c4\u03bf\u03c5 \u03c0\u03b5\u03bb\u03ac\u03c4\u03b7 \u03c7\u03c9\u03c1\u03af\u03c2 \u03b1\u03b9\u03c4\u03b9\u03bf\u03bb\u03cc\u03b3\u03b7\u03c3\u03b7. \u039f \u03a0\u0395\u039b\u0391\u03a4\u0397\u03a3 [&hellip;]<\/p>\n","protected":false},"author":3,"featured_media":0,"parent":0,"menu_order":0,"comment_status":"closed","ping_status":"closed","template":"template-builder.php","meta":{"_acf_changed":false,"inline_featured_image":false,"footnotes":""},"class_list":["post-5336","page","type-page","status-publish","hentry"],"acf":[],"yoast_head":"<!-- This site is optimized with the Yoast SEO plugin v27.5 - https:\/\/yoast.com\/product\/yoast-seo-wordpress\/ -->\n<title>Returns - MYST<\/title>\n<meta name=\"robots\" content=\"index, follow, max-snippet:-1, max-image-preview:large, max-video-preview:-1\" \/>\n<link rel=\"canonical\" href=\"https:\/\/store.myst.gr\/de\/privacy-cookies-policy-2\/\" \/>\n<meta property=\"og:locale\" content=\"de_DE\" \/>\n<meta property=\"og:type\" content=\"article\" \/>\n<meta property=\"og:title\" content=\"Returns - MYST\" \/>\n<meta property=\"og:description\" content=\"\u0395\u03a0\u0399\u03a3\u03a4\u03a1\u039f\u03a6\u0395\u03a3 \u03a3\u03c4\u03bf\u03c7\u03b5\u03cd\u03bf\u03c5\u03bc\u03b5 \u03c3\u03c4\u03b7\u03bd \u03c0\u03b1\u03c1\u03bf\u03c7\u03ae 100% \u03b9\u03ba\u03b1\u03bd\u03bf\u03c0\u03bf\u03af\u03b7\u03c3\u03b7\u03c2 \u03c4\u03c9\u03bd \u03c0\u03b5\u03bb\u03b1\u03c4\u03ce\u03bd. \u03a9\u03c3\u03c4\u03cc\u03c3\u03bf, \u03b5\u03ac\u03bd \u03bb\u03ac\u03b2\u03b5\u03c4\u03b5 \u03ad\u03bd\u03b1 \u03bb\u03b1\u03bd\u03b8\u03b1\u03c3\u03bc\u03ad\u03bd\u03bf \u03ae \u03b5\u03bb\u03b1\u03c4\u03c4\u03c9\u03bc\u03b1\u03c4\u03b9\u03ba\u03cc \u03c0\u03c1\u03bf\u03ca\u03cc\u03bd, \u03ae \u03c3\u03b5 \u03c0\u03b5\u03c1\u03af\u03c0\u03c4\u03c9\u03c3\u03b7 \u03bf\u03c0\u03bf\u03b9\u03bf\u03c5\u03b4\u03ae\u03c0\u03bf\u03c4\u03b5 \u03ac\u03bb\u03bb\u03bf\u03c5 \u03c0\u03c1\u03bf\u03b2\u03bb\u03ae\u03bc\u03b1\u03c4\u03bf\u03c2 \u03c0\u03bf\u03c5 \u03bf\u03c6\u03b5\u03af\u03bb\u03b5\u03c4\u03b1\u03b9 \u03c3\u03c4\u03b7 \u03b4\u03b9\u03ba\u03ae \u03bc\u03b1\u03c2 \u03b5\u03c5\u03b8\u03cd\u03bd\u03b7, \u03c0\u03b1\u03c1\u03b1\u03ba\u03b1\u03bb\u03bf\u03cd\u03bc\u03b5 \u03b5\u03c0\u03b9\u03ba\u03bf\u03b9\u03bd\u03c9\u03bd\u03ae\u03c3\u03c4\u03b5 \u03b1\u03bc\u03ad\u03c3\u03c9\u03c2 \u03bc\u03b5 \u03c4\u03b7\u03bd \u03bf\u03bc\u03ac\u03b4\u03b1 \u03b5\u03be\u03c5\u03c0\u03b7\u03c1\u03ad\u03c4\u03b7\u03c3\u03b7\u03c2 \u03c0\u03b5\u03bb\u03b1\u03c4\u03ce\u03bd \u03bc\u03b1\u03c2, \u03bc\u03ad\u03c3\u03c9 email support@myst.gr\u00a0\u03b3\u03b9\u03b1 \u03c0\u03b5\u03c1\u03b9\u03c3\u03c3\u03cc\u03c4\u03b5\u03c1\u03b5\u03c2 \u03bb\u03b5\u03c0\u03c4\u03bf\u03bc\u03ad\u03c1\u03b5\u03b9\u03b5\u03c2. \u0395\u03c0\u03b9\u03c3\u03c4\u03c1\u03bf\u03c6\u03ae \u03bc\u03b7 \u03b5\u03bb\u03b1\u03c4\u03c4\u03c9\u03bc\u03b1\u03c4\u03b9\u03ba\u03ce\u03bd \u03c0\u03c1\u03bf\u03ca\u03cc\u03bd\u03c4\u03c9\u03bd \u2013 \u0394\u03b9\u03ba\u03b1\u03af\u03c9\u03bc\u03b1 \u03b1\u03c0\u03cc\u03c3\u03c5\u03c1\u03c3\u03b7\u03c2 \u03c4\u03bf\u03c5 \u03c0\u03b5\u03bb\u03ac\u03c4\u03b7 \u03c7\u03c9\u03c1\u03af\u03c2 \u03b1\u03b9\u03c4\u03b9\u03bf\u03bb\u03cc\u03b3\u03b7\u03c3\u03b7. \u039f \u03a0\u0395\u039b\u0391\u03a4\u0397\u03a3 [&hellip;]\" \/>\n<meta property=\"og:url\" content=\"https:\/\/store.myst.gr\/de\/privacy-cookies-policy-2\/\" \/>\n<meta property=\"og:site_name\" content=\"MYST\" \/>\n<meta property=\"article:publisher\" content=\"https:\/\/www.facebook.com\/mystfood\" \/>\n<meta property=\"article:modified_time\" content=\"2024-04-07T16:24:23+00:00\" \/>\n<meta name=\"twitter:card\" content=\"summary_large_image\" \/>\n<meta name=\"twitter:label1\" content=\"Gesch\u00e4tzte Lesezeit\" \/>\n\t<meta name=\"twitter:data1\" content=\"4\u00a0Minuten\" \/>\n<script type=\"application\/ld+json\" class=\"yoast-schema-graph\">{\"@context\":\"https:\\\/\\\/schema.org\",\"@graph\":[{\"@type\":\"WebPage\",\"@id\":\"https:\\\/\\\/store.myst.gr\\\/privacy-cookies-policy-2\\\/\",\"url\":\"https:\\\/\\\/store.myst.gr\\\/privacy-cookies-policy-2\\\/\",\"name\":\"Returns - MYST\",\"isPartOf\":{\"@id\":\"https:\\\/\\\/store.myst.gr\\\/#website\"},\"datePublished\":\"2021-09-01T16:27:30+00:00\",\"dateModified\":\"2024-04-07T16:24:23+00:00\",\"breadcrumb\":{\"@id\":\"https:\\\/\\\/store.myst.gr\\\/privacy-cookies-policy-2\\\/#breadcrumb\"},\"inLanguage\":\"de\",\"potentialAction\":[{\"@type\":\"ReadAction\",\"target\":[\"https:\\\/\\\/store.myst.gr\\\/privacy-cookies-policy-2\\\/\"]}]},{\"@type\":\"BreadcrumbList\",\"@id\":\"https:\\\/\\\/store.myst.gr\\\/privacy-cookies-policy-2\\\/#breadcrumb\",\"itemListElement\":[{\"@type\":\"ListItem\",\"position\":1,\"name\":\"Home\",\"item\":\"https:\\\/\\\/store.myst.gr\\\/\"},{\"@type\":\"ListItem\",\"position\":2,\"name\":\"Returns\"}]},{\"@type\":\"WebSite\",\"@id\":\"https:\\\/\\\/store.myst.gr\\\/#website\",\"url\":\"https:\\\/\\\/store.myst.gr\\\/\",\"name\":\"Myst\",\"description\":\"\u0391\u03bd\u03b1\u03ba\u03b1\u03bb\u03cd\u03c8\u03c4\u03b5 \u03c4\u03b9\u03c2 \u03b3\u03b5\u03cd\u03c3\u03b5\u03b9\u03c2 \u03c4\u03b7\u03c2 \u0395\u03bb\u03bb\u03ac\u03b4\u03b1\u03c2\",\"publisher\":{\"@id\":\"https:\\\/\\\/store.myst.gr\\\/#organization\"},\"potentialAction\":[{\"@type\":\"SearchAction\",\"target\":{\"@type\":\"EntryPoint\",\"urlTemplate\":\"https:\\\/\\\/store.myst.gr\\\/?s={search_term_string}\"},\"query-input\":{\"@type\":\"PropertyValueSpecification\",\"valueRequired\":true,\"valueName\":\"search_term_string\"}}],\"inLanguage\":\"de\"},{\"@type\":\"Organization\",\"@id\":\"https:\\\/\\\/store.myst.gr\\\/#organization\",\"name\":\"MYST\",\"url\":\"https:\\\/\\\/store.myst.gr\\\/\",\"logo\":{\"@type\":\"ImageObject\",\"inLanguage\":\"de\",\"@id\":\"https:\\\/\\\/store.myst.gr\\\/#\\\/schema\\\/logo\\\/image\\\/\",\"url\":\"https:\\\/\\\/store.myst.gr\\\/wp-content\\\/uploads\\\/2024\\\/12\\\/myst-logo-str.svg\",\"contentUrl\":\"https:\\\/\\\/store.myst.gr\\\/wp-content\\\/uploads\\\/2024\\\/12\\\/myst-logo-str.svg\",\"width\":193,\"height\":53,\"caption\":\"MYST\"},\"image\":{\"@id\":\"https:\\\/\\\/store.myst.gr\\\/#\\\/schema\\\/logo\\\/image\\\/\"},\"sameAs\":[\"https:\\\/\\\/www.facebook.com\\\/mystfood\",\"https:\\\/\\\/www.instagram.com\\\/mystcompany\\\/\"]}]}<\/script>\n<!-- \/ Yoast SEO plugin. -->","yoast_head_json":{"title":"Returns - MYST","robots":{"index":"index","follow":"follow","max-snippet":"max-snippet:-1","max-image-preview":"max-image-preview:large","max-video-preview":"max-video-preview:-1"},"canonical":"https:\/\/store.myst.gr\/de\/privacy-cookies-policy-2\/","og_locale":"de_DE","og_type":"article","og_title":"Returns - MYST","og_description":"\u0395\u03a0\u0399\u03a3\u03a4\u03a1\u039f\u03a6\u0395\u03a3 \u03a3\u03c4\u03bf\u03c7\u03b5\u03cd\u03bf\u03c5\u03bc\u03b5 \u03c3\u03c4\u03b7\u03bd \u03c0\u03b1\u03c1\u03bf\u03c7\u03ae 100% \u03b9\u03ba\u03b1\u03bd\u03bf\u03c0\u03bf\u03af\u03b7\u03c3\u03b7\u03c2 \u03c4\u03c9\u03bd \u03c0\u03b5\u03bb\u03b1\u03c4\u03ce\u03bd. \u03a9\u03c3\u03c4\u03cc\u03c3\u03bf, \u03b5\u03ac\u03bd \u03bb\u03ac\u03b2\u03b5\u03c4\u03b5 \u03ad\u03bd\u03b1 \u03bb\u03b1\u03bd\u03b8\u03b1\u03c3\u03bc\u03ad\u03bd\u03bf \u03ae \u03b5\u03bb\u03b1\u03c4\u03c4\u03c9\u03bc\u03b1\u03c4\u03b9\u03ba\u03cc \u03c0\u03c1\u03bf\u03ca\u03cc\u03bd, \u03ae \u03c3\u03b5 \u03c0\u03b5\u03c1\u03af\u03c0\u03c4\u03c9\u03c3\u03b7 \u03bf\u03c0\u03bf\u03b9\u03bf\u03c5\u03b4\u03ae\u03c0\u03bf\u03c4\u03b5 \u03ac\u03bb\u03bb\u03bf\u03c5 \u03c0\u03c1\u03bf\u03b2\u03bb\u03ae\u03bc\u03b1\u03c4\u03bf\u03c2 \u03c0\u03bf\u03c5 \u03bf\u03c6\u03b5\u03af\u03bb\u03b5\u03c4\u03b1\u03b9 \u03c3\u03c4\u03b7 \u03b4\u03b9\u03ba\u03ae \u03bc\u03b1\u03c2 \u03b5\u03c5\u03b8\u03cd\u03bd\u03b7, \u03c0\u03b1\u03c1\u03b1\u03ba\u03b1\u03bb\u03bf\u03cd\u03bc\u03b5 \u03b5\u03c0\u03b9\u03ba\u03bf\u03b9\u03bd\u03c9\u03bd\u03ae\u03c3\u03c4\u03b5 \u03b1\u03bc\u03ad\u03c3\u03c9\u03c2 \u03bc\u03b5 \u03c4\u03b7\u03bd \u03bf\u03bc\u03ac\u03b4\u03b1 \u03b5\u03be\u03c5\u03c0\u03b7\u03c1\u03ad\u03c4\u03b7\u03c3\u03b7\u03c2 \u03c0\u03b5\u03bb\u03b1\u03c4\u03ce\u03bd \u03bc\u03b1\u03c2, \u03bc\u03ad\u03c3\u03c9 email support@myst.gr\u00a0\u03b3\u03b9\u03b1 \u03c0\u03b5\u03c1\u03b9\u03c3\u03c3\u03cc\u03c4\u03b5\u03c1\u03b5\u03c2 \u03bb\u03b5\u03c0\u03c4\u03bf\u03bc\u03ad\u03c1\u03b5\u03b9\u03b5\u03c2. \u0395\u03c0\u03b9\u03c3\u03c4\u03c1\u03bf\u03c6\u03ae \u03bc\u03b7 \u03b5\u03bb\u03b1\u03c4\u03c4\u03c9\u03bc\u03b1\u03c4\u03b9\u03ba\u03ce\u03bd \u03c0\u03c1\u03bf\u03ca\u03cc\u03bd\u03c4\u03c9\u03bd \u2013 \u0394\u03b9\u03ba\u03b1\u03af\u03c9\u03bc\u03b1 \u03b1\u03c0\u03cc\u03c3\u03c5\u03c1\u03c3\u03b7\u03c2 \u03c4\u03bf\u03c5 \u03c0\u03b5\u03bb\u03ac\u03c4\u03b7 \u03c7\u03c9\u03c1\u03af\u03c2 \u03b1\u03b9\u03c4\u03b9\u03bf\u03bb\u03cc\u03b3\u03b7\u03c3\u03b7. \u039f \u03a0\u0395\u039b\u0391\u03a4\u0397\u03a3 [&hellip;]","og_url":"https:\/\/store.myst.gr\/de\/privacy-cookies-policy-2\/","og_site_name":"MYST","article_publisher":"https:\/\/www.facebook.com\/mystfood","article_modified_time":"2024-04-07T16:24:23+00:00","twitter_card":"summary_large_image","twitter_misc":{"Gesch\u00e4tzte Lesezeit":"4\u00a0Minuten"},"schema":{"@context":"https:\/\/schema.org","@graph":[{"@type":"WebPage","@id":"https:\/\/store.myst.gr\/privacy-cookies-policy-2\/","url":"https:\/\/store.myst.gr\/privacy-cookies-policy-2\/","name":"Returns - MYST","isPartOf":{"@id":"https:\/\/store.myst.gr\/#website"},"datePublished":"2021-09-01T16:27:30+00:00","dateModified":"2024-04-07T16:24:23+00:00","breadcrumb":{"@id":"https:\/\/store.myst.gr\/privacy-cookies-policy-2\/#breadcrumb"},"inLanguage":"de","potentialAction":[{"@type":"ReadAction","target":["https:\/\/store.myst.gr\/privacy-cookies-policy-2\/"]}]},{"@type":"BreadcrumbList","@id":"https:\/\/store.myst.gr\/privacy-cookies-policy-2\/#breadcrumb","itemListElement":[{"@type":"ListItem","position":1,"name":"Home","item":"https:\/\/store.myst.gr\/"},{"@type":"ListItem","position":2,"name":"Returns"}]},{"@type":"WebSite","@id":"https:\/\/store.myst.gr\/#website","url":"https:\/\/store.myst.gr\/","name":"Myst","description":"\u0391\u03bd\u03b1\u03ba\u03b1\u03bb\u03cd\u03c8\u03c4\u03b5 \u03c4\u03b9\u03c2 \u03b3\u03b5\u03cd\u03c3\u03b5\u03b9\u03c2 \u03c4\u03b7\u03c2 \u0395\u03bb\u03bb\u03ac\u03b4\u03b1\u03c2","publisher":{"@id":"https:\/\/store.myst.gr\/#organization"},"potentialAction":[{"@type":"SearchAction","target":{"@type":"EntryPoint","urlTemplate":"https:\/\/store.myst.gr\/?s={search_term_string}"},"query-input":{"@type":"PropertyValueSpecification","valueRequired":true,"valueName":"search_term_string"}}],"inLanguage":"de"},{"@type":"Organization","@id":"https:\/\/store.myst.gr\/#organization","name":"MYST","url":"https:\/\/store.myst.gr\/","logo":{"@type":"ImageObject","inLanguage":"de","@id":"https:\/\/store.myst.gr\/#\/schema\/logo\/image\/","url":"https:\/\/store.myst.gr\/wp-content\/uploads\/2024\/12\/myst-logo-str.svg","contentUrl":"https:\/\/store.myst.gr\/wp-content\/uploads\/2024\/12\/myst-logo-str.svg","width":193,"height":53,"caption":"MYST"},"image":{"@id":"https:\/\/store.myst.gr\/#\/schema\/logo\/image\/"},"sameAs":["https:\/\/www.facebook.com\/mystfood","https:\/\/www.instagram.com\/mystcompany\/"]}]}},"_links":{"self":[{"href":"https:\/\/store.myst.gr\/de\/wp-json\/wp\/v2\/pages\/5336","targetHints":{"allow":["GET"]}}],"collection":[{"href":"https:\/\/store.myst.gr\/de\/wp-json\/wp\/v2\/pages"}],"about":[{"href":"https:\/\/store.myst.gr\/de\/wp-json\/wp\/v2\/types\/page"}],"author":[{"embeddable":true,"href":"https:\/\/store.myst.gr\/de\/wp-json\/wp\/v2\/users\/3"}],"replies":[{"embeddable":true,"href":"https:\/\/store.myst.gr\/de\/wp-json\/wp\/v2\/comments?post=5336"}],"version-history":[{"count":14,"href":"https:\/\/store.myst.gr\/de\/wp-json\/wp\/v2\/pages\/5336\/revisions"}],"predecessor-version":[{"id":7060,"href":"https:\/\/store.myst.gr\/de\/wp-json\/wp\/v2\/pages\/5336\/revisions\/7060"}],"wp:attachment":[{"href":"https:\/\/store.myst.gr\/de\/wp-json\/wp\/v2\/media?parent=5336"}],"curies":[{"name":"wp","href":"https:\/\/api.w.org\/{rel}","templated":true}]}}