{"id":5301,"date":"2021-09-01T16:13:04","date_gmt":"2021-09-01T16:13:04","guid":{"rendered":"https:\/\/store.myst.gr\/?page_id=5301"},"modified":"2025-01-09T10:02:26","modified_gmt":"2025-01-09T10:02:26","slug":"payments","status":"publish","type":"page","link":"https:\/\/store.myst.gr\/de\/payments\/","title":{"rendered":"Payments"},"content":{"rendered":"<div data-elementor-type=\"wp-page\" data-elementor-id=\"5301\" class=\"elementor elementor-5301\">\n\t\t\t\t\t\t<section class=\"elementor-section elementor-top-section elementor-element elementor-element-74ead494 rey-flexWrap elementor-section-boxed elementor-section-height-default elementor-section-height-default\" data-id=\"74ead494\" data-element_type=\"section\" data-e-type=\"section\">\n\t\t\t\t\t\t<div class=\"elementor-container elementor-column-gap-default\">\n\t\t\t\t\t<div class=\"elementor-column elementor-col-100 elementor-top-column elementor-element elementor-element-72a4b562\" data-id=\"72a4b562\" data-element_type=\"column\" data-e-type=\"column\">\n\t\t\t<div class=\"elementor-column-wrap--72a4b562 elementor-widget-wrap elementor-element-populated\">\n\t\t\t\t\t\t<div class=\"elementor-element elementor-element-7fca54a5 elementor-widget elementor-widget-heading\" data-id=\"7fca54a5\" data-element_type=\"widget\" data-e-type=\"widget\" data-widget_type=\"heading.default\">\n\t\t\t\t\t<h2 class=\"elementor-heading-title elementor-size-default\">ZAHLUNGEN<\/h2>\t\t\t\t<\/div>\n\t\t\t\t<div class=\"elementor-element elementor-element-a31ce26 elementor-widget elementor-widget-text-editor\" data-id=\"a31ce26\" data-element_type=\"widget\" data-e-type=\"widget\" data-widget_type=\"text-editor.default\">\n\t\t\t\t\t\t\t\t\t<p><strong>1.1.<\/strong> Um Ihnen den bestm\u00f6glichen und umfassendsten Service zu bieten, bietet unser Unternehmen die M\u00f6glichkeit, f\u00fcr die Produkte, die Sie kaufen m\u00f6chten, zwischen verschiedenen Zahlungsmethoden zu w\u00e4hlen. In diesem Zusammenhang bieten wir Ihnen die M\u00f6glichkeit, wie nachfolgend beschrieben die Zahlungsmethode f\u00fcr die Produkte zu w\u00e4hlen, die Sie kaufen m\u00f6chten, d. h. <strong>a)<\/strong> per Kreditkarte, <strong>b)<\/strong> \u00fcber einen Drittanbieter-Online-Zahlungsdienstleister, wie zum Beispiel PayPal,<strong> c)<\/strong> per Nachnahme nur f\u00fcr Griechenland. Bitte beachten Sie, dass es nicht m\u00f6glich ist, verschiedene Zahlungsmethoden f\u00fcr eine Bestellung zu kombinieren.<\/p>\n<p><strong>1.2.<\/strong> Genauer gesagt akzeptieren wir Zahlungen per <strong>VISA, VISA Debit, MasterCard, Maestro, PayPal.<\/strong> Wir akzeptieren auch Zahlungen per Nachnahme, jedoch NUR innerhalb Griechenlands\u00a0gegen eine zus\u00e4tzliche Geb\u00fchr von <strong>3,2\u20ac<\/strong> f\u00fcr den Rest von Griechenland (inkl. MwSt.).<\/p>\n<p><em><strong>Bitte beachten Sie, dass wir f\u00fcr Ihre Eink\u00e4ufe keine Schecks als Zahlungsmittel akzeptieren.<\/strong><\/em><\/p>\n<p><strong>1.3.<\/strong> Bei Zahlung mit allen Kreditkarten und Auswahl von EURO, USD oder GBP fallen f\u00fcr den Kunden keine W\u00e4hrungsumtauschgeb\u00fchren an. Bei Auswahl aller anderen W\u00e4hrungen (einschlie\u00dflich EURO, USD oder GBP) fallen f\u00fcr den Kunden die jeweils geltenden W\u00e4hrungsumtauschgeb\u00fchren an. Achtung: Bei Auswahl der Zahlungsart Nachnahme kann die Zahlung nur in Euro erfolgen.<\/p>\n<p><strong>1.4.<\/strong> Sofern Sie eine Kreditkarte als Zahlungsmethode gew\u00e4hlt haben, wird die Transaktion von einem unserer vertrauensw\u00fcrdigen Partnerbankinstitute ausgef\u00fchrt und abgeschlossen, das alle Garantien f\u00fcr die Sicherheit elektronischer Transaktionen bietet. Genauer gesagt sind Ihre Transaktionen in unserem elektronischen Shop durch ein maximales Online-Sicherheitssystem gesch\u00fctzt. <strong>(SSL-128 Bit und digitale Zertifizierung durch Viva Wallet Inc.)<\/strong> da sie, wie von unserem Partnerbankinstitut feierlich erkl\u00e4rt, dem PCI\/PSS-Protokoll unterliegen, das f\u00fcr viele gro\u00dfe Unternehmen weltweit eine sichere Transaktionsumgebung garantiert. Die Erfassung und Verarbeitung der Zahlungsinformationen, die Sie uns \u00fcbermitteln, erfolgt ausschlie\u00dflich durch die Partnerbankinstitute, die allein f\u00fcr deren Verarbeitung zur Abwicklung der Zahlung verantwortlich sind.<\/p>\n<p><strong>1.5.<\/strong> Wenn Sie sich f\u00fcr die Zahlung per Kreditkarte entscheiden, wird Ihnen empfohlen, bei der Entgegennahme Ihrer Bestellung anwesend zu sein und Ihre Kreditkarte oder Ihren Ausweis mitzubringen. Wenn die Bestellung unter den Angaben und im Namen eines Unternehmens aufgegeben wird, m\u00fcssen Sie eine Firmenkreditkarte verwenden. Das hei\u00dft, sie muss auf den Namen des entsprechenden Unternehmens ausgestellt sein. Au\u00dferdem wird empfohlen, dass der autorisierte Inhaber der Kreditkarte bei der Lieferung mit seiner Kreditkarte und seinem Ausweis anwesend ist. Wenn in jedem Fall eine Person, die angibt, Sie zu vertreten und in Ihrem Namen mit Ihrer m\u00fcndlichen Genehmigung zu handeln, an der Lieferadresse erscheint, die Sie dem H\u00e4ndler angegeben haben, dann geht der H\u00e4ndler vern\u00fcnftigerweise davon aus, dass diese Person in dieser Eigenschaft handelt.<\/p>\n<p><strong>1.6.<\/strong> Bei Zahlung \u00fcber PayPal stimmen Sie zu und akzeptieren, dass Sie den Gesch\u00e4ftsbedingungen des besagten Online-Zahlungsdienstleisters unterliegen, vorausgesetzt, dass Sie bei Ihrer Registrierung als Mitglied einen Vertrag mit ihm geschlossen haben. Unser Unternehmen ist nicht f\u00fcr die Richtlinien und Abl\u00e4ufe von PayPal verantwortlich. Falls Ihnen Geld \u00fcber einen Drittanbieter von Zahlungsdiensten (wie PayPal oder Kreditkarten) zur\u00fcckerstattet wird, k\u00f6nnen Ihnen die vom jeweiligen Drittanbieter gem\u00e4\u00df dessen Nutzungs- und Gesch\u00e4ftsbedingungen erhobenen Provisionen in Rechnung gestellt werden, f\u00fcr die unser Unternehmen keine Verantwortung tr\u00e4gt.<\/p>\n<p><strong>1.7.<\/strong> Bitte beachten Sie, dass die Zahlung bei Erhalt Ihrer Bestellung bei Ihnen vor Ort \u2013 NACHNAHME \u2013 nur innerhalb <strong>Griechenland.<\/strong>Sie bezahlen direkt bei unserem Mitarbeiter in bar und in Euro bei der Lieferung Ihrer Bestellung an Ihren Standort, nachdem Sie das erhaltene Produkt \u00fcberpr\u00fcft haben. Die Zahlung per Nachnahme ist nicht f\u00fcr mehrere Lieferungen m\u00f6glich.<\/p>\n<p><strong>1.8.<\/strong> Gem\u00e4\u00df den geltenden Steuerbestimmungen d\u00fcrfen Quittungen \u00fcber 500 \u20ac, die an Privatpersonen (Einzelhandelsquittungen) und an Gewerbetreibende\/Unternehmen (Verkaufsrechnungen) ausgestellt wurden, NUR auf die folgenden Arten beglichen werden:<\/p>\n<ul>\n<li>Belastung der Kredit- oder Debitkarte<\/li>\n<li>Zahlung per PayPal<\/li><li>Bankeinzahlung<\/li>\n<\/ul>\n<div>Wenn Sie weitere Informationen ben\u00f6tigen, senden Sie uns bitte so bald wie m\u00f6glich eine E-Mail an <strong><span style=\"text-decoration: underline;\"><em><a href=\"mailto:support@myst.gr\">support@myst.gr<\/a><\/em><\/span>.<\/strong><\/div>\t\t\t\t\t\t\t\t<\/div>\n\t\t\t\t\t<\/div>\n\t\t<\/div>\n\t\t\t\t\t<\/div>\n\t\t<\/section>\n\t\t\t\t<\/div>","protected":false},"excerpt":{"rendered":"<p>\u03a0\u039b\u0397\u03a1\u03a9\u039c\u0395\u03a3 1.1. \u0393\u03b9\u03b1 \u03bd\u03b1 \u03c3\u03b1\u03c2 \u03b5\u03be\u03c5\u03c0\u03b7\u03c1\u03b5\u03c4\u03ae\u03c3\u03bf\u03c5\u03bc\u03b5 \u03bc\u03b5 \u03c4\u03bf\u03bd \u03ba\u03b1\u03bb\u03cd\u03c4\u03b5\u03c1\u03bf \u03ba\u03b1\u03b9 \u03c0\u03bb\u03ad\u03bf\u03bd \u03c3\u03c5\u03bd\u03b5\u03c0\u03ae \u03c4\u03c1\u03cc\u03c0\u03bf, \u03b7 \u03b5\u03c4\u03b1\u03b9\u03c1\u03b5\u03af\u03b1 \u03bc\u03b1\u03c2 \u03c0\u03c1\u03bf\u03c3\u03c6\u03ad\u03c1\u03b5\u03b9 \u03bc\u03b9\u03b1 \u03b5\u03c0\u03b9\u03bb\u03bf\u03b3\u03ae \u03bc\u03b5\u03b8\u03cc\u03b4\u03c9\u03bd \u03c0\u03bb\u03b7\u03c1\u03c9\u03bc\u03ae\u03c2 \u03b3\u03b9\u03b1 \u03c4\u03b1 \u03c0\u03c1\u03bf\u03ca\u03cc\u03bd\u03c4\u03b1 \u03c0\u03bf\u03c5 \u03c3\u03b1\u03c2 \u03b5\u03bd\u03b4\u03b9\u03b1\u03c6\u03ad\u03c1\u03bf\u03c5\u03bd \u03bd\u03b1 \u03b1\u03b3\u03bf\u03c1\u03ac\u03c3\u03b5\u03c4\u03b5. \u03a3\u03b5 \u03b1\u03c5\u03c4\u03cc \u03c4\u03bf \u03c0\u03bb\u03b1\u03af\u03c3\u03b9\u03bf, \u03c3\u03b1\u03c2 \u03c0\u03b1\u03c1\u03ad\u03c7\u03bf\u03c5\u03bc\u03b5 \u03c4\u03b7 \u03b4\u03c5\u03bd\u03b1\u03c4\u03cc\u03c4\u03b7\u03c4\u03b1 \u03bd\u03b1 \u03b5\u03c0\u03b9\u03bb\u03ad\u03be\u03b5\u03c4\u03b5, \u03cc\u03c0\u03c9\u03c2 \u03c0\u03b5\u03c1\u03b9\u03b3\u03c1\u03ac\u03c6\u03b5\u03c4\u03b1\u03b9 \u03c0\u03b1\u03c1\u03b1\u03ba\u03ac\u03c4\u03c9, \u03c4\u03b7 \u03bc\u03ad\u03b8\u03bf\u03b4\u03bf \u03c0\u03bb\u03b7\u03c1\u03c9\u03bc\u03ae\u03c2 \u03b3\u03b9\u03b1 \u03c4\u03b1 \u03c0\u03c1\u03bf\u03ca\u03cc\u03bd\u03c4\u03b1 \u03c0\u03bf\u03c5 \u03c3\u03b1\u03c2 \u03b5\u03bd\u03b4\u03b9\u03b1\u03c6\u03ad\u03c1\u03bf\u03c5\u03bd \u03bd\u03b1 \u03b1\u03b3\u03bf\u03c1\u03ac\u03c3\u03b5\u03c4\u03b5, \u03b4\u03b7\u03bb\u03b1\u03b4\u03ae: \u03b1) [&hellip;]<\/p>\n","protected":false},"author":3,"featured_media":0,"parent":0,"menu_order":0,"comment_status":"closed","ping_status":"closed","template":"template-builder.php","meta":{"_acf_changed":false,"inline_featured_image":false,"footnotes":""},"class_list":["post-5301","page","type-page","status-publish","hentry"],"acf":[],"yoast_head":"<!-- This site is optimized with the Yoast SEO plugin v27.4 - https:\/\/yoast.com\/product\/yoast-seo-wordpress\/ -->\n<title>Payments - MYST<\/title>\n<meta name=\"robots\" content=\"index, follow, max-snippet:-1, max-image-preview:large, max-video-preview:-1\" \/>\n<link rel=\"canonical\" href=\"https:\/\/store.myst.gr\/de\/payments\/\" \/>\n<meta property=\"og:locale\" content=\"de_DE\" \/>\n<meta property=\"og:type\" content=\"article\" \/>\n<meta property=\"og:title\" content=\"Payments - MYST\" \/>\n<meta property=\"og:description\" content=\"\u03a0\u039b\u0397\u03a1\u03a9\u039c\u0395\u03a3 1.1. \u0393\u03b9\u03b1 \u03bd\u03b1 \u03c3\u03b1\u03c2 \u03b5\u03be\u03c5\u03c0\u03b7\u03c1\u03b5\u03c4\u03ae\u03c3\u03bf\u03c5\u03bc\u03b5 \u03bc\u03b5 \u03c4\u03bf\u03bd \u03ba\u03b1\u03bb\u03cd\u03c4\u03b5\u03c1\u03bf \u03ba\u03b1\u03b9 \u03c0\u03bb\u03ad\u03bf\u03bd \u03c3\u03c5\u03bd\u03b5\u03c0\u03ae \u03c4\u03c1\u03cc\u03c0\u03bf, \u03b7 \u03b5\u03c4\u03b1\u03b9\u03c1\u03b5\u03af\u03b1 \u03bc\u03b1\u03c2 \u03c0\u03c1\u03bf\u03c3\u03c6\u03ad\u03c1\u03b5\u03b9 \u03bc\u03b9\u03b1 \u03b5\u03c0\u03b9\u03bb\u03bf\u03b3\u03ae \u03bc\u03b5\u03b8\u03cc\u03b4\u03c9\u03bd \u03c0\u03bb\u03b7\u03c1\u03c9\u03bc\u03ae\u03c2 \u03b3\u03b9\u03b1 \u03c4\u03b1 \u03c0\u03c1\u03bf\u03ca\u03cc\u03bd\u03c4\u03b1 \u03c0\u03bf\u03c5 \u03c3\u03b1\u03c2 \u03b5\u03bd\u03b4\u03b9\u03b1\u03c6\u03ad\u03c1\u03bf\u03c5\u03bd \u03bd\u03b1 \u03b1\u03b3\u03bf\u03c1\u03ac\u03c3\u03b5\u03c4\u03b5. \u03a3\u03b5 \u03b1\u03c5\u03c4\u03cc \u03c4\u03bf \u03c0\u03bb\u03b1\u03af\u03c3\u03b9\u03bf, \u03c3\u03b1\u03c2 \u03c0\u03b1\u03c1\u03ad\u03c7\u03bf\u03c5\u03bc\u03b5 \u03c4\u03b7 \u03b4\u03c5\u03bd\u03b1\u03c4\u03cc\u03c4\u03b7\u03c4\u03b1 \u03bd\u03b1 \u03b5\u03c0\u03b9\u03bb\u03ad\u03be\u03b5\u03c4\u03b5, \u03cc\u03c0\u03c9\u03c2 \u03c0\u03b5\u03c1\u03b9\u03b3\u03c1\u03ac\u03c6\u03b5\u03c4\u03b1\u03b9 \u03c0\u03b1\u03c1\u03b1\u03ba\u03ac\u03c4\u03c9, \u03c4\u03b7 \u03bc\u03ad\u03b8\u03bf\u03b4\u03bf \u03c0\u03bb\u03b7\u03c1\u03c9\u03bc\u03ae\u03c2 \u03b3\u03b9\u03b1 \u03c4\u03b1 \u03c0\u03c1\u03bf\u03ca\u03cc\u03bd\u03c4\u03b1 \u03c0\u03bf\u03c5 \u03c3\u03b1\u03c2 \u03b5\u03bd\u03b4\u03b9\u03b1\u03c6\u03ad\u03c1\u03bf\u03c5\u03bd \u03bd\u03b1 \u03b1\u03b3\u03bf\u03c1\u03ac\u03c3\u03b5\u03c4\u03b5, \u03b4\u03b7\u03bb\u03b1\u03b4\u03ae: \u03b1) [&hellip;]\" \/>\n<meta property=\"og:url\" content=\"https:\/\/store.myst.gr\/de\/payments\/\" \/>\n<meta property=\"og:site_name\" content=\"MYST\" \/>\n<meta property=\"article:publisher\" content=\"https:\/\/www.facebook.com\/mystfood\" \/>\n<meta property=\"article:modified_time\" content=\"2025-01-09T10:02:26+00:00\" \/>\n<meta name=\"twitter:card\" content=\"summary_large_image\" \/>\n<script type=\"application\/ld+json\" class=\"yoast-schema-graph\">{\"@context\":\"https:\\\/\\\/schema.org\",\"@graph\":[{\"@type\":\"WebPage\",\"@id\":\"https:\\\/\\\/store.myst.gr\\\/payments\\\/\",\"url\":\"https:\\\/\\\/store.myst.gr\\\/payments\\\/\",\"name\":\"Payments - MYST\",\"isPartOf\":{\"@id\":\"https:\\\/\\\/store.myst.gr\\\/#website\"},\"datePublished\":\"2021-09-01T16:13:04+00:00\",\"dateModified\":\"2025-01-09T10:02:26+00:00\",\"breadcrumb\":{\"@id\":\"https:\\\/\\\/store.myst.gr\\\/payments\\\/#breadcrumb\"},\"inLanguage\":\"de\",\"potentialAction\":[{\"@type\":\"ReadAction\",\"target\":[\"https:\\\/\\\/store.myst.gr\\\/payments\\\/\"]}]},{\"@type\":\"BreadcrumbList\",\"@id\":\"https:\\\/\\\/store.myst.gr\\\/payments\\\/#breadcrumb\",\"itemListElement\":[{\"@type\":\"ListItem\",\"position\":1,\"name\":\"Home\",\"item\":\"https:\\\/\\\/store.myst.gr\\\/\"},{\"@type\":\"ListItem\",\"position\":2,\"name\":\"Payments\"}]},{\"@type\":\"WebSite\",\"@id\":\"https:\\\/\\\/store.myst.gr\\\/#website\",\"url\":\"https:\\\/\\\/store.myst.gr\\\/\",\"name\":\"Myst\",\"description\":\"\u0391\u03bd\u03b1\u03ba\u03b1\u03bb\u03cd\u03c8\u03c4\u03b5 \u03c4\u03b9\u03c2 \u03b3\u03b5\u03cd\u03c3\u03b5\u03b9\u03c2 \u03c4\u03b7\u03c2 \u0395\u03bb\u03bb\u03ac\u03b4\u03b1\u03c2\",\"publisher\":{\"@id\":\"https:\\\/\\\/store.myst.gr\\\/#organization\"},\"potentialAction\":[{\"@type\":\"SearchAction\",\"target\":{\"@type\":\"EntryPoint\",\"urlTemplate\":\"https:\\\/\\\/store.myst.gr\\\/?s={search_term_string}\"},\"query-input\":{\"@type\":\"PropertyValueSpecification\",\"valueRequired\":true,\"valueName\":\"search_term_string\"}}],\"inLanguage\":\"de\"},{\"@type\":\"Organization\",\"@id\":\"https:\\\/\\\/store.myst.gr\\\/#organization\",\"name\":\"MYST\",\"url\":\"https:\\\/\\\/store.myst.gr\\\/\",\"logo\":{\"@type\":\"ImageObject\",\"inLanguage\":\"de\",\"@id\":\"https:\\\/\\\/store.myst.gr\\\/#\\\/schema\\\/logo\\\/image\\\/\",\"url\":\"https:\\\/\\\/store.myst.gr\\\/wp-content\\\/uploads\\\/2024\\\/12\\\/myst-logo-str.svg\",\"contentUrl\":\"https:\\\/\\\/store.myst.gr\\\/wp-content\\\/uploads\\\/2024\\\/12\\\/myst-logo-str.svg\",\"width\":193,\"height\":53,\"caption\":\"MYST\"},\"image\":{\"@id\":\"https:\\\/\\\/store.myst.gr\\\/#\\\/schema\\\/logo\\\/image\\\/\"},\"sameAs\":[\"https:\\\/\\\/www.facebook.com\\\/mystfood\",\"https:\\\/\\\/www.instagram.com\\\/mystcompany\\\/\"]}]}<\/script>\n<!-- \/ Yoast SEO plugin. -->","yoast_head_json":{"title":"Payments - MYST","robots":{"index":"index","follow":"follow","max-snippet":"max-snippet:-1","max-image-preview":"max-image-preview:large","max-video-preview":"max-video-preview:-1"},"canonical":"https:\/\/store.myst.gr\/de\/payments\/","og_locale":"de_DE","og_type":"article","og_title":"Payments - MYST","og_description":"\u03a0\u039b\u0397\u03a1\u03a9\u039c\u0395\u03a3 1.1. \u0393\u03b9\u03b1 \u03bd\u03b1 \u03c3\u03b1\u03c2 \u03b5\u03be\u03c5\u03c0\u03b7\u03c1\u03b5\u03c4\u03ae\u03c3\u03bf\u03c5\u03bc\u03b5 \u03bc\u03b5 \u03c4\u03bf\u03bd \u03ba\u03b1\u03bb\u03cd\u03c4\u03b5\u03c1\u03bf \u03ba\u03b1\u03b9 \u03c0\u03bb\u03ad\u03bf\u03bd \u03c3\u03c5\u03bd\u03b5\u03c0\u03ae \u03c4\u03c1\u03cc\u03c0\u03bf, \u03b7 \u03b5\u03c4\u03b1\u03b9\u03c1\u03b5\u03af\u03b1 \u03bc\u03b1\u03c2 \u03c0\u03c1\u03bf\u03c3\u03c6\u03ad\u03c1\u03b5\u03b9 \u03bc\u03b9\u03b1 \u03b5\u03c0\u03b9\u03bb\u03bf\u03b3\u03ae \u03bc\u03b5\u03b8\u03cc\u03b4\u03c9\u03bd \u03c0\u03bb\u03b7\u03c1\u03c9\u03bc\u03ae\u03c2 \u03b3\u03b9\u03b1 \u03c4\u03b1 \u03c0\u03c1\u03bf\u03ca\u03cc\u03bd\u03c4\u03b1 \u03c0\u03bf\u03c5 \u03c3\u03b1\u03c2 \u03b5\u03bd\u03b4\u03b9\u03b1\u03c6\u03ad\u03c1\u03bf\u03c5\u03bd \u03bd\u03b1 \u03b1\u03b3\u03bf\u03c1\u03ac\u03c3\u03b5\u03c4\u03b5. \u03a3\u03b5 \u03b1\u03c5\u03c4\u03cc \u03c4\u03bf \u03c0\u03bb\u03b1\u03af\u03c3\u03b9\u03bf, \u03c3\u03b1\u03c2 \u03c0\u03b1\u03c1\u03ad\u03c7\u03bf\u03c5\u03bc\u03b5 \u03c4\u03b7 \u03b4\u03c5\u03bd\u03b1\u03c4\u03cc\u03c4\u03b7\u03c4\u03b1 \u03bd\u03b1 \u03b5\u03c0\u03b9\u03bb\u03ad\u03be\u03b5\u03c4\u03b5, \u03cc\u03c0\u03c9\u03c2 \u03c0\u03b5\u03c1\u03b9\u03b3\u03c1\u03ac\u03c6\u03b5\u03c4\u03b1\u03b9 \u03c0\u03b1\u03c1\u03b1\u03ba\u03ac\u03c4\u03c9, \u03c4\u03b7 \u03bc\u03ad\u03b8\u03bf\u03b4\u03bf \u03c0\u03bb\u03b7\u03c1\u03c9\u03bc\u03ae\u03c2 \u03b3\u03b9\u03b1 \u03c4\u03b1 \u03c0\u03c1\u03bf\u03ca\u03cc\u03bd\u03c4\u03b1 \u03c0\u03bf\u03c5 \u03c3\u03b1\u03c2 \u03b5\u03bd\u03b4\u03b9\u03b1\u03c6\u03ad\u03c1\u03bf\u03c5\u03bd \u03bd\u03b1 \u03b1\u03b3\u03bf\u03c1\u03ac\u03c3\u03b5\u03c4\u03b5, \u03b4\u03b7\u03bb\u03b1\u03b4\u03ae: \u03b1) [&hellip;]","og_url":"https:\/\/store.myst.gr\/de\/payments\/","og_site_name":"MYST","article_publisher":"https:\/\/www.facebook.com\/mystfood","article_modified_time":"2025-01-09T10:02:26+00:00","twitter_card":"summary_large_image","schema":{"@context":"https:\/\/schema.org","@graph":[{"@type":"WebPage","@id":"https:\/\/store.myst.gr\/payments\/","url":"https:\/\/store.myst.gr\/payments\/","name":"Payments - MYST","isPartOf":{"@id":"https:\/\/store.myst.gr\/#website"},"datePublished":"2021-09-01T16:13:04+00:00","dateModified":"2025-01-09T10:02:26+00:00","breadcrumb":{"@id":"https:\/\/store.myst.gr\/payments\/#breadcrumb"},"inLanguage":"de","potentialAction":[{"@type":"ReadAction","target":["https:\/\/store.myst.gr\/payments\/"]}]},{"@type":"BreadcrumbList","@id":"https:\/\/store.myst.gr\/payments\/#breadcrumb","itemListElement":[{"@type":"ListItem","position":1,"name":"Home","item":"https:\/\/store.myst.gr\/"},{"@type":"ListItem","position":2,"name":"Payments"}]},{"@type":"WebSite","@id":"https:\/\/store.myst.gr\/#website","url":"https:\/\/store.myst.gr\/","name":"Myst","description":"\u0391\u03bd\u03b1\u03ba\u03b1\u03bb\u03cd\u03c8\u03c4\u03b5 \u03c4\u03b9\u03c2 \u03b3\u03b5\u03cd\u03c3\u03b5\u03b9\u03c2 \u03c4\u03b7\u03c2 \u0395\u03bb\u03bb\u03ac\u03b4\u03b1\u03c2","publisher":{"@id":"https:\/\/store.myst.gr\/#organization"},"potentialAction":[{"@type":"SearchAction","target":{"@type":"EntryPoint","urlTemplate":"https:\/\/store.myst.gr\/?s={search_term_string}"},"query-input":{"@type":"PropertyValueSpecification","valueRequired":true,"valueName":"search_term_string"}}],"inLanguage":"de"},{"@type":"Organization","@id":"https:\/\/store.myst.gr\/#organization","name":"MYST","url":"https:\/\/store.myst.gr\/","logo":{"@type":"ImageObject","inLanguage":"de","@id":"https:\/\/store.myst.gr\/#\/schema\/logo\/image\/","url":"https:\/\/store.myst.gr\/wp-content\/uploads\/2024\/12\/myst-logo-str.svg","contentUrl":"https:\/\/store.myst.gr\/wp-content\/uploads\/2024\/12\/myst-logo-str.svg","width":193,"height":53,"caption":"MYST"},"image":{"@id":"https:\/\/store.myst.gr\/#\/schema\/logo\/image\/"},"sameAs":["https:\/\/www.facebook.com\/mystfood","https:\/\/www.instagram.com\/mystcompany\/"]}]}},"_links":{"self":[{"href":"https:\/\/store.myst.gr\/de\/wp-json\/wp\/v2\/pages\/5301","targetHints":{"allow":["GET"]}}],"collection":[{"href":"https:\/\/store.myst.gr\/de\/wp-json\/wp\/v2\/pages"}],"about":[{"href":"https:\/\/store.myst.gr\/de\/wp-json\/wp\/v2\/types\/page"}],"author":[{"embeddable":true,"href":"https:\/\/store.myst.gr\/de\/wp-json\/wp\/v2\/users\/3"}],"replies":[{"embeddable":true,"href":"https:\/\/store.myst.gr\/de\/wp-json\/wp\/v2\/comments?post=5301"}],"version-history":[{"count":29,"href":"https:\/\/store.myst.gr\/de\/wp-json\/wp\/v2\/pages\/5301\/revisions"}],"predecessor-version":[{"id":10464,"href":"https:\/\/store.myst.gr\/de\/wp-json\/wp\/v2\/pages\/5301\/revisions\/10464"}],"wp:attachment":[{"href":"https:\/\/store.myst.gr\/de\/wp-json\/wp\/v2\/media?parent=5301"}],"curies":[{"name":"wp","href":"https:\/\/api.w.org\/{rel}","templated":true}]}}